{"id":1055,"date":"2019-12-27T12:15:44","date_gmt":"2019-12-27T11:15:44","guid":{"rendered":"https:\/\/www.allersretoursasso.fr\/?page_id=1055"},"modified":"2019-12-27T12:16:40","modified_gmt":"2019-12-27T11:16:40","slug":"focus-selection-2020","status":"publish","type":"page","link":"https:\/\/www.allersretoursasso.fr\/zh\/focus-selection-2020\/","title":{"rendered":"Focus sur la s\u00e9lection 2020"},"content":{"rendered":"<div id=\"fb-root\"><\/div>\n<h3>La famille et ses al\u00e9as<\/h3>\n<p>La famille, ses conflits et les d\u00e9fis auxquels elle doit faire face, semblent \u00eatre une source d\u2019inspiration majeure pour les cin\u00e9astes cette ann\u00e9e. Dans <b><i>Spring Tide<\/i><\/b>, YANG Lina fait la chronique d\u2019une famille mutil\u00e9e, dont il ne reste qu\u2019un trio de femmes &#8211; grand-m\u00e8re, m\u00e8re et fille &#8211; et constate l\u2019impossible communication entre g\u00e9n\u00e9rations. Dans <b><i>A Dog Barking at the Moon<\/i><\/b> au contraire, la famille est compl\u00e8te et en apparence heureuse, mais elle se r\u00e9v\u00e8le \u00eatre le th\u00e9\u00e2tre de conflits insolubles entre mari et femme, m\u00e8re et fille. Enfin, <b><i>Together Apart<\/i><\/b> aborde avec beaucoup de tact et une r\u00e9alisation tr\u00e8s esth\u00e9tique l\u2019\u00e9v\u00e9nement le plus redout\u00e9 dans une famille, mais paradoxalement aussi celui autour duquel elle semble pouvoir se ressouder et gu\u00e9rir de ses blessures : le deuil.<\/p>\n<p>La question de la famille se pose encore au sein des minorit\u00e9s ethniques avec ses probl\u00e9matiques propres. <b><i>Balloon<\/i><\/b> est une r\u00e9flexion subtile sur la spiritualit\u00e9 et les traditions tib\u00e9taines. Ce film, r\u00e9alis\u00e9 par Pema Tseden, r\u00e9alisateur tib\u00e9tain contemporain majeur, questionne la mani\u00e8re dont elles peuvent entrer en conflit avec la vie moderne de tous les jours. <b><i>A First Farewell<\/i><\/b> \u00e9voque avec beaucoup de subtilit\u00e9 et de po\u00e9sie, mais sans id\u00e9alisation, la r\u00e9alit\u00e9 de la vie et les difficult\u00e9s auxquelles doivent faire face Isa et Kalbinur, deux enfants Ou\u00efghours.<\/p>\n<h3>Documentaire : live stream et utopie<\/h3>\n<p>C\u00f4t\u00e9 documentaire, <b><i>Present. Perfect.<\/i><\/b> enregistre et explore un m\u00e9dia nouveau et par d\u00e9finition \u00e9ph\u00e9m\u00e8re, le <i>live streaming<\/i>, et ceux qui y cherchent l\u2019attention qu\u2019ils ne trouvent plus dans le monde r\u00e9el. <b><i>\u300a\u4e16\u5916\u6843\u6e90\u300b<\/i><\/b> observe de l\u2019int\u00e9rieur la d\u00e9cadence d\u2019une utopie autoritaire dans un restaurant situ\u00e9 au sommet d\u2019un gratte-ciel dans la ville de Chengdu. <b><i>A Personal FIlm About my Past 22 Years<\/i><\/b> continue dans la voie dessin\u00e9e par notre s\u00e9lection de l\u2019ann\u00e9e derni\u00e8re, celle de \u201cl\u2019autodocumentaire\u201d. L\u2019auteur y dresse un premier bilan de sa vie avec beaucoup d\u2019inventivit\u00e9 et de libert\u00e9.<\/p>\n<h3>La jeunesse p\u00e9kinoise par elle-m\u00eame<\/h3>\n<p>Pour le reste de la s\u00e9lection de cette ann\u00e9e, le court-m\u00e9trage <b><i>What Do You Know About the Water and the Moon? <\/i><\/b>adopte le genre fantastique afin de parler du sujet douloureux de l\u2019avortement, tandis que <b><i>Mosaic Portrait<\/i><\/b> interroge ce que nous pensons savoir de la r\u00e9alit\u00e9 dans une myst\u00e9rieuse affaire de viol. Enfin, nous faisons une place sp\u00e9ciale cette ann\u00e9e \u00e0<b><i> \u300a\u9c7c\u4e50\u56ed\u300b<\/i><\/b>, une com\u00e9die amateur d\u2019une grande qualit\u00e9 d\u2019\u00e9criture et d\u2019interpr\u00e9tation offrant une vision de la jeunesse p\u00e9kinoise d\u00e9sabus\u00e9e.<\/p>\n<h3>Animation : entre tradition et exp\u00e9rimentation<\/h3>\n<p>Les amateurs de cin\u00e9ma d\u2019animation ne sont pas en reste cette ann\u00e9e. <b><i>The Six<\/i><\/b> combine l\u2019utilisation de dessins anciens et une structure r\u00e9p\u00e9titive, presque hypnotique, qui joue sur des variations infimes autour d\u2019une m\u00eame s\u00e9quence pour cr\u00e9er un myst\u00e8re, tandis que <b><i>Umbilical<\/i><\/b> recueille une conversation intime entre m\u00e8re et fille sur la difficult\u00e9 d\u2019\u00eatre une femme, illustr\u00e9e par une imagerie surr\u00e9aliste tour \u00e0 tour surprenante et inqui\u00e9tante. <b><i>Bridge<\/i><\/b> recr\u00e9e l\u2019atmosph\u00e8re des films de <i>wuxia <\/i>ou de sabre japonais avec des marionnettes anim\u00e9es en stop-motion qui rappellent l\u2019\u0153uvre de Kawamoto Kihachiro. \u00c0 mi-chemin entre le documentaire et l\u2019animation exp\u00e9rimentale, <b><i>\u300a\u52a8\u7269\u65b9\u8a00\u300b<\/i><\/b> est un montage original de photographies et de films d\u2019archives, que le r\u00e9alisateur utilise comme support afin de narrer le pass\u00e9 de sa famille et illustrer ses liens avec l\u2019histoire de la Chine.<\/p>\n<h3>Premi\u00e8re de Lou Ye en ouverture !<\/h3>\n<p>Enfin, pour notre s\u00e9ance d\u2019ouverture, nous revenons vers la 6e g\u00e9n\u00e9ration de cin\u00e9astes, \u00e0 laquelle les jeunes auteurs d\u2019aujourd\u2019hui doivent beaucoup, avec <b><i>\u300a\u5170\u5fc3\u5927\u5267\u9662\u300b <\/i><\/b>de LOU Ye, un grand film d\u2019espionnage dans le Shanghai de 1941 avec un casting international : GONG Li, Joe Odagiri, Mark Chao et Pascal Greggory !<\/p>","protected":false},"excerpt":{"rendered":"<p>La famille et ses al\u00e9as La famille, ses conflits et les d\u00e9fis auxquels elle doit faire face, semblent \u00eatre une source d\u2019inspiration majeure pour les cin\u00e9astes cette ann\u00e9e. Dans Spring Tide, YANG Lina fait la chronique d\u2019une famille mutil\u00e9e, dont il ne reste qu\u2019un trio de femmes &#8211; grand-m\u00e8re, m\u00e8re et fille &#8211; et constate &hellip; <\/p>\n<p class=\"link-more\"><a href=\"https:\/\/www.allersretoursasso.fr\/zh\/focus-selection-2020\/\" class=\"more-link\">\u7ee7\u7eed\u9605\u8bfb<span class=\"screen-reader-text\">\u201cFocus sur la s\u00e9lection 2020\u201d<\/span><\/a><\/p>","protected":false},"author":1,"featured_media":958,"parent":0,"menu_order":0,"comment_status":"closed","ping_status":"closed","template":"","meta":{"footnotes":""},"_links":{"self":[{"href":"https:\/\/www.allersretoursasso.fr\/zh\/wp-json\/wp\/v2\/pages\/1055"}],"collection":[{"href":"https:\/\/www.allersretoursasso.fr\/zh\/wp-json\/wp\/v2\/pages"}],"about":[{"href":"https:\/\/www.allersretoursasso.fr\/zh\/wp-json\/wp\/v2\/types\/page"}],"author":[{"embeddable":true,"href":"https:\/\/www.allersretoursasso.fr\/zh\/wp-json\/wp\/v2\/users\/1"}],"replies":[{"embeddable":true,"href":"https:\/\/www.allersretoursasso.fr\/zh\/wp-json\/wp\/v2\/comments?post=1055"}],"version-history":[{"count":2,"href":"https:\/\/www.allersretoursasso.fr\/zh\/wp-json\/wp\/v2\/pages\/1055\/revisions"}],"predecessor-version":[{"id":1058,"href":"https:\/\/www.allersretoursasso.fr\/zh\/wp-json\/wp\/v2\/pages\/1055\/revisions\/1058"}],"wp:featuredmedia":[{"embeddable":true,"href":"https:\/\/www.allersretoursasso.fr\/zh\/wp-json\/wp\/v2\/media\/958"}],"wp:attachment":[{"href":"https:\/\/www.allersretoursasso.fr\/zh\/wp-json\/wp\/v2\/media?parent=1055"}],"curies":[{"name":"wp","href":"https:\/\/api.w.org\/{rel}","templated":true}]}}