{"id":113,"date":"2017-12-26T00:58:19","date_gmt":"2017-12-25T23:58:19","guid":{"rendered":"http:\/\/www.allersretoursasso.fr\/?page_id=113"},"modified":"2017-12-28T00:01:48","modified_gmt":"2017-12-27T23:01:48","slug":"free-and-easy-geng-jun","status":"publish","type":"page","link":"https:\/\/www.allersretoursasso.fr\/zh\/free-and-easy-geng-jun\/","title":{"rendered":"<h1 style=\"font-size: 200% ;\"><i>Free and easy<\/i> \u8f7b\u677e+\u6109\u5feb<\/h1><p style=\"font-size: 100% ;\"> GENG Jun \u803f\u519b<br><p style=\"font-size: 70% ;\"> 2017 \/ 97min \/ \u666e\u901a\u8bdd \/ \u5b57\u5e55\u6cd5\u8bed<\/p>"},"content":{"rendered":"<div id=\"fb-root\"><\/div>\n<p style=\"text-align: justify;\"><i>\u63d0\u540d\u7b2c33\u5c4a\u5723\u4e39\u65af\u7535\u5f71\u8282\u8bc4\u5ba1\u56e2\u5927\u5956<\/i><\/p>\n<p style=\"text-align: justify;\">\u4e00\u4e2a\u9999\u7682\u63a8\u9500\u5458\uff0c\u4e00\u4e2a\u548c\u5c1a\uff0c\u4e00\u4e2a\u627e\u5988\u5988\u7684\u57fa\u7763\u5f92\uff0c\u4e24\u4e2a\u95f2\u6563\u7684\u8b66\u5bdf\uff0c\u6293\u5077\u6811\u8d3c\u7684\u62a4\u6797\u5458\uff1a\u6bcf\u4e2a\u4eba\u90fd\u6709\u81ea\u5df1\u7684\u79d8\u5bc6\u3002\u4ed6\u4eec\u5c06\u5728\u8fd9\u5ea7\u5317\u65b9\u5de5\u4e1a\u5c0f\u57ce\u7834\u8d25\u7684\u8857\u4e0a\u76f8\u9047\uff0c\u5728\u65e0\u610f\u4e49\u7684\u8ffd\u5bfb\u4e2d\u5750\u4ee5\u5f85\u6bd9\u3002<\/p>\n<p>&nbsp;<\/p>\n<pre style=\"text-align: center;\">S\u00e9ance vendredi 19\/01\/2018 \u00e0 22 h\r\n<a href=\"https:\/\/www.billetweb.fr\/festival-du-cinema-dauteur-chinois\">Pr\u00e9-vente en ligne<\/a><\/pre>\n<p><iframe loading=\"lazy\" width=\"525\" height=\"295\" src=\"https:\/\/www.youtube.com\/embed\/OMsSQRMa1zI?feature=oembed\" frameborder=\"0\" gesture=\"media\" allow=\"encrypted-media\" allowfullscreen><\/iframe><\/p>\n<p>&nbsp;<\/p>\n<h5><\/h5>\n<h5 style=\"font-size: 80%;\">Les autres films du festival :<\/h5>\n<ul style=\"font-size: 80%;\">\n<li><a href=\"http:\/\/www.allersretoursasso.fr\/zh\/angels-wear-white-\u5609\u5e74\u534e\/\"><i>Angels Wear White<\/i><\/a> de Vivian QU<\/li>\n<li><i><a href=\"http:\/\/www.allersretoursasso.fr\/zh\/ce-qui-nous-eloigne-\u4eba\u751f\u82e5\u53ea\u5982\u521d\u89c1-de-hu-wei\/\">Ce qui nous \u00e9loigne<\/a><\/i> et 2 autres courts-m\u00e9trages de HU Wei<\/li>\n<li><i><a href=\"http:\/\/www.allersretoursasso.fr\/zh\/paths-soul-zhang-yang\/\">Paths of the Soul<\/a><\/i> de ZHANG Yang<\/li>\n<li><i><a href=\"http:\/\/www.allersretoursasso.fr\/zh\/hooly-bible-de-li-hongqi\/\">Hooly Bible II<\/a><\/i> de LI Hongqi<\/li>\n<li><i><a href=\"http:\/\/www.allersretoursasso.fr\/zh\/still-tomorrow-de-fan-jian\/\">Still Tomorrow<\/a><\/i> \u8303\u4fed<\/li>\n<li><a href=\"http:\/\/www.allersretoursasso.fr\/zh\/where-are-you-going-\u4f60\u5f80\u4f55\u5904\u53bb\/\"><i>Where Are You Going<\/i><\/a> de YANG Zhengfan<\/li>\n<\/ul>","protected":false},"excerpt":{"rendered":"<p>Prix sp\u00e9cial du jury au Festival du Film de Sundance Un vendeur de savons, un moine bouddhiste, un simple d\u2019esprit \u00e0 la recherche de sa m\u00e8re, deux policiers oisifs, des voleurs d&#8217;arbre : tous ont quelque chose \u00e0 cacher, et vont se croiser dans les rues d\u00e9labr\u00e9es d\u2019une petite ville industrielle du Nord-Est de la &hellip; <\/p>\n<p class=\"link-more\"><a href=\"https:\/\/www.allersretoursasso.fr\/zh\/free-and-easy-geng-jun\/\" class=\"more-link\">\u7ee7\u7eed\u9605\u8bfb<span class=\"screen-reader-text\">\u201c<\/p>\n<h1 style=\"font-size: 200% ;\"><i>Free and easy<\/i> \u8f7b\u677e+\u6109\u5feb<\/h1>\n<p style=\"font-size: 100% ;\"> GENG Jun \u803f\u519b<\/p>\n<p style=\"font-size: 70% ;\"> 2017 \/ 97min \/ \u666e\u901a\u8bdd \/ \u5b57\u5e55\u6cd5\u8bed<\/p>\n<p>\u201d<\/span><\/a><\/p>","protected":false},"author":1,"featured_media":0,"parent":0,"menu_order":2,"comment_status":"closed","ping_status":"closed","template":"","meta":{"footnotes":""},"_links":{"self":[{"href":"https:\/\/www.allersretoursasso.fr\/zh\/wp-json\/wp\/v2\/pages\/113"}],"collection":[{"href":"https:\/\/www.allersretoursasso.fr\/zh\/wp-json\/wp\/v2\/pages"}],"about":[{"href":"https:\/\/www.allersretoursasso.fr\/zh\/wp-json\/wp\/v2\/types\/page"}],"author":[{"embeddable":true,"href":"https:\/\/www.allersretoursasso.fr\/zh\/wp-json\/wp\/v2\/users\/1"}],"replies":[{"embeddable":true,"href":"https:\/\/www.allersretoursasso.fr\/zh\/wp-json\/wp\/v2\/comments?post=113"}],"version-history":[{"count":7,"href":"https:\/\/www.allersretoursasso.fr\/zh\/wp-json\/wp\/v2\/pages\/113\/revisions"}],"predecessor-version":[{"id":223,"href":"https:\/\/www.allersretoursasso.fr\/zh\/wp-json\/wp\/v2\/pages\/113\/revisions\/223"}],"wp:attachment":[{"href":"https:\/\/www.allersretoursasso.fr\/zh\/wp-json\/wp\/v2\/media?parent=113"}],"curies":[{"name":"wp","href":"https:\/\/api.w.org\/{rel}","templated":true}]}}