{"id":1328,"date":"2020-01-16T15:24:05","date_gmt":"2020-01-16T14:24:05","guid":{"rendered":"https:\/\/www.allersretoursasso.fr\/?page_id=1328"},"modified":"2024-12-07T17:25:45","modified_gmt":"2024-12-07T16:25:45","slug":"table-ronde","status":"publish","type":"page","link":"https:\/\/www.allersretoursasso.fr\/zh\/table-ronde\/","title":{"rendered":"\u5706\u684c\u4ea4\u6d41\u4f1a"},"content":{"rendered":"<div id=\"fb-root\"><\/div>\n<div id=\"pl-1328\"  class=\"panel-layout\" ><div id=\"pg-1328-0\"  class=\"panel-grid panel-no-style\" ><div id=\"pgc-1328-0-0\"  class=\"panel-grid-cell\" ><div id=\"panel-1328-0-0-0\" class=\"widget_text so-panel widget widget_custom_html panel-first-child panel-last-child\" data-index=\"0\" ><div class=\"textwidget custom-html-widget\"><iframe loading=\"lazy\" width=\"560\" height=\"315\" src=\"https:\/\/www.youtube.com\/embed\/9XGwHo7Iw9o\" frameborder=\"0\" allow=\"accelerometer; autoplay; encrypted-media; gyroscope; picture-in-picture\" allowfullscreen><\/iframe><\/div><\/div><\/div><\/div><div id=\"pg-1328-1\"  class=\"panel-grid panel-no-style\" ><div id=\"pgc-1328-1-0\"  class=\"panel-grid-cell\" ><div id=\"panel-1328-1-0-0\" class=\"so-panel widget widget_text panel-first-child panel-last-child\" data-index=\"1\" >\t\t\t<div class=\"textwidget\"><h2>\u00ab\u8bba\u4e2d\u56fd\u7535\u5f71\u7684\u67d0\u79cd\u65b0\u8d8b\u52bf \u00bb<\/h2>\n<h2>\u00ab\u8bba\u4e2d\u56fd\u7535\u5f71\u7684\u67d0\u79cd\u65b0\u8d8b\u52bf \u00bb<\/h2>\n<p class=\" translation-block\">\u6d3b\u52a8\u65f6\u95f4\uff1a2020\u5e741\u670829\u65e514\u65f6 \u5730\u70b9\uff1a\u5409\u7f8e\u56fd\u7acb\u4e9a\u6d32\u827a\u672f\u535a\u7269\u9986<\/p>\n<p class=\" translation-block\">\u5728\u7b2c\u4e09\u5c4a\u4e2d\u56fd\u4f5c\u8005\u7535\u5f71\u5c55\u4e3e\u884c\u4e4b\u9645\uff0c\u4e00\u573a\u6c47\u96c6\u4e86\u7535\u5f71\u884c\u4e1a\u3001\u7535\u5f71\u5b66\u672f\u754c\u7b49\u4e13\u4e1a\u4eba\u58eb\u7684<strong>\u5706\u684c\u4ea4\u6d41\u4f1a<\/strong>\u4e5f\u5c06\u8fdb\u884c\uff0c\u5171\u540c\u63a2\u8ba8<strong>\u201c\u4e2d\u56fd\u7535\u5f71\u7684\u5f53\u524d\u8d8b\u52bf<\/strong>\u201d\u3002<\/p>\n<p>\u5728\u7b2c\u4e09\u5c4a\u534e\u8bed\u4f5c\u8005\u7535\u5f71\u5c55\u4e3e\u884c\u4e4b\u9645\uff0c\u4e00\u573a\u6c47\u96c6\u4e86\u7535\u5f71\u884c\u4e1a\u3001\u7535\u5f71\u5b66\u672f\u754c\u7b49\u4e13\u4e1a\u4eba\u58eb\u7684<strong>\u5706\u684c\u4ea4\u6d41\u4f1a<\/strong>\u4e5f\u5c06\u8fdb\u884c\uff0c\u5171\u540c\u63a2\u8ba8<strong>\u201c\u4e2d\u56fd\u7535\u5f71\u7684\u5f53\u524d\u8d8b\u52bf<\/strong>\u201d\u3002<\/p>\n<p class=\"p1 translation-block\">\u4ece\u5a04\u70e8\u7684\u7b2c\u5341\u4e00\u90e8\u201c\u5c0f\u8bf4\u201d\u300a\u5170\u5fc3\u5927\u5267\u9662\u300b\u5230\u67f4\u5c0f\u96e8\u5728\u5317\u4eac\u7684\u7b2c\u4e00\u6b21\u201c\u6f2b\u6e38\u201d\uff08\u201c<strong><a href=\"https:\/\/www.allersretoursasso.fr\/films\/fish-park-chai-xiaoyu\/\" target=\"_self\">\u300a\u9c7c\u4e50\u56ed\u300b<\/a><\/strong>\u201d\uff09\uff1b\u4e07\u739b\u624d\u65e6\u81ea\u4e00\u4e2a\u201c\u7834\u788e\u201d\u7684\u201c<strong><a href=\"https:\/\/www.allersretoursasso.fr\/films\/balloon-pema-tseden\/\" target=\"_self\">\u300a\u6c14\u7403\u300b<\/a><\/strong>\u201d \u56de\u770b\u5df2\u6210\u5386\u53f2\u7684\u4e00\u80ce\u5316\u653f\u7b56\uff0c\u5468\u94ed\u5f71\u5219\u8bd5\u7740\u4ece\u5fae\u89c2\u89d2\u5ea6\u89c2\u5bdf\u201c<strong><a href=\"https:\/\/www.allersretoursasso.fr\/films\/the-land-of-peach-blossoms-zhou-mingying\/\" target=\"_self\">\u4e16\u5916\u6843\u6e90<\/a><\/strong>\u201d \u8fd9\u5bb6\u9152\u5e97\u7684\u89e3\u4f53\u3002\u5973\u6027\u8096\u50cf\uff0c\u5b9e\u9a8c\u52a8\u753b\u2026\u4e2d\u56fd\u7684\u4f5c\u8005\u7535\u5f71\uff0c\u81ea\u7b2c\u516d\u4ee3\u4ee5\u964d\uff0c\u8fdc\u975e\u201c\u7cbe\u75b2\u529b\u7aed\u201d\uff0c\u6070\u6070\u76f8\u53cd\uff0c\u5b83\u53d8\u5f97\u66f4\u52a0\u65b9\u5174\u672a\u827e\u4e14\u591a\u6837\uff0c\u56e0\u6b64\u4e5f\u66f4\u4ee4\u4eba\u96be\u4ee5\u201c\u6349\u6478\u201d\u3002\u65b0\u7684\u6d6a\u6f6e\u4e5f\u8bb8\u6b63\u5728\u8bde\u751f\uff0c\u4f46\u5b83\u7684\u8d8b\u52bf\u5728\u4f55\u65b9\uff1f\u7531\u5bfc\u6f14\u3001\u5f71\u8bc4\u4eba\u3001\u7535\u5f71\u53f2\u5b66\u5bb6\u7ec4\u6210\u7684\u5706\u684c\u4f1a\u8c08\u5c06\u8bd5\u7740\u4ee5<strong><a href=\"https:\/\/www.allersretoursasso.fr\/annee\/festival-2020\/\" target=\"_self\">2020\u5e74\u7684\u9009\u7247<\/a><\/strong>\u63a2\u8ba8\u4e2d\u56fd\u7535\u5f71\u7684\u73b0\u5728\u4e0e\u672a\u6765\uff0c\u5e76\u975e\u5b8c\u7f8e\u7684\u73b0\u5728\u548c\u4e5f\u8bb8\u66f4\u50cf\u662f\u9a6c\u8d5b\u514b\u7684\u672a\u6765\u3002<\/p>\n<p>\u4ece\u5a04\u70e8\u7684\u7b2c\u5341\u4e00\u90e8\u201c\u5c0f\u8bf4\u201d\u300a\u5170\u5fc3\u5927\u5267\u9662\u300b\u5230\u67f4\u5c0f\u96e8\u5728\u5317\u4eac\u7684\u7b2c\u4e00\u6b21\u201c\u6f2b\u6e38\u201d\uff08\u201c<strong><a href=\"https:\/\/www.allersretoursasso.fr\/zh\/films\/fish-park-chai-xiaoyu\/\" target=\"_self\" rel=\"noopener\">\u300a\u9c7c\u4e50\u56ed\u300b<\/a><\/strong>\u201d\uff09\uff1b\u4e07\u739b\u624d\u65e6\u81ea\u4e00\u4e2a\u201c\u7834\u788e\u201d\u7684\u201c<strong><a href=\"https:\/\/www.allersretoursasso.fr\/zh\/films\/balloon-pema-tseden\/\" target=\"_self\" rel=\"noopener\">\u300a\u6c14\u7403\u300b<\/a><\/strong>\u201d \u56de\u770b\u5df2\u6210\u5386\u53f2\u7684\u4e00\u80ce\u5316\u653f\u7b56\uff0c\u5468\u94ed\u5f71\u5219\u8bd5\u7740\u4ece\u5fae\u89c2\u89d2\u5ea6\u89c2\u5bdf\u201c<strong><a href=\"https:\/\/www.allersretoursasso.fr\/zh\/films\/the-land-of-peach-blossoms-zhou-mingying\/\" target=\"_self\" rel=\"noopener\">\u4e16\u5916\u6843\u6e90<\/a><\/strong>\u201d \u8fd9\u5bb6\u9152\u5e97\u7684\u89e3\u4f53\u3002\u5973\u6027\u8096\u50cf\uff0c\u5b9e\u9a8c\u52a8\u753b\u2026\u4e2d\u56fd\u7684\u4f5c\u8005\u7535\u5f71\uff0c\u81ea\u7b2c\u516d\u4ee3\u4ee5\u964d\uff0c\u8fdc\u975e\u201c\u7cbe\u75b2\u529b\u7aed\u201d\uff0c\u6070\u6070\u76f8\u53cd\uff0c\u5b83\u53d8\u5f97\u66f4\u52a0\u65b9\u5174\u672a\u827e\u4e14\u591a\u6837\uff0c\u56e0\u6b64\u4e5f\u66f4\u4ee4\u4eba\u96be\u4ee5\u201c\u6349\u6478\u201d\u3002\u65b0\u7684\u6d6a\u6f6e\u4e5f\u8bb8\u6b63\u5728\u8bde\u751f\uff0c\u4f46\u5b83\u7684\u8d8b\u52bf\u5728\u4f55\u65b9\uff1f\u7531\u5bfc\u6f14\u3001\u5f71\u8bc4\u4eba\u3001\u7535\u5f71\u53f2\u5b66\u5bb6\u7ec4\u6210\u7684\u5706\u684c\u4f1a\u8c08\u5c06\u8bd5\u7740\u4ee5<strong><a href=\"https:\/\/www.allersretoursasso.fr\/zh\/annee\/festival-2020\/\" target=\"_self\" rel=\"noopener\">2020\u5e74\u7684\u9009\u7247<\/a><\/strong>\u63a2\u8ba8\u4e2d\u56fd\u7535\u5f71\u7684\u73b0\u5728\u4e0e\u672a\u6765\uff0c\u5e76\u975e\u5b8c\u7f8e\u7684\u73b0\u5728\u548c\u4e5f\u8bb8\u66f4\u50cf\u662f\u9a6c\u8d5b\u514b\u7684\u672a\u6765\u3002<\/p>\n<p class=\" translation-block\">\u5706\u684c\u4ea4\u6d41\u4f1a\u524d\uff0c\u5c06\u4e3a\u60a8\u5e26\u6765\u4e00\u90e8\u7531<strong>\u77bf\u5c24\u5609<\/strong>\u5bfc\u6f14\u7684\u4e2d\u7bc7\u7535\u5f71 \u201c<a href=\"https:\/\/www.allersretoursasso.fr\/films\/together-apart-qiu-youjia\/\" target=\"_self\">\u300a\u4e09\u5c3a\u300b<\/a>\u201d  \u3002<\/p>\n<p>\u5706\u684c\u4ea4\u6d41\u4f1a\u524d\uff0c\u5c06\u4e3a\u60a8\u5e26\u6765\u4e00\u90e8\u7531<strong>\u77bf\u5c24\u5609<\/strong>\u5bfc\u6f14\u7684\u4e2d\u7bc7\u7535\u5f71 \u201c<a href=\"https:\/\/www.allersretoursasso.fr\/zh\/films\/together-apart-qiu-youjia\/\" target=\"_self\" rel=\"noopener\">\u300a\u4e09\u5c3a\u300b<\/a>\u201d \u3002<\/p>\n<p><strong>\u514d\u8d39\u5165\u573a<\/strong> \u73b0\u573a\u5ea7\u4f4d\u6709\u9650\uff0c\u8bf7\u5c3d\u65e9\u5230\u573a\u3002<\/p>\n<\/div>\n\t\t<\/div><\/div><\/div><div id=\"pg-1328-2\"  class=\"panel-grid panel-no-style\" ><div id=\"pgc-1328-2-0\"  class=\"panel-grid-cell\" ><div id=\"panel-1328-2-0-0\" class=\"so-panel widget widget_text panel-first-child panel-last-child\" data-index=\"2\" >\t\t\t<div class=\"textwidget\"><h3>Intervenants \u53d7\u9080\u5609\u5bbe :<\/h3>\n<\/div>\n\t\t<\/div><\/div><\/div><div id=\"pg-1328-3\"  class=\"panel-grid panel-no-style\" ><div id=\"pgc-1328-3-0\"  class=\"panel-grid-cell\" ><div id=\"panel-1328-3-0-0\" class=\"so-panel widget widget_media_image panel-first-child panel-last-child\" data-index=\"3\" ><img loading=\"lazy\" decoding=\"async\" width=\"150\" height=\"150\" src=\"https:\/\/www.allersretoursasso.fr\/wp-content\/uploads\/2020\/01\/Duhamel03-150x150.jpeg\" class=\"image wp-image-1371  attachment-thumbnail size-thumbnail\" alt=\"\" style=\"max-width: 100%; height: auto;\" srcset=\"https:\/\/www.allersretoursasso.fr\/wp-content\/uploads\/2020\/01\/Duhamel03-150x150.jpeg 150w, https:\/\/www.allersretoursasso.fr\/wp-content\/uploads\/2020\/01\/Duhamel03-100x100.jpeg 100w, https:\/\/www.allersretoursasso.fr\/wp-content\/uploads\/2020\/01\/Duhamel03.jpeg 225w\" sizes=\"100vw\" \/><\/div><\/div><div id=\"pgc-1328-3-1\"  class=\"panel-grid-cell panel-grid-cell-mobile-last\" ><div id=\"panel-1328-3-1-0\" class=\"so-panel widget widget_text panel-first-child panel-last-child\" data-index=\"4\" >\t\t\t<div class=\"textwidget\"><p><strong>Marie-Pierre DUHAMEL \u675c\u963f\u6885<\/strong><\/p>\n<p>\u7535\u5f71\u7b56\u5c55\u4eba\u3001\u4e2d\u56fd\u7535\u5f71\u4e13\u5bb6<\/p>\n<p>\u7535\u5f71\u7b56\u5c55\u4eba\u3001\u4e2d\u56fd\u7535\u5f71\u4e13\u5bb6<\/p>\n<\/div>\n\t\t<\/div><\/div><div id=\"pgc-1328-3-2\"  class=\"panel-grid-cell panel-grid-cell-empty\" ><\/div><\/div><div id=\"pg-1328-4\"  class=\"panel-grid panel-no-style\" ><div id=\"pgc-1328-4-0\"  class=\"panel-grid-cell\" ><div id=\"panel-1328-4-0-0\" class=\"so-panel widget widget_media_image panel-first-child panel-last-child\" data-index=\"5\" ><img loading=\"lazy\" decoding=\"async\" width=\"150\" height=\"150\" src=\"https:\/\/www.allersretoursasso.fr\/wp-content\/uploads\/2020\/01\/BD-Tour-E-0818.1-150x150.jpg\" class=\"image wp-image-1369  attachment-thumbnail size-thumbnail\" alt=\"\" style=\"max-width: 100%; height: auto;\" srcset=\"https:\/\/www.allersretoursasso.fr\/wp-content\/uploads\/2020\/01\/BD-Tour-E-0818.1-150x150.jpg 150w, https:\/\/www.allersretoursasso.fr\/wp-content\/uploads\/2020\/01\/BD-Tour-E-0818.1-100x100.jpg 100w\" sizes=\"100vw\" \/><\/div><\/div><div id=\"pgc-1328-4-1\"  class=\"panel-grid-cell panel-grid-cell-mobile-last\" ><div id=\"panel-1328-4-1-0\" class=\"so-panel widget widget_text panel-first-child panel-last-child\" data-index=\"6\" >\t\t\t<div class=\"textwidget\"><p><strong>Brigitte DUZAN \u675c\u78a7\u59ec<\/strong><\/p>\n<p>\u4e2d\u56fd\u7535\u5f71\u4e0e\u6587\u5b66\u4e13\u5bb6<\/p>\n<p>\u4e2d\u56fd\u7535\u5f71\u4e0e\u6587\u5b66\u4e13\u5bb6<\/p>\n<\/div>\n\t\t<\/div><\/div><div id=\"pgc-1328-4-2\"  class=\"panel-grid-cell panel-grid-cell-empty\" ><\/div><\/div><div id=\"pg-1328-5\"  class=\"panel-grid panel-no-style\" ><div id=\"pgc-1328-5-0\"  class=\"panel-grid-cell\" ><div id=\"panel-1328-5-0-0\" class=\"so-panel widget widget_media_image panel-first-child panel-last-child\" data-index=\"7\" ><img loading=\"lazy\" decoding=\"async\" width=\"150\" height=\"150\" src=\"https:\/\/www.allersretoursasso.fr\/wp-content\/uploads\/2020\/01\/Frodon01-150x150.jpeg\" class=\"image wp-image-1370  attachment-thumbnail size-thumbnail\" alt=\"\" style=\"max-width: 100%; height: auto;\" srcset=\"https:\/\/www.allersretoursasso.fr\/wp-content\/uploads\/2020\/01\/Frodon01-150x150.jpeg 150w, https:\/\/www.allersretoursasso.fr\/wp-content\/uploads\/2020\/01\/Frodon01-100x100.jpeg 100w\" sizes=\"100vw\" \/><\/div><\/div><div id=\"pgc-1328-5-1\"  class=\"panel-grid-cell panel-grid-cell-mobile-last\" ><div id=\"panel-1328-5-1-0\" class=\"so-panel widget widget_text panel-first-child panel-last-child\" data-index=\"8\" >\t\t\t<div class=\"textwidget\"><p><strong>Jean-Michel FRODON \u4ed8\u4e1c<\/strong><\/p>\n<p>\u7535\u5f71\u53f2\u5b66\u5bb6\u3001\u8d44\u6df1\u5f71\u8bc4\u4eba<\/p>\n<p>\u7535\u5f71\u53f2\u5b66\u5bb6\u3001\u8d44\u6df1\u5f71\u8bc4\u4eba<\/p>\n<\/div>\n\t\t<\/div><\/div><div id=\"pgc-1328-5-2\"  class=\"panel-grid-cell panel-grid-cell-empty\" ><\/div><\/div><div id=\"pg-1328-6\"  class=\"panel-grid panel-no-style\" ><div id=\"pgc-1328-6-0\"  class=\"panel-grid-cell\" ><div id=\"panel-1328-6-0-0\" class=\"so-panel widget widget_media_image panel-first-child panel-last-child\" data-index=\"9\" ><img loading=\"lazy\" decoding=\"async\" width=\"150\" height=\"150\" src=\"https:\/\/www.allersretoursasso.fr\/wp-content\/uploads\/2020\/01\/Xu-Feng02-150x150.png\" class=\"image wp-image-1372  attachment-thumbnail size-thumbnail\" alt=\"\" style=\"max-width: 100%; height: auto;\" srcset=\"https:\/\/www.allersretoursasso.fr\/wp-content\/uploads\/2020\/01\/Xu-Feng02-150x150.png 150w, https:\/\/www.allersretoursasso.fr\/wp-content\/uploads\/2020\/01\/Xu-Feng02-100x100.png 100w\" sizes=\"100vw\" \/><\/div><\/div><div id=\"pgc-1328-6-1\"  class=\"panel-grid-cell panel-grid-cell-mobile-last\" ><div id=\"panel-1328-6-1-0\" class=\"so-panel widget widget_text panel-first-child panel-last-child\" data-index=\"10\" >\t\t\t<div class=\"textwidget\"><p><strong>Xu Feng \u5f90\u67ab<\/strong><\/p>\n<p>\u4e2d\u620f\u7535\u5f71\u7535\u89c6\u7cfb\u6559\u6388\u3001\u6cd5\u56fd\u7535\u5f71\u4e13\u5bb6<\/p>\n<p>\u4e2d\u620f\u7535\u5f71\u7535\u89c6\u7cfb\u6559\u6388\u3001\u6cd5\u56fd\u7535\u5f71\u4e13\u5bb6<\/p>\n<\/div>\n\t\t<\/div><\/div><div id=\"pgc-1328-6-2\"  class=\"panel-grid-cell panel-grid-cell-empty\" ><\/div><\/div><div id=\"pg-1328-7\"  class=\"panel-grid panel-no-style\" ><div id=\"pgc-1328-7-0\"  class=\"panel-grid-cell\" ><div id=\"panel-1328-7-0-0\" class=\"so-panel widget widget_media_image panel-first-child panel-last-child\" data-index=\"11\" ><img loading=\"lazy\" decoding=\"async\" width=\"150\" height=\"150\" src=\"https:\/\/www.allersretoursasso.fr\/wp-content\/uploads\/2020\/01\/A-DOG-BARKING-AT-THE-MOON-Lisa-Zi-Xiang-150x150.jpg\" class=\"image wp-image-1337  attachment-thumbnail size-thumbnail\" alt=\"\" style=\"max-width: 100%; height: auto;\" srcset=\"https:\/\/www.allersretoursasso.fr\/wp-content\/uploads\/2020\/01\/A-DOG-BARKING-AT-THE-MOON-Lisa-Zi-Xiang-150x150.jpg 150w, https:\/\/www.allersretoursasso.fr\/wp-content\/uploads\/2020\/01\/A-DOG-BARKING-AT-THE-MOON-Lisa-Zi-Xiang-100x100.jpg 100w\" sizes=\"100vw\" \/><\/div><\/div><div id=\"pgc-1328-7-1\"  class=\"panel-grid-cell panel-grid-cell-mobile-last\" ><div id=\"panel-1328-7-1-0\" class=\"so-panel widget widget_text panel-first-child panel-last-child\" data-index=\"12\" >\t\t\t<div class=\"textwidget\"><p><strong>XIANG Zi \u76f8\u6893<\/strong><\/p>\n<p class=\" translation-block\"><a href=\"https:\/\/www.allersretoursasso.fr\/films\/dog-barking-moon-xiang-zi\/\" target=\"_self\">\u300a\u518d\u89c1\uff0c\u5357\u5c4f\u665a\u949f\u300b<\/a>\u5bfc\u6f14<\/p>\n<p><a href=\"https:\/\/www.allersretoursasso.fr\/zh\/films\/dog-barking-moon-xiang-zi\/\" target=\"_self\" rel=\"noopener\">\u300a\u518d\u89c1\uff0c\u5357\u5c4f\u665a\u949f\u300b<\/a>\u5bfc\u6f14<\/p>\n<\/div>\n\t\t<\/div><\/div><div id=\"pgc-1328-7-2\"  class=\"panel-grid-cell panel-grid-cell-empty\" ><\/div><\/div><div id=\"pg-1328-8\"  class=\"panel-grid panel-no-style\" ><div id=\"pgc-1328-8-0\"  class=\"panel-grid-cell\" ><\/div><div id=\"pgc-1328-8-1\"  class=\"panel-grid-cell panel-grid-cell-mobile-last\" ><div id=\"panel-1328-8-1-0\" class=\"so-panel widget widget_text panel-first-child panel-last-child\" data-index=\"14\" >\t\t\t<div class=\"textwidget\"><h3>Mod\u00e9rateur \u4e3b\u6301\u4eba :<\/h3>\n<p><strong>WANG Muyan \u738b\u7a46\u5ca9<\/strong><\/p>\n<p>\u5f71\u8bc4\u4eba<\/p>\n<p>\u5f71\u8bc4\u4eba<\/p>\n<\/div>\n\t\t<\/div><\/div><div id=\"pgc-1328-8-2\"  class=\"panel-grid-cell panel-grid-cell-empty\" ><\/div><\/div><\/div>","protected":false},"excerpt":{"rendered":"<p>\u00ab\u00a0Certaines tendances du cin\u00e9ma chinois \u00bb \u00ab\u8bba\u4e2d\u56fd\u7535\u5f71\u7684\u67d0\u79cd\u65b0\u8d8b\u52bf \u00bb Le 29 janvier 2020 \u00e0 14h au Mus\u00e9e national des arts asiatiques &#8211; Guimet \u00c0 l&#8217;occasion de sa 3e \u00e9dition, le festival Allers-Retours Cin\u00e9ma d&#8217;auteur chinois organise une table ronde r\u00e9unissant tant des chercheurs que des r\u00e9alisateurs et des critiques afin de discuter des tendances actuelles du &hellip; <\/p>\n<p class=\"link-more\"><a href=\"https:\/\/www.allersretoursasso.fr\/zh\/table-ronde\/\" class=\"more-link\">\u7ee7\u7eed\u9605\u8bfb<span class=\"screen-reader-text\">\u201cTable Ronde\u201d<\/span><\/a><\/p>","protected":false},"author":6,"featured_media":0,"parent":0,"menu_order":0,"comment_status":"closed","ping_status":"closed","template":"","meta":{"footnotes":""},"_links":{"self":[{"href":"https:\/\/www.allersretoursasso.fr\/zh\/wp-json\/wp\/v2\/pages\/1328"}],"collection":[{"href":"https:\/\/www.allersretoursasso.fr\/zh\/wp-json\/wp\/v2\/pages"}],"about":[{"href":"https:\/\/www.allersretoursasso.fr\/zh\/wp-json\/wp\/v2\/types\/page"}],"author":[{"embeddable":true,"href":"https:\/\/www.allersretoursasso.fr\/zh\/wp-json\/wp\/v2\/users\/6"}],"replies":[{"embeddable":true,"href":"https:\/\/www.allersretoursasso.fr\/zh\/wp-json\/wp\/v2\/comments?post=1328"}],"version-history":[{"count":14,"href":"https:\/\/www.allersretoursasso.fr\/zh\/wp-json\/wp\/v2\/pages\/1328\/revisions"}],"predecessor-version":[{"id":5513,"href":"https:\/\/www.allersretoursasso.fr\/zh\/wp-json\/wp\/v2\/pages\/1328\/revisions\/5513"}],"wp:attachment":[{"href":"https:\/\/www.allersretoursasso.fr\/zh\/wp-json\/wp\/v2\/media?parent=1328"}],"curies":[{"name":"wp","href":"https:\/\/api.w.org\/{rel}","templated":true}]}}