{"id":1454,"date":"2020-04-05T13:51:01","date_gmt":"2020-04-05T11:51:01","guid":{"rendered":"https:\/\/www.allersretoursasso.fr\/?page_id=1454"},"modified":"2020-04-05T13:51:16","modified_gmt":"2020-04-05T11:51:16","slug":"mac-mahon","status":"publish","type":"page","link":"https:\/\/www.allersretoursasso.fr\/zh\/mac-mahon\/","title":{"rendered":"Le Mac Mahon"},"content":{"rendered":"<div id=\"fb-root\"><\/div>\n<p>\u4f4d\u4e8e\u51ef\u65cb\u95e8\u5927\u9053\uff0c\u79bb\u51ef\u65cb\u95e8\u4ec5\u4e00\u6b65\u4e4b\u9065\u7684Mac Mahon\u7535\u5f71\u9662\u4e8e1938\u5e74\u5f00\u653e\u3002\u8d77\u5148\uff0c\u7535\u5f71\u9662\u53ea\u662f\u9999\u69ad\u4e3d\u820d\u5927\u8857\u4e0a\u4e00\u4e2a\u4e0d\u8d77\u773c\u7684\u5c0f\u5f71\u9662\u3002\u5728\u4e8c\u6218\u5fb7\u5360\u65f6\u671f\uff0cEmile Villion\u6536\u8d2d\u7535\u5f71\u9662\uff0cMac Mahon\u5f00\u59cb\u653e\u6620\u5728\u5f53\u65f6\u88ab\u7981\u7684\u7f8e\u56fd\u5f71\u7247\u3002<!--more--><\/p>\n<p>\u4e4b\u540e\uff0cMac Mahon\u5f00\u59cb\u5438\u5f15\u4e00\u5e2e\u5e74\u8f7b\u7684\u8ff7\u5f71\uff0c\u5305\u62ec\u5f53\u65f6\u5e74\u4ec517\u5c81\u7684\u76ae\u57c3\u5c14\u00b7\u91cc\u65af\u5b89\uff08Pierre Rissient\uff09\u3002 <a href=\"http:\/\/www.chinesemovies.com.fr\/Ressources_Pierre_Rissient.htm\">Pierre Rissient<\/a>\u8fd9\u5e2e\u5e74\u8f7b\u4eba\u8bf4\u670dEmile Villio\u653e\u6620\u5c3c\u53e4\u62c9\u65af\u00b7\u96f7\u7684\u9ed1\u8272\u72af\u7f6a\u7247 <i>\u300a\u591c\u9003\u9e33\u9e2f\u300b\uff08They Live by Night\uff09\u3002<\/i> \u653e\u6620\u7acb\u5373\u5f15\u8d77\u8f70\u52a8\u3002\u8fd9\u5e2e\u8ff7\u5f71\u88ab\u79f0\u4e3a\u201cmac-mahoniens\u201d\uff0c\u5728\u4ed6\u4eec\u7684\u652f\u6301\u4e0b\uff0cMac Mahon\u7535\u5f71\u9662\u6210\u4e3a\u5df4\u9ece\u597d\u83b1\u575e\u7535\u5f71\u7231\u597d\u8005\u7684\u798f\u5730\u3002<\/p>\n<figure id=\"attachment_427\" aria-describedby=\"caption-attachment-427\" style=\"width: 525px\" class=\"wp-caption alignnone\"><img loading=\"lazy\" decoding=\"async\" class=\"size-large wp-image-427\" src=\"https:\/\/www.allersretoursasso.fr\/wp-content\/uploads\/2019\/01\/1200px-Pierre_Rissient_Jacqueline_Ury_et_Michel_Mourlet_en_1961-1024x728.jpg\" alt=\"Pierre_Rissient,_Jacqueline_Ury_et_Michel_Mourlet_en_1961\" width=\"525\" height=\"373\" srcset=\"https:\/\/www.allersretoursasso.fr\/wp-content\/uploads\/2019\/01\/1200px-Pierre_Rissient_Jacqueline_Ury_et_Michel_Mourlet_en_1961-1024x728.jpg 1024w, https:\/\/www.allersretoursasso.fr\/wp-content\/uploads\/2019\/01\/1200px-Pierre_Rissient_Jacqueline_Ury_et_Michel_Mourlet_en_1961-300x213.jpg 300w, https:\/\/www.allersretoursasso.fr\/wp-content\/uploads\/2019\/01\/1200px-Pierre_Rissient_Jacqueline_Ury_et_Michel_Mourlet_en_1961-768x546.jpg 768w, https:\/\/www.allersretoursasso.fr\/wp-content\/uploads\/2019\/01\/1200px-Pierre_Rissient_Jacqueline_Ury_et_Michel_Mourlet_en_1961-350x249.jpg 350w, https:\/\/www.allersretoursasso.fr\/wp-content\/uploads\/2019\/01\/1200px-Pierre_Rissient_Jacqueline_Ury_et_Michel_Mourlet_en_1961.jpg 1200w\" sizes=\"(max-width: 525px) 100vw, 525px\" \/><figcaption id=\"caption-attachment-427\" class=\"wp-caption-text\">1961\u5e74\uff0c\u5de6\u4e00\uff1a\u76ae\u57c3\u5c14\u00b7\u91cc\u65af\u5b89 <a href=\"https:\/\/commons.wikimedia.org\/w\/index.php?curid=68841751\">Association F.U. \u2014 Travail personnel, CC BY-SA 4.0 \u63d0\u4f9b<\/a><\/figcaption><\/figure>\n<p>\u968f\u540e\uff0cMac Mahon\u51fa\u73b0\u5728\u6208\u8fbe\u5c14\u7684\u7535\u5f71 <i>\u300a\u7b4b\u75b2\u529b\u5c3d\u300b\uff08\u00c0 Bout de Souffle\uff09<\/i> \u7684\u4e00\u573a\u620f\u4e2d\u3002\u7247\u4e2dJean Seberg\u8fdb\u5165\u5f71\u9662\uff0c\u8eb2\u907fMichel Fabre\u626e\u6f14\u7684\u8b66\u5bdf\u3002Michel Fabre\u5373\u5f53\u65f6\u4f17\u8ff7\u5f71\u4e2d\u7684\u4e00\u5458\u3002<\/p>\n<p><img loading=\"lazy\" decoding=\"async\" class=\"alignnone size-large wp-image-423\" src=\"https:\/\/www.allersretoursasso.fr\/wp-content\/uploads\/2019\/01\/aboutdesouffle-1024x608.jpg\" alt=\"jean seberg mac mahon\" width=\"525\" height=\"312\" srcset=\"https:\/\/www.allersretoursasso.fr\/wp-content\/uploads\/2019\/01\/aboutdesouffle-1024x608.jpg 1024w, https:\/\/www.allersretoursasso.fr\/wp-content\/uploads\/2019\/01\/aboutdesouffle-300x178.jpg 300w, https:\/\/www.allersretoursasso.fr\/wp-content\/uploads\/2019\/01\/aboutdesouffle-768x456.jpg 768w, https:\/\/www.allersretoursasso.fr\/wp-content\/uploads\/2019\/01\/aboutdesouffle-350x208.jpg 350w, https:\/\/www.allersretoursasso.fr\/wp-content\/uploads\/2019\/01\/aboutdesouffle.jpg 1200w\" sizes=\"(max-width: 525px) 100vw, 525px\" \/><\/p>\n<figure id=\"attachment_424\" aria-describedby=\"caption-attachment-424\" style=\"width: 850px\" class=\"wp-caption alignnone\"><img loading=\"lazy\" decoding=\"async\" class=\"wp-image-424 size-full\" src=\"https:\/\/www.allersretoursasso.fr\/wp-content\/uploads\/2019\/01\/Mac-mahon1.png\" alt=\"michel fabre mac mahon\" width=\"850\" height=\"644\" srcset=\"https:\/\/www.allersretoursasso.fr\/wp-content\/uploads\/2019\/01\/Mac-mahon1.png 850w, https:\/\/www.allersretoursasso.fr\/wp-content\/uploads\/2019\/01\/Mac-mahon1-300x227.png 300w, https:\/\/www.allersretoursasso.fr\/wp-content\/uploads\/2019\/01\/Mac-mahon1-768x582.png 768w, https:\/\/www.allersretoursasso.fr\/wp-content\/uploads\/2019\/01\/Mac-mahon1-350x265.png 350w\" sizes=\"(max-width: 767px) 89vw, (max-width: 1000px) 54vw, (max-width: 1071px) 543px, 580px\" \/><figcaption id=\"caption-attachment-424\" class=\"wp-caption-text\">\u753b\u9762\u53f3\u8fb9\u624b\u91cc\u5939\u7740\u70df\u7684\u5f71\u9662\u8001\u677f\uff0cEmile Villion<\/figcaption><\/figure>\n<p>\u5982\u4eca\uff0cMac Mahon\u4ecd\u65e7\u4fdd\u6301\u774030\u5e74\u4ee3\u7684\u6a21\u6837\uff0c\u5e76\u4e14\u4f9d\u7136\u7ecf\u5e38\u653e\u6620\u7ecf\u5178\u7f8e\u56fd\u7535\u5f71\u3002\u540c\u65f6\uff0c\u5f71\u9662\u4e5f\u53d1\u6398\u4e86\u5927\u91cf\u4e9a\u6d32\u7535\u5f71\uff0c\u76ae\u57c3\u5c14\u00b7\u91cc\u65af\u5b89\uff08Pierre Rissient\uff09\u4fbf\u662f\u63a8\u52a8\u4eba\u4e4b\u4e00\u3002<\/p>\n<p>\u60f3\u4e86\u89e3\u66f4\u591a<em>\u300a\u7b4b\u75b2\u529b\u5c3d\u300b\uff08\u00c0 Bout de Souffle\uff09<\/em>\u7684\u5e55\u540e\u6545\u4e8b\uff0c\u8bf7\u524d\u5f80 <a href=\"https:\/\/www.thecinetourist.net\/a-bout-de-souffle---the-cast-list.html\">cinetourist<\/a>.<\/p>","protected":false},"excerpt":{"rendered":"<p>Ouvert en 1938 \u00e0 deux pas de l&#8217;Arc de Triomphe sur l&#8217;avenue du m\u00eame nom, le Mac Mahon est d&#8217;abord une salle de quartier tout \u00e0 fait anecdotique. Rachet\u00e9 par Emile Villion sous l&#8217;Occupation, ce dernier a le coup de g\u00e9nie de programmer d\u00e8s la Lib\u00e9ration des films am\u00e9ricains qui \u00e9taient \u00e9videmment interdits pendant la &hellip; <\/p>\n<p class=\"link-more\"><a href=\"https:\/\/www.allersretoursasso.fr\/zh\/mac-mahon\/\" class=\"more-link\">\u7ee7\u7eed\u9605\u8bfb<span class=\"screen-reader-text\">\u201cLe Mac Mahon\u201d<\/span><\/a><\/p>","protected":false},"author":1,"featured_media":425,"parent":0,"menu_order":0,"comment_status":"closed","ping_status":"closed","template":"","meta":{"footnotes":""},"_links":{"self":[{"href":"https:\/\/www.allersretoursasso.fr\/zh\/wp-json\/wp\/v2\/pages\/1454"}],"collection":[{"href":"https:\/\/www.allersretoursasso.fr\/zh\/wp-json\/wp\/v2\/pages"}],"about":[{"href":"https:\/\/www.allersretoursasso.fr\/zh\/wp-json\/wp\/v2\/types\/page"}],"author":[{"embeddable":true,"href":"https:\/\/www.allersretoursasso.fr\/zh\/wp-json\/wp\/v2\/users\/1"}],"replies":[{"embeddable":true,"href":"https:\/\/www.allersretoursasso.fr\/zh\/wp-json\/wp\/v2\/comments?post=1454"}],"version-history":[{"count":1,"href":"https:\/\/www.allersretoursasso.fr\/zh\/wp-json\/wp\/v2\/pages\/1454\/revisions"}],"predecessor-version":[{"id":1455,"href":"https:\/\/www.allersretoursasso.fr\/zh\/wp-json\/wp\/v2\/pages\/1454\/revisions\/1455"}],"wp:featuredmedia":[{"embeddable":true,"href":"https:\/\/www.allersretoursasso.fr\/zh\/wp-json\/wp\/v2\/media\/425"}],"wp:attachment":[{"href":"https:\/\/www.allersretoursasso.fr\/zh\/wp-json\/wp\/v2\/media?parent=1454"}],"curies":[{"name":"wp","href":"https:\/\/api.w.org\/{rel}","templated":true}]}}