{"id":1724,"date":"2021-08-08T14:43:52","date_gmt":"2021-08-08T12:43:52","guid":{"rendered":"https:\/\/www.allersretoursasso.fr\/?page_id=1724"},"modified":"2022-06-27T14:20:28","modified_gmt":"2022-06-27T12:20:28","slug":"coming-of-age-2021","status":"publish","type":"page","link":"https:\/\/www.allersretoursasso.fr\/zh\/hors-les-murs\/coming-of-age-2021\/","title":{"rendered":"Coming of Age 2021"},"content":{"rendered":"<div id=\"fb-root\"><\/div>\n<p style=\"text-align: justify;\"><span style=\"font-size: 14pt;\"><strong>2021 \u7ebf\u4e0a\u7279\u522b\u5c55\u6620<\/strong><\/span><\/p>\n<p style=\"text-align: justify;\">Coming of Age\u300c\u5ba3\u544a\u5f0f\u300d\u662f\u4e13\u6ce8\u6bd5\u4e1a\u77ed\u7247\u53ca\u5b66\u751f\u4f5c\u54c1\u7684\u5c55\u6620\u4f01\u5212\uff0c\u6240\u6536\u5f55\u76847\u90e8\u77ed\u7247\u5747\u4e3a\u5728\u4e2d\u6cd5\u4e24\u56fd\u5c31\u8bfb\u5f71\u89c6\u4e13\u4e1a\u7684\u4e2d\u56fd\u4f5c\u8005\u5728\u5b66\u4e1a\u671f\u95f4\u5b8c\u6210\u7684\u4f5c\u54c1\uff0c\u591a\u4e3a\u6bd5\u4e1a\u4f5c\u54c1\u3002<\/p>\n<p><span style=\"font-size: 14pt;\"><strong>\u5373\u5c06\u5c55\u6620&nbsp;<\/strong><\/span><\/p>\n<p style=\"text-align: center;\"><span style=\"font-size: 14pt;\"><strong>&nbsp;* Coming of Age * &#8211; Projections Court-m\u00e9trages \u00c9tudiants<\/strong><\/span><\/p>\n<p style=\"text-align: center;\">Mercredi 30 juin &#8211; Jeudi 1 Juillet<\/p>\n<p><a href=\"https:\/\/www.allersretoursasso.fr\/zh\/accueil\/%e5%be%ae%e4%bf%a1%e5%9b%be%e7%89%87_20210625172022\/\" rel=\"attachment wp-att-1662\"><img loading=\"lazy\" decoding=\"async\" class=\"size-full wp-image-1662\" src=\"https:\/\/www.allersretoursasso.fr\/wp-content\/uploads\/2021\/06\/\u5fae\u4fe1\u56fe\u7247_20210625172022.jpg\" alt=\"\" width=\"2308\" height=\"3463\" srcset=\"https:\/\/www.allersretoursasso.fr\/wp-content\/uploads\/2021\/06\/\u5fae\u4fe1\u56fe\u7247_20210625172022.jpg 2308w, https:\/\/www.allersretoursasso.fr\/wp-content\/uploads\/2021\/06\/\u5fae\u4fe1\u56fe\u7247_20210625172022-200x300.jpg 200w, https:\/\/www.allersretoursasso.fr\/wp-content\/uploads\/2021\/06\/\u5fae\u4fe1\u56fe\u7247_20210625172022-768x1152.jpg 768w, https:\/\/www.allersretoursasso.fr\/wp-content\/uploads\/2021\/06\/\u5fae\u4fe1\u56fe\u7247_20210625172022-682x1024.jpg 682w, https:\/\/www.allersretoursasso.fr\/wp-content\/uploads\/2021\/06\/\u5fae\u4fe1\u56fe\u7247_20210625172022-350x525.jpg 350w\" sizes=\"(max-width: 767px) 89vw, (max-width: 1000px) 54vw, (max-width: 1071px) 543px, 580px\" \/><\/a><\/p>\n<p style=\"text-align: justify;\"><strong><em>Coming of Age\u300c\u5ba3\u544a\u5f0f\u300d<\/em> <\/strong>\u5c06\u5c55\u51fa\u7684\u77ed\u7247\uff0c\u4e00\u534a\u6765\u81ea\u56fd\u5185\u9662\u6821\u4e00\u534a\u6765\u81ea\u6cd5\u56fd\u9662\u6821\uff1b\u9898\u6750\u591a\u6837\uff0c\u56ca\u62ec\u4e86\u5267\u60c5\u7247\u3001\u7eaa\u5f55\u7247\u3001\u52a8\u753b\u77ed\u7247\u3001\u5b9e\u9a8c\u5f71\u50cf\uff1b\u9009\u9898\u5404\u5f02\uff0c\u4fc3\u6210\u521b\u4f5c\u7684\u65e5\u5e38\u7ecf\u9a8c\u6216\u793e\u4f1a\u89c2\u5bdf\u751a\u81f3\u5ef6\u4f38\u5230\u56fd\u5883\u4e4b\u5916\u3002\u6211\u4eec\u4e5f\u671f\u8bb8\u901a\u8fc7\u8fd9\u6b21\u7684\u5c55\u6620\uff0c\u521b\u9020\u4e00\u6b21\u4e2d\u6cd5\u4e24\u56fd\u201c\u5b66\u9662\u6d3e\u201d\u77ed\u7247\u521b\u4f5c\u7684\u76f4\u63a5\u5bf9\u8bdd\uff1a\u65e2\u53ef\u4f53\u5bdf\u5230\u4e24\u56fd\u51fa\u54c1\u7684\u6d41\u6d3e\u4e4b\u522b\uff0c\u4e5f\u53ef\u89c1\u8bc1\u9752\u5e74\u4f5c\u8005\u5728\u591a\u5143\u6587\u5316\u95f4\u7684\u81ea\u5728\u7545\u6e38\u3002\n\n\n\u6211\u4eec\u9009\u62e9\u8fd9\u4e9b\u77ed\u7247\uff0c\u662f\u56e0\u4e3a\u5b83\u4eec\u90fd\u5448\u73b0\u4e86\u9c9c\u660e\u7684\u4f5c\u8005\u7279\u8d28\uff0c\u53c8\u5177\u6709\u76f8\u5f53\u7684\u5de5\u4e1a\u6c34\u51c6\u3002\u8fd9\u4e9b\u4f5c\u54c1\u4e2d\uff0c\u6709\u5728\u5355\u4e00\u7a7a\u95f4\u5185\u8086\u610f\u7684\u4e00\u955c\u5230\u5e95\uff0c\u4e5f\u6709\u5bf9\u539f\u77f3\u5207\u5272\u73b0\u573a\u7684\u51dd\u89c6\uff1b\u6709\u5b69\u7ae5\u89c6\u89d2\u7684\u5014\u5f3a\u8bc1\u660e\uff0c\u4e5f\u6709\u8bb2\u8ff0\u7231\u60c5\u5192\u9669\u7684\u6cd5\u5f0f\u5c0f\u54c1\uff1b\u6709\u5bf9\u57ce\u5e02\u751f\u6d3b\u7a7a\u95f4\u7684\u201c\u5e7b\u60f3\u5f0f\u201d\u6f14\u7ece\u4e0e\u9ed1\u8272\u5e7d\u9ed8\uff0c\u4e5f\u6709\u9ed1\u767d\u4e24\u8272\u8d2f\u7a7f\u7684\u62bd\u8c61\u89c6\u754c\u3002\u955c\u5934\u751a\u81f3\u5f97\u4ee5\u8d70\u8fdb\u5df4\u4ee5\u6218\u533a\u7684\u7279\u6b8a\u7684\u5b55\u80b2\u751f\u547d\u7684\u65b9\u5f0f\u2026\u2026<\/p>\n<p style=\"text-align: justify;\">\u8fd9\u4e9b\u4f5c\u54c1\u662f\u9752\u5e74\u521b\u4f5c\u8005\u4eec\u84c4\u529b\u5df2\u4e45\u7684\u521b\u4f5c\uff0c\u76f4\u63a5\u5411\u5916\u754c\u5448\u73b0\u4ed6\u4eec\u7684\u6240\u60f3\u6240\u601d\uff0c\u8fd9\u4e5f\u6b63\u662f Coming of Age \u60f3\u770b\u5230\u7684\u2014\u2014\u9752\u5e74\u7535\u5f71\u4eba\u7684\u300c\u5ba3\u544a\u5f0f\u300d\u662f\u5982\u4f55\u4e66\u5199\u7684\uff1f <strong>\u4e03\u90e8\u77ed\u7247\uff0c\u4e24\u573a\u653e\u6620\u3002<\/strong>\u5e0c\u671b\u8fd9\u4e9b\u77ed\u7247\u53ef\u4ee5\u50cf\u89e6\u52a8\u6211\u4eec\u4e00\u6837\u89e6\u52a8\u4f60\u4eec\u3002<\/p>\n<h4 style=\"text-align: left;\"><span style=\"font-size: 14pt;\"><strong>\u653e\u6620\u5b89\u6392<\/strong><\/span><\/h4>\n<p>&nbsp;<\/p>\n<p style=\"text-align: center;\"><strong>\u7b2c\u4e00\u573a\uff1a6\u670830\u65e5 \u5468\u4e09 21h <span style=\"font-size: 12pt;\">&#8211; 3 courts-m\u00e9trage &#8211; <\/span>\u653e\u6620\u65f6\u957f58\u5206\u949f + \u6620\u540e\u4ea4\u6d41<\/strong><\/p>\n<hr>\n<p><a href=\"https:\/\/www.allersretoursasso.fr\/zh\/accueil\/%e6%b8%b8%e6%b3%b3%e5%9b%9e%e5%ae%b6-%e6%b5%b7%e6%8a%a5\/\" rel=\"attachment wp-att-1676\"><img loading=\"lazy\" decoding=\"async\" class=\"alignnone size-medium wp-image-1676\" src=\"https:\/\/www.allersretoursasso.fr\/wp-content\/uploads\/2021\/06\/\u6e38\u6cf3\u56de\u5bb6-\u6d77\u62a5-202x300.jpg\" alt=\"\" width=\"202\" height=\"300\" srcset=\"https:\/\/www.allersretoursasso.fr\/wp-content\/uploads\/2021\/06\/\u6e38\u6cf3\u56de\u5bb6-\u6d77\u62a5-202x300.jpg 202w, https:\/\/www.allersretoursasso.fr\/wp-content\/uploads\/2021\/06\/\u6e38\u6cf3\u56de\u5bb6-\u6d77\u62a5-768x1138.jpg 768w, https:\/\/www.allersretoursasso.fr\/wp-content\/uploads\/2021\/06\/\u6e38\u6cf3\u56de\u5bb6-\u6d77\u62a5-691x1024.jpg 691w, https:\/\/www.allersretoursasso.fr\/wp-content\/uploads\/2021\/06\/\u6e38\u6cf3\u56de\u5bb6-\u6d77\u62a5-350x519.jpg 350w, https:\/\/www.allersretoursasso.fr\/wp-content\/uploads\/2021\/06\/\u6e38\u6cf3\u56de\u5bb6-\u6d77\u62a5.jpg 877w\" sizes=\"(max-width: 202px) 100vw, 202px\" \/><\/a><\/p>\n<p><strong>Home Swim Home \u300a\u6e38\u6cf3\u56de\u5bb6\u300bde&nbsp;Yiyu WANG \u738b\u4e00\u5bd3 &#8211;&nbsp;Beijing Film Academy, Chine<br \/>\n<\/strong>2016\/28&#8217;\/Fiction\/VOSTF<strong><br \/>\n<\/strong><\/p>\n<p>\u5267\u60c5\u7b80\u4ecb\uff1a<br \/>\n\u516b\u5c81\u7684\u65b9\u514b\u67d4\u610f\u5916\u542c\u8bf4\u81ea\u5df1\u5e76\u975e\u662f\u7236\u6bcd\u7684\u4eb2\u751f\u5b69\u5b50\uff0c\u7136\u800c\u516b\u5c81\u7684\u5979\u9009\u62e9\u5411\u7238\u5988\u9690\u85cf\u81ea\u5df1\u7684\u7591\u8651\uff0c\u4e00\u8fb9\u5077\u5077\u63a2\u7d22\u4e00\u8fb9\u8bd5\u56fe\u8bc1\u660e\u81ea\u5df1\u7684\u8eab\u4efd\u3002\u7136\u800c\u4e00\u5207\u90fd\u4e0d\u987a\u5229\uff0c\u90fd\u6307\u5411\u4e86\u5979\u771f\u7684\u5e76\u975e\u4eb2\u751f\u3002\u6700\u540e\u5979\u9009\u62e9\u7528\u6781\u7aef\u7684\u65b9\u5f0f\u53bb\u8bc1\u660e\u81ea\u5df1\uff0c\u7136\u800c\uff0c\u6240\u6709\u4eba\u90fd\u77e5\u9053\uff0c\u5979\u9a97\u4e86\u5979\u81ea\u5df1\uff0c\u4f46\uff0c\u662f\u6216\u4e0d\u662f\u771f\u7684\u90a3\u4e48\u91cd\u8981\u5417\uff1f<\/p>\n<p><a href=\"https:\/\/www.allersretoursasso.fr\/zh\/accueil\/%e5%ae%8c%e7%be%8e%e9%92%a2%e7%90%b4-%e6%b5%b7%e6%8a%a51\/\" rel=\"attachment wp-att-1677\"><img loading=\"lazy\" decoding=\"async\" class=\"alignnone size-medium wp-image-1677\" src=\"https:\/\/www.allersretoursasso.fr\/wp-content\/uploads\/2021\/06\/\u5b8c\u7f8e\u94a2\u7434-\u6d77\u62a51-225x300.jpg\" alt=\"\" width=\"225\" height=\"300\" srcset=\"https:\/\/www.allersretoursasso.fr\/wp-content\/uploads\/2021\/06\/\u5b8c\u7f8e\u94a2\u7434-\u6d77\u62a51-225x300.jpg 225w, https:\/\/www.allersretoursasso.fr\/wp-content\/uploads\/2021\/06\/\u5b8c\u7f8e\u94a2\u7434-\u6d77\u62a51-768x1024.jpg 768w, https:\/\/www.allersretoursasso.fr\/wp-content\/uploads\/2021\/06\/\u5b8c\u7f8e\u94a2\u7434-\u6d77\u62a51-350x467.jpg 350w\" sizes=\"(max-width: 225px) 100vw, 225px\" \/><\/a><\/p>\n<p><strong>The Perfect Piano\u300a\u5b8c\u7f8e\u94a2\u7434\u300bde&nbsp;Yiyuan WANG \u738b\u827a\u5143 &#8211;&nbsp;Beijing Film Academy, Chine<\/strong><br \/>\n2021\/5&#8217;\/Animation\/VOSTF<\/p>\n<p>\u5267\u60c5\u7b80\u4ecb\uff1a<br \/>\n\u4e00\u4f4d\u94a2\u7434\u5bb6\uff0c\u5728\u55a7\u56a3\u7684\u57ce\u5e02\u4e2d\uff0c\u5bfb\u627e\u4e00\u67b6\u201c\u5b8c\u7f8e\u94a2\u7434\u201d<\/p>\n<p><a href=\"https:\/\/www.allersretoursasso.fr\/zh\/accueil\/%e6%ac%b2%e6%9c%9b%e7%9a%84%e5%a4%b1%e8%b0%83%e5%9b%9e%e5%a3%b0-%e6%b5%b7%e6%8a%a5jpg\/\" rel=\"attachment wp-att-1678\"><img loading=\"lazy\" decoding=\"async\" class=\"alignnone size-medium wp-image-1678\" src=\"https:\/\/www.allersretoursasso.fr\/wp-content\/uploads\/2021\/06\/\u6b32\u671b\u7684\u5931\u8c03\u56de\u58f0-\u6d77\u62a5jpg-220x300.jpg\" alt=\"\" width=\"220\" height=\"300\" srcset=\"https:\/\/www.allersretoursasso.fr\/wp-content\/uploads\/2021\/06\/\u6b32\u671b\u7684\u5931\u8c03\u56de\u58f0-\u6d77\u62a5jpg-220x300.jpg 220w, https:\/\/www.allersretoursasso.fr\/wp-content\/uploads\/2021\/06\/\u6b32\u671b\u7684\u5931\u8c03\u56de\u58f0-\u6d77\u62a5jpg-768x1046.jpg 768w, https:\/\/www.allersretoursasso.fr\/wp-content\/uploads\/2021\/06\/\u6b32\u671b\u7684\u5931\u8c03\u56de\u58f0-\u6d77\u62a5jpg-752x1024.jpg 752w, https:\/\/www.allersretoursasso.fr\/wp-content\/uploads\/2021\/06\/\u6b32\u671b\u7684\u5931\u8c03\u56de\u58f0-\u6d77\u62a5jpg-350x477.jpg 350w, https:\/\/www.allersretoursasso.fr\/wp-content\/uploads\/2021\/06\/\u6b32\u671b\u7684\u5931\u8c03\u56de\u58f0-\u6d77\u62a5jpg.jpg 1370w\" sizes=\"(max-width: 220px) 100vw, 220px\" \/><\/a><\/p>\n<p><strong>L\u2019Echo Dissonant du D\u00e9sir\u300a\u6b32\u671b\u7684\u5931\u8c03\u56de\u58f0\u300bde&nbsp;Miao YU\u4e8e\u6dfc &#8211;&nbsp; La F\u00e9mis, France<\/strong><br \/>\n2020\/25&#8217;\/Fiction\/VOSTF<\/p>\n<p>\u5267\u60c5\u7b80\u4ecb\uff1a<br \/>\n\u9762\u5bf9Arthur\u7684\u793a\u597d\uff0cApolline\u603b\u662f\u65e0\u52a8\u4e8e\u8877\u3002\u5728\u4e00\u4e2a\u5a5a\u793c\u6d3e\u5bf9\u4e0a\uff0cApolline\u5bf9Arthur\u8bb2\u8d77\u5979\u7684\u611f\u60c5\u5192\u9669\u7ecf\u5386\uff0c\u8bd5\u56fe\u4e3a\u5979\u7684\u51b7\u6f20\u6001\u5ea6\u627e\u4e00\u4e2a\u7406\u7531\u3002<\/p>\n<p>&nbsp;<\/p>\n<p style=\"text-align: center;\"><strong>Jeudi 1 juillet 21h &#8211; 4 courts-m\u00e9trage &#8211; 63mins avec Q&amp;A<\/strong><\/p>\n<hr>\n<p><a href=\"https:\/\/www.allersretoursasso.fr\/zh\/accueil\/%e7%94%9f%e4%ba%8e%e6%84%8f%e5%bf%97%e4%b8%8e%e7%a1%9d%e7%83%9f-%e6%b5%b7%e6%8a%a52\/\" rel=\"attachment wp-att-1679\"><img loading=\"lazy\" decoding=\"async\" class=\"alignnone size-medium wp-image-1679\" src=\"https:\/\/www.allersretoursasso.fr\/wp-content\/uploads\/2021\/06\/\u751f\u4e8e\u610f\u5fd7\u4e0e\u785d\u70df-\u6d77\u62a52-203x300.jpg\" alt=\"\" width=\"203\" height=\"300\" srcset=\"https:\/\/www.allersretoursasso.fr\/wp-content\/uploads\/2021\/06\/\u751f\u4e8e\u610f\u5fd7\u4e0e\u785d\u70df-\u6d77\u62a52-203x300.jpg 203w, https:\/\/www.allersretoursasso.fr\/wp-content\/uploads\/2021\/06\/\u751f\u4e8e\u610f\u5fd7\u4e0e\u785d\u70df-\u6d77\u62a52-768x1136.jpg 768w, https:\/\/www.allersretoursasso.fr\/wp-content\/uploads\/2021\/06\/\u751f\u4e8e\u610f\u5fd7\u4e0e\u785d\u70df-\u6d77\u62a52-692x1024.jpg 692w, https:\/\/www.allersretoursasso.fr\/wp-content\/uploads\/2021\/06\/\u751f\u4e8e\u610f\u5fd7\u4e0e\u785d\u70df-\u6d77\u62a52-350x518.jpg 350w\" sizes=\"(max-width: 203px) 100vw, 203px\" \/><\/a><\/p>\n<p><strong>Immaculate Conception\u300a\u751f\u4e8e\u610f\u5fd7\u4e8e\u785d\u70df\u300bde Yifei GUO&nbsp;\u90ed\u4f9d\u83f2 &#8211;&nbsp;Beijing Film Academy, Chine<\/strong><br \/>\n2020\/37&#8217;\/Documentaire\/VOSTF<\/p>\n<p style=\"text-align: justify;\">\u5267\u60c5\u7b80\u4ecb\uff1a<br \/>\n\u5728\u5df4\u4ee5\u5730\u533a\uff0c\u5927\u7ea6\u4e0a\u767e\u4e07\u7684\u5df4\u52d2\u65af\u5766\u4eba\u88ab\u6293\u8fdb\u8fc7\u4ee5\u8272\u5217\u7684\u76d1\u72f1\u670d\u5211\uff0c\u4ed6\u4eec\u4e2d\u7684\u4e00\u4e9b\u4eba\u66f4\u662f\u9762\u4e3420\u5e74\u6216\u66f4\u957f\u65f6\u95f4\u7684\u7ec8\u8eab\u76d1\u7981\u3002\u592b\u59bb\u95f4\u7684\u63a2\u89c6\u6216\u88ab\u5b8c\u5168\u7981\u6b62\uff0c\u6216\u5728\u4e3a\u6570\u4e0d\u591a\u7684\u63a2\u89c6\u4e2d\u88ab\u7981\u6b62\u4efb\u4f55\u8eab\u4f53\u63a5\u89e6\u3002\u5728\u5df4\u52d2\u65af\u5766\uff0c\u4e00\u4e9b\u72af\u4eba\u5bb6\u5ead\u4e0d\u5f97\u4e0d\u901a\u8fc7\u201c\u8d70\u79c1\u7cbe\u5b50\u201d\u7684\u65b9\u5f0f\u5ef6\u7eed\u540e\u4ee3\u3002<br \/>\n\u8fd9\u662f\u4e00\u7247\u957f\u671f\u88ab\u6218\u4e89\u7b3c\u7f69\u7684\u571f\u5730\uff0c\u5728\u8fd9\u91cc\uff0c\u6bcf\u5929\u90fd\u53ef\u4ee5\u770b\u5230\u5173\u4e8e\u7ef4\u62a4\u5c0a\u4e25\u7684\u6597\u4e89\uff0c\u8fd9\u66f4\u50cf\u662f\u4e00\u573a\u6ca1\u6709\u785d\u70df\u7684\u6218\u4e89\uff0c\u4ed6\u4eec\u52aa\u529b\u514b\u670d\u4e00\u5207\u56f0\u96be\uff0c\u91cd\u83b7\u751f\u5b58\u7684\u6743\u5229\u3002<\/p>\n<p><a href=\"https:\/\/www.allersretoursasso.fr\/zh\/accueil\/%e6%a3%ba%e6%9d%90%e6%b5%b7%e6%8a%a5\/\" rel=\"attachment wp-att-1680\"><img loading=\"lazy\" decoding=\"async\" class=\"alignnone size-medium wp-image-1680\" src=\"https:\/\/www.allersretoursasso.fr\/wp-content\/uploads\/2021\/06\/\u68fa\u6750\u6d77\u62a5-207x300.jpg\" alt=\"\" width=\"207\" height=\"300\" srcset=\"https:\/\/www.allersretoursasso.fr\/wp-content\/uploads\/2021\/06\/\u68fa\u6750\u6d77\u62a5-207x300.jpg 207w, https:\/\/www.allersretoursasso.fr\/wp-content\/uploads\/2021\/06\/\u68fa\u6750\u6d77\u62a5-768x1114.jpg 768w, https:\/\/www.allersretoursasso.fr\/wp-content\/uploads\/2021\/06\/\u68fa\u6750\u6d77\u62a5-706x1024.jpg 706w, https:\/\/www.allersretoursasso.fr\/wp-content\/uploads\/2021\/06\/\u68fa\u6750\u6d77\u62a5-350x508.jpg 350w, https:\/\/www.allersretoursasso.fr\/wp-content\/uploads\/2021\/06\/\u68fa\u6750\u6d77\u62a5.jpg 1376w\" sizes=\"(max-width: 207px) 100vw, 207px\" \/><\/a><\/p>\n<p><strong>Coffin\u300a\u68fa\u6750\u300bde Yuanqing CAI(\u8521\u6e90\u9752), Nathan CRABOT, Houzhi HUANG(\u9ec4\u539a\u690d), Mikolaj JANIW, Mandimby LEBON, Th\u00e9o TRAN NGOC<br \/>\n\u90ed\u4f9d\u83f2 &#8211;&nbsp;Gobelins, L\u2019\u00e9cole de l\u2019image\uff0cFrance<br \/>\n<\/strong>2020\/5&#8217;\/Animation\/VOSTF<\/p>\n<p>\u5267\u60c5\u7b80\u4ecb\uff1a<br \/>\n\u4e00\u5934\u53ea\u60f3\u7761\u89c9\u7684\u793e\u755c\uff0c\u4e00\u7a9d\u5435\u95f9\u7684\u5ba4\u53cb\uff0c\u4e00\u5ea7\u62e5\u6324\u7684\u4e2d\u56fd\u5357\u65b9\u57ce\u5e02\u3002<br \/>\nUn tas de colocataires bruyants.<br \/>\nUne ville surpeupl\u00e9e au sud de la Chine.<\/p>\n<p><a href=\"https:\/\/www.allersretoursasso.fr\/zh\/accueil\/%e6%89%80%e6%9c%89%e5%8a%a8%e4%bd%9c%e9%83%bd%e5%ba%94%e6%9d%80%e6%ad%bb%e9%a3%8e-%e6%b5%b7%e6%8a%a5\/\" rel=\"attachment wp-att-1681\"><img loading=\"lazy\" decoding=\"async\" class=\"alignnone size-medium wp-image-1681\" src=\"https:\/\/www.allersretoursasso.fr\/wp-content\/uploads\/2021\/06\/\u6240\u6709\u52a8\u4f5c\u90fd\u5e94\u6740\u6b7b\u98ce-\u6d77\u62a5-300x171.jpg\" alt=\"\" width=\"300\" height=\"171\" srcset=\"https:\/\/www.allersretoursasso.fr\/wp-content\/uploads\/2021\/06\/\u6240\u6709\u52a8\u4f5c\u90fd\u5e94\u6740\u6b7b\u98ce-\u6d77\u62a5-300x171.jpg 300w, https:\/\/www.allersretoursasso.fr\/wp-content\/uploads\/2021\/06\/\u6240\u6709\u52a8\u4f5c\u90fd\u5e94\u6740\u6b7b\u98ce-\u6d77\u62a5-768x437.jpg 768w, https:\/\/www.allersretoursasso.fr\/wp-content\/uploads\/2021\/06\/\u6240\u6709\u52a8\u4f5c\u90fd\u5e94\u6740\u6b7b\u98ce-\u6d77\u62a5-1024x582.jpg 1024w, https:\/\/www.allersretoursasso.fr\/wp-content\/uploads\/2021\/06\/\u6240\u6709\u52a8\u4f5c\u90fd\u5e94\u6740\u6b7b\u98ce-\u6d77\u62a5-350x199.jpg 350w\" sizes=\"(max-width: 300px) 100vw, 300px\" \/><\/a><\/p>\n<p><strong>All Movements Should Kill The Wind\u300a\u6240\u6709\u52a8\u4f5c\u90fd\u5e94\u6740\u6b7b\u98ce\u300bde Yuyan Wang<br \/>\n\u738b\u88d5\u8a00 &#8211;&nbsp;Le Fresnoy &#8211; Studio national des arts contemporains, France<\/strong><br \/>\n2019\/12&#8217;\/Exp\u00e9rimental\/VOSTF<\/p>\n<p>\u5267\u60c5\u7b80\u4ecb\uff1a<br \/>\n\u4eba\u7c7b\u5851\u9020\u7740\u73af\u5883\uff0c\u73af\u5883\u4e5f\u5728\u5851\u9020\u7740\u4eba\u7684\u610f\u5fd7\u3002\u5728\u8ddd\u79bb\u5317\u4eac200\u516c\u91cc\u5916\u7684\u5730\u65b9\uff0c\u7537\u4eba\u4eec\u751f\u6d3b\u5728\u4e00\u4e2a\u91c7\u77f3\u573a\u91cc\uff0c\u5728\u7b49\u5f85\u7740\u5f00\u91c7\u3001\u5207\u5272\u548c\u88ab\u6253\u78e8\u6210\u96d5\u5851\u7684\u5ca9\u77f3\u4e2d\u3002\u540c\u6837\u7684\u52a8\u4f5c\u5faa\u73af\u5f80\u590d\uff0c\u4e66\u5199\u7740\u5173\u4e8e\u6253\u7834\u548c\u91cd\u5851\u7684\u5386\u53f2\u3002\u5728\u5236\u9020\u7891\u7684\u8fc7\u7a0b\u4e2d\uff0c\u5386\u53f2\u88ab\u62b9\u53bb\u4e86\u3002<\/p>\n<p><a href=\"https:\/\/www.allersretoursasso.fr\/zh\/accueil\/%e6%89%b9%e6%b3%a8-2021-06-27-195014\/\" rel=\"attachment wp-att-1691\"><img loading=\"lazy\" decoding=\"async\" class=\"alignnone size-medium wp-image-1691\" src=\"https:\/\/www.allersretoursasso.fr\/wp-content\/uploads\/2021\/06\/\u6279\u6ce8-2021-06-27-195014-201x300.jpg\" alt=\"\" width=\"201\" height=\"300\" srcset=\"https:\/\/www.allersretoursasso.fr\/wp-content\/uploads\/2021\/06\/\u6279\u6ce8-2021-06-27-195014-201x300.jpg 201w, https:\/\/www.allersretoursasso.fr\/wp-content\/uploads\/2021\/06\/\u6279\u6ce8-2021-06-27-195014-350x522.jpg 350w, https:\/\/www.allersretoursasso.fr\/wp-content\/uploads\/2021\/06\/\u6279\u6ce8-2021-06-27-195014.jpg 592w\" sizes=\"(max-width: 201px) 100vw, 201px\" \/><\/a><\/p>\n<p><strong>Sweet Drink\u300a\u53ef\u5c14\u5fc5\u601d\u300bde Yekonm \u9ec4\u8363\u6f8d &#8211;&nbsp;Beijing Film Academy, Chine<\/strong><br \/>\n2021\/9&#8217;\/Fiction\/VOSTF<\/p>\n<p>\u5267\u60c5\u7b80\u4ecb\uff1a<br \/>\n\u5c11\u5973\u7684\u590f\u65e5\u996e\u6599\u3002<\/p>\n<p>&nbsp;<\/p>\n<p style=\"margin: 0in; font-family: \u5fae\u8f6f\u96c5\u9ed1; font-size: 11.0pt;\"><span style=\"font-weight: bold; font-size: 12pt;\">\u573a\u6b21\/\u8d2d\u7968<\/span><\/p>\n<p style=\"margin: 0in; font-family: \u5fae\u8f6f\u96c5\u9ed1; font-size: 11.0pt;\"><span style=\"font-size: 12pt;\">Mercredi 30 juin &#8211; 21h<\/span><\/p>\n<p style=\"margin: 0in; font-family: \u5fae\u8f6f\u96c5\u9ed1; font-size: 11.0pt;\"><span style=\"font-size: 12pt;\">\u8d2d\u7968\u94fe\u63a5\uff1a&nbsp;<\/span><\/p>\n<p><span style=\"font-size: 12pt;\"><a href=\"https:\/\/sallevirtuelle.25eheure.com\/seance\/9872\">https:\/\/sallevirtuelle.25eheure.com\/seance\/9872<\/a><\/span><\/p>\n<p style=\"margin: 0in; font-family: \u5fae\u8f6f\u96c5\u9ed1; font-size: 11.0pt;\"><span style=\"font-size: 12pt;\">Jeudi 1 juillet &#8211; 21h<\/span><\/p>\n<p style=\"margin: 0in; font-family: \u5fae\u8f6f\u96c5\u9ed1; font-size: 11.0pt;\"><span style=\"font-size: 12pt;\">\u8d2d\u7968\u94fe\u63a5\uff1a&nbsp;<\/span><\/p>\n<p><span style=\"font-size: 12pt;\"><a href=\"https:\/\/sallevirtuelle.25eheure.com\/seance\/9873\">https:\/\/sallevirtuelle.25eheure.com\/seance\/9873<\/a><\/span><\/p>","protected":false},"excerpt":{"rendered":"<p>S\u00c9ANCE EN LIGNE En attendant de vous retrouver pour notre 4\u00e8me \u00e9dition dans les salles de cin\u00e9ma au mois de septembre, on se r\u00e9chauffe avec des projections en ligne pour que vous puissiez rencontrer des films et cin\u00e9astes directement depuis chez vous ! NOUVELLES S\u00c9ANCES&nbsp; &nbsp;* Coming of Age * &#8211; Projections Court-m\u00e9trages \u00c9tudiants Mercredi &hellip; <\/p>\n<p class=\"link-more\"><a href=\"https:\/\/www.allersretoursasso.fr\/zh\/hors-les-murs\/coming-of-age-2021\/\" class=\"more-link\">\u7ee7\u7eed\u9605\u8bfb<span class=\"screen-reader-text\">\u201cComing of Age 2021\u201d<\/span><\/a><\/p>","protected":false},"author":5,"featured_media":0,"parent":2111,"menu_order":0,"comment_status":"closed","ping_status":"closed","template":"","meta":{"footnotes":""},"_links":{"self":[{"href":"https:\/\/www.allersretoursasso.fr\/zh\/wp-json\/wp\/v2\/pages\/1724"}],"collection":[{"href":"https:\/\/www.allersretoursasso.fr\/zh\/wp-json\/wp\/v2\/pages"}],"about":[{"href":"https:\/\/www.allersretoursasso.fr\/zh\/wp-json\/wp\/v2\/types\/page"}],"author":[{"embeddable":true,"href":"https:\/\/www.allersretoursasso.fr\/zh\/wp-json\/wp\/v2\/users\/5"}],"replies":[{"embeddable":true,"href":"https:\/\/www.allersretoursasso.fr\/zh\/wp-json\/wp\/v2\/comments?post=1724"}],"version-history":[{"count":5,"href":"https:\/\/www.allersretoursasso.fr\/zh\/wp-json\/wp\/v2\/pages\/1724\/revisions"}],"predecessor-version":[{"id":3613,"href":"https:\/\/www.allersretoursasso.fr\/zh\/wp-json\/wp\/v2\/pages\/1724\/revisions\/3613"}],"up":[{"embeddable":true,"href":"https:\/\/www.allersretoursasso.fr\/zh\/wp-json\/wp\/v2\/pages\/2111"}],"wp:attachment":[{"href":"https:\/\/www.allersretoursasso.fr\/zh\/wp-json\/wp\/v2\/media?parent=1724"}],"curies":[{"name":"wp","href":"https:\/\/api.w.org\/{rel}","templated":true}]}}