{"id":173,"date":"2017-12-27T17:35:44","date_gmt":"2017-12-27T16:35:44","guid":{"rendered":"http:\/\/www.allersretoursasso.fr\/?page_id=173"},"modified":"2020-01-08T21:12:12","modified_gmt":"2020-01-08T20:12:12","slug":"173-2","status":"publish","type":"page","link":"https:\/\/www.allersretoursasso.fr\/zh\/173-2\/","title":{"rendered":"2018 pr\u00e9-vente"},"content":{"rendered":"<div id=\"fb-root\"><\/div>\n<h2>Du 19 au 21 janvier 2018<\/h2>\n<p>Studio des Ursulines\u5f71\u9662<br \/>\n10, rue des Ursulines<br \/>\n75005 Paris<\/p>\n<p>Pr\u00e9-vente <a href=\"https:\/\/www.billetweb.fr\/festival-du-cinema-dauteur-chinois\">en ligne.<\/a><\/p>\n<h2>Date \u00e0 confirmer<\/h2>\n<p>Universit\u00e9 de Paris 3 et de Paris 8<\/p>","protected":false},"excerpt":{"rendered":"<p>Du 19 au 21 janvier 2018 Studio des Ursulines 10, rue des Ursulines 75005 Paris Pr\u00e9-vente en ligne. Date \u00e0 confirmer Universit\u00e9 de Paris 3 et de Paris 8<\/p>","protected":false},"author":1,"featured_media":168,"parent":0,"menu_order":0,"comment_status":"closed","ping_status":"closed","template":"","meta":{"footnotes":""},"_links":{"self":[{"href":"https:\/\/www.allersretoursasso.fr\/zh\/wp-json\/wp\/v2\/pages\/173"}],"collection":[{"href":"https:\/\/www.allersretoursasso.fr\/zh\/wp-json\/wp\/v2\/pages"}],"about":[{"href":"https:\/\/www.allersretoursasso.fr\/zh\/wp-json\/wp\/v2\/types\/page"}],"author":[{"embeddable":true,"href":"https:\/\/www.allersretoursasso.fr\/zh\/wp-json\/wp\/v2\/users\/1"}],"replies":[{"embeddable":true,"href":"https:\/\/www.allersretoursasso.fr\/zh\/wp-json\/wp\/v2\/comments?post=173"}],"version-history":[{"count":7,"href":"https:\/\/www.allersretoursasso.fr\/zh\/wp-json\/wp\/v2\/pages\/173\/revisions"}],"predecessor-version":[{"id":1298,"href":"https:\/\/www.allersretoursasso.fr\/zh\/wp-json\/wp\/v2\/pages\/173\/revisions\/1298"}],"wp:featuredmedia":[{"embeddable":true,"href":"https:\/\/www.allersretoursasso.fr\/zh\/wp-json\/wp\/v2\/media\/168"}],"wp:attachment":[{"href":"https:\/\/www.allersretoursasso.fr\/zh\/wp-json\/wp\/v2\/media?parent=173"}],"curies":[{"name":"wp","href":"https:\/\/api.w.org\/{rel}","templated":true}]}}