{"id":2352,"date":"2022-09-01T22:31:38","date_gmt":"2022-09-01T20:31:38","guid":{"rendered":"https:\/\/www.allersretoursasso.fr\/?page_id=2352"},"modified":"2022-09-08T12:58:13","modified_gmt":"2022-09-08T10:58:13","slug":"coming-of-age-2022-tout-ce-qui-etait-proche-seloigne","status":"publish","type":"page","link":"https:\/\/www.allersretoursasso.fr\/zh\/coming-of-age-2022-tout-ce-qui-etait-proche-seloigne\/","title":{"rendered":"Coming of Age 2022 &#8211; Tout ce qui \u00e9tait proche s\u2019\u00e9loigne"},"content":{"rendered":"<div id=\"fb-root\"><\/div>\n\n<div class=\"wp-block-media-text alignwide is-stacked-on-mobile\" style=\"grid-template-columns:41% auto\"><figure class=\"wp-block-media-text__media\"><img loading=\"lazy\" decoding=\"async\" width=\"717\" height=\"1024\" src=\"https:\/\/www.allersretoursasso.fr\/wp-content\/uploads\/2022\/09\/Tout-ce-qui-etait-proche-s_eloigne-format-uni-1-717x1024.png\" alt=\"\" class=\"wp-image-2606 size-full\" srcset=\"https:\/\/www.allersretoursasso.fr\/wp-content\/uploads\/2022\/09\/Tout-ce-qui-etait-proche-s_eloigne-format-uni-1-717x1024.png 717w, https:\/\/www.allersretoursasso.fr\/wp-content\/uploads\/2022\/09\/Tout-ce-qui-etait-proche-s_eloigne-format-uni-1-210x300.png 210w, https:\/\/www.allersretoursasso.fr\/wp-content\/uploads\/2022\/09\/Tout-ce-qui-etait-proche-s_eloigne-format-uni-1-768x1097.png 768w, https:\/\/www.allersretoursasso.fr\/wp-content\/uploads\/2022\/09\/Tout-ce-qui-etait-proche-s_eloigne-format-uni-1-1075x1536.png 1075w, https:\/\/www.allersretoursasso.fr\/wp-content\/uploads\/2022\/09\/Tout-ce-qui-etait-proche-s_eloigne-format-uni-1-1433x2048.png 1433w, https:\/\/www.allersretoursasso.fr\/wp-content\/uploads\/2022\/09\/Tout-ce-qui-etait-proche-s_eloigne-format-uni-1-350x500.png 350w\" sizes=\"(max-width: 717px) 100vw, 717px\" \/><\/figure><div class=\"wp-block-media-text__content\">\n<div class=\"wp-block-group is-layout-flow wp-block-group-is-layout-flow\"><div class=\"wp-block-group__inner-container\">\n<div class=\"wp-block-group is-vertical is-layout-flex wp-container-core-group-layout-5 wp-block-group-is-layout-flex\">\n<div class=\"wp-block-group is-layout-flow wp-block-group-is-layout-flow\"><div class=\"wp-block-group__inner-container\">\n<div class=\"wp-block-group is-layout-flow wp-block-group-is-layout-flow\"><div class=\"wp-block-group__inner-container\">\n<div class=\"wp-block-group is-layout-flow wp-block-group-is-layout-flow\"><div class=\"wp-block-group__inner-container\">\n<p><\/p>\n\n\n\n<p style=\"font-size:30px;font-style:normal;font-weight:500\"><em><strong>2022\u5e74\u4ee5<\/strong><\/em><\/p>\n\n\n\n<p style=\"font-size:30px;font-style:normal;font-weight:500\"><strong>\u4e00\u5207\u8fd1\u7684\u90fd\u5c06\u8fdc\u53bb<\/strong><\/p>\n\n\n\n<p class=\"has-medium-font-size\">Yunyi ZHU<\/p>\n\n\n\n<p class=\"has-medium-font-size\">\u6731\u4e91\u9038<\/p>\n\n\n\n<p class=\"has-small-font-size\"><a href=\"https:\/\/www.allersretoursasso.fr\/zh\/coming-of-age-2022\/\" target=\"_blank\" rel=\"noreferrer noopener\">\u00c9dition : Coming of Age 2022<\/a><\/p>\n\n\n\n<p style=\"font-size:10px\"><\/p>\n<\/div><\/div>\n\n\n\n<p class=\"has-text-align-center\"><\/p>\n\n\n\n<p class=\"has-text-align-left\" style=\"font-size:15px\"><\/p>\n<\/div><\/div>\n\n\n\n<div class=\"wp-block-group is-layout-flow wp-block-group-is-layout-flow\"><div class=\"wp-block-group__inner-container\">\n<p style=\"font-size:15px\"><\/p>\n<\/div><\/div>\n<\/div><\/div>\n<\/div>\n<\/div><\/div>\n<\/div><\/div>\n\n\n\n<h2 class=\"wp-block-heading\"><\/h2>\n\n\n\n<div class=\"wp-block-group is-layout-flow wp-block-group-is-layout-flow\"><div class=\"wp-block-group__inner-container\">\n<p class=\"has-text-align-center has-small-font-size\"><em>2022 \/ 22\u2019 \/ Fran\u00e7ais \/ VOSTF \/ Documentaire, Exp\u00e9rimental<\/em><\/p>\n\n\n\n<p class=\"has-text-align-center has-small-font-size\"><em>S\u00e9lectionn\u00e9 au Cin\u00e9ma du R\u00e9el 2022<\/em><\/p>\n\n\n\n<p>Mon ami Xiaoxin a contract\u00e9 une maladie oculaire. Il a perdu progressivement la vue \u00e0 partir de ce moment-l\u00e0. En 2015, il \u00e9tait devenu compl\u00e8tement aveugle. Il m\u2019a dit que ce noir complet lui faisait peur. J\u2019ai compris que mon ami \u00e9tait en route pour quelque part.<\/p>\n<\/div><\/div>\n\n\n\n<p><mark style=\"background-color:rgba(0, 0, 0, 0)\" class=\"has-inline-color has-white-color\">0000<\/mark><\/p>\n\n\n\n<figure class=\"wp-block-gallery has-nested-images columns-default is-cropped wp-block-gallery-1 is-layout-flex wp-block-gallery-is-layout-flex\">\n<figure class=\"wp-block-image size-large\"><img loading=\"lazy\" decoding=\"async\" width=\"2519\" height=\"1891\" data-id=\"2206\" src=\"https:\/\/www.allersretoursasso.fr\/wp-content\/uploads\/2022\/08\/Copie-de-Tout-ce-qui-etait-proche-seloigne-1.jpg\" alt=\"\" class=\"wp-image-2206\" srcset=\"https:\/\/www.allersretoursasso.fr\/wp-content\/uploads\/2022\/08\/Copie-de-Tout-ce-qui-etait-proche-seloigne-1.jpg 2519w, https:\/\/www.allersretoursasso.fr\/wp-content\/uploads\/2022\/08\/Copie-de-Tout-ce-qui-etait-proche-seloigne-1-300x225.jpg 300w, https:\/\/www.allersretoursasso.fr\/wp-content\/uploads\/2022\/08\/Copie-de-Tout-ce-qui-etait-proche-seloigne-1-1024x769.jpg 1024w, https:\/\/www.allersretoursasso.fr\/wp-content\/uploads\/2022\/08\/Copie-de-Tout-ce-qui-etait-proche-seloigne-1-768x577.jpg 768w, https:\/\/www.allersretoursasso.fr\/wp-content\/uploads\/2022\/08\/Copie-de-Tout-ce-qui-etait-proche-seloigne-1-1536x1153.jpg 1536w, https:\/\/www.allersretoursasso.fr\/wp-content\/uploads\/2022\/08\/Copie-de-Tout-ce-qui-etait-proche-seloigne-1-2048x1537.jpg 2048w, https:\/\/www.allersretoursasso.fr\/wp-content\/uploads\/2022\/08\/Copie-de-Tout-ce-qui-etait-proche-seloigne-1-350x263.jpg 350w\" sizes=\"(max-width: 767px) 89vw, (max-width: 1000px) 54vw, (max-width: 1071px) 543px, 580px\" \/><\/figure>\n\n\n\n<figure class=\"wp-block-image size-large\"><img loading=\"lazy\" decoding=\"async\" width=\"2519\" height=\"1891\" data-id=\"2207\" src=\"https:\/\/www.allersretoursasso.fr\/wp-content\/uploads\/2022\/08\/Copie-de-Tout-ce-qui-etait-proche-seloigne-2.jpg\" alt=\"\" class=\"wp-image-2207\" srcset=\"https:\/\/www.allersretoursasso.fr\/wp-content\/uploads\/2022\/08\/Copie-de-Tout-ce-qui-etait-proche-seloigne-2.jpg 2519w, https:\/\/www.allersretoursasso.fr\/wp-content\/uploads\/2022\/08\/Copie-de-Tout-ce-qui-etait-proche-seloigne-2-300x225.jpg 300w, https:\/\/www.allersretoursasso.fr\/wp-content\/uploads\/2022\/08\/Copie-de-Tout-ce-qui-etait-proche-seloigne-2-1024x769.jpg 1024w, https:\/\/www.allersretoursasso.fr\/wp-content\/uploads\/2022\/08\/Copie-de-Tout-ce-qui-etait-proche-seloigne-2-768x577.jpg 768w, https:\/\/www.allersretoursasso.fr\/wp-content\/uploads\/2022\/08\/Copie-de-Tout-ce-qui-etait-proche-seloigne-2-1536x1153.jpg 1536w, https:\/\/www.allersretoursasso.fr\/wp-content\/uploads\/2022\/08\/Copie-de-Tout-ce-qui-etait-proche-seloigne-2-2048x1537.jpg 2048w, https:\/\/www.allersretoursasso.fr\/wp-content\/uploads\/2022\/08\/Copie-de-Tout-ce-qui-etait-proche-seloigne-2-350x263.jpg 350w\" sizes=\"(max-width: 767px) 89vw, (max-width: 1000px) 54vw, (max-width: 1071px) 543px, 580px\" \/><\/figure>\n\n\n\n<figure class=\"wp-block-image size-large\"><img loading=\"lazy\" decoding=\"async\" width=\"2519\" height=\"1891\" data-id=\"2208\" src=\"https:\/\/www.allersretoursasso.fr\/wp-content\/uploads\/2022\/08\/Copie-de-Tout-ce-qui-etait-proche-seloigne-3.jpg\" alt=\"\" class=\"wp-image-2208\" srcset=\"https:\/\/www.allersretoursasso.fr\/wp-content\/uploads\/2022\/08\/Copie-de-Tout-ce-qui-etait-proche-seloigne-3.jpg 2519w, https:\/\/www.allersretoursasso.fr\/wp-content\/uploads\/2022\/08\/Copie-de-Tout-ce-qui-etait-proche-seloigne-3-300x225.jpg 300w, https:\/\/www.allersretoursasso.fr\/wp-content\/uploads\/2022\/08\/Copie-de-Tout-ce-qui-etait-proche-seloigne-3-1024x769.jpg 1024w, https:\/\/www.allersretoursasso.fr\/wp-content\/uploads\/2022\/08\/Copie-de-Tout-ce-qui-etait-proche-seloigne-3-768x577.jpg 768w, https:\/\/www.allersretoursasso.fr\/wp-content\/uploads\/2022\/08\/Copie-de-Tout-ce-qui-etait-proche-seloigne-3-1536x1153.jpg 1536w, https:\/\/www.allersretoursasso.fr\/wp-content\/uploads\/2022\/08\/Copie-de-Tout-ce-qui-etait-proche-seloigne-3-2048x1537.jpg 2048w, https:\/\/www.allersretoursasso.fr\/wp-content\/uploads\/2022\/08\/Copie-de-Tout-ce-qui-etait-proche-seloigne-3-350x263.jpg 350w\" sizes=\"(max-width: 767px) 89vw, (max-width: 1000px) 54vw, (max-width: 1071px) 543px, 580px\" \/><\/figure>\n\n\n\n<figure class=\"wp-block-image size-large\"><img loading=\"lazy\" decoding=\"async\" width=\"2519\" height=\"1891\" data-id=\"2209\" src=\"https:\/\/www.allersretoursasso.fr\/wp-content\/uploads\/2022\/08\/Copie-de-Tout-ce-qui-etait-proche-seloigne-4.jpg\" alt=\"\" class=\"wp-image-2209\" srcset=\"https:\/\/www.allersretoursasso.fr\/wp-content\/uploads\/2022\/08\/Copie-de-Tout-ce-qui-etait-proche-seloigne-4.jpg 2519w, https:\/\/www.allersretoursasso.fr\/wp-content\/uploads\/2022\/08\/Copie-de-Tout-ce-qui-etait-proche-seloigne-4-300x225.jpg 300w, https:\/\/www.allersretoursasso.fr\/wp-content\/uploads\/2022\/08\/Copie-de-Tout-ce-qui-etait-proche-seloigne-4-1024x769.jpg 1024w, https:\/\/www.allersretoursasso.fr\/wp-content\/uploads\/2022\/08\/Copie-de-Tout-ce-qui-etait-proche-seloigne-4-768x577.jpg 768w, https:\/\/www.allersretoursasso.fr\/wp-content\/uploads\/2022\/08\/Copie-de-Tout-ce-qui-etait-proche-seloigne-4-1536x1153.jpg 1536w, https:\/\/www.allersretoursasso.fr\/wp-content\/uploads\/2022\/08\/Copie-de-Tout-ce-qui-etait-proche-seloigne-4-2048x1537.jpg 2048w, https:\/\/www.allersretoursasso.fr\/wp-content\/uploads\/2022\/08\/Copie-de-Tout-ce-qui-etait-proche-seloigne-4-350x263.jpg 350w\" sizes=\"(max-width: 767px) 89vw, (max-width: 1000px) 54vw, (max-width: 1071px) 543px, 580px\" \/><\/figure>\n\n\n\n<figure class=\"wp-block-image size-large\"><img loading=\"lazy\" decoding=\"async\" width=\"2519\" height=\"1891\" data-id=\"2210\" src=\"https:\/\/www.allersretoursasso.fr\/wp-content\/uploads\/2022\/08\/Copie-de-Tout-ce-qui-etait-proche-seloigne-5.jpg\" alt=\"\" class=\"wp-image-2210\" srcset=\"https:\/\/www.allersretoursasso.fr\/wp-content\/uploads\/2022\/08\/Copie-de-Tout-ce-qui-etait-proche-seloigne-5.jpg 2519w, https:\/\/www.allersretoursasso.fr\/wp-content\/uploads\/2022\/08\/Copie-de-Tout-ce-qui-etait-proche-seloigne-5-300x225.jpg 300w, https:\/\/www.allersretoursasso.fr\/wp-content\/uploads\/2022\/08\/Copie-de-Tout-ce-qui-etait-proche-seloigne-5-1024x769.jpg 1024w, https:\/\/www.allersretoursasso.fr\/wp-content\/uploads\/2022\/08\/Copie-de-Tout-ce-qui-etait-proche-seloigne-5-768x577.jpg 768w, https:\/\/www.allersretoursasso.fr\/wp-content\/uploads\/2022\/08\/Copie-de-Tout-ce-qui-etait-proche-seloigne-5-1536x1153.jpg 1536w, https:\/\/www.allersretoursasso.fr\/wp-content\/uploads\/2022\/08\/Copie-de-Tout-ce-qui-etait-proche-seloigne-5-2048x1537.jpg 2048w, https:\/\/www.allersretoursasso.fr\/wp-content\/uploads\/2022\/08\/Copie-de-Tout-ce-qui-etait-proche-seloigne-5-350x263.jpg 350w\" sizes=\"(max-width: 767px) 89vw, (max-width: 1000px) 54vw, (max-width: 1071px) 543px, 580px\" \/><\/figure>\n\n\n\n<figure class=\"wp-block-image size-large\"><img loading=\"lazy\" decoding=\"async\" width=\"2519\" height=\"1891\" data-id=\"2211\" src=\"https:\/\/www.allersretoursasso.fr\/wp-content\/uploads\/2022\/08\/Copie-de-Tout-ce-qui-etait-proche-seloigne-6.jpg\" alt=\"\" class=\"wp-image-2211\" srcset=\"https:\/\/www.allersretoursasso.fr\/wp-content\/uploads\/2022\/08\/Copie-de-Tout-ce-qui-etait-proche-seloigne-6.jpg 2519w, https:\/\/www.allersretoursasso.fr\/wp-content\/uploads\/2022\/08\/Copie-de-Tout-ce-qui-etait-proche-seloigne-6-300x225.jpg 300w, https:\/\/www.allersretoursasso.fr\/wp-content\/uploads\/2022\/08\/Copie-de-Tout-ce-qui-etait-proche-seloigne-6-1024x769.jpg 1024w, https:\/\/www.allersretoursasso.fr\/wp-content\/uploads\/2022\/08\/Copie-de-Tout-ce-qui-etait-proche-seloigne-6-768x577.jpg 768w, https:\/\/www.allersretoursasso.fr\/wp-content\/uploads\/2022\/08\/Copie-de-Tout-ce-qui-etait-proche-seloigne-6-1536x1153.jpg 1536w, https:\/\/www.allersretoursasso.fr\/wp-content\/uploads\/2022\/08\/Copie-de-Tout-ce-qui-etait-proche-seloigne-6-2048x1537.jpg 2048w, https:\/\/www.allersretoursasso.fr\/wp-content\/uploads\/2022\/08\/Copie-de-Tout-ce-qui-etait-proche-seloigne-6-350x263.jpg 350w\" sizes=\"(max-width: 767px) 89vw, (max-width: 1000px) 54vw, (max-width: 1071px) 543px, 580px\" \/><\/figure>\n<\/figure>\n\n\n\n<p><mark style=\"background-color:rgba(0, 0, 0, 0)\" class=\"has-inline-color has-white-color\">000000<\/mark><\/p>\n\n\n\n<figure class=\"wp-block-embed is-type-video is-provider-youtube wp-block-embed-youtube wp-embed-aspect-16-9 wp-has-aspect-ratio\"><div class=\"wp-block-embed__wrapper\">\n<iframe loading=\"lazy\" title=\"Tout ce qui \u00e9tait proche s\u2019\u00e9loigne - Yunyi ZHU - Bande-annonce\" width=\"525\" height=\"295\" src=\"https:\/\/www.youtube.com\/embed\/zstYwtFuG9g?feature=oembed\" frameborder=\"0\" allow=\"accelerometer; autoplay; clipboard-write; encrypted-media; gyroscope; picture-in-picture\" allowfullscreen><\/iframe>\n<\/div><\/figure>\n\n\n\n<p><\/p>\n\n\n\n<div class=\"wp-block-group is-vertical is-content-justification-center is-layout-flex wp-container-core-group-layout-8 wp-block-group-is-layout-flex\"><p class=\"fonts-plugin-block\" style=\"font-weight: normal\">29 septembre \u00e0 19h45 &#8211; Studio des Ursulines<\/p>\n\n\n<div class=\"wp-block-buttons is-layout-flex wp-block-buttons-is-layout-flex\">\n<div class=\"wp-block-button has-custom-width wp-block-button__width-100 is-style-outline\"><a class=\"wp-block-button__link has-white-background-color has-background\" href=\"https:\/\/www.studiodesursulines.com\/film\/coming-of-age\/\" target=\"_blank\" rel=\"noreferrer noopener\">\u8d2d\u7968\u94fe\u63a5<\/a><\/div>\n<\/div>\n<\/div>\n\n\n\n<div class=\"wp-block-cover is-light\" style=\"min-height:349px\"><span aria-hidden=\"true\" class=\"wp-block-cover__background has-white-background-color has-background-dim\"><\/span><div class=\"wp-block-cover__inner-container is-layout-flow wp-block-cover-is-layout-flow\">\n<div class=\"wp-block-group is-layout-flow wp-block-group-is-layout-flow\"><div class=\"wp-block-group__inner-container\">\n<figure class=\"wp-block-image size-large\"><a href=\"https:\/\/www.allersretoursasso.fr\/zh\/coming-of-age-2022\/\" target=\"_blank\" rel=\"noreferrer noopener\"><img loading=\"lazy\" decoding=\"async\" width=\"1024\" height=\"379\" src=\"https:\/\/www.allersretoursasso.fr\/wp-content\/uploads\/2022\/09\/Banner-Facebook-png-1024x379.png\" alt=\"\" class=\"wp-image-2317\" srcset=\"https:\/\/www.allersretoursasso.fr\/wp-content\/uploads\/2022\/09\/Banner-Facebook-png-1024x379.png 1024w, https:\/\/www.allersretoursasso.fr\/wp-content\/uploads\/2022\/09\/Banner-Facebook-png-300x111.png 300w, https:\/\/www.allersretoursasso.fr\/wp-content\/uploads\/2022\/09\/Banner-Facebook-png-768x284.png 768w, https:\/\/www.allersretoursasso.fr\/wp-content\/uploads\/2022\/09\/Banner-Facebook-png-1536x569.png 1536w, https:\/\/www.allersretoursasso.fr\/wp-content\/uploads\/2022\/09\/Banner-Facebook-png-2048x758.png 2048w, https:\/\/www.allersretoursasso.fr\/wp-content\/uploads\/2022\/09\/Banner-Facebook-png-350x130.png 350w\" sizes=\"(max-width: 767px) 89vw, (max-width: 1000px) 54vw, (max-width: 1071px) 543px, 580px\" \/><\/a><\/figure>\n<\/div><\/div>\n<\/div><\/div>\n\n\n\n<div class=\"wp-block-group is-layout-flow wp-block-group-is-layout-flow\"><div class=\"wp-block-group__inner-container\">\n<p class=\"has-text-align-center\" style=\"font-size:15px\"><\/p>\n<\/div><\/div>\n\n\n\n<p class=\"has-text-align-center has-white-color has-text-color\" style=\"font-size:15px\"> 19h45 aux Ursuline<\/p>\n\n\n\n<p class=\"has-text-align-center has-white-color has-text-color\" style=\"font-size:15px\">06 octobre \u00e0 19h45 aux Ursulines<\/p>","protected":false},"excerpt":{"rendered":"<p>2022 \/ 22\u2019 \/ Fran\u00e7ais \/ VOSTF \/ Documentaire, Exp\u00e9rimental S\u00e9lectionn\u00e9 au Cin\u00e9ma du R\u00e9el 2022 Mon ami Xiaoxin a contract\u00e9 une maladie oculaire. Il a perdu progressivement la vue \u00e0 partir de ce moment-l\u00e0. En 2015, il \u00e9tait devenu compl\u00e8tement aveugle. Il m\u2019a dit que ce noir complet lui faisait peur. J\u2019ai compris que &hellip; <\/p>\n<p class=\"link-more\"><a href=\"https:\/\/www.allersretoursasso.fr\/zh\/coming-of-age-2022-tout-ce-qui-etait-proche-seloigne\/\" class=\"more-link\">\u7ee7\u7eed\u9605\u8bfb<span class=\"screen-reader-text\">\u201cComing of Age 2022 &#8211; Tout ce qui \u00e9tait proche s\u2019\u00e9loigne\u201d<\/span><\/a><\/p>","protected":false},"author":16,"featured_media":0,"parent":0,"menu_order":0,"comment_status":"closed","ping_status":"closed","template":"","meta":{"footnotes":""},"_links":{"self":[{"href":"https:\/\/www.allersretoursasso.fr\/zh\/wp-json\/wp\/v2\/pages\/2352"}],"collection":[{"href":"https:\/\/www.allersretoursasso.fr\/zh\/wp-json\/wp\/v2\/pages"}],"about":[{"href":"https:\/\/www.allersretoursasso.fr\/zh\/wp-json\/wp\/v2\/types\/page"}],"author":[{"embeddable":true,"href":"https:\/\/www.allersretoursasso.fr\/zh\/wp-json\/wp\/v2\/users\/16"}],"replies":[{"embeddable":true,"href":"https:\/\/www.allersretoursasso.fr\/zh\/wp-json\/wp\/v2\/comments?post=2352"}],"version-history":[{"count":7,"href":"https:\/\/www.allersretoursasso.fr\/zh\/wp-json\/wp\/v2\/pages\/2352\/revisions"}],"predecessor-version":[{"id":2654,"href":"https:\/\/www.allersretoursasso.fr\/zh\/wp-json\/wp\/v2\/pages\/2352\/revisions\/2654"}],"wp:attachment":[{"href":"https:\/\/www.allersretoursasso.fr\/zh\/wp-json\/wp\/v2\/media?parent=2352"}],"curies":[{"name":"wp","href":"https:\/\/api.w.org\/{rel}","templated":true}]}}