{"id":2356,"date":"2022-09-05T21:31:18","date_gmt":"2022-09-05T19:31:18","guid":{"rendered":"https:\/\/www.allersretoursasso.fr\/?page_id=2356"},"modified":"2022-09-08T11:49:22","modified_gmt":"2022-09-08T09:49:22","slug":"coming-of-age-2022-exposed","status":"publish","type":"page","link":"https:\/\/www.allersretoursasso.fr\/zh\/coming-of-age-2022-exposed\/","title":{"rendered":"Coming of Age 2022 &#8211; Exposed"},"content":{"rendered":"<div id=\"fb-root\"><\/div>\n\n<div class=\"wp-block-media-text alignwide is-stacked-on-mobile\" style=\"grid-template-columns:41% auto\"><figure class=\"wp-block-media-text__media\"><img loading=\"lazy\" decoding=\"async\" width=\"691\" height=\"1024\" src=\"https:\/\/www.allersretoursasso.fr\/wp-content\/uploads\/2022\/08\/Affiche-Exposed-691x1024.jpg\" alt=\"\" class=\"wp-image-2149 size-full\" srcset=\"https:\/\/www.allersretoursasso.fr\/wp-content\/uploads\/2022\/08\/Affiche-Exposed-691x1024.jpg 691w, https:\/\/www.allersretoursasso.fr\/wp-content\/uploads\/2022\/08\/Affiche-Exposed-203x300.jpg 203w, https:\/\/www.allersretoursasso.fr\/wp-content\/uploads\/2022\/08\/Affiche-Exposed-768x1137.jpg 768w, https:\/\/www.allersretoursasso.fr\/wp-content\/uploads\/2022\/08\/Affiche-Exposed-1037x1536.jpg 1037w, https:\/\/www.allersretoursasso.fr\/wp-content\/uploads\/2022\/08\/Affiche-Exposed-1383x2048.jpg 1383w, https:\/\/www.allersretoursasso.fr\/wp-content\/uploads\/2022\/08\/Affiche-Exposed-350x518.jpg 350w, https:\/\/www.allersretoursasso.fr\/wp-content\/uploads\/2022\/08\/Affiche-Exposed-scaled.jpg 1729w\" sizes=\"(max-width: 691px) 100vw, 691px\" \/><\/figure><div class=\"wp-block-media-text__content\">\n<div class=\"wp-block-group is-layout-flow wp-block-group-is-layout-flow\"><div class=\"wp-block-group__inner-container\">\n<div class=\"wp-block-group is-vertical is-layout-flex wp-container-core-group-layout-5 wp-block-group-is-layout-flex\">\n<div class=\"wp-block-group is-layout-flow wp-block-group-is-layout-flow\"><div class=\"wp-block-group__inner-container\">\n<div class=\"wp-block-group is-layout-flow wp-block-group-is-layout-flow\"><div class=\"wp-block-group__inner-container\">\n<div class=\"wp-block-group is-layout-flow wp-block-group-is-layout-flow\"><div class=\"wp-block-group__inner-container\">\n<p style=\"font-size:30px;font-style:normal;font-weight:500\"><em><strong>Exposed<\/strong><\/em><\/p>\n\n\n\n<p><\/p>\n\n\n\n<p><\/p>\n\n\n\n<p class=\"has-medium-font-size\">HUANG Shuli<\/p>\n\n\n\n<p class=\"has-medium-font-size\">\u9ec4\u6811\u7acb<\/p>\n\n\n\n<p class=\"has-small-font-size\"><a href=\"https:\/\/www.allersretoursasso.fr\/zh\/coming-of-age-2022\/\" target=\"_blank\" rel=\"noreferrer noopener\">\u00c9dition : Coming of Age 2022<\/a><\/p>\n\n\n\n<p style=\"font-size:10px\"><\/p>\n<\/div><\/div>\n\n\n\n<p class=\"has-text-align-center\"><\/p>\n\n\n\n<p class=\"has-text-align-left\" style=\"font-size:15px\"><\/p>\n<\/div><\/div>\n\n\n\n<div class=\"wp-block-group is-layout-flow wp-block-group-is-layout-flow\"><div class=\"wp-block-group__inner-container\">\n<p style=\"font-size:15px\"><\/p>\n<\/div><\/div>\n<\/div><\/div>\n<\/div>\n<\/div><\/div>\n<\/div><\/div>\n\n\n\n<h2 class=\"wp-block-heading\"><\/h2>\n\n\n\n<div class=\"wp-block-group is-layout-flow wp-block-group-is-layout-flow\"><div class=\"wp-block-group__inner-container\">\n<p class=\"has-text-align-center has-small-font-size\"><em>2021 \/ 4\u201920\u2019\u2019 \/ Sans dialogue\/ Fiction<\/em><\/p>\n\n\n\n<p class=\"has-text-align-center has-small-font-size\"><em>S\u00e9lectionn\u00e9 au Palm Springs ShortFest 2021<\/em><\/p>\n\n\n\n<p>Un petit gar\u00e7on prend des photos dans la rue. Son appareil se porte soudain sur une femme, sa m\u00e8re. Elle embrasse un homme. Il glisse vers le monde des adultes.<\/p>\n<\/div><\/div>\n\n\n\n<p><mark style=\"background-color:rgba(0, 0, 0, 0)\" class=\"has-inline-color has-white-color\">0000<\/mark><\/p>\n\n\n\n<figure class=\"wp-block-gallery has-nested-images columns-default is-cropped wp-block-gallery-1 is-layout-flex wp-block-gallery-is-layout-flex\">\n<figure class=\"wp-block-image size-large\"><img loading=\"lazy\" decoding=\"async\" width=\"1920\" height=\"1130\" data-id=\"2213\" src=\"https:\/\/www.allersretoursasso.fr\/wp-content\/uploads\/2022\/08\/Exposedcolor422HQ0114-0001.png\uff08\u526f\u672c\uff09.png\" alt=\"\" class=\"wp-image-2213\" srcset=\"https:\/\/www.allersretoursasso.fr\/wp-content\/uploads\/2022\/08\/Exposedcolor422HQ0114-0001.png\uff08\u526f\u672c\uff09.png 1920w, https:\/\/www.allersretoursasso.fr\/wp-content\/uploads\/2022\/08\/Exposedcolor422HQ0114-0001.png\uff08\u526f\u672c\uff09-300x177.png 300w, https:\/\/www.allersretoursasso.fr\/wp-content\/uploads\/2022\/08\/Exposedcolor422HQ0114-0001.png\uff08\u526f\u672c\uff09-1024x603.png 1024w, https:\/\/www.allersretoursasso.fr\/wp-content\/uploads\/2022\/08\/Exposedcolor422HQ0114-0001.png\uff08\u526f\u672c\uff09-768x452.png 768w, https:\/\/www.allersretoursasso.fr\/wp-content\/uploads\/2022\/08\/Exposedcolor422HQ0114-0001.png\uff08\u526f\u672c\uff09-1536x904.png 1536w, https:\/\/www.allersretoursasso.fr\/wp-content\/uploads\/2022\/08\/Exposedcolor422HQ0114-0001.png\uff08\u526f\u672c\uff09-350x206.png 350w\" sizes=\"(max-width: 767px) 89vw, (max-width: 1000px) 54vw, (max-width: 1071px) 543px, 580px\" \/><\/figure>\n\n\n\n<figure class=\"wp-block-image size-large\"><img loading=\"lazy\" decoding=\"async\" width=\"1920\" height=\"1080\" data-id=\"2221\" src=\"https:\/\/www.allersretoursasso.fr\/wp-content\/uploads\/2022\/08\/Still1-copy.png\uff08\u526f\u672c\uff09.png\" alt=\"\" class=\"wp-image-2221\" srcset=\"https:\/\/www.allersretoursasso.fr\/wp-content\/uploads\/2022\/08\/Still1-copy.png\uff08\u526f\u672c\uff09.png 1920w, https:\/\/www.allersretoursasso.fr\/wp-content\/uploads\/2022\/08\/Still1-copy.png\uff08\u526f\u672c\uff09-300x169.png 300w, https:\/\/www.allersretoursasso.fr\/wp-content\/uploads\/2022\/08\/Still1-copy.png\uff08\u526f\u672c\uff09-1024x576.png 1024w, https:\/\/www.allersretoursasso.fr\/wp-content\/uploads\/2022\/08\/Still1-copy.png\uff08\u526f\u672c\uff09-768x432.png 768w, https:\/\/www.allersretoursasso.fr\/wp-content\/uploads\/2022\/08\/Still1-copy.png\uff08\u526f\u672c\uff09-1536x864.png 1536w, https:\/\/www.allersretoursasso.fr\/wp-content\/uploads\/2022\/08\/Still1-copy.png\uff08\u526f\u672c\uff09-350x197.png 350w\" sizes=\"(max-width: 767px) 89vw, (max-width: 1000px) 54vw, (max-width: 1071px) 543px, 580px\" \/><\/figure>\n\n\n\n<figure class=\"wp-block-image size-large\"><img loading=\"lazy\" decoding=\"async\" width=\"1024\" height=\"603\" data-id=\"2216\" src=\"https:\/\/www.allersretoursasso.fr\/wp-content\/uploads\/2022\/08\/Exposedcolor422HQ0114.00_02_42_03.Still001.png\uff08\u526f\u672c\uff09-1024x603.png\" alt=\"\" class=\"wp-image-2216\" srcset=\"https:\/\/www.allersretoursasso.fr\/wp-content\/uploads\/2022\/08\/Exposedcolor422HQ0114.00_02_42_03.Still001.png\uff08\u526f\u672c\uff09-1024x603.png 1024w, https:\/\/www.allersretoursasso.fr\/wp-content\/uploads\/2022\/08\/Exposedcolor422HQ0114.00_02_42_03.Still001.png\uff08\u526f\u672c\uff09-300x177.png 300w, https:\/\/www.allersretoursasso.fr\/wp-content\/uploads\/2022\/08\/Exposedcolor422HQ0114.00_02_42_03.Still001.png\uff08\u526f\u672c\uff09-768x452.png 768w, https:\/\/www.allersretoursasso.fr\/wp-content\/uploads\/2022\/08\/Exposedcolor422HQ0114.00_02_42_03.Still001.png\uff08\u526f\u672c\uff09-1536x904.png 1536w, https:\/\/www.allersretoursasso.fr\/wp-content\/uploads\/2022\/08\/Exposedcolor422HQ0114.00_02_42_03.Still001.png\uff08\u526f\u672c\uff09-350x206.png 350w, https:\/\/www.allersretoursasso.fr\/wp-content\/uploads\/2022\/08\/Exposedcolor422HQ0114.00_02_42_03.Still001.png\uff08\u526f\u672c\uff09.png 1920w\" sizes=\"(max-width: 767px) 89vw, (max-width: 1000px) 54vw, (max-width: 1071px) 543px, 580px\" \/><\/figure>\n\n\n\n<figure class=\"wp-block-image size-large\"><img loading=\"lazy\" decoding=\"async\" width=\"1920\" height=\"1130\" data-id=\"2215\" src=\"https:\/\/www.allersretoursasso.fr\/wp-content\/uploads\/2022\/08\/Exposedcolor422HQ0114-0004.png\uff08\u526f\u672c\uff09.png\" alt=\"\" class=\"wp-image-2215\" srcset=\"https:\/\/www.allersretoursasso.fr\/wp-content\/uploads\/2022\/08\/Exposedcolor422HQ0114-0004.png\uff08\u526f\u672c\uff09.png 1920w, https:\/\/www.allersretoursasso.fr\/wp-content\/uploads\/2022\/08\/Exposedcolor422HQ0114-0004.png\uff08\u526f\u672c\uff09-300x177.png 300w, https:\/\/www.allersretoursasso.fr\/wp-content\/uploads\/2022\/08\/Exposedcolor422HQ0114-0004.png\uff08\u526f\u672c\uff09-1024x603.png 1024w, https:\/\/www.allersretoursasso.fr\/wp-content\/uploads\/2022\/08\/Exposedcolor422HQ0114-0004.png\uff08\u526f\u672c\uff09-768x452.png 768w, https:\/\/www.allersretoursasso.fr\/wp-content\/uploads\/2022\/08\/Exposedcolor422HQ0114-0004.png\uff08\u526f\u672c\uff09-1536x904.png 1536w, https:\/\/www.allersretoursasso.fr\/wp-content\/uploads\/2022\/08\/Exposedcolor422HQ0114-0004.png\uff08\u526f\u672c\uff09-350x206.png 350w\" sizes=\"(max-width: 767px) 89vw, (max-width: 1000px) 54vw, (max-width: 1071px) 543px, 580px\" \/><\/figure>\n\n\n\n<figure class=\"wp-block-image size-large\"><img loading=\"lazy\" decoding=\"async\" width=\"1920\" height=\"1130\" data-id=\"2218\" src=\"https:\/\/www.allersretoursasso.fr\/wp-content\/uploads\/2022\/08\/Exposedcolor422HQ0114.00_02_56_07.Still007.png\uff08\u526f\u672c\uff09.png\" alt=\"\" class=\"wp-image-2218\" srcset=\"https:\/\/www.allersretoursasso.fr\/wp-content\/uploads\/2022\/08\/Exposedcolor422HQ0114.00_02_56_07.Still007.png\uff08\u526f\u672c\uff09.png 1920w, https:\/\/www.allersretoursasso.fr\/wp-content\/uploads\/2022\/08\/Exposedcolor422HQ0114.00_02_56_07.Still007.png\uff08\u526f\u672c\uff09-300x177.png 300w, https:\/\/www.allersretoursasso.fr\/wp-content\/uploads\/2022\/08\/Exposedcolor422HQ0114.00_02_56_07.Still007.png\uff08\u526f\u672c\uff09-1024x603.png 1024w, https:\/\/www.allersretoursasso.fr\/wp-content\/uploads\/2022\/08\/Exposedcolor422HQ0114.00_02_56_07.Still007.png\uff08\u526f\u672c\uff09-768x452.png 768w, https:\/\/www.allersretoursasso.fr\/wp-content\/uploads\/2022\/08\/Exposedcolor422HQ0114.00_02_56_07.Still007.png\uff08\u526f\u672c\uff09-1536x904.png 1536w, https:\/\/www.allersretoursasso.fr\/wp-content\/uploads\/2022\/08\/Exposedcolor422HQ0114.00_02_56_07.Still007.png\uff08\u526f\u672c\uff09-350x206.png 350w\" sizes=\"(max-width: 767px) 89vw, (max-width: 1000px) 54vw, (max-width: 1071px) 543px, 580px\" \/><\/figure>\n<\/figure>\n\n\n\n<p><mark style=\"background-color:rgba(0, 0, 0, 0)\" class=\"has-inline-color has-white-color\">000000<\/mark><\/p>\n\n\n\n<figure class=\"wp-block-embed is-type-video is-provider-youtube wp-block-embed-youtube wp-embed-aspect-4-3 wp-has-aspect-ratio\"><div class=\"wp-block-embed__wrapper\">\n<iframe loading=\"lazy\" title=\"Exposed - HUANG Shuli - Bande-annonce\" width=\"525\" height=\"394\" src=\"https:\/\/www.youtube.com\/embed\/YPxhVwQqWoE?feature=oembed\" frameborder=\"0\" allow=\"accelerometer; autoplay; clipboard-write; encrypted-media; gyroscope; picture-in-picture\" allowfullscreen><\/iframe>\n<\/div><\/figure>\n\n\n\n<p><\/p>\n\n\n\n<div class=\"wp-block-group is-vertical is-content-justification-center is-layout-flex wp-container-core-group-layout-8 wp-block-group-is-layout-flex\"><p class=\"fonts-plugin-block\" style=\"font-weight: normal\">29 septembre \u00e0 19h45 &#8211; Studio des Ursulines<\/p>\n\n\n<div class=\"wp-block-buttons is-layout-flex wp-block-buttons-is-layout-flex\">\n<div class=\"wp-block-button has-custom-width wp-block-button__width-100 is-style-outline\"><a class=\"wp-block-button__link has-white-background-color has-background\" href=\"https:\/\/www.studiodesursulines.com\/film\/coming-of-age\/\" target=\"_blank\" rel=\"noreferrer noopener\">\u8d2d\u7968\u94fe\u63a5<\/a><\/div>\n<\/div>\n<\/div>\n\n\n\n<div class=\"wp-block-cover is-light\" style=\"min-height:349px\"><span aria-hidden=\"true\" class=\"wp-block-cover__background has-white-background-color has-background-dim\"><\/span><div class=\"wp-block-cover__inner-container is-layout-flow wp-block-cover-is-layout-flow\">\n<div class=\"wp-block-group is-layout-flow wp-block-group-is-layout-flow\"><div class=\"wp-block-group__inner-container\">\n<figure class=\"wp-block-image size-large\"><a href=\"https:\/\/www.allersretoursasso.fr\/zh\/coming-of-age-2022\/\" target=\"_blank\" rel=\"noreferrer noopener\"><img loading=\"lazy\" decoding=\"async\" width=\"1024\" height=\"379\" src=\"https:\/\/www.allersretoursasso.fr\/wp-content\/uploads\/2022\/09\/Banner-Facebook-png-1024x379.png\" alt=\"\" class=\"wp-image-2317\" srcset=\"https:\/\/www.allersretoursasso.fr\/wp-content\/uploads\/2022\/09\/Banner-Facebook-png-1024x379.png 1024w, https:\/\/www.allersretoursasso.fr\/wp-content\/uploads\/2022\/09\/Banner-Facebook-png-300x111.png 300w, https:\/\/www.allersretoursasso.fr\/wp-content\/uploads\/2022\/09\/Banner-Facebook-png-768x284.png 768w, https:\/\/www.allersretoursasso.fr\/wp-content\/uploads\/2022\/09\/Banner-Facebook-png-1536x569.png 1536w, https:\/\/www.allersretoursasso.fr\/wp-content\/uploads\/2022\/09\/Banner-Facebook-png-2048x758.png 2048w, https:\/\/www.allersretoursasso.fr\/wp-content\/uploads\/2022\/09\/Banner-Facebook-png-350x130.png 350w\" sizes=\"(max-width: 767px) 89vw, (max-width: 1000px) 54vw, (max-width: 1071px) 543px, 580px\" \/><\/a><\/figure>\n<\/div><\/div>\n<\/div><\/div>\n\n\n\n<div class=\"wp-block-group is-layout-flow wp-block-group-is-layout-flow\"><div class=\"wp-block-group__inner-container\">\n<p class=\"has-text-align-center\" style=\"font-size:15px\"><\/p>\n<\/div><\/div>\n\n\n\n<p class=\"has-text-align-center has-white-color has-text-color\" style=\"font-size:15px\"> 19h45 aux Ursuline<\/p>\n\n\n\n<p class=\"has-text-align-center has-white-color has-text-color\" style=\"font-size:15px\">06 octobre \u00e0 19h45 aux Ursulines<\/p>","protected":false},"excerpt":{"rendered":"<p>2021 \/ 4\u201920\u2019\u2019 \/ Sans dialogue\/ Fiction S\u00e9lectionn\u00e9 au Palm Springs ShortFest 2021 Un petit gar\u00e7on prend des photos dans la rue. Son appareil se porte soudain sur une femme, sa m\u00e8re. Elle embrasse un homme. Il glisse vers le monde des adultes. 0000 000000 19h45 aux Ursuline 06 octobre \u00e0 19h45 aux Ursulines<\/p>","protected":false},"author":16,"featured_media":0,"parent":0,"menu_order":0,"comment_status":"closed","ping_status":"closed","template":"","meta":{"footnotes":""},"_links":{"self":[{"href":"https:\/\/www.allersretoursasso.fr\/zh\/wp-json\/wp\/v2\/pages\/2356"}],"collection":[{"href":"https:\/\/www.allersretoursasso.fr\/zh\/wp-json\/wp\/v2\/pages"}],"about":[{"href":"https:\/\/www.allersretoursasso.fr\/zh\/wp-json\/wp\/v2\/types\/page"}],"author":[{"embeddable":true,"href":"https:\/\/www.allersretoursasso.fr\/zh\/wp-json\/wp\/v2\/users\/16"}],"replies":[{"embeddable":true,"href":"https:\/\/www.allersretoursasso.fr\/zh\/wp-json\/wp\/v2\/comments?post=2356"}],"version-history":[{"count":12,"href":"https:\/\/www.allersretoursasso.fr\/zh\/wp-json\/wp\/v2\/pages\/2356\/revisions"}],"predecessor-version":[{"id":2649,"href":"https:\/\/www.allersretoursasso.fr\/zh\/wp-json\/wp\/v2\/pages\/2356\/revisions\/2649"}],"wp:attachment":[{"href":"https:\/\/www.allersretoursasso.fr\/zh\/wp-json\/wp\/v2\/media?parent=2356"}],"curies":[{"name":"wp","href":"https:\/\/api.w.org\/{rel}","templated":true}]}}