{"id":2364,"date":"2022-09-05T21:32:39","date_gmt":"2022-09-05T19:32:39","guid":{"rendered":"https:\/\/www.allersretoursasso.fr\/?page_id=2364"},"modified":"2022-09-10T00:56:03","modified_gmt":"2022-09-09T22:56:03","slug":"coming-of-age-2022-me-and-my-magnet-and-my-dead-friend","status":"publish","type":"page","link":"https:\/\/www.allersretoursasso.fr\/zh\/coming-of-age-2022-me-and-my-magnet-and-my-dead-friend\/","title":{"rendered":"Coming of Age 2022 &#8211; Me and My Magnet and My Dead Friend"},"content":{"rendered":"<div id=\"fb-root\"><\/div>\n\n<div class=\"wp-block-media-text alignwide is-stacked-on-mobile\" style=\"grid-template-columns:41% auto\"><figure class=\"wp-block-media-text__media\"><img loading=\"lazy\" decoding=\"async\" width=\"679\" height=\"1024\" src=\"https:\/\/www.allersretoursasso.fr\/wp-content\/uploads\/2022\/08\/Affiche-Me-and-my-magnet-and-my-dead-friend.jpg\uff08\u526f\u672c\uff09-679x1024.jpg\" alt=\"\" class=\"wp-image-2144 size-full\" srcset=\"https:\/\/www.allersretoursasso.fr\/wp-content\/uploads\/2022\/08\/Affiche-Me-and-my-magnet-and-my-dead-friend.jpg\uff08\u526f\u672c\uff09-679x1024.jpg 679w, https:\/\/www.allersretoursasso.fr\/wp-content\/uploads\/2022\/08\/Affiche-Me-and-my-magnet-and-my-dead-friend.jpg\uff08\u526f\u672c\uff09-199x300.jpg 199w, https:\/\/www.allersretoursasso.fr\/wp-content\/uploads\/2022\/08\/Affiche-Me-and-my-magnet-and-my-dead-friend.jpg\uff08\u526f\u672c\uff09-768x1159.jpg 768w, https:\/\/www.allersretoursasso.fr\/wp-content\/uploads\/2022\/08\/Affiche-Me-and-my-magnet-and-my-dead-friend.jpg\uff08\u526f\u672c\uff09-1018x1536.jpg 1018w, https:\/\/www.allersretoursasso.fr\/wp-content\/uploads\/2022\/08\/Affiche-Me-and-my-magnet-and-my-dead-friend.jpg\uff08\u526f\u672c\uff09-1357x2048.jpg 1357w, https:\/\/www.allersretoursasso.fr\/wp-content\/uploads\/2022\/08\/Affiche-Me-and-my-magnet-and-my-dead-friend.jpg\uff08\u526f\u672c\uff09-350x528.jpg 350w, https:\/\/www.allersretoursasso.fr\/wp-content\/uploads\/2022\/08\/Affiche-Me-and-my-magnet-and-my-dead-friend.jpg\uff08\u526f\u672c\uff09-scaled.jpg 1697w\" sizes=\"(max-width: 679px) 100vw, 679px\" \/><\/figure><div class=\"wp-block-media-text__content\">\n<div class=\"wp-block-group is-layout-flow wp-block-group-is-layout-flow\"><div class=\"wp-block-group__inner-container\">\n<div class=\"wp-block-group is-vertical is-layout-flex wp-container-core-group-layout-5 wp-block-group-is-layout-flex\">\n<div class=\"wp-block-group is-layout-flow wp-block-group-is-layout-flow\"><div class=\"wp-block-group__inner-container\">\n<div class=\"wp-block-group is-layout-flow wp-block-group-is-layout-flow\"><div class=\"wp-block-group__inner-container\">\n<div class=\"wp-block-group is-layout-flow wp-block-group-is-layout-flow\"><div class=\"wp-block-group__inner-container\">\n<p><\/p>\n\n\n\n<p style=\"font-size:30px;font-style:normal;font-weight:500\"><em><strong>Me and My Magnet and My Dead Friend<\/strong><\/em><\/p>\n\n\n\n<p style=\"font-size:30px;font-style:normal;font-weight:500\"><strong>\u6211\u548c\u5438\u94c1\u77f3\u8fd8\u6709\u4e00\u4e2a\u6b7b\u53bb\u7684\u670b\u53cb<\/strong><\/p>\n\n\n\n<p class=\"has-medium-font-size\">LIU Maoning<\/p>\n\n\n\n<p class=\"has-medium-font-size\">\u5218\u6bdb\u5b81<\/p>\n\n\n\n<p class=\"has-small-font-size\"><a href=\"https:\/\/www.allersretoursasso.fr\/zh\/coming-of-age-2022\/\" target=\"_blank\" rel=\"noreferrer noopener\">\u00c9dition : Coming of Age 2022<\/a><\/p>\n\n\n\n<p style=\"font-size:10px\"><\/p>\n<\/div><\/div>\n\n\n\n<p class=\"has-text-align-center\"><\/p>\n\n\n\n<p class=\"has-text-align-left\" style=\"font-size:15px\"><\/p>\n<\/div><\/div>\n\n\n\n<div class=\"wp-block-group is-layout-flow wp-block-group-is-layout-flow\"><div class=\"wp-block-group__inner-container\">\n<p style=\"font-size:15px\"><\/p>\n<\/div><\/div>\n<\/div><\/div>\n<\/div>\n<\/div><\/div>\n<\/div><\/div>\n\n\n\n<h2 class=\"wp-block-heading\"><\/h2>\n\n\n\n<div class=\"wp-block-group is-layout-flow wp-block-group-is-layout-flow\"><div class=\"wp-block-group__inner-container\">\n<p class=\"has-text-align-center has-small-font-size\"><em>2019 \/ 13\u2019 \/ Mandarin \/ VOSTF \/ Animation<\/em><\/p>\n\n\n\n<p class=\"has-text-align-center has-small-font-size\"><em>S\u00e9lectionn\u00e9 au Festival international du film d\u2019animation d\u2019Annecy<\/em> 2019<\/p>\n\n\n\n<p>Durant mon enfance, j\u2019attachais un aimant \u00e0 mon pantalon et le tra\u00eenais toute la journ\u00e9e car je n\u2019avais rien de mieux \u00e0 faire. Mon ami Xiaoming non plus, alors nous jouions souvent ensemble. Un jour o\u00f9 il a beaucoup plu, il est mort, et c\u2019\u00e9tait la fin de mon enfance.<\/p>\n<\/div><\/div>\n\n\n\n<p><mark style=\"background-color:rgba(0, 0, 0, 0)\" class=\"has-inline-color has-white-color\">0000<\/mark><\/p>\n\n\n\n<figure class=\"wp-block-gallery has-nested-images columns-default is-cropped wp-block-gallery-1 is-layout-flex wp-block-gallery-is-layout-flex\">\n<figure class=\"wp-block-image size-large\"><img loading=\"lazy\" decoding=\"async\" width=\"1280\" height=\"534\" data-id=\"2223\" src=\"https:\/\/www.allersretoursasso.fr\/wp-content\/uploads\/2022\/08\/471656670639_.pic_hd.jpg-\u7684\u526f\u672c.png\" alt=\"\" class=\"wp-image-2223\" srcset=\"https:\/\/www.allersretoursasso.fr\/wp-content\/uploads\/2022\/08\/471656670639_.pic_hd.jpg-\u7684\u526f\u672c.png 1280w, https:\/\/www.allersretoursasso.fr\/wp-content\/uploads\/2022\/08\/471656670639_.pic_hd.jpg-\u7684\u526f\u672c-300x125.png 300w, https:\/\/www.allersretoursasso.fr\/wp-content\/uploads\/2022\/08\/471656670639_.pic_hd.jpg-\u7684\u526f\u672c-1024x427.png 1024w, https:\/\/www.allersretoursasso.fr\/wp-content\/uploads\/2022\/08\/471656670639_.pic_hd.jpg-\u7684\u526f\u672c-768x320.png 768w, https:\/\/www.allersretoursasso.fr\/wp-content\/uploads\/2022\/08\/471656670639_.pic_hd.jpg-\u7684\u526f\u672c-350x146.png 350w\" sizes=\"(max-width: 767px) 89vw, (max-width: 1000px) 54vw, (max-width: 1071px) 543px, 580px\" \/><\/figure>\n\n\n\n<figure class=\"wp-block-image size-large\"><img loading=\"lazy\" decoding=\"async\" width=\"1280\" height=\"534\" data-id=\"2224\" src=\"https:\/\/www.allersretoursasso.fr\/wp-content\/uploads\/2022\/08\/481656670642_.pic_hd.jpg-\u7684\u526f\u672c.png\" alt=\"\" class=\"wp-image-2224\" srcset=\"https:\/\/www.allersretoursasso.fr\/wp-content\/uploads\/2022\/08\/481656670642_.pic_hd.jpg-\u7684\u526f\u672c.png 1280w, https:\/\/www.allersretoursasso.fr\/wp-content\/uploads\/2022\/08\/481656670642_.pic_hd.jpg-\u7684\u526f\u672c-300x125.png 300w, https:\/\/www.allersretoursasso.fr\/wp-content\/uploads\/2022\/08\/481656670642_.pic_hd.jpg-\u7684\u526f\u672c-1024x427.png 1024w, https:\/\/www.allersretoursasso.fr\/wp-content\/uploads\/2022\/08\/481656670642_.pic_hd.jpg-\u7684\u526f\u672c-768x320.png 768w, https:\/\/www.allersretoursasso.fr\/wp-content\/uploads\/2022\/08\/481656670642_.pic_hd.jpg-\u7684\u526f\u672c-350x146.png 350w\" sizes=\"(max-width: 767px) 89vw, (max-width: 1000px) 54vw, (max-width: 1071px) 543px, 580px\" \/><\/figure>\n\n\n\n<figure class=\"wp-block-image size-large\"><img loading=\"lazy\" decoding=\"async\" width=\"1080\" height=\"449\" data-id=\"2225\" src=\"https:\/\/www.allersretoursasso.fr\/wp-content\/uploads\/2022\/08\/491656670642_.pic_.jpg-\u7684\u526f\u672c.jpg\" alt=\"\" class=\"wp-image-2225\" srcset=\"https:\/\/www.allersretoursasso.fr\/wp-content\/uploads\/2022\/08\/491656670642_.pic_.jpg-\u7684\u526f\u672c.jpg 1080w, https:\/\/www.allersretoursasso.fr\/wp-content\/uploads\/2022\/08\/491656670642_.pic_.jpg-\u7684\u526f\u672c-300x125.jpg 300w, https:\/\/www.allersretoursasso.fr\/wp-content\/uploads\/2022\/08\/491656670642_.pic_.jpg-\u7684\u526f\u672c-1024x426.jpg 1024w, https:\/\/www.allersretoursasso.fr\/wp-content\/uploads\/2022\/08\/491656670642_.pic_.jpg-\u7684\u526f\u672c-768x319.jpg 768w, https:\/\/www.allersretoursasso.fr\/wp-content\/uploads\/2022\/08\/491656670642_.pic_.jpg-\u7684\u526f\u672c-350x146.jpg 350w\" sizes=\"(max-width: 767px) 89vw, (max-width: 1000px) 54vw, (max-width: 1071px) 543px, 580px\" \/><\/figure>\n\n\n\n<figure class=\"wp-block-image size-large\"><img loading=\"lazy\" decoding=\"async\" width=\"2236\" height=\"930\" data-id=\"2226\" src=\"https:\/\/www.allersretoursasso.fr\/wp-content\/uploads\/2022\/08\/501656670647_.pic_hd.jpg-\u7684\u526f\u672c.png\" alt=\"\" class=\"wp-image-2226\" srcset=\"https:\/\/www.allersretoursasso.fr\/wp-content\/uploads\/2022\/08\/501656670647_.pic_hd.jpg-\u7684\u526f\u672c.png 2236w, https:\/\/www.allersretoursasso.fr\/wp-content\/uploads\/2022\/08\/501656670647_.pic_hd.jpg-\u7684\u526f\u672c-300x125.png 300w, https:\/\/www.allersretoursasso.fr\/wp-content\/uploads\/2022\/08\/501656670647_.pic_hd.jpg-\u7684\u526f\u672c-1024x426.png 1024w, https:\/\/www.allersretoursasso.fr\/wp-content\/uploads\/2022\/08\/501656670647_.pic_hd.jpg-\u7684\u526f\u672c-768x319.png 768w, https:\/\/www.allersretoursasso.fr\/wp-content\/uploads\/2022\/08\/501656670647_.pic_hd.jpg-\u7684\u526f\u672c-1536x639.png 1536w, https:\/\/www.allersretoursasso.fr\/wp-content\/uploads\/2022\/08\/501656670647_.pic_hd.jpg-\u7684\u526f\u672c-2048x852.png 2048w, https:\/\/www.allersretoursasso.fr\/wp-content\/uploads\/2022\/08\/501656670647_.pic_hd.jpg-\u7684\u526f\u672c-350x146.png 350w\" sizes=\"(max-width: 767px) 89vw, (max-width: 1000px) 54vw, (max-width: 1071px) 543px, 580px\" \/><\/figure>\n<\/figure>\n\n\n\n<p><mark style=\"background-color:rgba(0, 0, 0, 0)\" class=\"has-inline-color has-white-color\">000000<\/mark><\/p>\n\n\n\n<figure class=\"wp-block-embed is-type-video is-provider-youtube wp-block-embed-youtube wp-embed-aspect-16-9 wp-has-aspect-ratio\"><div class=\"wp-block-embed__wrapper\">\n<iframe loading=\"lazy\" title=\"Me my magnet and my dead friend - LIU Maoning - Bande-annonce\" width=\"525\" height=\"295\" src=\"https:\/\/www.youtube.com\/embed\/y3a_vhmHuBc?feature=oembed\" frameborder=\"0\" allow=\"accelerometer; autoplay; clipboard-write; encrypted-media; gyroscope; picture-in-picture\" allowfullscreen><\/iframe>\n<\/div><\/figure>\n\n\n\n<p><\/p>\n\n\n\n<div class=\"wp-block-group is-vertical is-content-justification-center is-layout-flex wp-container-core-group-layout-8 wp-block-group-is-layout-flex\"><p class=\"fonts-plugin-block\" style=\"font-weight: normal\">29 septembre \u00e0 19h45 &#8211; Studio des Ursulines<\/p>\n\n\n<div class=\"wp-block-buttons is-layout-flex wp-block-buttons-is-layout-flex\">\n<div class=\"wp-block-button has-custom-width wp-block-button__width-100 is-style-outline\"><a class=\"wp-block-button__link has-white-background-color has-background\" href=\"https:\/\/www.studiodesursulines.com\/film\/coming-of-age\/\" target=\"_blank\" rel=\"noreferrer noopener\">\u8d2d\u7968\u94fe\u63a5<\/a><\/div>\n<\/div>\n<\/div>\n\n\n\n<div class=\"wp-block-cover is-light\" style=\"min-height:349px\"><span aria-hidden=\"true\" class=\"wp-block-cover__background has-white-background-color has-background-dim\"><\/span><div class=\"wp-block-cover__inner-container is-layout-flow wp-block-cover-is-layout-flow\">\n<div class=\"wp-block-group is-layout-flow wp-block-group-is-layout-flow\"><div class=\"wp-block-group__inner-container\">\n<figure class=\"wp-block-image size-large\"><a href=\"https:\/\/www.allersretoursasso.fr\/zh\/coming-of-age-2022\/\" target=\"_blank\" rel=\"noreferrer noopener\"><img loading=\"lazy\" decoding=\"async\" width=\"1024\" height=\"379\" src=\"https:\/\/www.allersretoursasso.fr\/wp-content\/uploads\/2022\/09\/Banner-Facebook-png-1024x379.png\" alt=\"\" class=\"wp-image-2317\" srcset=\"https:\/\/www.allersretoursasso.fr\/wp-content\/uploads\/2022\/09\/Banner-Facebook-png-1024x379.png 1024w, https:\/\/www.allersretoursasso.fr\/wp-content\/uploads\/2022\/09\/Banner-Facebook-png-300x111.png 300w, https:\/\/www.allersretoursasso.fr\/wp-content\/uploads\/2022\/09\/Banner-Facebook-png-768x284.png 768w, https:\/\/www.allersretoursasso.fr\/wp-content\/uploads\/2022\/09\/Banner-Facebook-png-1536x569.png 1536w, https:\/\/www.allersretoursasso.fr\/wp-content\/uploads\/2022\/09\/Banner-Facebook-png-2048x758.png 2048w, https:\/\/www.allersretoursasso.fr\/wp-content\/uploads\/2022\/09\/Banner-Facebook-png-350x130.png 350w\" sizes=\"(max-width: 767px) 89vw, (max-width: 1000px) 54vw, (max-width: 1071px) 543px, 580px\" \/><\/a><\/figure>\n<\/div><\/div>\n<\/div><\/div>\n\n\n\n<div class=\"wp-block-group is-layout-flow wp-block-group-is-layout-flow\"><div class=\"wp-block-group__inner-container\">\n<p class=\"has-text-align-center\" style=\"font-size:15px\"><\/p>\n<\/div><\/div>\n\n\n\n<p class=\"has-text-align-center has-white-color has-text-color\" style=\"font-size:15px\"> 19h45 aux Ursuline<\/p>\n\n\n\n<p class=\"has-text-align-center has-white-color has-text-color\" style=\"font-size:15px\">06 octobre \u00e0 19h45 aux Ursulines<\/p>","protected":false},"excerpt":{"rendered":"<p>2019 \/ 13\u2019 \/ Mandarin \/ VOSTF \/ Animation S\u00e9lectionn\u00e9 au Festival international du film d\u2019animation d\u2019Annecy 2019 Durant mon enfance, j\u2019attachais un aimant \u00e0 mon pantalon et le tra\u00eenais toute la journ\u00e9e car je n\u2019avais rien de mieux \u00e0 faire. Mon ami Xiaoming non plus, alors nous jouions souvent ensemble. Un jour o\u00f9 il &hellip; <\/p>\n<p class=\"link-more\"><a href=\"https:\/\/www.allersretoursasso.fr\/zh\/coming-of-age-2022-me-and-my-magnet-and-my-dead-friend\/\" class=\"more-link\">\u7ee7\u7eed\u9605\u8bfb<span class=\"screen-reader-text\">\u201cComing of Age 2022 &#8211; Me and My Magnet and My Dead Friend\u201d<\/span><\/a><\/p>","protected":false},"author":16,"featured_media":0,"parent":0,"menu_order":0,"comment_status":"closed","ping_status":"closed","template":"","meta":{"footnotes":""},"_links":{"self":[{"href":"https:\/\/www.allersretoursasso.fr\/zh\/wp-json\/wp\/v2\/pages\/2364"}],"collection":[{"href":"https:\/\/www.allersretoursasso.fr\/zh\/wp-json\/wp\/v2\/pages"}],"about":[{"href":"https:\/\/www.allersretoursasso.fr\/zh\/wp-json\/wp\/v2\/types\/page"}],"author":[{"embeddable":true,"href":"https:\/\/www.allersretoursasso.fr\/zh\/wp-json\/wp\/v2\/users\/16"}],"replies":[{"embeddable":true,"href":"https:\/\/www.allersretoursasso.fr\/zh\/wp-json\/wp\/v2\/comments?post=2364"}],"version-history":[{"count":8,"href":"https:\/\/www.allersretoursasso.fr\/zh\/wp-json\/wp\/v2\/pages\/2364\/revisions"}],"predecessor-version":[{"id":2659,"href":"https:\/\/www.allersretoursasso.fr\/zh\/wp-json\/wp\/v2\/pages\/2364\/revisions\/2659"}],"wp:attachment":[{"href":"https:\/\/www.allersretoursasso.fr\/zh\/wp-json\/wp\/v2\/media?parent=2364"}],"curies":[{"name":"wp","href":"https:\/\/api.w.org\/{rel}","templated":true}]}}