{"id":2412,"date":"2022-09-02T20:13:27","date_gmt":"2022-09-02T18:13:27","guid":{"rendered":"https:\/\/www.allersretoursasso.fr\/?page_id=2412"},"modified":"2022-09-08T12:34:08","modified_gmt":"2022-09-08T10:34:08","slug":"coming-of-age-2022-time-autobahn","status":"publish","type":"page","link":"https:\/\/www.allersretoursasso.fr\/zh\/coming-of-age-2022-time-autobahn\/","title":{"rendered":"Coming of Age 2022  &#8211;  Time Autobahn"},"content":{"rendered":"<div id=\"fb-root\"><\/div>\n\n<div class=\"wp-block-media-text alignwide is-stacked-on-mobile\" style=\"grid-template-columns:41% auto\"><figure class=\"wp-block-media-text__media\"><img decoding=\"async\" src=\"https:\/\/www.allersretoursasso.fr\/wp-content\/uploads\/2022\/09\/time-autobahn_Affiche.jpg\" alt=\"\" class=\"wp-image-2151 size-full\"\/><\/figure><div class=\"wp-block-media-text__content\">\n<div class=\"wp-block-group is-layout-flow wp-block-group-is-layout-flow\"><div class=\"wp-block-group__inner-container\">\n<div class=\"wp-block-group is-vertical is-layout-flex wp-container-core-group-layout-4 wp-block-group-is-layout-flex\">\n<div class=\"wp-block-group is-layout-flow wp-block-group-is-layout-flow\"><div class=\"wp-block-group__inner-container\">\n<div class=\"wp-block-group is-layout-flow wp-block-group-is-layout-flow\"><div class=\"wp-block-group__inner-container\">\n<div class=\"wp-block-group is-layout-flow wp-block-group-is-layout-flow\"><div class=\"wp-block-group__inner-container\">\n<p><\/p>\n\n\n\n<p style=\"font-size:30px;font-style:normal;font-weight:500\"><strong><em><strong><span style=\"font-weight: 400;\"><strong>Time Autobahn<\/strong>&nbsp;<\/span><\/strong><\/em><\/strong><\/p>\n\n\n\n<p style=\"font-size:30px;font-style:normal;font-weight:500\"><strong>\u65f6\u95f4\u9ad8\u901f\u516c\u8def<\/strong><\/p>\n\n\n\n<p class=\"has-medium-font-size\"><span style=\"font-weight: 400;\">LUO Sijia <\/span><\/p>\n\n\n\n<p class=\"has-medium-font-size\"><span style=\"font-weight: 400;\">\u7f57\u4e1d\u4f73<\/span><\/p>\n\n\n\n<p class=\"has-small-font-size\"><a href=\"https:\/\/www.allersretoursasso.fr\/zh\/coming-of-age-2022\/\" data-type=\"URL\" data-id=\"https:\/\/www.allersretoursasso.fr\/coming-of-age-2022\/\" target=\"_blank\" rel=\"noreferrer noopener\">\u00c9dition : Coming of Age 2022<\/a><\/p>\n\n\n\n<p style=\"font-size:10px\"><\/p>\n<\/div><\/div>\n\n\n\n<p class=\"has-text-align-center\"><\/p>\n\n\n\n<p class=\"has-text-align-left\" style=\"font-size:15px\"><\/p>\n<\/div><\/div>\n<\/div><\/div>\n<\/div>\n<\/div><\/div>\n<\/div><\/div>\n\n\n\n<h2 class=\"wp-block-heading\"><\/h2>\n\n\n\n<p class=\"has-text-align-center has-small-font-size\"><em>2018 \/ 2\u201955\u201d \/ Sans dialogue \/ Animation<\/em><\/p>\n\n\n\n<p class=\"has-text-align-center has-small-font-size\"><em>S\u00e9lectionn\u00e9 au Festival AnimaCit\u00e9 2018<\/em><\/p>\n\n\n\n<p class=\"has-medium-font-size\"> <span style=\"font-weight: 400;\">Un bolide fonce sur l&#8217;autoroute du temps &#8211; sa vitesse est illimit\u00e9e.<\/span> &nbsp;<\/p>\n\n\n\n<p><mark style=\"background-color:rgba(0, 0, 0, 0)\" class=\"has-inline-color has-white-color\">000000<\/mark><\/p>\n\n\n\n<div class=\"wp-block-columns is-layout-flex wp-container-core-columns-layout-1 wp-block-columns-is-layout-flex\">\n<div class=\"wp-block-column is-layout-flow wp-block-column-is-layout-flow\" style=\"flex-basis:100%\">\n<figure class=\"wp-block-gallery has-nested-images columns-default is-cropped wp-block-gallery-1 is-layout-flex wp-block-gallery-is-layout-flex\">\n<figure class=\"wp-block-image size-large\"><img loading=\"lazy\" decoding=\"async\" width=\"1920\" height=\"1080\" src=\"https:\/\/www.allersretoursasso.fr\/wp-content\/uploads\/2022\/08\/Time-Autobahn-Still-1..jpg\" alt=\"\" class=\"wp-image-2253\" srcset=\"https:\/\/www.allersretoursasso.fr\/wp-content\/uploads\/2022\/08\/Time-Autobahn-Still-1..jpg 1920w, https:\/\/www.allersretoursasso.fr\/wp-content\/uploads\/2022\/08\/Time-Autobahn-Still-1.-300x169.jpg 300w, https:\/\/www.allersretoursasso.fr\/wp-content\/uploads\/2022\/08\/Time-Autobahn-Still-1.-1024x576.jpg 1024w, https:\/\/www.allersretoursasso.fr\/wp-content\/uploads\/2022\/08\/Time-Autobahn-Still-1.-768x432.jpg 768w, https:\/\/www.allersretoursasso.fr\/wp-content\/uploads\/2022\/08\/Time-Autobahn-Still-1.-1536x864.jpg 1536w, https:\/\/www.allersretoursasso.fr\/wp-content\/uploads\/2022\/08\/Time-Autobahn-Still-1.-350x197.jpg 350w\" sizes=\"(max-width: 767px) 89vw, (max-width: 1000px) 54vw, (max-width: 1071px) 543px, 580px\" \/><\/figure>\n\n\n\n<figure class=\"wp-block-image size-large\"><img loading=\"lazy\" decoding=\"async\" width=\"1920\" height=\"1080\" src=\"https:\/\/www.allersretoursasso.fr\/wp-content\/uploads\/2022\/08\/Time-Autobahn-Still-2..jpg\" alt=\"\" class=\"wp-image-2254\" srcset=\"https:\/\/www.allersretoursasso.fr\/wp-content\/uploads\/2022\/08\/Time-Autobahn-Still-2..jpg 1920w, https:\/\/www.allersretoursasso.fr\/wp-content\/uploads\/2022\/08\/Time-Autobahn-Still-2.-300x169.jpg 300w, https:\/\/www.allersretoursasso.fr\/wp-content\/uploads\/2022\/08\/Time-Autobahn-Still-2.-1024x576.jpg 1024w, https:\/\/www.allersretoursasso.fr\/wp-content\/uploads\/2022\/08\/Time-Autobahn-Still-2.-768x432.jpg 768w, https:\/\/www.allersretoursasso.fr\/wp-content\/uploads\/2022\/08\/Time-Autobahn-Still-2.-1536x864.jpg 1536w, https:\/\/www.allersretoursasso.fr\/wp-content\/uploads\/2022\/08\/Time-Autobahn-Still-2.-350x197.jpg 350w\" sizes=\"(max-width: 767px) 89vw, (max-width: 1000px) 54vw, (max-width: 1071px) 543px, 580px\" \/><\/figure>\n<\/figure>\n<\/div>\n<\/div>\n\n\n\n<figure class=\"wp-block-image size-large\"><img loading=\"lazy\" decoding=\"async\" width=\"1024\" height=\"576\" src=\"https:\/\/www.allersretoursasso.fr\/wp-content\/uploads\/2022\/08\/Time-Autobahn-Still-3.-1024x576.jpg\" alt=\"\" class=\"wp-image-2255\" srcset=\"https:\/\/www.allersretoursasso.fr\/wp-content\/uploads\/2022\/08\/Time-Autobahn-Still-3.-1024x576.jpg 1024w, https:\/\/www.allersretoursasso.fr\/wp-content\/uploads\/2022\/08\/Time-Autobahn-Still-3.-300x169.jpg 300w, https:\/\/www.allersretoursasso.fr\/wp-content\/uploads\/2022\/08\/Time-Autobahn-Still-3.-768x432.jpg 768w, https:\/\/www.allersretoursasso.fr\/wp-content\/uploads\/2022\/08\/Time-Autobahn-Still-3.-1536x864.jpg 1536w, https:\/\/www.allersretoursasso.fr\/wp-content\/uploads\/2022\/08\/Time-Autobahn-Still-3.-350x197.jpg 350w, https:\/\/www.allersretoursasso.fr\/wp-content\/uploads\/2022\/08\/Time-Autobahn-Still-3..jpg 1920w\" sizes=\"(max-width: 767px) 89vw, (max-width: 1000px) 54vw, (max-width: 1071px) 543px, 580px\" \/><\/figure>\n\n\n\n<figure class=\"wp-block-embed is-type-video is-provider-youtube wp-block-embed-youtube wp-embed-aspect-16-9 wp-has-aspect-ratio\"><div class=\"wp-block-embed__wrapper\">\n<iframe loading=\"lazy\" title=\"Time Autobahn - Luo Sijia - Bande-annonce\" width=\"525\" height=\"295\" src=\"https:\/\/www.youtube.com\/embed\/Zibc-PtRAkE?feature=oembed\" frameborder=\"0\" allow=\"accelerometer; autoplay; clipboard-write; encrypted-media; gyroscope; picture-in-picture; web-share\" allowfullscreen><\/iframe>\n<\/div><\/figure>\n\n\n\n<p><\/p>\n\n\n\n<div class=\"wp-block-group is-vertical is-content-justification-center is-layout-flex wp-container-core-group-layout-6 wp-block-group-is-layout-flex\"><p class=\"fonts-plugin-block\" style=\"font-weight: normal\">06 octobre \u00e0 19h45 &#8211; Studio des Ursulines<\/p>\n\n\n<div class=\"wp-block-buttons is-layout-flex wp-block-buttons-is-layout-flex\">\n<div class=\"wp-block-button has-custom-width wp-block-button__width-100 is-style-outline\"><a class=\"wp-block-button__link has-white-background-color has-background\" href=\"https:\/\/www.studiodesursulines.com\/film\/coming-of-age\/\" target=\"_blank\" rel=\"noreferrer noopener\">\u8d2d\u7968\u94fe\u63a5<\/a><\/div>\n<\/div>\n<\/div>\n\n\n\n<div class=\"wp-block-cover is-light\" style=\"min-height:349px\"><span aria-hidden=\"true\" class=\"wp-block-cover__background has-white-background-color has-background-dim\"><\/span><div class=\"wp-block-cover__inner-container is-layout-flow wp-block-cover-is-layout-flow\">\n<div class=\"wp-block-group is-layout-flow wp-block-group-is-layout-flow\"><div class=\"wp-block-group__inner-container\">\n<figure class=\"wp-block-image size-large\"><a href=\"https:\/\/www.allersretoursasso.fr\/zh\/coming-of-age-2022\/\" target=\"_blank\" rel=\"noreferrer noopener\"><img loading=\"lazy\" decoding=\"async\" width=\"1024\" height=\"379\" src=\"https:\/\/www.allersretoursasso.fr\/wp-content\/uploads\/2022\/09\/Banner-Facebook-png-1024x379.png\" alt=\"\" class=\"wp-image-2317\" srcset=\"https:\/\/www.allersretoursasso.fr\/wp-content\/uploads\/2022\/09\/Banner-Facebook-png-1024x379.png 1024w, https:\/\/www.allersretoursasso.fr\/wp-content\/uploads\/2022\/09\/Banner-Facebook-png-300x111.png 300w, https:\/\/www.allersretoursasso.fr\/wp-content\/uploads\/2022\/09\/Banner-Facebook-png-768x284.png 768w, https:\/\/www.allersretoursasso.fr\/wp-content\/uploads\/2022\/09\/Banner-Facebook-png-1536x569.png 1536w, https:\/\/www.allersretoursasso.fr\/wp-content\/uploads\/2022\/09\/Banner-Facebook-png-2048x758.png 2048w, https:\/\/www.allersretoursasso.fr\/wp-content\/uploads\/2022\/09\/Banner-Facebook-png-350x130.png 350w\" sizes=\"(max-width: 767px) 89vw, (max-width: 1000px) 54vw, (max-width: 1071px) 543px, 580px\" \/><\/a><\/figure>\n<\/div><\/div>\n<\/div><\/div>\n\n\n\n<div class=\"wp-block-group is-layout-flow wp-block-group-is-layout-flow\"><div class=\"wp-block-group__inner-container\">\n<p class=\"has-text-align-center\" style=\"font-size:15px\"><\/p>\n<\/div><\/div>\n\n\n\n<p class=\"has-text-align-center has-white-color has-text-color\" style=\"font-size:15px\"> 19h45 aux Ursuline<\/p>\n\n\n\n<p class=\"has-text-align-center has-white-color has-text-color\" style=\"font-size:15px\">06 octobre \u00e0 19h45 aux Ursulines<\/p>","protected":false},"excerpt":{"rendered":"<p>2018 \/ 2\u201955\u201d \/ Sans dialogue \/ Animation S\u00e9lectionn\u00e9 au Festival AnimaCit\u00e9 2018 Un bolide fonce sur l&#8217;autoroute du temps &#8211; sa vitesse est illimit\u00e9e. &nbsp; 000000 19h45 aux Ursuline 06 octobre \u00e0 19h45 aux Ursulines<\/p>","protected":false},"author":10,"featured_media":0,"parent":0,"menu_order":0,"comment_status":"closed","ping_status":"closed","template":"","meta":{"footnotes":""},"_links":{"self":[{"href":"https:\/\/www.allersretoursasso.fr\/zh\/wp-json\/wp\/v2\/pages\/2412"}],"collection":[{"href":"https:\/\/www.allersretoursasso.fr\/zh\/wp-json\/wp\/v2\/pages"}],"about":[{"href":"https:\/\/www.allersretoursasso.fr\/zh\/wp-json\/wp\/v2\/types\/page"}],"author":[{"embeddable":true,"href":"https:\/\/www.allersretoursasso.fr\/zh\/wp-json\/wp\/v2\/users\/10"}],"replies":[{"embeddable":true,"href":"https:\/\/www.allersretoursasso.fr\/zh\/wp-json\/wp\/v2\/comments?post=2412"}],"version-history":[{"count":8,"href":"https:\/\/www.allersretoursasso.fr\/zh\/wp-json\/wp\/v2\/pages\/2412\/revisions"}],"predecessor-version":[{"id":3758,"href":"https:\/\/www.allersretoursasso.fr\/zh\/wp-json\/wp\/v2\/pages\/2412\/revisions\/3758"}],"wp:attachment":[{"href":"https:\/\/www.allersretoursasso.fr\/zh\/wp-json\/wp\/v2\/media?parent=2412"}],"curies":[{"name":"wp","href":"https:\/\/api.w.org\/{rel}","templated":true}]}}