{"id":2756,"date":"2023-01-09T16:06:47","date_gmt":"2023-01-09T15:06:47","guid":{"rendered":"https:\/\/www.allersretoursasso.fr\/?page_id=2756"},"modified":"2024-12-07T15:23:42","modified_gmt":"2024-12-07T14:23:42","slug":"festival2023-virgin-blue","status":"publish","type":"page","link":"https:\/\/www.allersretoursasso.fr\/zh\/festival2023-virgin-blue\/","title":{"rendered":"Festival Allers Retours 2023  &#8211;  Virgin Blue"},"content":{"rendered":"<div id=\"fb-root\"><\/div>\n\n<div class=\"wp-block-media-text alignwide is-stacked-on-mobile\" style=\"grid-template-columns:41% auto\"><figure class=\"wp-block-media-text__media\"><img decoding=\"async\" src=\"https:\/\/www.allersretoursasso.fr\/wp-content\/uploads\/2023\/01\/03-Virgin-Blue_Affiche-Format-uni_Web_FAR2023-724x1024.jpg\" alt=\"\" class=\"wp-image-2829 size-full\"\/><\/figure><div class=\"wp-block-media-text__content\">\n<div class=\"wp-block-group is-layout-flow wp-block-group-is-layout-flow\"><div class=\"wp-block-group__inner-container\">\n<div class=\"wp-block-group is-vertical is-layout-flex wp-container-core-group-layout-4 wp-block-group-is-layout-flex\">\n<div class=\"wp-block-group is-layout-flow wp-block-group-is-layout-flow\"><div class=\"wp-block-group__inner-container\">\n<div class=\"wp-block-group is-layout-flow wp-block-group-is-layout-flow\"><div class=\"wp-block-group__inner-container\">\n<div class=\"wp-block-group is-layout-flow wp-block-group-is-layout-flow\"><div class=\"wp-block-group__inner-container\">\n<p><\/p>\n\n\n\n<p style=\"font-size:30px;font-style:normal;font-weight:500\"><em>\u4e0d\u8981\u518d\u89c1\u554a\uff0c\u9c7c\u82b1\u5858<\/em><strong><em><strong><span style=\"font-weight: 400\">&nbsp;<\/span><\/strong><\/em><\/strong><\/p>\n\n\n\n<p style=\"font-size:30px;font-style:normal;font-weight:500\">\u4e0d\u8981\u518d\u89c1\u554a\uff0c\u9c7c\u82b1\u5858<\/p>\n\n\n\n<p class=\"has-medium-font-size\">NIU Xiaoyu<\/p>\n\n\n\n<p class=\"has-medium-font-size\">\u725b\u5c0f\u96e8<\/p>\n\n\n\n<p class=\"has-small-font-size\">\u00c9dition : <a href=\"https:\/\/www.allersretoursasso.fr\/zh\/annee-festival-2023\/\">Festival Allers Retours 2023<\/a><\/p>\n\n\n\n<p style=\"font-size:10px\"><\/p>\n<\/div><\/div>\n\n\n\n<p class=\"has-text-align-center\"><\/p>\n\n\n\n<p class=\"has-text-align-left\" style=\"font-size:15px\"><\/p>\n<\/div><\/div>\n<\/div><\/div>\n<\/div>\n<\/div><\/div>\n<\/div><\/div>\n\n\n\n<h2 class=\"wp-block-heading\"><\/h2>\n\n\n\n<p class=\"has-text-align-center\" style=\"font-size:15px\"><em>2021 \/ 100\u2019 \/ \u4e2d\u6587 \/ \u539f\u58f0\u6cd5\u8bed\u5b57\u5e55 \/ \u5267\u60c5<\/em><br><em>2021 \/ 100\u2019 \/ \u4e2d\u6587 \/ \u539f\u58f0\u6cd5\u8bed\u5b57\u5e55 \/ \u5267\u60c5<\/em><\/p>\n\n\n\n<p>\u7237\u7237\u53bb\u4e16\u540e\uff0c\u5976\u5976\u72ec\u5c45\u5728\u5bb6\u3002\u5b59\u5973\u53f6\u5b50\u521a\u4ece\u5927\u5b66\u6bd5\u4e1a\uff0c\u51b3\u5b9a\u548c\u5976\u5976\u4e00\u8d77\u5ea6\u8fc7\u6700\u540e\u7684\u6691\u5047\u3002\u5728\u8001\u623f\u5b50\u4e2d\uff0c\u8bb0\u5fc6\u7269\u8d28\u5316\u5e76\u9010\u6e10\u4e0e\u73b0\u5b9e\u878d\u5408\u3002\u800c\u5976\u5976\uff0c\u5219\u597d\u50cf\u5931\u5fc6\u4e86\u4e00\u822c\u3002\u53f6\u5b50\u56db\u5904\u6e38\u8361\uff0c\u9762\u5bf9\u56f0\u6270\u5979\u7684\u8fc7\u53bb\u3002\u7ec8\u4e8e\uff0c\u5728\u4e00\u4e2a\u665a\u4e0a\uff0c\u6240\u6709\u4eba\u4e00\u8d77\u8fce\u6765\u4e86\u4e00\u573a\u76db\u5927\u7684\u544a\u522b\u3002<\/p>\n\n\n\n<p>\u7237\u7237\u53bb\u4e16\u540e\uff0c\u5976\u5976\u72ec\u5c45\u5728\u5bb6\u3002\u5b59\u5973\u53f6\u5b50\u521a\u4ece\u5927\u5b66\u6bd5\u4e1a\uff0c\u51b3\u5b9a\u548c\u5976\u5976\u4e00\u8d77\u5ea6\u8fc7\u6700\u540e\u7684\u6691\u5047\u3002\u5728\u8001\u623f\u5b50\u4e2d\uff0c\u8bb0\u5fc6\u7269\u8d28\u5316\u5e76\u9010\u6e10\u4e0e\u73b0\u5b9e\u878d\u5408\u3002\u800c\u5976\u5976\uff0c\u5219\u597d\u50cf\u5931\u5fc6\u4e86\u4e00\u822c\u3002\u53f6\u5b50\u56db\u5904\u6e38\u8361\uff0c\u9762\u5bf9\u56f0\u6270\u5979\u7684\u8fc7\u53bb\u3002\u7ec8\u4e8e\uff0c\u5728\u4e00\u4e2a\u665a\u4e0a\uff0c\u6240\u6709\u4eba\u4e00\u8d77\u8fce\u6765\u4e86\u4e00\u573a\u76db\u5927\u7684\u544a\u522b\u3002<\/p>\n\n\n\n<p><em>\u4f5c\u4e3a\u5bfc\u6f14\u725b\u5c0f\u96e8\u7684\u7b2c\u4e00\u90e8\u6545\u4e8b\u7247\uff0c\u300a\u4e0d\u8981\u518d\u89c1\u554a\uff0c\u9c7c\u82b1\u5858\u300b\u4ee5\u5176\u522b\u81f4\u7684\u53d9\u8ff0\u65b9\u5f0f\u548c\u5bf9\u706f\u5149\u7684\u51fa\u8272\u5904\u7406\uff0c\u63a2\u7d22\u4e86\u73b0\u5b9e\u548c\u8bb0\u5fc6\u4e4b\u95f4\u7684\u754c\u9650\u3002<\/em><\/p>\n\n\n\n<p><em>\u4f5c\u4e3a\u5bfc\u6f14\u725b\u5c0f\u96e8\u7684\u7b2c\u4e00\u90e8\u6545\u4e8b\u7247\uff0c\u300a\u4e0d\u8981\u518d\u89c1\u554a\uff0c\u9c7c\u82b1\u5858\u300b\u4ee5\u5176\u522b\u81f4\u7684\u53d9\u8ff0\u65b9\u5f0f\u548c\u5bf9\u706f\u5149\u7684\u51fa\u8272\u5904\u7406\uff0c\u63a2\u7d22\u4e86\u73b0\u5b9e\u548c\u8bb0\u5fc6\u4e4b\u95f4\u7684\u754c\u9650\u3002<\/em><\/p>\n\n\n\n<p><mark style=\"background-color:rgba(0, 0, 0, 0)\" class=\"has-inline-color has-white-color\">000000<\/mark><\/p>\n\n\n\n<div class=\"wp-block-columns is-layout-flex wp-container-core-columns-layout-1 wp-block-columns-is-layout-flex\">\n<div class=\"wp-block-column is-layout-flow wp-block-column-is-layout-flow\" style=\"flex-basis:100%\">\n<div class=\"wp-block-group is-layout-flow wp-block-group-is-layout-flow\"><div class=\"wp-block-group__inner-container\">\n<figure class=\"wp-block-gallery has-nested-images columns-default is-cropped wp-block-gallery-1 is-layout-flex wp-block-gallery-is-layout-flex\">\n<figure class=\"wp-block-image size-large\"><img loading=\"lazy\" decoding=\"async\" width=\"1024\" height=\"683\" src=\"https:\/\/www.allersretoursasso.fr\/wp-content\/uploads\/2023\/01\/Virgin-Blue-HD1-9-1024x683.jpeg\" alt=\"\" class=\"wp-image-2849\" srcset=\"https:\/\/www.allersretoursasso.fr\/wp-content\/uploads\/2023\/01\/Virgin-Blue-HD1-9-1024x683.jpeg 1024w, https:\/\/www.allersretoursasso.fr\/wp-content\/uploads\/2023\/01\/Virgin-Blue-HD1-9-300x200.jpeg 300w, https:\/\/www.allersretoursasso.fr\/wp-content\/uploads\/2023\/01\/Virgin-Blue-HD1-9-768x512.jpeg 768w, https:\/\/www.allersretoursasso.fr\/wp-content\/uploads\/2023\/01\/Virgin-Blue-HD1-9-1536x1024.jpeg 1536w, https:\/\/www.allersretoursasso.fr\/wp-content\/uploads\/2023\/01\/Virgin-Blue-HD1-9-2048x1365.jpeg 2048w, https:\/\/www.allersretoursasso.fr\/wp-content\/uploads\/2023\/01\/Virgin-Blue-HD1-9-350x233.jpeg 350w, https:\/\/www.allersretoursasso.fr\/wp-content\/uploads\/2023\/01\/Virgin-Blue-HD1-9-272x182.jpeg 272w\" sizes=\"(max-width: 767px) 89vw, (max-width: 1000px) 54vw, (max-width: 1071px) 543px, 580px\" \/><\/figure>\n\n\n\n<figure class=\"wp-block-image size-large\"><img loading=\"lazy\" decoding=\"async\" width=\"1024\" height=\"683\" src=\"https:\/\/www.allersretoursasso.fr\/wp-content\/uploads\/2023\/01\/Virgin-Blue-HD2-4-1024x683.jpeg\" alt=\"\" class=\"wp-image-2850\" srcset=\"https:\/\/www.allersretoursasso.fr\/wp-content\/uploads\/2023\/01\/Virgin-Blue-HD2-4-1024x683.jpeg 1024w, https:\/\/www.allersretoursasso.fr\/wp-content\/uploads\/2023\/01\/Virgin-Blue-HD2-4-300x200.jpeg 300w, https:\/\/www.allersretoursasso.fr\/wp-content\/uploads\/2023\/01\/Virgin-Blue-HD2-4-768x512.jpeg 768w, https:\/\/www.allersretoursasso.fr\/wp-content\/uploads\/2023\/01\/Virgin-Blue-HD2-4-1536x1024.jpeg 1536w, https:\/\/www.allersretoursasso.fr\/wp-content\/uploads\/2023\/01\/Virgin-Blue-HD2-4-2048x1365.jpeg 2048w, https:\/\/www.allersretoursasso.fr\/wp-content\/uploads\/2023\/01\/Virgin-Blue-HD2-4-350x233.jpeg 350w, https:\/\/www.allersretoursasso.fr\/wp-content\/uploads\/2023\/01\/Virgin-Blue-HD2-4-272x182.jpeg 272w\" sizes=\"(max-width: 767px) 89vw, (max-width: 1000px) 54vw, (max-width: 1071px) 543px, 580px\" \/><\/figure>\n<\/figure>\n<\/div><\/div>\n\n\n\n<figure class=\"wp-block-gallery has-nested-images columns-default is-cropped wp-block-gallery-2 is-layout-flex wp-block-gallery-is-layout-flex\">\n<figure class=\"wp-block-image size-large\"><img loading=\"lazy\" decoding=\"async\" width=\"1024\" height=\"683\" src=\"https:\/\/www.allersretoursasso.fr\/wp-content\/uploads\/2023\/01\/Virgin-Blue-HD4-3-1024x683.jpeg\" alt=\"\" class=\"wp-image-2853\" srcset=\"https:\/\/www.allersretoursasso.fr\/wp-content\/uploads\/2023\/01\/Virgin-Blue-HD4-3-1024x683.jpeg 1024w, https:\/\/www.allersretoursasso.fr\/wp-content\/uploads\/2023\/01\/Virgin-Blue-HD4-3-300x200.jpeg 300w, https:\/\/www.allersretoursasso.fr\/wp-content\/uploads\/2023\/01\/Virgin-Blue-HD4-3-768x512.jpeg 768w, https:\/\/www.allersretoursasso.fr\/wp-content\/uploads\/2023\/01\/Virgin-Blue-HD4-3-1536x1024.jpeg 1536w, https:\/\/www.allersretoursasso.fr\/wp-content\/uploads\/2023\/01\/Virgin-Blue-HD4-3-2048x1365.jpeg 2048w, https:\/\/www.allersretoursasso.fr\/wp-content\/uploads\/2023\/01\/Virgin-Blue-HD4-3-350x233.jpeg 350w, https:\/\/www.allersretoursasso.fr\/wp-content\/uploads\/2023\/01\/Virgin-Blue-HD4-3-272x182.jpeg 272w\" sizes=\"(max-width: 767px) 89vw, (max-width: 1000px) 54vw, (max-width: 1071px) 543px, 580px\" \/><\/figure>\n<\/figure>\n<\/div>\n<\/div>\n\n\n\n<figure class=\"wp-block-embed is-type-video is-provider-youtube wp-block-embed-youtube wp-embed-aspect-16-9 wp-has-aspect-ratio\"><div class=\"wp-block-embed__wrapper\">\n<iframe loading=\"lazy\" title=\"Virgin Blue - NIU Xiaoyu - Bande-annonce\" width=\"525\" height=\"295\" src=\"https:\/\/www.youtube.com\/embed\/92W7lyz4l9M?feature=oembed\" frameborder=\"0\" allow=\"accelerometer; autoplay; clipboard-write; encrypted-media; gyroscope; picture-in-picture; web-share\" allowfullscreen><\/iframe>\n<\/div><\/figure>\n\n\n\n<div class=\"wp-block-group is-vertical is-content-justification-center is-layout-flex wp-container-core-group-layout-7 wp-block-group-is-layout-flex\">\n<p><strong>sam. 04 f\u00e9vrier \u00e0 15h30 au Mus\u00e9e Guimet&nbsp;<\/strong><\/p>\n\n\n\n<p><strong>mer. 08 f\u00e9vrier \u00e0 19h30 au Studio des Ursulines<\/strong><\/p>\n\n\n\n<p><\/p>\n\n\n\n<p><strong>dim. 26 mars \u00e0 18h00 au Cin\u00e9ma Lumi\u00e8re Fourmi<\/strong><\/p>\n\n\n\n<p>68 rue Pierre Corneille, Lyon 3<br><\/p>\n\n\n\n<div class=\"wp-block-buttons is-layout-flex wp-block-buttons-is-layout-flex\">\n<div class=\"wp-block-button has-custom-width wp-block-button__width-100 is-style-outline\"><a class=\"wp-block-button__link has-white-background-color has-background wp-element-button\" href=\"https:\/\/www.cinemas-lumiere.com\/programmation\/fourmi\/2023-03-26.html\" target=\"_blank\" rel=\"noreferrer noopener\">\u8d2d\u7968\u94fe\u63a5<\/a><\/div>\n<\/div>\n<\/div>\n\n\n\n<div class=\"wp-block-cover is-light\" style=\"min-height:349px\"><span aria-hidden=\"true\" class=\"wp-block-cover__background has-white-background-color has-background-dim\"><\/span><div class=\"wp-block-cover__inner-container is-layout-flow wp-block-cover-is-layout-flow\">\n<div class=\"wp-block-group is-layout-flow wp-block-group-is-layout-flow\"><div class=\"wp-block-group__inner-container\">\n<figure class=\"wp-block-image size-large\"><a href=\"https:\/\/www.allersretoursasso.fr\/zh\/annee-festival-2023\/\"><img loading=\"lazy\" decoding=\"async\" width=\"1024\" height=\"342\" src=\"https:\/\/www.allersretoursasso.fr\/wp-content\/uploads\/2023\/01\/banner-1024x342.png\" alt=\"\" class=\"wp-image-2854\" srcset=\"https:\/\/www.allersretoursasso.fr\/wp-content\/uploads\/2023\/01\/banner-1024x342.png 1024w, https:\/\/www.allersretoursasso.fr\/wp-content\/uploads\/2023\/01\/banner-300x100.png 300w, https:\/\/www.allersretoursasso.fr\/wp-content\/uploads\/2023\/01\/banner-768x256.png 768w, https:\/\/www.allersretoursasso.fr\/wp-content\/uploads\/2023\/01\/banner-1536x512.png 1536w, https:\/\/www.allersretoursasso.fr\/wp-content\/uploads\/2023\/01\/banner-350x117.png 350w, https:\/\/www.allersretoursasso.fr\/wp-content\/uploads\/2023\/01\/banner.png 2000w\" sizes=\"(max-width: 767px) 89vw, (max-width: 1000px) 54vw, (max-width: 1071px) 543px, 580px\" \/><\/a><\/figure>\n<\/div><\/div>\n<\/div><\/div>\n\n\n\n<div class=\"wp-block-group is-layout-flow wp-block-group-is-layout-flow\"><div class=\"wp-block-group__inner-container\">\n<p class=\"has-text-align-center\" style=\"font-size:15px\"><\/p>\n<\/div><\/div>\n\n\n\n<p class=\"has-text-align-center has-white-color has-text-color\" style=\"font-size:15px\"> 19h45 aux Ursuline<\/p>\n\n\n\n<p class=\"has-text-align-center has-white-color has-text-color\" style=\"font-size:15px\">06 octobre \u00e0 19h45 aux Ursulines<\/p>","protected":false},"excerpt":{"rendered":"<p>2021 \/ 100\u2019 \/ Chinois \/ VOSTF \/ Fiction2021 \/ 100\u2019 \/ \u4e2d\u6587 \/ \u539f\u58f0\u6cd5\u8bed\u5b57\u5e55 \/ \u5267\u60c5 Yezi vient d\u2019obtenir son dipl\u00f4me \u00e0 l\u2019universit\u00e9 et d\u00e9cide de passer ses derni\u00e8res vacances d\u2019\u00e9t\u00e9 aupr\u00e8s de sa grand-m\u00e8re. Dans la maison familiale, les souvenirs vont se mat\u00e9rialiser et se confondre progressivement avec la r\u00e9alit\u00e9. Alors que sa &hellip; <\/p>\n<p class=\"link-more\"><a href=\"https:\/\/www.allersretoursasso.fr\/zh\/festival2023-virgin-blue\/\" class=\"more-link\">\u7ee7\u7eed\u9605\u8bfb<span class=\"screen-reader-text\">\u201cFestival Allers Retours 2023  &#8211;  Virgin Blue\u201d<\/span><\/a><\/p>","protected":false},"author":16,"featured_media":0,"parent":0,"menu_order":0,"comment_status":"closed","ping_status":"closed","template":"","meta":{"footnotes":""},"_links":{"self":[{"href":"https:\/\/www.allersretoursasso.fr\/zh\/wp-json\/wp\/v2\/pages\/2756"}],"collection":[{"href":"https:\/\/www.allersretoursasso.fr\/zh\/wp-json\/wp\/v2\/pages"}],"about":[{"href":"https:\/\/www.allersretoursasso.fr\/zh\/wp-json\/wp\/v2\/types\/page"}],"author":[{"embeddable":true,"href":"https:\/\/www.allersretoursasso.fr\/zh\/wp-json\/wp\/v2\/users\/16"}],"replies":[{"embeddable":true,"href":"https:\/\/www.allersretoursasso.fr\/zh\/wp-json\/wp\/v2\/comments?post=2756"}],"version-history":[{"count":15,"href":"https:\/\/www.allersretoursasso.fr\/zh\/wp-json\/wp\/v2\/pages\/2756\/revisions"}],"predecessor-version":[{"id":5473,"href":"https:\/\/www.allersretoursasso.fr\/zh\/wp-json\/wp\/v2\/pages\/2756\/revisions\/5473"}],"wp:attachment":[{"href":"https:\/\/www.allersretoursasso.fr\/zh\/wp-json\/wp\/v2\/media?parent=2756"}],"curies":[{"name":"wp","href":"https:\/\/api.w.org\/{rel}","templated":true}]}}