{"id":2757,"date":"2023-01-02T16:50:25","date_gmt":"2023-01-02T15:50:25","guid":{"rendered":"https:\/\/www.allersretoursasso.fr\/?page_id=2757"},"modified":"2024-12-07T15:30:40","modified_gmt":"2024-12-07T14:30:40","slug":"festival2023-barbarian-invasion","status":"publish","type":"page","link":"https:\/\/www.allersretoursasso.fr\/zh\/festival2023-barbarian-invasion\/","title":{"rendered":"Festival Allers Retours 2023  &#8211;  Barbarian Invasion"},"content":{"rendered":"<div id=\"fb-root\"><\/div>\n\n<div class=\"wp-block-media-text alignwide is-stacked-on-mobile\" style=\"grid-template-columns:41% auto\"><figure class=\"wp-block-media-text__media\"><img loading=\"lazy\" decoding=\"async\" width=\"691\" height=\"1024\" src=\"https:\/\/www.allersretoursasso.fr\/wp-content\/uploads\/2023\/01\/05-Barbarian-Invation_Affiche-Format-uni_Web_FAR2023-691x1024.jpg\" alt=\"\" class=\"wp-image-2970 size-full\" srcset=\"https:\/\/www.allersretoursasso.fr\/wp-content\/uploads\/2023\/01\/05-Barbarian-Invation_Affiche-Format-uni_Web_FAR2023-691x1024.jpg 691w, https:\/\/www.allersretoursasso.fr\/wp-content\/uploads\/2023\/01\/05-Barbarian-Invation_Affiche-Format-uni_Web_FAR2023-203x300.jpg 203w, https:\/\/www.allersretoursasso.fr\/wp-content\/uploads\/2023\/01\/05-Barbarian-Invation_Affiche-Format-uni_Web_FAR2023-768x1138.jpg 768w, https:\/\/www.allersretoursasso.fr\/wp-content\/uploads\/2023\/01\/05-Barbarian-Invation_Affiche-Format-uni_Web_FAR2023-350x518.jpg 350w, https:\/\/www.allersretoursasso.fr\/wp-content\/uploads\/2023\/01\/05-Barbarian-Invation_Affiche-Format-uni_Web_FAR2023.jpg 804w\" sizes=\"(max-width: 691px) 100vw, 691px\" \/><\/figure><div class=\"wp-block-media-text__content\">\n<div class=\"wp-block-group is-layout-flow wp-block-group-is-layout-flow\"><div class=\"wp-block-group__inner-container\">\n<div class=\"wp-block-group is-vertical is-layout-flex wp-container-core-group-layout-4 wp-block-group-is-layout-flex\">\n<div class=\"wp-block-group is-layout-flow wp-block-group-is-layout-flow\"><div class=\"wp-block-group__inner-container\">\n<div class=\"wp-block-group is-layout-flow wp-block-group-is-layout-flow\"><div class=\"wp-block-group__inner-container\">\n<div class=\"wp-block-group is-layout-flow wp-block-group-is-layout-flow\"><div class=\"wp-block-group__inner-container\">\n<p><\/p>\n\n\n\n<p style=\"font-size:30px;font-style:normal;font-weight:500\"><strong><em><strong><span style=\"font-weight: 400\"><strong>\u91ce\u86ee\u4eba\u5165\u4fb5<\/strong>&nbsp;<\/span><\/strong><\/em><\/strong><\/p>\n\n\n\n<p style=\"font-size:30px;font-style:normal;font-weight:500\"><strong>\u91ce\u86ee\u4eba\u5165\u4fb5<\/strong><\/p>\n\n\n\n<p class=\"has-medium-font-size\">TAN Chui Mu<\/p>\n\n\n\n<p class=\"has-medium-font-size\">\u9648\u7fe0\u6885<\/p>\n\n\n\n<p class=\"has-small-font-size\">\u00c9dition : <a href=\"https:\/\/www.allersretoursasso.fr\/zh\/annee-festival-2023\/\">Festival Allers Retours 2023<\/a><\/p>\n\n\n\n<p style=\"font-size:10px\"><\/p>\n<\/div><\/div>\n\n\n\n<p class=\"has-text-align-center\"><\/p>\n\n\n\n<p class=\"has-text-align-left\" style=\"font-size:15px\"><\/p>\n<\/div><\/div>\n<\/div><\/div>\n<\/div>\n<\/div><\/div>\n<\/div><\/div>\n\n\n\n<h2 class=\"wp-block-heading\"><\/h2>\n\n\n\n<p class=\"has-text-align-center\" style=\"font-size:15px\"><em>2021 \/ 106\u2019 \/ \u666e\u901a\u8bdd\u3001\u5e7f\u4e1c\u8bdd\u3001\u9a6c\u6765\u8bed \/ \u539f\u58f0\u6cd5\u8bed\u5b57\u5e55 \/ \u5267\u60c5<\/em><br><em>2021 \/ 106\u2019 \/ \u666e\u901a\u8bdd\u3001\u5e7f\u4e1c\u8bdd\u3001\u9a6c\u6765\u8bed \/ \u539f\u58f0\u6cd5\u8bed\u5b57\u5e55 \/ \u5267\u60c5<\/em><\/p>\n\n\n\n<p>\u80e1\u5b50\u6770\u9080\u8bf7\u521a\u79bb\u5a5a\u7684\u8001\u642d\u6863\u674e\u5706\u6ee1\uff0c\u6765\u5230\u4e00\u4e2a\u6d77\u8fb9\u5c0f\u9547\u3002\u4ed6\u8981\u674e\u5706\u6ee1\u4e3b\u6f14\u4e00\u90e8\u201c\u4e1c\u5357\u4e9a\u7248\u8c0d\u5f71\u91cd\u91cd\u201d\u52a8\u4f5c\u7247\uff0c\u6761\u4ef6\u662f\u4e00\u4e2a\u6708\u7684\u6b66\u672f\u8bad\u7ec3\uff0c\u4e0d\u51c6\u4f7f\u7528\u66ff\u8eab\u3002\u5df2\u7ecf\u606f\u5f71\u5341\u5e74\u7684\u674e\u5706\u6ee1\u3002\u5e26\u7740 6 \u5c81\u7684\u513f\u5b50\uff0c\u5f00\u59cb\u4e86\u56f0\u96be\u91cd\u91cd\u7684\u6b66\u672f\u8bad\u7ec3\u3002<\/p>\n\n\n\n<p><em>\u9ad8\u5ea6\u5185\u7701\u7684\u5143\u7535\u5f71\uff0c\u81ea\u7f16\u81ea\u5bfc\u81ea\u6f14\uff0c\u8fd9\u90e8\u975e\u5e38\u4e2a\u4eba\u5316\u7684\u4f5c\u54c1\u53cd\u6620\u51fa\u5973\u6027\u7535\u5f71\u4eba\u9648\u7fe0\u6885\u6d0b\u6ea2\u7684\u624d\u534e\uff0c\u4f5c\u54c1\u4e2d\u66f4\u662f\u63d0\u51fa\u4e86\u5979\u5bf9\u6bcd\u4eb2\u8eab\u4efd\u548c\u5973\u6027\u8eab\u4f53\u7684\u601d\u8003\u3002<\/em><\/p>\n\n\n\n<p>\u80e1\u5b50\u6770\u9080\u8bf7\u521a\u79bb\u5a5a\u7684\u8001\u642d\u6863\u674e\u5706\u6ee1\uff0c\u6765\u5230\u4e00\u4e2a\u6d77\u8fb9\u5c0f\u9547\u3002\u4ed6\u8981\u674e\u5706\u6ee1\u4e3b\u6f14\u4e00\u90e8\u201c\u4e1c\u5357\u4e9a\u7248\u8c0d\u5f71\u91cd\u91cd\u201d\u52a8\u4f5c\u7247\uff0c\u6761\u4ef6\u662f\u4e00\u4e2a\u6708\u7684\u6b66\u672f\u8bad\u7ec3\uff0c\u4e0d\u51c6\u4f7f\u7528\u66ff\u8eab\u3002\u5df2\u7ecf\u606f\u5f71\u5341\u5e74\u7684\u674e\u5706\u6ee1\u3002\u5e26\u7740 6 \u5c81\u7684\u513f\u5b50\uff0c\u5f00\u59cb\u4e86\u56f0\u96be\u91cd\u91cd\u7684\u6b66\u672f\u8bad\u7ec3\u3002<\/p>\n\n\n\n<p><em>\u9ad8\u5ea6\u5185\u7701\u7684\u5143\u7535\u5f71\uff0c\u81ea\u7f16\u81ea\u5bfc\u81ea\u6f14\uff0c\u8fd9\u90e8\u975e\u5e38\u4e2a\u4eba\u5316\u7684\u4f5c\u54c1\u53cd\u6620\u51fa\u5973\u6027\u7535\u5f71\u4eba\u9648\u7fe0\u6885\u6d0b\u6ea2\u7684\u624d\u534e\uff0c\u4f5c\u54c1\u4e2d\u66f4\u662f\u63d0\u51fa\u4e86\u5979\u5bf9\u6bcd\u4eb2\u8eab\u4efd\u548c\u5973\u6027\u8eab\u4f53\u7684\u601d\u8003\u3002<\/em><\/p>\n\n\n\n<p><mark style=\"background-color:rgba(0, 0, 0, 0)\" class=\"has-inline-color has-white-color\">000000<\/mark><\/p>\n\n\n\n<div class=\"wp-block-columns is-layout-flex wp-container-core-columns-layout-1 wp-block-columns-is-layout-flex\">\n<div class=\"wp-block-column is-layout-flow wp-block-column-is-layout-flow\" style=\"flex-basis:100%\">\n<figure class=\"wp-block-gallery has-nested-images columns-default is-cropped wp-block-gallery-1 is-layout-flex wp-block-gallery-is-layout-flex\">\n<figure class=\"wp-block-image size-large\"><img loading=\"lazy\" decoding=\"async\" width=\"1024\" height=\"683\" src=\"https:\/\/www.allersretoursasso.fr\/wp-content\/uploads\/2023\/01\/Copie-de-BBI_2nd_04-1024x683.jpg\" alt=\"\" class=\"wp-image-2758\" srcset=\"https:\/\/www.allersretoursasso.fr\/wp-content\/uploads\/2023\/01\/Copie-de-BBI_2nd_04-1024x683.jpg 1024w, https:\/\/www.allersretoursasso.fr\/wp-content\/uploads\/2023\/01\/Copie-de-BBI_2nd_04-300x200.jpg 300w, https:\/\/www.allersretoursasso.fr\/wp-content\/uploads\/2023\/01\/Copie-de-BBI_2nd_04-768x512.jpg 768w, https:\/\/www.allersretoursasso.fr\/wp-content\/uploads\/2023\/01\/Copie-de-BBI_2nd_04-1536x1024.jpg 1536w, https:\/\/www.allersretoursasso.fr\/wp-content\/uploads\/2023\/01\/Copie-de-BBI_2nd_04-2048x1365.jpg 2048w, https:\/\/www.allersretoursasso.fr\/wp-content\/uploads\/2023\/01\/Copie-de-BBI_2nd_04-350x233.jpg 350w, https:\/\/www.allersretoursasso.fr\/wp-content\/uploads\/2023\/01\/Copie-de-BBI_2nd_04-272x182.jpg 272w\" sizes=\"(max-width: 767px) 89vw, (max-width: 1000px) 54vw, (max-width: 1071px) 543px, 580px\" \/><\/figure>\n\n\n\n<figure class=\"wp-block-image size-large\"><img loading=\"lazy\" decoding=\"async\" width=\"1024\" height=\"683\" src=\"https:\/\/www.allersretoursasso.fr\/wp-content\/uploads\/2023\/01\/Copie-de-Barbarian-Invasion_0517_03-1024x683.jpg\" alt=\"\" class=\"wp-image-2759\" srcset=\"https:\/\/www.allersretoursasso.fr\/wp-content\/uploads\/2023\/01\/Copie-de-Barbarian-Invasion_0517_03-1024x683.jpg 1024w, https:\/\/www.allersretoursasso.fr\/wp-content\/uploads\/2023\/01\/Copie-de-Barbarian-Invasion_0517_03-300x200.jpg 300w, https:\/\/www.allersretoursasso.fr\/wp-content\/uploads\/2023\/01\/Copie-de-Barbarian-Invasion_0517_03-768x512.jpg 768w, https:\/\/www.allersretoursasso.fr\/wp-content\/uploads\/2023\/01\/Copie-de-Barbarian-Invasion_0517_03-1536x1025.jpg 1536w, https:\/\/www.allersretoursasso.fr\/wp-content\/uploads\/2023\/01\/Copie-de-Barbarian-Invasion_0517_03-2048x1366.jpg 2048w, https:\/\/www.allersretoursasso.fr\/wp-content\/uploads\/2023\/01\/Copie-de-Barbarian-Invasion_0517_03-350x233.jpg 350w, https:\/\/www.allersretoursasso.fr\/wp-content\/uploads\/2023\/01\/Copie-de-Barbarian-Invasion_0517_03-272x182.jpg 272w\" sizes=\"(max-width: 767px) 89vw, (max-width: 1000px) 54vw, (max-width: 1071px) 543px, 580px\" \/><\/figure>\n<\/figure>\n<\/div>\n<\/div>\n\n\n\n<figure class=\"wp-block-image size-large\"><img loading=\"lazy\" decoding=\"async\" width=\"1024\" height=\"683\" src=\"https:\/\/www.allersretoursasso.fr\/wp-content\/uploads\/2023\/01\/Copie-de-Barbarian-Invasion_0517_01-1024x683.jpg\" alt=\"\" class=\"wp-image-2760\" srcset=\"https:\/\/www.allersretoursasso.fr\/wp-content\/uploads\/2023\/01\/Copie-de-Barbarian-Invasion_0517_01-1024x683.jpg 1024w, https:\/\/www.allersretoursasso.fr\/wp-content\/uploads\/2023\/01\/Copie-de-Barbarian-Invasion_0517_01-300x200.jpg 300w, https:\/\/www.allersretoursasso.fr\/wp-content\/uploads\/2023\/01\/Copie-de-Barbarian-Invasion_0517_01-768x512.jpg 768w, https:\/\/www.allersretoursasso.fr\/wp-content\/uploads\/2023\/01\/Copie-de-Barbarian-Invasion_0517_01-1536x1024.jpg 1536w, https:\/\/www.allersretoursasso.fr\/wp-content\/uploads\/2023\/01\/Copie-de-Barbarian-Invasion_0517_01-2048x1365.jpg 2048w, https:\/\/www.allersretoursasso.fr\/wp-content\/uploads\/2023\/01\/Copie-de-Barbarian-Invasion_0517_01-350x233.jpg 350w, https:\/\/www.allersretoursasso.fr\/wp-content\/uploads\/2023\/01\/Copie-de-Barbarian-Invasion_0517_01-272x182.jpg 272w\" sizes=\"(max-width: 767px) 89vw, (max-width: 1000px) 54vw, (max-width: 1071px) 543px, 580px\" \/><\/figure>\n\n\n\n<figure class=\"wp-block-embed is-type-video is-provider-youtube wp-block-embed-youtube wp-embed-aspect-16-9 wp-has-aspect-ratio\"><div class=\"wp-block-embed__wrapper\">\n<iframe loading=\"lazy\" title=\"Barbarian Invasion - Tan Chui Mui - Bande-annonce\" width=\"525\" height=\"295\" src=\"https:\/\/www.youtube.com\/embed\/027fxktODDk?feature=oembed\" frameborder=\"0\" allow=\"accelerometer; autoplay; clipboard-write; encrypted-media; gyroscope; picture-in-picture; web-share\" referrerpolicy=\"strict-origin-when-cross-origin\" allowfullscreen><\/iframe>\n<\/div><\/figure>\n\n\n\n<div class=\"wp-block-group is-vertical is-content-justification-center is-layout-flex wp-container-core-group-layout-6 wp-block-group-is-layout-flex\"><p class=\"fonts-plugin-block\" style=\"font-weight: normal\"><strong>sam. 04 f\u00e9vrier \u00e0 21h00 au Studio des Ursulines<\/strong><br><strong>ven. 10 f\u00e9vrier \u00e0 18h30 au Studio des Ursulines<\/strong><br><br><strong>2\u67084\u65e5 \u661f\u671f\u516d 21h00 \u4e8e Studio des Ursulines\u5f71\u9662<\/strong><br><strong>2\u670810\u65e5 \u661f\u671f\u4e94 18h30 \u4e8e Studio des Ursulines\u5f71\u9662<\/strong><\/p>\n\n\n<div class=\"wp-block-buttons is-layout-flex wp-block-buttons-is-layout-flex\">\n<div class=\"wp-block-button has-custom-width wp-block-button__width-100 is-style-outline\"><a class=\"wp-block-button__link has-white-background-color has-background wp-element-button\" href=\"https:\/\/www.billetweb.fr\/far2023\" target=\"_blank\" rel=\"noreferrer noopener\">R\u00e9servez vos billets \u8d2d\u7968\u94fe\u63a5<\/a><\/div>\n<\/div>\n<\/div>\n\n\n\n<div class=\"wp-block-cover is-light\" style=\"min-height:349px\"><span aria-hidden=\"true\" class=\"wp-block-cover__background has-white-background-color has-background-dim\"><\/span><div class=\"wp-block-cover__inner-container is-layout-flow wp-block-cover-is-layout-flow\">\n<div class=\"wp-block-group is-layout-flow wp-block-group-is-layout-flow\"><div class=\"wp-block-group__inner-container\">\n<figure class=\"wp-block-image size-large\"><a href=\"https:\/\/www.allersretoursasso.fr\/zh\/annee-festival-2023\/\"><img loading=\"lazy\" decoding=\"async\" width=\"1024\" height=\"342\" src=\"https:\/\/www.allersretoursasso.fr\/wp-content\/uploads\/2023\/01\/banner-4-1024x342.png\" alt=\"\" class=\"wp-image-2973\" srcset=\"https:\/\/www.allersretoursasso.fr\/wp-content\/uploads\/2023\/01\/banner-4-1024x342.png 1024w, https:\/\/www.allersretoursasso.fr\/wp-content\/uploads\/2023\/01\/banner-4-300x100.png 300w, https:\/\/www.allersretoursasso.fr\/wp-content\/uploads\/2023\/01\/banner-4-768x256.png 768w, https:\/\/www.allersretoursasso.fr\/wp-content\/uploads\/2023\/01\/banner-4-1536x512.png 1536w, https:\/\/www.allersretoursasso.fr\/wp-content\/uploads\/2023\/01\/banner-4-350x117.png 350w, https:\/\/www.allersretoursasso.fr\/wp-content\/uploads\/2023\/01\/banner-4.png 2000w\" sizes=\"(max-width: 767px) 89vw, (max-width: 1000px) 54vw, (max-width: 1071px) 543px, 580px\" \/><\/a><\/figure>\n<\/div><\/div>\n<\/div><\/div>\n\n\n\n<div class=\"wp-block-group is-layout-flow wp-block-group-is-layout-flow\"><div class=\"wp-block-group__inner-container\">\n<p class=\"has-text-align-center\" style=\"font-size:15px\"><\/p>\n<\/div><\/div>\n\n\n\n<p class=\"has-text-align-center has-white-color has-text-color\" style=\"font-size:15px\"> 19h45 aux Ursuline<\/p>\n\n\n\n<p class=\"has-text-align-center has-white-color has-text-color\" style=\"font-size:15px\">06 octobre \u00e0 19h45 aux Ursulines<\/p>","protected":false},"excerpt":{"rendered":"<p>2021 \/ 106\u2019 \/ Chinois, Cantonais, Malais \/ VOSTF \/ Fiction2021 \/ 106\u2019 \/ \u666e\u901a\u8bdd\u3001\u5e7f\u4e1c\u8bdd\u3001\u9a6c\u6765\u8bed \/ \u539f\u58f0\u6cd5\u8bed\u5b57\u5e55 \/ \u5267\u60c5 Roger, un r\u00e9alisateur travaillant sur son prochain film, invite sa collaboratrice de longue date, Moon, \u00e0 une retraite d&#8217;\u00e9criture dans une ville en bord de mer. Actrice multi-r\u00e9compens\u00e9e, Moon n&#8217;a cependant pas jou\u00e9 depuis 10 ans. &hellip; <\/p>\n<p class=\"link-more\"><a href=\"https:\/\/www.allersretoursasso.fr\/zh\/festival2023-barbarian-invasion\/\" class=\"more-link\">\u7ee7\u7eed\u9605\u8bfb<span class=\"screen-reader-text\">\u201cFestival Allers Retours 2023  &#8211;  Barbarian Invasion\u201d<\/span><\/a><\/p>","protected":false},"author":15,"featured_media":0,"parent":0,"menu_order":0,"comment_status":"closed","ping_status":"closed","template":"","meta":{"footnotes":""},"_links":{"self":[{"href":"https:\/\/www.allersretoursasso.fr\/zh\/wp-json\/wp\/v2\/pages\/2757"}],"collection":[{"href":"https:\/\/www.allersretoursasso.fr\/zh\/wp-json\/wp\/v2\/pages"}],"about":[{"href":"https:\/\/www.allersretoursasso.fr\/zh\/wp-json\/wp\/v2\/types\/page"}],"author":[{"embeddable":true,"href":"https:\/\/www.allersretoursasso.fr\/zh\/wp-json\/wp\/v2\/users\/15"}],"replies":[{"embeddable":true,"href":"https:\/\/www.allersretoursasso.fr\/zh\/wp-json\/wp\/v2\/comments?post=2757"}],"version-history":[{"count":10,"href":"https:\/\/www.allersretoursasso.fr\/zh\/wp-json\/wp\/v2\/pages\/2757\/revisions"}],"predecessor-version":[{"id":5478,"href":"https:\/\/www.allersretoursasso.fr\/zh\/wp-json\/wp\/v2\/pages\/2757\/revisions\/5478"}],"wp:attachment":[{"href":"https:\/\/www.allersretoursasso.fr\/zh\/wp-json\/wp\/v2\/media?parent=2757"}],"curies":[{"name":"wp","href":"https:\/\/api.w.org\/{rel}","templated":true}]}}