{"id":2784,"date":"2023-01-02T17:54:13","date_gmt":"2023-01-02T16:54:13","guid":{"rendered":"https:\/\/www.allersretoursasso.fr\/?page_id=2784"},"modified":"2024-12-07T15:12:49","modified_gmt":"2024-12-07T14:12:49","slug":"festival2023-journey-to-the-west","status":"publish","type":"page","link":"https:\/\/www.allersretoursasso.fr\/zh\/festival2023-journey-to-the-west\/","title":{"rendered":"Festival Allers Retours 2023  &#8211;  Journey to the West"},"content":{"rendered":"<div id=\"fb-root\"><\/div>\n\n<div class=\"wp-block-media-text alignwide is-stacked-on-mobile\" style=\"grid-template-columns:41% auto\"><figure class=\"wp-block-media-text__media\"><img decoding=\"async\" src=\"https:\/\/www.allersretoursasso.fr\/wp-content\/uploads\/2023\/01\/08-Journey-to-the-West-Poster-Final.jpeg\" alt=\"\" class=\"wp-image-2786 size-full\"\/><\/figure><div class=\"wp-block-media-text__content\">\n<div class=\"wp-block-group is-layout-flow wp-block-group-is-layout-flow\"><div class=\"wp-block-group__inner-container\">\n<div class=\"wp-block-group is-vertical is-layout-flex wp-container-core-group-layout-4 wp-block-group-is-layout-flex\">\n<div class=\"wp-block-group is-layout-flow wp-block-group-is-layout-flow\"><div class=\"wp-block-group__inner-container\">\n<div class=\"wp-block-group is-layout-flow wp-block-group-is-layout-flow\"><div class=\"wp-block-group__inner-container\">\n<div class=\"wp-block-group is-layout-flow wp-block-group-is-layout-flow\"><div class=\"wp-block-group__inner-container\">\n<p><\/p>\n\n\n\n<p style=\"font-size:30px;font-style:normal;font-weight:500\"><em><span style=\"font-weight: 400\"><strong>\u5b87\u5b99\u63a2\u7d22\u7f16\u8f91\u90e8 &nbsp;<\/strong><\/span><\/em><\/p>\n\n\n\n<p style=\"font-size:30px;font-style:normal;font-weight:500\">\u5b87\u5b99\u63a2\u7d22\u7f16\u8f91\u90e8<\/p>\n\n\n\n<p class=\"has-medium-font-size\">KONG Dashan <\/p>\n\n\n\n<p class=\"has-medium-font-size\">\u5b54\u5927\u5c71<\/p>\n\n\n\n<p class=\"has-small-font-size\">\u00c9dition : <a href=\"https:\/\/www.allersretoursasso.fr\/zh\/annee-festival-2023\/\">Festival Allers Retours 2023<\/a><\/p>\n\n\n\n<p style=\"font-size:10px\"><\/p>\n<\/div><\/div>\n\n\n\n<p class=\"has-text-align-center\"><\/p>\n\n\n\n<p class=\"has-text-align-left\" style=\"font-size:15px\"><\/p>\n<\/div><\/div>\n<\/div><\/div>\n<\/div>\n<\/div><\/div>\n<\/div><\/div>\n\n\n\n<h2 class=\"wp-block-heading\"><\/h2>\n\n\n\n<p class=\"has-text-align-center\" style=\"font-size:15px\"><em>2021 \/ 118\u2019 \/ \u4e2d\u6587 \/ \u539f\u58f0\u6cd5\u8bed\u5b57\u5e55\/ \u5267\u60c5<\/em><br><em>2021 \/ 118\u2019 \/ \u4e2d\u6587 \/ \u539f\u58f0\u6cd5\u8bed\u5b57\u5e55\/ \u5267\u60c5<\/em><\/p>\n\n\n\n<p>\u5510\u5fd7\u519b\u662f\u4e00\u5bb6\u8bde\u751f\u4e8e\u4e0a\u4e16\u7eaa\u516b\u5341\u5e74\u4ee3\u7684\u79d1\u5e7b\u6742\u5fd7\u2014\u2014\u300a\u5b87\u5b99\u63a2\u7d22\u300b\u7f16\u8f91\u90e8\u7684\u4e3b\u7f16\u3002\u73b0\u5982\u4eca\u7684\u6742\u5fd7\u793e\u65e5\u6e10\u5f0f\u5fae\uff0c\u5510\u5fd7\u519b\u4e5f\u7ec8\u6210\u843d\u9b44\u6f66\u5012\uff0c\u9ccf\u5be1\u5b64\u72ec\u4e4b\u4eba\u3002\u4f46\u4ed6\u5374\u4f9d\u7136\u51e0\u5341\u5e74\u5982\u4e00\u65e5\u7684\u75f4\u8ff7\u4e8e\u5bfb\u627e\u5730\u5916\u6587\u660e\u3002\u7ec8\u4e8e\u6709\u4e00\u5929\uff0c\u4ed6\u63a5\u6536\u5230\u4e86\u4e00\u4e2a\u7591\u4f3c\u6765\u81ea\u5b87\u5b99\u6df1\u5904\u7684\u5f02\u5e38\u4fe1\u53f7\uff0c\u4e8e\u662f\u4ed6\u53ec\u96c6\u540c\u662f\u5929\u6daf\u6ca6\u843d\u4eba\u7684\u4f19\u4f34\u4eec\uff0c\u5e26\u7740\u90a3\u4e00\u4e2a\u56f0\u60d1\u4ed6\u7ec8\u751f\u7684\u95ee\u9898\uff0c\u518d\u4e00\u6b21\u8e0f\u4e0a\u5bfb\u627e\u5916\u661f\u4eba\u7684\u672a\u5c3d\u4e4b\u8def\u3002<\/p>\n\n\n\n<p>\u5510\u5fd7\u519b\u662f\u4e00\u5bb6\u8bde\u751f\u4e8e\u4e0a\u4e16\u7eaa\u516b\u5341\u5e74\u4ee3\u7684\u79d1\u5e7b\u6742\u5fd7\u2014\u2014\u300a\u5b87\u5b99\u63a2\u7d22\u300b\u7f16\u8f91\u90e8\u7684\u4e3b\u7f16\u3002\u73b0\u5982\u4eca\u7684\u6742\u5fd7\u793e\u65e5\u6e10\u5f0f\u5fae\uff0c\u5510\u5fd7\u519b\u4e5f\u7ec8\u6210\u843d\u9b44\u6f66\u5012\uff0c\u9ccf\u5be1\u5b64\u72ec\u4e4b\u4eba\u3002\u4f46\u4ed6\u5374\u4f9d\u7136\u51e0\u5341\u5e74\u5982\u4e00\u65e5\u7684\u75f4\u8ff7\u4e8e\u5bfb\u627e\u5730\u5916\u6587\u660e\u3002\u7ec8\u4e8e\u6709\u4e00\u5929\uff0c\u4ed6\u63a5\u6536\u5230\u4e86\u4e00\u4e2a\u7591\u4f3c\u6765\u81ea\u5b87\u5b99\u6df1\u5904\u7684\u5f02\u5e38\u4fe1\u53f7\uff0c\u4e8e\u662f\u4ed6\u53ec\u96c6\u540c\u662f\u5929\u6daf\u6ca6\u843d\u4eba\u7684\u4f19\u4f34\u4eec\uff0c\u5e26\u7740\u90a3\u4e00\u4e2a\u56f0\u60d1\u4ed6\u7ec8\u751f\u7684\u95ee\u9898\uff0c\u518d\u4e00\u6b21\u8e0f\u4e0a\u5bfb\u627e\u5916\u661f\u4eba\u7684\u672a\u5c3d\u4e4b\u8def\u3002<\/p>\n\n\n\n<p><em>\u300a\u5b87\u5b99\u63a2\u7d22\u7f16\u8f91\u90e8\u300b\u662f\u5bfc\u6f14\u5b54\u5927\u5c71\u6700\u65b0\u559c\u5267\u79d1\u5e7b\u7c7b\u578b\u7535\u5f71\u4f5c\u54c1\uff0c\u7075\u611f\u53d6\u6750\u4e8e\u771f\u5b9e\u4e8b\u4ef6\u3002\u5728\u8fd9\u90e8\u957f\u7247\u9996\u4f5c\u4e2d\uff0c\u5bfc\u6f14\u91c7\u7528\u5176\u504f\u7231\u7684\u4f2a\u7eaa\u5f55\u5f62\u5f0f\uff0c\u7528\u5b58\u5728\u611f\u6781\u5f3a\u7684\u6444\u50cf\u673a\u955c\u5934\u5de7\u5999\u5730\u62fc\u63a5\u7740\u865a\u6784\u4e0e\u771f\u5b9e\uff0c\u4e5f\u5c06\u4eba\u7269\u4e0e\u89c2\u4f17\u81ea\u7136\u5730\u8fde\u63a5\u5230\u4e86\u4e00\u8d77\uff0c\u5171\u540c\u5728\u8352\u8bde\u4e2d\u63a2\u5bfb\u4eba\u751f\u4e43\u81f3\u5b87\u5b99\u7684\u79d8\u5bc6\u3002<\/em><\/p>\n\n\n\n<p><em>\u300a\u5b87\u5b99\u63a2\u7d22\u7f16\u8f91\u90e8\u300b\u662f\u5bfc\u6f14\u5b54\u5927\u5c71\u6700\u65b0\u559c\u5267\u79d1\u5e7b\u7c7b\u578b\u7535\u5f71\u4f5c\u54c1\uff0c\u7075\u611f\u53d6\u6750\u4e8e\u771f\u5b9e\u4e8b\u4ef6\u3002\u5728\u8fd9\u90e8\u957f\u7247\u9996\u4f5c\u4e2d\uff0c\u5bfc\u6f14\u91c7\u7528\u5176\u504f\u7231\u7684\u4f2a\u7eaa\u5f55\u5f62\u5f0f\uff0c\u7528\u5b58\u5728\u611f\u6781\u5f3a\u7684\u6444\u50cf\u673a\u955c\u5934\u5de7\u5999\u5730\u62fc\u63a5\u7740\u865a\u6784\u4e0e\u771f\u5b9e\uff0c\u4e5f\u5c06\u4eba\u7269\u4e0e\u89c2\u4f17\u81ea\u7136\u5730\u8fde\u63a5\u5230\u4e86\u4e00\u8d77\uff0c\u5171\u540c\u5728\u8352\u8bde\u4e2d\u63a2\u5bfb\u4eba\u751f\u4e43\u81f3\u5b87\u5b99\u7684\u79d8\u5bc6\u3002<\/em><\/p>\n\n\n\n<p><mark style=\"background-color:rgba(0, 0, 0, 0)\" class=\"has-inline-color has-white-color\">000000<\/mark><\/p>\n\n\n\n<div class=\"wp-block-columns is-layout-flex wp-container-core-columns-layout-1 wp-block-columns-is-layout-flex\">\n<div class=\"wp-block-column is-layout-flow wp-block-column-is-layout-flow\" style=\"flex-basis:100%\">\n<figure class=\"wp-block-gallery has-nested-images columns-default is-cropped wp-block-gallery-1 is-layout-flex wp-block-gallery-is-layout-flex\">\n<figure class=\"wp-block-image size-large\"><img loading=\"lazy\" decoding=\"async\" width=\"1024\" height=\"576\" src=\"https:\/\/www.allersretoursasso.fr\/wp-content\/uploads\/2023\/01\/Journey-to-the-West-Stills01-1024x576.jpg\" alt=\"\" class=\"wp-image-2787\" srcset=\"https:\/\/www.allersretoursasso.fr\/wp-content\/uploads\/2023\/01\/Journey-to-the-West-Stills01-1024x576.jpg 1024w, https:\/\/www.allersretoursasso.fr\/wp-content\/uploads\/2023\/01\/Journey-to-the-West-Stills01-300x169.jpg 300w, https:\/\/www.allersretoursasso.fr\/wp-content\/uploads\/2023\/01\/Journey-to-the-West-Stills01-768x432.jpg 768w, https:\/\/www.allersretoursasso.fr\/wp-content\/uploads\/2023\/01\/Journey-to-the-West-Stills01-1536x864.jpg 1536w, https:\/\/www.allersretoursasso.fr\/wp-content\/uploads\/2023\/01\/Journey-to-the-West-Stills01-2048x1152.jpg 2048w, https:\/\/www.allersretoursasso.fr\/wp-content\/uploads\/2023\/01\/Journey-to-the-West-Stills01-350x197.jpg 350w\" sizes=\"(max-width: 767px) 89vw, (max-width: 1000px) 54vw, (max-width: 1071px) 543px, 580px\" \/><\/figure>\n\n\n\n<figure class=\"wp-block-image size-large\"><img loading=\"lazy\" decoding=\"async\" width=\"1024\" height=\"576\" src=\"https:\/\/www.allersretoursasso.fr\/wp-content\/uploads\/2023\/01\/Journey-to-the-West-Stills04-1024x576.jpg\" alt=\"\" class=\"wp-image-2788\" srcset=\"https:\/\/www.allersretoursasso.fr\/wp-content\/uploads\/2023\/01\/Journey-to-the-West-Stills04-1024x576.jpg 1024w, https:\/\/www.allersretoursasso.fr\/wp-content\/uploads\/2023\/01\/Journey-to-the-West-Stills04-300x169.jpg 300w, https:\/\/www.allersretoursasso.fr\/wp-content\/uploads\/2023\/01\/Journey-to-the-West-Stills04-768x432.jpg 768w, https:\/\/www.allersretoursasso.fr\/wp-content\/uploads\/2023\/01\/Journey-to-the-West-Stills04-1536x864.jpg 1536w, https:\/\/www.allersretoursasso.fr\/wp-content\/uploads\/2023\/01\/Journey-to-the-West-Stills04-2048x1152.jpg 2048w, https:\/\/www.allersretoursasso.fr\/wp-content\/uploads\/2023\/01\/Journey-to-the-West-Stills04-350x197.jpg 350w\" sizes=\"(max-width: 767px) 89vw, (max-width: 1000px) 54vw, (max-width: 1071px) 543px, 580px\" \/><\/figure>\n<\/figure>\n<\/div>\n<\/div>\n\n\n\n<figure class=\"wp-block-image size-large\"><img loading=\"lazy\" decoding=\"async\" width=\"1024\" height=\"683\" src=\"https:\/\/www.allersretoursasso.fr\/wp-content\/uploads\/2023\/01\/Journey-to-the-West-Stills03-1024x683.jpg\" alt=\"\" class=\"wp-image-2789\" srcset=\"https:\/\/www.allersretoursasso.fr\/wp-content\/uploads\/2023\/01\/Journey-to-the-West-Stills03-1024x683.jpg 1024w, https:\/\/www.allersretoursasso.fr\/wp-content\/uploads\/2023\/01\/Journey-to-the-West-Stills03-300x200.jpg 300w, https:\/\/www.allersretoursasso.fr\/wp-content\/uploads\/2023\/01\/Journey-to-the-West-Stills03-768x512.jpg 768w, https:\/\/www.allersretoursasso.fr\/wp-content\/uploads\/2023\/01\/Journey-to-the-West-Stills03-1536x1024.jpg 1536w, https:\/\/www.allersretoursasso.fr\/wp-content\/uploads\/2023\/01\/Journey-to-the-West-Stills03-2048x1365.jpg 2048w, https:\/\/www.allersretoursasso.fr\/wp-content\/uploads\/2023\/01\/Journey-to-the-West-Stills03-350x233.jpg 350w, https:\/\/www.allersretoursasso.fr\/wp-content\/uploads\/2023\/01\/Journey-to-the-West-Stills03-272x182.jpg 272w\" sizes=\"(max-width: 767px) 89vw, (max-width: 1000px) 54vw, (max-width: 1071px) 543px, 580px\" \/><\/figure>\n\n\n\n<figure class=\"wp-block-embed is-type-video is-provider-youtube wp-block-embed-youtube wp-embed-aspect-16-9 wp-has-aspect-ratio\"><div class=\"wp-block-embed__wrapper\">\n<iframe loading=\"lazy\" title=\"Journey to the West - KONG Dashan - Bande-annonce\" width=\"525\" height=\"295\" src=\"https:\/\/www.youtube.com\/embed\/i-OAWAnEpYk?feature=oembed\" frameborder=\"0\" allow=\"accelerometer; autoplay; clipboard-write; encrypted-media; gyroscope; picture-in-picture; web-share\" referrerpolicy=\"strict-origin-when-cross-origin\" allowfullscreen><\/iframe>\n<\/div><\/figure>\n\n\n\n<div class=\"wp-block-group is-vertical is-content-justification-center is-layout-flex wp-container-core-group-layout-6 wp-block-group-is-layout-flex\"><p class=\"fonts-plugin-block\" style=\"font-weight: normal\"><strong>ven. 03 f\u00e9vrier \u00e0 20h10 au Mus\u00e9e Guimet<\/strong><br><strong>sam. 11 f\u00e9vrier \u00e0 21h00 au Studio des Ursulines<\/strong><br><br><strong>2\u67083\u65e5 \u661f\u671f\u4e94 20h10 \u4e8e \u5409\u7f8e\u56fd\u7acb\u4e9a\u6d32\u827a\u672f\u535a\u7269\u9986<\/strong><br><strong>2\u670811\u65e5 \u661f\u671f\u516d 21h00 \u4e8e Studio des Ursulines\u5f71\u9662<\/strong><\/p>\n\n\n<div class=\"wp-block-buttons is-layout-flex wp-block-buttons-is-layout-flex\">\n<div class=\"wp-block-button has-custom-width wp-block-button__width-100 is-style-outline\"><a class=\"wp-block-button__link has-white-background-color has-background wp-element-button\" href=\"https:\/\/www.billetweb.fr\/far2023\" target=\"_blank\" rel=\"noreferrer noopener\">R\u00e9servez vos billets \u8d2d\u7968\u94fe\u63a5<\/a><\/div>\n<\/div>\n<\/div>\n\n\n\n<div class=\"wp-block-cover is-light\" style=\"min-height:349px\"><span aria-hidden=\"true\" class=\"wp-block-cover__background has-white-background-color has-background-dim\"><\/span><div class=\"wp-block-cover__inner-container is-layout-flow wp-block-cover-is-layout-flow\">\n<div class=\"wp-block-group is-layout-flow wp-block-group-is-layout-flow\"><div class=\"wp-block-group__inner-container\">\n<figure class=\"wp-block-image size-large\"><a href=\"https:\/\/www.allersretoursasso.fr\/zh\/annee-festival-2023\/\"><img loading=\"lazy\" decoding=\"async\" width=\"1024\" height=\"342\" src=\"https:\/\/www.allersretoursasso.fr\/wp-content\/uploads\/2023\/01\/banner-4-1024x342.png\" alt=\"\" class=\"wp-image-2973\" srcset=\"https:\/\/www.allersretoursasso.fr\/wp-content\/uploads\/2023\/01\/banner-4-1024x342.png 1024w, https:\/\/www.allersretoursasso.fr\/wp-content\/uploads\/2023\/01\/banner-4-300x100.png 300w, https:\/\/www.allersretoursasso.fr\/wp-content\/uploads\/2023\/01\/banner-4-768x256.png 768w, https:\/\/www.allersretoursasso.fr\/wp-content\/uploads\/2023\/01\/banner-4-1536x512.png 1536w, https:\/\/www.allersretoursasso.fr\/wp-content\/uploads\/2023\/01\/banner-4-350x117.png 350w, https:\/\/www.allersretoursasso.fr\/wp-content\/uploads\/2023\/01\/banner-4.png 2000w\" sizes=\"(max-width: 767px) 89vw, (max-width: 1000px) 54vw, (max-width: 1071px) 543px, 580px\" \/><\/a><\/figure>\n<\/div><\/div>\n<\/div><\/div>\n\n\n\n<div class=\"wp-block-group is-layout-flow wp-block-group-is-layout-flow\"><div class=\"wp-block-group__inner-container\">\n<p class=\"has-text-align-center\" style=\"font-size:15px\"><\/p>\n<\/div><\/div>\n\n\n\n<p class=\"has-text-align-center has-white-color has-text-color\" style=\"font-size:15px\"> 19h45 aux Ursuline<\/p>\n\n\n\n<p class=\"has-text-align-center has-white-color has-text-color\" style=\"font-size:15px\">06 octobre \u00e0 19h45 aux Ursulines<\/p>","protected":false},"excerpt":{"rendered":"<p>2021 \/ 118\u2019 \/ Chinois \/ VOSTF \/ Fiction2021 \/ 118\u2019 \/ \u4e2d\u6587 \/ \u539f\u58f0\u6cd5\u8bed\u5b57\u5e55\/ \u5267\u60c5 Tang Zhijun croit dur comme fer en l\u2019existence de soci\u00e9t\u00e9s extra-terrestres. Il chasse les OVNI les uns apr\u00e8s les autres mais est la ris\u00e9e du milieu scientifique. Apr\u00e8s avoir vu une \u00e9trange vid\u00e9o sur internet, il se met en &hellip; <\/p>\n<p class=\"link-more\"><a href=\"https:\/\/www.allersretoursasso.fr\/zh\/festival2023-journey-to-the-west\/\" class=\"more-link\">\u7ee7\u7eed\u9605\u8bfb<span class=\"screen-reader-text\">\u201cFestival Allers Retours 2023  &#8211;  Journey to the West\u201d<\/span><\/a><\/p>","protected":false},"author":15,"featured_media":0,"parent":0,"menu_order":0,"comment_status":"closed","ping_status":"closed","template":"","meta":{"footnotes":""},"_links":{"self":[{"href":"https:\/\/www.allersretoursasso.fr\/zh\/wp-json\/wp\/v2\/pages\/2784"}],"collection":[{"href":"https:\/\/www.allersretoursasso.fr\/zh\/wp-json\/wp\/v2\/pages"}],"about":[{"href":"https:\/\/www.allersretoursasso.fr\/zh\/wp-json\/wp\/v2\/types\/page"}],"author":[{"embeddable":true,"href":"https:\/\/www.allersretoursasso.fr\/zh\/wp-json\/wp\/v2\/users\/15"}],"replies":[{"embeddable":true,"href":"https:\/\/www.allersretoursasso.fr\/zh\/wp-json\/wp\/v2\/comments?post=2784"}],"version-history":[{"count":8,"href":"https:\/\/www.allersretoursasso.fr\/zh\/wp-json\/wp\/v2\/pages\/2784\/revisions"}],"predecessor-version":[{"id":5470,"href":"https:\/\/www.allersretoursasso.fr\/zh\/wp-json\/wp\/v2\/pages\/2784\/revisions\/5470"}],"wp:attachment":[{"href":"https:\/\/www.allersretoursasso.fr\/zh\/wp-json\/wp\/v2\/media?parent=2784"}],"curies":[{"name":"wp","href":"https:\/\/api.w.org\/{rel}","templated":true}]}}