{"id":2793,"date":"2023-01-02T18:04:04","date_gmt":"2023-01-02T17:04:04","guid":{"rendered":"https:\/\/www.allersretoursasso.fr\/?page_id=2793"},"modified":"2024-12-07T15:28:26","modified_gmt":"2024-12-07T14:28:26","slug":"festival2023-four-journeys","status":"publish","type":"page","link":"https:\/\/www.allersretoursasso.fr\/zh\/festival2023-four-journeys\/","title":{"rendered":"Festival Allers Retours 2023  &#8211;  Four Journeys"},"content":{"rendered":"<div id=\"fb-root\"><\/div>\n\n<div class=\"wp-block-media-text alignwide is-stacked-on-mobile\" style=\"grid-template-columns:41% auto\"><figure class=\"wp-block-media-text__media\"><img decoding=\"async\" src=\"https:\/\/www.allersretoursasso.fr\/wp-content\/uploads\/2023\/01\/04-Four-Journeys_Affiche-Format-uni_Web_FAR2023-724x1024.jpg\" alt=\"\" class=\"wp-image-2798 size-full\"\/><\/figure><div class=\"wp-block-media-text__content\">\n<div class=\"wp-block-group is-layout-flow wp-block-group-is-layout-flow\"><div class=\"wp-block-group__inner-container\">\n<div class=\"wp-block-group is-vertical is-layout-flex wp-container-core-group-layout-4 wp-block-group-is-layout-flex\">\n<div class=\"wp-block-group is-layout-flow wp-block-group-is-layout-flow\"><div class=\"wp-block-group__inner-container\">\n<div class=\"wp-block-group is-layout-flow wp-block-group-is-layout-flow\"><div class=\"wp-block-group__inner-container\">\n<div class=\"wp-block-group is-layout-flow wp-block-group-is-layout-flow\"><div class=\"wp-block-group__inner-container\">\n<p><\/p>\n\n\n\n<p style=\"font-size:30px;font-style:normal;font-weight:500\"><em><span style=\"font-weight: 400\"><strong>\u56db\u6b21\u65c5\u884c&nbsp;<\/strong><\/span><\/em><\/p>\n\n\n\n<p style=\"font-size:30px;font-style:normal;font-weight:500\">\u56db\u6b21\u65c5\u884c &nbsp;<\/p>\n\n\n\n<p class=\"has-medium-font-size\">Louis Hothothot<\/p>\n\n\n\n<p class=\"has-medium-font-size\"><\/p>\n\n\n\n<p class=\"has-small-font-size\">\u00c9dition : <a href=\"https:\/\/www.allersretoursasso.fr\/zh\/annee-festival-2023\/\">Festival Allers Retours 2023<\/a><\/p>\n\n\n\n<p style=\"font-size:10px\"><\/p>\n<\/div><\/div>\n\n\n\n<p class=\"has-text-align-center\"><\/p>\n\n\n\n<p class=\"has-text-align-left\" style=\"font-size:15px\"><\/p>\n<\/div><\/div>\n<\/div><\/div>\n<\/div>\n<\/div><\/div>\n<\/div><\/div>\n\n\n\n<h2 class=\"wp-block-heading\"><\/h2>\n\n\n\n<p class=\"has-text-align-center\" style=\"font-size:15px\"><em>2021 \/ 112\u2019 \/ \u4e2d\u6587 \/ \u539f\u58f0\u6cd5\u8bed\u5b57\u5e55 \/ \u7eaa\u5f55<\/em><br><em>2021 \/ 112\u2019 \/ \u4e2d\u6587 \/ \u539f\u58f0\u6cd5\u8bed\u5b57\u5e55 \/ \u7eaa\u5f55<\/em><\/p>\n\n\n\n<p>\u672c\u7247\u8bb2\u8ff0\u4e86\u534e\u88d4\u5bfc\u6f14Louis Hothothot\u672c\u4eba\u65c5\u6b27\u591a\u5e74\u540e\u7684\u56de\u4e61\u6545\u4e8b\uff0c\u4ed6\u51fa\u751f\u4e8e\u72ec\u751f\u5b50\u5973\u653f\u7b56\u7684\u65f6\u4ee3\uff0c\u5374\u662f\u5bb6\u4e2d\u7b2c\u4e8c\u4e2a\u5b69\u5b50\u3002\u4e0e\u5bb6\u4eba\u4e4b\u95f4\u7684\u9694\u9602\uff0c\u53c8\u8ba9\u4ed6\u89c9\u5f97\u81ea\u5df1\u7684\u5b58\u5728\u88ab\u4ece\u5bb6\u4e2d\u62b9\u6389\u4e86\u3002\u591a\u5e74\u7684\u6b27\u6d32\u751f\u6d3b\u4e4b\u540e\uff0c\u4ed6\u7ec8\u4e8e\u51b3\u5b9a\u8fd4\u56de\u4e2d\u56fd\uff0c\u62ff\u8d77\u76f8\u673a\uff0c\u76f4\u9762\u4e0e\u5bb6\u4eba\u4e4b\u95f4\u65e0\u6cd5\u89e3\u5f00\u7684\u5fc3\u7ed3\u3002\u7136\u800c\uff0c\u5f53\u9690\u79d8\u7684\u521b\u4f24\u88ab\u63ed\u5f00\uff0c\u5bb6\u5ead\u77db\u76fe\u4e5f\u518d\u6b21\u53d8\u5f97\u4e00\u89e6\u5373\u53d1\u3002<\/p>\n\n\n\n<p><em>\u8fd9\u5c06\u662f\u4e00\u6b21\u5145\u6ee1\u60ca\u5947\u3001\u5fae\u5999\u7684\u7cbe\u795e\u4e4b\u65c5\u3002\u4ed6\u8feb\u4f7f\u5bb6\u4eba\u4eec\u9762\u5bf9\u6614\u65e5\u7684\u521b\u4f24\uff0c\u5374\u53c8\u5c06\u4ed6\u4eec\u4ece\u4e0d\u5b89\u7684\u8fc7\u53bb\u4e2d\u62fd\u79bb\u3002\u300a\u56db\u6b21\u65c5\u884c\u300b\u662f\u5bfc\u6f14\u7684\u81ea\u6211\u7597\u4f24\uff0c\u4ea6\u662f\u4ed6\u5bf9\u8eab\u8fb9\u4eba\u7231\u7684\u5ba3\u8a00\u3002<\/em><\/p>\n\n\n\n<p>\u672c\u7247\u8bb2\u8ff0\u4e86\u534e\u88d4\u5bfc\u6f14Louis Hothothot\u672c\u4eba\u65c5\u6b27\u591a\u5e74\u540e\u7684\u56de\u4e61\u6545\u4e8b\uff0c\u4ed6\u51fa\u751f\u4e8e\u72ec\u751f\u5b50\u5973\u653f\u7b56\u7684\u65f6\u4ee3\uff0c\u5374\u662f\u5bb6\u4e2d\u7b2c\u4e8c\u4e2a\u5b69\u5b50\u3002\u4e0e\u5bb6\u4eba\u4e4b\u95f4\u7684\u9694\u9602\uff0c\u53c8\u8ba9\u4ed6\u89c9\u5f97\u81ea\u5df1\u7684\u5b58\u5728\u88ab\u4ece\u5bb6\u4e2d\u62b9\u6389\u4e86\u3002\u591a\u5e74\u7684\u6b27\u6d32\u751f\u6d3b\u4e4b\u540e\uff0c\u4ed6\u7ec8\u4e8e\u51b3\u5b9a\u8fd4\u56de\u4e2d\u56fd\uff0c\u62ff\u8d77\u76f8\u673a\uff0c\u76f4\u9762\u4e0e\u5bb6\u4eba\u4e4b\u95f4\u65e0\u6cd5\u89e3\u5f00\u7684\u5fc3\u7ed3\u3002\u7136\u800c\uff0c\u5f53\u9690\u79d8\u7684\u521b\u4f24\u88ab\u63ed\u5f00\uff0c\u5bb6\u5ead\u77db\u76fe\u4e5f\u518d\u6b21\u53d8\u5f97\u4e00\u89e6\u5373\u53d1\u3002<\/p>\n\n\n\n<p><em>\u8fd9\u5c06\u662f\u4e00\u6b21\u5145\u6ee1\u60ca\u5947\u3001\u5fae\u5999\u7684\u7cbe\u795e\u4e4b\u65c5\u3002\u4ed6\u8feb\u4f7f\u5bb6\u4eba\u4eec\u9762\u5bf9\u6614\u65e5\u7684\u521b\u4f24\uff0c\u5374\u53c8\u5c06\u4ed6\u4eec\u4ece\u4e0d\u5b89\u7684\u8fc7\u53bb\u4e2d\u62fd\u79bb\u3002\u300a\u56db\u6b21\u65c5\u884c\u300b\u662f\u5bfc\u6f14\u7684\u81ea\u6211\u7597\u4f24\uff0c\u4ea6\u662f\u4ed6\u5bf9\u8eab\u8fb9\u4eba\u7231\u7684\u5ba3\u8a00\u3002<\/em><\/p>\n\n\n\n<p><mark style=\"background-color:rgba(0, 0, 0, 0)\" class=\"has-inline-color has-white-color\">000000<\/mark><\/p>\n\n\n\n<div class=\"wp-block-columns is-layout-flex wp-container-core-columns-layout-1 wp-block-columns-is-layout-flex\">\n<div class=\"wp-block-column is-layout-flow wp-block-column-is-layout-flow\" style=\"flex-basis:100%\">\n<figure class=\"wp-block-gallery has-nested-images columns-default is-cropped wp-block-gallery-1 is-layout-flex wp-block-gallery-is-layout-flex\">\n<figure class=\"wp-block-image size-large\"><img loading=\"lazy\" decoding=\"async\" width=\"1024\" height=\"576\" src=\"https:\/\/www.allersretoursasso.fr\/wp-content\/uploads\/2023\/01\/Copie-de-_four-journeys_-still22-1024x576.png\" alt=\"\" class=\"wp-image-2795\" srcset=\"https:\/\/www.allersretoursasso.fr\/wp-content\/uploads\/2023\/01\/Copie-de-_four-journeys_-still22-1024x576.png 1024w, https:\/\/www.allersretoursasso.fr\/wp-content\/uploads\/2023\/01\/Copie-de-_four-journeys_-still22-300x169.png 300w, https:\/\/www.allersretoursasso.fr\/wp-content\/uploads\/2023\/01\/Copie-de-_four-journeys_-still22-768x432.png 768w, https:\/\/www.allersretoursasso.fr\/wp-content\/uploads\/2023\/01\/Copie-de-_four-journeys_-still22-1536x864.png 1536w, https:\/\/www.allersretoursasso.fr\/wp-content\/uploads\/2023\/01\/Copie-de-_four-journeys_-still22-2048x1152.png 2048w, https:\/\/www.allersretoursasso.fr\/wp-content\/uploads\/2023\/01\/Copie-de-_four-journeys_-still22-350x197.png 350w\" sizes=\"(max-width: 767px) 89vw, (max-width: 1000px) 54vw, (max-width: 1071px) 543px, 580px\" \/><\/figure>\n\n\n\n<figure class=\"wp-block-image size-large\"><img loading=\"lazy\" decoding=\"async\" width=\"1024\" height=\"640\" src=\"https:\/\/www.allersretoursasso.fr\/wp-content\/uploads\/2023\/01\/Copie-de-_four-journeys_-still11-1024x640.png\" alt=\"\" class=\"wp-image-2796\" srcset=\"https:\/\/www.allersretoursasso.fr\/wp-content\/uploads\/2023\/01\/Copie-de-_four-journeys_-still11-1024x640.png 1024w, https:\/\/www.allersretoursasso.fr\/wp-content\/uploads\/2023\/01\/Copie-de-_four-journeys_-still11-300x188.png 300w, https:\/\/www.allersretoursasso.fr\/wp-content\/uploads\/2023\/01\/Copie-de-_four-journeys_-still11-768x480.png 768w, https:\/\/www.allersretoursasso.fr\/wp-content\/uploads\/2023\/01\/Copie-de-_four-journeys_-still11-1536x960.png 1536w, https:\/\/www.allersretoursasso.fr\/wp-content\/uploads\/2023\/01\/Copie-de-_four-journeys_-still11-2048x1280.png 2048w, https:\/\/www.allersretoursasso.fr\/wp-content\/uploads\/2023\/01\/Copie-de-_four-journeys_-still11-350x219.png 350w\" sizes=\"(max-width: 767px) 89vw, (max-width: 1000px) 54vw, (max-width: 1071px) 543px, 580px\" \/><\/figure>\n<\/figure>\n<\/div>\n<\/div>\n\n\n\n<figure class=\"wp-block-image size-large\"><img loading=\"lazy\" decoding=\"async\" width=\"1024\" height=\"640\" src=\"https:\/\/www.allersretoursasso.fr\/wp-content\/uploads\/2023\/01\/Copie-de-_four-journeys_-still18-1024x640.png\" alt=\"\" class=\"wp-image-2797\" srcset=\"https:\/\/www.allersretoursasso.fr\/wp-content\/uploads\/2023\/01\/Copie-de-_four-journeys_-still18-1024x640.png 1024w, https:\/\/www.allersretoursasso.fr\/wp-content\/uploads\/2023\/01\/Copie-de-_four-journeys_-still18-300x188.png 300w, https:\/\/www.allersretoursasso.fr\/wp-content\/uploads\/2023\/01\/Copie-de-_four-journeys_-still18-768x480.png 768w, https:\/\/www.allersretoursasso.fr\/wp-content\/uploads\/2023\/01\/Copie-de-_four-journeys_-still18-1536x960.png 1536w, https:\/\/www.allersretoursasso.fr\/wp-content\/uploads\/2023\/01\/Copie-de-_four-journeys_-still18-2048x1280.png 2048w, https:\/\/www.allersretoursasso.fr\/wp-content\/uploads\/2023\/01\/Copie-de-_four-journeys_-still18-350x219.png 350w\" sizes=\"(max-width: 767px) 89vw, (max-width: 1000px) 54vw, (max-width: 1071px) 543px, 580px\" \/><\/figure>\n\n\n\n<figure class=\"wp-block-embed is-type-video is-provider-youtube wp-block-embed-youtube wp-embed-aspect-16-9 wp-has-aspect-ratio\"><div class=\"wp-block-embed__wrapper\">\n<iframe loading=\"lazy\" title=\"Four Journeys - Louis Hothothot - Bande-annonce\" width=\"525\" height=\"295\" src=\"https:\/\/www.youtube.com\/embed\/V33unBJG26Y?feature=oembed\" frameborder=\"0\" allow=\"accelerometer; autoplay; clipboard-write; encrypted-media; gyroscope; picture-in-picture; web-share\" referrerpolicy=\"strict-origin-when-cross-origin\" allowfullscreen><\/iframe>\n<\/div><\/figure>\n\n\n\n<div class=\"wp-block-group is-vertical is-content-justification-center is-layout-flex wp-container-core-group-layout-6 wp-block-group-is-layout-flex\"><p class=\"fonts-plugin-block\" style=\"font-weight: normal;text-align: center\"><strong>\u00a0<\/strong><br><strong>sam. 25 mars \u00e0 20h30 au Cin\u00e9ma Lumi\u00e8re Fourmi<\/strong><br>68 rue Pierre Corneille, Lyon 3<\/p>\n\n\n<div class=\"wp-block-buttons is-layout-flex wp-block-buttons-is-layout-flex\">\n<div class=\"wp-block-button has-custom-width wp-block-button__width-100 is-style-outline\"><a class=\"wp-block-button__link has-white-background-color has-background wp-element-button\" href=\"https:\/\/www.cinemas-lumiere.com\/programmation\/fourmi\/2023-03-25.html\" target=\"_blank\" rel=\"noreferrer noopener\">\u8d2d\u7968\u94fe\u63a5<\/a><\/div>\n<\/div>\n\n\n\n<p><\/p>\n\n\n<p class=\"fonts-plugin-block\" style=\"font-weight: normal;text-align: center\"><strong>sam. 04 f\u00e9vrier \u00e0 18h30 au Studio des Ursulines\u00a0<\/strong><br><strong>ven. 10 f\u00e9vrier \u00e0 21h00 au Studio des Ursulines<\/strong><br><br><strong>2\u67084\u65e5 \u661f\u671f\u516d 18h30 \u4e8e Studio des Ursulines\u5f71\u9662<\/strong><br><strong>2\u670810\u65e5 \u661f\u671f\u4e94 21h00 \u4e8e Studio des Ursulines\u5f71\u9662<\/strong><\/p><\/div>\n\n\n\n<div class=\"wp-block-cover is-light\" style=\"min-height:349px\"><span aria-hidden=\"true\" class=\"wp-block-cover__background has-white-background-color has-background-dim\"><\/span><div class=\"wp-block-cover__inner-container is-layout-flow wp-block-cover-is-layout-flow\">\n<div class=\"wp-block-group is-layout-flow wp-block-group-is-layout-flow\"><div class=\"wp-block-group__inner-container\">\n<figure class=\"wp-block-image size-large\"><a href=\"https:\/\/www.allersretoursasso.fr\/zh\/annee-festival-2023\/\"><img loading=\"lazy\" decoding=\"async\" width=\"1024\" height=\"342\" src=\"https:\/\/www.allersretoursasso.fr\/wp-content\/uploads\/2023\/01\/banner-3-1024x342.png\" alt=\"\" class=\"wp-image-2968\" srcset=\"https:\/\/www.allersretoursasso.fr\/wp-content\/uploads\/2023\/01\/banner-3-1024x342.png 1024w, https:\/\/www.allersretoursasso.fr\/wp-content\/uploads\/2023\/01\/banner-3-300x100.png 300w, https:\/\/www.allersretoursasso.fr\/wp-content\/uploads\/2023\/01\/banner-3-768x256.png 768w, https:\/\/www.allersretoursasso.fr\/wp-content\/uploads\/2023\/01\/banner-3-1536x512.png 1536w, https:\/\/www.allersretoursasso.fr\/wp-content\/uploads\/2023\/01\/banner-3-350x117.png 350w, https:\/\/www.allersretoursasso.fr\/wp-content\/uploads\/2023\/01\/banner-3.png 2000w\" sizes=\"(max-width: 767px) 89vw, (max-width: 1000px) 54vw, (max-width: 1071px) 543px, 580px\" \/><\/a><\/figure>\n<\/div><\/div>\n<\/div><\/div>\n\n\n\n<div class=\"wp-block-group is-layout-flow wp-block-group-is-layout-flow\"><div class=\"wp-block-group__inner-container\">\n<p class=\"has-text-align-center\" style=\"font-size:15px\"><\/p>\n<\/div><\/div>\n\n\n\n<p class=\"has-text-align-center has-white-color has-text-color\" style=\"font-size:15px\"> 19h45 aux Ursuline<\/p>\n\n\n\n<p class=\"has-text-align-center has-white-color has-text-color\" style=\"font-size:15px\">06 octobre \u00e0 19h45 aux Ursulines<\/p>","protected":false},"excerpt":{"rendered":"<p>2021 \/ 112\u2019 \/ Chinois \/ VOSTF \/ Documentaire2021 \/ 112\u2019 \/ \u4e2d\u6587 \/ \u539f\u58f0\u6cd5\u8bed\u5b57\u5e55 \/ \u7eaa\u5f55 Louis est le deuxi\u00e8me enfant de ses parents, \u00e0 une \u00e9poque o\u00f9 la politique de l&#8217;enfant unique est de rigueur en Chine. Se sentant effac\u00e9 de sa propre histoire, il d\u00e9cide d&#8217;allumer sa cam\u00e9ra et de filmer ses &hellip; <\/p>\n<p class=\"link-more\"><a href=\"https:\/\/www.allersretoursasso.fr\/zh\/festival2023-four-journeys\/\" class=\"more-link\">\u7ee7\u7eed\u9605\u8bfb<span class=\"screen-reader-text\">\u201cFestival Allers Retours 2023  &#8211;  Four Journeys\u201d<\/span><\/a><\/p>","protected":false},"author":15,"featured_media":0,"parent":0,"menu_order":0,"comment_status":"closed","ping_status":"closed","template":"","meta":{"footnotes":""},"_links":{"self":[{"href":"https:\/\/www.allersretoursasso.fr\/zh\/wp-json\/wp\/v2\/pages\/2793"}],"collection":[{"href":"https:\/\/www.allersretoursasso.fr\/zh\/wp-json\/wp\/v2\/pages"}],"about":[{"href":"https:\/\/www.allersretoursasso.fr\/zh\/wp-json\/wp\/v2\/types\/page"}],"author":[{"embeddable":true,"href":"https:\/\/www.allersretoursasso.fr\/zh\/wp-json\/wp\/v2\/users\/15"}],"replies":[{"embeddable":true,"href":"https:\/\/www.allersretoursasso.fr\/zh\/wp-json\/wp\/v2\/comments?post=2793"}],"version-history":[{"count":12,"href":"https:\/\/www.allersretoursasso.fr\/zh\/wp-json\/wp\/v2\/pages\/2793\/revisions"}],"predecessor-version":[{"id":5475,"href":"https:\/\/www.allersretoursasso.fr\/zh\/wp-json\/wp\/v2\/pages\/2793\/revisions\/5475"}],"wp:attachment":[{"href":"https:\/\/www.allersretoursasso.fr\/zh\/wp-json\/wp\/v2\/media?parent=2793"}],"curies":[{"name":"wp","href":"https:\/\/api.w.org\/{rel}","templated":true}]}}