{"id":2825,"date":"2023-01-09T15:02:09","date_gmt":"2023-01-09T14:02:09","guid":{"rendered":"https:\/\/www.allersretoursasso.fr\/?page_id=2825"},"modified":"2024-12-07T15:15:58","modified_gmt":"2024-12-07T14:15:58","slug":"festvail2023-after-the-rain","status":"publish","type":"page","link":"https:\/\/www.allersretoursasso.fr\/zh\/festvail2023-after-the-rain\/","title":{"rendered":"Festival Allers Retours 2023  &#8211;  After the Rain"},"content":{"rendered":"<div id=\"fb-root\"><\/div>\n\n<div class=\"wp-block-media-text alignwide is-stacked-on-mobile\" style=\"grid-template-columns:41% auto\"><figure class=\"wp-block-media-text__media\"><img loading=\"lazy\" decoding=\"async\" width=\"691\" height=\"1024\" src=\"https:\/\/www.allersretoursasso.fr\/wp-content\/uploads\/2023\/01\/02-After-the-Rain_Affiche-Format-uni_Web_FAR2023-691x1024.jpg\" alt=\"\" class=\"wp-image-2955 size-full\" srcset=\"https:\/\/www.allersretoursasso.fr\/wp-content\/uploads\/2023\/01\/02-After-the-Rain_Affiche-Format-uni_Web_FAR2023-691x1024.jpg 691w, https:\/\/www.allersretoursasso.fr\/wp-content\/uploads\/2023\/01\/02-After-the-Rain_Affiche-Format-uni_Web_FAR2023-203x300.jpg 203w, https:\/\/www.allersretoursasso.fr\/wp-content\/uploads\/2023\/01\/02-After-the-Rain_Affiche-Format-uni_Web_FAR2023-768x1138.jpg 768w, https:\/\/www.allersretoursasso.fr\/wp-content\/uploads\/2023\/01\/02-After-the-Rain_Affiche-Format-uni_Web_FAR2023-350x518.jpg 350w, https:\/\/www.allersretoursasso.fr\/wp-content\/uploads\/2023\/01\/02-After-the-Rain_Affiche-Format-uni_Web_FAR2023.jpg 804w\" sizes=\"(max-width: 691px) 100vw, 691px\" \/><\/figure><div class=\"wp-block-media-text__content\">\n<div class=\"wp-block-group is-layout-flow wp-block-group-is-layout-flow\"><div class=\"wp-block-group__inner-container\">\n<div class=\"wp-block-group is-vertical is-layout-flex wp-container-core-group-layout-4 wp-block-group-is-layout-flex\">\n<div class=\"wp-block-group is-layout-flow wp-block-group-is-layout-flow\"><div class=\"wp-block-group__inner-container\">\n<div class=\"wp-block-group is-layout-flow wp-block-group-is-layout-flow\"><div class=\"wp-block-group__inner-container\">\n<div class=\"wp-block-group is-layout-flow wp-block-group-is-layout-flow\"><div class=\"wp-block-group__inner-container\">\n<p><\/p>\n\n\n\n<p style=\"font-size:30px;font-style:normal;font-weight:500\"><em>\u4e24\u4e2a\u661f\u7403<\/em><strong><em><strong><span style=\"font-weight: 400\">&nbsp;<\/span><\/strong><\/em><\/strong><\/p>\n\n\n\n<p style=\"font-size:30px;font-style:normal;font-weight:500\">\u4e24\u4e2a\u661f\u7403 <\/p>\n\n\n\n<p class=\"has-medium-font-size\"><span style=\"font-weight: 400\">FAN Jian <\/span><\/p>\n\n\n\n<p class=\"has-medium-font-size\">\u8303\u4fed<\/p>\n\n\n\n<p class=\"has-small-font-size\">\u00c9dition : <a href=\"https:\/\/www.allersretoursasso.fr\/zh\/annee-festival-2023\/\">Festival Allers Retours 2023<\/a><\/p>\n\n\n\n<p style=\"font-size:10px\"><\/p>\n<\/div><\/div>\n\n\n\n<p class=\"has-text-align-center\"><\/p>\n\n\n\n<p class=\"has-text-align-left\" style=\"font-size:15px\"><\/p>\n<\/div><\/div>\n<\/div><\/div>\n<\/div>\n<\/div><\/div>\n<\/div><\/div>\n\n\n\n<h2 class=\"wp-block-heading\"><\/h2>\n\n\n\n<p class=\"has-text-align-center\" style=\"font-size:15px\"><em>2021 \/ 104\u2019 \/ \u4e2d\u6587 \/ \u539f\u58f0\u6cd5\u8bed\u5b57\u5e55 \/ \u7eaa\u5f55 <\/em><br><em>021 \/ 104\u2019 \/ \u4e2d\u6587 \/ \u539f\u58f0\u6cd5\u8bed\u5b57\u5e55 \/ \u7eaa\u5f55<\/em><\/p>\n\n\n\n<p>\u795d\u54e5\u548c\u53f6\u59d08\u5c81\u7684\u5973\u513f\u57282008\u5e74\u6c76\u5ddd\u5730\u9707\u4e2d\u9047\u96be\u3002\u5730\u9707\u540e\uff0c\u4ed6\u4eec\u5728\u4f24\u75db\u4e2d\u5f00\u59cb\u518d\u6b21\u751f\u80b2\uff0c\u4ed6\u4eec\u671f\u5f85\u751f\u4e00\u4e2a\u5973\u513f\uff0c\u4f46\u9020\u5316\u5f04\u4eba\uff0c\u4ed6\u4eec\u6700\u7ec8\u8fce\u6765\u7684\u662f\u4e2a\u513f\u5b50\u30022017\u5e74\uff0c\u513f\u5b50\u5ddd\u5ddd6\u5c81\uff0c\u7236\u5b50\u4e4b\u95f4\u6709\u660e\u663e\u8ddd\u79bb\uff0c\u6bcd\u4eb2\u8981\u6c42\u513f\u5b50\u8bb0\u4f4f\u90a3\u573a\u707e\u96be\uff0c\u5e76\u611f\u6069\u81ea\u5df1\u4ece\u672a\u8c0b\u9762\u7684\u59d0\u59d0\uff0c\u5e74\u5e7c\u7684\u5ddd\u5ddd\u5982\u4f55\u9762\u5bf9\u8fd9\u4e00\u5207\uff1f\u6e38\u54e5\u3001\u9ad8\u59d0\u662f\u53f6\u59d0\u4e00\u5bb6\u7684\u60a3\u96be\u670b\u53cb\uff0c\u4ed6\u4eec\u7684\u5973\u513f\u4e5f\u5728\u5730\u9707\u4e2d\u9047\u96be\uff0c\u5f53\u53f6\u59d0\u4e00\u5bb6\u8fce\u6765\u7537\u5b69\u8bde\u751f\u65f6\uff0c\u4ed6\u5bb6\u4e5f\u8fce\u6765\u65b0\u7684\u5973\u513f\u3002\u4ed6\u4eec\u672c\u6765\u671f\u5f85\u751f\u547d\u8f6e\u56de\uff0c\u4f46\u5341\u4e8c\u8f7d\u8fc7\u53bb\uff0c\u8f6e\u56de\u7684\u7a76\u7adf\u662f\u4ec0\u4e48\uff1f<\/p>\n\n\n\n<p>\u795d\u54e5\u548c\u53f6\u59d08\u5c81\u7684\u5973\u513f\u57282008\u5e74\u6c76\u5ddd\u5730\u9707\u4e2d\u9047\u96be\u3002\u5730\u9707\u540e\uff0c\u4ed6\u4eec\u5728\u4f24\u75db\u4e2d\u5f00\u59cb\u518d\u6b21\u751f\u80b2\uff0c\u4ed6\u4eec\u671f\u5f85\u751f\u4e00\u4e2a\u5973\u513f\uff0c\u4f46\u9020\u5316\u5f04\u4eba\uff0c\u4ed6\u4eec\u6700\u7ec8\u8fce\u6765\u7684\u662f\u4e2a\u513f\u5b50\u30022017\u5e74\uff0c\u513f\u5b50\u5ddd\u5ddd6\u5c81\uff0c\u7236\u5b50\u4e4b\u95f4\u6709\u660e\u663e\u8ddd\u79bb\uff0c\u6bcd\u4eb2\u8981\u6c42\u513f\u5b50\u8bb0\u4f4f\u90a3\u573a\u707e\u96be\uff0c\u5e76\u611f\u6069\u81ea\u5df1\u4ece\u672a\u8c0b\u9762\u7684\u59d0\u59d0\uff0c\u5e74\u5e7c\u7684\u5ddd\u5ddd\u5982\u4f55\u9762\u5bf9\u8fd9\u4e00\u5207\uff1f\u6e38\u54e5\u3001\u9ad8\u59d0\u662f\u53f6\u59d0\u4e00\u5bb6\u7684\u60a3\u96be\u670b\u53cb\uff0c\u4ed6\u4eec\u7684\u5973\u513f\u4e5f\u5728\u5730\u9707\u4e2d\u9047\u96be\uff0c\u5f53\u53f6\u59d0\u4e00\u5bb6\u8fce\u6765\u7537\u5b69\u8bde\u751f\u65f6\uff0c\u4ed6\u5bb6\u4e5f\u8fce\u6765\u65b0\u7684\u5973\u513f\u3002\u4ed6\u4eec\u672c\u6765\u671f\u5f85\u751f\u547d\u8f6e\u56de\uff0c\u4f46\u5341\u4e8c\u8f7d\u8fc7\u53bb\uff0c\u8f6e\u56de\u7684\u7a76\u7adf\u662f\u4ec0\u4e48\uff1f<\/p>\n\n\n\n<p><em>\u300a\u4e24\u4e2a\u661f\u7403\u300b\u662f\u8303\u4fed\u6267\u5bfc\u201c\u9707\u540e\u4e09\u90e8\u66f2\u201d\u7cfb\u5217\u7eaa\u5f55\u7247\u4e2d\u7684\u7b2c\u4e8c\u90e8\u3002\u591a\u89c6\u89d2\u6df1\u5165\u805a\u7126\u9707\u540e\u4e8c\u80ce\u5bb6\u5ead\u5341\u4f59\u5e74\uff0c\u6bcf\u4f4d\u5bb6\u5ead\u6210\u5458\u90fd\u5728\u5386\u53f2\u4e0e\u73b0\u5b9e\u4e4b\u95f4\u4e0d\u65ad\u5c1d\u8bd5\u7740\u5f7c\u6b64\u78e8\u5408\u548c\u81ea\u6211\u5e73\u8861\u3002\u4e0d\u540c\u8eab\u4efd\u7684\u5904\u5883\u8ba9\u201c\u5408\u7406\u201d\u5728\u4e0d\u540c\u8bed\u5883\u4e0b\u5448\u73b0\u51fa\u201c\u65e2\u5b9a\u201d\u4e0e\u201c\u8352\u8c2c\u201d\u7684\u53cc\u91cd\u8272\u5f69\u3002<\/em><\/p>\n\n\n\n<p><em>\u300a\u4e24\u4e2a\u661f\u7403\u300b\u662f\u8303\u4fed\u6267\u5bfc\u201c\u9707\u540e\u4e09\u90e8\u66f2\u201d\u7cfb\u5217\u7eaa\u5f55\u7247\u4e2d\u7684\u7b2c\u4e8c\u90e8\u3002\u591a\u89c6\u89d2\u6df1\u5165\u805a\u7126\u9707\u540e\u4e8c\u80ce\u5bb6\u5ead\u5341\u4f59\u5e74\uff0c\u6bcf\u4f4d\u5bb6\u5ead\u6210\u5458\u90fd\u5728\u5386\u53f2\u4e0e\u73b0\u5b9e\u4e4b\u95f4\u4e0d\u65ad\u5c1d\u8bd5\u7740\u5f7c\u6b64\u78e8\u5408\u548c\u81ea\u6211\u5e73\u8861\u3002\u4e0d\u540c\u8eab\u4efd\u7684\u5904\u5883\u8ba9\u201c\u5408\u7406\u201d\u5728\u4e0d\u540c\u8bed\u5883\u4e0b\u5448\u73b0\u51fa\u201c\u65e2\u5b9a\u201d\u4e0e\u201c\u8352\u8c2c\u201d\u7684\u53cc\u91cd\u8272\u5f69\u3002<\/em><\/p>\n\n\n\n<p><mark style=\"background-color:rgba(0, 0, 0, 0)\" class=\"has-inline-color has-white-color\">000000<\/mark><\/p>\n\n\n\n<div class=\"wp-block-columns is-layout-flex wp-container-core-columns-layout-1 wp-block-columns-is-layout-flex\">\n<div class=\"wp-block-column is-layout-flow wp-block-column-is-layout-flow\" style=\"flex-basis:100%\">\n<figure class=\"wp-block-gallery has-nested-images columns-default is-cropped wp-block-gallery-1 is-layout-flex wp-block-gallery-is-layout-flex\">\n<figure class=\"wp-block-image size-large\"><img loading=\"lazy\" decoding=\"async\" width=\"1024\" height=\"496\" src=\"https:\/\/www.allersretoursasso.fr\/wp-content\/uploads\/2023\/01\/Copie-de-ATR-still2-1024x496.jpg\" alt=\"\" class=\"wp-image-2764\" srcset=\"https:\/\/www.allersretoursasso.fr\/wp-content\/uploads\/2023\/01\/Copie-de-ATR-still2-1024x496.jpg 1024w, https:\/\/www.allersretoursasso.fr\/wp-content\/uploads\/2023\/01\/Copie-de-ATR-still2-300x145.jpg 300w, https:\/\/www.allersretoursasso.fr\/wp-content\/uploads\/2023\/01\/Copie-de-ATR-still2-768x372.jpg 768w, https:\/\/www.allersretoursasso.fr\/wp-content\/uploads\/2023\/01\/Copie-de-ATR-still2-1536x743.jpg 1536w, https:\/\/www.allersretoursasso.fr\/wp-content\/uploads\/2023\/01\/Copie-de-ATR-still2-2048x991.jpg 2048w, https:\/\/www.allersretoursasso.fr\/wp-content\/uploads\/2023\/01\/Copie-de-ATR-still2-350x169.jpg 350w\" sizes=\"(max-width: 767px) 89vw, (max-width: 1000px) 54vw, (max-width: 1071px) 543px, 580px\" \/><\/figure>\n\n\n\n<figure class=\"wp-block-image size-large\"><img loading=\"lazy\" decoding=\"async\" width=\"1024\" height=\"540\" src=\"https:\/\/www.allersretoursasso.fr\/wp-content\/uploads\/2023\/01\/Copie-de-ATR-still1-1024x540.jpg\" alt=\"\" class=\"wp-image-2765\" srcset=\"https:\/\/www.allersretoursasso.fr\/wp-content\/uploads\/2023\/01\/Copie-de-ATR-still1-1024x540.jpg 1024w, https:\/\/www.allersretoursasso.fr\/wp-content\/uploads\/2023\/01\/Copie-de-ATR-still1-300x158.jpg 300w, https:\/\/www.allersretoursasso.fr\/wp-content\/uploads\/2023\/01\/Copie-de-ATR-still1-768x405.jpg 768w, https:\/\/www.allersretoursasso.fr\/wp-content\/uploads\/2023\/01\/Copie-de-ATR-still1-1536x810.jpg 1536w, https:\/\/www.allersretoursasso.fr\/wp-content\/uploads\/2023\/01\/Copie-de-ATR-still1-2048x1080.jpg 2048w, https:\/\/www.allersretoursasso.fr\/wp-content\/uploads\/2023\/01\/Copie-de-ATR-still1-350x185.jpg 350w\" sizes=\"(max-width: 767px) 89vw, (max-width: 1000px) 54vw, (max-width: 1071px) 543px, 580px\" \/><\/figure>\n<\/figure>\n<\/div>\n<\/div>\n\n\n\n<figure class=\"wp-block-image size-large\"><img loading=\"lazy\" decoding=\"async\" width=\"1024\" height=\"511\" src=\"https:\/\/www.allersretoursasso.fr\/wp-content\/uploads\/2023\/01\/Copie-de-ATR-still4-1024x511.jpg\" alt=\"\" class=\"wp-image-2766\" srcset=\"https:\/\/www.allersretoursasso.fr\/wp-content\/uploads\/2023\/01\/Copie-de-ATR-still4-1024x511.jpg 1024w, https:\/\/www.allersretoursasso.fr\/wp-content\/uploads\/2023\/01\/Copie-de-ATR-still4-300x150.jpg 300w, https:\/\/www.allersretoursasso.fr\/wp-content\/uploads\/2023\/01\/Copie-de-ATR-still4-768x383.jpg 768w, https:\/\/www.allersretoursasso.fr\/wp-content\/uploads\/2023\/01\/Copie-de-ATR-still4-1536x767.jpg 1536w, https:\/\/www.allersretoursasso.fr\/wp-content\/uploads\/2023\/01\/Copie-de-ATR-still4-2048x1023.jpg 2048w, https:\/\/www.allersretoursasso.fr\/wp-content\/uploads\/2023\/01\/Copie-de-ATR-still4-350x175.jpg 350w\" sizes=\"(max-width: 767px) 89vw, (max-width: 1000px) 54vw, (max-width: 1071px) 543px, 580px\" \/><\/figure>\n\n\n\n<figure class=\"wp-block-embed is-type-video is-provider-youtube wp-block-embed-youtube wp-embed-aspect-16-9 wp-has-aspect-ratio\"><div class=\"wp-block-embed__wrapper\">\n<iframe loading=\"lazy\" title=\"After the Rain - FAN Jian - Bande-annonce\" width=\"525\" height=\"295\" src=\"https:\/\/www.youtube.com\/embed\/VAjKpQDgRTI?feature=oembed\" frameborder=\"0\" allow=\"accelerometer; autoplay; clipboard-write; encrypted-media; gyroscope; picture-in-picture; web-share\" referrerpolicy=\"strict-origin-when-cross-origin\" allowfullscreen><\/iframe>\n<\/div><\/figure>\n\n\n\n<div class=\"wp-block-group is-vertical is-content-justification-center is-layout-flex wp-container-core-group-layout-6 wp-block-group-is-layout-flex\"><p class=\"fonts-plugin-block\" style=\"font-weight: normal\"><strong>sam. 04 f\u00e9vrier \u00e0 13h00 au Mus\u00e9e Guimet<\/strong><br><strong>jeu. 09 f\u00e9vrier \u00e0 18h30 au Studio des Ursulines<\/strong><br><strong>2\u67084\u65e5 \u661f\u671f\u516d 13h00 \u4e8e \u5409\u7f8e\u56fd\u7acb\u4e9a\u6d32\u827a\u672f\u535a\u7269\u9986<\/strong><br><strong>2\u67089\u65e5 \u661f\u671f\u56db 18h30 \u4e8e Studio des Ursulines\u5f71\u9662<\/strong><\/p>\n\n\n<div class=\"wp-block-buttons is-layout-flex wp-block-buttons-is-layout-flex\">\n<div class=\"wp-block-button has-custom-width wp-block-button__width-100 is-style-outline\"><a class=\"wp-block-button__link has-white-background-color has-background wp-element-button\" href=\"https:\/\/www.billetweb.fr\/far2023\" target=\"_blank\" rel=\"noreferrer noopener\">R\u00e9servez vos billets \u8d2d\u7968\u94fe\u63a5<\/a><\/div>\n<\/div>\n<\/div>\n\n\n\n<div class=\"wp-block-cover is-light\" style=\"min-height:349px\"><span aria-hidden=\"true\" class=\"wp-block-cover__background has-white-background-color has-background-dim\"><\/span><div class=\"wp-block-cover__inner-container is-layout-flow wp-block-cover-is-layout-flow\">\n<div class=\"wp-block-group is-layout-flow wp-block-group-is-layout-flow\"><div class=\"wp-block-group__inner-container\">\n<figure class=\"wp-block-image size-large\"><a href=\"https:\/\/www.allersretoursasso.fr\/zh\/annee-festival-2023\/\"><img loading=\"lazy\" decoding=\"async\" width=\"1024\" height=\"342\" src=\"https:\/\/www.allersretoursasso.fr\/wp-content\/uploads\/2023\/01\/banner-4-1024x342.png\" alt=\"\" class=\"wp-image-2973\" srcset=\"https:\/\/www.allersretoursasso.fr\/wp-content\/uploads\/2023\/01\/banner-4-1024x342.png 1024w, https:\/\/www.allersretoursasso.fr\/wp-content\/uploads\/2023\/01\/banner-4-300x100.png 300w, https:\/\/www.allersretoursasso.fr\/wp-content\/uploads\/2023\/01\/banner-4-768x256.png 768w, https:\/\/www.allersretoursasso.fr\/wp-content\/uploads\/2023\/01\/banner-4-1536x512.png 1536w, https:\/\/www.allersretoursasso.fr\/wp-content\/uploads\/2023\/01\/banner-4-350x117.png 350w, https:\/\/www.allersretoursasso.fr\/wp-content\/uploads\/2023\/01\/banner-4.png 2000w\" sizes=\"(max-width: 767px) 89vw, (max-width: 1000px) 54vw, (max-width: 1071px) 543px, 580px\" \/><\/a><\/figure>\n<\/div><\/div>\n<\/div><\/div>\n\n\n\n<div class=\"wp-block-group is-layout-flow wp-block-group-is-layout-flow\"><div class=\"wp-block-group__inner-container\">\n<p class=\"has-text-align-center\" style=\"font-size:15px\"><\/p>\n<\/div><\/div>\n\n\n\n<p class=\"has-text-align-center has-white-color has-text-color\" style=\"font-size:15px\"> 19h45 aux Ursuline<\/p>\n\n\n\n<p class=\"has-text-align-center has-white-color has-text-color\" style=\"font-size:15px\">06 octobre \u00e0 19h45 aux Ursulines<\/p>","protected":false},"excerpt":{"rendered":"<p>2021 \/ 104\u2019 \/ Chinois \/ VOSTF \/ Documentaire 021 \/ 104\u2019 \/ \u4e2d\u6587 \/ \u539f\u58f0\u6cd5\u8bed\u5b57\u5e55 \/ \u7eaa\u5f55 \u00c0 la suite du terrible tremblement de terre qui s\u2019est produit dans le Sichuan en 2008, plus de six mille parents de jeunes victimes sont encourag\u00e9s \u00e0 remplacer leurs enfants d\u00e9funts et \u00e0 poursuivre leur vie. After &hellip; <\/p>\n<p class=\"link-more\"><a href=\"https:\/\/www.allersretoursasso.fr\/zh\/festvail2023-after-the-rain\/\" class=\"more-link\">\u7ee7\u7eed\u9605\u8bfb<span class=\"screen-reader-text\">\u201cFestival Allers Retours 2023  &#8211;  After the Rain\u201d<\/span><\/a><\/p>","protected":false},"author":15,"featured_media":0,"parent":0,"menu_order":0,"comment_status":"closed","ping_status":"closed","template":"","meta":{"footnotes":""},"_links":{"self":[{"href":"https:\/\/www.allersretoursasso.fr\/zh\/wp-json\/wp\/v2\/pages\/2825"}],"collection":[{"href":"https:\/\/www.allersretoursasso.fr\/zh\/wp-json\/wp\/v2\/pages"}],"about":[{"href":"https:\/\/www.allersretoursasso.fr\/zh\/wp-json\/wp\/v2\/types\/page"}],"author":[{"embeddable":true,"href":"https:\/\/www.allersretoursasso.fr\/zh\/wp-json\/wp\/v2\/users\/15"}],"replies":[{"embeddable":true,"href":"https:\/\/www.allersretoursasso.fr\/zh\/wp-json\/wp\/v2\/comments?post=2825"}],"version-history":[{"count":7,"href":"https:\/\/www.allersretoursasso.fr\/zh\/wp-json\/wp\/v2\/pages\/2825\/revisions"}],"predecessor-version":[{"id":5472,"href":"https:\/\/www.allersretoursasso.fr\/zh\/wp-json\/wp\/v2\/pages\/2825\/revisions\/5472"}],"wp:attachment":[{"href":"https:\/\/www.allersretoursasso.fr\/zh\/wp-json\/wp\/v2\/media?parent=2825"}],"curies":[{"name":"wp","href":"https:\/\/api.w.org\/{rel}","templated":true}]}}