{"id":2856,"date":"2023-01-09T15:42:30","date_gmt":"2023-01-09T14:42:30","guid":{"rendered":"https:\/\/www.allersretoursasso.fr\/?page_id=2856"},"modified":"2024-12-07T15:34:53","modified_gmt":"2024-12-07T14:34:53","slug":"festival2023-silver-bird-and-rainbow-fish","status":"publish","type":"page","link":"https:\/\/www.allersretoursasso.fr\/zh\/festival2023-silver-bird-and-rainbow-fish\/","title":{"rendered":"Festival Allers Retours 2023  &#8211;  Silver Bird and Rainbow Fish"},"content":{"rendered":"<div id=\"fb-root\"><\/div>\n\n<div class=\"wp-block-media-text alignwide is-stacked-on-mobile\" style=\"grid-template-columns:41% auto\"><figure class=\"wp-block-media-text__media\"><img loading=\"lazy\" decoding=\"async\" width=\"724\" height=\"1024\" src=\"https:\/\/www.allersretoursasso.fr\/wp-content\/uploads\/2023\/01\/07-Silver-Bird-and-Rainbow-Fish_Affiche-Format-uni_Web_FAR2023-724x1024.jpg\" alt=\"\" class=\"wp-image-2865 size-full\" srcset=\"https:\/\/www.allersretoursasso.fr\/wp-content\/uploads\/2023\/01\/07-Silver-Bird-and-Rainbow-Fish_Affiche-Format-uni_Web_FAR2023-724x1024.jpg 724w, https:\/\/www.allersretoursasso.fr\/wp-content\/uploads\/2023\/01\/07-Silver-Bird-and-Rainbow-Fish_Affiche-Format-uni_Web_FAR2023-212x300.jpg 212w, https:\/\/www.allersretoursasso.fr\/wp-content\/uploads\/2023\/01\/07-Silver-Bird-and-Rainbow-Fish_Affiche-Format-uni_Web_FAR2023-768x1086.jpg 768w, https:\/\/www.allersretoursasso.fr\/wp-content\/uploads\/2023\/01\/07-Silver-Bird-and-Rainbow-Fish_Affiche-Format-uni_Web_FAR2023-350x495.jpg 350w, https:\/\/www.allersretoursasso.fr\/wp-content\/uploads\/2023\/01\/07-Silver-Bird-and-Rainbow-Fish_Affiche-Format-uni_Web_FAR2023.jpg 842w\" sizes=\"(max-width: 724px) 100vw, 724px\" \/><\/figure><div class=\"wp-block-media-text__content\">\n<div class=\"wp-block-group is-layout-flow wp-block-group-is-layout-flow\"><div class=\"wp-block-group__inner-container\">\n<div class=\"wp-block-group is-vertical is-layout-flex wp-container-core-group-layout-4 wp-block-group-is-layout-flex\">\n<div class=\"wp-block-group is-layout-flow wp-block-group-is-layout-flow\"><div class=\"wp-block-group__inner-container\">\n<div class=\"wp-block-group is-layout-flow wp-block-group-is-layout-flow\"><div class=\"wp-block-group__inner-container\">\n<div class=\"wp-block-group is-layout-flow wp-block-group-is-layout-flow\"><div class=\"wp-block-group__inner-container\">\n<p><\/p>\n\n\n\n<p style=\"font-size:30px;font-style:normal;font-weight:500\"><em>\u7b2c\u4e8c\u4e2a\u548c\u7b2c\u4e09\u4e2a\u5988\u5988<\/em><\/p>\n\n\n\n<p style=\"font-size:30px;font-style:normal;font-weight:500\">\u7b2c\u4e8c\u4e2a\u548c\u7b2c\u4e09\u4e2a\u5988\u5988<\/p>\n\n\n\n<p class=\"has-medium-font-size\">LEI Lei<\/p>\n\n\n\n<p class=\"has-medium-font-size\">\u96f7\u78ca<\/p>\n\n\n\n<p class=\"has-small-font-size\">\u00c9dition : <a href=\"https:\/\/www.allersretoursasso.fr\/zh\/annee-festival-2023\/\">Festival Allers Retours 2023<\/a><\/p>\n\n\n\n<p style=\"font-size:10px\"><\/p>\n<\/div><\/div>\n\n\n\n<p class=\"has-text-align-center\"><\/p>\n\n\n\n<p class=\"has-text-align-left\" style=\"font-size:15px\"><\/p>\n<\/div><\/div>\n<\/div><\/div>\n<\/div>\n<\/div><\/div>\n<\/div><\/div>\n\n\n\n<h2 class=\"wp-block-heading\"><\/h2>\n\n\n\n<p class=\"has-text-align-center\" style=\"font-size:15px\"><em>2022 \/ 104\u2019 \/ \u4e2d\u6587 \/ \u539f\u58f0\u6cd5\u8bed\u5b57\u5e55 \/ \u52a8\u753b<\/em><br><em>2022 \/ 104\u2019 \/ \u4e2d\u6587 \/ \u539f\u58f0\u6cd5\u8bed\u5b57\u5e55 \/ \u52a8\u753b<\/em><\/p>\n\n\n\n<p>20\u4e16\u7eaa50\u5e74\u4ee3\u672b\uff0c\u96f7\u9706\uff08\u5bfc\u6f14\u7684\u7237\u7237\uff09\u79bb\u5bb6\u4e0b\u4e61\u5de5\u4f5c\uff0c\u5269\u4e0b\u5e74\u7eaa\u5c1a\u5c0f\u7684\u96f7\u5609\u7426\uff08\u5bfc\u6f14\u7684\u7236\u4eb2\uff09\u4e0e\u59d0\u59d0\u548c\u60a3\u75c5\u6bcd\u4eb2\u76f8\u4f9d\u4e3a\u547d\u3002\u4e0d\u4e45\uff0c\u6bcd\u4eb2\u53bb\u4e16\u4e86\uff0c\u5316\u4e3a\u4e00\u53ea\u94f6\u8272\u7684\u9e1f\uff0c\u5b69\u5b50\u4eec\u5219\u88ab\u9001\u5230\u5b64\u513f\u9662\u6210\u4e3a\u7b3c\u4e2d\u9e1f\u3002\u4e0d\u4e45\u5386\u53f2\u91cd\u6f14\uff0c\u5bb6\u5ead\u53c8\u518d\u5206\u5d29\u79bb\u6790\uff0c\u4e00\u6761\u5f69\u8679\u9c7c\u53d8\u6210\u4e86\u4e00\u4e2a\u5973\u4eba\uff0c\u5e76\u51b3\u5b9a\u5e2e\u52a9\u8fd9\u4e9b\u5b69\u5b50\u3002<\/p>\n\n\n\n<p><em>\u4f5c\u4e3a\u96f7\u78ca\u7684\u7b2c\u4e00\u90e8\u52a8\u753b\u957f\u7247\uff0c\u300a\u7b2c\u4e8c\u4e2a\u548c\u7b2c\u4e09\u4e2a\u5988\u5988\u300b\u63cf\u7ed8\u4e86\u4e00\u4e2a\u7531\u5ba3\u4f20\u56fe\u7247\u3001\u8d85\u73b0\u5b9e\u4e3b\u4e49\u62fc\u8d34\u753b\u548c\u6d41\u884c\u827a\u672f\u52a8\u753b\u7ec4\u6210\u7684\u4e16\u754c\u3002\u5728\u8fd9\u91cc\uff0c\u96f7\u7684\u5bb6\u4eba\u5728\u9020\u795e\u8fd0\u52a8\u548c\u5927\u4f17\u7684\u75af\u72c2\u4e4b\u95f4\uff0c\u6323\u624e\u5ea6\u8fc7\u4e86\u4e2d\u56fd\u52a8\u8361\u768450\u548c60\u5e74\u4ee3\u3002\u8fd9\u90e8\u4f5c\u54c1\u662f\u5bf9\u5bb6\u5ead\u3001\u8bb0\u5fc6\u7684\u9882\u6b4c\uff0c\u5728\u96c6\u4f53\u8bb0\u5fc6\u4e2d\u91cd\u5efa\u5bb6\u5ead\u6545\u4e8b\u3002<\/em><\/p>\n\n\n\n<p>20\u4e16\u7eaa50\u5e74\u4ee3\u672b\uff0c\u96f7\u9706\uff08\u5bfc\u6f14\u7684\u7237\u7237\uff09\u79bb\u5bb6\u4e0b\u4e61\u5de5\u4f5c\uff0c\u5269\u4e0b\u5e74\u7eaa\u5c1a\u5c0f\u7684\u96f7\u5609\u7426\uff08\u5bfc\u6f14\u7684\u7236\u4eb2\uff09\u4e0e\u59d0\u59d0\u548c\u60a3\u75c5\u6bcd\u4eb2\u76f8\u4f9d\u4e3a\u547d\u3002\u4e0d\u4e45\uff0c\u6bcd\u4eb2\u53bb\u4e16\u4e86\uff0c\u5316\u4e3a\u4e00\u53ea\u94f6\u8272\u7684\u9e1f\uff0c\u5b69\u5b50\u4eec\u5219\u88ab\u9001\u5230\u5b64\u513f\u9662\u6210\u4e3a\u7b3c\u4e2d\u9e1f\u3002\u4e0d\u4e45\u5386\u53f2\u91cd\u6f14\uff0c\u5bb6\u5ead\u53c8\u518d\u5206\u5d29\u79bb\u6790\uff0c\u4e00\u6761\u5f69\u8679\u9c7c\u53d8\u6210\u4e86\u4e00\u4e2a\u5973\u4eba\uff0c\u5e76\u51b3\u5b9a\u5e2e\u52a9\u8fd9\u4e9b\u5b69\u5b50\u3002<\/p>\n\n\n\n<p><em>\u4f5c\u4e3a\u96f7\u78ca\u7684\u7b2c\u4e00\u90e8\u52a8\u753b\u957f\u7247\uff0c\u300a\u7b2c\u4e8c\u4e2a\u548c\u7b2c\u4e09\u4e2a\u5988\u5988\u300b\u63cf\u7ed8\u4e86\u4e00\u4e2a\u7531\u5ba3\u4f20\u56fe\u7247\u3001\u8d85\u73b0\u5b9e\u4e3b\u4e49\u62fc\u8d34\u753b\u548c\u6d41\u884c\u827a\u672f\u52a8\u753b\u7ec4\u6210\u7684\u4e16\u754c\u3002\u5728\u8fd9\u91cc\uff0c\u96f7\u7684\u5bb6\u4eba\u5728\u9020\u795e\u8fd0\u52a8\u548c\u5927\u4f17\u7684\u75af\u72c2\u4e4b\u95f4\uff0c\u6323\u624e\u5ea6\u8fc7\u4e86\u4e2d\u56fd\u52a8\u8361\u768450\u548c60\u5e74\u4ee3\u3002\u8fd9\u90e8\u4f5c\u54c1\u662f\u5bf9\u5bb6\u5ead\u3001\u8bb0\u5fc6\u7684\u9882\u6b4c\uff0c\u5728\u96c6\u4f53\u8bb0\u5fc6\u4e2d\u91cd\u5efa\u5bb6\u5ead\u6545\u4e8b\u3002<\/em><\/p>\n\n\n\n<p><mark style=\"background-color:rgba(0, 0, 0, 0)\" class=\"has-inline-color has-white-color\">000000<\/mark><\/p>\n\n\n\n<div class=\"wp-block-columns is-layout-flex wp-container-core-columns-layout-1 wp-block-columns-is-layout-flex\">\n<div class=\"wp-block-column is-layout-flow wp-block-column-is-layout-flow\" style=\"flex-basis:100%\">\n<div class=\"wp-block-group is-layout-flow wp-block-group-is-layout-flow\"><div class=\"wp-block-group__inner-container\">\n<figure class=\"wp-block-gallery has-nested-images columns-default is-cropped wp-block-gallery-1 is-layout-flex wp-block-gallery-is-layout-flex\">\n<figure class=\"wp-block-image size-large\"><img loading=\"lazy\" decoding=\"async\" width=\"1024\" height=\"576\" src=\"https:\/\/www.allersretoursasso.fr\/wp-content\/uploads\/2023\/01\/SILVER-BIRD-AND-RAINBOW-FISH-1-1024x576.jpg\" alt=\"\" class=\"wp-image-2866\" srcset=\"https:\/\/www.allersretoursasso.fr\/wp-content\/uploads\/2023\/01\/SILVER-BIRD-AND-RAINBOW-FISH-1-1024x576.jpg 1024w, https:\/\/www.allersretoursasso.fr\/wp-content\/uploads\/2023\/01\/SILVER-BIRD-AND-RAINBOW-FISH-1-300x169.jpg 300w, https:\/\/www.allersretoursasso.fr\/wp-content\/uploads\/2023\/01\/SILVER-BIRD-AND-RAINBOW-FISH-1-768x432.jpg 768w, https:\/\/www.allersretoursasso.fr\/wp-content\/uploads\/2023\/01\/SILVER-BIRD-AND-RAINBOW-FISH-1-1536x864.jpg 1536w, https:\/\/www.allersretoursasso.fr\/wp-content\/uploads\/2023\/01\/SILVER-BIRD-AND-RAINBOW-FISH-1-350x197.jpg 350w, https:\/\/www.allersretoursasso.fr\/wp-content\/uploads\/2023\/01\/SILVER-BIRD-AND-RAINBOW-FISH-1.jpg 1920w\" sizes=\"(max-width: 767px) 89vw, (max-width: 1000px) 54vw, (max-width: 1071px) 543px, 580px\" \/><\/figure>\n\n\n\n<figure class=\"wp-block-image size-large\"><img loading=\"lazy\" decoding=\"async\" width=\"1024\" height=\"576\" src=\"https:\/\/www.allersretoursasso.fr\/wp-content\/uploads\/2023\/01\/SILVER-BIRD-AND-RAINBOW-FISH-2-1024x576.jpg\" alt=\"\" class=\"wp-image-2867\" srcset=\"https:\/\/www.allersretoursasso.fr\/wp-content\/uploads\/2023\/01\/SILVER-BIRD-AND-RAINBOW-FISH-2-1024x576.jpg 1024w, https:\/\/www.allersretoursasso.fr\/wp-content\/uploads\/2023\/01\/SILVER-BIRD-AND-RAINBOW-FISH-2-300x169.jpg 300w, https:\/\/www.allersretoursasso.fr\/wp-content\/uploads\/2023\/01\/SILVER-BIRD-AND-RAINBOW-FISH-2-768x432.jpg 768w, https:\/\/www.allersretoursasso.fr\/wp-content\/uploads\/2023\/01\/SILVER-BIRD-AND-RAINBOW-FISH-2-1536x864.jpg 1536w, https:\/\/www.allersretoursasso.fr\/wp-content\/uploads\/2023\/01\/SILVER-BIRD-AND-RAINBOW-FISH-2-350x197.jpg 350w, https:\/\/www.allersretoursasso.fr\/wp-content\/uploads\/2023\/01\/SILVER-BIRD-AND-RAINBOW-FISH-2.jpg 1920w\" sizes=\"(max-width: 767px) 89vw, (max-width: 1000px) 54vw, (max-width: 1071px) 543px, 580px\" \/><\/figure>\n<\/figure>\n<\/div><\/div>\n\n\n\n<figure class=\"wp-block-gallery has-nested-images columns-default is-cropped wp-block-gallery-2 is-layout-flex wp-block-gallery-is-layout-flex\">\n<figure class=\"wp-block-image size-large\"><img loading=\"lazy\" decoding=\"async\" width=\"1024\" height=\"576\" src=\"https:\/\/www.allersretoursasso.fr\/wp-content\/uploads\/2023\/01\/SILVER-BIRD-AND-RAINBOW-FISH-3-1024x576.jpg\" alt=\"\" class=\"wp-image-2868\" srcset=\"https:\/\/www.allersretoursasso.fr\/wp-content\/uploads\/2023\/01\/SILVER-BIRD-AND-RAINBOW-FISH-3-1024x576.jpg 1024w, https:\/\/www.allersretoursasso.fr\/wp-content\/uploads\/2023\/01\/SILVER-BIRD-AND-RAINBOW-FISH-3-300x169.jpg 300w, https:\/\/www.allersretoursasso.fr\/wp-content\/uploads\/2023\/01\/SILVER-BIRD-AND-RAINBOW-FISH-3-768x432.jpg 768w, https:\/\/www.allersretoursasso.fr\/wp-content\/uploads\/2023\/01\/SILVER-BIRD-AND-RAINBOW-FISH-3-1536x864.jpg 1536w, https:\/\/www.allersretoursasso.fr\/wp-content\/uploads\/2023\/01\/SILVER-BIRD-AND-RAINBOW-FISH-3-350x197.jpg 350w, https:\/\/www.allersretoursasso.fr\/wp-content\/uploads\/2023\/01\/SILVER-BIRD-AND-RAINBOW-FISH-3.jpg 1920w\" sizes=\"(max-width: 767px) 89vw, (max-width: 1000px) 54vw, (max-width: 1071px) 543px, 580px\" \/><\/figure>\n<\/figure>\n<\/div>\n<\/div>\n\n\n\n<figure class=\"wp-block-embed is-type-video is-provider-youtube wp-block-embed-youtube wp-embed-aspect-16-9 wp-has-aspect-ratio\"><div class=\"wp-block-embed__wrapper\">\n<iframe loading=\"lazy\" title=\"Silver Bird and Rainbow Fish - LEI Lei - Bande-annonce\" width=\"525\" height=\"295\" src=\"https:\/\/www.youtube.com\/embed\/9BDCzV7q1qU?feature=oembed\" frameborder=\"0\" allow=\"accelerometer; autoplay; clipboard-write; encrypted-media; gyroscope; picture-in-picture; web-share\" referrerpolicy=\"strict-origin-when-cross-origin\" allowfullscreen><\/iframe>\n<\/div><\/figure>\n\n\n\n<div class=\"wp-block-group is-vertical is-content-justification-center is-layout-flex wp-container-core-group-layout-7 wp-block-group-is-layout-flex\">\n<p><strong>2\u67085\u65e5 \u661f\u671f\u65e5 21h00 \u4e8e Studio des Ursulines\u5f71\u9662<\/strong><\/p>\n\n\n\n<p class=\"has-text-align-center\"><strong>2\u670811\u65e5 \u661f\u671f\u516d 18h30 \u4e8e Studio des Ursulines\u5f71\u9662<\/strong><br><\/p>\n\n\n\n<div class=\"wp-block-buttons is-layout-flex wp-block-buttons-is-layout-flex\">\n<div class=\"wp-block-button has-custom-width wp-block-button__width-100 is-style-outline\"><a class=\"wp-block-button__link has-white-background-color has-background wp-element-button\" href=\"https:\/\/www.billetweb.fr\/far2023\" target=\"_blank\" rel=\"noreferrer noopener\">\u8d2d\u7968\u94fe\u63a5<\/a><\/div>\n<\/div>\n<\/div>\n\n\n\n<div class=\"wp-block-cover is-light\" style=\"min-height:349px\"><span aria-hidden=\"true\" class=\"wp-block-cover__background has-white-background-color has-background-dim\"><\/span><div class=\"wp-block-cover__inner-container is-layout-flow wp-block-cover-is-layout-flow\">\n<div class=\"wp-block-group is-layout-flow wp-block-group-is-layout-flow\"><div class=\"wp-block-group__inner-container\">\n<figure class=\"wp-block-image size-large\"><a href=\"https:\/\/www.allersretoursasso.fr\/zh\/annee-festival-2023\/\"><img loading=\"lazy\" decoding=\"async\" width=\"1024\" height=\"342\" src=\"https:\/\/www.allersretoursasso.fr\/wp-content\/uploads\/2023\/01\/banner-1024x342.png\" alt=\"\" class=\"wp-image-2854\" srcset=\"https:\/\/www.allersretoursasso.fr\/wp-content\/uploads\/2023\/01\/banner-1024x342.png 1024w, https:\/\/www.allersretoursasso.fr\/wp-content\/uploads\/2023\/01\/banner-300x100.png 300w, https:\/\/www.allersretoursasso.fr\/wp-content\/uploads\/2023\/01\/banner-768x256.png 768w, https:\/\/www.allersretoursasso.fr\/wp-content\/uploads\/2023\/01\/banner-1536x512.png 1536w, https:\/\/www.allersretoursasso.fr\/wp-content\/uploads\/2023\/01\/banner-350x117.png 350w, https:\/\/www.allersretoursasso.fr\/wp-content\/uploads\/2023\/01\/banner.png 2000w\" sizes=\"(max-width: 767px) 89vw, (max-width: 1000px) 54vw, (max-width: 1071px) 543px, 580px\" \/><\/a><\/figure>\n<\/div><\/div>\n<\/div><\/div>\n\n\n\n<div class=\"wp-block-group is-layout-flow wp-block-group-is-layout-flow\"><div class=\"wp-block-group__inner-container\">\n<p class=\"has-text-align-center\" style=\"font-size:15px\"><\/p>\n<\/div><\/div>\n\n\n\n<p class=\"has-text-align-center has-white-color has-text-color\" style=\"font-size:15px\"> 19h45 aux Ursuline<\/p>\n\n\n\n<p class=\"has-text-align-center has-white-color has-text-color\" style=\"font-size:15px\">06 octobre \u00e0 19h45 aux Ursulines<\/p>","protected":false},"excerpt":{"rendered":"<p>2022 \/ 104\u2019 \/ Chinois \/ VOSTF \/ Fiction2022 \/ 104\u2019 \/ \u4e2d\u6587 \/ \u539f\u58f0\u6cd5\u8bed\u5b57\u5e55 \/ \u52a8\u753b Prise en \u00e9tau entre des forces contradictoires, au sein d\u2019un monde rempli d\u2019images de propagande r\u00e9interpr\u00e9t\u00e9es \u00e0 travers le collage et le pop-art, la famille de LEI Lei peine \u00e0 se frayer un chemin \u00e0 travers la Chine &hellip; <\/p>\n<p class=\"link-more\"><a href=\"https:\/\/www.allersretoursasso.fr\/zh\/festival2023-silver-bird-and-rainbow-fish\/\" class=\"more-link\">\u7ee7\u7eed\u9605\u8bfb<span class=\"screen-reader-text\">\u201cFestival Allers Retours 2023  &#8211;  Silver Bird and Rainbow Fish\u201d<\/span><\/a><\/p>","protected":false},"author":16,"featured_media":0,"parent":0,"menu_order":0,"comment_status":"closed","ping_status":"closed","template":"","meta":{"footnotes":""},"_links":{"self":[{"href":"https:\/\/www.allersretoursasso.fr\/zh\/wp-json\/wp\/v2\/pages\/2856"}],"collection":[{"href":"https:\/\/www.allersretoursasso.fr\/zh\/wp-json\/wp\/v2\/pages"}],"about":[{"href":"https:\/\/www.allersretoursasso.fr\/zh\/wp-json\/wp\/v2\/types\/page"}],"author":[{"embeddable":true,"href":"https:\/\/www.allersretoursasso.fr\/zh\/wp-json\/wp\/v2\/users\/16"}],"replies":[{"embeddable":true,"href":"https:\/\/www.allersretoursasso.fr\/zh\/wp-json\/wp\/v2\/comments?post=2856"}],"version-history":[{"count":7,"href":"https:\/\/www.allersretoursasso.fr\/zh\/wp-json\/wp\/v2\/pages\/2856\/revisions"}],"predecessor-version":[{"id":5482,"href":"https:\/\/www.allersretoursasso.fr\/zh\/wp-json\/wp\/v2\/pages\/2856\/revisions\/5482"}],"wp:attachment":[{"href":"https:\/\/www.allersretoursasso.fr\/zh\/wp-json\/wp\/v2\/media?parent=2856"}],"curies":[{"name":"wp","href":"https:\/\/api.w.org\/{rel}","templated":true}]}}