{"id":2870,"date":"2023-01-09T15:57:23","date_gmt":"2023-01-09T14:57:23","guid":{"rendered":"https:\/\/www.allersretoursasso.fr\/?page_id=2870"},"modified":"2024-12-07T15:39:14","modified_gmt":"2024-12-07T14:39:14","slug":"festival2023-go-fishing","status":"publish","type":"page","link":"https:\/\/www.allersretoursasso.fr\/zh\/festival2023-go-fishing\/","title":{"rendered":"Festival Allers Retours 2023  &#8211;  Go Fishing"},"content":{"rendered":"<div id=\"fb-root\"><\/div>\n\n<div class=\"wp-block-media-text alignwide is-stacked-on-mobile\" style=\"grid-template-columns:41% auto\"><figure class=\"wp-block-media-text__media\"><img loading=\"lazy\" decoding=\"async\" width=\"691\" height=\"1024\" src=\"https:\/\/www.allersretoursasso.fr\/wp-content\/uploads\/2023\/01\/09-Go-Fishing_Affiche-Format-uni_Web_FAR2023-691x1024.jpg\" alt=\"\" class=\"wp-image-3118 size-full\" srcset=\"https:\/\/www.allersretoursasso.fr\/wp-content\/uploads\/2023\/01\/09-Go-Fishing_Affiche-Format-uni_Web_FAR2023-691x1024.jpg 691w, https:\/\/www.allersretoursasso.fr\/wp-content\/uploads\/2023\/01\/09-Go-Fishing_Affiche-Format-uni_Web_FAR2023-203x300.jpg 203w, https:\/\/www.allersretoursasso.fr\/wp-content\/uploads\/2023\/01\/09-Go-Fishing_Affiche-Format-uni_Web_FAR2023-768x1138.jpg 768w, https:\/\/www.allersretoursasso.fr\/wp-content\/uploads\/2023\/01\/09-Go-Fishing_Affiche-Format-uni_Web_FAR2023-350x518.jpg 350w, https:\/\/www.allersretoursasso.fr\/wp-content\/uploads\/2023\/01\/09-Go-Fishing_Affiche-Format-uni_Web_FAR2023.jpg 804w\" sizes=\"(max-width: 691px) 100vw, 691px\" \/><\/figure><div class=\"wp-block-media-text__content\">\n<div class=\"wp-block-group is-layout-flow wp-block-group-is-layout-flow\"><div class=\"wp-block-group__inner-container\">\n<div class=\"wp-block-group is-vertical is-layout-flex wp-container-core-group-layout-4 wp-block-group-is-layout-flex\">\n<div class=\"wp-block-group is-layout-flow wp-block-group-is-layout-flow\"><div class=\"wp-block-group__inner-container\">\n<div class=\"wp-block-group is-layout-flow wp-block-group-is-layout-flow\"><div class=\"wp-block-group__inner-container\">\n<div class=\"wp-block-group is-layout-flow wp-block-group-is-layout-flow\"><div class=\"wp-block-group__inner-container\">\n<p><\/p>\n\n\n\n<p style=\"font-size:30px;font-style:normal;font-weight:500\"><em>\u9493\u9c7c<\/em><strong><em><strong><span style=\"font-weight: 400\">&nbsp;<\/span><\/strong><\/em><\/strong><\/p>\n\n\n\n<p style=\"font-size:30px;font-style:normal;font-weight:500\">\u9493\u9c7c<\/p>\n\n\n\n<p class=\"has-medium-font-size\">NAN Xin<\/p>\n\n\n\n<p class=\"has-medium-font-size\">\u5357\u946b<\/p>\n\n\n\n<p class=\"has-small-font-size\">\u00c9dition : <a href=\"https:\/\/www.allersretoursasso.fr\/zh\/annee-festival-2023\/\">Festival Allers Retours 2023<\/a><\/p>\n\n\n\n<p style=\"font-size:10px\"><\/p>\n<\/div><\/div>\n\n\n\n<p class=\"has-text-align-center\"><\/p>\n\n\n\n<p class=\"has-text-align-left\" style=\"font-size:15px\"><\/p>\n<\/div><\/div>\n<\/div><\/div>\n<\/div>\n<\/div><\/div>\n<\/div><\/div>\n\n\n\n<h2 class=\"wp-block-heading\"><\/h2>\n\n\n\n<p class=\"has-text-align-center\" style=\"font-size:15px\"><em>2022 \/ 73\u2019 \/ \u4e2d\u6587  \/ \u539f\u58f0\u6cd5\u8bed\u5b57\u5e55 \/ \u5267\u60c5<\/em><br><em>2022 \/ 73\u2019 \/ \u4e2d\u6587 \/ \u539f\u58f0\u6cd5\u8bed\u5b57\u5e55 \/ \u5267\u60c5<\/em><\/p>\n\n\n\n<p>\u53bf\u57ce\u7684\u4e2d\u5e74\u4eba\u674e\u4f1f\u5728\u4e00\u6b21\u996d\u5c40\u4e2d\u9047\u5230\u4e86\u8d70\u9519\u623f\u95f4\u7684\u82d7\u82d7\u3002\u82d7\u82d7\u662f\u4ed6\u5341\u5e74\u672a\u89c1\u7684\u7f51\u53cb\uff0c\u539f\u672c\u674e\u4f1f\u53ea\u662f\u6253\u7b97\u5403\u987f\u996d\u642a\u585e\u4e00\u4e0b\u4fe9\u4eba\u7684\u5173\u7cfb\uff0c\u4f46\u82d7\u82d7\u5374\u5728\u996d\u684c\u4e0a\u8bf7\u6765\u4e86\u81ea\u5df1\u7684\u76f8\u4eb2\u5bf9\u8c61\uff0c\u674e\u4f1f\u4ece\u6b64\u9677\u5165\u4e86\u60c5\u611f\u7ea0\u845b\u5f53\u4e2d\u3002<\/p>\n\n\n\n<p><br><em>\u5357\u946b\u4ee5\u8bd9\u8c10\u7684\u65b9\u5f0f\uff0c\u5728\u9996\u90e8\u957f\u7247\u4e2d\uff0c\u8fd8\u539f\u4e86\u5c0f\u53bf\u57ce\u7684\u65e5\u5e38\u751f\u6d3b\uff0c\u8bd5\u56fe\u63a2\u8ba8\u7537\u6027\u4eba\u5165\u4e2d\u5e74\u540e\u5a5a\u540e\u7684\u8377\u5c14\u8499\u662f\u600e\u6837\u7684\uff0c\u4ee5\u53ca\u4eba\u4e0e\u4eba\u4e4b\u95f4\u4ea4\u9519\u7684\u60c5\u611f\u5173\u7cfb\u3002\u5176\u9009\u9898\u548c\u4f4e\u6210\u672c\u7684\u5236\u4f5c\u65b9\u5f0f\uff0c\u4ee5\u5176\u9769\u65b0\u6027\uff0c\u5e26\u6765\u4e86\u7535\u5f71\u521b\u4f5c\u7684\u53e6\u4e00\u79cd\u53ef\u80fd\u6027\u3002<\/em><\/p>\n\n\n\n<p>\u53bf\u57ce\u7684\u4e2d\u5e74\u4eba\u674e\u4f1f\u5728\u4e00\u6b21\u996d\u5c40\u4e2d\u9047\u5230\u4e86\u8d70\u9519\u623f\u95f4\u7684\u82d7\u82d7\u3002\u82d7\u82d7\u662f\u4ed6\u5341\u5e74\u672a\u89c1\u7684\u7f51\u53cb\uff0c\u539f\u672c\u674e\u4f1f\u53ea\u662f\u6253\u7b97\u5403\u987f\u996d\u642a\u585e\u4e00\u4e0b\u4fe9\u4eba\u7684\u5173\u7cfb\uff0c\u4f46\u82d7\u82d7\u5374\u5728\u996d\u684c\u4e0a\u8bf7\u6765\u4e86\u81ea\u5df1\u7684\u76f8\u4eb2\u5bf9\u8c61\uff0c\u674e\u4f1f\u4ece\u6b64\u9677\u5165\u4e86\u60c5\u611f\u7ea0\u845b\u5f53\u4e2d\u3002<\/p>\n\n\n\n<p><br><em>\u5357\u946b\u4ee5\u8bd9\u8c10\u7684\u65b9\u5f0f\uff0c\u5728\u9996\u90e8\u957f\u7247\u4e2d\uff0c\u8fd8\u539f\u4e86\u5c0f\u53bf\u57ce\u7684\u65e5\u5e38\u751f\u6d3b\uff0c\u8bd5\u56fe\u63a2\u8ba8\u7537\u6027\u4eba\u5165\u4e2d\u5e74\u540e\u5a5a\u540e\u7684\u8377\u5c14\u8499\u662f\u600e\u6837\u7684\uff0c\u4ee5\u53ca\u4eba\u4e0e\u4eba\u4e4b\u95f4\u4ea4\u9519\u7684\u60c5\u611f\u5173\u7cfb\u3002\u5176\u9009\u9898\u548c\u4f4e\u6210\u672c\u7684\u5236\u4f5c\u65b9\u5f0f\uff0c\u4ee5\u5176\u9769\u65b0\u6027\uff0c\u5e26\u6765\u4e86\u7535\u5f71\u521b\u4f5c\u7684\u53e6\u4e00\u79cd\u53ef\u80fd\u6027\u3002<\/em><\/p>\n\n\n\n<p><mark style=\"background-color:rgba(0, 0, 0, 0)\" class=\"has-inline-color has-white-color\">000000<\/mark><\/p>\n\n\n\n<div class=\"wp-block-columns is-layout-flex wp-container-core-columns-layout-1 wp-block-columns-is-layout-flex\">\n<div class=\"wp-block-column is-layout-flow wp-block-column-is-layout-flow\" style=\"flex-basis:100%\">\n<div class=\"wp-block-group is-layout-flow wp-block-group-is-layout-flow\"><div class=\"wp-block-group__inner-container\">\n<figure class=\"wp-block-gallery has-nested-images columns-default is-cropped wp-block-gallery-1 is-layout-flex wp-block-gallery-is-layout-flex\">\n<figure class=\"wp-block-image size-large\"><img loading=\"lazy\" decoding=\"async\" width=\"1024\" height=\"554\" src=\"https:\/\/www.allersretoursasso.fr\/wp-content\/uploads\/2023\/01\/A001_C010_0423R4_002-\u590d\u5236-01.00_03_13_16.Still001-1024x554.jpg\" alt=\"\" class=\"wp-image-2873\" srcset=\"https:\/\/www.allersretoursasso.fr\/wp-content\/uploads\/2023\/01\/A001_C010_0423R4_002-\u590d\u5236-01.00_03_13_16.Still001-1024x554.jpg 1024w, https:\/\/www.allersretoursasso.fr\/wp-content\/uploads\/2023\/01\/A001_C010_0423R4_002-\u590d\u5236-01.00_03_13_16.Still001-300x162.jpg 300w, https:\/\/www.allersretoursasso.fr\/wp-content\/uploads\/2023\/01\/A001_C010_0423R4_002-\u590d\u5236-01.00_03_13_16.Still001-768x415.jpg 768w, https:\/\/www.allersretoursasso.fr\/wp-content\/uploads\/2023\/01\/A001_C010_0423R4_002-\u590d\u5236-01.00_03_13_16.Still001-1536x830.jpg 1536w, https:\/\/www.allersretoursasso.fr\/wp-content\/uploads\/2023\/01\/A001_C010_0423R4_002-\u590d\u5236-01.00_03_13_16.Still001-2048x1107.jpg 2048w, https:\/\/www.allersretoursasso.fr\/wp-content\/uploads\/2023\/01\/A001_C010_0423R4_002-\u590d\u5236-01.00_03_13_16.Still001-350x189.jpg 350w\" sizes=\"(max-width: 767px) 89vw, (max-width: 1000px) 54vw, (max-width: 1071px) 543px, 580px\" \/><\/figure>\n\n\n\n<figure class=\"wp-block-image size-large\"><img loading=\"lazy\" decoding=\"async\" width=\"1024\" height=\"554\" src=\"https:\/\/www.allersretoursasso.fr\/wp-content\/uploads\/2023\/01\/A001_C010_0423R4_002-\u590d\u5236-01.00_36_23_19.Still005-1024x554.jpg\" alt=\"\" class=\"wp-image-2874\" srcset=\"https:\/\/www.allersretoursasso.fr\/wp-content\/uploads\/2023\/01\/A001_C010_0423R4_002-\u590d\u5236-01.00_36_23_19.Still005-1024x554.jpg 1024w, https:\/\/www.allersretoursasso.fr\/wp-content\/uploads\/2023\/01\/A001_C010_0423R4_002-\u590d\u5236-01.00_36_23_19.Still005-300x162.jpg 300w, https:\/\/www.allersretoursasso.fr\/wp-content\/uploads\/2023\/01\/A001_C010_0423R4_002-\u590d\u5236-01.00_36_23_19.Still005-768x415.jpg 768w, https:\/\/www.allersretoursasso.fr\/wp-content\/uploads\/2023\/01\/A001_C010_0423R4_002-\u590d\u5236-01.00_36_23_19.Still005-1536x830.jpg 1536w, https:\/\/www.allersretoursasso.fr\/wp-content\/uploads\/2023\/01\/A001_C010_0423R4_002-\u590d\u5236-01.00_36_23_19.Still005-2048x1107.jpg 2048w, https:\/\/www.allersretoursasso.fr\/wp-content\/uploads\/2023\/01\/A001_C010_0423R4_002-\u590d\u5236-01.00_36_23_19.Still005-350x189.jpg 350w\" sizes=\"(max-width: 767px) 89vw, (max-width: 1000px) 54vw, (max-width: 1071px) 543px, 580px\" \/><\/figure>\n<\/figure>\n<\/div><\/div>\n\n\n\n<figure class=\"wp-block-gallery has-nested-images columns-default is-cropped wp-block-gallery-2 is-layout-flex wp-block-gallery-is-layout-flex\">\n<figure class=\"wp-block-image size-large\"><img loading=\"lazy\" decoding=\"async\" width=\"1024\" height=\"554\" src=\"https:\/\/www.allersretoursasso.fr\/wp-content\/uploads\/2023\/01\/A001_C010_0423R4_002-\u590d\u5236-01.01_06_21_24.Still007-1024x554.jpg\" alt=\"\" class=\"wp-image-2875\" srcset=\"https:\/\/www.allersretoursasso.fr\/wp-content\/uploads\/2023\/01\/A001_C010_0423R4_002-\u590d\u5236-01.01_06_21_24.Still007-1024x554.jpg 1024w, https:\/\/www.allersretoursasso.fr\/wp-content\/uploads\/2023\/01\/A001_C010_0423R4_002-\u590d\u5236-01.01_06_21_24.Still007-300x162.jpg 300w, https:\/\/www.allersretoursasso.fr\/wp-content\/uploads\/2023\/01\/A001_C010_0423R4_002-\u590d\u5236-01.01_06_21_24.Still007-768x415.jpg 768w, https:\/\/www.allersretoursasso.fr\/wp-content\/uploads\/2023\/01\/A001_C010_0423R4_002-\u590d\u5236-01.01_06_21_24.Still007-1536x830.jpg 1536w, https:\/\/www.allersretoursasso.fr\/wp-content\/uploads\/2023\/01\/A001_C010_0423R4_002-\u590d\u5236-01.01_06_21_24.Still007-2048x1107.jpg 2048w, https:\/\/www.allersretoursasso.fr\/wp-content\/uploads\/2023\/01\/A001_C010_0423R4_002-\u590d\u5236-01.01_06_21_24.Still007-350x189.jpg 350w\" sizes=\"(max-width: 767px) 89vw, (max-width: 1000px) 54vw, (max-width: 1071px) 543px, 580px\" \/><\/figure>\n<\/figure>\n<\/div>\n<\/div>\n\n\n\n<figure class=\"wp-block-embed is-type-video is-provider-youtube wp-block-embed-youtube wp-embed-aspect-16-9 wp-has-aspect-ratio\"><div class=\"wp-block-embed__wrapper\">\n<iframe loading=\"lazy\" title=\"Go Fishing  \u9493\u9c7c de NAN Xin \u5357\u946b - Bande-annonce\" width=\"525\" height=\"295\" src=\"https:\/\/www.youtube.com\/embed\/cD5a5Qx7Yk8?feature=oembed\" frameborder=\"0\" allow=\"accelerometer; autoplay; clipboard-write; encrypted-media; gyroscope; picture-in-picture; web-share\" allowfullscreen><\/iframe>\n<\/div><\/figure>\n\n\n\n<div class=\"wp-block-group is-vertical is-content-justification-center is-layout-flex wp-container-core-group-layout-7 wp-block-group-is-layout-flex\">\n<p><strong>2\u670812\u65e5 \u661f\u671f\u65e5 18h30 \u4e8e Studio des Ursulines\u5f71\u9662<\/strong><br><\/p>\n\n\n\n<div class=\"wp-block-buttons is-layout-flex wp-block-buttons-is-layout-flex\">\n<div class=\"wp-block-button has-custom-width wp-block-button__width-100 is-style-outline\"><a class=\"wp-block-button__link has-white-background-color has-background wp-element-button\" href=\"https:\/\/www.billetweb.fr\/far2023\" target=\"_blank\" rel=\"noreferrer noopener\">\u8d2d\u7968\u94fe\u63a5<\/a><\/div>\n<\/div>\n<\/div>\n\n\n\n<div class=\"wp-block-cover is-light\" style=\"min-height:349px\"><span aria-hidden=\"true\" class=\"wp-block-cover__background has-white-background-color has-background-dim\"><\/span><div class=\"wp-block-cover__inner-container is-layout-flow wp-block-cover-is-layout-flow\">\n<div class=\"wp-block-group is-layout-flow wp-block-group-is-layout-flow\"><div class=\"wp-block-group__inner-container\">\n<figure class=\"wp-block-image size-large\"><a href=\"https:\/\/www.allersretoursasso.fr\/zh\/annee-festival-2023\/\"><img loading=\"lazy\" decoding=\"async\" width=\"1024\" height=\"342\" src=\"https:\/\/www.allersretoursasso.fr\/wp-content\/uploads\/2023\/01\/banner-1024x342.png\" alt=\"\" class=\"wp-image-2854\" srcset=\"https:\/\/www.allersretoursasso.fr\/wp-content\/uploads\/2023\/01\/banner-1024x342.png 1024w, https:\/\/www.allersretoursasso.fr\/wp-content\/uploads\/2023\/01\/banner-300x100.png 300w, https:\/\/www.allersretoursasso.fr\/wp-content\/uploads\/2023\/01\/banner-768x256.png 768w, https:\/\/www.allersretoursasso.fr\/wp-content\/uploads\/2023\/01\/banner-1536x512.png 1536w, https:\/\/www.allersretoursasso.fr\/wp-content\/uploads\/2023\/01\/banner-350x117.png 350w, https:\/\/www.allersretoursasso.fr\/wp-content\/uploads\/2023\/01\/banner.png 2000w\" sizes=\"(max-width: 767px) 89vw, (max-width: 1000px) 54vw, (max-width: 1071px) 543px, 580px\" \/><\/a><\/figure>\n<\/div><\/div>\n<\/div><\/div>\n\n\n\n<div class=\"wp-block-group is-layout-flow wp-block-group-is-layout-flow\"><div class=\"wp-block-group__inner-container\">\n<p class=\"has-text-align-center\" style=\"font-size:15px\"><\/p>\n<\/div><\/div>\n\n\n\n<p class=\"has-text-align-center has-white-color has-text-color\" style=\"font-size:15px\"> 19h45 aux Ursuline<\/p>\n\n\n\n<p class=\"has-text-align-center has-white-color has-text-color\" style=\"font-size:15px\">06 octobre \u00e0 19h45 aux Ursulines<\/p>","protected":false},"excerpt":{"rendered":"<p>2022 \/ 73\u2019 \/ Chinois \/ VOSTF \/ Fiction2022 \/ 73\u2019 \/ \u4e2d\u6587 \/ \u539f\u58f0\u6cd5\u8bed\u5b57\u5e55 \/ \u5267\u60c5 En se trompant de salle de karaok\u00e9, Miaomiao ne sait pas qu\u2019elle va tomber sur Li Wei, un ami perdu de vue depuis bien des ann\u00e9es. Li Wei l\u2019invite \u00e0 d\u00eener, mais un homme que Miaomiao a rencontr\u00e9 &hellip; <\/p>\n<p class=\"link-more\"><a href=\"https:\/\/www.allersretoursasso.fr\/zh\/festival2023-go-fishing\/\" class=\"more-link\">\u7ee7\u7eed\u9605\u8bfb<span class=\"screen-reader-text\">\u201cFestival Allers Retours 2023  &#8211;  Go Fishing\u201d<\/span><\/a><\/p>","protected":false},"author":16,"featured_media":0,"parent":0,"menu_order":0,"comment_status":"closed","ping_status":"closed","template":"","meta":{"footnotes":""},"_links":{"self":[{"href":"https:\/\/www.allersretoursasso.fr\/zh\/wp-json\/wp\/v2\/pages\/2870"}],"collection":[{"href":"https:\/\/www.allersretoursasso.fr\/zh\/wp-json\/wp\/v2\/pages"}],"about":[{"href":"https:\/\/www.allersretoursasso.fr\/zh\/wp-json\/wp\/v2\/types\/page"}],"author":[{"embeddable":true,"href":"https:\/\/www.allersretoursasso.fr\/zh\/wp-json\/wp\/v2\/users\/16"}],"replies":[{"embeddable":true,"href":"https:\/\/www.allersretoursasso.fr\/zh\/wp-json\/wp\/v2\/comments?post=2870"}],"version-history":[{"count":8,"href":"https:\/\/www.allersretoursasso.fr\/zh\/wp-json\/wp\/v2\/pages\/2870\/revisions"}],"predecessor-version":[{"id":5484,"href":"https:\/\/www.allersretoursasso.fr\/zh\/wp-json\/wp\/v2\/pages\/2870\/revisions\/5484"}],"wp:attachment":[{"href":"https:\/\/www.allersretoursasso.fr\/zh\/wp-json\/wp\/v2\/media?parent=2870"}],"curies":[{"name":"wp","href":"https:\/\/api.w.org\/{rel}","templated":true}]}}