{"id":2878,"date":"2023-01-09T16:07:02","date_gmt":"2023-01-09T15:07:02","guid":{"rendered":"https:\/\/www.allersretoursasso.fr\/?page_id=2878"},"modified":"2024-12-07T16:00:37","modified_gmt":"2024-12-07T15:00:37","slug":"festival2023-perfect-city-the-mother","status":"publish","type":"page","link":"https:\/\/www.allersretoursasso.fr\/zh\/festival2023-perfect-city-the-mother\/","title":{"rendered":"Festival Allers Retours 2023  &#8211;  Perfect City: The Mother"},"content":{"rendered":"<div id=\"fb-root\"><\/div>\n\n<div class=\"wp-block-media-text alignwide is-stacked-on-mobile\" style=\"grid-template-columns:41% auto\"><figure class=\"wp-block-media-text__media\"><img loading=\"lazy\" decoding=\"async\" width=\"683\" height=\"1024\" src=\"https:\/\/www.allersretoursasso.fr\/wp-content\/uploads\/2023\/03\/Perfect-City-The-Mother_poster-683x1024.jpg\" alt=\"\" class=\"wp-image-3506 size-full\" srcset=\"https:\/\/www.allersretoursasso.fr\/wp-content\/uploads\/2023\/03\/Perfect-City-The-Mother_poster-683x1024.jpg 683w, https:\/\/www.allersretoursasso.fr\/wp-content\/uploads\/2023\/03\/Perfect-City-The-Mother_poster-200x300.jpg 200w, https:\/\/www.allersretoursasso.fr\/wp-content\/uploads\/2023\/03\/Perfect-City-The-Mother_poster-768x1151.jpg 768w, https:\/\/www.allersretoursasso.fr\/wp-content\/uploads\/2023\/03\/Perfect-City-The-Mother_poster-1025x1536.jpg 1025w, https:\/\/www.allersretoursasso.fr\/wp-content\/uploads\/2023\/03\/Perfect-City-The-Mother_poster-8x12.jpg 8w, https:\/\/www.allersretoursasso.fr\/wp-content\/uploads\/2023\/03\/Perfect-City-The-Mother_poster-350x525.jpg 350w, https:\/\/www.allersretoursasso.fr\/wp-content\/uploads\/2023\/03\/Perfect-City-The-Mother_poster.jpg 1080w\" sizes=\"(max-width: 683px) 100vw, 683px\" \/><\/figure><div class=\"wp-block-media-text__content\">\n<div class=\"wp-block-group is-layout-flow wp-block-group-is-layout-flow\"><div class=\"wp-block-group__inner-container\">\n<div class=\"wp-block-group is-vertical is-layout-flex wp-container-core-group-layout-4 wp-block-group-is-layout-flex\">\n<div class=\"wp-block-group is-layout-flow wp-block-group-is-layout-flow\"><div class=\"wp-block-group__inner-container\">\n<div class=\"wp-block-group is-layout-flow wp-block-group-is-layout-flow\"><div class=\"wp-block-group__inner-container\">\n<div class=\"wp-block-group is-layout-flow wp-block-group-is-layout-flow\"><div class=\"wp-block-group__inner-container\">\n<p><\/p>\n\n\n\n<p style=\"font-size:30px;font-style:normal;font-weight:500\"><em>\u5b8c\u7f8e\u4e4b\u57ce\uff1a\u5988\u5988<\/em><\/p>\n\n\n\n<p style=\"font-size:30px;font-style:normal;font-weight:500\">\u5b8c\u7f8e\u4e4b\u57ce\uff1a\u5988\u5988<\/p>\n\n\n\n<p class=\"has-medium-font-size\">ZHOU Shengwei<\/p>\n\n\n\n<p class=\"has-medium-font-size\">\u5468\u5723\u5d34<\/p>\n\n\n\n<p class=\"has-small-font-size\">\u00c9dition : <a href=\"https:\/\/www.allersretoursasso.fr\/zh\/annee-festival-2023\/\">Festival Allers Retours 2023<\/a><\/p>\n\n\n\n<p style=\"font-size:10px\"><\/p>\n<\/div><\/div>\n\n\n\n<p class=\"has-text-align-center\"><\/p>\n\n\n\n<p class=\"has-text-align-left\" style=\"font-size:15px\"><\/p>\n<\/div><\/div>\n<\/div><\/div>\n<\/div>\n<\/div><\/div>\n<\/div><\/div>\n\n\n\n<h2 class=\"wp-block-heading\"><\/h2>\n\n\n\n<p class=\"has-text-align-center\" style=\"font-size:15px\"><em>2021 \/ 12\u2019 \/ \u65e0\u5bf9\u767d \/ \u52a8\u753b<\/em><br><em>2021 \/ 12\u2019 \/ \u65e0\u5bf9\u767d \/ \u52a8\u753b<\/em><\/p>\n\n\n\n<p>\u4e00\u4f4d\u5f3a\u58ee\u7684\u6811\u5988\u5988\u52aa\u529b\u5730\u628a\u5979\u7684\u6811\u6839\u5b9d\u5b9d\u96d5\u523b\u6210\u4e00\u4e2a\u5b8c\u7f8e\u7684\u4eba\u5f62\u73a9\u5076\u3002<\/p>\n\n\n\n<p><br><em>1er volet de la s\u00e9rie <\/em>Perfect City, The Mother<em> combine animation image par image dans laquelle l\u2019auteur s\u2019\u00e9tait d\u00e9j\u00e0 illustr\u00e9 avec <\/em>SHe <em>et 3D dans un cauchemar sur l\u2019exp\u00e9rience de la maternit\u00e9.<\/em><\/p>\n\n\n\n<p>\u4e00\u4f4d\u5f3a\u58ee\u7684\u6811\u5988\u5988\u52aa\u529b\u5730\u628a\u5979\u7684\u6811\u6839\u5b9d\u5b9d\u96d5\u523b\u6210\u4e00\u4e2a\u5b8c\u7f8e\u7684\u4eba\u5f62\u73a9\u5076\u3002<\/p>\n\n\n\n<p><em>\u300a\u5b8c\u7f8e\u4e4b\u57ce\u300b\u7cfb\u5217\u662f\u5bfc\u6f14\u7ed3\u5408\u4e09\u7ef4\u52a8\u753b\u4e0e\u5b9a\u683c\u52a8\u753b\u6765\u505a\u53d9\u4e8b\u7684\u4e00\u6b21\u63a2\u7d22\uff1a\u4e09\u7ef4\u52a8\u753b\u9002\u5408\u5c55\u73b0\u6062\u5f18\u800c\u865a\u5047\u7684\u5e7b\u89c9\uff0c\u800c\u5b9a\u683c\u52a8\u753b\u5219\u9002\u5408\u8868\u73b0\u90a3\u4e9b\u6b8b\u7f3a\u5374\u771f\u5b9e\u7684\u8eab\u4f53\u7ecf\u9a8c\u3002\u300a\u5b8c\u7f8e\u4e4b\u57ce\uff1a\u5988\u5988\u300b \u662f\u8be5\u7cfb\u5217\u7b2c\u4e00\u96c6\uff0c\u63a5\u4e0b\u6765\u5bfc\u6f14\u8fd8\u5c06\u9646\u7eed\u63a8\u51fa\u5176\u4ed6\u90e8\u5206\u3002\u8fd9\u4e9b\u4f5c\u54c1\u5c06\u901a\u8fc7\u4e0d\u540c\u89d2\u8272\u7ba1\u7aa5\u4e2a\u4f53\u4e0e\u5b8f\u5927\u5e7b\u89c9\u4e4b\u95f4\u7684\u5bf9\u6297\u5173\u7cfb\u3002<\/em><\/p>\n\n\n\n<p><mark style=\"background-color:rgba(0, 0, 0, 0)\" class=\"has-inline-color has-white-color\">000000<\/mark><\/p>\n\n\n\n<div class=\"wp-block-columns is-layout-flex wp-container-core-columns-layout-1 wp-block-columns-is-layout-flex\">\n<div class=\"wp-block-column is-layout-flow wp-block-column-is-layout-flow\" style=\"flex-basis:100%\">\n<div class=\"wp-block-group is-layout-flow wp-block-group-is-layout-flow\"><div class=\"wp-block-group__inner-container\">\n<figure class=\"wp-block-gallery has-nested-images columns-default is-cropped wp-block-gallery-1 is-layout-flex wp-block-gallery-is-layout-flex\">\n<figure class=\"wp-block-image size-large\"><img loading=\"lazy\" decoding=\"async\" width=\"1024\" height=\"538\" src=\"https:\/\/www.allersretoursasso.fr\/wp-content\/uploads\/2023\/01\/Perfect-City-The-Mother_still1-1024x538.png\" alt=\"\" class=\"wp-image-2880\" srcset=\"https:\/\/www.allersretoursasso.fr\/wp-content\/uploads\/2023\/01\/Perfect-City-The-Mother_still1-1024x538.png 1024w, https:\/\/www.allersretoursasso.fr\/wp-content\/uploads\/2023\/01\/Perfect-City-The-Mother_still1-300x158.png 300w, https:\/\/www.allersretoursasso.fr\/wp-content\/uploads\/2023\/01\/Perfect-City-The-Mother_still1-768x403.png 768w, https:\/\/www.allersretoursasso.fr\/wp-content\/uploads\/2023\/01\/Perfect-City-The-Mother_still1-1536x807.png 1536w, https:\/\/www.allersretoursasso.fr\/wp-content\/uploads\/2023\/01\/Perfect-City-The-Mother_still1-2048x1076.png 2048w, https:\/\/www.allersretoursasso.fr\/wp-content\/uploads\/2023\/01\/Perfect-City-The-Mother_still1-350x184.png 350w\" sizes=\"(max-width: 767px) 89vw, (max-width: 1000px) 54vw, (max-width: 1071px) 543px, 580px\" \/><\/figure>\n\n\n\n<figure class=\"wp-block-image size-large\"><img loading=\"lazy\" decoding=\"async\" width=\"1024\" height=\"538\" src=\"https:\/\/www.allersretoursasso.fr\/wp-content\/uploads\/2023\/01\/Perfect-City-The-Mother_still3-1024x538.png\" alt=\"\" class=\"wp-image-2881\" srcset=\"https:\/\/www.allersretoursasso.fr\/wp-content\/uploads\/2023\/01\/Perfect-City-The-Mother_still3-1024x538.png 1024w, https:\/\/www.allersretoursasso.fr\/wp-content\/uploads\/2023\/01\/Perfect-City-The-Mother_still3-300x158.png 300w, https:\/\/www.allersretoursasso.fr\/wp-content\/uploads\/2023\/01\/Perfect-City-The-Mother_still3-768x403.png 768w, https:\/\/www.allersretoursasso.fr\/wp-content\/uploads\/2023\/01\/Perfect-City-The-Mother_still3-1536x807.png 1536w, https:\/\/www.allersretoursasso.fr\/wp-content\/uploads\/2023\/01\/Perfect-City-The-Mother_still3-2048x1076.png 2048w, https:\/\/www.allersretoursasso.fr\/wp-content\/uploads\/2023\/01\/Perfect-City-The-Mother_still3-350x184.png 350w\" sizes=\"(max-width: 767px) 89vw, (max-width: 1000px) 54vw, (max-width: 1071px) 543px, 580px\" \/><\/figure>\n<\/figure>\n<\/div><\/div>\n\n\n\n<figure class=\"wp-block-gallery has-nested-images columns-default is-cropped wp-block-gallery-2 is-layout-flex wp-block-gallery-is-layout-flex\">\n<figure class=\"wp-block-image size-large\"><img loading=\"lazy\" decoding=\"async\" width=\"1024\" height=\"504\" src=\"https:\/\/www.allersretoursasso.fr\/wp-content\/uploads\/2023\/01\/Perfect-City-The-Mother_still5-1-1024x504.jpg\" alt=\"\" class=\"wp-image-2885\" srcset=\"https:\/\/www.allersretoursasso.fr\/wp-content\/uploads\/2023\/01\/Perfect-City-The-Mother_still5-1-1024x504.jpg 1024w, https:\/\/www.allersretoursasso.fr\/wp-content\/uploads\/2023\/01\/Perfect-City-The-Mother_still5-1-300x148.jpg 300w, https:\/\/www.allersretoursasso.fr\/wp-content\/uploads\/2023\/01\/Perfect-City-The-Mother_still5-1-768x378.jpg 768w, https:\/\/www.allersretoursasso.fr\/wp-content\/uploads\/2023\/01\/Perfect-City-The-Mother_still5-1-1536x756.jpg 1536w, https:\/\/www.allersretoursasso.fr\/wp-content\/uploads\/2023\/01\/Perfect-City-The-Mother_still5-1-350x172.jpg 350w, https:\/\/www.allersretoursasso.fr\/wp-content\/uploads\/2023\/01\/Perfect-City-The-Mother_still5-1.jpg 2040w\" sizes=\"(max-width: 767px) 89vw, (max-width: 1000px) 54vw, (max-width: 1071px) 543px, 580px\" \/><\/figure>\n<\/figure>\n<\/div>\n<\/div>\n\n\n\n<figure class=\"wp-block-embed is-type-video is-provider-youtube wp-block-embed-youtube wp-embed-aspect-16-9 wp-has-aspect-ratio\"><div class=\"wp-block-embed__wrapper\">\n<iframe loading=\"lazy\" title=\"Perfect City: The Mother - ZHOU Shengwei - Bande-annonce\" width=\"525\" height=\"295\" src=\"https:\/\/www.youtube.com\/embed\/yHort3pv0zw?feature=oembed\" frameborder=\"0\" allow=\"accelerometer; autoplay; clipboard-write; encrypted-media; gyroscope; picture-in-picture; web-share\" referrerpolicy=\"strict-origin-when-cross-origin\" allowfullscreen><\/iframe>\n<\/div><\/figure>\n\n\n\n<div class=\"wp-block-group is-vertical is-content-justification-center is-layout-flex wp-container-core-group-layout-7 wp-block-group-is-layout-flex\">\n<p class=\"has-text-align-center\"><strong>dim. 26 mars \u00e0 15h30 au Cin\u00e9ma Lumi\u00e8re Fourmi<\/strong><br>68 rue Pierre Corneille, Lyon 3<\/p>\n\n\n\n<div class=\"wp-block-buttons is-layout-flex wp-block-buttons-is-layout-flex\">\n<div class=\"wp-block-button has-custom-width wp-block-button__width-100 is-style-outline\"><a class=\"wp-block-button__link has-white-background-color has-background wp-element-button\" href=\"https:\/\/www.cinemas-lumiere.com\/programmation\/fourmi\/2023-03-26.html\" target=\"_blank\" rel=\"noreferrer noopener\">\u8d2d\u7968\u94fe\u63a5<\/a><\/div>\n<\/div>\n\n\n\n<p><strong>2\u67085\u65e5 \u661f\u671f\u65e5 13h00 \u4e8e \u5409\u7f8e\u56fd\u7acb\u4e9a\u6d32\u827a\u672f\u535a\u7269\u9986<\/strong><\/p>\n\n\n\n<p class=\"has-text-align-center\"><strong><strong>2\u67086\u65e5 \u661f\u671f\u4e00 18h00 \u4e8e Studio des Ursulines\u5f71\u9662<\/strong><\/strong><\/p>\n\n\n\n<p><strong>2\u67085\u65e5 \u661f\u671f\u65e5 13h00 \u4e8e \u5409\u7f8e\u56fd\u7acb\u4e9a\u6d32\u827a\u672f\u535a\u7269\u9986<\/strong><\/p>\n\n\n\n<p><strong>2\u67086\u65e5 \u661f\u671f\u4e00 18h00 \u4e8e Studio des Ursulines\u5f71\u9662<\/strong><\/p>\n<\/div>\n\n\n\n<div class=\"wp-block-cover is-light\" style=\"min-height:349px\"><span aria-hidden=\"true\" class=\"wp-block-cover__background has-white-background-color has-background-dim\"><\/span><div class=\"wp-block-cover__inner-container is-layout-flow wp-block-cover-is-layout-flow\">\n<div class=\"wp-block-group is-layout-flow wp-block-group-is-layout-flow\"><div class=\"wp-block-group__inner-container\">\n<figure class=\"wp-block-image size-large\"><a href=\"https:\/\/www.allersretoursasso.fr\/zh\/annee-festival-2023\/\"><img loading=\"lazy\" decoding=\"async\" width=\"1024\" height=\"342\" src=\"https:\/\/www.allersretoursasso.fr\/wp-content\/uploads\/2023\/01\/banner-1024x342.png\" alt=\"\" class=\"wp-image-2854\" srcset=\"https:\/\/www.allersretoursasso.fr\/wp-content\/uploads\/2023\/01\/banner-1024x342.png 1024w, https:\/\/www.allersretoursasso.fr\/wp-content\/uploads\/2023\/01\/banner-300x100.png 300w, https:\/\/www.allersretoursasso.fr\/wp-content\/uploads\/2023\/01\/banner-768x256.png 768w, https:\/\/www.allersretoursasso.fr\/wp-content\/uploads\/2023\/01\/banner-1536x512.png 1536w, https:\/\/www.allersretoursasso.fr\/wp-content\/uploads\/2023\/01\/banner-350x117.png 350w, https:\/\/www.allersretoursasso.fr\/wp-content\/uploads\/2023\/01\/banner.png 2000w\" sizes=\"(max-width: 767px) 89vw, (max-width: 1000px) 54vw, (max-width: 1071px) 543px, 580px\" \/><\/a><\/figure>\n<\/div><\/div>\n<\/div><\/div>\n\n\n\n<div class=\"wp-block-group is-layout-flow wp-block-group-is-layout-flow\"><div class=\"wp-block-group__inner-container\">\n<p class=\"has-text-align-center\" style=\"font-size:15px\"><\/p>\n<\/div><\/div>\n\n\n\n<p class=\"has-text-align-center has-white-color has-text-color\" style=\"font-size:15px\"> 19h45 aux Ursuline<\/p>\n\n\n\n<p class=\"has-text-align-center has-white-color has-text-color\" style=\"font-size:15px\">06 octobre \u00e0 19h45 aux Ursulines<\/p>","protected":false},"excerpt":{"rendered":"<p>2022 \/ 12\u2019 \/ Sans dialogue \/ Animation2021 \/ 12\u2019 \/ \u65e0\u5bf9\u767d \/ \u52a8\u753b Une m\u00e8re en bois sculpte son b\u00e9b\u00e9-racine pour en faire une poup\u00e9e humaine parfaite. 1er volet de la s\u00e9rie Perfect City, The Mother combine animation image par image dans laquelle l\u2019auteur s\u2019\u00e9tait d\u00e9j\u00e0 illustr\u00e9 avec SHe et 3D dans un cauchemar &hellip; <\/p>\n<p class=\"link-more\"><a href=\"https:\/\/www.allersretoursasso.fr\/zh\/festival2023-perfect-city-the-mother\/\" class=\"more-link\">\u7ee7\u7eed\u9605\u8bfb<span class=\"screen-reader-text\">\u201cFestival Allers Retours 2023  &#8211;  Perfect City: The Mother\u201d<\/span><\/a><\/p>","protected":false},"author":16,"featured_media":0,"parent":0,"menu_order":0,"comment_status":"closed","ping_status":"closed","template":"","meta":{"footnotes":""},"_links":{"self":[{"href":"https:\/\/www.allersretoursasso.fr\/zh\/wp-json\/wp\/v2\/pages\/2878"}],"collection":[{"href":"https:\/\/www.allersretoursasso.fr\/zh\/wp-json\/wp\/v2\/pages"}],"about":[{"href":"https:\/\/www.allersretoursasso.fr\/zh\/wp-json\/wp\/v2\/types\/page"}],"author":[{"embeddable":true,"href":"https:\/\/www.allersretoursasso.fr\/zh\/wp-json\/wp\/v2\/users\/16"}],"replies":[{"embeddable":true,"href":"https:\/\/www.allersretoursasso.fr\/zh\/wp-json\/wp\/v2\/comments?post=2878"}],"version-history":[{"count":11,"href":"https:\/\/www.allersretoursasso.fr\/zh\/wp-json\/wp\/v2\/pages\/2878\/revisions"}],"predecessor-version":[{"id":5495,"href":"https:\/\/www.allersretoursasso.fr\/zh\/wp-json\/wp\/v2\/pages\/2878\/revisions\/5495"}],"wp:attachment":[{"href":"https:\/\/www.allersretoursasso.fr\/zh\/wp-json\/wp\/v2\/media?parent=2878"}],"curies":[{"name":"wp","href":"https:\/\/api.w.org\/{rel}","templated":true}]}}