{"id":2888,"date":"2023-01-09T16:18:41","date_gmt":"2023-01-09T15:18:41","guid":{"rendered":"https:\/\/www.allersretoursasso.fr\/?page_id=2888"},"modified":"2024-12-07T15:58:49","modified_gmt":"2024-12-07T14:58:49","slug":"festival2023-lili-alone","status":"publish","type":"page","link":"https:\/\/www.allersretoursasso.fr\/zh\/festival2023-lili-alone\/","title":{"rendered":"Festival Allers Retours 2023  &#8211;  Lili Alone"},"content":{"rendered":"<div id=\"fb-root\"><\/div>\n\n<div class=\"wp-block-media-text alignwide is-stacked-on-mobile\" style=\"grid-template-columns:41% auto\"><figure class=\"wp-block-media-text__media\"><img loading=\"lazy\" decoding=\"async\" width=\"691\" height=\"1024\" src=\"https:\/\/www.allersretoursasso.fr\/wp-content\/uploads\/2023\/01\/10-2-Lili-Alone_Affiche-Format-uni_Web_FAR2023-2-691x1024.jpg\" alt=\"\" class=\"wp-image-3010 size-full\" srcset=\"https:\/\/www.allersretoursasso.fr\/wp-content\/uploads\/2023\/01\/10-2-Lili-Alone_Affiche-Format-uni_Web_FAR2023-2-691x1024.jpg 691w, https:\/\/www.allersretoursasso.fr\/wp-content\/uploads\/2023\/01\/10-2-Lili-Alone_Affiche-Format-uni_Web_FAR2023-2-203x300.jpg 203w, https:\/\/www.allersretoursasso.fr\/wp-content\/uploads\/2023\/01\/10-2-Lili-Alone_Affiche-Format-uni_Web_FAR2023-2-768x1138.jpg 768w, https:\/\/www.allersretoursasso.fr\/wp-content\/uploads\/2023\/01\/10-2-Lili-Alone_Affiche-Format-uni_Web_FAR2023-2-350x518.jpg 350w, https:\/\/www.allersretoursasso.fr\/wp-content\/uploads\/2023\/01\/10-2-Lili-Alone_Affiche-Format-uni_Web_FAR2023-2.jpg 804w\" sizes=\"(max-width: 691px) 100vw, 691px\" \/><\/figure><div class=\"wp-block-media-text__content\">\n<div class=\"wp-block-group is-layout-flow wp-block-group-is-layout-flow\"><div class=\"wp-block-group__inner-container\">\n<div class=\"wp-block-group is-vertical is-layout-flex wp-container-core-group-layout-4 wp-block-group-is-layout-flex\">\n<div class=\"wp-block-group is-layout-flow wp-block-group-is-layout-flow\"><div class=\"wp-block-group__inner-container\">\n<div class=\"wp-block-group is-layout-flow wp-block-group-is-layout-flow\"><div class=\"wp-block-group__inner-container\">\n<div class=\"wp-block-group is-layout-flow wp-block-group-is-layout-flow\"><div class=\"wp-block-group__inner-container\">\n<p><\/p>\n\n\n\n<p style=\"font-size:30px;font-style:normal;font-weight:500\"><em>\u6735\u4e3d<\/em><\/p>\n\n\n\n<p style=\"font-size:30px;font-style:normal;font-weight:500\">\u6735\u4e3d<\/p>\n\n\n\n<p class=\"has-medium-font-size\">ZOU Jing<\/p>\n\n\n\n<p class=\"has-medium-font-size\">\u90b9\u9759<\/p>\n\n\n\n<p class=\"has-small-font-size\">\u00c9dition : <a rel=\"noreferrer noopener\" href=\"https:\/\/www.allersretoursasso.fr\/zh\/coming-of-age-2022\/\" data-type=\"URL\" data-id=\"https:\/\/www.allersretoursasso.fr\/coming-of-age-2022\/\" target=\"_blank\"><\/a><a href=\"https:\/\/www.allersretoursasso.fr\/zh\/annee-festival-2023\/\" data-type=\"URL\" data-id=\"https:\/\/www.allersretoursasso.fr\/annee-festival-2023\/\" target=\"_blank\" rel=\"noreferrer noopener\">Festival Allers Retours 2023<\/a><\/p>\n\n\n\n<p style=\"font-size:10px\"><\/p>\n<\/div><\/div>\n\n\n\n<p class=\"has-text-align-center\"><\/p>\n\n\n\n<p class=\"has-text-align-left\" style=\"font-size:15px\"><\/p>\n<\/div><\/div>\n<\/div><\/div>\n<\/div>\n<\/div><\/div>\n<\/div><\/div>\n\n\n\n<h2 class=\"wp-block-heading\"><\/h2>\n\n\n\n<p class=\"has-text-align-center\" style=\"font-size:15px\"><em>2019 \/ 22\u2019 \/ \u4e2d\u6587 \/ \u539f\u58f0\u6cd5\u8bed\u5b57\u5e55 \/ \u5267\u60c5<\/em><br><em>2019 \/ 22\u2019 \/ \u4e2d\u6587 \/ \u539f\u58f0\u6cd5\u8bed\u5b57\u5e55 \/ \u5267\u60c5<\/em><\/p>\n\n\n\n<p>\u4e00\u4f4d\u5e74\u5c11\u7684\u6bcd\u4eb2\u4e3d\u4e3d\uff0c\u4e0e\u8d4c\u535a\u6210\u6027\u7684\u4e08\u592b\u4f4f\u5728\u56db\u5ddd\u4e00\u5904\u504f\u8fdc\u5730\u533a\u3002\u8d2b\u56f0\u4e14\u5b64\u72ec\u7684\u5979\uff0c\u51b3\u5b9a\u524d\u5f80\u5927\u57ce\u5e02\u6323\u94b1\u6551\u6cbb\u5782\u6b7b\u7684\u7236\u4eb2\u3002<\/p>\n\n\n\n<p><em>\u901a\u8fc7\u300a\u6735\u4e3d\u300b\uff0c\u90b9\u9759\u805a\u7126\u7740\u4e00\u4e2a\u5fae\u5999\u7684\u65f6\u4e0b\u793e\u4f1a\u95ee\u9898\u3002\u57ce\u5e02\u7684\u80cc\u666f\u5899\u4e0b\uff0c\u5b64\u8eab\u4e00\u4eba\u7684\u4e3d\u4e3d\u505a\u51fa\u7684\u8bf8\u591a\u9053\u9009\u62e9\u3002<\/em><\/p>\n\n\n\n<p>\u4e00\u4f4d\u5e74\u5c11\u7684\u6bcd\u4eb2\u4e3d\u4e3d\uff0c\u4e0e\u8d4c\u535a\u6210\u6027\u7684\u4e08\u592b\u4f4f\u5728\u56db\u5ddd\u4e00\u5904\u504f\u8fdc\u5730\u533a\u3002\u8d2b\u56f0\u4e14\u5b64\u72ec\u7684\u5979\uff0c\u51b3\u5b9a\u524d\u5f80\u5927\u57ce\u5e02\u6323\u94b1\u6551\u6cbb\u5782\u6b7b\u7684\u7236\u4eb2\u3002<\/p>\n\n\n\n<p><em>\u901a\u8fc7\u300a\u6735\u4e3d\u300b\uff0c\u90b9\u9759\u805a\u7126\u7740\u4e00\u4e2a\u5fae\u5999\u7684\u65f6\u4e0b\u793e\u4f1a\u95ee\u9898\u3002\u57ce\u5e02\u7684\u80cc\u666f\u5899\u4e0b\uff0c\u5b64\u8eab\u4e00\u4eba\u7684\u4e3d\u4e3d\u505a\u51fa\u7684\u8bf8\u591a\u9053\u9009\u62e9\u3002<\/em><\/p>\n\n\n\n<p><mark style=\"background-color:rgba(0, 0, 0, 0)\" class=\"has-inline-color has-white-color\">000000<\/mark><\/p>\n\n\n\n<div class=\"wp-block-columns is-layout-flex wp-container-core-columns-layout-1 wp-block-columns-is-layout-flex\">\n<div class=\"wp-block-column is-layout-flow wp-block-column-is-layout-flow\" style=\"flex-basis:100%\">\n<div class=\"wp-block-group is-layout-flow wp-block-group-is-layout-flow\"><div class=\"wp-block-group__inner-container\">\n<figure class=\"wp-block-gallery has-nested-images columns-default is-cropped wp-block-gallery-1 is-layout-flex wp-block-gallery-is-layout-flex\">\n<figure class=\"wp-block-image size-full\"><img decoding=\"async\" src=\"https:\/\/www.allersretoursasso.fr\/wp-content\/uploads\/2023\/01\/Copie-de-Lili-Alone-Still-04-1.jpg\" alt=\"\" class=\"wp-image-2919\"\/><\/figure>\n\n\n\n<figure class=\"wp-block-image size-full\"><img decoding=\"async\" src=\"https:\/\/www.allersretoursasso.fr\/wp-content\/uploads\/2023\/01\/Copie-de-Lili-Alone-Still-03-4.jpg\" alt=\"\" class=\"wp-image-2918\"\/><\/figure>\n<\/figure>\n<\/div><\/div>\n\n\n\n<figure class=\"wp-block-gallery has-nested-images columns-default is-cropped wp-block-gallery-2 is-layout-flex wp-block-gallery-is-layout-flex\">\n<figure class=\"wp-block-image size-full\"><img decoding=\"async\" src=\"https:\/\/www.allersretoursasso.fr\/wp-content\/uploads\/2023\/01\/Copie-de-Lili-Alone-Still-01-6.jpg\" alt=\"\" class=\"wp-image-2917\"\/><\/figure>\n<\/figure>\n<\/div>\n<\/div>\n\n\n\n<figure class=\"wp-block-embed is-type-video is-provider-youtube wp-block-embed-youtube wp-embed-aspect-16-9 wp-has-aspect-ratio\"><div class=\"wp-block-embed__wrapper\">\n<iframe loading=\"lazy\" title=\"Lili Alone - ZOU Jing - Bande-annonce\" width=\"525\" height=\"295\" src=\"https:\/\/www.youtube.com\/embed\/4qm4QYQaQ6I?feature=oembed\" frameborder=\"0\" allow=\"accelerometer; autoplay; clipboard-write; encrypted-media; gyroscope; picture-in-picture; web-share\" referrerpolicy=\"strict-origin-when-cross-origin\" allowfullscreen><\/iframe>\n<\/div><\/figure>\n\n\n\n<div class=\"wp-block-group is-vertical is-content-justification-center is-layout-flex wp-container-core-group-layout-7 wp-block-group-is-layout-flex\">\n<p class=\"has-text-align-center\"><strong>dim. 26 mars \u00e0 15h30 au Cin\u00e9ma Lumi\u00e8re Fourmi<\/strong><br>68 rue Pierre Corneille, Lyon 3<\/p>\n\n\n\n<div class=\"wp-block-buttons is-layout-flex wp-block-buttons-is-layout-flex\">\n<div class=\"wp-block-button has-custom-width wp-block-button__width-100 is-style-outline\"><a class=\"wp-block-button__link has-white-background-color has-background wp-element-button\" href=\"https:\/\/www.cinemas-lumiere.com\/programmation\/fourmi\/2023-03-26.html\" target=\"_blank\" rel=\"noreferrer noopener\">\u8d2d\u7968\u94fe\u63a5<\/a><\/div>\n<\/div>\n\n\n\n<p><\/p>\n\n\n\n<p><strong>2\u67085\u65e5 \u661f\u671f\u65e5 13h00 \u4e8e \u5409\u7f8e\u56fd\u7acb\u4e9a\u6d32\u827a\u672f\u535a\u7269\u9986<\/strong><\/p>\n\n\n\n<p class=\"has-text-align-center\"><strong><strong>2\u67086\u65e5 \u661f\u671f\u4e00 18h00 \u4e8e Studio des Ursulines\u5f71\u9662<\/strong><\/strong><\/p>\n\n\n\n<p><strong>2\u67085\u65e5 \u661f\u671f\u65e5 13h00 \u4e8e \u5409\u7f8e\u56fd\u7acb\u4e9a\u6d32\u827a\u672f\u535a\u7269\u9986<\/strong><\/p>\n\n\n\n<p><strong>2\u67086\u65e5 \u661f\u671f\u4e00 18h00 \u4e8e Studio des Ursulines\u5f71\u9662<\/strong><\/p>\n<\/div>\n\n\n\n<div class=\"wp-block-cover is-light\" style=\"min-height:349px\"><span aria-hidden=\"true\" class=\"wp-block-cover__background has-white-background-color has-background-dim\"><\/span><div class=\"wp-block-cover__inner-container is-layout-flow wp-block-cover-is-layout-flow\">\n<div class=\"wp-block-group is-layout-flow wp-block-group-is-layout-flow\"><div class=\"wp-block-group__inner-container\">\n<figure class=\"wp-block-image size-large\"><a href=\"https:\/\/www.allersretoursasso.fr\/zh\/annee-festival-2023\/\" target=\"_blank\" rel=\"noreferrer noopener\"><img loading=\"lazy\" decoding=\"async\" width=\"1024\" height=\"342\" src=\"https:\/\/www.allersretoursasso.fr\/wp-content\/uploads\/2023\/01\/banner-1024x342.png\" alt=\"\" class=\"wp-image-2854\" srcset=\"https:\/\/www.allersretoursasso.fr\/wp-content\/uploads\/2023\/01\/banner-1024x342.png 1024w, https:\/\/www.allersretoursasso.fr\/wp-content\/uploads\/2023\/01\/banner-300x100.png 300w, https:\/\/www.allersretoursasso.fr\/wp-content\/uploads\/2023\/01\/banner-768x256.png 768w, https:\/\/www.allersretoursasso.fr\/wp-content\/uploads\/2023\/01\/banner-1536x512.png 1536w, https:\/\/www.allersretoursasso.fr\/wp-content\/uploads\/2023\/01\/banner-350x117.png 350w, https:\/\/www.allersretoursasso.fr\/wp-content\/uploads\/2023\/01\/banner.png 2000w\" sizes=\"(max-width: 767px) 89vw, (max-width: 1000px) 54vw, (max-width: 1071px) 543px, 580px\" \/><\/a><\/figure>\n<\/div><\/div>\n<\/div><\/div>\n\n\n\n<div class=\"wp-block-group is-layout-flow wp-block-group-is-layout-flow\"><div class=\"wp-block-group__inner-container\">\n<p class=\"has-text-align-center\" style=\"font-size:15px\"><\/p>\n<\/div><\/div>\n\n\n\n<p class=\"has-text-align-center has-white-color has-text-color\" style=\"font-size:15px\"> 19h45 aux Ursuline<\/p>\n\n\n\n<p class=\"has-text-align-center has-white-color has-text-color\" style=\"font-size:15px\">06 octobre \u00e0 19h45 aux Ursulines<\/p>","protected":false},"excerpt":{"rendered":"<p>2021 \/ 22\u2019 \/ Chinois \/ VOSTF \/ Fiction2019 \/ 22\u2019 \/ \u4e2d\u6587 \/ \u539f\u58f0\u6cd5\u8bed\u5b57\u5e55 \/ \u5267\u60c5 Lili, une jeune m\u00e8re, vit avec son mari accro aux jeux d&#8217;argent dans une r\u00e9gion recul\u00e9e du Sichuan. Seule et pauvre, elle d\u00e9cide de partir pour la ville afin de gagner suffisamment d\u2019argent pour sauver son p\u00e8re mourant. &hellip; <\/p>\n<p class=\"link-more\"><a href=\"https:\/\/www.allersretoursasso.fr\/zh\/festival2023-lili-alone\/\" class=\"more-link\">\u7ee7\u7eed\u9605\u8bfb<span class=\"screen-reader-text\">\u201cFestival Allers Retours 2023  &#8211;  Lili Alone\u201d<\/span><\/a><\/p>","protected":false},"author":16,"featured_media":0,"parent":0,"menu_order":0,"comment_status":"closed","ping_status":"closed","template":"","meta":{"footnotes":""},"_links":{"self":[{"href":"https:\/\/www.allersretoursasso.fr\/zh\/wp-json\/wp\/v2\/pages\/2888"}],"collection":[{"href":"https:\/\/www.allersretoursasso.fr\/zh\/wp-json\/wp\/v2\/pages"}],"about":[{"href":"https:\/\/www.allersretoursasso.fr\/zh\/wp-json\/wp\/v2\/types\/page"}],"author":[{"embeddable":true,"href":"https:\/\/www.allersretoursasso.fr\/zh\/wp-json\/wp\/v2\/users\/16"}],"replies":[{"embeddable":true,"href":"https:\/\/www.allersretoursasso.fr\/zh\/wp-json\/wp\/v2\/comments?post=2888"}],"version-history":[{"count":11,"href":"https:\/\/www.allersretoursasso.fr\/zh\/wp-json\/wp\/v2\/pages\/2888\/revisions"}],"predecessor-version":[{"id":5494,"href":"https:\/\/www.allersretoursasso.fr\/zh\/wp-json\/wp\/v2\/pages\/2888\/revisions\/5494"}],"wp:attachment":[{"href":"https:\/\/www.allersretoursasso.fr\/zh\/wp-json\/wp\/v2\/media?parent=2888"}],"curies":[{"name":"wp","href":"https:\/\/api.w.org\/{rel}","templated":true}]}}