{"id":2908,"date":"2023-01-09T16:30:33","date_gmt":"2023-01-09T15:30:33","guid":{"rendered":"https:\/\/www.allersretoursasso.fr\/?page_id=2908"},"modified":"2024-12-07T15:49:31","modified_gmt":"2024-12-07T14:49:31","slug":"festival2023-the-dreamland","status":"publish","type":"page","link":"https:\/\/www.allersretoursasso.fr\/zh\/festival2023-the-dreamland\/","title":{"rendered":"Festival Allers Retours 2023  &#8211;  The Dreamland"},"content":{"rendered":"<div id=\"fb-root\"><\/div>\n\n<div class=\"wp-block-media-text alignwide is-stacked-on-mobile\" style=\"grid-template-columns:41% auto\"><figure class=\"wp-block-media-text__media\"><img loading=\"lazy\" decoding=\"async\" width=\"751\" height=\"1024\" src=\"https:\/\/www.allersretoursasso.fr\/wp-content\/uploads\/2023\/01\/10-3-The-Dreamland_Affiche-Format-uni_Web_FAR2023-2-751x1024.jpg\" alt=\"\" class=\"wp-image-3210 size-full\" srcset=\"https:\/\/www.allersretoursasso.fr\/wp-content\/uploads\/2023\/01\/10-3-The-Dreamland_Affiche-Format-uni_Web_FAR2023-2-751x1024.jpg 751w, https:\/\/www.allersretoursasso.fr\/wp-content\/uploads\/2023\/01\/10-3-The-Dreamland_Affiche-Format-uni_Web_FAR2023-2-220x300.jpg 220w, https:\/\/www.allersretoursasso.fr\/wp-content\/uploads\/2023\/01\/10-3-The-Dreamland_Affiche-Format-uni_Web_FAR2023-2-768x1047.jpg 768w, https:\/\/www.allersretoursasso.fr\/wp-content\/uploads\/2023\/01\/10-3-The-Dreamland_Affiche-Format-uni_Web_FAR2023-2-9x12.jpg 9w, https:\/\/www.allersretoursasso.fr\/wp-content\/uploads\/2023\/01\/10-3-The-Dreamland_Affiche-Format-uni_Web_FAR2023-2-350x477.jpg 350w, https:\/\/www.allersretoursasso.fr\/wp-content\/uploads\/2023\/01\/10-3-The-Dreamland_Affiche-Format-uni_Web_FAR2023-2.jpg 874w\" sizes=\"(max-width: 706px) 89vw, (max-width: 767px) 82vw, 740px\" \/><\/figure><div class=\"wp-block-media-text__content\">\n<div class=\"wp-block-group is-layout-flow wp-block-group-is-layout-flow\"><div class=\"wp-block-group__inner-container\">\n<div class=\"wp-block-group is-vertical is-layout-flex wp-container-core-group-layout-4 wp-block-group-is-layout-flex\">\n<div class=\"wp-block-group is-layout-flow wp-block-group-is-layout-flow\"><div class=\"wp-block-group__inner-container\">\n<div class=\"wp-block-group is-layout-flow wp-block-group-is-layout-flow\"><div class=\"wp-block-group__inner-container\">\n<div class=\"wp-block-group is-layout-flow wp-block-group-is-layout-flow\"><div class=\"wp-block-group__inner-container\">\n<p><\/p>\n\n\n\n<p style=\"font-size:30px;font-style:normal;font-weight:500\"><em>\u865a\u6208<\/em><\/p>\n\n\n\n<p style=\"font-size:30px;font-style:normal;font-weight:500\">\u865a\u6208<\/p>\n\n\n\n<p class=\"has-medium-font-size\">BIAN Ka<\/p>\n\n\n\n<p class=\"has-medium-font-size\">\u535e\u5361<\/p>\n\n\n\n<p class=\"has-small-font-size\">\u00c9dition : <a href=\"https:\/\/www.allersretoursasso.fr\/zh\/annee-festival-2023\/\">Festival Allers Retours 2023<\/a><\/p>\n\n\n\n<p style=\"font-size:10px\"><\/p>\n<\/div><\/div>\n\n\n\n<p class=\"has-text-align-center\"><\/p>\n\n\n\n<p class=\"has-text-align-left\" style=\"font-size:15px\"><\/p>\n<\/div><\/div>\n<\/div><\/div>\n<\/div>\n<\/div><\/div>\n<\/div><\/div>\n\n\n\n<h2 class=\"wp-block-heading\"><\/h2>\n\n\n\n<p class=\"has-text-align-center\" style=\"font-size:15px\"><em>2022 \/ 5\u2019 \/ \u65e0\u5bf9\u767d \/ \u52a8\u753b<\/em><br><em>2022 \/ 5\u2019 \/ \u65e0\u5bf9\u767d \/ \u52a8\u753b<\/em><\/p>\n\n\n\n<p>\u5bf9\u201c\u8776\u201d\u5728\u8c61\u5f81\u610f\u4e49\u4e0a\u7684\u8ffd\u5bfb\u662f\u53d9\u4e8b\u7684\u6bcd\u9898\uff0c\u5728\u68a6\u5883\u548c\u73b0\u5b9e\u7684\u4ea4\u53c9\u4e2d\u81ea\u6211\u7684\u4e3b\u4f53\u548c\u5ba2\u4f53\u7684\u7edf\u4e00\u6027\u88ab\u89e3\u6784\uff0c\u77e5\u89c9\u548c\u8bb0\u5fc6\u3001\u7ecf\u9a8c\u548c\u5386\u53f2\u3001\u60f3\u8c61\u548c\u73b0\u5b9e\u3001\u5fc3\u7406\u548c\u8eaf\u4f53\uff0c\u6c34\u58a8\u7684\u751f\u6210\u548c\u5ef6\u5c55\u8d4b\u4e88\u4e86\u68a6\u5883\u4e2d\u7684\u4e16\u754c\u4ee5\u6d41\u52a8\u6027\u7684\u5f62\u6001\u5b58\u5728\u3002<\/p>\n\n\n\n<p><em>\u6c34\u58a8\u6784\u7b51\u51fa\u5355\u8272\u7684\u8bd7\u610f\u68a6\u5e7b\u6c1b\u56f4\uff0c\u4e00\u4e2a\u5173\u4e8e\u8bde\u751f\u4e0e\u6d88\u5931\u7684\u6545\u4e8b\u88ab\u8bb2\u8ff0\u3002\u4eba\u53d8\u6210\u9e1f\uff0c\u8774\u8776\u5e7b\u5316\u4e3a\u4eba\uff0c\u6c34\u751f\u4e16\u754c\u548c\u7a7a\u4e2d\u4e16\u754c\u5728\u68a6\u7684\u5c40\u57df\u4ea4\u878d\u3002<\/em><\/p>\n\n\n\n<p>\u5bf9\u201c\u8776\u201d\u5728\u8c61\u5f81\u610f\u4e49\u4e0a\u7684\u8ffd\u5bfb\u662f\u53d9\u4e8b\u7684\u6bcd\u9898\uff0c\u5728\u68a6\u5883\u548c\u73b0\u5b9e\u7684\u4ea4\u53c9\u4e2d\u81ea\u6211\u7684\u4e3b\u4f53\u548c\u5ba2\u4f53\u7684\u7edf\u4e00\u6027\u88ab\u89e3\u6784\uff0c\u77e5\u89c9\u548c\u8bb0\u5fc6\u3001\u7ecf\u9a8c\u548c\u5386\u53f2\u3001\u60f3\u8c61\u548c\u73b0\u5b9e\u3001\u5fc3\u7406\u548c\u8eaf\u4f53\uff0c\u6c34\u58a8\u7684\u751f\u6210\u548c\u5ef6\u5c55\u8d4b\u4e88\u4e86\u68a6\u5883\u4e2d\u7684\u4e16\u754c\u4ee5\u6d41\u52a8\u6027\u7684\u5f62\u6001\u5b58\u5728\u3002<\/p>\n\n\n\n<p><em>\u6c34\u58a8\u6784\u7b51\u51fa\u5355\u8272\u7684\u8bd7\u610f\u68a6\u5e7b\u6c1b\u56f4\uff0c\u4e00\u4e2a\u5173\u4e8e\u8bde\u751f\u4e0e\u6d88\u5931\u7684\u6545\u4e8b\u88ab\u8bb2\u8ff0\u3002\u4eba\u53d8\u6210\u9e1f\uff0c\u8774\u8776\u5e7b\u5316\u4e3a\u4eba\uff0c\u6c34\u751f\u4e16\u754c\u548c\u7a7a\u4e2d\u4e16\u754c\u5728\u68a6\u7684\u5c40\u57df\u4ea4\u878d\u3002<\/em><\/p>\n\n\n\n<p><mark style=\"background-color:rgba(0, 0, 0, 0)\" class=\"has-inline-color has-white-color\">000000<\/mark><\/p>\n\n\n\n<div class=\"wp-block-columns is-layout-flex wp-container-core-columns-layout-1 wp-block-columns-is-layout-flex\">\n<div class=\"wp-block-column is-layout-flow wp-block-column-is-layout-flow\" style=\"flex-basis:100%\">\n<div class=\"wp-block-group is-layout-flow wp-block-group-is-layout-flow\"><div class=\"wp-block-group__inner-container\">\n<figure class=\"wp-block-gallery has-nested-images columns-default is-cropped wp-block-gallery-1 is-layout-flex wp-block-gallery-is-layout-flex\">\n<figure class=\"wp-block-image size-large\"><img loading=\"lazy\" decoding=\"async\" width=\"1024\" height=\"576\" src=\"https:\/\/www.allersretoursasso.fr\/wp-content\/uploads\/2023\/01\/Copie-de-\u300a\u865a\u6208\u300b\u9759\u5e27\u4e4b\u4e8c-1024x576.png\" alt=\"\" class=\"wp-image-2911\" srcset=\"https:\/\/www.allersretoursasso.fr\/wp-content\/uploads\/2023\/01\/Copie-de-\u300a\u865a\u6208\u300b\u9759\u5e27\u4e4b\u4e8c-1024x576.png 1024w, https:\/\/www.allersretoursasso.fr\/wp-content\/uploads\/2023\/01\/Copie-de-\u300a\u865a\u6208\u300b\u9759\u5e27\u4e4b\u4e8c-300x169.png 300w, https:\/\/www.allersretoursasso.fr\/wp-content\/uploads\/2023\/01\/Copie-de-\u300a\u865a\u6208\u300b\u9759\u5e27\u4e4b\u4e8c-768x432.png 768w, https:\/\/www.allersretoursasso.fr\/wp-content\/uploads\/2023\/01\/Copie-de-\u300a\u865a\u6208\u300b\u9759\u5e27\u4e4b\u4e8c-1536x864.png 1536w, https:\/\/www.allersretoursasso.fr\/wp-content\/uploads\/2023\/01\/Copie-de-\u300a\u865a\u6208\u300b\u9759\u5e27\u4e4b\u4e8c-350x197.png 350w, https:\/\/www.allersretoursasso.fr\/wp-content\/uploads\/2023\/01\/Copie-de-\u300a\u865a\u6208\u300b\u9759\u5e27\u4e4b\u4e8c.png 1920w\" sizes=\"(max-width: 767px) 89vw, (max-width: 1000px) 54vw, (max-width: 1071px) 543px, 580px\" \/><\/figure>\n\n\n\n<figure class=\"wp-block-image size-large\"><img loading=\"lazy\" decoding=\"async\" width=\"1024\" height=\"576\" src=\"https:\/\/www.allersretoursasso.fr\/wp-content\/uploads\/2023\/01\/Copie-de-\u300a\u865a\u6208\u300b\u9759\u5e27\u4e4b\u56db-1024x576.png\" alt=\"\" class=\"wp-image-2912\" srcset=\"https:\/\/www.allersretoursasso.fr\/wp-content\/uploads\/2023\/01\/Copie-de-\u300a\u865a\u6208\u300b\u9759\u5e27\u4e4b\u56db-1024x576.png 1024w, https:\/\/www.allersretoursasso.fr\/wp-content\/uploads\/2023\/01\/Copie-de-\u300a\u865a\u6208\u300b\u9759\u5e27\u4e4b\u56db-300x169.png 300w, https:\/\/www.allersretoursasso.fr\/wp-content\/uploads\/2023\/01\/Copie-de-\u300a\u865a\u6208\u300b\u9759\u5e27\u4e4b\u56db-768x432.png 768w, https:\/\/www.allersretoursasso.fr\/wp-content\/uploads\/2023\/01\/Copie-de-\u300a\u865a\u6208\u300b\u9759\u5e27\u4e4b\u56db-1536x864.png 1536w, https:\/\/www.allersretoursasso.fr\/wp-content\/uploads\/2023\/01\/Copie-de-\u300a\u865a\u6208\u300b\u9759\u5e27\u4e4b\u56db-350x197.png 350w, https:\/\/www.allersretoursasso.fr\/wp-content\/uploads\/2023\/01\/Copie-de-\u300a\u865a\u6208\u300b\u9759\u5e27\u4e4b\u56db.png 1920w\" sizes=\"(max-width: 767px) 89vw, (max-width: 1000px) 54vw, (max-width: 1071px) 543px, 580px\" \/><\/figure>\n<\/figure>\n<\/div><\/div>\n\n\n\n<figure class=\"wp-block-gallery has-nested-images columns-default is-cropped wp-block-gallery-2 is-layout-flex wp-block-gallery-is-layout-flex\">\n<figure class=\"wp-block-image size-large\"><img loading=\"lazy\" decoding=\"async\" width=\"1024\" height=\"576\" src=\"https:\/\/www.allersretoursasso.fr\/wp-content\/uploads\/2023\/01\/Copie-de-\u300a\u865a\u6208\u300b\u9759\u5e27\u4e4b\u4e94-1024x576.png\" alt=\"\" class=\"wp-image-2915\" srcset=\"https:\/\/www.allersretoursasso.fr\/wp-content\/uploads\/2023\/01\/Copie-de-\u300a\u865a\u6208\u300b\u9759\u5e27\u4e4b\u4e94-1024x576.png 1024w, https:\/\/www.allersretoursasso.fr\/wp-content\/uploads\/2023\/01\/Copie-de-\u300a\u865a\u6208\u300b\u9759\u5e27\u4e4b\u4e94-300x169.png 300w, https:\/\/www.allersretoursasso.fr\/wp-content\/uploads\/2023\/01\/Copie-de-\u300a\u865a\u6208\u300b\u9759\u5e27\u4e4b\u4e94-768x432.png 768w, https:\/\/www.allersretoursasso.fr\/wp-content\/uploads\/2023\/01\/Copie-de-\u300a\u865a\u6208\u300b\u9759\u5e27\u4e4b\u4e94-1536x864.png 1536w, https:\/\/www.allersretoursasso.fr\/wp-content\/uploads\/2023\/01\/Copie-de-\u300a\u865a\u6208\u300b\u9759\u5e27\u4e4b\u4e94-350x197.png 350w, https:\/\/www.allersretoursasso.fr\/wp-content\/uploads\/2023\/01\/Copie-de-\u300a\u865a\u6208\u300b\u9759\u5e27\u4e4b\u4e94.png 1920w\" sizes=\"(max-width: 767px) 89vw, (max-width: 1000px) 54vw, (max-width: 1071px) 543px, 580px\" \/><\/figure>\n<\/figure>\n<\/div>\n<\/div>\n\n\n\n<figure class=\"wp-block-embed is-type-video is-provider-youtube wp-block-embed-youtube wp-embed-aspect-16-9 wp-has-aspect-ratio\"><div class=\"wp-block-embed__wrapper\">\n<iframe loading=\"lazy\" title=\"The Dreamland - BIAN Ka - Bande-annonce\" width=\"525\" height=\"295\" src=\"https:\/\/www.youtube.com\/embed\/_TWcjh27Zr0?feature=oembed\" frameborder=\"0\" allow=\"accelerometer; autoplay; clipboard-write; encrypted-media; gyroscope; picture-in-picture; web-share\" allowfullscreen><\/iframe>\n<\/div><\/figure>\n\n\n\n<div class=\"wp-block-group is-vertical is-content-justification-center is-layout-flex wp-container-core-group-layout-7 wp-block-group-is-layout-flex\">\n<p class=\"has-text-align-center\"><strong>dim. 26 mars \u00e0 15h30 au Cin\u00e9ma Lumi\u00e8re Fourmi<\/strong><br>68 rue Pierre Corneille, Lyon 3<\/p>\n\n\n\n<div class=\"wp-block-buttons is-layout-flex wp-block-buttons-is-layout-flex\">\n<div class=\"wp-block-button has-custom-width wp-block-button__width-100 is-style-outline\"><a class=\"wp-block-button__link has-white-background-color has-background wp-element-button\" href=\"https:\/\/www.cinemas-lumiere.com\/programmation\/fourmi\/2023-03-26.html\" target=\"_blank\" rel=\"noreferrer noopener\">\u8d2d\u7968\u94fe\u63a5<\/a><\/div>\n<\/div>\n\n\n\n<p><\/p>\n\n\n\n<p><strong>2\u67085\u65e5 \u661f\u671f\u65e5 13h00 \u4e8e \u5409\u7f8e\u56fd\u7acb\u4e9a\u6d32\u827a\u672f\u535a\u7269\u9986<\/strong><\/p>\n\n\n\n<p class=\"has-text-align-center\"><strong><strong>2\u67086\u65e5 \u661f\u671f\u4e00 18h00 \u4e8e Studio des Ursulines\u5f71\u9662<\/strong><\/strong><\/p>\n\n\n\n<p><strong>2\u67085\u65e5 \u661f\u671f\u65e5 13h00 \u4e8e \u5409\u7f8e\u56fd\u7acb\u4e9a\u6d32\u827a\u672f\u535a\u7269\u9986<\/strong><\/p>\n\n\n\n<p><strong>2\u67086\u65e5 \u661f\u671f\u4e00 18h00 \u4e8e Studio des Ursulines\u5f71\u9662<\/strong><\/p>\n\n\n\n<p class=\"has-text-align-center\"><br><\/p>\n<\/div>\n\n\n\n<div class=\"wp-block-cover is-light\" style=\"min-height:349px\"><span aria-hidden=\"true\" class=\"wp-block-cover__background has-white-background-color has-background-dim\"><\/span><div class=\"wp-block-cover__inner-container is-layout-flow wp-block-cover-is-layout-flow\">\n<div class=\"wp-block-group is-layout-flow wp-block-group-is-layout-flow\"><div class=\"wp-block-group__inner-container\">\n<figure class=\"wp-block-image size-large\"><a href=\"https:\/\/www.allersretoursasso.fr\/zh\/annee-festival-2023\/\"><img loading=\"lazy\" decoding=\"async\" width=\"1024\" height=\"342\" src=\"https:\/\/www.allersretoursasso.fr\/wp-content\/uploads\/2023\/01\/banner-1024x342.png\" alt=\"\" class=\"wp-image-2854\" srcset=\"https:\/\/www.allersretoursasso.fr\/wp-content\/uploads\/2023\/01\/banner-1024x342.png 1024w, https:\/\/www.allersretoursasso.fr\/wp-content\/uploads\/2023\/01\/banner-300x100.png 300w, https:\/\/www.allersretoursasso.fr\/wp-content\/uploads\/2023\/01\/banner-768x256.png 768w, https:\/\/www.allersretoursasso.fr\/wp-content\/uploads\/2023\/01\/banner-1536x512.png 1536w, https:\/\/www.allersretoursasso.fr\/wp-content\/uploads\/2023\/01\/banner-350x117.png 350w, https:\/\/www.allersretoursasso.fr\/wp-content\/uploads\/2023\/01\/banner.png 2000w\" sizes=\"(max-width: 767px) 89vw, (max-width: 1000px) 54vw, (max-width: 1071px) 543px, 580px\" \/><\/a><\/figure>\n<\/div><\/div>\n<\/div><\/div>\n\n\n\n<div class=\"wp-block-group is-layout-flow wp-block-group-is-layout-flow\"><div class=\"wp-block-group__inner-container\">\n<p class=\"has-text-align-center\" style=\"font-size:15px\"><\/p>\n<\/div><\/div>\n\n\n\n<p class=\"has-text-align-center has-white-color has-text-color\" style=\"font-size:15px\"> 19h45 aux Ursuline<\/p>\n\n\n\n<p class=\"has-text-align-center has-white-color has-text-color\" style=\"font-size:15px\">06 octobre \u00e0 19h45 aux Ursulines<\/p>","protected":false},"excerpt":{"rendered":"<p>2022 \/ 5&#8242; \/ Sans dialogue \/ Animation2022 \/ 5\u2019 \/ \u65e0\u5bf9\u767d \/ \u52a8\u753b Un r\u00e9cit de naissances et de disparitions dans une atmosph\u00e8re onirique monochrome. Un homme devient oiseau, un papillon devient homme, le monde aquatique et le monde a\u00e9rien se fondent dans le domaine du r\u00eaveur. Le jeu sur les taches d&#8217;encre rendues &hellip; <\/p>\n<p class=\"link-more\"><a href=\"https:\/\/www.allersretoursasso.fr\/zh\/festival2023-the-dreamland\/\" class=\"more-link\">\u7ee7\u7eed\u9605\u8bfb<span class=\"screen-reader-text\">\u201cFestival Allers Retours 2023  &#8211;  The Dreamland\u201d<\/span><\/a><\/p>","protected":false},"author":16,"featured_media":0,"parent":0,"menu_order":0,"comment_status":"closed","ping_status":"closed","template":"","meta":{"footnotes":""},"_links":{"self":[{"href":"https:\/\/www.allersretoursasso.fr\/zh\/wp-json\/wp\/v2\/pages\/2908"}],"collection":[{"href":"https:\/\/www.allersretoursasso.fr\/zh\/wp-json\/wp\/v2\/pages"}],"about":[{"href":"https:\/\/www.allersretoursasso.fr\/zh\/wp-json\/wp\/v2\/types\/page"}],"author":[{"embeddable":true,"href":"https:\/\/www.allersretoursasso.fr\/zh\/wp-json\/wp\/v2\/users\/16"}],"replies":[{"embeddable":true,"href":"https:\/\/www.allersretoursasso.fr\/zh\/wp-json\/wp\/v2\/comments?post=2908"}],"version-history":[{"count":11,"href":"https:\/\/www.allersretoursasso.fr\/zh\/wp-json\/wp\/v2\/pages\/2908\/revisions"}],"predecessor-version":[{"id":5490,"href":"https:\/\/www.allersretoursasso.fr\/zh\/wp-json\/wp\/v2\/pages\/2908\/revisions\/5490"}],"wp:attachment":[{"href":"https:\/\/www.allersretoursasso.fr\/zh\/wp-json\/wp\/v2\/media?parent=2908"}],"curies":[{"name":"wp","href":"https:\/\/api.w.org\/{rel}","templated":true}]}}