{"id":2920,"date":"2023-01-09T16:34:42","date_gmt":"2023-01-09T15:34:42","guid":{"rendered":"https:\/\/www.allersretoursasso.fr\/?page_id=2920"},"modified":"2024-12-07T15:50:51","modified_gmt":"2024-12-07T14:50:51","slug":"festival2023-olympic","status":"publish","type":"page","link":"https:\/\/www.allersretoursasso.fr\/zh\/festival2023-olympic\/","title":{"rendered":"Festival Allers Retours 2023  &#8211;  Olympic"},"content":{"rendered":"<div id=\"fb-root\"><\/div>\n\n<div class=\"wp-block-media-text alignwide is-stacked-on-mobile\" style=\"grid-template-columns:41% auto\"><figure class=\"wp-block-media-text__media\"><img loading=\"lazy\" decoding=\"async\" width=\"724\" height=\"1024\" src=\"https:\/\/www.allersretoursasso.fr\/wp-content\/uploads\/2023\/01\/10-4-Olympic_Affiche-Format-uni_Web_FAR2023-6-724x1024.jpg\" alt=\"\" class=\"wp-image-3019 size-full\" srcset=\"https:\/\/www.allersretoursasso.fr\/wp-content\/uploads\/2023\/01\/10-4-Olympic_Affiche-Format-uni_Web_FAR2023-6-724x1024.jpg 724w, https:\/\/www.allersretoursasso.fr\/wp-content\/uploads\/2023\/01\/10-4-Olympic_Affiche-Format-uni_Web_FAR2023-6-212x300.jpg 212w, https:\/\/www.allersretoursasso.fr\/wp-content\/uploads\/2023\/01\/10-4-Olympic_Affiche-Format-uni_Web_FAR2023-6-768x1086.jpg 768w, https:\/\/www.allersretoursasso.fr\/wp-content\/uploads\/2023\/01\/10-4-Olympic_Affiche-Format-uni_Web_FAR2023-6-350x495.jpg 350w, https:\/\/www.allersretoursasso.fr\/wp-content\/uploads\/2023\/01\/10-4-Olympic_Affiche-Format-uni_Web_FAR2023-6.jpg 842w\" sizes=\"(max-width: 724px) 100vw, 724px\" \/><\/figure><div class=\"wp-block-media-text__content\">\n<div class=\"wp-block-group is-layout-flow wp-block-group-is-layout-flow\"><div class=\"wp-block-group__inner-container\">\n<div class=\"wp-block-group is-vertical is-layout-flex wp-container-core-group-layout-4 wp-block-group-is-layout-flex\">\n<div class=\"wp-block-group is-layout-flow wp-block-group-is-layout-flow\"><div class=\"wp-block-group__inner-container\">\n<div class=\"wp-block-group is-layout-flow wp-block-group-is-layout-flow\"><div class=\"wp-block-group__inner-container\">\n<div class=\"wp-block-group is-layout-flow wp-block-group-is-layout-flow\"><div class=\"wp-block-group__inner-container\">\n<p><\/p>\n\n\n\n<p style=\"font-size:30px;font-style:normal;font-weight:500\"><em>\u8c79\u4eba<\/em><\/p>\n\n\n\n<p style=\"font-size:30px;font-style:normal;font-weight:500\">\u8c79\u4eba<\/p>\n\n\n\n<p class=\"has-medium-font-size\">ZHU Xin<\/p>\n\n\n\n<p class=\"has-medium-font-size\">\u795d\u65b0<\/p>\n\n\n\n<p class=\"has-small-font-size\">\u00c9dition : <a rel=\"noreferrer noopener\" href=\"https:\/\/www.allersretoursasso.fr\/zh\/coming-of-age-2022\/\" data-type=\"URL\" data-id=\"https:\/\/www.allersretoursasso.fr\/coming-of-age-2022\/\" target=\"_blank\"><\/a><a href=\"https:\/\/www.allersretoursasso.fr\/zh\/annee-festival-2023\/\">Festival Allers Retours 2023<\/a><\/p>\n\n\n\n<p style=\"font-size:10px\"><\/p>\n<\/div><\/div>\n\n\n\n<p class=\"has-text-align-center\"><\/p>\n\n\n\n<p class=\"has-text-align-left\" style=\"font-size:15px\"><\/p>\n<\/div><\/div>\n<\/div><\/div>\n<\/div>\n<\/div><\/div>\n<\/div><\/div>\n\n\n\n<h2 class=\"wp-block-heading\"><\/h2>\n\n\n\n<p class=\"has-text-align-center\" style=\"font-size:15px\"><em>2022 \/ 30\u2019 \/ \u4e2d\u6587 \/ \u539f\u58f0\u6cd5\u8bed\u5b57\u5e55 \/ \u5267\u60c5<\/em><br><em>2022 \/ 30\u2019 \/ \u4e2d\u6587 \/ \u539f\u58f0\u6cd5\u8bed\u5b57\u5e55 \/ \u5267\u60c5<\/em><\/p>\n\n\n\n<p>\u6539\u7f16\u81ea\u79d1\u5e7b\u4f5c\u5bb6\u738b\u664b\u5eb7\u7684\u540c\u540d\u79d1\u5e7b\u5c0f\u8bf4\u3002\u5f71\u7247\u67b6\u8bbe\u5728\u8fd1\u672a\u6765\uff0c\u79d1\u6280\u548c\u533b\u5b66\u7684\u53d1\u8fbe\u4f7f\u5f97\u4eba\u7c7b\u7684\u8eab\u4f53\u5df2\u7ecf\u6ca1\u6709\u79d8\u5bc6\uff0c\u4f46\u7259\u4e70\u52a0\u77ed\u8dd1\u660e\u661f\u9c8d\u5a01\u5c14\u572850\u591a\u5e74\u524d\u521b\u9020\u7684\u4e16\u754c\u7eaa\u5f55\u4e00\u76f4\u672a\u88ab\u6253\u7834\u300223\u5c81\u7684\u8fd0\u52a8\u5458\u9a6c\u62c9\u6b63\u5728\u52aa\u529b\u5907\u6218\u4e0b\u4e00\u5c4a\u3001\u4e5f\u53ef\u80fd\u662f\u4eba\u7c7b\u5386\u53f2\u4e0a\u6700\u540e\u4e00\u5c4a\u4e16\u6807\u8d5b\u3002\u4e0e\u6b64\u540c\u65f6\uff0c\u4ed6\u81ea\u5df1\u4e5f\u9677\u5165\u4e86\u4fe1\u4ef0\u7684\u5371\u673a\u3002\u00a0<\/p>\n\n\n\n<p class=\" translation-block\"><em>\u795d\u65b0\u901a\u8fc7\u300a\u8c79\u4eba\u300b\uff0c\u5c1d\u8bd5\u63a2\u7d22\u4fe1\u4ef0\u3001\u81ea\u4fe1\u548c\u96c6\u4f53\u610f\u8bc6\u4e2d\u590d\u6742\u5f97\u5fc3\u7406\u673a\u5236\u3002\u5f71\u7247\u7684\u529b\u91cf\u5728\u4e8e\uff0c\u5bfc\u6f14\u4ec5\u4ec5\u901a\u8fc7\u4e00\u4e2a\u975e\u5e38\u6709\u5f20\u529b\u7684\u5355\u4e00\u573a\u666f\u6765\u523b\u753b\u5e74\u8f7b\u4e3b\u4eba\u516c\u7684\u590d\u6742\u60c5\u611f\u3002<\/em><\/p>\n\n\n\n<p>\u6539\u7f16\u81ea\u79d1\u5e7b\u4f5c\u5bb6\u738b\u664b\u5eb7\u7684\u540c\u540d\u79d1\u5e7b\u5c0f\u8bf4\u3002\u5f71\u7247\u67b6\u8bbe\u5728\u8fd1\u672a\u6765\uff0c\u79d1\u6280\u548c\u533b\u5b66\u7684\u53d1\u8fbe\u4f7f\u5f97\u4eba\u7c7b\u7684\u8eab\u4f53\u5df2\u7ecf\u6ca1\u6709\u79d8\u5bc6\uff0c\u4f46\u7259\u4e70\u52a0\u77ed\u8dd1\u660e\u661f\u9c8d\u5a01\u5c14\u572850\u591a\u5e74\u524d\u521b\u9020\u7684\u4e16\u754c\u7eaa\u5f55\u4e00\u76f4\u672a\u88ab\u6253\u7834\u300223\u5c81\u7684\u8fd0\u52a8\u5458\u9a6c\u62c9\u6b63\u5728\u52aa\u529b\u5907\u6218\u4e0b\u4e00\u5c4a\u3001\u4e5f\u53ef\u80fd\u662f\u4eba\u7c7b\u5386\u53f2\u4e0a\u6700\u540e\u4e00\u5c4a\u4e16\u6807\u8d5b\u3002\u4e0e\u6b64\u540c\u65f6\uff0c\u4ed6\u81ea\u5df1\u4e5f\u9677\u5165\u4e86\u4fe1\u4ef0\u7684\u5371\u673a\u3002&nbsp;<\/p>\n\n\n\n<p><em>\u795d\u65b0\u901a\u8fc7\u300a\u8c79\u4eba\u300b\uff0c\u5c1d\u8bd5\u63a2\u7d22\u4fe1\u4ef0\u3001\u81ea\u4fe1\u548c\u96c6\u4f53\u610f\u8bc6\u4e2d\u590d\u6742\u5f97\u5fc3\u7406\u673a\u5236\u3002\u5f71\u7247\u7684\u529b\u91cf\u5728\u4e8e\uff0c\u5bfc\u6f14\u4ec5\u4ec5\u901a\u8fc7\u4e00\u4e2a\u975e\u5e38\u6709\u5f20\u529b\u7684\u5355\u4e00\u573a\u666f\u6765\u523b\u753b\u5e74\u8f7b\u4e3b\u4eba\u516c\u7684\u590d\u6742\u60c5\u611f\u3002<\/em><\/p>\n\n\n\n<p><mark style=\"background-color:rgba(0, 0, 0, 0)\" class=\"has-inline-color has-white-color\">000000<\/mark><\/p>\n\n\n\n<div class=\"wp-block-columns is-layout-flex wp-container-core-columns-layout-1 wp-block-columns-is-layout-flex\">\n<div class=\"wp-block-column is-layout-flow wp-block-column-is-layout-flow\" style=\"flex-basis:100%\">\n<div class=\"wp-block-group is-layout-flow wp-block-group-is-layout-flow\"><div class=\"wp-block-group__inner-container\">\n<figure class=\"wp-block-gallery has-nested-images columns-default is-cropped wp-block-gallery-1 is-layout-flex wp-block-gallery-is-layout-flex\">\n<figure class=\"wp-block-image size-large\"><img loading=\"lazy\" decoding=\"async\" width=\"1024\" height=\"683\" src=\"https:\/\/www.allersretoursasso.fr\/wp-content\/uploads\/2023\/01\/Copie-de-1-1024x683.png\" alt=\"\" class=\"wp-image-2922\" srcset=\"https:\/\/www.allersretoursasso.fr\/wp-content\/uploads\/2023\/01\/Copie-de-1-1024x683.png 1024w, https:\/\/www.allersretoursasso.fr\/wp-content\/uploads\/2023\/01\/Copie-de-1-300x200.png 300w, https:\/\/www.allersretoursasso.fr\/wp-content\/uploads\/2023\/01\/Copie-de-1-768x512.png 768w, https:\/\/www.allersretoursasso.fr\/wp-content\/uploads\/2023\/01\/Copie-de-1-1536x1025.png 1536w, https:\/\/www.allersretoursasso.fr\/wp-content\/uploads\/2023\/01\/Copie-de-1-350x233.png 350w, https:\/\/www.allersretoursasso.fr\/wp-content\/uploads\/2023\/01\/Copie-de-1-272x182.png 272w, https:\/\/www.allersretoursasso.fr\/wp-content\/uploads\/2023\/01\/Copie-de-1.png 2048w\" sizes=\"(max-width: 767px) 89vw, (max-width: 1000px) 54vw, (max-width: 1071px) 543px, 580px\" \/><\/figure>\n\n\n\n<figure class=\"wp-block-image size-large\"><img loading=\"lazy\" decoding=\"async\" width=\"1024\" height=\"683\" src=\"https:\/\/www.allersretoursasso.fr\/wp-content\/uploads\/2023\/01\/Copie-de-3-1024x683.png\" alt=\"\" class=\"wp-image-2923\" srcset=\"https:\/\/www.allersretoursasso.fr\/wp-content\/uploads\/2023\/01\/Copie-de-3-1024x683.png 1024w, https:\/\/www.allersretoursasso.fr\/wp-content\/uploads\/2023\/01\/Copie-de-3-300x200.png 300w, https:\/\/www.allersretoursasso.fr\/wp-content\/uploads\/2023\/01\/Copie-de-3-768x512.png 768w, https:\/\/www.allersretoursasso.fr\/wp-content\/uploads\/2023\/01\/Copie-de-3-1536x1025.png 1536w, https:\/\/www.allersretoursasso.fr\/wp-content\/uploads\/2023\/01\/Copie-de-3-350x233.png 350w, https:\/\/www.allersretoursasso.fr\/wp-content\/uploads\/2023\/01\/Copie-de-3-272x182.png 272w, https:\/\/www.allersretoursasso.fr\/wp-content\/uploads\/2023\/01\/Copie-de-3.png 2048w\" sizes=\"(max-width: 767px) 89vw, (max-width: 1000px) 54vw, (max-width: 1071px) 543px, 580px\" \/><\/figure>\n<\/figure>\n<\/div><\/div>\n\n\n\n<figure class=\"wp-block-gallery has-nested-images columns-default is-cropped wp-block-gallery-2 is-layout-flex wp-block-gallery-is-layout-flex\">\n<figure class=\"wp-block-image size-large\"><img loading=\"lazy\" decoding=\"async\" width=\"1024\" height=\"683\" src=\"https:\/\/www.allersretoursasso.fr\/wp-content\/uploads\/2023\/01\/Copie-de-5-1024x683.png\" alt=\"\" class=\"wp-image-2924\" srcset=\"https:\/\/www.allersretoursasso.fr\/wp-content\/uploads\/2023\/01\/Copie-de-5-1024x683.png 1024w, https:\/\/www.allersretoursasso.fr\/wp-content\/uploads\/2023\/01\/Copie-de-5-300x200.png 300w, https:\/\/www.allersretoursasso.fr\/wp-content\/uploads\/2023\/01\/Copie-de-5-768x512.png 768w, https:\/\/www.allersretoursasso.fr\/wp-content\/uploads\/2023\/01\/Copie-de-5-1536x1025.png 1536w, https:\/\/www.allersretoursasso.fr\/wp-content\/uploads\/2023\/01\/Copie-de-5-350x233.png 350w, https:\/\/www.allersretoursasso.fr\/wp-content\/uploads\/2023\/01\/Copie-de-5-272x182.png 272w, https:\/\/www.allersretoursasso.fr\/wp-content\/uploads\/2023\/01\/Copie-de-5.png 2048w\" sizes=\"(max-width: 767px) 89vw, (max-width: 1000px) 54vw, (max-width: 1071px) 543px, 580px\" \/><\/figure>\n<\/figure>\n<\/div>\n<\/div>\n\n\n\n<figure class=\"wp-block-embed is-type-video is-provider-youtube wp-block-embed-youtube wp-embed-aspect-16-9 wp-has-aspect-ratio\"><div class=\"wp-block-embed__wrapper\">\n<iframe loading=\"lazy\" title=\"Olympic - ZHU Xin - Bande-annonce\" width=\"525\" height=\"295\" src=\"https:\/\/www.youtube.com\/embed\/g9_rSsf6bkU?feature=oembed\" frameborder=\"0\" allow=\"accelerometer; autoplay; clipboard-write; encrypted-media; gyroscope; picture-in-picture; web-share\" allowfullscreen><\/iframe>\n<\/div><\/figure>\n\n\n\n<div class=\"wp-block-group is-vertical is-content-justification-center is-layout-flex wp-container-core-group-layout-7 wp-block-group-is-layout-flex\">\n<p class=\"has-text-align-center\"><strong>dim. 26 mars \u00e0 15h30 au Cin\u00e9ma Lumi\u00e8re Fourmi<\/strong><br>68 rue Pierre Corneille, Lyon 3<\/p>\n\n\n\n<div class=\"wp-block-buttons is-layout-flex wp-block-buttons-is-layout-flex\">\n<div class=\"wp-block-button has-custom-width wp-block-button__width-100 is-style-outline\"><a class=\"wp-block-button__link has-white-background-color has-background wp-element-button\" href=\"https:\/\/www.cinemas-lumiere.com\/programmation\/fourmi\/2023-03-26.html\" target=\"_blank\" rel=\"noreferrer noopener\">\u8d2d\u7968\u94fe\u63a5<\/a><\/div>\n<\/div>\n\n\n\n<p><\/p>\n\n\n\n<p><strong>2\u67085\u65e5 \u661f\u671f\u65e5 13h00 \u4e8e \u5409\u7f8e\u56fd\u7acb\u4e9a\u6d32\u827a\u672f\u535a\u7269\u9986<\/strong><\/p>\n\n\n\n<p class=\"has-text-align-center\"><strong><strong>2\u67086\u65e5 \u661f\u671f\u4e00 18h00 \u4e8e Studio des Ursulines\u5f71\u9662<\/strong><\/strong><\/p>\n\n\n\n<p><strong>2\u67085\u65e5 \u661f\u671f\u65e5 13h00 \u4e8e \u5409\u7f8e\u56fd\u7acb\u4e9a\u6d32\u827a\u672f\u535a\u7269\u9986<\/strong><\/p>\n\n\n\n<p><strong>2\u67086\u65e5 \u661f\u671f\u4e00 18h00 \u4e8e Studio des Ursulines\u5f71\u9662<\/strong><\/p>\n\n\n\n<p><\/p>\n<\/div>\n\n\n\n<div class=\"wp-block-cover is-light\" style=\"min-height:349px\"><span aria-hidden=\"true\" class=\"wp-block-cover__background has-white-background-color has-background-dim\"><\/span><div class=\"wp-block-cover__inner-container is-layout-flow wp-block-cover-is-layout-flow\">\n<div class=\"wp-block-group is-layout-flow wp-block-group-is-layout-flow\"><div class=\"wp-block-group__inner-container\">\n<figure class=\"wp-block-image size-large\"><a href=\"https:\/\/www.allersretoursasso.fr\/zh\/annee-festival-2023\/\"><img loading=\"lazy\" decoding=\"async\" width=\"1024\" height=\"342\" src=\"https:\/\/www.allersretoursasso.fr\/wp-content\/uploads\/2023\/01\/banner-1024x342.png\" alt=\"\" class=\"wp-image-2854\" srcset=\"https:\/\/www.allersretoursasso.fr\/wp-content\/uploads\/2023\/01\/banner-1024x342.png 1024w, https:\/\/www.allersretoursasso.fr\/wp-content\/uploads\/2023\/01\/banner-300x100.png 300w, https:\/\/www.allersretoursasso.fr\/wp-content\/uploads\/2023\/01\/banner-768x256.png 768w, https:\/\/www.allersretoursasso.fr\/wp-content\/uploads\/2023\/01\/banner-1536x512.png 1536w, https:\/\/www.allersretoursasso.fr\/wp-content\/uploads\/2023\/01\/banner-350x117.png 350w, https:\/\/www.allersretoursasso.fr\/wp-content\/uploads\/2023\/01\/banner.png 2000w\" sizes=\"(max-width: 767px) 89vw, (max-width: 1000px) 54vw, (max-width: 1071px) 543px, 580px\" \/><\/a><\/figure>\n<\/div><\/div>\n<\/div><\/div>\n\n\n\n<div class=\"wp-block-group is-layout-flow wp-block-group-is-layout-flow\"><div class=\"wp-block-group__inner-container\">\n<p class=\"has-text-align-center\" style=\"font-size:15px\"><\/p>\n<\/div><\/div>\n\n\n\n<p class=\"has-text-align-center has-white-color has-text-color\" style=\"font-size:15px\"> 19h45 aux Ursuline<\/p>\n\n\n\n<p class=\"has-text-align-center has-white-color has-text-color\" style=\"font-size:15px\">06 octobre \u00e0 19h45 aux Ursulines<\/p>","protected":false},"excerpt":{"rendered":"<p>2022 \/ 30\u2019 \/ Chinois \/ VOSTF \/ Fiction2022 \/ 30\u2019 \/ \u4e2d\u6587 \/ \u539f\u58f0\u6cd5\u8bed\u5b57\u5e55 \/ \u5267\u60c5 En 2064, le record du monde \u00e9tabli par la star jama\u00efcaine Powell, plus de 50 ans auparavant, reste imbattu. Mara, jeune sprinter prodige de 23 ans, apprend que son idole a trich\u00e9 pour devenir l\u2019homme le plus rapide &hellip; <\/p>\n<p class=\"link-more\"><a href=\"https:\/\/www.allersretoursasso.fr\/zh\/festival2023-olympic\/\" class=\"more-link\">\u7ee7\u7eed\u9605\u8bfb<span class=\"screen-reader-text\">\u201cFestival Allers Retours 2023  &#8211;  Olympic\u201d<\/span><\/a><\/p>","protected":false},"author":16,"featured_media":0,"parent":0,"menu_order":0,"comment_status":"closed","ping_status":"closed","template":"","meta":{"footnotes":""},"_links":{"self":[{"href":"https:\/\/www.allersretoursasso.fr\/zh\/wp-json\/wp\/v2\/pages\/2920"}],"collection":[{"href":"https:\/\/www.allersretoursasso.fr\/zh\/wp-json\/wp\/v2\/pages"}],"about":[{"href":"https:\/\/www.allersretoursasso.fr\/zh\/wp-json\/wp\/v2\/types\/page"}],"author":[{"embeddable":true,"href":"https:\/\/www.allersretoursasso.fr\/zh\/wp-json\/wp\/v2\/users\/16"}],"replies":[{"embeddable":true,"href":"https:\/\/www.allersretoursasso.fr\/zh\/wp-json\/wp\/v2\/comments?post=2920"}],"version-history":[{"count":10,"href":"https:\/\/www.allersretoursasso.fr\/zh\/wp-json\/wp\/v2\/pages\/2920\/revisions"}],"predecessor-version":[{"id":5491,"href":"https:\/\/www.allersretoursasso.fr\/zh\/wp-json\/wp\/v2\/pages\/2920\/revisions\/5491"}],"wp:attachment":[{"href":"https:\/\/www.allersretoursasso.fr\/zh\/wp-json\/wp\/v2\/media?parent=2920"}],"curies":[{"name":"wp","href":"https:\/\/api.w.org\/{rel}","templated":true}]}}