{"id":2937,"date":"2023-01-09T16:43:02","date_gmt":"2023-01-09T15:43:02","guid":{"rendered":"https:\/\/www.allersretoursasso.fr\/?page_id=2937"},"modified":"2024-12-07T15:55:41","modified_gmt":"2024-12-07T14:55:41","slug":"festival2023-will-you-look-at-me","status":"publish","type":"page","link":"https:\/\/www.allersretoursasso.fr\/zh\/festival2023-will-you-look-at-me\/","title":{"rendered":"Festival Allers Retours 2023  &#8211;  Will You Look At Me"},"content":{"rendered":"<div id=\"fb-root\"><\/div>\n\n<div class=\"wp-block-media-text alignwide is-stacked-on-mobile\" style=\"grid-template-columns:41% auto\"><figure class=\"wp-block-media-text__media\"><img loading=\"lazy\" decoding=\"async\" width=\"724\" height=\"1024\" src=\"https:\/\/www.allersretoursasso.fr\/wp-content\/uploads\/2023\/01\/10-6-Will-You-Look-At-Me_Affiche-Format-uni_Web_FAR2023-2-724x1024.jpg\" alt=\"\" class=\"wp-image-3213 size-full\" srcset=\"https:\/\/www.allersretoursasso.fr\/wp-content\/uploads\/2023\/01\/10-6-Will-You-Look-At-Me_Affiche-Format-uni_Web_FAR2023-2-724x1024.jpg 724w, https:\/\/www.allersretoursasso.fr\/wp-content\/uploads\/2023\/01\/10-6-Will-You-Look-At-Me_Affiche-Format-uni_Web_FAR2023-2-212x300.jpg 212w, https:\/\/www.allersretoursasso.fr\/wp-content\/uploads\/2023\/01\/10-6-Will-You-Look-At-Me_Affiche-Format-uni_Web_FAR2023-2-768x1086.jpg 768w, https:\/\/www.allersretoursasso.fr\/wp-content\/uploads\/2023\/01\/10-6-Will-You-Look-At-Me_Affiche-Format-uni_Web_FAR2023-2-8x12.jpg 8w, https:\/\/www.allersretoursasso.fr\/wp-content\/uploads\/2023\/01\/10-6-Will-You-Look-At-Me_Affiche-Format-uni_Web_FAR2023-2-350x495.jpg 350w, https:\/\/www.allersretoursasso.fr\/wp-content\/uploads\/2023\/01\/10-6-Will-You-Look-At-Me_Affiche-Format-uni_Web_FAR2023-2.jpg 842w\" sizes=\"(max-width: 724px) 100vw, 724px\" \/><\/figure><div class=\"wp-block-media-text__content\">\n<div class=\"wp-block-group is-layout-flow wp-block-group-is-layout-flow\"><div class=\"wp-block-group__inner-container\">\n<div class=\"wp-block-group is-vertical is-layout-flex wp-container-core-group-layout-4 wp-block-group-is-layout-flex\">\n<div class=\"wp-block-group is-layout-flow wp-block-group-is-layout-flow\"><div class=\"wp-block-group__inner-container\">\n<div class=\"wp-block-group is-layout-flow wp-block-group-is-layout-flow\"><div class=\"wp-block-group__inner-container\">\n<div class=\"wp-block-group is-layout-flow wp-block-group-is-layout-flow\"><div class=\"wp-block-group__inner-container\">\n<p><\/p>\n\n\n\n<p style=\"font-size:30px;font-style:normal;font-weight:500\"><em>\u5f53\u6211\u671b\u5411\u4f60\u7684\u65f6\u5019<\/em><\/p>\n\n\n\n<p style=\"font-size:30px;font-style:normal;font-weight:500\">\u5f53\u6211\u671b\u5411\u4f60\u7684\u65f6\u5019<\/p>\n\n\n\n<p class=\"has-medium-font-size\">HUANG Shuli<\/p>\n\n\n\n<p class=\"has-medium-font-size\">\u9ec4\u6811\u7acb<\/p>\n\n\n\n<p class=\"has-small-font-size\">\u00c9dition : <a href=\"https:\/\/www.allersretoursasso.fr\/zh\/annee-festival-2023\/\">Festival Allers Retours 2023<\/a><\/p>\n\n\n\n<p style=\"font-size:10px\"><\/p>\n<\/div><\/div>\n\n\n\n<p class=\"has-text-align-center\"><\/p>\n\n\n\n<p class=\"has-text-align-left\" style=\"font-size:15px\"><\/p>\n<\/div><\/div>\n<\/div><\/div>\n<\/div>\n<\/div><\/div>\n<\/div><\/div>\n\n\n\n<h2 class=\"wp-block-heading\"><\/h2>\n\n\n\n<p class=\"has-text-align-center\" style=\"font-size:15px\"><em>2019 \/ 20\u2019 \/ \u4e2d\u6587 \/ \u539f\u58f0\u6cd5\u8bed\u5b57\u5e55 \/ \u7eaa\u5f55<\/em><br><em>2019 \/ 20\u2019 \/ \u4e2d\u6587 \/ \u539f\u58f0\u6cd5\u8bed\u5b57\u5e55 \/ \u7eaa\u5f55<\/em><\/p>\n\n\n\n<p>\u4e00\u5219\u5bfc\u6f14\u63a2\u8be2\u5185\u5fc3\u6df1\u5904\u7684\u79c1\u5bc6\u5f71\u50cf\u65e5\u8bb0\uff0c\u65f6\u5e8f\u56de\u5230\u521d\u4e2d\uff0c\u6697\u5730\u4e0e\u6210\u5e74\u7537\u5b50\u7ea6\u4f1a\u5374\u610f\u5916\u88ab\u6bcd\u4eb2\u53d1\u73b0\uff0c\u6bcd\u5b50\u4e24\u4eba\u4ece\u6b64\u6d3b\u5728\u6cb8\u817e\u7684\u6c89\u9ed8\u91cc\uff1b\u957f\u5927\u540e\uff0c\u540c\u5c45\u7537\u53cb\u51fa\u56fd\u6df1\u9020\uff0c\u4ed6\u56de\u5230\u5bb6\u4e61\u5bfb\u627e\u81ea\u6211\uff0c\u5728\u4f20\u7edf\u793e\u4f1a\u4ef7\u503c\u4e0e\u8ffd\u6c42\u771f\u5b9e\u81ea\u6211\u4e4b\u95f4\uff0c\u5c55\u5f00\u4e00\u573a\u4e0e\u6bcd\u4eb2\u4e45\u8fdd\u7684\u5bf9\u8bdd\uff0c\u5bfb\u6c42\u63a5\u7eb3\u4e0e\u7231\u7684\u65c5\u9014\u3002<\/p>\n\n\n\n<p class=\" translation-block\"><em>\u300a\u5f53\u6211\u671b\u5411\u4f60\u7684\u65f6\u5019\u300b\u662f\u5e74\u8f7b\u5bfc\u6f14\u9ec4\u6811\u7acb\u6267\u5bfc\u7684\u4e00\u90e8\u77ed\u7247\u4f5c\u54c1\u3002\u5bf9\u4e8e\u90a3\u4e9b\u65e0\u6cd5\u8bc9\u8bf8\u4e8e\u8a00\u8bed\u7684\u601d\u7eea\u548c\u9690\u85cf\u5728\u5fc3\u5e95\u7684\u79d8\u5bc6\uff0c\u955c\u5934\u4e5f\u8bb8\u662f\u6700\u597d\u7684\u51fa\u53e3\u3002<\/em><\/p>\n\n\n\n<p>\u4e00\u5219\u5bfc\u6f14\u63a2\u8be2\u5185\u5fc3\u6df1\u5904\u7684\u79c1\u5bc6\u5f71\u50cf\u65e5\u8bb0\uff0c\u65f6\u5e8f\u56de\u5230\u521d\u4e2d\uff0c\u6697\u5730\u4e0e\u6210\u5e74\u7537\u5b50\u7ea6\u4f1a\u5374\u610f\u5916\u88ab\u6bcd\u4eb2\u53d1\u73b0\uff0c\u6bcd\u5b50\u4e24\u4eba\u4ece\u6b64\u6d3b\u5728\u6cb8\u817e\u7684\u6c89\u9ed8\u91cc\uff1b\u957f\u5927\u540e\uff0c\u540c\u5c45\u7537\u53cb\u51fa\u56fd\u6df1\u9020\uff0c\u4ed6\u56de\u5230\u5bb6\u4e61\u5bfb\u627e\u81ea\u6211\uff0c\u5728\u4f20\u7edf\u793e\u4f1a\u4ef7\u503c\u4e0e\u8ffd\u6c42\u771f\u5b9e\u81ea\u6211\u4e4b\u95f4\uff0c\u5c55\u5f00\u4e00\u573a\u4e0e\u6bcd\u4eb2\u4e45\u8fdd\u7684\u5bf9\u8bdd\uff0c\u5bfb\u6c42\u63a5\u7eb3\u4e0e\u7231\u7684\u65c5\u9014\u3002<\/p>\n\n\n\n<p><em>\u300a\u5f53\u6211\u671b\u5411\u4f60\u7684\u65f6\u5019\u300b\u662f\u5e74\u8f7b\u5bfc\u6f14\u9ec4\u6811\u7acb\u6267\u5bfc\u7684\u4e00\u90e8\u77ed\u7247\u4f5c\u54c1\u3002\u5bf9\u4e8e\u90a3\u4e9b\u65e0\u6cd5\u8bc9\u8bf8\u4e8e\u8a00\u8bed\u7684\u601d\u7eea\u548c\u9690\u85cf\u5728\u5fc3\u5e95\u7684\u79d8\u5bc6\uff0c\u955c\u5934\u4e5f\u8bb8\u662f\u6700\u597d\u7684\u51fa\u53e3\u3002<\/em><\/p>\n\n\n\n<p><mark style=\"background-color:rgba(0, 0, 0, 0)\" class=\"has-inline-color has-white-color\">000000<\/mark><\/p>\n\n\n\n<div class=\"wp-block-columns is-layout-flex wp-container-core-columns-layout-1 wp-block-columns-is-layout-flex\">\n<div class=\"wp-block-column is-layout-flow wp-block-column-is-layout-flow\" style=\"flex-basis:100%\">\n<div class=\"wp-block-group is-layout-flow wp-block-group-is-layout-flow\"><div class=\"wp-block-group__inner-container\">\n<figure class=\"wp-block-gallery has-nested-images columns-default is-cropped wp-block-gallery-1 is-layout-flex wp-block-gallery-is-layout-flex\">\n<figure class=\"wp-block-image size-large\"><img loading=\"lazy\" decoding=\"async\" width=\"1024\" height=\"576\" src=\"https:\/\/www.allersretoursasso.fr\/wp-content\/uploads\/2023\/01\/Will_You_Look_At_Me_Still_1-1-1024x576.jpg\" alt=\"\" class=\"wp-image-2940\" srcset=\"https:\/\/www.allersretoursasso.fr\/wp-content\/uploads\/2023\/01\/Will_You_Look_At_Me_Still_1-1-1024x576.jpg 1024w, https:\/\/www.allersretoursasso.fr\/wp-content\/uploads\/2023\/01\/Will_You_Look_At_Me_Still_1-1-300x169.jpg 300w, https:\/\/www.allersretoursasso.fr\/wp-content\/uploads\/2023\/01\/Will_You_Look_At_Me_Still_1-1-768x432.jpg 768w, https:\/\/www.allersretoursasso.fr\/wp-content\/uploads\/2023\/01\/Will_You_Look_At_Me_Still_1-1-1536x864.jpg 1536w, https:\/\/www.allersretoursasso.fr\/wp-content\/uploads\/2023\/01\/Will_You_Look_At_Me_Still_1-1-350x197.jpg 350w, https:\/\/www.allersretoursasso.fr\/wp-content\/uploads\/2023\/01\/Will_You_Look_At_Me_Still_1-1.jpg 1920w\" sizes=\"(max-width: 767px) 89vw, (max-width: 1000px) 54vw, (max-width: 1071px) 543px, 580px\" \/><\/figure>\n\n\n\n<figure class=\"wp-block-image size-large\"><img loading=\"lazy\" decoding=\"async\" width=\"1024\" height=\"738\" src=\"https:\/\/www.allersretoursasso.fr\/wp-content\/uploads\/2023\/01\/Will_You_Look_At_Me_Still_4R-1024x738.jpg\" alt=\"\" class=\"wp-image-2941\" srcset=\"https:\/\/www.allersretoursasso.fr\/wp-content\/uploads\/2023\/01\/Will_You_Look_At_Me_Still_4R-1024x738.jpg 1024w, https:\/\/www.allersretoursasso.fr\/wp-content\/uploads\/2023\/01\/Will_You_Look_At_Me_Still_4R-300x216.jpg 300w, https:\/\/www.allersretoursasso.fr\/wp-content\/uploads\/2023\/01\/Will_You_Look_At_Me_Still_4R-768x554.jpg 768w, https:\/\/www.allersretoursasso.fr\/wp-content\/uploads\/2023\/01\/Will_You_Look_At_Me_Still_4R-1536x1107.jpg 1536w, https:\/\/www.allersretoursasso.fr\/wp-content\/uploads\/2023\/01\/Will_You_Look_At_Me_Still_4R-2048x1477.jpg 2048w, https:\/\/www.allersretoursasso.fr\/wp-content\/uploads\/2023\/01\/Will_You_Look_At_Me_Still_4R-350x252.jpg 350w\" sizes=\"(max-width: 767px) 89vw, (max-width: 1000px) 54vw, (max-width: 1071px) 543px, 580px\" \/><\/figure>\n<\/figure>\n<\/div><\/div>\n\n\n\n<figure class=\"wp-block-gallery has-nested-images columns-default is-cropped wp-block-gallery-2 is-layout-flex wp-block-gallery-is-layout-flex\">\n<figure class=\"wp-block-image size-large\"><img loading=\"lazy\" decoding=\"async\" width=\"1024\" height=\"737\" src=\"https:\/\/www.allersretoursasso.fr\/wp-content\/uploads\/2023\/01\/Will_You_Look_At_Me_Still_6R-1-1024x737.jpg\" alt=\"\" class=\"wp-image-2942\" srcset=\"https:\/\/www.allersretoursasso.fr\/wp-content\/uploads\/2023\/01\/Will_You_Look_At_Me_Still_6R-1-1024x737.jpg 1024w, https:\/\/www.allersretoursasso.fr\/wp-content\/uploads\/2023\/01\/Will_You_Look_At_Me_Still_6R-1-300x216.jpg 300w, https:\/\/www.allersretoursasso.fr\/wp-content\/uploads\/2023\/01\/Will_You_Look_At_Me_Still_6R-1-768x553.jpg 768w, https:\/\/www.allersretoursasso.fr\/wp-content\/uploads\/2023\/01\/Will_You_Look_At_Me_Still_6R-1-1536x1106.jpg 1536w, https:\/\/www.allersretoursasso.fr\/wp-content\/uploads\/2023\/01\/Will_You_Look_At_Me_Still_6R-1-2048x1475.jpg 2048w, https:\/\/www.allersretoursasso.fr\/wp-content\/uploads\/2023\/01\/Will_You_Look_At_Me_Still_6R-1-350x252.jpg 350w\" sizes=\"(max-width: 767px) 89vw, (max-width: 1000px) 54vw, (max-width: 1071px) 543px, 580px\" \/><\/figure>\n<\/figure>\n<\/div>\n<\/div>\n\n\n\n<figure class=\"wp-block-embed is-type-video is-provider-youtube wp-block-embed-youtube wp-embed-aspect-4-3 wp-has-aspect-ratio\"><div class=\"wp-block-embed__wrapper\">\n<iframe loading=\"lazy\" title=\"Will You Look At Me - HUANG Shuli - Bande-annonce\" width=\"525\" height=\"394\" src=\"https:\/\/www.youtube.com\/embed\/FJoXppYwsXY?feature=oembed\" frameborder=\"0\" allow=\"accelerometer; autoplay; clipboard-write; encrypted-media; gyroscope; picture-in-picture; web-share\" allowfullscreen><\/iframe>\n<\/div><\/figure>\n\n\n\n<p class=\"has-text-align-center\"><strong>dim. 26 mars \u00e0 15h30 au Cin\u00e9ma Lumi\u00e8re Fourmi<\/strong><br>68 rue Pierre Corneille, Lyon 3<\/p>\n\n\n\n<div class=\"wp-block-group is-vertical is-content-justification-center is-layout-flex wp-container-core-group-layout-7 wp-block-group-is-layout-flex\">\n<div class=\"wp-block-buttons is-layout-flex wp-block-buttons-is-layout-flex\">\n<div class=\"wp-block-button has-custom-width wp-block-button__width-100 is-style-outline\"><a class=\"wp-block-button__link has-white-background-color has-background wp-element-button\" href=\"https:\/\/www.cinemas-lumiere.com\/programmation\/fourmi\/2023-03-26.html\" target=\"_blank\" rel=\"noreferrer noopener\">\u8d2d\u7968\u94fe\u63a5<\/a><\/div>\n<\/div>\n<\/div>\n\n\n\n<div class=\"wp-block-group is-vertical is-content-justification-center is-layout-flex wp-container-core-group-layout-8 wp-block-group-is-layout-flex\">\n<p><strong>2\u67085\u65e5 \u661f\u671f\u65e5 13h00 \u4e8e \u5409\u7f8e\u56fd\u7acb\u4e9a\u6d32\u827a\u672f\u535a\u7269\u9986<\/strong><\/p>\n\n\n\n<p class=\"has-text-align-center\"><strong><strong>2\u67086\u65e5 \u661f\u671f\u4e00 18h00 \u4e8e Studio des Ursulines\u5f71\u9662<\/strong><\/strong><\/p>\n\n\n\n<p><strong>2\u67085\u65e5 \u661f\u671f\u65e5 13h00 \u4e8e \u5409\u7f8e\u56fd\u7acb\u4e9a\u6d32\u827a\u672f\u535a\u7269\u9986<\/strong><\/p>\n\n\n\n<p><strong>2\u67086\u65e5 \u661f\u671f\u4e00 18h00 \u4e8e Studio des Ursulines\u5f71\u9662<\/strong><\/p>\n<\/div>\n\n\n\n<div class=\"wp-block-cover is-light\" style=\"min-height:349px\"><span aria-hidden=\"true\" class=\"wp-block-cover__background has-white-background-color has-background-dim\"><\/span><div class=\"wp-block-cover__inner-container is-layout-flow wp-block-cover-is-layout-flow\">\n<div class=\"wp-block-group is-layout-flow wp-block-group-is-layout-flow\"><div class=\"wp-block-group__inner-container\">\n<figure class=\"wp-block-image size-large\"><a href=\"https:\/\/www.allersretoursasso.fr\/zh\/annee-festival-2023\/\"><img loading=\"lazy\" decoding=\"async\" width=\"1024\" height=\"342\" src=\"https:\/\/www.allersretoursasso.fr\/wp-content\/uploads\/2023\/01\/banner-1024x342.png\" alt=\"\" class=\"wp-image-2854\" srcset=\"https:\/\/www.allersretoursasso.fr\/wp-content\/uploads\/2023\/01\/banner-1024x342.png 1024w, https:\/\/www.allersretoursasso.fr\/wp-content\/uploads\/2023\/01\/banner-300x100.png 300w, https:\/\/www.allersretoursasso.fr\/wp-content\/uploads\/2023\/01\/banner-768x256.png 768w, https:\/\/www.allersretoursasso.fr\/wp-content\/uploads\/2023\/01\/banner-1536x512.png 1536w, https:\/\/www.allersretoursasso.fr\/wp-content\/uploads\/2023\/01\/banner-350x117.png 350w, https:\/\/www.allersretoursasso.fr\/wp-content\/uploads\/2023\/01\/banner.png 2000w\" sizes=\"(max-width: 767px) 89vw, (max-width: 1000px) 54vw, (max-width: 1071px) 543px, 580px\" \/><\/a><\/figure>\n<\/div><\/div>\n<\/div><\/div>\n\n\n\n<div class=\"wp-block-group is-layout-flow wp-block-group-is-layout-flow\"><div class=\"wp-block-group__inner-container\">\n<p class=\"has-text-align-center\" style=\"font-size:15px\"><\/p>\n<\/div><\/div>\n\n\n\n<p class=\"has-text-align-center has-white-color has-text-color\" style=\"font-size:15px\"> 19h45 aux Ursuline<\/p>\n\n\n\n<p class=\"has-text-align-center has-white-color has-text-color\" style=\"font-size:15px\">06 octobre \u00e0 19h45 aux Ursulines<\/p>","protected":false},"excerpt":{"rendered":"<p>2022 \/ 20\u2019 \/ Chinois \/ VOSTF \/ Documentaire2019 \/ 20\u2019 \/ \u4e2d\u6587 \/ \u539f\u58f0\u6cd5\u8bed\u5b57\u5e55 \/ \u7eaa\u5f55 Un jeune cin\u00e9aste chinois entame un voyage introspectif en revenant dans sa ville natale. \u00c0 cette occasion, une conversation longtemps diff\u00e9r\u00e9e avec sa m\u00e8re les plonge tous deux dans une qu\u00eate d\u2019acceptation et d\u2019amour. \u00c0 travers ces images &hellip; <\/p>\n<p class=\"link-more\"><a href=\"https:\/\/www.allersretoursasso.fr\/zh\/festival2023-will-you-look-at-me\/\" class=\"more-link\">\u7ee7\u7eed\u9605\u8bfb<span class=\"screen-reader-text\">\u201cFestival Allers Retours 2023  &#8211;  Will You Look At Me\u201d<\/span><\/a><\/p>","protected":false},"author":16,"featured_media":0,"parent":0,"menu_order":0,"comment_status":"closed","ping_status":"closed","template":"","meta":{"footnotes":""},"_links":{"self":[{"href":"https:\/\/www.allersretoursasso.fr\/zh\/wp-json\/wp\/v2\/pages\/2937"}],"collection":[{"href":"https:\/\/www.allersretoursasso.fr\/zh\/wp-json\/wp\/v2\/pages"}],"about":[{"href":"https:\/\/www.allersretoursasso.fr\/zh\/wp-json\/wp\/v2\/types\/page"}],"author":[{"embeddable":true,"href":"https:\/\/www.allersretoursasso.fr\/zh\/wp-json\/wp\/v2\/users\/16"}],"replies":[{"embeddable":true,"href":"https:\/\/www.allersretoursasso.fr\/zh\/wp-json\/wp\/v2\/comments?post=2937"}],"version-history":[{"count":12,"href":"https:\/\/www.allersretoursasso.fr\/zh\/wp-json\/wp\/v2\/pages\/2937\/revisions"}],"predecessor-version":[{"id":5493,"href":"https:\/\/www.allersretoursasso.fr\/zh\/wp-json\/wp\/v2\/pages\/2937\/revisions\/5493"}],"wp:attachment":[{"href":"https:\/\/www.allersretoursasso.fr\/zh\/wp-json\/wp\/v2\/media?parent=2937"}],"curies":[{"name":"wp","href":"https:\/\/api.w.org\/{rel}","templated":true}]}}