{"id":3759,"date":"2023-08-26T17:57:40","date_gmt":"2023-08-26T15:57:40","guid":{"rendered":"https:\/\/www.allersretoursasso.fr\/?page_id=3759"},"modified":"2023-09-06T23:27:53","modified_gmt":"2023-09-06T21:27:53","slug":"coming-of-age-2023-daughter-and-son","status":"publish","type":"page","link":"https:\/\/www.allersretoursasso.fr\/zh\/coming-of-age-2023-daughter-and-son\/","title":{"rendered":"Coming of Age 2023  &#8211; Daughter and Son"},"content":{"rendered":"<div id=\"fb-root\"><\/div>\n\n<div class=\"wp-block-media-text alignwide is-stacked-on-mobile\" style=\"grid-template-columns:41% auto\"><figure class=\"wp-block-media-text__media\"><img loading=\"lazy\" decoding=\"async\" width=\"683\" height=\"1024\" src=\"https:\/\/www.allersretoursasso.fr\/wp-content\/uploads\/2023\/08\/01-Daughter-and-Son-\u4eb2\u5bc6-683x1024.jpg\" alt=\"\" class=\"wp-image-3769 size-full\" srcset=\"https:\/\/www.allersretoursasso.fr\/wp-content\/uploads\/2023\/08\/01-Daughter-and-Son-\u4eb2\u5bc6-683x1024.jpg 683w, https:\/\/www.allersretoursasso.fr\/wp-content\/uploads\/2023\/08\/01-Daughter-and-Son-\u4eb2\u5bc6-200x300.jpg 200w, https:\/\/www.allersretoursasso.fr\/wp-content\/uploads\/2023\/08\/01-Daughter-and-Son-\u4eb2\u5bc6-768x1152.jpg 768w, https:\/\/www.allersretoursasso.fr\/wp-content\/uploads\/2023\/08\/01-Daughter-and-Son-\u4eb2\u5bc6-1024x1536.jpg 1024w, https:\/\/www.allersretoursasso.fr\/wp-content\/uploads\/2023\/08\/01-Daughter-and-Son-\u4eb2\u5bc6-scaled.jpg 1706w\" sizes=\"(max-width: 683px) 100vw, 683px\" \/><\/figure><div class=\"wp-block-media-text__content\">\n<div class=\"wp-block-group is-layout-flow wp-block-group-is-layout-flow\"><div class=\"wp-block-group__inner-container\">\n<div class=\"wp-block-group is-vertical is-layout-flex wp-container-core-group-layout-4 wp-block-group-is-layout-flex\">\n<div class=\"wp-block-group is-layout-flow wp-block-group-is-layout-flow\"><div class=\"wp-block-group__inner-container\">\n<div class=\"wp-block-group is-layout-flow wp-block-group-is-layout-flow\"><div class=\"wp-block-group__inner-container\">\n<div class=\"wp-block-group is-layout-flow wp-block-group-is-layout-flow\"><div class=\"wp-block-group__inner-container\">\n<p><\/p>\n\n\n\n<p style=\"font-size:30px;font-style:normal;font-weight:500\"><em><span style=\"font-weight: 400\"><strong>Daughter and Son&nbsp;<\/strong><\/span><\/em><\/p>\n\n\n\n<p style=\"font-size:30px;font-style:normal;font-weight:500\">\u4eb2\u5bc6<\/p>\n\n\n\n<p class=\"has-medium-font-size\"><span style=\"font-weight: 400\">CHENG Yu <\/span><\/p>\n\n\n\n<p class=\"has-medium-font-size\">\u7a0b\u5b87<\/p>\n\n\n\n<p class=\"has-small-font-size\"><a href=\"https:\/\/www.allersretoursasso.fr\/zh\/coming-of-age-2023\/\" target=\"_blank\" rel=\"noreferrer noopener\">\u00c9dition : Coming of Age 2023<\/a><\/p>\n\n\n\n<p style=\"font-size:10px\"><\/p>\n<\/div><\/div>\n\n\n\n<p class=\"has-text-align-center\"><\/p>\n\n\n\n<p class=\"has-text-align-left\" style=\"font-size:15px\"><\/p>\n<\/div><\/div>\n<\/div><\/div>\n<\/div>\n<\/div><\/div>\n<\/div><\/div>\n\n\n\n<h2 class=\"wp-block-heading\"><\/h2>\n\n\n\n<p class=\"has-text-align-center has-small-font-size\"><em>2023 \/ 30\u2019 \/ Mandarin \/ VOSTF \/ Fiction<\/em><\/p>\n\n\n\n<p class=\"has-text-align-center has-small-font-size\">2022 \/ 30\u2019 \/ \u666e\u901a\u8bdd \/ \u539f\u58f0\u6cd5\u8bed\u5b57\u5e55 \/ \u5267\u60c5<\/p>\n\n\n\n<p class=\"has-text-align-center has-small-font-size\"><em>S\u00e9lectionn\u00e9 au Berlinale Shorts 2023<\/em><\/p>\n\n\n\n<p class=\"has-text-align-center has-small-font-size\">\u7b2c73\u5c4a\u67cf\u6797\u7535\u5f71\u8282\u4e3b\u7ade\u8d5b\u5355\u5143\u6700\u4f73\u77ed\u7247\u63d0\u540d<\/p>\n\n\n\n<p class=\"has-text-align-left\" style=\"font-size:16px;line-height:1.5\">Sachiko et Ming vivent ensemble. Chaque jour, ils endossent diff\u00e9rents r\u00f4les dans lesquels leur relation exacte et leur identit\u00e9 s\u2019embrouille et se dissout.<\/p>\n\n\n\n<p>\u65e0\u7a77\u65e0\u5c3d\u7684\u300a\u4eb2\u5bc6\u300b\uff0c\u65e0\u7a77\u65e0\u5c3d\u7684\u758f\u79bb\uff0c\u8fd9\u662f\u4e00\u4e2a\u6709\u5173\u626e\u6f14\u7684\u7231\u60c5\u6545\u4e8b\u3002\u5982\u679c\u6c89\u6eba\u81ea\u6211\u662f\u4e00\u79cd\u6d6a\u6f2b\uff0c\u90a3\u4e48\u8fd9\u90e8\u5f71\u7247\u5219\u662f\u6d6a\u6f2b\u5230\u504f\u6267\u3002<\/p>\n\n\n\n<p><mark style=\"background-color:rgba(0, 0, 0, 0)\" class=\"has-inline-color has-white-color\">000000<\/mark><\/p>\n\n\n\n<figure class=\"wp-block-gallery has-nested-images columns-default is-cropped wp-block-gallery-1 is-layout-flex wp-block-gallery-is-layout-flex\">\n<figure class=\"wp-block-image size-large\"><img loading=\"lazy\" decoding=\"async\" width=\"1024\" height=\"576\" data-id=\"3775\" src=\"https:\/\/www.allersretoursasso.fr\/wp-content\/uploads\/2023\/08\/Daughter-and-Son-3-1024x576.png\" alt=\"\" class=\"wp-image-3775\" srcset=\"https:\/\/www.allersretoursasso.fr\/wp-content\/uploads\/2023\/08\/Daughter-and-Son-3-1024x576.png 1024w, https:\/\/www.allersretoursasso.fr\/wp-content\/uploads\/2023\/08\/Daughter-and-Son-3-300x169.png 300w, https:\/\/www.allersretoursasso.fr\/wp-content\/uploads\/2023\/08\/Daughter-and-Son-3-768x432.png 768w, https:\/\/www.allersretoursasso.fr\/wp-content\/uploads\/2023\/08\/Daughter-and-Son-3-1536x864.png 1536w, https:\/\/www.allersretoursasso.fr\/wp-content\/uploads\/2023\/08\/Daughter-and-Son-3-2048x1152.png 2048w, https:\/\/www.allersretoursasso.fr\/wp-content\/uploads\/2023\/08\/Daughter-and-Son-3-18x10.png 18w, https:\/\/www.allersretoursasso.fr\/wp-content\/uploads\/2023\/08\/Daughter-and-Son-3-350x197.png 350w\" sizes=\"(max-width: 767px) 89vw, (max-width: 1000px) 54vw, (max-width: 1071px) 543px, 580px\" \/><\/figure>\n\n\n\n<figure class=\"wp-block-image size-large\"><img loading=\"lazy\" decoding=\"async\" width=\"1024\" height=\"554\" data-id=\"3771\" src=\"https:\/\/www.allersretoursasso.fr\/wp-content\/uploads\/2023\/08\/Daughter-and-Son-7-1024x554.png\" alt=\"\" class=\"wp-image-3771\" srcset=\"https:\/\/www.allersretoursasso.fr\/wp-content\/uploads\/2023\/08\/Daughter-and-Son-7-1024x554.png 1024w, https:\/\/www.allersretoursasso.fr\/wp-content\/uploads\/2023\/08\/Daughter-and-Son-7-300x162.png 300w, https:\/\/www.allersretoursasso.fr\/wp-content\/uploads\/2023\/08\/Daughter-and-Son-7-768x415.png 768w, https:\/\/www.allersretoursasso.fr\/wp-content\/uploads\/2023\/08\/Daughter-and-Son-7-1536x830.png 1536w, https:\/\/www.allersretoursasso.fr\/wp-content\/uploads\/2023\/08\/Daughter-and-Son-7-2048x1107.png 2048w, https:\/\/www.allersretoursasso.fr\/wp-content\/uploads\/2023\/08\/Daughter-and-Son-7-18x10.png 18w, https:\/\/www.allersretoursasso.fr\/wp-content\/uploads\/2023\/08\/Daughter-and-Son-7-350x189.png 350w\" sizes=\"(max-width: 767px) 89vw, (max-width: 1000px) 54vw, (max-width: 1071px) 543px, 580px\" \/><\/figure>\n\n\n\n<figure class=\"wp-block-image size-large\"><img loading=\"lazy\" decoding=\"async\" width=\"1024\" height=\"554\" data-id=\"3774\" src=\"https:\/\/www.allersretoursasso.fr\/wp-content\/uploads\/2023\/08\/Daughter-and-Son-8-1024x554.png\" alt=\"\" class=\"wp-image-3774\" srcset=\"https:\/\/www.allersretoursasso.fr\/wp-content\/uploads\/2023\/08\/Daughter-and-Son-8-1024x554.png 1024w, https:\/\/www.allersretoursasso.fr\/wp-content\/uploads\/2023\/08\/Daughter-and-Son-8-300x162.png 300w, https:\/\/www.allersretoursasso.fr\/wp-content\/uploads\/2023\/08\/Daughter-and-Son-8-768x415.png 768w, https:\/\/www.allersretoursasso.fr\/wp-content\/uploads\/2023\/08\/Daughter-and-Son-8-1536x830.png 1536w, https:\/\/www.allersretoursasso.fr\/wp-content\/uploads\/2023\/08\/Daughter-and-Son-8-2048x1107.png 2048w, https:\/\/www.allersretoursasso.fr\/wp-content\/uploads\/2023\/08\/Daughter-and-Son-8-18x10.png 18w, https:\/\/www.allersretoursasso.fr\/wp-content\/uploads\/2023\/08\/Daughter-and-Son-8-350x189.png 350w\" sizes=\"(max-width: 767px) 89vw, (max-width: 1000px) 54vw, (max-width: 1071px) 543px, 580px\" \/><\/figure>\n\n\n\n<figure class=\"wp-block-image size-large\"><img loading=\"lazy\" decoding=\"async\" width=\"1024\" height=\"576\" data-id=\"3770\" src=\"https:\/\/www.allersretoursasso.fr\/wp-content\/uploads\/2023\/08\/Daughter-and-Son-1--1024x576.png\" alt=\"\" class=\"wp-image-3770\" srcset=\"https:\/\/www.allersretoursasso.fr\/wp-content\/uploads\/2023\/08\/Daughter-and-Son-1--1024x576.png 1024w, https:\/\/www.allersretoursasso.fr\/wp-content\/uploads\/2023\/08\/Daughter-and-Son-1--300x169.png 300w, https:\/\/www.allersretoursasso.fr\/wp-content\/uploads\/2023\/08\/Daughter-and-Son-1--768x432.png 768w, https:\/\/www.allersretoursasso.fr\/wp-content\/uploads\/2023\/08\/Daughter-and-Son-1--1536x864.png 1536w, https:\/\/www.allersretoursasso.fr\/wp-content\/uploads\/2023\/08\/Daughter-and-Son-1--2048x1152.png 2048w, https:\/\/www.allersretoursasso.fr\/wp-content\/uploads\/2023\/08\/Daughter-and-Son-1--18x10.png 18w, https:\/\/www.allersretoursasso.fr\/wp-content\/uploads\/2023\/08\/Daughter-and-Son-1--350x197.png 350w\" sizes=\"(max-width: 767px) 89vw, (max-width: 1000px) 54vw, (max-width: 1071px) 543px, 580px\" \/><\/figure>\n\n\n\n<figure class=\"wp-block-image size-large\"><img loading=\"lazy\" decoding=\"async\" width=\"1024\" height=\"576\" data-id=\"3772\" src=\"https:\/\/www.allersretoursasso.fr\/wp-content\/uploads\/2023\/08\/Daughter-and-Son-2-1024x576.png\" alt=\"\" class=\"wp-image-3772\" srcset=\"https:\/\/www.allersretoursasso.fr\/wp-content\/uploads\/2023\/08\/Daughter-and-Son-2-1024x576.png 1024w, https:\/\/www.allersretoursasso.fr\/wp-content\/uploads\/2023\/08\/Daughter-and-Son-2-300x169.png 300w, https:\/\/www.allersretoursasso.fr\/wp-content\/uploads\/2023\/08\/Daughter-and-Son-2-768x432.png 768w, https:\/\/www.allersretoursasso.fr\/wp-content\/uploads\/2023\/08\/Daughter-and-Son-2-1536x864.png 1536w, https:\/\/www.allersretoursasso.fr\/wp-content\/uploads\/2023\/08\/Daughter-and-Son-2-2048x1152.png 2048w, https:\/\/www.allersretoursasso.fr\/wp-content\/uploads\/2023\/08\/Daughter-and-Son-2-18x10.png 18w, https:\/\/www.allersretoursasso.fr\/wp-content\/uploads\/2023\/08\/Daughter-and-Son-2-350x197.png 350w\" sizes=\"(max-width: 767px) 89vw, (max-width: 1000px) 54vw, (max-width: 1071px) 543px, 580px\" \/><\/figure>\n<\/figure>\n\n\n\n<div class=\"wp-block-columns is-layout-flex wp-container-core-columns-layout-1 wp-block-columns-is-layout-flex\">\n<div class=\"wp-block-column is-layout-flow wp-block-column-is-layout-flow\" style=\"flex-basis:100%\"><\/div>\n<\/div>\n\n\n\n<figure class=\"wp-block-embed is-type-video is-provider-youtube wp-block-embed-youtube wp-embed-aspect-16-9 wp-has-aspect-ratio\"><div class=\"wp-block-embed__wrapper\">\n<iframe loading=\"lazy\" title=\"Daughter and Son - CHENG Yu - Bande-annonce\" width=\"525\" height=\"295\" src=\"https:\/\/www.youtube.com\/embed\/IHIeTlIIFBM?feature=oembed\" frameborder=\"0\" allow=\"accelerometer; autoplay; clipboard-write; encrypted-media; gyroscope; picture-in-picture; web-share\" allowfullscreen><\/iframe>\n<\/div><\/figure>\n\n\n\n<p><\/p>\n\n\n\n<div class=\"wp-block-columns is-layout-flex wp-container-core-columns-layout-2 wp-block-columns-is-layout-flex\">\n<div class=\"wp-block-column is-layout-flow wp-block-column-is-layout-flow\"><\/div>\n<\/div>\n\n\n\n<hr class=\"wp-block-separator has-alpha-channel-opacity\"\/>\n\n\n\n<div class=\"wp-block-columns is-layout-flex wp-container-core-columns-layout-3 wp-block-columns-is-layout-flex\">\n<div class=\"wp-block-column is-layout-flow wp-block-column-is-layout-flow\"><\/div>\n<\/div>\n\n\n\n<div class=\"wp-block-columns is-layout-flex wp-container-core-columns-layout-4 wp-block-columns-is-layout-flex\">\n<div class=\"wp-block-column is-layout-flow wp-block-column-is-layout-flow\" style=\"flex-basis:33.33%\">\n<figure class=\"wp-block-image size-large\"><img loading=\"lazy\" decoding=\"async\" width=\"1024\" height=\"1024\" src=\"https:\/\/www.allersretoursasso.fr\/wp-content\/uploads\/2023\/08\/01-CHENG-Yu.jpg\uff08\u526f\u672c\uff09-1024x1024.jpg\" alt=\"\" class=\"wp-image-3783\" srcset=\"https:\/\/www.allersretoursasso.fr\/wp-content\/uploads\/2023\/08\/01-CHENG-Yu.jpg\uff08\u526f\u672c\uff09-1024x1024.jpg 1024w, https:\/\/www.allersretoursasso.fr\/wp-content\/uploads\/2023\/08\/01-CHENG-Yu.jpg\uff08\u526f\u672c\uff09-300x300.jpg 300w, https:\/\/www.allersretoursasso.fr\/wp-content\/uploads\/2023\/08\/01-CHENG-Yu.jpg\uff08\u526f\u672c\uff09-150x150.jpg 150w, https:\/\/www.allersretoursasso.fr\/wp-content\/uploads\/2023\/08\/01-CHENG-Yu.jpg\uff08\u526f\u672c\uff09-768x768.jpg 768w, https:\/\/www.allersretoursasso.fr\/wp-content\/uploads\/2023\/08\/01-CHENG-Yu.jpg\uff08\u526f\u672c\uff09-1536x1536.jpg 1536w, https:\/\/www.allersretoursasso.fr\/wp-content\/uploads\/2023\/08\/01-CHENG-Yu.jpg\uff08\u526f\u672c\uff09-2048x2048.jpg 2048w, https:\/\/www.allersretoursasso.fr\/wp-content\/uploads\/2023\/08\/01-CHENG-Yu.jpg\uff08\u526f\u672c\uff09-12x12.jpg 12w, https:\/\/www.allersretoursasso.fr\/wp-content\/uploads\/2023\/08\/01-CHENG-Yu.jpg\uff08\u526f\u672c\uff09-100x100.jpg 100w, https:\/\/www.allersretoursasso.fr\/wp-content\/uploads\/2023\/08\/01-CHENG-Yu.jpg\uff08\u526f\u672c\uff09-350x350.jpg 350w\" sizes=\"(max-width: 767px) 89vw, (max-width: 1000px) 54vw, (max-width: 1071px) 543px, 580px\" \/><\/figure>\n<\/div>\n\n\n\n<div class=\"wp-block-column is-layout-flow wp-block-column-is-layout-flow\" style=\"flex-basis:66.66%\">\n<p><strong>Par rapport \u00e0 CHENG Yu<br>\/ \u5173\u4e8e\u7a0b\u5b87<\/strong><\/p>\n\n\n\n<p class=\"has-small-font-size\"><\/p>\n<\/div>\n<\/div>\n\n\n\n<p class=\"has-small-font-size\"><\/p>\n\n\n\n<p class=\"has-small-font-size\">Dipl\u00f4m\u00e9 de la section r\u00e9alisation de la Beijing Film Academy, \u00e9tudiant de la 13e promotion de l\u2019\u00e9cole de cin\u00e9ma Li Xianting, CHENG Yu est actuellement en phase de cr\u00e9ation ind\u00e9pendante.<\/p>\n\n\n\n<p class=\"has-small-font-size\">\u5317\u4eac\u7535\u5f71\u5b66\u9662\u5bfc\u6f14\u7cfb\u7814\u7a76\u751f\uff0c\u6817\u5baa\u5ead\u7535\u5f71\u5b66\u682113\u671f\u5b66\u5458\u3002\u76ee\u524d\u5904\u5728\u72ec\u7acb\u521b\u4f5c\u72b6\u6001\u3002<\/p>\n\n\n\n<p class=\"has-small-font-size\"><\/p>\n\n\n\n<p><\/p>\n\n\n\n<hr class=\"wp-block-separator has-alpha-channel-opacity is-style-wide\"\/>\n\n\n\n<div class=\"wp-block-columns is-layout-flex wp-container-core-columns-layout-5 wp-block-columns-is-layout-flex\">\n<div class=\"wp-block-column is-layout-flow wp-block-column-is-layout-flow\"><\/div>\n<\/div>\n\n\n\n<div class=\"wp-block-buttons is-content-justification-center is-layout-flex wp-container-core-buttons-layout-1 wp-block-buttons-is-layout-flex\">\n<div class=\"wp-block-button has-custom-width wp-block-button__width-75 has-custom-font-size is-style-outline\" style=\"font-size:16px\"><a class=\"wp-block-button__link has-black-color has-white-background-color has-text-color has-background wp-element-button\" href=\"https:\/\/www.billetweb.fr\/coa-allersretours\">\u8d2d\u7968\u94fe\u63a5<br>\u7ebf\u4e0a\u8d2d\u7968<\/a><\/div>\n<\/div>\n\n\n\n<p><\/p>\n\n\n\n<div class=\"wp-block-columns is-layout-flex wp-container-core-columns-layout-6 wp-block-columns-is-layout-flex\">\n<div class=\"wp-block-column is-layout-flow wp-block-column-is-layout-flow\">\n<p class=\"has-text-align-center\"><strong>Jeudi<\/strong> <strong>05 oct. \u00e0 19h30 au<\/strong><br><strong>PATH<strong>\u00c9<\/strong> LES FAUVETTES<\/strong><br>&nbsp;58 Av. des Gobelins, 75013 Paris<\/p>\n<\/div>\n\n\n\n<div class=\"wp-block-column is-layout-flow wp-block-column-is-layout-flow\">\n<p class=\"has-text-align-center\"><strong>Jeudi<\/strong> <strong>05 oct. \u00e0 20h30 au<\/strong><br><strong>CIN\u00c9MA LUMI\u00c8RE BELLECOUR<\/strong><br>&nbsp;12 Rue de la Barre, 69002 Lyon<\/p>\n<\/div>\n<\/div>\n\n\n\n<p class=\"has-text-align-center\"><\/p>\n\n\n\n<div class=\"wp-block-cover is-light\" style=\"min-height:349px\"><span aria-hidden=\"true\" class=\"wp-block-cover__background has-white-background-color has-background-dim\"><\/span><div class=\"wp-block-cover__inner-container is-layout-flow wp-block-cover-is-layout-flow\">\n<div class=\"wp-block-group is-layout-flow wp-block-group-is-layout-flow\"><div class=\"wp-block-group__inner-container\">\n<figure class=\"wp-block-image size-large\"><img loading=\"lazy\" decoding=\"async\" width=\"1024\" height=\"380\" src=\"https:\/\/www.allersretoursasso.fr\/wp-content\/uploads\/2023\/09\/banner-1024x380.jpg\" alt=\"\" class=\"wp-image-4022\" srcset=\"https:\/\/www.allersretoursasso.fr\/wp-content\/uploads\/2023\/09\/banner-1024x380.jpg 1024w, https:\/\/www.allersretoursasso.fr\/wp-content\/uploads\/2023\/09\/banner-300x111.jpg 300w, https:\/\/www.allersretoursasso.fr\/wp-content\/uploads\/2023\/09\/banner-768x285.jpg 768w, https:\/\/www.allersretoursasso.fr\/wp-content\/uploads\/2023\/09\/banner-18x7.jpg 18w, https:\/\/www.allersretoursasso.fr\/wp-content\/uploads\/2023\/09\/banner-350x130.jpg 350w, https:\/\/www.allersretoursasso.fr\/wp-content\/uploads\/2023\/09\/banner.jpg 1277w\" sizes=\"(max-width: 767px) 89vw, (max-width: 1000px) 54vw, (max-width: 1071px) 543px, 580px\" \/><\/figure>\n<\/div><\/div>\n<\/div><\/div>\n\n\n\n<div class=\"wp-block-group is-layout-flow wp-block-group-is-layout-flow\"><div class=\"wp-block-group__inner-container\">\n<p class=\"has-text-align-center\" style=\"font-size:15px\"><\/p>\n<\/div><\/div>\n\n\n\n<p class=\"has-text-align-center has-white-color has-text-color\" style=\"font-size:15px\"> 19h45 aux Ursuline<\/p>\n\n\n\n<p class=\"has-text-align-center has-white-color has-text-color\" style=\"font-size:15px\">06 octobre \u00e0 19h45 aux Ursulines<\/p>","protected":false},"excerpt":{"rendered":"<p>2023 \/ 30\u2019 \/ Mandarin \/ VOSTF \/ Fiction 2022 \/ 30\u2019 \/ \u666e\u901a\u8bdd \/ \u539f\u58f0\u6cd5\u8bed\u5b57\u5e55 \/ \u5267\u60c5 S\u00e9lectionn\u00e9 au Berlinale Shorts 2023 \u7b2c73\u5c4a\u67cf\u6797\u7535\u5f71\u8282\u4e3b\u7ade\u8d5b\u5355\u5143\u6700\u4f73\u77ed\u7247\u63d0\u540d Sachiko et Ming vivent ensemble. Chaque jour, ils endossent diff\u00e9rents r\u00f4les dans lesquels leur relation exacte et leur identit\u00e9 s\u2019embrouille et se dissout. \u65e0\u7a77\u65e0\u5c3d\u7684\u300a\u4eb2\u5bc6\u300b\uff0c\u65e0\u7a77\u65e0\u5c3d\u7684\u758f\u79bb\uff0c\u8fd9\u662f\u4e00\u4e2a\u6709\u5173\u626e\u6f14\u7684\u7231\u60c5\u6545\u4e8b\u3002\u5982\u679c\u6c89\u6eba\u81ea\u6211\u662f\u4e00\u79cd\u6d6a\u6f2b\uff0c\u90a3\u4e48\u8fd9\u90e8\u5f71\u7247\u5219\u662f\u6d6a\u6f2b\u5230\u504f\u6267\u3002 000000 Par rapport \u00e0 CHENG Yu\/ \u5173\u4e8e\u7a0b\u5b87 &hellip; <\/p>\n<p class=\"link-more\"><a href=\"https:\/\/www.allersretoursasso.fr\/zh\/coming-of-age-2023-daughter-and-son\/\" class=\"more-link\">\u7ee7\u7eed\u9605\u8bfb<span class=\"screen-reader-text\">\u201cComing of Age 2023  &#8211; Daughter and Son\u201d<\/span><\/a><\/p>","protected":false},"author":15,"featured_media":0,"parent":0,"menu_order":0,"comment_status":"closed","ping_status":"closed","template":"","meta":{"footnotes":""},"_links":{"self":[{"href":"https:\/\/www.allersretoursasso.fr\/zh\/wp-json\/wp\/v2\/pages\/3759"}],"collection":[{"href":"https:\/\/www.allersretoursasso.fr\/zh\/wp-json\/wp\/v2\/pages"}],"about":[{"href":"https:\/\/www.allersretoursasso.fr\/zh\/wp-json\/wp\/v2\/types\/page"}],"author":[{"embeddable":true,"href":"https:\/\/www.allersretoursasso.fr\/zh\/wp-json\/wp\/v2\/users\/15"}],"replies":[{"embeddable":true,"href":"https:\/\/www.allersretoursasso.fr\/zh\/wp-json\/wp\/v2\/comments?post=3759"}],"version-history":[{"count":30,"href":"https:\/\/www.allersretoursasso.fr\/zh\/wp-json\/wp\/v2\/pages\/3759\/revisions"}],"predecessor-version":[{"id":4210,"href":"https:\/\/www.allersretoursasso.fr\/zh\/wp-json\/wp\/v2\/pages\/3759\/revisions\/4210"}],"wp:attachment":[{"href":"https:\/\/www.allersretoursasso.fr\/zh\/wp-json\/wp\/v2\/media?parent=3759"}],"curies":[{"name":"wp","href":"https:\/\/api.w.org\/{rel}","templated":true}]}}