{"id":3800,"date":"2023-08-27T23:55:32","date_gmt":"2023-08-27T21:55:32","guid":{"rendered":"https:\/\/www.allersretoursasso.fr\/?page_id=3800"},"modified":"2023-09-14T17:51:57","modified_gmt":"2023-09-14T15:51:57","slug":"coming-of-age-2023-lelephant-sevapore","status":"publish","type":"page","link":"https:\/\/www.allersretoursasso.fr\/zh\/coming-of-age-2023-lelephant-sevapore\/","title":{"rendered":"Coming of Age 2023  &#8211; L&#8217;\u00c9l\u00e9phant s&#8217;\u00e9vapore"},"content":{"rendered":"<div id=\"fb-root\"><\/div>\n\n<div class=\"wp-block-media-text alignwide is-stacked-on-mobile\" style=\"grid-template-columns:41% auto\"><figure class=\"wp-block-media-text__media\"><img loading=\"lazy\" decoding=\"async\" width=\"724\" height=\"1024\" src=\"https:\/\/www.allersretoursasso.fr\/wp-content\/uploads\/2023\/08\/02-L_elephant_s_evapore-Affiche.png\uff08\u526f\u672c\uff09-724x1024.png\" alt=\"\" class=\"wp-image-3803 size-full\" srcset=\"https:\/\/www.allersretoursasso.fr\/wp-content\/uploads\/2023\/08\/02-L_elephant_s_evapore-Affiche.png\uff08\u526f\u672c\uff09-724x1024.png 724w, https:\/\/www.allersretoursasso.fr\/wp-content\/uploads\/2023\/08\/02-L_elephant_s_evapore-Affiche.png\uff08\u526f\u672c\uff09-212x300.png 212w, https:\/\/www.allersretoursasso.fr\/wp-content\/uploads\/2023\/08\/02-L_elephant_s_evapore-Affiche.png\uff08\u526f\u672c\uff09-768x1086.png 768w, https:\/\/www.allersretoursasso.fr\/wp-content\/uploads\/2023\/08\/02-L_elephant_s_evapore-Affiche.png\uff08\u526f\u672c\uff09-1086x1536.png 1086w, https:\/\/www.allersretoursasso.fr\/wp-content\/uploads\/2023\/08\/02-L_elephant_s_evapore-Affiche.png\uff08\u526f\u672c\uff09-1448x2048.png 1448w, https:\/\/www.allersretoursasso.fr\/wp-content\/uploads\/2023\/08\/02-L_elephant_s_evapore-Affiche.png\uff08\u526f\u672c\uff09-8x12.png 8w, https:\/\/www.allersretoursasso.fr\/wp-content\/uploads\/2023\/08\/02-L_elephant_s_evapore-Affiche.png\uff08\u526f\u672c\uff09-350x495.png 350w\" sizes=\"(max-width: 724px) 100vw, 724px\" \/><\/figure><div class=\"wp-block-media-text__content\">\n<div class=\"wp-block-group is-layout-flow wp-block-group-is-layout-flow\"><div class=\"wp-block-group__inner-container\">\n<div class=\"wp-block-group is-vertical is-layout-flex wp-container-core-group-layout-4 wp-block-group-is-layout-flex\">\n<div class=\"wp-block-group is-layout-flow wp-block-group-is-layout-flow\"><div class=\"wp-block-group__inner-container\">\n<div class=\"wp-block-group is-layout-flow wp-block-group-is-layout-flow\"><div class=\"wp-block-group__inner-container\">\n<div class=\"wp-block-group is-layout-flow wp-block-group-is-layout-flow\"><div class=\"wp-block-group__inner-container\">\n<p><\/p>\n\n\n\n<p style=\"font-size:30px;font-style:normal;font-weight:500\"><em><span style=\"font-weight: 400\"><strong>L&#8217;\u00c9l\u00e9phant s&#8217;\u00e9vapore\u00a0<\/strong><\/span><\/em><\/p>\n\n\n\n<p style=\"font-size:30px;font-style:normal;font-weight:500\"><strong>\u8c61\u7684\u5931\u8e2a<\/strong><\/p>\n\n\n\n<p class=\"has-medium-font-size\">RAN Chuxun<\/p>\n\n\n\n<p class=\"has-medium-font-size\">\u5189\u695a\u900a<\/p>\n\n\n\n<p class=\"has-small-font-size\"><a href=\"https:\/\/www.allersretoursasso.fr\/zh\/coming-of-age-2023\/\" target=\"_blank\" rel=\"noreferrer noopener\">\u00c9dition : Coming of Age 2023<\/a><\/p>\n\n\n\n<p style=\"font-size:10px\"><\/p>\n<\/div><\/div>\n\n\n\n<p class=\"has-text-align-center\"><\/p>\n\n\n\n<p class=\"has-text-align-left\" style=\"font-size:15px\"><\/p>\n<\/div><\/div>\n<\/div><\/div>\n<\/div>\n<\/div><\/div>\n<\/div><\/div>\n\n\n\n<h2 class=\"wp-block-heading\"><\/h2>\n\n\n\n<p class=\"has-text-align-center has-small-font-size\"><em>2022 \/ 16\u2019 \/ Tha\u00eflandais \/ VOSTF \/ Exp\u00e9rimental<\/em><\/p>\n\n\n\n<p class=\"has-text-align-center has-small-font-size\">2022 \/ 16\u2019 \/ \u6cf0\u8bed \/ \u539f\u58f0\u6cd5\u8bed\u5b57\u5e55 \/ \u5b9e\u9a8c<\/p>\n\n\n\n<p class=\"has-text-align-left\" style=\"font-size:16px;line-height:1.5\">Ce film surr\u00e9aliste explore les fronti\u00e8res entre le r\u00e9el et l\u2019imaginaire. Le protagoniste Chang (&#8220;\u00e9l\u00e9phant&#8221; en tha\u00eflandais) se perd dans la recherche de son chat &#8220;Goodbye&#8221;. Les images, interm\u00e9diaires entre les \u00eatres sensibles et invisibles, s\u2019\u00e9vaporent comme le chat Goodbye.&nbsp;<\/p>\n\n\n\n<p>\u8fd9\u662f\u4e00\u4e2a\u63a2\u8ba8\u73b0\u5b9e\u4e0e\u60f3\u8c61\u754c\u9650\u7684\u8d85\u73b0\u5b9e\u6545\u4e8b\u3002\u4e3b\u89d2&#8221;Chang&#8221;\uff08\u6cf0\u8bed\u610f\u4e3a\u201c\u5927\u8c61\u201d\uff09\u5728\u5bfb\u627e\u4ed6\u7684\u732b\u201c\u518d\u89c1\u201d\u7684\u8fc7\u7a0b\u4e2d\u5931\u53bb\u4e86\u81ea\u6211\u3002\u8c61\u5f81\u548c\u56fe\u50cf\u5728\u8fd9\u4e2a\u6545\u4e8b\u4e2d\u4ee3\u8868\u4e86\u4eba\u7c7b\u5bf9\u73b0\u5b9e\u7684\u7406\u89e3\uff0c\u800c\u8fd9\u4e9b\u56fe\u50cf\u6700\u7ec8\u90fd\u5c06\u50cf&#8221;\u518d\u89c1&#8221;\u4e00\u6837\u6d88\u5931\u3002<\/p>\n\n\n\n<p><mark style=\"background-color:rgba(0, 0, 0, 0)\" class=\"has-inline-color has-white-color\">000000<\/mark><\/p>\n\n\n\n<figure class=\"wp-block-gallery has-nested-images columns-default is-cropped wp-block-gallery-1 is-layout-flex wp-block-gallery-is-layout-flex\">\n<figure class=\"wp-block-image size-large\"><img loading=\"lazy\" decoding=\"async\" width=\"1024\" height=\"640\" data-id=\"3812\" src=\"https:\/\/www.allersretoursasso.fr\/wp-content\/uploads\/2023\/08\/L_elephant_s_evapore-5-1024x640.png\" alt=\"\" class=\"wp-image-3812\" srcset=\"https:\/\/www.allersretoursasso.fr\/wp-content\/uploads\/2023\/08\/L_elephant_s_evapore-5-1024x640.png 1024w, https:\/\/www.allersretoursasso.fr\/wp-content\/uploads\/2023\/08\/L_elephant_s_evapore-5-300x188.png 300w, https:\/\/www.allersretoursasso.fr\/wp-content\/uploads\/2023\/08\/L_elephant_s_evapore-5-768x480.png 768w, https:\/\/www.allersretoursasso.fr\/wp-content\/uploads\/2023\/08\/L_elephant_s_evapore-5-1536x960.png 1536w, https:\/\/www.allersretoursasso.fr\/wp-content\/uploads\/2023\/08\/L_elephant_s_evapore-5-2048x1280.png 2048w, https:\/\/www.allersretoursasso.fr\/wp-content\/uploads\/2023\/08\/L_elephant_s_evapore-5-18x12.png 18w, https:\/\/www.allersretoursasso.fr\/wp-content\/uploads\/2023\/08\/L_elephant_s_evapore-5-350x219.png 350w\" sizes=\"(max-width: 767px) 89vw, (max-width: 1000px) 54vw, (max-width: 1071px) 543px, 580px\" \/><\/figure>\n\n\n\n<figure class=\"wp-block-image size-full\"><img loading=\"lazy\" decoding=\"async\" width=\"3360\" height=\"2100\" data-id=\"3814\" src=\"https:\/\/www.allersretoursasso.fr\/wp-content\/uploads\/2023\/08\/L_elephant_s_evapore-11.png\" alt=\"\" class=\"wp-image-3814\" srcset=\"https:\/\/www.allersretoursasso.fr\/wp-content\/uploads\/2023\/08\/L_elephant_s_evapore-11.png 3360w, https:\/\/www.allersretoursasso.fr\/wp-content\/uploads\/2023\/08\/L_elephant_s_evapore-11-300x188.png 300w\" sizes=\"(max-width: 767px) 89vw, (max-width: 1000px) 54vw, (max-width: 1071px) 543px, 580px\" \/><\/figure>\n\n\n\n<figure class=\"wp-block-image size-large\"><img loading=\"lazy\" decoding=\"async\" width=\"1024\" height=\"640\" data-id=\"3815\" src=\"https:\/\/www.allersretoursasso.fr\/wp-content\/uploads\/2023\/08\/L_elephant_s_evapore-8-1024x640.png\" alt=\"\" class=\"wp-image-3815\" srcset=\"https:\/\/www.allersretoursasso.fr\/wp-content\/uploads\/2023\/08\/L_elephant_s_evapore-8-1024x640.png 1024w, https:\/\/www.allersretoursasso.fr\/wp-content\/uploads\/2023\/08\/L_elephant_s_evapore-8-300x188.png 300w, https:\/\/www.allersretoursasso.fr\/wp-content\/uploads\/2023\/08\/L_elephant_s_evapore-8-768x480.png 768w, https:\/\/www.allersretoursasso.fr\/wp-content\/uploads\/2023\/08\/L_elephant_s_evapore-8-1536x960.png 1536w, https:\/\/www.allersretoursasso.fr\/wp-content\/uploads\/2023\/08\/L_elephant_s_evapore-8-2048x1280.png 2048w, https:\/\/www.allersretoursasso.fr\/wp-content\/uploads\/2023\/08\/L_elephant_s_evapore-8-18x12.png 18w, https:\/\/www.allersretoursasso.fr\/wp-content\/uploads\/2023\/08\/L_elephant_s_evapore-8-350x219.png 350w\" sizes=\"(max-width: 767px) 89vw, (max-width: 1000px) 54vw, (max-width: 1071px) 543px, 580px\" \/><\/figure>\n\n\n\n<figure class=\"wp-block-image size-large\"><img loading=\"lazy\" decoding=\"async\" width=\"1024\" height=\"640\" data-id=\"3808\" src=\"https:\/\/www.allersretoursasso.fr\/wp-content\/uploads\/2023\/08\/L_elephant_s_evapore-1-1024x640.png\" alt=\"\" class=\"wp-image-3808\" srcset=\"https:\/\/www.allersretoursasso.fr\/wp-content\/uploads\/2023\/08\/L_elephant_s_evapore-1-1024x640.png 1024w, https:\/\/www.allersretoursasso.fr\/wp-content\/uploads\/2023\/08\/L_elephant_s_evapore-1-300x188.png 300w, https:\/\/www.allersretoursasso.fr\/wp-content\/uploads\/2023\/08\/L_elephant_s_evapore-1-768x480.png 768w, https:\/\/www.allersretoursasso.fr\/wp-content\/uploads\/2023\/08\/L_elephant_s_evapore-1-1536x960.png 1536w, https:\/\/www.allersretoursasso.fr\/wp-content\/uploads\/2023\/08\/L_elephant_s_evapore-1-2048x1280.png 2048w, https:\/\/www.allersretoursasso.fr\/wp-content\/uploads\/2023\/08\/L_elephant_s_evapore-1-18x12.png 18w, https:\/\/www.allersretoursasso.fr\/wp-content\/uploads\/2023\/08\/L_elephant_s_evapore-1-350x219.png 350w\" sizes=\"(max-width: 767px) 89vw, (max-width: 1000px) 54vw, (max-width: 1071px) 543px, 580px\" \/><\/figure>\n\n\n\n<figure class=\"wp-block-image size-large\"><img loading=\"lazy\" decoding=\"async\" width=\"1024\" height=\"640\" data-id=\"3811\" src=\"https:\/\/www.allersretoursasso.fr\/wp-content\/uploads\/2023\/08\/L_elephant_s_evapore-4-1024x640.png\" alt=\"\" class=\"wp-image-3811\" srcset=\"https:\/\/www.allersretoursasso.fr\/wp-content\/uploads\/2023\/08\/L_elephant_s_evapore-4-1024x640.png 1024w, https:\/\/www.allersretoursasso.fr\/wp-content\/uploads\/2023\/08\/L_elephant_s_evapore-4-300x188.png 300w, https:\/\/www.allersretoursasso.fr\/wp-content\/uploads\/2023\/08\/L_elephant_s_evapore-4-768x480.png 768w, https:\/\/www.allersretoursasso.fr\/wp-content\/uploads\/2023\/08\/L_elephant_s_evapore-4-1536x960.png 1536w, https:\/\/www.allersretoursasso.fr\/wp-content\/uploads\/2023\/08\/L_elephant_s_evapore-4-2048x1280.png 2048w, https:\/\/www.allersretoursasso.fr\/wp-content\/uploads\/2023\/08\/L_elephant_s_evapore-4-18x12.png 18w, https:\/\/www.allersretoursasso.fr\/wp-content\/uploads\/2023\/08\/L_elephant_s_evapore-4-350x219.png 350w\" sizes=\"(max-width: 767px) 89vw, (max-width: 1000px) 54vw, (max-width: 1071px) 543px, 580px\" \/><\/figure>\n<\/figure>\n\n\n\n<div class=\"wp-block-columns is-layout-flex wp-container-core-columns-layout-1 wp-block-columns-is-layout-flex\">\n<div class=\"wp-block-column is-layout-flow wp-block-column-is-layout-flow\" style=\"flex-basis:100%\"><\/div>\n<\/div>\n\n\n\n<figure class=\"wp-block-embed is-type-video is-provider-youtube wp-block-embed-youtube wp-embed-aspect-16-9 wp-has-aspect-ratio\"><div class=\"wp-block-embed__wrapper\">\n<iframe loading=\"lazy\" title=\"L&#039;\u00e9l\u00e9phant s&#039;\u00e9vapore - RAN Chuxun - Bande-annonce\" width=\"525\" height=\"295\" src=\"https:\/\/www.youtube.com\/embed\/II6A2KwhCUs?feature=oembed\" frameborder=\"0\" allow=\"accelerometer; autoplay; clipboard-write; encrypted-media; gyroscope; picture-in-picture; web-share\" allowfullscreen><\/iframe>\n<\/div><\/figure>\n\n\n\n<p><\/p>\n\n\n\n<div class=\"wp-block-columns is-layout-flex wp-container-core-columns-layout-2 wp-block-columns-is-layout-flex\">\n<div class=\"wp-block-column is-layout-flow wp-block-column-is-layout-flow\"><\/div>\n<\/div>\n\n\n\n<hr class=\"wp-block-separator has-alpha-channel-opacity\"\/>\n\n\n\n<div class=\"wp-block-columns is-layout-flex wp-container-core-columns-layout-3 wp-block-columns-is-layout-flex\">\n<div class=\"wp-block-column is-layout-flow wp-block-column-is-layout-flow\"><\/div>\n<\/div>\n\n\n\n<div class=\"wp-block-columns is-layout-flex wp-container-core-columns-layout-4 wp-block-columns-is-layout-flex\">\n<div class=\"wp-block-column is-layout-flow wp-block-column-is-layout-flow\" style=\"flex-basis:33.33%\">\n<figure class=\"wp-block-image size-large is-resized\"><img loading=\"lazy\" decoding=\"async\" src=\"https:\/\/www.allersretoursasso.fr\/wp-content\/uploads\/2023\/08\/02-RAN-Chuxun-683x1024.jpg\" alt=\"\" class=\"wp-image-3806\" width=\"185\" height=\"277\" srcset=\"https:\/\/www.allersretoursasso.fr\/wp-content\/uploads\/2023\/08\/02-RAN-Chuxun-683x1024.jpg 683w, https:\/\/www.allersretoursasso.fr\/wp-content\/uploads\/2023\/08\/02-RAN-Chuxun-200x300.jpg 200w, https:\/\/www.allersretoursasso.fr\/wp-content\/uploads\/2023\/08\/02-RAN-Chuxun-8x12.jpg 8w, https:\/\/www.allersretoursasso.fr\/wp-content\/uploads\/2023\/08\/02-RAN-Chuxun-350x525.jpg 350w, https:\/\/www.allersretoursasso.fr\/wp-content\/uploads\/2023\/08\/02-RAN-Chuxun.jpg 724w\" sizes=\"(max-width: 185px) 100vw, 185px\" \/><\/figure>\n<\/div>\n\n\n\n<div class=\"wp-block-column is-layout-flow wp-block-column-is-layout-flow\" style=\"flex-basis:66.66%\">\n<p><strong>Par rapport \u00e0 RAN Chuxun<br>\/ \u5173\u4e8e\u5189\u695a\u900a<\/strong><\/p>\n\n\n\n<p class=\"has-small-font-size\"><\/p>\n<\/div>\n<\/div>\n\n\n\n<p class=\"has-small-font-size\"><\/p>\n\n\n\n<p class=\"has-small-font-size\">N\u00e9e en 1993 \u00e0 Kunming, dans la province du Yunnan, Ran Chuxun est dipl\u00f4m\u00e9e de Le Fresnoy &#8211; Studio national des arts contemporains. Elle vit et travaille actuellement \u00e0 Paris. Sa pratique artistique se situe entre le cin\u00e9ma et les arts visuels.<\/p>\n\n\n\n<p class=\"has-small-font-size\">\u5bfc\u6f14\u3001\u5f53\u4ee3\u827a\u672f\u5bb6\uff0c\u5357\u7279\u7f8e\u672f\u5b66\u9662\u672c\u79d1\u3001\u7814\u7a76\u751f\uff0cLe Fresnoy\u6cd5\u56fd\u56fd\u7acb\u5f53\u4ee3\u827a\u672f\u4e2d\u5fc3\u540e\u7814\u7a76\u751f\u6587\u51ed\uff0c\u73b0\u5c45\u6cd5\u56fd\u5df4\u9ece\u3002\u5979\u7684\u5b9e\u8df5\u4ecb\u4e8e\u89c6\u89c9\u827a\u672f\u548c\u7535\u5f71\u4e4b\u95f4\uff0c\u6240\u5904\u7406\u7684\u95ee\u9898\u540c\u65f6\u63a2\u7d22\u4e86\u793e\u4f1a\u548c\u79c1\u5bc6\u9886\u57df\u3002\u5979\u8bd5\u56fe\u5c06\u7535\u5f71\u4ece\u5176\u53d9\u4e8b\u6027\u7684\u4e00\u9762\u4e2d\u89e3\u653e\u51fa\u6765\uff0c\u5c06\u5176\u8f6c\u5316\u4e3a\u8d85\u73b0\u5b9e\u4e3b\u4e49\u7684\u62fc\u8d34\u753b\uff0c\u6bcf\u4e2a\u89c2\u4f17\u90fd\u53ef\u4ee5\u81ea\u7531\u5730\u5b9a\u4e49\u81ea\u5df1\u7684\u4f4d\u7f6e\u548c\u611f\u77e5\u3002\u540c\u65f6\u4e5f\u662f\u591a\u4e2a\u51fa\u7248\u9879\u76ee\u7684\u53d1\u8d77\u4eba\u3002\u66fe\u53c2\u4e0e\u591a\u4e2a\u827a\u672f\u9a7b\u7559\u9879\u76ee\uff0c\u5982 La g\u00e9n\u00e9rale\uff08\u6cd5\u56fd\uff09FID Campus &#8211; Festival International de Cin\u00e9ma de Marseille\uff08\u6cd5\u56fd\uff09\u3001Fieldwork Marfa\uff08\u7f8e\u56fd\uff09\u7b49\u3002<\/p>\n\n\n\n<p class=\"has-small-font-size\"><\/p>\n\n\n\n<p><\/p>\n\n\n\n<hr class=\"wp-block-separator has-alpha-channel-opacity is-style-wide\"\/>\n\n\n\n<div class=\"wp-block-columns is-layout-flex wp-container-core-columns-layout-5 wp-block-columns-is-layout-flex\">\n<div class=\"wp-block-column is-layout-flow wp-block-column-is-layout-flow\"><\/div>\n<\/div>\n\n\n\n<div class=\"wp-block-buttons is-content-justification-center is-layout-flex wp-container-core-buttons-layout-1 wp-block-buttons-is-layout-flex\">\n<div class=\"wp-block-button has-custom-width wp-block-button__width-75 has-custom-font-size is-style-outline\" style=\"font-size:16px\"><a class=\"wp-block-button__link has-black-color has-white-background-color has-text-color has-background wp-element-button\" href=\"https:\/\/www.billetweb.fr\/coa-allersretours\">\u8d2d\u7968\u94fe\u63a5<br>\u7ebf\u4e0a\u8d2d\u7968<\/a><\/div>\n<\/div>\n\n\n\n<p><\/p>\n\n\n\n<div class=\"wp-block-columns is-layout-flex wp-container-core-columns-layout-6 wp-block-columns-is-layout-flex\">\n<div class=\"wp-block-column is-layout-flow wp-block-column-is-layout-flow\">\n<p class=\"has-text-align-center\"><strong>Vendredi<\/strong> <strong>29 septembre \u00e0 19h45 au<\/strong><br><strong>STUDIO DES URSULINES <\/strong><br>10 rue des Ursulines, 75005 Paris<\/p>\n<\/div>\n\n\n\n<div class=\"wp-block-column is-layout-flow wp-block-column-is-layout-flow\">\n<p class=\"has-text-align-center\"><strong>Vendredi<\/strong> <strong>29 septembre \u00e0 18h30 au<\/strong><br><strong>CIN\u00c9MA LUMI\u00c8RE BELLECOUR<\/strong><br>&nbsp;12 Rue de la Barre, 69002 Lyon<\/p>\n<\/div>\n<\/div>\n\n\n\n<div class=\"wp-block-cover is-light\" style=\"min-height:349px\"><span aria-hidden=\"true\" class=\"wp-block-cover__background has-white-background-color has-background-dim\"><\/span><div class=\"wp-block-cover__inner-container is-layout-flow wp-block-cover-is-layout-flow\">\n<div class=\"wp-block-group is-layout-flow wp-block-group-is-layout-flow\"><div class=\"wp-block-group__inner-container\">\n<figure class=\"wp-block-image size-large\"><img loading=\"lazy\" decoding=\"async\" width=\"1024\" height=\"380\" src=\"https:\/\/www.allersretoursasso.fr\/wp-content\/uploads\/2023\/09\/banner-1024x380.jpg\" alt=\"\" class=\"wp-image-4022\" srcset=\"https:\/\/www.allersretoursasso.fr\/wp-content\/uploads\/2023\/09\/banner-1024x380.jpg 1024w, https:\/\/www.allersretoursasso.fr\/wp-content\/uploads\/2023\/09\/banner-300x111.jpg 300w, https:\/\/www.allersretoursasso.fr\/wp-content\/uploads\/2023\/09\/banner-768x285.jpg 768w, https:\/\/www.allersretoursasso.fr\/wp-content\/uploads\/2023\/09\/banner-18x7.jpg 18w, https:\/\/www.allersretoursasso.fr\/wp-content\/uploads\/2023\/09\/banner-350x130.jpg 350w, https:\/\/www.allersretoursasso.fr\/wp-content\/uploads\/2023\/09\/banner.jpg 1277w\" sizes=\"(max-width: 767px) 89vw, (max-width: 1000px) 54vw, (max-width: 1071px) 543px, 580px\" \/><\/figure>\n<\/div><\/div>\n<\/div><\/div>\n\n\n\n<div class=\"wp-block-group is-layout-flow wp-block-group-is-layout-flow\"><div class=\"wp-block-group__inner-container\">\n<p class=\"has-text-align-center\" style=\"font-size:15px\"><\/p>\n<\/div><\/div>\n\n\n\n<p class=\"has-text-align-center has-white-color has-text-color\" style=\"font-size:15px\"> 19h45 aux Ursuline<\/p>\n\n\n\n<p class=\"has-text-align-center has-white-color has-text-color\" style=\"font-size:15px\">06 octobre \u00e0 19h45 aux Ursulines<\/p>","protected":false},"excerpt":{"rendered":"<p>2022 \/ 16\u2019 \/ Tha\u00eflandais \/ VOSTF \/ Exp\u00e9rimental 2022 \/ 16\u2019 \/ \u6cf0\u8bed \/ \u539f\u58f0\u6cd5\u8bed\u5b57\u5e55 \/ \u5b9e\u9a8c Ce film surr\u00e9aliste explore les fronti\u00e8res entre le r\u00e9el et l\u2019imaginaire. Le protagoniste Chang (&#8220;\u00e9l\u00e9phant&#8221; en tha\u00eflandais) se perd dans la recherche de son chat &#8220;Goodbye&#8221;. Les images, interm\u00e9diaires entre les \u00eatres sensibles et invisibles, s\u2019\u00e9vaporent comme &hellip; <\/p>\n<p class=\"link-more\"><a href=\"https:\/\/www.allersretoursasso.fr\/zh\/coming-of-age-2023-lelephant-sevapore\/\" class=\"more-link\">\u7ee7\u7eed\u9605\u8bfb<span class=\"screen-reader-text\">\u201cComing of Age 2023  &#8211; L&#8217;\u00c9l\u00e9phant s&#8217;\u00e9vapore\u201d<\/span><\/a><\/p>","protected":false},"author":15,"featured_media":0,"parent":0,"menu_order":0,"comment_status":"closed","ping_status":"closed","template":"","meta":{"footnotes":""},"_links":{"self":[{"href":"https:\/\/www.allersretoursasso.fr\/zh\/wp-json\/wp\/v2\/pages\/3800"}],"collection":[{"href":"https:\/\/www.allersretoursasso.fr\/zh\/wp-json\/wp\/v2\/pages"}],"about":[{"href":"https:\/\/www.allersretoursasso.fr\/zh\/wp-json\/wp\/v2\/types\/page"}],"author":[{"embeddable":true,"href":"https:\/\/www.allersretoursasso.fr\/zh\/wp-json\/wp\/v2\/users\/15"}],"replies":[{"embeddable":true,"href":"https:\/\/www.allersretoursasso.fr\/zh\/wp-json\/wp\/v2\/comments?post=3800"}],"version-history":[{"count":11,"href":"https:\/\/www.allersretoursasso.fr\/zh\/wp-json\/wp\/v2\/pages\/3800\/revisions"}],"predecessor-version":[{"id":4258,"href":"https:\/\/www.allersretoursasso.fr\/zh\/wp-json\/wp\/v2\/pages\/3800\/revisions\/4258"}],"wp:attachment":[{"href":"https:\/\/www.allersretoursasso.fr\/zh\/wp-json\/wp\/v2\/media?parent=3800"}],"curies":[{"name":"wp","href":"https:\/\/api.w.org\/{rel}","templated":true}]}}