{"id":3820,"date":"2023-08-28T22:52:50","date_gmt":"2023-08-28T20:52:50","guid":{"rendered":"https:\/\/www.allersretoursasso.fr\/?page_id=3820"},"modified":"2023-09-06T23:00:44","modified_gmt":"2023-09-06T21:00:44","slug":"coming-of-age-2023-sliver-cave","status":"publish","type":"page","link":"https:\/\/www.allersretoursasso.fr\/zh\/coming-of-age-2023-sliver-cave\/","title":{"rendered":"Coming of Age 2023  &#8211; Sliver Cave"},"content":{"rendered":"<div id=\"fb-root\"><\/div>\n\n<div class=\"wp-block-media-text alignwide is-stacked-on-mobile\" style=\"grid-template-columns:41% auto\"><figure class=\"wp-block-media-text__media\"><img loading=\"lazy\" decoding=\"async\" width=\"683\" height=\"1024\" src=\"https:\/\/www.allersretoursasso.fr\/wp-content\/uploads\/2023\/08\/03-Sliver-Cave-\u94f6\u5e55.jpg\uff08\u526f\u672c\uff09-683x1024.jpg\" alt=\"\" class=\"wp-image-3821 size-full\" srcset=\"https:\/\/www.allersretoursasso.fr\/wp-content\/uploads\/2023\/08\/03-Sliver-Cave-\u94f6\u5e55.jpg\uff08\u526f\u672c\uff09-683x1024.jpg 683w, https:\/\/www.allersretoursasso.fr\/wp-content\/uploads\/2023\/08\/03-Sliver-Cave-\u94f6\u5e55.jpg\uff08\u526f\u672c\uff09-200x300.jpg 200w, https:\/\/www.allersretoursasso.fr\/wp-content\/uploads\/2023\/08\/03-Sliver-Cave-\u94f6\u5e55.jpg\uff08\u526f\u672c\uff09-768x1152.jpg 768w, https:\/\/www.allersretoursasso.fr\/wp-content\/uploads\/2023\/08\/03-Sliver-Cave-\u94f6\u5e55.jpg\uff08\u526f\u672c\uff09-1024x1536.jpg 1024w, https:\/\/www.allersretoursasso.fr\/wp-content\/uploads\/2023\/08\/03-Sliver-Cave-\u94f6\u5e55.jpg\uff08\u526f\u672c\uff09-1365x2048.jpg 1365w, https:\/\/www.allersretoursasso.fr\/wp-content\/uploads\/2023\/08\/03-Sliver-Cave-\u94f6\u5e55.jpg\uff08\u526f\u672c\uff09-8x12.jpg 8w, https:\/\/www.allersretoursasso.fr\/wp-content\/uploads\/2023\/08\/03-Sliver-Cave-\u94f6\u5e55.jpg\uff08\u526f\u672c\uff09-350x525.jpg 350w, https:\/\/www.allersretoursasso.fr\/wp-content\/uploads\/2023\/08\/03-Sliver-Cave-\u94f6\u5e55.jpg\uff08\u526f\u672c\uff09-scaled.jpg 1707w\" sizes=\"(max-width: 683px) 100vw, 683px\" \/><\/figure><div class=\"wp-block-media-text__content\">\n<div class=\"wp-block-group is-layout-flow wp-block-group-is-layout-flow\"><div class=\"wp-block-group__inner-container\">\n<div class=\"wp-block-group is-vertical is-layout-flex wp-container-core-group-layout-4 wp-block-group-is-layout-flex\">\n<div class=\"wp-block-group is-layout-flow wp-block-group-is-layout-flow\"><div class=\"wp-block-group__inner-container\">\n<div class=\"wp-block-group is-layout-flow wp-block-group-is-layout-flow\"><div class=\"wp-block-group__inner-container\">\n<div class=\"wp-block-group is-layout-flow wp-block-group-is-layout-flow\"><div class=\"wp-block-group__inner-container\">\n<p><\/p>\n\n\n\n<p style=\"font-size:30px;font-style:normal;font-weight:500\"><em><span style=\"font-weight: 400\"><strong><strong>Sliver Cave <\/strong><\/strong><\/span><\/em><\/p>\n\n\n\n<p style=\"font-size:30px;font-style:normal;font-weight:500\"><strong><strong>\u94f6\u5e55<\/strong><\/strong><\/p>\n\n\n\n<p class=\"has-medium-font-size\">CAI Caibei <\/p>\n\n\n\n<p class=\"has-medium-font-size\">\u8521\u91c7\u8d1d<\/p>\n\n\n\n<p class=\"has-small-font-size\"><a href=\"https:\/\/www.allersretoursasso.fr\/zh\/coming-of-age-2023\/\" target=\"_blank\" rel=\"noreferrer noopener\">\u00c9dition : Coming of Age 2023<\/a><\/p>\n\n\n\n<p style=\"font-size:10px\"><\/p>\n<\/div><\/div>\n\n\n\n<p class=\"has-text-align-center\"><\/p>\n\n\n\n<p class=\"has-text-align-left\" style=\"font-size:15px\"><\/p>\n<\/div><\/div>\n<\/div><\/div>\n<\/div>\n<\/div><\/div>\n<\/div><\/div>\n\n\n\n<h2 class=\"wp-block-heading\"><\/h2>\n\n\n\n<p class=\"has-text-align-center has-small-font-size\"><em>2022 \/ 14\u2019 \/ Mandarin \/ VOSTF \/ Exp\u00e9rimental<\/em><\/p>\n\n\n\n<p class=\"has-text-align-center has-small-font-size\">2022 \/ 14\u2019 \/ \u666e\u901a\u8bdd \/ \u539f\u58f0\u6cd5\u8bed\u5b57\u5e55 \/ \u5b9e\u9a8c<\/p>\n\n\n\n<p><\/p>\n\n\n\n<p class=\"has-text-align-left\" style=\"font-size:16px;line-height:1.5\">En entrant dans une grotte, la vue fluctue \u00e0 la lueur du feu. De gauche \u00e0 droite, de haut en bas. Il en va de m\u00eame pour l&#8217;\u00e9cran devant vous, qui vous fait traverser un tunnel illumin\u00e9, sans bord, offrant d\u00e9sirs et sensations, au son d\u2019un \u00e9trange free jazz.<\/p>\n\n\n\n<p>\u8e0f\u5165\u4e00\u4e2a\u6d1e\u7a74\uff0c\u89c6\u7ebf\u501f\u7740\u706b\u5149\u8d77\u4f0f\u3002\u5de6\u81f3\u53f3\uff0c\u4e0a\u81f3\u4e0b\u3002\u4f60\u773c\u524d\u7684\u5c4f\u5e55\u4e5f\u662f\u5982\u6b64\u3002\u5b83\u662f\u4e00\u4e2a\u65e0\u8fb9\u754c\u7684\u901a\u9053\uff0c\u4e0a\u6f14\u7740\u9a6f\u5316\u4e0e\u6e34\u671b\u3002<\/p>\n\n\n\n<p><mark style=\"background-color:rgba(0, 0, 0, 0)\" class=\"has-inline-color has-white-color\">000000<\/mark><\/p>\n\n\n\n<figure class=\"wp-block-gallery has-nested-images columns-default is-cropped wp-block-gallery-1 is-layout-flex wp-block-gallery-is-layout-flex\">\n<figure class=\"wp-block-image size-large\"><img loading=\"lazy\" decoding=\"async\" width=\"1024\" height=\"576\" data-id=\"3822\" src=\"https:\/\/www.allersretoursasso.fr\/wp-content\/uploads\/2023\/08\/Silver-Cave-1-1024x576.jpg\" alt=\"\" class=\"wp-image-3822\" srcset=\"https:\/\/www.allersretoursasso.fr\/wp-content\/uploads\/2023\/08\/Silver-Cave-1-1024x576.jpg 1024w, https:\/\/www.allersretoursasso.fr\/wp-content\/uploads\/2023\/08\/Silver-Cave-1-300x169.jpg 300w, https:\/\/www.allersretoursasso.fr\/wp-content\/uploads\/2023\/08\/Silver-Cave-1-768x432.jpg 768w, https:\/\/www.allersretoursasso.fr\/wp-content\/uploads\/2023\/08\/Silver-Cave-1-1536x864.jpg 1536w, https:\/\/www.allersretoursasso.fr\/wp-content\/uploads\/2023\/08\/Silver-Cave-1-18x10.jpg 18w, https:\/\/www.allersretoursasso.fr\/wp-content\/uploads\/2023\/08\/Silver-Cave-1-350x197.jpg 350w, https:\/\/www.allersretoursasso.fr\/wp-content\/uploads\/2023\/08\/Silver-Cave-1.jpg 1920w\" sizes=\"(max-width: 767px) 89vw, (max-width: 1000px) 54vw, (max-width: 1071px) 543px, 580px\" \/><\/figure>\n\n\n\n<figure class=\"wp-block-image size-large\"><img loading=\"lazy\" decoding=\"async\" width=\"1024\" height=\"576\" data-id=\"3823\" src=\"https:\/\/www.allersretoursasso.fr\/wp-content\/uploads\/2023\/08\/Silver-Cave-2-1024x576.jpg\" alt=\"\" class=\"wp-image-3823\" srcset=\"https:\/\/www.allersretoursasso.fr\/wp-content\/uploads\/2023\/08\/Silver-Cave-2-1024x576.jpg 1024w, https:\/\/www.allersretoursasso.fr\/wp-content\/uploads\/2023\/08\/Silver-Cave-2-300x169.jpg 300w, https:\/\/www.allersretoursasso.fr\/wp-content\/uploads\/2023\/08\/Silver-Cave-2-768x432.jpg 768w, https:\/\/www.allersretoursasso.fr\/wp-content\/uploads\/2023\/08\/Silver-Cave-2-1536x864.jpg 1536w, https:\/\/www.allersretoursasso.fr\/wp-content\/uploads\/2023\/08\/Silver-Cave-2-18x10.jpg 18w, https:\/\/www.allersretoursasso.fr\/wp-content\/uploads\/2023\/08\/Silver-Cave-2-350x197.jpg 350w, https:\/\/www.allersretoursasso.fr\/wp-content\/uploads\/2023\/08\/Silver-Cave-2.jpg 1920w\" sizes=\"(max-width: 767px) 89vw, (max-width: 1000px) 54vw, (max-width: 1071px) 543px, 580px\" \/><\/figure>\n<\/figure>\n\n\n\n<div class=\"wp-block-group is-layout-constrained wp-block-group-is-layout-constrained\"><div class=\"wp-block-group__inner-container\">\n<div class=\"wp-block-columns is-layout-flex wp-container-core-columns-layout-1 wp-block-columns-is-layout-flex\">\n<div class=\"wp-block-column is-layout-flow wp-block-column-is-layout-flow\" style=\"flex-basis:100%\">\n<figure class=\"wp-block-image size-large\"><img loading=\"lazy\" decoding=\"async\" width=\"1024\" height=\"576\" src=\"https:\/\/www.allersretoursasso.fr\/wp-content\/uploads\/2023\/08\/Silver-Cave-3-1024x576.jpg\" alt=\"\" class=\"wp-image-3824\" srcset=\"https:\/\/www.allersretoursasso.fr\/wp-content\/uploads\/2023\/08\/Silver-Cave-3-1024x576.jpg 1024w, https:\/\/www.allersretoursasso.fr\/wp-content\/uploads\/2023\/08\/Silver-Cave-3-300x169.jpg 300w, https:\/\/www.allersretoursasso.fr\/wp-content\/uploads\/2023\/08\/Silver-Cave-3-768x432.jpg 768w, https:\/\/www.allersretoursasso.fr\/wp-content\/uploads\/2023\/08\/Silver-Cave-3-1536x864.jpg 1536w, https:\/\/www.allersretoursasso.fr\/wp-content\/uploads\/2023\/08\/Silver-Cave-3-18x10.jpg 18w, https:\/\/www.allersretoursasso.fr\/wp-content\/uploads\/2023\/08\/Silver-Cave-3-350x197.jpg 350w, https:\/\/www.allersretoursasso.fr\/wp-content\/uploads\/2023\/08\/Silver-Cave-3.jpg 1920w\" sizes=\"(max-width: 767px) 89vw, (max-width: 1000px) 54vw, (max-width: 1071px) 543px, 580px\" \/><\/figure>\n<\/div>\n<\/div>\n<\/div><\/div>\n\n\n\n<figure class=\"wp-block-embed is-type-video is-provider-youtube wp-block-embed-youtube wp-embed-aspect-16-9 wp-has-aspect-ratio\"><div class=\"wp-block-embed__wrapper\">\n<iframe loading=\"lazy\" title=\"Silver Cave - CAI Caibei - Bande-annonce\" width=\"525\" height=\"295\" src=\"https:\/\/www.youtube.com\/embed\/n5tpguEWR4Y?feature=oembed\" frameborder=\"0\" allow=\"accelerometer; autoplay; clipboard-write; encrypted-media; gyroscope; picture-in-picture; web-share\" allowfullscreen><\/iframe>\n<\/div><\/figure>\n\n\n\n<p><\/p>\n\n\n\n<div class=\"wp-block-columns is-layout-flex wp-container-core-columns-layout-2 wp-block-columns-is-layout-flex\">\n<div class=\"wp-block-column is-layout-flow wp-block-column-is-layout-flow\"><\/div>\n<\/div>\n\n\n\n<hr class=\"wp-block-separator has-alpha-channel-opacity\"\/>\n\n\n\n<div class=\"wp-block-columns is-layout-flex wp-container-core-columns-layout-3 wp-block-columns-is-layout-flex\">\n<div class=\"wp-block-column is-layout-flow wp-block-column-is-layout-flow\"><\/div>\n<\/div>\n\n\n\n<div class=\"wp-block-columns is-layout-flex wp-container-core-columns-layout-4 wp-block-columns-is-layout-flex\">\n<div class=\"wp-block-column is-layout-flow wp-block-column-is-layout-flow\" style=\"flex-basis:33.33%\">\n<figure class=\"wp-block-image size-large\"><img loading=\"lazy\" decoding=\"async\" width=\"1024\" height=\"782\" src=\"https:\/\/www.allersretoursasso.fr\/wp-content\/uploads\/2023\/08\/03-CAI-Caibei\u8521\u91c7\u8d1d.jpg\uff08\u526f\u672c\uff09-1024x782.jpg\" alt=\"\" class=\"wp-image-3825\" srcset=\"https:\/\/www.allersretoursasso.fr\/wp-content\/uploads\/2023\/08\/03-CAI-Caibei\u8521\u91c7\u8d1d.jpg\uff08\u526f\u672c\uff09-1024x782.jpg 1024w, https:\/\/www.allersretoursasso.fr\/wp-content\/uploads\/2023\/08\/03-CAI-Caibei\u8521\u91c7\u8d1d.jpg\uff08\u526f\u672c\uff09-300x229.jpg 300w, https:\/\/www.allersretoursasso.fr\/wp-content\/uploads\/2023\/08\/03-CAI-Caibei\u8521\u91c7\u8d1d.jpg\uff08\u526f\u672c\uff09-768x586.jpg 768w, https:\/\/www.allersretoursasso.fr\/wp-content\/uploads\/2023\/08\/03-CAI-Caibei\u8521\u91c7\u8d1d.jpg\uff08\u526f\u672c\uff09-1536x1173.jpg 1536w, https:\/\/www.allersretoursasso.fr\/wp-content\/uploads\/2023\/08\/03-CAI-Caibei\u8521\u91c7\u8d1d.jpg\uff08\u526f\u672c\uff09-2048x1564.jpg 2048w, https:\/\/www.allersretoursasso.fr\/wp-content\/uploads\/2023\/08\/03-CAI-Caibei\u8521\u91c7\u8d1d.jpg\uff08\u526f\u672c\uff09-16x12.jpg 16w, https:\/\/www.allersretoursasso.fr\/wp-content\/uploads\/2023\/08\/03-CAI-Caibei\u8521\u91c7\u8d1d.jpg\uff08\u526f\u672c\uff09-350x267.jpg 350w\" sizes=\"(max-width: 767px) 89vw, (max-width: 1000px) 54vw, (max-width: 1071px) 543px, 580px\" \/><\/figure>\n<\/div>\n\n\n\n<div class=\"wp-block-column is-layout-flow wp-block-column-is-layout-flow\" style=\"flex-basis:66.66%\">\n<p><strong>Par rapport \u00e0 CAI Caibei<br>\/ \u5173\u4e8e\u8521\u91c7\u8d1d<\/strong><\/p>\n\n\n\n<p class=\"has-small-font-size\"><\/p>\n<\/div>\n<\/div>\n\n\n\n<p class=\"has-small-font-size\"><\/p>\n\n\n\n<p class=\"has-small-font-size\">N\u00e9e \u00e0 Shenzhen en 1992, CAI Caibei est dipl\u00f4m\u00e9e de l\u2019Universit\u00e9 de Jiangnan et du Royal College of Art. Elle travaille avec diff\u00e9rentes textures telles que les empreintes de doigts, les effets r\u00e9fl\u00e9chissants, ou la pixellisation.&nbsp;<\/p>\n\n\n\n<p class=\"has-small-font-size\">1992\u5e74\u51fa\u751f\u4e8e\u5e7f\u4e1c\u6df1\u5733\u3002\u5979\u5206\u522b\u4ece\u6c5f\u5357\u5927\u5b66\u548c\u82f1\u56fd\u7687\u5bb6\u827a\u672f\u5b66\u9662\u83b7\u5f97\u7855\u58eb\u5b66\u4f4d\u3002\u5979\u64c5\u957f\u7528\u9010\u5e27\u7ed8\u5236\u7684\u5de5\u4f5c\u65b9\u5f0f\u53bb\u6355\u83b7\u5c4f\u5e55\u4e0a\u7684\u5e7b\u50cf\u53ca\u9690\u533f\u7684\u8eab\u4f53\u3002\u5979\u7684\u7247\u5b50\u603b\u662f\u5728\u9080\u8bf7\u89c2\u4f17\u2f00\u8d77\u53bb\u611f\u77e5\u8eab\u4f53\u5185\u90e8\u7684\u51b2\u7a81\u4ee5\u53ca\u6240\u5904\u7684\u4e0d\u5b89\u73af\u5883\u3002<\/p>\n\n\n\n<p class=\"has-small-font-size\"><\/p>\n\n\n\n<p><\/p>\n\n\n\n<hr class=\"wp-block-separator has-alpha-channel-opacity is-style-wide\"\/>\n\n\n\n<div class=\"wp-block-columns is-layout-flex wp-container-core-columns-layout-5 wp-block-columns-is-layout-flex\">\n<div class=\"wp-block-column is-layout-flow wp-block-column-is-layout-flow\"><\/div>\n<\/div>\n\n\n\n<div class=\"wp-block-buttons is-content-justification-center is-layout-flex wp-container-core-buttons-layout-1 wp-block-buttons-is-layout-flex\">\n<div class=\"wp-block-button has-custom-width wp-block-button__width-75 has-custom-font-size is-style-outline\" style=\"font-size:16px\"><a class=\"wp-block-button__link has-black-color has-white-background-color has-text-color has-background wp-element-button\" href=\"https:\/\/www.billetweb.fr\/coa-allersretours\">\u8d2d\u7968\u94fe\u63a5<br>\u7ebf\u4e0a\u8d2d\u7968<\/a><\/div>\n<\/div>\n\n\n\n<p><\/p>\n\n\n\n<p class=\"has-text-align-center\"><\/p>\n\n\n\n<div class=\"wp-block-columns is-layout-flex wp-container-core-columns-layout-6 wp-block-columns-is-layout-flex\">\n<div class=\"wp-block-column is-layout-flow wp-block-column-is-layout-flow\">\n<p class=\"has-text-align-center\"><strong>Jeudi 28 septembre \u00e0 19h45 au<\/strong><br><strong>STUDIO DES URSULINES <\/strong><br>10 rue des Ursulines, 75005 Paris<\/p>\n<\/div>\n\n\n\n<div class=\"wp-block-column is-layout-flow wp-block-column-is-layout-flow\">\n<p class=\"has-text-align-center\"><strong>Jeudi 28 septembre \u00e0 20h30 au<\/strong><br><strong>CIN\u00c9MA LUMI\u00c8RE  BELLECOUR<\/strong><br>12 Rue de la Barre, 69002 Lyon<\/p>\n<\/div>\n<\/div>\n\n\n\n<div class=\"wp-block-cover is-light\" style=\"min-height:349px\"><span aria-hidden=\"true\" class=\"wp-block-cover__background has-white-background-color has-background-dim\"><\/span><div class=\"wp-block-cover__inner-container is-layout-flow wp-block-cover-is-layout-flow\">\n<div class=\"wp-block-group is-layout-flow wp-block-group-is-layout-flow\"><div class=\"wp-block-group__inner-container\">\n<figure class=\"wp-block-image size-large\"><img loading=\"lazy\" decoding=\"async\" width=\"1024\" height=\"380\" src=\"https:\/\/www.allersretoursasso.fr\/wp-content\/uploads\/2023\/09\/banner-1024x380.jpg\" alt=\"\" class=\"wp-image-4022\" srcset=\"https:\/\/www.allersretoursasso.fr\/wp-content\/uploads\/2023\/09\/banner-1024x380.jpg 1024w, https:\/\/www.allersretoursasso.fr\/wp-content\/uploads\/2023\/09\/banner-300x111.jpg 300w, https:\/\/www.allersretoursasso.fr\/wp-content\/uploads\/2023\/09\/banner-768x285.jpg 768w, https:\/\/www.allersretoursasso.fr\/wp-content\/uploads\/2023\/09\/banner-18x7.jpg 18w, https:\/\/www.allersretoursasso.fr\/wp-content\/uploads\/2023\/09\/banner-350x130.jpg 350w, https:\/\/www.allersretoursasso.fr\/wp-content\/uploads\/2023\/09\/banner.jpg 1277w\" sizes=\"(max-width: 767px) 89vw, (max-width: 1000px) 54vw, (max-width: 1071px) 543px, 580px\" \/><\/figure>\n<\/div><\/div>\n<\/div><\/div>\n\n\n\n<div class=\"wp-block-group is-layout-flow wp-block-group-is-layout-flow\"><div class=\"wp-block-group__inner-container\">\n<p class=\"has-text-align-center\" style=\"font-size:15px\"><\/p>\n<\/div><\/div>\n\n\n\n<p class=\"has-text-align-center has-white-color has-text-color\" style=\"font-size:15px\"> 19h45 aux Ursuline<\/p>\n\n\n\n<p class=\"has-text-align-center has-white-color has-text-color\" style=\"font-size:15px\">06 octobre \u00e0 19h45 aux Ursulines<\/p>","protected":false},"excerpt":{"rendered":"<p>2022 \/ 14\u2019 \/ Mandarin \/ VOSTF \/ Exp\u00e9rimental 2022 \/ 14\u2019 \/ \u666e\u901a\u8bdd \/ \u539f\u58f0\u6cd5\u8bed\u5b57\u5e55 \/ \u5b9e\u9a8c En entrant dans une grotte, la vue fluctue \u00e0 la lueur du feu. De gauche \u00e0 droite, de haut en bas. Il en va de m\u00eame pour l&#8217;\u00e9cran devant vous, qui vous fait traverser un tunnel illumin\u00e9, &hellip; <\/p>\n<p class=\"link-more\"><a href=\"https:\/\/www.allersretoursasso.fr\/zh\/coming-of-age-2023-sliver-cave\/\" class=\"more-link\">\u7ee7\u7eed\u9605\u8bfb<span class=\"screen-reader-text\">\u201cComing of Age 2023  &#8211; Sliver Cave\u201d<\/span><\/a><\/p>","protected":false},"author":15,"featured_media":0,"parent":0,"menu_order":0,"comment_status":"closed","ping_status":"closed","template":"","meta":{"footnotes":""},"_links":{"self":[{"href":"https:\/\/www.allersretoursasso.fr\/zh\/wp-json\/wp\/v2\/pages\/3820"}],"collection":[{"href":"https:\/\/www.allersretoursasso.fr\/zh\/wp-json\/wp\/v2\/pages"}],"about":[{"href":"https:\/\/www.allersretoursasso.fr\/zh\/wp-json\/wp\/v2\/types\/page"}],"author":[{"embeddable":true,"href":"https:\/\/www.allersretoursasso.fr\/zh\/wp-json\/wp\/v2\/users\/15"}],"replies":[{"embeddable":true,"href":"https:\/\/www.allersretoursasso.fr\/zh\/wp-json\/wp\/v2\/comments?post=3820"}],"version-history":[{"count":11,"href":"https:\/\/www.allersretoursasso.fr\/zh\/wp-json\/wp\/v2\/pages\/3820\/revisions"}],"predecessor-version":[{"id":4189,"href":"https:\/\/www.allersretoursasso.fr\/zh\/wp-json\/wp\/v2\/pages\/3820\/revisions\/4189"}],"wp:attachment":[{"href":"https:\/\/www.allersretoursasso.fr\/zh\/wp-json\/wp\/v2\/media?parent=3820"}],"curies":[{"name":"wp","href":"https:\/\/api.w.org\/{rel}","templated":true}]}}