{"id":3829,"date":"2023-08-28T23:00:40","date_gmt":"2023-08-28T21:00:40","guid":{"rendered":"https:\/\/www.allersretoursasso.fr\/?page_id=3829"},"modified":"2023-09-06T23:08:18","modified_gmt":"2023-09-06T21:08:18","slug":"coming-of-age-2023-the-thing-with-feathers","status":"publish","type":"page","link":"https:\/\/www.allersretoursasso.fr\/zh\/coming-of-age-2023-the-thing-with-feathers\/","title":{"rendered":"Coming of Age 2023  &#8211; The Thing with Feathers"},"content":{"rendered":"<div id=\"fb-root\"><\/div>\n\n<div class=\"wp-block-media-text alignwide is-stacked-on-mobile\" style=\"grid-template-columns:41% auto\"><figure class=\"wp-block-media-text__media\"><img loading=\"lazy\" decoding=\"async\" width=\"726\" height=\"1024\" src=\"https:\/\/www.allersretoursasso.fr\/wp-content\/uploads\/2023\/08\/\u622a\u5c4f2023-08-28-23.01.10-726x1024.png\" alt=\"\" class=\"wp-image-3830 size-full\" srcset=\"https:\/\/www.allersretoursasso.fr\/wp-content\/uploads\/2023\/08\/\u622a\u5c4f2023-08-28-23.01.10-726x1024.png 726w, https:\/\/www.allersretoursasso.fr\/wp-content\/uploads\/2023\/08\/\u622a\u5c4f2023-08-28-23.01.10-213x300.png 213w, https:\/\/www.allersretoursasso.fr\/wp-content\/uploads\/2023\/08\/\u622a\u5c4f2023-08-28-23.01.10-768x1083.png 768w, https:\/\/www.allersretoursasso.fr\/wp-content\/uploads\/2023\/08\/\u622a\u5c4f2023-08-28-23.01.10-1089x1536.png 1089w, https:\/\/www.allersretoursasso.fr\/wp-content\/uploads\/2023\/08\/\u622a\u5c4f2023-08-28-23.01.10-9x12.png 9w, https:\/\/www.allersretoursasso.fr\/wp-content\/uploads\/2023\/08\/\u622a\u5c4f2023-08-28-23.01.10-350x494.png 350w, https:\/\/www.allersretoursasso.fr\/wp-content\/uploads\/2023\/08\/\u622a\u5c4f2023-08-28-23.01.10.png 1272w\" sizes=\"(max-width: 726px) 100vw, 726px\" \/><\/figure><div class=\"wp-block-media-text__content\">\n<div class=\"wp-block-group is-layout-flow wp-block-group-is-layout-flow\"><div class=\"wp-block-group__inner-container\">\n<div class=\"wp-block-group is-vertical is-layout-flex wp-container-core-group-layout-4 wp-block-group-is-layout-flex\">\n<div class=\"wp-block-group is-layout-flow wp-block-group-is-layout-flow\"><div class=\"wp-block-group__inner-container\">\n<div class=\"wp-block-group is-layout-flow wp-block-group-is-layout-flow\"><div class=\"wp-block-group__inner-container\">\n<div class=\"wp-block-group is-layout-flow wp-block-group-is-layout-flow\"><div class=\"wp-block-group__inner-container\">\n<p><\/p>\n\n\n\n<p style=\"font-size:30px;font-style:normal;font-weight:500\"><em><span style=\"font-weight: 400\"><strong><strong>The Thing with Feathers<\/strong><\/strong><\/span><\/em><\/p>\n\n\n\n<p style=\"font-size:30px;font-style:normal;font-weight:500\"><strong>\u6709\u7fbd\u6bdb\u7684\u4e1c\u897f<\/strong><\/p>\n\n\n\n<p class=\"has-medium-font-size\">XU Tianlin <\/p>\n\n\n\n<p class=\"has-medium-font-size\">\u5f90\u5929\u7433<\/p>\n\n\n\n<p class=\"has-small-font-size\"><a href=\"https:\/\/www.allersretoursasso.fr\/zh\/coming-of-age-2023\/\" target=\"_blank\" rel=\"noreferrer noopener\">\u00c9dition : Coming of Age 2023<\/a><\/p>\n\n\n\n<p style=\"font-size:10px\"><\/p>\n<\/div><\/div>\n\n\n\n<p class=\"has-text-align-center\"><\/p>\n\n\n\n<p class=\"has-text-align-left\" style=\"font-size:15px\"><\/p>\n<\/div><\/div>\n<\/div><\/div>\n<\/div>\n<\/div><\/div>\n<\/div><\/div>\n\n\n\n<h2 class=\"wp-block-heading\"><\/h2>\n\n\n\n<p class=\"has-text-align-center has-small-font-size\"><em>2022 \/ 20\u2019 \/ Allemand, Persan \/ VOSTF \/ Fiction<\/em><\/p>\n\n\n\n<p class=\"has-text-align-center has-small-font-size\">2022 \/ 20\u2019\u2019 \/ \u5fb7\u8bed\uff0c\u6ce2\u65af\u8bed \/ \u539f\u58f0\u6cd5\u8bed\u5b57\u5e55 \/ \u5267\u60c5<\/p>\n\n\n\n<p class=\"has-text-align-left\" style=\"font-size:16px;line-height:1.5\">Maryam, m\u00e9decin iranienne, est venue chercher asile en Allemagne avec sa famille. Elle \u00e9tudie avec acharnement pendant que son mari Hossain s&#8217;occupe de leurs enfants. Lorsque Hossain d\u00e9croche un entretien d\u2019embauche, Maryam doit briser sa routine.&nbsp;<\/p>\n\n\n\n<p class=\"has-text-align-left\">\u4e24\u5e74\u524d\u4f0a\u6717\u7c4d\u533b\u751fMaryam\u5e26\u7740\u5979\u7684\u5bb6\u4eba\u6765\u5fb7\u56fd\u7533\u8bf7\u96be\u6c11\u8eab\u4efd\u3002\u4e3a\u4e86\u80fd\u591f\u5c3d\u5feb\u91cd\u65b0\u5f00\u59cb\u5de5\u4f5c\uff0c\u5979\u4e3a\u81ea\u5df1\u5236\u5b9a\u4e86\u4e25\u683c\u7684\u5b66\u4e60\u8ba1\u5212\uff0c\u800c\u5979\u7684\u4e08\u592bHossain\u5219\u5728\u5bb6\u7167\u987e\u4ed6\u4eec1\u5c81\u7684\u5c0f\u5973\u513f\u3002\u8fd9\u4e00\u5929\uff0cHossain\u5f97\u5230\u4e86\u4e00\u5bb6\u7167\u76f8\u9986\u7684\u9762\u8bd5\u673a\u4f1a\uff0cMaryam\u9700\u8981\u72ec\u81ea\u7167\u987e\u5b69\u5b50\uff0c\u5979\u4e0d\u5f97\u4e0d\u6539\u53d8\u5f53\u5929\u7684\u8282\u594f\u3002<\/p>\n\n\n\n<p><mark style=\"background-color:rgba(0, 0, 0, 0)\" class=\"has-inline-color has-white-color\">000000<\/mark><\/p>\n\n\n\n<figure class=\"wp-block-gallery has-nested-images columns-default is-cropped wp-block-gallery-1 is-layout-flex wp-block-gallery-is-layout-flex\">\n<figure class=\"wp-block-image size-large\"><img loading=\"lazy\" decoding=\"async\" width=\"1024\" height=\"768\" data-id=\"3832\" src=\"https:\/\/www.allersretoursasso.fr\/wp-content\/uploads\/2023\/08\/The-Thing-with-Feathers-1-1024x768.jpg\" alt=\"\" class=\"wp-image-3832\" srcset=\"https:\/\/www.allersretoursasso.fr\/wp-content\/uploads\/2023\/08\/The-Thing-with-Feathers-1-1024x768.jpg 1024w, https:\/\/www.allersretoursasso.fr\/wp-content\/uploads\/2023\/08\/The-Thing-with-Feathers-1-300x225.jpg 300w, https:\/\/www.allersretoursasso.fr\/wp-content\/uploads\/2023\/08\/The-Thing-with-Feathers-1-768x576.jpg 768w, https:\/\/www.allersretoursasso.fr\/wp-content\/uploads\/2023\/08\/The-Thing-with-Feathers-1-1536x1152.jpg 1536w, https:\/\/www.allersretoursasso.fr\/wp-content\/uploads\/2023\/08\/The-Thing-with-Feathers-1-16x12.jpg 16w, https:\/\/www.allersretoursasso.fr\/wp-content\/uploads\/2023\/08\/The-Thing-with-Feathers-1-350x263.jpg 350w, https:\/\/www.allersretoursasso.fr\/wp-content\/uploads\/2023\/08\/The-Thing-with-Feathers-1.jpg 1600w\" sizes=\"(max-width: 767px) 89vw, (max-width: 1000px) 54vw, (max-width: 1071px) 543px, 580px\" \/><\/figure>\n\n\n\n<figure class=\"wp-block-image size-full\"><img loading=\"lazy\" decoding=\"async\" width=\"800\" height=\"598\" data-id=\"3833\" src=\"https:\/\/www.allersretoursasso.fr\/wp-content\/uploads\/2023\/08\/The-Thing-with-Feathers-2.jpg\" alt=\"\" class=\"wp-image-3833\" srcset=\"https:\/\/www.allersretoursasso.fr\/wp-content\/uploads\/2023\/08\/The-Thing-with-Feathers-2.jpg 800w, https:\/\/www.allersretoursasso.fr\/wp-content\/uploads\/2023\/08\/The-Thing-with-Feathers-2-300x224.jpg 300w, https:\/\/www.allersretoursasso.fr\/wp-content\/uploads\/2023\/08\/The-Thing-with-Feathers-2-768x574.jpg 768w, https:\/\/www.allersretoursasso.fr\/wp-content\/uploads\/2023\/08\/The-Thing-with-Feathers-2-16x12.jpg 16w, https:\/\/www.allersretoursasso.fr\/wp-content\/uploads\/2023\/08\/The-Thing-with-Feathers-2-350x262.jpg 350w\" sizes=\"(max-width: 767px) 89vw, (max-width: 1000px) 54vw, (max-width: 1071px) 543px, 580px\" \/><\/figure>\n\n\n\n<figure class=\"wp-block-image size-large\"><img loading=\"lazy\" decoding=\"async\" width=\"800\" height=\"597\" data-id=\"3837\" src=\"https:\/\/www.allersretoursasso.fr\/wp-content\/uploads\/2023\/08\/The-Thing-with-Feathers-3-1.jpg\" alt=\"\" class=\"wp-image-3837\" srcset=\"https:\/\/www.allersretoursasso.fr\/wp-content\/uploads\/2023\/08\/The-Thing-with-Feathers-3-1.jpg 800w, https:\/\/www.allersretoursasso.fr\/wp-content\/uploads\/2023\/08\/The-Thing-with-Feathers-3-1-300x224.jpg 300w, https:\/\/www.allersretoursasso.fr\/wp-content\/uploads\/2023\/08\/The-Thing-with-Feathers-3-1-768x573.jpg 768w, https:\/\/www.allersretoursasso.fr\/wp-content\/uploads\/2023\/08\/The-Thing-with-Feathers-3-1-16x12.jpg 16w, https:\/\/www.allersretoursasso.fr\/wp-content\/uploads\/2023\/08\/The-Thing-with-Feathers-3-1-350x261.jpg 350w\" sizes=\"(max-width: 767px) 89vw, (max-width: 1000px) 54vw, (max-width: 1071px) 543px, 580px\" \/><\/figure>\n<\/figure>\n\n\n\n<figure class=\"wp-block-embed is-type-video is-provider-youtube wp-block-embed-youtube wp-embed-aspect-16-9 wp-has-aspect-ratio\"><div class=\"wp-block-embed__wrapper\">\n<iframe loading=\"lazy\" title=\"The Thing with Feathers - XU Tianlin - Bande-annonce\" width=\"525\" height=\"295\" src=\"https:\/\/www.youtube.com\/embed\/f-RdWW_MBOw?feature=oembed\" frameborder=\"0\" allow=\"accelerometer; autoplay; clipboard-write; encrypted-media; gyroscope; picture-in-picture; web-share\" allowfullscreen><\/iframe>\n<\/div><\/figure>\n\n\n\n<p><\/p>\n\n\n\n<div class=\"wp-block-columns is-layout-flex wp-container-core-columns-layout-1 wp-block-columns-is-layout-flex\">\n<div class=\"wp-block-column is-layout-flow wp-block-column-is-layout-flow\"><\/div>\n<\/div>\n\n\n\n<hr class=\"wp-block-separator has-alpha-channel-opacity\"\/>\n\n\n\n<div class=\"wp-block-columns is-layout-flex wp-container-core-columns-layout-2 wp-block-columns-is-layout-flex\">\n<div class=\"wp-block-column is-layout-flow wp-block-column-is-layout-flow\"><\/div>\n<\/div>\n\n\n\n<div class=\"wp-block-columns is-layout-flex wp-container-core-columns-layout-3 wp-block-columns-is-layout-flex\">\n<div class=\"wp-block-column is-layout-flow wp-block-column-is-layout-flow\" style=\"flex-basis:33.33%\">\n<figure class=\"wp-block-image size-full\"><img loading=\"lazy\" decoding=\"async\" width=\"567\" height=\"848\" src=\"https:\/\/www.allersretoursasso.fr\/wp-content\/uploads\/2023\/08\/04-XU-Tianlin.jpg\uff08\u526f\u672c\uff09.jpg\" alt=\"\" class=\"wp-image-3831\" srcset=\"https:\/\/www.allersretoursasso.fr\/wp-content\/uploads\/2023\/08\/04-XU-Tianlin.jpg\uff08\u526f\u672c\uff09.jpg 567w, https:\/\/www.allersretoursasso.fr\/wp-content\/uploads\/2023\/08\/04-XU-Tianlin.jpg\uff08\u526f\u672c\uff09-201x300.jpg 201w, https:\/\/www.allersretoursasso.fr\/wp-content\/uploads\/2023\/08\/04-XU-Tianlin.jpg\uff08\u526f\u672c\uff09-8x12.jpg 8w, https:\/\/www.allersretoursasso.fr\/wp-content\/uploads\/2023\/08\/04-XU-Tianlin.jpg\uff08\u526f\u672c\uff09-350x523.jpg 350w\" sizes=\"(max-width: 567px) 100vw, 567px\" \/><\/figure>\n<\/div>\n\n\n\n<div class=\"wp-block-column is-layout-flow wp-block-column-is-layout-flow\" style=\"flex-basis:66.66%\">\n<p><strong>Par rapport \u00e0 XU Tianlin<br>\/ \u5173\u4e8e\u5f90\u5929\u7433<\/strong><\/p>\n\n\n\n<p class=\"has-small-font-size\"><\/p>\n<\/div>\n<\/div>\n\n\n\n<p class=\"has-small-font-size\"><\/p>\n\n\n\n<p class=\"has-small-font-size\">R\u00e9alisatrice et \u00e9ducatrice aux m\u00e9dias bas\u00e9e \u00e0 Hangzhou en Chine et \u00e0 Hattingen en Allemagne, dipl\u00f4m\u00e9e de l&#8217;Universit\u00e9 de Bonn \/ DW Akademie. Son premier long-m\u00e9trage documentaire, &#8220;Coming and Going&#8221;, a remport\u00e9 plusieurs prix. En 2018, elle cofonde le Studio Klasse Story Lab au Yunnan, un atelier consacr\u00e9 \u00e0 l&#8217;\u00e9ducation cin\u00e9matographique des jeunes.<\/p>\n\n\n\n<p class=\"has-small-font-size\">\u7535\u5f71\u4eba\u3001\u9752\u5c11\u5e74\u5a92\u4f53\u6559\u80b2\u5de5\u4f5c\u8005\u3002\u6bd5\u4e1a\u4e8e\u4e2d\u56fd\u4f20\u5a92\u5927\u5b66\u5fb7\u8bed\u7cfb\uff0c\u5fb7\u56fd\u6ce2\u6069\u5927\u5b66\uff0f\u5fb7\u56fd\u4e4b\u58f0\u5b66\u9662\u5a92\u4f53\u5b66\u7855\u58eb\u3002\u5979\u7684\u4f5c\u54c1\u5f62\u5f0f\u6db5\u76d6\u4e86\u7eaa\u5f55\u7247\u3001\u5b9a\u683c\u52a8\u753b\u548c\u5267\u60c5\u7247\u9886\u57df\u3002<br>\u300a\u6709\u7fbd\u6bdb\u7684\u4e1c\u897f\u300b\u662f\u5979\u7684\u7b2c\u4e00\u90e8\u6545\u4e8b\u77ed\u7247\u3002<\/p>\n\n\n\n<p><\/p>\n\n\n\n<p><\/p>\n\n\n\n<hr class=\"wp-block-separator has-alpha-channel-opacity is-style-wide\"\/>\n\n\n\n<div class=\"wp-block-columns is-layout-flex wp-container-core-columns-layout-4 wp-block-columns-is-layout-flex\">\n<div class=\"wp-block-column is-layout-flow wp-block-column-is-layout-flow\"><\/div>\n<\/div>\n\n\n\n<div class=\"wp-block-buttons is-content-justification-center is-layout-flex wp-container-core-buttons-layout-1 wp-block-buttons-is-layout-flex\">\n<div class=\"wp-block-button has-custom-width wp-block-button__width-75 has-custom-font-size is-style-outline\" style=\"font-size:16px\"><a class=\"wp-block-button__link has-black-color has-white-background-color has-text-color has-background wp-element-button\" href=\"https:\/\/www.billetweb.fr\/coa-allersretours\">\u8d2d\u7968\u94fe\u63a5<br>\u7ebf\u4e0a\u8d2d\u7968<\/a><\/div>\n<\/div>\n\n\n\n<p><\/p>\n\n\n\n<div class=\"wp-block-columns is-layout-flex wp-container-core-columns-layout-5 wp-block-columns-is-layout-flex\">\n<div class=\"wp-block-column is-layout-flow wp-block-column-is-layout-flow\">\n<p class=\"has-text-align-center\" style=\"text-transform:none\"><strong>Vendredi<\/strong> <strong>29 septembre \u00e0 19h45 au<\/strong><br><strong>STUDIO DES URSULINES<\/strong><br>10 rue des Ursulines, 75005 Paris<\/p>\n<\/div>\n\n\n\n<div class=\"wp-block-column is-layout-flow wp-block-column-is-layout-flow\">\n<p class=\"has-text-align-center\"><strong>Vendredi<\/strong> <strong>29 septembre \u00e0 <strong> 18h30 <\/strong> \u4e8e<\/strong><br><strong>CIN\u00c9MA LUMI\u00c8RE BELLECOUR<\/strong><br>12 Rue de la Barre, 69002 Lyon<\/p>\n<\/div>\n<\/div>\n\n\n\n<div class=\"wp-block-cover is-light\" style=\"min-height:349px\"><span aria-hidden=\"true\" class=\"wp-block-cover__background has-white-background-color has-background-dim\"><\/span><div class=\"wp-block-cover__inner-container is-layout-flow wp-block-cover-is-layout-flow\">\n<div class=\"wp-block-group is-layout-flow wp-block-group-is-layout-flow\"><div class=\"wp-block-group__inner-container\">\n<figure class=\"wp-block-image size-large\"><img loading=\"lazy\" decoding=\"async\" width=\"1024\" height=\"380\" src=\"https:\/\/www.allersretoursasso.fr\/wp-content\/uploads\/2023\/09\/banner-1024x380.jpg\" alt=\"\" class=\"wp-image-4022\" srcset=\"https:\/\/www.allersretoursasso.fr\/wp-content\/uploads\/2023\/09\/banner-1024x380.jpg 1024w, https:\/\/www.allersretoursasso.fr\/wp-content\/uploads\/2023\/09\/banner-300x111.jpg 300w, https:\/\/www.allersretoursasso.fr\/wp-content\/uploads\/2023\/09\/banner-768x285.jpg 768w, https:\/\/www.allersretoursasso.fr\/wp-content\/uploads\/2023\/09\/banner-18x7.jpg 18w, https:\/\/www.allersretoursasso.fr\/wp-content\/uploads\/2023\/09\/banner-350x130.jpg 350w, https:\/\/www.allersretoursasso.fr\/wp-content\/uploads\/2023\/09\/banner.jpg 1277w\" sizes=\"(max-width: 767px) 89vw, (max-width: 1000px) 54vw, (max-width: 1071px) 543px, 580px\" \/><\/figure>\n<\/div><\/div>\n<\/div><\/div>\n\n\n\n<div class=\"wp-block-group is-layout-flow wp-block-group-is-layout-flow\"><div class=\"wp-block-group__inner-container\">\n<p class=\"has-text-align-center\" style=\"font-size:15px\"><\/p>\n<\/div><\/div>\n\n\n\n<p class=\"has-text-align-center has-white-color has-text-color\" style=\"font-size:15px\"> 19h45 aux Ursuline<\/p>\n\n\n\n<p class=\"has-text-align-center has-white-color has-text-color\" style=\"font-size:15px\">06 octobre \u00e0 19h45 aux Ursulines<\/p>","protected":false},"excerpt":{"rendered":"<p>2022 \/ 20\u2019 \/ Allemand, Persan \/ VOSTF \/ Fiction 2022 \/ 20\u2019\u2019 \/ \u5fb7\u8bed\uff0c\u6ce2\u65af\u8bed \/ \u539f\u58f0\u6cd5\u8bed\u5b57\u5e55 \/ \u5267\u60c5 Maryam, m\u00e9decin iranienne, est venue chercher asile en Allemagne avec sa famille. Elle \u00e9tudie avec acharnement pendant que son mari Hossain s&#8217;occupe de leurs enfants. Lorsque Hossain d\u00e9croche un entretien d\u2019embauche, Maryam doit briser sa routine.&nbsp; &hellip; <\/p>\n<p class=\"link-more\"><a href=\"https:\/\/www.allersretoursasso.fr\/zh\/coming-of-age-2023-the-thing-with-feathers\/\" class=\"more-link\">\u7ee7\u7eed\u9605\u8bfb<span class=\"screen-reader-text\">\u201cComing of Age 2023  &#8211; The Thing with Feathers\u201d<\/span><\/a><\/p>","protected":false},"author":15,"featured_media":0,"parent":0,"menu_order":0,"comment_status":"closed","ping_status":"closed","template":"","meta":{"footnotes":""},"_links":{"self":[{"href":"https:\/\/www.allersretoursasso.fr\/zh\/wp-json\/wp\/v2\/pages\/3829"}],"collection":[{"href":"https:\/\/www.allersretoursasso.fr\/zh\/wp-json\/wp\/v2\/pages"}],"about":[{"href":"https:\/\/www.allersretoursasso.fr\/zh\/wp-json\/wp\/v2\/types\/page"}],"author":[{"embeddable":true,"href":"https:\/\/www.allersretoursasso.fr\/zh\/wp-json\/wp\/v2\/users\/15"}],"replies":[{"embeddable":true,"href":"https:\/\/www.allersretoursasso.fr\/zh\/wp-json\/wp\/v2\/comments?post=3829"}],"version-history":[{"count":14,"href":"https:\/\/www.allersretoursasso.fr\/zh\/wp-json\/wp\/v2\/pages\/3829\/revisions"}],"predecessor-version":[{"id":4199,"href":"https:\/\/www.allersretoursasso.fr\/zh\/wp-json\/wp\/v2\/pages\/3829\/revisions\/4199"}],"wp:attachment":[{"href":"https:\/\/www.allersretoursasso.fr\/zh\/wp-json\/wp\/v2\/media?parent=3829"}],"curies":[{"name":"wp","href":"https:\/\/api.w.org\/{rel}","templated":true}]}}