{"id":3843,"date":"2023-08-28T23:21:33","date_gmt":"2023-08-28T21:21:33","guid":{"rendered":"https:\/\/www.allersretoursasso.fr\/?page_id=3843"},"modified":"2023-09-07T17:47:11","modified_gmt":"2023-09-07T15:47:11","slug":"coming-of-age-2023-when-a-rocket-sits-on-the-launch-pad","status":"publish","type":"page","link":"https:\/\/www.allersretoursasso.fr\/zh\/coming-of-age-2023-when-a-rocket-sits-on-the-launch-pad\/","title":{"rendered":"Coming of Age 2023  &#8211; When a Rocket Sits on the Launch Pad"},"content":{"rendered":"<div id=\"fb-root\"><\/div>\n\n<div class=\"wp-block-media-text alignwide is-stacked-on-mobile\" style=\"grid-template-columns:41% auto\"><figure class=\"wp-block-media-text__media\"><img loading=\"lazy\" decoding=\"async\" width=\"731\" height=\"1024\" src=\"https:\/\/www.allersretoursasso.fr\/wp-content\/uploads\/2023\/08\/05-When-a-Rocket-Sits-on-the-Launch-Pad-\u706b\u7bad\u53d1\u5c04\u65f6.png\uff08\u526f\u672c\uff09-731x1024.png\" alt=\"\" class=\"wp-image-3844 size-full\" srcset=\"https:\/\/www.allersretoursasso.fr\/wp-content\/uploads\/2023\/08\/05-When-a-Rocket-Sits-on-the-Launch-Pad-\u706b\u7bad\u53d1\u5c04\u65f6.png\uff08\u526f\u672c\uff09-731x1024.png 731w, https:\/\/www.allersretoursasso.fr\/wp-content\/uploads\/2023\/08\/05-When-a-Rocket-Sits-on-the-Launch-Pad-\u706b\u7bad\u53d1\u5c04\u65f6.png\uff08\u526f\u672c\uff09-214x300.png 214w, https:\/\/www.allersretoursasso.fr\/wp-content\/uploads\/2023\/08\/05-When-a-Rocket-Sits-on-the-Launch-Pad-\u706b\u7bad\u53d1\u5c04\u65f6.png\uff08\u526f\u672c\uff09-768x1075.png 768w, https:\/\/www.allersretoursasso.fr\/wp-content\/uploads\/2023\/08\/05-When-a-Rocket-Sits-on-the-Launch-Pad-\u706b\u7bad\u53d1\u5c04\u65f6.png\uff08\u526f\u672c\uff09-1097x1536.png 1097w, https:\/\/www.allersretoursasso.fr\/wp-content\/uploads\/2023\/08\/05-When-a-Rocket-Sits-on-the-Launch-Pad-\u706b\u7bad\u53d1\u5c04\u65f6.png\uff08\u526f\u672c\uff09-9x12.png 9w, https:\/\/www.allersretoursasso.fr\/wp-content\/uploads\/2023\/08\/05-When-a-Rocket-Sits-on-the-Launch-Pad-\u706b\u7bad\u53d1\u5c04\u65f6.png\uff08\u526f\u672c\uff09-250x350.png 250w, https:\/\/www.allersretoursasso.fr\/wp-content\/uploads\/2023\/08\/05-When-a-Rocket-Sits-on-the-Launch-Pad-\u706b\u7bad\u53d1\u5c04\u65f6.png\uff08\u526f\u672c\uff09-350x490.png 350w, https:\/\/www.allersretoursasso.fr\/wp-content\/uploads\/2023\/08\/05-When-a-Rocket-Sits-on-the-Launch-Pad-\u706b\u7bad\u53d1\u5c04\u65f6.png\uff08\u526f\u672c\uff09.png 1417w\" sizes=\"(max-width: 731px) 100vw, 731px\" \/><\/figure><div class=\"wp-block-media-text__content\">\n<div class=\"wp-block-group is-layout-flow wp-block-group-is-layout-flow\"><div class=\"wp-block-group__inner-container\">\n<div class=\"wp-block-group is-vertical is-layout-flex wp-container-core-group-layout-4 wp-block-group-is-layout-flex\">\n<div class=\"wp-block-group is-layout-flow wp-block-group-is-layout-flow\"><div class=\"wp-block-group__inner-container\">\n<div class=\"wp-block-group is-layout-flow wp-block-group-is-layout-flow\"><div class=\"wp-block-group__inner-container\">\n<div class=\"wp-block-group is-layout-flow wp-block-group-is-layout-flow\"><div class=\"wp-block-group__inner-container\">\n<p><\/p>\n\n\n\n<p style=\"font-size:30px;font-style:normal;font-weight:500\"><em><span style=\"font-weight: 400\"><strong><strong>When a Rocket Sits on the Launch Pad<\/strong>&nbsp;<\/strong><\/span><\/em><\/p>\n\n\n\n<p style=\"font-size:30px;font-style:normal;font-weight:500\"><strong>\u706b\u7bad\u53d1\u5c04\u65f6<\/strong><\/p>\n\n\n\n<p class=\"has-medium-font-size\">LIU Bohao <\/p>\n\n\n\n<p class=\"has-medium-font-size\">\u5218\u535a\u6fe0<\/p>\n\n\n\n<p class=\"has-small-font-size\"><a href=\"https:\/\/www.allersretoursasso.fr\/zh\/coming-of-age-2023\/\" target=\"_blank\" rel=\"noreferrer noopener\">\u00c9dition : Coming of Age 2023<\/a><\/p>\n\n\n\n<p style=\"font-size:10px\"><\/p>\n<\/div><\/div>\n\n\n\n<p class=\"has-text-align-center\"><\/p>\n\n\n\n<p class=\"has-text-align-left\" style=\"font-size:15px\"><\/p>\n<\/div><\/div>\n<\/div><\/div>\n<\/div>\n<\/div><\/div>\n<\/div><\/div>\n\n\n\n<h2 class=\"wp-block-heading\"><\/h2>\n\n\n\n<p class=\"has-text-align-center has-small-font-size\"><em>2023 \/ 12\u2019 \/ Mandarin, Sichuanais, Nuosu \/ VOSTF \/ Documentaire<\/em><br>2023 \/ 12\u2019 \/ \u666e\u901a\u8bdd\uff0c\u56db\u5ddd\u8bdd\uff0c\u8bfa\u82cf\u8bed \/ \u539f\u58f0\u6cd5\u8bed\u5b57\u5e55 \/ \u7eaa\u5f55<\/p>\n\n\n\n<p class=\"has-text-align-center has-small-font-size\"><em>S\u00e9lectionn\u00e9 au <em>Berlinale<\/em><\/em> <em><em>2023<\/em><\/em> <em>dans le programme Generation 14plus\u00a0<\/em><br>\u7b2c73\u5c4a\u67cf\u6797\u7535\u5f71\u8282 &#8211; \u65b0\u751f\u4ee3\u5355\u5143 14plus\u77ed\u7247\u7ade\u8d5b\u7ec4<\/p>\n\n\n\n<p class=\"has-text-align-center has-small-font-size\"><\/p>\n\n\n\n<p><\/p>\n\n\n\n<p>Fang, 15 ans, vient de finir le coll\u00e8ge. Avec ses camarades du basket, elle parle de ses espoirs et de ses r\u00eaves, qui d\u00e9j\u00e0 commencent \u00e0 lui \u00e9chapper face \u00e0 la r\u00e9alit\u00e9 des adultes.&nbsp;<\/p>\n\n\n\n<p>Au loin, les fus\u00e9es continuent de d\u00e9coller, mois apr\u00e8s mois.<\/p>\n\n\n\n<p>\u82b3\uff0c15\u5c81\uff0c\u521d\u4e2d\u521a\u6bd5\u4e1a\u3002\u4e0e\u5979\u7684\u7bee\u7403\u961f\u53cb\u4eec\u8c08\u8bba\u7740\u81ea\u5df1\u7684\u5e0c\u671b\u548c\u68a6\u60f3\uff0c\u5df2\u7ecf\u5f00\u59cb\u5728\u6210\u5e74\u4eba\u7684\u73b0\u5b9e\u9762\u524d\u9010\u6e10\u6d88\u901d\u3002<\/p>\n\n\n\n<p>\u5728\u8fdc\u5904\uff0c\u706b\u7bad\u7ee7\u7eed\u4e00\u6b21\u6b21\u5730\u5347\u7a7a\u3002<\/p>\n\n\n\n<p><mark style=\"background-color:rgba(0, 0, 0, 0)\" class=\"has-inline-color has-white-color\">000000<\/mark><\/p>\n\n\n\n<figure class=\"wp-block-gallery has-nested-images columns-default is-cropped wp-block-gallery-1 is-layout-flex wp-block-gallery-is-layout-flex\">\n<figure class=\"wp-block-image size-large\"><img loading=\"lazy\" decoding=\"async\" width=\"1024\" height=\"768\" data-id=\"3846\" src=\"https:\/\/www.allersretoursasso.fr\/wp-content\/uploads\/2023\/08\/WhenaRocketSitsontheLaunchPad4-1024x768.jpg\" alt=\"\" class=\"wp-image-3846\" srcset=\"https:\/\/www.allersretoursasso.fr\/wp-content\/uploads\/2023\/08\/WhenaRocketSitsontheLaunchPad4-1024x768.jpg 1024w, https:\/\/www.allersretoursasso.fr\/wp-content\/uploads\/2023\/08\/WhenaRocketSitsontheLaunchPad4-300x225.jpg 300w, https:\/\/www.allersretoursasso.fr\/wp-content\/uploads\/2023\/08\/WhenaRocketSitsontheLaunchPad4-768x576.jpg 768w, https:\/\/www.allersretoursasso.fr\/wp-content\/uploads\/2023\/08\/WhenaRocketSitsontheLaunchPad4-16x12.jpg 16w, https:\/\/www.allersretoursasso.fr\/wp-content\/uploads\/2023\/08\/WhenaRocketSitsontheLaunchPad4-350x263.jpg 350w, https:\/\/www.allersretoursasso.fr\/wp-content\/uploads\/2023\/08\/WhenaRocketSitsontheLaunchPad4.jpg 1440w\" sizes=\"(max-width: 767px) 89vw, (max-width: 1000px) 54vw, (max-width: 1071px) 543px, 580px\" \/><\/figure>\n\n\n\n<figure class=\"wp-block-image size-large\"><img loading=\"lazy\" decoding=\"async\" width=\"1024\" height=\"768\" data-id=\"3852\" src=\"https:\/\/www.allersretoursasso.fr\/wp-content\/uploads\/2023\/08\/WhenaRocketSitsontheLaunchPad3-1-1024x768.jpg\" alt=\"\" class=\"wp-image-3852\" srcset=\"https:\/\/www.allersretoursasso.fr\/wp-content\/uploads\/2023\/08\/WhenaRocketSitsontheLaunchPad3-1-1024x768.jpg 1024w, https:\/\/www.allersretoursasso.fr\/wp-content\/uploads\/2023\/08\/WhenaRocketSitsontheLaunchPad3-1-300x225.jpg 300w, https:\/\/www.allersretoursasso.fr\/wp-content\/uploads\/2023\/08\/WhenaRocketSitsontheLaunchPad3-1-768x576.jpg 768w, https:\/\/www.allersretoursasso.fr\/wp-content\/uploads\/2023\/08\/WhenaRocketSitsontheLaunchPad3-1-16x12.jpg 16w, https:\/\/www.allersretoursasso.fr\/wp-content\/uploads\/2023\/08\/WhenaRocketSitsontheLaunchPad3-1-350x263.jpg 350w, https:\/\/www.allersretoursasso.fr\/wp-content\/uploads\/2023\/08\/WhenaRocketSitsontheLaunchPad3-1.jpg 1440w\" sizes=\"(max-width: 767px) 89vw, (max-width: 1000px) 54vw, (max-width: 1071px) 543px, 580px\" \/><\/figure>\n\n\n\n<figure class=\"wp-block-image size-large\"><img loading=\"lazy\" decoding=\"async\" width=\"1024\" height=\"768\" data-id=\"3849\" src=\"https:\/\/www.allersretoursasso.fr\/wp-content\/uploads\/2023\/08\/WhenaRocketSitsontheLaunchPad5-1024x768.jpg\" alt=\"\" class=\"wp-image-3849\" srcset=\"https:\/\/www.allersretoursasso.fr\/wp-content\/uploads\/2023\/08\/WhenaRocketSitsontheLaunchPad5-1024x768.jpg 1024w, https:\/\/www.allersretoursasso.fr\/wp-content\/uploads\/2023\/08\/WhenaRocketSitsontheLaunchPad5-300x225.jpg 300w, https:\/\/www.allersretoursasso.fr\/wp-content\/uploads\/2023\/08\/WhenaRocketSitsontheLaunchPad5-768x576.jpg 768w, https:\/\/www.allersretoursasso.fr\/wp-content\/uploads\/2023\/08\/WhenaRocketSitsontheLaunchPad5-16x12.jpg 16w, https:\/\/www.allersretoursasso.fr\/wp-content\/uploads\/2023\/08\/WhenaRocketSitsontheLaunchPad5-350x263.jpg 350w, https:\/\/www.allersretoursasso.fr\/wp-content\/uploads\/2023\/08\/WhenaRocketSitsontheLaunchPad5.jpg 1440w\" sizes=\"(max-width: 767px) 89vw, (max-width: 1000px) 54vw, (max-width: 1071px) 543px, 580px\" \/><\/figure>\n\n\n\n<figure class=\"wp-block-image size-large\"><img loading=\"lazy\" decoding=\"async\" width=\"1024\" height=\"768\" data-id=\"3851\" src=\"https:\/\/www.allersretoursasso.fr\/wp-content\/uploads\/2023\/08\/WhenaRocketSitsontheLaunchPad1-1-1024x768.jpg\" alt=\"\" class=\"wp-image-3851\" srcset=\"https:\/\/www.allersretoursasso.fr\/wp-content\/uploads\/2023\/08\/WhenaRocketSitsontheLaunchPad1-1-1024x768.jpg 1024w, https:\/\/www.allersretoursasso.fr\/wp-content\/uploads\/2023\/08\/WhenaRocketSitsontheLaunchPad1-1-300x225.jpg 300w, https:\/\/www.allersretoursasso.fr\/wp-content\/uploads\/2023\/08\/WhenaRocketSitsontheLaunchPad1-1-768x576.jpg 768w, https:\/\/www.allersretoursasso.fr\/wp-content\/uploads\/2023\/08\/WhenaRocketSitsontheLaunchPad1-1-16x12.jpg 16w, https:\/\/www.allersretoursasso.fr\/wp-content\/uploads\/2023\/08\/WhenaRocketSitsontheLaunchPad1-1-350x263.jpg 350w, https:\/\/www.allersretoursasso.fr\/wp-content\/uploads\/2023\/08\/WhenaRocketSitsontheLaunchPad1-1.jpg 1440w\" sizes=\"(max-width: 767px) 89vw, (max-width: 1000px) 54vw, (max-width: 1071px) 543px, 580px\" \/><\/figure>\n\n\n\n<figure class=\"wp-block-image size-large\"><img loading=\"lazy\" decoding=\"async\" width=\"1024\" height=\"768\" data-id=\"3848\" src=\"https:\/\/www.allersretoursasso.fr\/wp-content\/uploads\/2023\/08\/WhenaRocketSitsontheLaunchPad2-1024x768.jpg\" alt=\"\" class=\"wp-image-3848\" srcset=\"https:\/\/www.allersretoursasso.fr\/wp-content\/uploads\/2023\/08\/WhenaRocketSitsontheLaunchPad2-1024x768.jpg 1024w, https:\/\/www.allersretoursasso.fr\/wp-content\/uploads\/2023\/08\/WhenaRocketSitsontheLaunchPad2-300x225.jpg 300w, https:\/\/www.allersretoursasso.fr\/wp-content\/uploads\/2023\/08\/WhenaRocketSitsontheLaunchPad2-768x576.jpg 768w, https:\/\/www.allersretoursasso.fr\/wp-content\/uploads\/2023\/08\/WhenaRocketSitsontheLaunchPad2-16x12.jpg 16w, https:\/\/www.allersretoursasso.fr\/wp-content\/uploads\/2023\/08\/WhenaRocketSitsontheLaunchPad2-350x263.jpg 350w, https:\/\/www.allersretoursasso.fr\/wp-content\/uploads\/2023\/08\/WhenaRocketSitsontheLaunchPad2.jpg 1440w\" sizes=\"(max-width: 767px) 89vw, (max-width: 1000px) 54vw, (max-width: 1071px) 543px, 580px\" \/><\/figure>\n<\/figure>\n\n\n\n<div class=\"wp-block-columns is-layout-flex wp-container-core-columns-layout-1 wp-block-columns-is-layout-flex\">\n<div class=\"wp-block-column is-layout-flow wp-block-column-is-layout-flow\" style=\"flex-basis:100%\"><\/div>\n<\/div>\n\n\n\n<figure class=\"wp-block-embed is-type-video is-provider-youtube wp-block-embed-youtube wp-embed-aspect-4-3 wp-has-aspect-ratio\"><div class=\"wp-block-embed__wrapper\">\n<iframe loading=\"lazy\" title=\"When a Rocket Sits on the Launch Pad - LIU Bohao - Bande-annonce\" width=\"525\" height=\"394\" src=\"https:\/\/www.youtube.com\/embed\/Gl6V91bFl_c?feature=oembed\" frameborder=\"0\" allow=\"accelerometer; autoplay; clipboard-write; encrypted-media; gyroscope; picture-in-picture; web-share\" allowfullscreen><\/iframe>\n<\/div><\/figure>\n\n\n\n<p><\/p>\n\n\n\n<div class=\"wp-block-columns is-layout-flex wp-container-core-columns-layout-2 wp-block-columns-is-layout-flex\">\n<div class=\"wp-block-column is-layout-flow wp-block-column-is-layout-flow\"><\/div>\n<\/div>\n\n\n\n<hr class=\"wp-block-separator has-alpha-channel-opacity\"\/>\n\n\n\n<div class=\"wp-block-columns is-layout-flex wp-container-core-columns-layout-3 wp-block-columns-is-layout-flex\">\n<div class=\"wp-block-column is-layout-flow wp-block-column-is-layout-flow\"><\/div>\n<\/div>\n\n\n\n<div class=\"wp-block-columns is-layout-flex wp-container-core-columns-layout-4 wp-block-columns-is-layout-flex\">\n<div class=\"wp-block-column is-layout-flow wp-block-column-is-layout-flow\" style=\"flex-basis:33.33%\">\n<figure class=\"wp-block-image size-full\"><img loading=\"lazy\" decoding=\"async\" width=\"462\" height=\"476\" src=\"https:\/\/www.allersretoursasso.fr\/wp-content\/uploads\/2023\/08\/05-LIU-Bohao.png\" alt=\"\" class=\"wp-image-3845\" srcset=\"https:\/\/www.allersretoursasso.fr\/wp-content\/uploads\/2023\/08\/05-LIU-Bohao.png 462w, https:\/\/www.allersretoursasso.fr\/wp-content\/uploads\/2023\/08\/05-LIU-Bohao-291x300.png 291w, https:\/\/www.allersretoursasso.fr\/wp-content\/uploads\/2023\/08\/05-LIU-Bohao-12x12.png 12w, https:\/\/www.allersretoursasso.fr\/wp-content\/uploads\/2023\/08\/05-LIU-Bohao-350x361.png 350w\" sizes=\"(max-width: 462px) 100vw, 462px\" \/><\/figure>\n<\/div>\n\n\n\n<div class=\"wp-block-column is-layout-flow wp-block-column-is-layout-flow\" style=\"flex-basis:66.66%\">\n<p><strong>Par rapport \u00e0 LIU Bohao<br>\/ \u5173\u4e8e\u5218\u535a\u6fe0<\/strong><\/p>\n\n\n\n<p class=\"has-small-font-size\"><\/p>\n<\/div>\n<\/div>\n\n\n\n<p class=\"has-small-font-size\"><\/p>\n\n\n\n<p class=\"has-small-font-size\">N\u00e9 dans le Sichuan en 1992, LIU Bohao a \u00e9tudi\u00e9 \u00e0 l\u2019universit\u00e9 de New York et \u00e0 la London Film School. Son film de fin d\u2019\u00e9tudes, <em>Eagles rest in Liangshan<\/em>, a remport\u00e9 un Student Academy Award en 2021 et a \u00e9t\u00e9 nomm\u00e9 au IDA Documentary Awards en 2022. Il est aujourd\u2019hui \u00e9tudiant au Fresnoy.&nbsp;<\/p>\n\n\n\n<p class=\"has-small-font-size\">\u6bd5\u4e1a\u4e8e\u7ebd\u7ea6\u5927\u5b66\u7eaa\u5f55\u7247\u7cfb\u548c\u4f26\u6566\u7535\u5f71\u5b66\u9662\u7f16\u5267\u7cfb\u3002\u5965\u65af\u5361\u3001\u7f8e\u56fd\u5bfc\u6f14\u5de5\u4f1a\u3001\u827e\u7f8e\u4e09\u9879\u5b66\u751f\u5956\u5f97\u4e3b\u3002\u4f5c\u54c1\u5b9e\u8df5\u7eaa\u5f55\u548c\u5267\u60c5\u7684\u7ed3\u5408\uff0c\u5173\u6ce8\u793e\u4f1a\u73b0\u5b9e\u548c\u672a\u83b7\u5f97\u5145\u5206\u4ee3\u8868\u7684\u7fa4\u4f53\u3002<\/p>\n\n\n\n<p class=\"has-small-font-size\"><\/p>\n\n\n\n<p><\/p>\n\n\n\n<hr class=\"wp-block-separator has-alpha-channel-opacity is-style-wide\"\/>\n\n\n\n<div class=\"wp-block-columns is-layout-flex wp-container-core-columns-layout-5 wp-block-columns-is-layout-flex\">\n<div class=\"wp-block-column is-layout-flow wp-block-column-is-layout-flow\"><\/div>\n<\/div>\n\n\n\n<div class=\"wp-block-buttons is-content-justification-center is-layout-flex wp-container-core-buttons-layout-1 wp-block-buttons-is-layout-flex\">\n<div class=\"wp-block-button has-custom-width wp-block-button__width-75 has-custom-font-size is-style-outline\" style=\"font-size:16px\"><a class=\"wp-block-button__link has-black-color has-white-background-color has-text-color has-background wp-element-button\" href=\"https:\/\/www.billetweb.fr\/coa-allersretours\" target=\"_blank\" rel=\"noreferrer noopener\">\u8d2d\u7968\u94fe\u63a5<br>\u7ebf\u4e0a\u8d2d\u7968<\/a><\/div>\n<\/div>\n\n\n\n<p><\/p>\n\n\n\n<div class=\"wp-block-group is-layout-constrained wp-block-group-is-layout-constrained\"><div class=\"wp-block-group__inner-container\">\n<div class=\"wp-block-columns is-layout-flex wp-container-core-columns-layout-6 wp-block-columns-is-layout-flex\">\n<div class=\"wp-block-column is-layout-flow wp-block-column-is-layout-flow\">\n<p class=\"has-text-align-center\"><strong>Jeudi<\/strong> <strong>05 oct. \u00e0 19h30 au<\/strong><br><strong>PATH<strong>\u00c9<\/strong> LES FAUVETTES<\/strong><br>&nbsp;58 Av. des Gobelins, 75013 Paris<\/p>\n<\/div>\n\n\n\n<div class=\"wp-block-column is-layout-flow wp-block-column-is-layout-flow\">\n<p class=\"has-text-align-center\"><strong>Jeudi<\/strong> <strong>05 oct. \u00e0 20h30 au<\/strong><br><strong>CIN\u00c9MA LUMI\u00c8RE BELLECOUR<\/strong><br>&nbsp;12 Rue de la Barre, 69002 Lyon<\/p>\n<\/div>\n<\/div>\n<\/div><\/div>\n\n\n\n<div class=\"wp-block-cover is-light\" style=\"min-height:349px\"><span aria-hidden=\"true\" class=\"wp-block-cover__background has-white-background-color has-background-dim\"><\/span><div class=\"wp-block-cover__inner-container is-layout-flow wp-block-cover-is-layout-flow\">\n<div class=\"wp-block-group is-layout-flow wp-block-group-is-layout-flow\"><div class=\"wp-block-group__inner-container\">\n<figure class=\"wp-block-image size-large\"><img loading=\"lazy\" decoding=\"async\" width=\"1024\" height=\"380\" src=\"https:\/\/www.allersretoursasso.fr\/wp-content\/uploads\/2023\/09\/banner-1024x380.jpg\" alt=\"\" class=\"wp-image-4022\" srcset=\"https:\/\/www.allersretoursasso.fr\/wp-content\/uploads\/2023\/09\/banner-1024x380.jpg 1024w, https:\/\/www.allersretoursasso.fr\/wp-content\/uploads\/2023\/09\/banner-300x111.jpg 300w, https:\/\/www.allersretoursasso.fr\/wp-content\/uploads\/2023\/09\/banner-768x285.jpg 768w, https:\/\/www.allersretoursasso.fr\/wp-content\/uploads\/2023\/09\/banner-18x7.jpg 18w, https:\/\/www.allersretoursasso.fr\/wp-content\/uploads\/2023\/09\/banner-350x130.jpg 350w, https:\/\/www.allersretoursasso.fr\/wp-content\/uploads\/2023\/09\/banner.jpg 1277w\" sizes=\"(max-width: 767px) 89vw, (max-width: 1000px) 54vw, (max-width: 1071px) 543px, 580px\" \/><\/figure>\n<\/div><\/div>\n<\/div><\/div>\n\n\n\n<div class=\"wp-block-group is-layout-flow wp-block-group-is-layout-flow\"><div class=\"wp-block-group__inner-container\">\n<p class=\"has-text-align-center\" style=\"font-size:15px\"><\/p>\n<\/div><\/div>\n\n\n\n<p class=\"has-text-align-center has-white-color has-text-color\" style=\"font-size:15px\"> 19h45 aux Ursuline<\/p>\n\n\n\n<p class=\"has-text-align-center has-white-color has-text-color\" style=\"font-size:15px\">06 octobre \u00e0 19h45 aux Ursulines<\/p>","protected":false},"excerpt":{"rendered":"<p>2023 \/ 12\u2019 \/ Mandarin, Sichuanais, Nuosu \/ VOSTF \/ Documentaire2023 \/ 12\u2019 \/ \u666e\u901a\u8bdd\uff0c\u56db\u5ddd\u8bdd\uff0c\u8bfa\u82cf\u8bed \/ \u539f\u58f0\u6cd5\u8bed\u5b57\u5e55 \/ \u7eaa\u5f55 S\u00e9lectionn\u00e9 au Berlinale 2023 dans le programme Generation 14plus\u00a0\u7b2c73\u5c4a\u67cf\u6797\u7535\u5f71\u8282 &#8211; \u65b0\u751f\u4ee3\u5355\u5143 14plus\u77ed\u7247\u7ade\u8d5b\u7ec4 Fang, 15 ans, vient de finir le coll\u00e8ge. Avec ses camarades du basket, elle parle de ses espoirs et de ses r\u00eaves, qui d\u00e9j\u00e0 &hellip; <\/p>\n<p class=\"link-more\"><a href=\"https:\/\/www.allersretoursasso.fr\/zh\/coming-of-age-2023-when-a-rocket-sits-on-the-launch-pad\/\" class=\"more-link\">\u7ee7\u7eed\u9605\u8bfb<span class=\"screen-reader-text\">\u201cComing of Age 2023  &#8211; When a Rocket Sits on the Launch Pad\u201d<\/span><\/a><\/p>","protected":false},"author":15,"featured_media":0,"parent":0,"menu_order":0,"comment_status":"closed","ping_status":"closed","template":"","meta":{"footnotes":""},"_links":{"self":[{"href":"https:\/\/www.allersretoursasso.fr\/zh\/wp-json\/wp\/v2\/pages\/3843"}],"collection":[{"href":"https:\/\/www.allersretoursasso.fr\/zh\/wp-json\/wp\/v2\/pages"}],"about":[{"href":"https:\/\/www.allersretoursasso.fr\/zh\/wp-json\/wp\/v2\/types\/page"}],"author":[{"embeddable":true,"href":"https:\/\/www.allersretoursasso.fr\/zh\/wp-json\/wp\/v2\/users\/15"}],"replies":[{"embeddable":true,"href":"https:\/\/www.allersretoursasso.fr\/zh\/wp-json\/wp\/v2\/comments?post=3843"}],"version-history":[{"count":10,"href":"https:\/\/www.allersretoursasso.fr\/zh\/wp-json\/wp\/v2\/pages\/3843\/revisions"}],"predecessor-version":[{"id":4216,"href":"https:\/\/www.allersretoursasso.fr\/zh\/wp-json\/wp\/v2\/pages\/3843\/revisions\/4216"}],"wp:attachment":[{"href":"https:\/\/www.allersretoursasso.fr\/zh\/wp-json\/wp\/v2\/media?parent=3843"}],"curies":[{"name":"wp","href":"https:\/\/api.w.org\/{rel}","templated":true}]}}