{"id":3856,"date":"2023-08-28T23:49:30","date_gmt":"2023-08-28T21:49:30","guid":{"rendered":"https:\/\/www.allersretoursasso.fr\/?page_id=3856"},"modified":"2023-09-06T23:26:39","modified_gmt":"2023-09-06T21:26:39","slug":"coming-of-age-2023-monsters-never-know","status":"publish","type":"page","link":"https:\/\/www.allersretoursasso.fr\/zh\/coming-of-age-2023-monsters-never-know\/","title":{"rendered":"Coming of Age 2023  &#8211; Monsters Never Know"},"content":{"rendered":"<div id=\"fb-root\"><\/div>\n\n<div class=\"wp-block-media-text alignwide is-stacked-on-mobile\" style=\"grid-template-columns:41% auto\"><figure class=\"wp-block-media-text__media\"><img loading=\"lazy\" decoding=\"async\" width=\"683\" height=\"1024\" src=\"https:\/\/www.allersretoursasso.fr\/wp-content\/uploads\/2023\/08\/06-Monsters-Never-Know-\u5c71\u4e0b\u91ce\u517d-Character-683x1024.jpg\" alt=\"\" class=\"wp-image-3861 size-full\" srcset=\"https:\/\/www.allersretoursasso.fr\/wp-content\/uploads\/2023\/08\/06-Monsters-Never-Know-\u5c71\u4e0b\u91ce\u517d-Character-683x1024.jpg 683w, https:\/\/www.allersretoursasso.fr\/wp-content\/uploads\/2023\/08\/06-Monsters-Never-Know-\u5c71\u4e0b\u91ce\u517d-Character-200x300.jpg 200w, https:\/\/www.allersretoursasso.fr\/wp-content\/uploads\/2023\/08\/06-Monsters-Never-Know-\u5c71\u4e0b\u91ce\u517d-Character-768x1152.jpg 768w, https:\/\/www.allersretoursasso.fr\/wp-content\/uploads\/2023\/08\/06-Monsters-Never-Know-\u5c71\u4e0b\u91ce\u517d-Character-1024x1536.jpg 1024w, https:\/\/www.allersretoursasso.fr\/wp-content\/uploads\/2023\/08\/06-Monsters-Never-Know-\u5c71\u4e0b\u91ce\u517d-Character-1365x2048.jpg 1365w, https:\/\/www.allersretoursasso.fr\/wp-content\/uploads\/2023\/08\/06-Monsters-Never-Know-\u5c71\u4e0b\u91ce\u517d-Character-8x12.jpg 8w, https:\/\/www.allersretoursasso.fr\/wp-content\/uploads\/2023\/08\/06-Monsters-Never-Know-\u5c71\u4e0b\u91ce\u517d-Character-350x525.jpg 350w, https:\/\/www.allersretoursasso.fr\/wp-content\/uploads\/2023\/08\/06-Monsters-Never-Know-\u5c71\u4e0b\u91ce\u517d-Character-scaled.jpg 1707w\" sizes=\"(max-width: 683px) 100vw, 683px\" \/><\/figure><div class=\"wp-block-media-text__content\">\n<div class=\"wp-block-group is-layout-flow wp-block-group-is-layout-flow\"><div class=\"wp-block-group__inner-container\">\n<div class=\"wp-block-group is-vertical is-layout-flex wp-container-core-group-layout-4 wp-block-group-is-layout-flex\">\n<div class=\"wp-block-group is-layout-flow wp-block-group-is-layout-flow\"><div class=\"wp-block-group__inner-container\">\n<div class=\"wp-block-group is-layout-flow wp-block-group-is-layout-flow\"><div class=\"wp-block-group__inner-container\">\n<div class=\"wp-block-group is-layout-flow wp-block-group-is-layout-flow\"><div class=\"wp-block-group__inner-container\">\n<p><\/p>\n\n\n\n<p style=\"font-size:30px;font-style:normal;font-weight:500\"><em><span style=\"font-weight: 400\"><strong><strong><strong>Monsters Never Know<\/strong><\/strong><\/strong><\/span><\/em><\/p>\n\n\n\n<p style=\"font-size:30px;font-style:normal;font-weight:500\">\u5c71\u4e0b\u91ce\u517d<\/p>\n\n\n\n<p class=\"has-medium-font-size\">YANG Ming <\/p>\n\n\n\n<p class=\"has-medium-font-size\">\u6768\u540d<\/p>\n\n\n\n<p class=\"has-small-font-size\"><a href=\"https:\/\/www.allersretoursasso.fr\/zh\/coming-of-age-2023\/\" target=\"_blank\" rel=\"noreferrer noopener\">\u00c9dition : Coming of Age 2023<\/a><\/p>\n\n\n\n<p style=\"font-size:10px\"><\/p>\n<\/div><\/div>\n\n\n\n<p class=\"has-text-align-center\"><\/p>\n\n\n\n<p class=\"has-text-align-left\" style=\"font-size:15px\"><\/p>\n<\/div><\/div>\n<\/div><\/div>\n<\/div>\n<\/div><\/div>\n<\/div><\/div>\n\n\n\n<h2 class=\"wp-block-heading\"><\/h2>\n\n\n\n<p class=\"has-text-align-center has-small-font-size\"><em>2020 \/ 15\u2019 \/ Mandarin \/ VOSTFR \/ Fiction<\/em> <\/p>\n\n\n\n<p class=\"has-text-align-center has-small-font-size\">2020 \/ 15\u2019 \/\u00a0 \u666e\u901a\u8bdd \/ \u539f\u58f0\u6cd5\u8bed\u5b57\u5e55 \/ \u5267\u60c5<\/p>\n\n\n\n<p class=\"has-text-align-center has-small-font-size\"><em>S\u00e9lectionn\u00e9 au Festival international de films de Fribourg 2021 &#8211; Prix du meilleur court-m\u00e9trage international<\/em><\/p>\n\n\n\n<p class=\"has-text-align-center has-small-font-size\">2021\u5e74\u5f17\u91cc\u5821\u56fd\u9645\u7535\u5f71\u8282\u6700\u4f73\u56fd\u9645\u77ed\u7247\u5956<\/p>\n\n\n\n<p><\/p>\n\n\n\n<p>Les Mongols appellent les &#8220;monstres&#8221; les personnes qui ne respectent ni la vie ni la nature. Un p\u00e8re embarque son fils de force pour l\u2019emmener au monast\u00e8re local. Un r\u00e9cit initiatique fa\u00e7on western dans les vastes \u00e9tendues de la prairie mongole.<\/p>\n\n\n\n<p>\u8499\u53e4\u65cf\u4fe1\u4ef0\u817e\u683c\u91cc\uff0c\u76f8\u4fe1\u4e07\u7269\u7686\u6709\u7075\u3002\u65cf\u4eba\u4eec\uff0c\u79f0\u90a3\u4e9b\u5145\u6ee1\u623e\u6c14\u4e14\u5bf9\u81ea\u7136\u4e0e\u751f\u547d\u65e0\u656c\u754f\u5fc3\u7684\u5201\u4eba\u4e3a\u91ce\u517d\uff0c\u91ce\u517d\u4e5f\u8bd1\u4e3a\u53d7\u60ca\u7684\u52a8\u7269\u3002\u5201\u4eba\u867d\u6076\uff0c\u539f\u975e\u672c\u610f\uff0c\u81f3\u4eb2\u628a\u5201\u4eba\u9001\u4e0a\u5c71\uff0c\u9759\u5fc3\u6d17\u7075\u3002\u817e\u683c\u91cc\u7684\u7075\uff0c\u5219\u5316\u4f5c\u81ea\u7136\uff0c\u5728\u5173\u952e\u65f6\u523b\u4e3a\u5176\u6307\u5f15\u65b9\u5411\uff0c\u52a9\u4ed6\u91cd\u56de\u505a\u4eba\u7684\u8def\uff0c\u6545\u6b64\uff0c\u5c71\u4e0b\u91ce\u517d\uff0c\u5c71\u4e0a\u4eba\u3002<\/p>\n\n\n\n<div class=\"wp-block-columns is-layout-flex wp-container-core-columns-layout-1 wp-block-columns-is-layout-flex\">\n<div class=\"wp-block-column is-layout-flow wp-block-column-is-layout-flow\" style=\"flex-basis:33.33%\">\n<figure class=\"wp-block-image size-large\"><img loading=\"lazy\" decoding=\"async\" width=\"672\" height=\"1024\" src=\"https:\/\/www.allersretoursasso.fr\/wp-content\/uploads\/2023\/08\/Monsters-Never-Know-2-672x1024.jpg\" alt=\"\" class=\"wp-image-3857\" srcset=\"https:\/\/www.allersretoursasso.fr\/wp-content\/uploads\/2023\/08\/Monsters-Never-Know-2-672x1024.jpg 672w, https:\/\/www.allersretoursasso.fr\/wp-content\/uploads\/2023\/08\/Monsters-Never-Know-2-197x300.jpg 197w, https:\/\/www.allersretoursasso.fr\/wp-content\/uploads\/2023\/08\/Monsters-Never-Know-2-768x1170.jpg 768w, https:\/\/www.allersretoursasso.fr\/wp-content\/uploads\/2023\/08\/Monsters-Never-Know-2-1008x1536.jpg 1008w, https:\/\/www.allersretoursasso.fr\/wp-content\/uploads\/2023\/08\/Monsters-Never-Know-2-1345x2048.jpg 1345w, https:\/\/www.allersretoursasso.fr\/wp-content\/uploads\/2023\/08\/Monsters-Never-Know-2-8x12.jpg 8w, https:\/\/www.allersretoursasso.fr\/wp-content\/uploads\/2023\/08\/Monsters-Never-Know-2-350x533.jpg 350w, https:\/\/www.allersretoursasso.fr\/wp-content\/uploads\/2023\/08\/Monsters-Never-Know-2-scaled.jpg 1681w\" sizes=\"(max-width: 672px) 100vw, 672px\" \/><\/figure>\n<\/div>\n\n\n\n<div class=\"wp-block-column is-layout-flow wp-block-column-is-layout-flow\" style=\"flex-basis:66.66%\">\n<figure class=\"wp-block-image size-large\"><img loading=\"lazy\" decoding=\"async\" width=\"1024\" height=\"652\" src=\"https:\/\/www.allersretoursasso.fr\/wp-content\/uploads\/2023\/08\/Monsters-Never-Know-\u5c71\u4e0b\u91ce\u517d-1024x652.jpg\" alt=\"\" class=\"wp-image-3858\" srcset=\"https:\/\/www.allersretoursasso.fr\/wp-content\/uploads\/2023\/08\/Monsters-Never-Know-\u5c71\u4e0b\u91ce\u517d-1024x652.jpg 1024w, https:\/\/www.allersretoursasso.fr\/wp-content\/uploads\/2023\/08\/Monsters-Never-Know-\u5c71\u4e0b\u91ce\u517d-300x191.jpg 300w, https:\/\/www.allersretoursasso.fr\/wp-content\/uploads\/2023\/08\/Monsters-Never-Know-\u5c71\u4e0b\u91ce\u517d-768x489.jpg 768w, https:\/\/www.allersretoursasso.fr\/wp-content\/uploads\/2023\/08\/Monsters-Never-Know-\u5c71\u4e0b\u91ce\u517d-1536x978.jpg 1536w, https:\/\/www.allersretoursasso.fr\/wp-content\/uploads\/2023\/08\/Monsters-Never-Know-\u5c71\u4e0b\u91ce\u517d-2048x1304.jpg 2048w, https:\/\/www.allersretoursasso.fr\/wp-content\/uploads\/2023\/08\/Monsters-Never-Know-\u5c71\u4e0b\u91ce\u517d-18x12.jpg 18w, https:\/\/www.allersretoursasso.fr\/wp-content\/uploads\/2023\/08\/Monsters-Never-Know-\u5c71\u4e0b\u91ce\u517d-350x223.jpg 350w\" sizes=\"(max-width: 767px) 89vw, (max-width: 1000px) 54vw, (max-width: 1071px) 543px, 580px\" \/><\/figure>\n<\/div>\n<\/div>\n\n\n\n<p><mark style=\"background-color:rgba(0, 0, 0, 0)\" class=\"has-inline-color has-white-color\">000000<\/mark><\/p>\n\n\n\n<div class=\"wp-block-group is-layout-constrained wp-block-group-is-layout-constrained\"><div class=\"wp-block-group__inner-container\"><\/div><\/div>\n\n\n\n<figure class=\"wp-block-embed is-type-video is-provider-youtube wp-block-embed-youtube wp-embed-aspect-16-9 wp-has-aspect-ratio\"><div class=\"wp-block-embed__wrapper\">\n<iframe loading=\"lazy\" title=\"Monsters Never Know - YANG Ming - Bande-annonce\" width=\"525\" height=\"295\" src=\"https:\/\/www.youtube.com\/embed\/JjtN-RJKgXA?feature=oembed\" frameborder=\"0\" allow=\"accelerometer; autoplay; clipboard-write; encrypted-media; gyroscope; picture-in-picture; web-share\" allowfullscreen><\/iframe>\n<\/div><\/figure>\n\n\n\n<p><\/p>\n\n\n\n<div class=\"wp-block-columns is-layout-flex wp-container-core-columns-layout-2 wp-block-columns-is-layout-flex\">\n<div class=\"wp-block-column is-layout-flow wp-block-column-is-layout-flow\"><\/div>\n<\/div>\n\n\n\n<hr class=\"wp-block-separator has-alpha-channel-opacity\"\/>\n\n\n\n<div class=\"wp-block-columns is-layout-flex wp-container-core-columns-layout-3 wp-block-columns-is-layout-flex\">\n<div class=\"wp-block-column is-layout-flow wp-block-column-is-layout-flow\"><\/div>\n<\/div>\n\n\n\n<div class=\"wp-block-columns is-layout-flex wp-container-core-columns-layout-4 wp-block-columns-is-layout-flex\">\n<div class=\"wp-block-column is-layout-flow wp-block-column-is-layout-flow\" style=\"flex-basis:33.33%\">\n<figure class=\"wp-block-image size-full\"><img decoding=\"async\" src=\"https:\/\/www.allersretoursasso.fr\/wp-content\/uploads\/2023\/08\/06-YANG-Ming-1.jpg\uff08\u526f\u672c\uff09-1.jpg\" alt=\"\" class=\"wp-image-3863\"\/><\/figure>\n<\/div>\n\n\n\n<div class=\"wp-block-column is-layout-flow wp-block-column-is-layout-flow\" style=\"flex-basis:66.66%\">\n<p><strong>Par rapport \u00e0 YANG Ming<br>\/ \u5173\u4e8e\u6768\u540d<\/strong><\/p>\n\n\n\n<p class=\"has-small-font-size\"><\/p>\n<\/div>\n<\/div>\n\n\n\n<p class=\"has-small-font-size\"><\/p>\n\n\n\n<p class=\"has-small-font-size\">YANG Ming est n\u00e9 \u00e0 Ulanqab, en Mongolie int\u00e9rieure. Il est dipl\u00f4m\u00e9 de l&#8217;Acad\u00e9mie du cin\u00e9ma de P\u00e9kin.&nbsp;<\/p>\n\n\n\n<p class=\"has-small-font-size\">\u6768\u540d\uff0c\u53c8\u540d\u963f\u5c14\u6cf0 (Altay Yang)\u3002\u8499\u53e4\u65cf\u3002\u751f\u957f\u4e8e\u5185\u8499\u53e4\u4e4c\u5170\u5bdf\u5e03\uff0c\u6bd5\u4e1a\u4e8e\u5317\u4eac\u7535\u5f71\u5b66\u9662\uff0c\u83b7\u5f97\u8fc7\u745e\u58eb\u5f17\u91cc\u5821\u7535\u5f71\u8282\u6700\u4f73\u56fd\u9645\u77ed\u7247\u5956\u3002<\/p>\n\n\n\n<p class=\"has-small-font-size\"><\/p>\n\n\n\n<p><\/p>\n\n\n\n<hr class=\"wp-block-separator has-alpha-channel-opacity is-style-wide\"\/>\n\n\n\n<div class=\"wp-block-columns is-layout-flex wp-container-core-columns-layout-5 wp-block-columns-is-layout-flex\">\n<div class=\"wp-block-column is-layout-flow wp-block-column-is-layout-flow\"><\/div>\n<\/div>\n\n\n\n<div class=\"wp-block-buttons is-content-justification-center is-layout-flex wp-container-core-buttons-layout-1 wp-block-buttons-is-layout-flex\">\n<div class=\"wp-block-button has-custom-width wp-block-button__width-75 has-custom-font-size is-style-outline\" style=\"font-size:16px\"><a class=\"wp-block-button__link has-black-color has-white-background-color has-text-color has-background wp-element-button\" href=\"https:\/\/www.billetweb.fr\/coa-allersretours\">\u8d2d\u7968\u94fe\u63a5<br>\u7ebf\u4e0a\u8d2d\u7968<\/a><\/div>\n<\/div>\n\n\n\n<p><\/p>\n\n\n\n<div class=\"wp-block-columns is-layout-flex wp-container-core-columns-layout-6 wp-block-columns-is-layout-flex\">\n<div class=\"wp-block-column is-layout-flow wp-block-column-is-layout-flow\">\n<p class=\"has-text-align-center\"><strong>Jeudi 05 octobre \u00e0 19h30 au<\/strong><br><strong><strong>PATH\u00c9 LES FAUVETTES<\/strong><\/strong><br>58 Av. des Gobelins, 75013 Paris<\/p>\n<\/div>\n\n\n\n<div class=\"wp-block-column is-layout-flow wp-block-column-is-layout-flow\">\n<p class=\"has-text-align-center\"><strong>Jeudi 05 octobre \u00e0 <strong>20h30<\/strong> \u4e8e<\/strong><br><strong><strong><strong>CIN\u00c9MA LUMI\u00c8RE BELLECOUR<\/strong><\/strong><\/strong><br>12 Rue de la Barre, 69002 Lyon<\/p>\n<\/div>\n<\/div>\n\n\n\n<div class=\"wp-block-cover is-light\" style=\"min-height:349px\"><span aria-hidden=\"true\" class=\"wp-block-cover__background has-white-background-color has-background-dim\"><\/span><div class=\"wp-block-cover__inner-container is-layout-flow wp-block-cover-is-layout-flow\">\n<div class=\"wp-block-group is-layout-flow wp-block-group-is-layout-flow\"><div class=\"wp-block-group__inner-container\">\n<figure class=\"wp-block-image size-large\"><img loading=\"lazy\" decoding=\"async\" width=\"1024\" height=\"380\" src=\"https:\/\/www.allersretoursasso.fr\/wp-content\/uploads\/2023\/09\/banner-1024x380.jpg\" alt=\"\" class=\"wp-image-4022\" srcset=\"https:\/\/www.allersretoursasso.fr\/wp-content\/uploads\/2023\/09\/banner-1024x380.jpg 1024w, https:\/\/www.allersretoursasso.fr\/wp-content\/uploads\/2023\/09\/banner-300x111.jpg 300w, https:\/\/www.allersretoursasso.fr\/wp-content\/uploads\/2023\/09\/banner-768x285.jpg 768w, https:\/\/www.allersretoursasso.fr\/wp-content\/uploads\/2023\/09\/banner-18x7.jpg 18w, https:\/\/www.allersretoursasso.fr\/wp-content\/uploads\/2023\/09\/banner-350x130.jpg 350w, https:\/\/www.allersretoursasso.fr\/wp-content\/uploads\/2023\/09\/banner.jpg 1277w\" sizes=\"(max-width: 767px) 89vw, (max-width: 1000px) 54vw, (max-width: 1071px) 543px, 580px\" \/><\/figure>\n<\/div><\/div>\n<\/div><\/div>\n\n\n\n<div class=\"wp-block-group is-layout-flow wp-block-group-is-layout-flow\"><div class=\"wp-block-group__inner-container\">\n<p class=\"has-text-align-center\" style=\"font-size:15px\"><\/p>\n<\/div><\/div>\n\n\n\n<p class=\"has-text-align-center has-white-color has-text-color\" style=\"font-size:15px\"> 19h45 aux Ursuline<\/p>\n\n\n\n<p class=\"has-text-align-center has-white-color has-text-color\" style=\"font-size:15px\">06 octobre \u00e0 19h45 aux Ursulines<\/p>","protected":false},"excerpt":{"rendered":"<p>2020 \/ 15\u2019 \/ Mandarin \/ VOSTFR \/ Fiction 2020 \/ 15\u2019 \/\u00a0 \u666e\u901a\u8bdd \/ \u539f\u58f0\u6cd5\u8bed\u5b57\u5e55 \/ \u5267\u60c5 S\u00e9lectionn\u00e9 au Festival international de films de Fribourg 2021 &#8211; Prix du meilleur court-m\u00e9trage international 2021\u5e74\u5f17\u91cc\u5821\u56fd\u9645\u7535\u5f71\u8282\u6700\u4f73\u56fd\u9645\u77ed\u7247\u5956 Les Mongols appellent les &#8220;monstres&#8221; les personnes qui ne respectent ni la vie ni la nature. Un p\u00e8re embarque son fils &hellip; <\/p>\n<p class=\"link-more\"><a href=\"https:\/\/www.allersretoursasso.fr\/zh\/coming-of-age-2023-monsters-never-know\/\" class=\"more-link\">\u7ee7\u7eed\u9605\u8bfb<span class=\"screen-reader-text\">\u201cComing of Age 2023  &#8211; Monsters Never Know\u201d<\/span><\/a><\/p>","protected":false},"author":15,"featured_media":0,"parent":0,"menu_order":0,"comment_status":"closed","ping_status":"closed","template":"","meta":{"footnotes":""},"_links":{"self":[{"href":"https:\/\/www.allersretoursasso.fr\/zh\/wp-json\/wp\/v2\/pages\/3856"}],"collection":[{"href":"https:\/\/www.allersretoursasso.fr\/zh\/wp-json\/wp\/v2\/pages"}],"about":[{"href":"https:\/\/www.allersretoursasso.fr\/zh\/wp-json\/wp\/v2\/types\/page"}],"author":[{"embeddable":true,"href":"https:\/\/www.allersretoursasso.fr\/zh\/wp-json\/wp\/v2\/users\/15"}],"replies":[{"embeddable":true,"href":"https:\/\/www.allersretoursasso.fr\/zh\/wp-json\/wp\/v2\/comments?post=3856"}],"version-history":[{"count":7,"href":"https:\/\/www.allersretoursasso.fr\/zh\/wp-json\/wp\/v2\/pages\/3856\/revisions"}],"predecessor-version":[{"id":4209,"href":"https:\/\/www.allersretoursasso.fr\/zh\/wp-json\/wp\/v2\/pages\/3856\/revisions\/4209"}],"wp:attachment":[{"href":"https:\/\/www.allersretoursasso.fr\/zh\/wp-json\/wp\/v2\/media?parent=3856"}],"curies":[{"name":"wp","href":"https:\/\/api.w.org\/{rel}","templated":true}]}}