{"id":3865,"date":"2023-08-29T15:06:30","date_gmt":"2023-08-29T13:06:30","guid":{"rendered":"https:\/\/www.allersretoursasso.fr\/?page_id=3865"},"modified":"2023-09-06T23:00:50","modified_gmt":"2023-09-06T21:00:50","slug":"coming-of-age-2023-nights-and-days-in-america","status":"publish","type":"page","link":"https:\/\/www.allersretoursasso.fr\/zh\/coming-of-age-2023-nights-and-days-in-america\/","title":{"rendered":"Coming of Age 2023  &#8211; Nights and Days in America"},"content":{"rendered":"<div id=\"fb-root\"><\/div>\n\n<div class=\"wp-block-media-text alignwide is-stacked-on-mobile\" style=\"grid-template-columns:41% auto\"><figure class=\"wp-block-media-text__media\"><img decoding=\"async\" src=\"https:\/\/www.allersretoursasso.fr\/wp-content\/uploads\/2023\/08\/07-Nights-and-Days-in-America-\u7f8e\u5229\u575a\u65e5\u65e5\u591c\u591c.jpg\uff08\u526f\u672c\uff09.jpg\" alt=\"\" class=\"wp-image-3866 size-full\"\/><\/figure><div class=\"wp-block-media-text__content\">\n<div class=\"wp-block-group is-layout-flow wp-block-group-is-layout-flow\"><div class=\"wp-block-group__inner-container\">\n<div class=\"wp-block-group is-vertical is-layout-flex wp-container-core-group-layout-4 wp-block-group-is-layout-flex\">\n<div class=\"wp-block-group is-layout-flow wp-block-group-is-layout-flow\"><div class=\"wp-block-group__inner-container\">\n<div class=\"wp-block-group is-layout-flow wp-block-group-is-layout-flow\"><div class=\"wp-block-group__inner-container\">\n<div class=\"wp-block-group is-layout-flow wp-block-group-is-layout-flow\"><div class=\"wp-block-group__inner-container\">\n<p><\/p>\n\n\n\n<p style=\"font-size:30px;font-style:normal;font-weight:500\"><em><span style=\"font-weight: 400\"><strong><strong><strong>Nights and Days in America<\/strong><\/strong><\/strong><\/span><\/em><\/p>\n\n\n\n<p style=\"font-size:30px;font-style:normal;font-weight:500\"><strong>\u7f8e\u5229\u575a\u65e5\u65e5\u591c\u591c<\/strong><\/p>\n\n\n\n<p class=\"has-medium-font-size\">Louise ZHANG <\/p>\n\n\n\n<p class=\"has-medium-font-size\">\u5f20\u5e06<\/p>\n\n\n\n<p class=\"has-small-font-size\"><a href=\"https:\/\/www.allersretoursasso.fr\/zh\/coming-of-age-2023\/\" target=\"_blank\" rel=\"noreferrer noopener\">\u00c9dition : Coming of Age 2023<\/a><\/p>\n\n\n\n<p style=\"font-size:10px\"><\/p>\n<\/div><\/div>\n\n\n\n<p class=\"has-text-align-center\"><\/p>\n\n\n\n<p class=\"has-text-align-left\" style=\"font-size:15px\"><\/p>\n<\/div><\/div>\n<\/div><\/div>\n<\/div>\n<\/div><\/div>\n<\/div><\/div>\n\n\n\n<h2 class=\"wp-block-heading\"><\/h2>\n\n\n\n<p class=\"has-text-align-center has-small-font-size\"><em>2020 \/ 11\u2019 \/ Mandarin \/ VOSTF \/ Fiction<\/em><\/p>\n\n\n\n<p class=\"has-text-align-center has-small-font-size\">2020 \/ 11\u2019 \/ \u666e\u901a\u8bdd \/ \u539f\u58f0\u6cd5\u8bed\u5b57\u5e55 \/ \u5267\u60c5<\/p>\n\n\n\n<p class=\"has-text-align-center has-small-font-size\"><em>S\u00e9lectionn\u00e9 au Festival International du film du Caire 2023<\/em><\/p>\n\n\n\n<p class=\"has-text-align-center has-small-font-size\">2023\u5f00\u7f57\u56fd\u9645\u7535\u5f71\u8282\u7ade\u8d5b\u5355\u5143\u63d0\u540d<\/p>\n\n\n\n<p class=\"has-text-align-left\" style=\"font-size:16px;line-height:1.5\">C&#8217;est une journ\u00e9e ordinaire pour Jennifer, une jeune Chinoise de 17 ans qui fr\u00e9quente un internat \u00e0 New York, jusqu&#8217;\u00e0 ce qu&#8217;elle re\u00e7oive la nouvelle de la mort de son grand-p\u00e8re.<\/p>\n\n\n\n<p>\u5728\u7ebd\u7ea6\u7684\u4e00\u6240\u5bc4\u5bbf\u5b66\u6821\u91cc\uff0c17\u5c81\u7684\u4e2d\u56fd\u7559\u5b66\u751fJennifer\u672c\u5e94\u5ea6\u8fc7\u5e73\u5e38\u7684\u4e00\u5929\uff0c\u76f4\u5230\u5979\u63a5\u5230\u5927\u6d0b\u5f7c\u5cb8\u5bb6\u4eba\u7684\u7535\u8bdd\uff1a\u7237\u7237\u53bb\u4e16\u4e86\u3002<\/p>\n\n\n\n<p><mark style=\"background-color:rgba(0, 0, 0, 0)\" class=\"has-inline-color has-white-color\">000000<\/mark><\/p>\n\n\n\n<figure class=\"wp-block-gallery has-nested-images columns-default is-cropped wp-block-gallery-1 is-layout-flex wp-block-gallery-is-layout-flex\">\n<figure class=\"wp-block-image size-large\"><img loading=\"lazy\" decoding=\"async\" width=\"1024\" height=\"558\" data-id=\"3869\" src=\"https:\/\/www.allersretoursasso.fr\/wp-content\/uploads\/2023\/08\/Nights-and-Days-in-America-1-1024x558.png\" alt=\"\" class=\"wp-image-3869\" srcset=\"https:\/\/www.allersretoursasso.fr\/wp-content\/uploads\/2023\/08\/Nights-and-Days-in-America-1-1024x558.png 1024w, https:\/\/www.allersretoursasso.fr\/wp-content\/uploads\/2023\/08\/Nights-and-Days-in-America-1-300x163.png 300w, https:\/\/www.allersretoursasso.fr\/wp-content\/uploads\/2023\/08\/Nights-and-Days-in-America-1-768x418.png 768w, https:\/\/www.allersretoursasso.fr\/wp-content\/uploads\/2023\/08\/Nights-and-Days-in-America-1-1536x836.png 1536w, https:\/\/www.allersretoursasso.fr\/wp-content\/uploads\/2023\/08\/Nights-and-Days-in-America-1-2048x1115.png 2048w, https:\/\/www.allersretoursasso.fr\/wp-content\/uploads\/2023\/08\/Nights-and-Days-in-America-1-18x10.png 18w, https:\/\/www.allersretoursasso.fr\/wp-content\/uploads\/2023\/08\/Nights-and-Days-in-America-1-350x191.png 350w\" sizes=\"(max-width: 767px) 89vw, (max-width: 1000px) 54vw, (max-width: 1071px) 543px, 580px\" \/><\/figure>\n\n\n\n<figure class=\"wp-block-image size-large\"><img loading=\"lazy\" decoding=\"async\" width=\"1024\" height=\"554\" data-id=\"3871\" src=\"https:\/\/www.allersretoursasso.fr\/wp-content\/uploads\/2023\/08\/Nights-and-Days-in-America-2-1024x554.png\" alt=\"\" class=\"wp-image-3871\" srcset=\"https:\/\/www.allersretoursasso.fr\/wp-content\/uploads\/2023\/08\/Nights-and-Days-in-America-2-1024x554.png 1024w, https:\/\/www.allersretoursasso.fr\/wp-content\/uploads\/2023\/08\/Nights-and-Days-in-America-2-300x162.png 300w, https:\/\/www.allersretoursasso.fr\/wp-content\/uploads\/2023\/08\/Nights-and-Days-in-America-2-768x415.png 768w, https:\/\/www.allersretoursasso.fr\/wp-content\/uploads\/2023\/08\/Nights-and-Days-in-America-2-1536x830.png 1536w, https:\/\/www.allersretoursasso.fr\/wp-content\/uploads\/2023\/08\/Nights-and-Days-in-America-2-2048x1107.png 2048w, https:\/\/www.allersretoursasso.fr\/wp-content\/uploads\/2023\/08\/Nights-and-Days-in-America-2-18x10.png 18w, https:\/\/www.allersretoursasso.fr\/wp-content\/uploads\/2023\/08\/Nights-and-Days-in-America-2-350x189.png 350w\" sizes=\"(max-width: 767px) 89vw, (max-width: 1000px) 54vw, (max-width: 1071px) 543px, 580px\" \/><\/figure>\n<\/figure>\n\n\n\n<div class=\"wp-block-group is-layout-constrained wp-block-group-is-layout-constrained\"><div class=\"wp-block-group__inner-container\">\n<div class=\"wp-block-columns is-layout-flex wp-container-core-columns-layout-1 wp-block-columns-is-layout-flex\">\n<div class=\"wp-block-column is-layout-flow wp-block-column-is-layout-flow\" style=\"flex-basis:100%\">\n<figure class=\"wp-block-image size-large\"><img loading=\"lazy\" decoding=\"async\" width=\"1024\" height=\"683\" src=\"https:\/\/www.allersretoursasso.fr\/wp-content\/uploads\/2023\/08\/Nights-and-Days-in-America-3-1024x683.jpg\" alt=\"\" class=\"wp-image-3870\" srcset=\"https:\/\/www.allersretoursasso.fr\/wp-content\/uploads\/2023\/08\/Nights-and-Days-in-America-3-1024x683.jpg 1024w, https:\/\/www.allersretoursasso.fr\/wp-content\/uploads\/2023\/08\/Nights-and-Days-in-America-3-300x200.jpg 300w, https:\/\/www.allersretoursasso.fr\/wp-content\/uploads\/2023\/08\/Nights-and-Days-in-America-3-768x512.jpg 768w\" sizes=\"(max-width: 767px) 89vw, (max-width: 1000px) 54vw, (max-width: 1071px) 543px, 580px\" \/><\/figure>\n<\/div>\n<\/div>\n<\/div><\/div>\n\n\n\n<figure class=\"wp-block-embed is-type-video is-provider-youtube wp-block-embed-youtube wp-embed-aspect-16-9 wp-has-aspect-ratio\"><div class=\"wp-block-embed__wrapper\">\n<iframe loading=\"lazy\" title=\"Nights and Days in America - Louise ZHANG - Bande-annonce\" width=\"525\" height=\"295\" src=\"https:\/\/www.youtube.com\/embed\/ND4IwAq0K28?feature=oembed\" frameborder=\"0\" allow=\"accelerometer; autoplay; clipboard-write; encrypted-media; gyroscope; picture-in-picture; web-share\" allowfullscreen><\/iframe>\n<\/div><\/figure>\n\n\n\n<p><\/p>\n\n\n\n<div class=\"wp-block-columns is-layout-flex wp-container-core-columns-layout-2 wp-block-columns-is-layout-flex\">\n<div class=\"wp-block-column is-layout-flow wp-block-column-is-layout-flow\"><\/div>\n<\/div>\n\n\n\n<hr class=\"wp-block-separator has-alpha-channel-opacity\"\/>\n\n\n\n<div class=\"wp-block-columns is-layout-flex wp-container-core-columns-layout-3 wp-block-columns-is-layout-flex\">\n<div class=\"wp-block-column is-layout-flow wp-block-column-is-layout-flow\"><\/div>\n<\/div>\n\n\n\n<div class=\"wp-block-columns is-layout-flex wp-container-core-columns-layout-4 wp-block-columns-is-layout-flex\">\n<div class=\"wp-block-column is-layout-flow wp-block-column-is-layout-flow\" style=\"flex-basis:33.33%\">\n<figure class=\"wp-block-image size-large\"><img loading=\"lazy\" decoding=\"async\" width=\"768\" height=\"1024\" src=\"https:\/\/www.allersretoursasso.fr\/wp-content\/uploads\/2023\/08\/07-Louise-ZHANG-ZHANG-Fan.JPG\uff08\u526f\u672c\uff09-768x1024.jpg\" alt=\"\" class=\"wp-image-3867\" srcset=\"https:\/\/www.allersretoursasso.fr\/wp-content\/uploads\/2023\/08\/07-Louise-ZHANG-ZHANG-Fan.JPG\uff08\u526f\u672c\uff09-768x1024.jpg 768w, https:\/\/www.allersretoursasso.fr\/wp-content\/uploads\/2023\/08\/07-Louise-ZHANG-ZHANG-Fan.JPG\uff08\u526f\u672c\uff09-225x300.jpg 225w, https:\/\/www.allersretoursasso.fr\/wp-content\/uploads\/2023\/08\/07-Louise-ZHANG-ZHANG-Fan.JPG\uff08\u526f\u672c\uff09-1152x1536.jpg 1152w, https:\/\/www.allersretoursasso.fr\/wp-content\/uploads\/2023\/08\/07-Louise-ZHANG-ZHANG-Fan.JPG\uff08\u526f\u672c\uff09-1536x2048.jpg 1536w, https:\/\/www.allersretoursasso.fr\/wp-content\/uploads\/2023\/08\/07-Louise-ZHANG-ZHANG-Fan.JPG\uff08\u526f\u672c\uff09-9x12.jpg 9w, https:\/\/www.allersretoursasso.fr\/wp-content\/uploads\/2023\/08\/07-Louise-ZHANG-ZHANG-Fan.JPG\uff08\u526f\u672c\uff09-350x467.jpg 350w, https:\/\/www.allersretoursasso.fr\/wp-content\/uploads\/2023\/08\/07-Louise-ZHANG-ZHANG-Fan.JPG\uff08\u526f\u672c\uff09-scaled.jpg 1920w\" sizes=\"(max-width: 767px) 89vw, (max-width: 1000px) 54vw, (max-width: 1071px) 543px, 580px\" \/><\/figure>\n<\/div>\n\n\n\n<div class=\"wp-block-column is-layout-flow wp-block-column-is-layout-flow\" style=\"flex-basis:66.66%\">\n<p><strong>Par rapport \u00e0 Louise ZHANG<br>\/ \u5173\u4e8e\u5f20\u5e06<\/strong><\/p>\n\n\n\n<p class=\"has-small-font-size\"><\/p>\n<\/div>\n<\/div>\n\n\n\n<p class=\"has-small-font-size\"><\/p>\n\n\n\n<p class=\"has-small-font-size\">Louise Zhang est une r\u00e9alisatrice chinoise bas\u00e9e \u00e0 New York et \u00e9tudiante en th\u00e8se au Graduate Film program \u00e0 la NYU Tisch School of the Arts. Elle est laur\u00e9ate du prix Nestor Almendros 2021 de la meilleure femme directrice de photographie.<\/p>\n\n\n\n<p class=\"has-small-font-size\">\u5f20\u5e06 (Louise Zhang)\uff0c\u5148\u540e\u6bd5\u4e1a\u4e8e\u5361\u5185\u57fa\u6885\u9686\u5927\u5b66\u548c\u7ebd\u7ea6\u5927\u5b66\u5e1d\u52bf\u7535\u5f71\u5b66\u9662\u3002\u5e38\u9a7b\u7ebd\u7ea6\uff0c\u66fe\u83b72021\u5e74Nestor Almendros\u6700\u4f73\u5973\u6444\u5f71\u5e08\u5956\u3002\u5979\u7684\u4f5c\u54c1\u5c06\u4e1c\u4e9a\u6587\u5316\u7684\u611f\u6027\u548c\u897f\u65b9\u53d9\u4e8b\u7684\u65b9\u5f0f\u7ed3\u5408\u5728\u4e00\u8d77\uff0c\u8bd5\u56fe\u627e\u5230\u666e\u4e16\u7684\u60c5\u611f\u5171\u9e23\u3002<\/p>\n\n\n\n<p class=\"has-small-font-size\"><\/p>\n\n\n\n<p><\/p>\n\n\n\n<hr class=\"wp-block-separator has-alpha-channel-opacity is-style-wide\"\/>\n\n\n\n<div class=\"wp-block-columns is-layout-flex wp-container-core-columns-layout-5 wp-block-columns-is-layout-flex\">\n<div class=\"wp-block-column is-layout-flow wp-block-column-is-layout-flow\"><\/div>\n<\/div>\n\n\n\n<div class=\"wp-block-buttons is-content-justification-center is-layout-flex wp-container-core-buttons-layout-1 wp-block-buttons-is-layout-flex\">\n<div class=\"wp-block-button has-custom-width wp-block-button__width-75 has-custom-font-size is-style-outline\" style=\"font-size:16px\"><a class=\"wp-block-button__link has-black-color has-white-background-color has-text-color has-background wp-element-button\" href=\"https:\/\/www.billetweb.fr\/coa-allersretours\">\u8d2d\u7968\u94fe\u63a5<br>\u7ebf\u4e0a\u8d2d\u7968<\/a><\/div>\n<\/div>\n\n\n\n<p><\/p>\n\n\n\n<div class=\"wp-block-columns is-layout-flex wp-container-core-columns-layout-6 wp-block-columns-is-layout-flex\">\n<div class=\"wp-block-column is-layout-flow wp-block-column-is-layout-flow\">\n<p class=\"has-text-align-center\"><strong>Jeudi 28 septembre \u00e0 19h45 au<\/strong><br><strong>STUDIO DES URSULINES <\/strong><br>10 rue des Ursulines, 75005 Paris<\/p>\n<\/div>\n\n\n\n<div class=\"wp-block-column is-layout-flow wp-block-column-is-layout-flow\">\n<p class=\"has-text-align-center\"><strong>Jeudi 28 septembre \u00e0 20h30 au<\/strong><br><strong>CIN\u00c9MA LUMI\u00c8RE BELLECOUR<\/strong><br>12 Rue de la Barre, 69002 Lyon<\/p>\n<\/div>\n<\/div>\n\n\n\n<div class=\"wp-block-cover is-light\" style=\"min-height:349px\"><span aria-hidden=\"true\" class=\"wp-block-cover__background has-white-background-color has-background-dim\"><\/span><div class=\"wp-block-cover__inner-container is-layout-flow wp-block-cover-is-layout-flow\">\n<div class=\"wp-block-group is-layout-flow wp-block-group-is-layout-flow\"><div class=\"wp-block-group__inner-container\">\n<figure class=\"wp-block-image size-large\"><img loading=\"lazy\" decoding=\"async\" width=\"1024\" height=\"380\" src=\"https:\/\/www.allersretoursasso.fr\/wp-content\/uploads\/2023\/09\/banner-1024x380.jpg\" alt=\"\" class=\"wp-image-4022\" srcset=\"https:\/\/www.allersretoursasso.fr\/wp-content\/uploads\/2023\/09\/banner-1024x380.jpg 1024w, https:\/\/www.allersretoursasso.fr\/wp-content\/uploads\/2023\/09\/banner-300x111.jpg 300w, https:\/\/www.allersretoursasso.fr\/wp-content\/uploads\/2023\/09\/banner-768x285.jpg 768w, https:\/\/www.allersretoursasso.fr\/wp-content\/uploads\/2023\/09\/banner-18x7.jpg 18w, https:\/\/www.allersretoursasso.fr\/wp-content\/uploads\/2023\/09\/banner-350x130.jpg 350w, https:\/\/www.allersretoursasso.fr\/wp-content\/uploads\/2023\/09\/banner.jpg 1277w\" sizes=\"(max-width: 767px) 89vw, (max-width: 1000px) 54vw, (max-width: 1071px) 543px, 580px\" \/><\/figure>\n<\/div><\/div>\n<\/div><\/div>\n\n\n\n<div class=\"wp-block-group is-layout-flow wp-block-group-is-layout-flow\"><div class=\"wp-block-group__inner-container\">\n<p class=\"has-text-align-center\" style=\"font-size:15px\"><\/p>\n<\/div><\/div>\n\n\n\n<p class=\"has-text-align-center has-white-color has-text-color\" style=\"font-size:15px\"> 19h45 aux Ursuline<\/p>\n\n\n\n<p class=\"has-text-align-center has-white-color has-text-color\" style=\"font-size:15px\">06 octobre \u00e0 19h45 aux Ursulines<\/p>","protected":false},"excerpt":{"rendered":"<p>2020 \/ 11\u2019 \/ Mandarin \/ VOSTF \/ Fiction 2020 \/ 11\u2019 \/ \u666e\u901a\u8bdd \/ \u539f\u58f0\u6cd5\u8bed\u5b57\u5e55 \/ \u5267\u60c5 S\u00e9lectionn\u00e9 au Festival International du film du Caire 2023 2023\u5f00\u7f57\u56fd\u9645\u7535\u5f71\u8282\u7ade\u8d5b\u5355\u5143\u63d0\u540d C&#8217;est une journ\u00e9e ordinaire pour Jennifer, une jeune Chinoise de 17 ans qui fr\u00e9quente un internat \u00e0 New York, jusqu&#8217;\u00e0 ce qu&#8217;elle re\u00e7oive la nouvelle de la &hellip; <\/p>\n<p class=\"link-more\"><a href=\"https:\/\/www.allersretoursasso.fr\/zh\/coming-of-age-2023-nights-and-days-in-america\/\" class=\"more-link\">\u7ee7\u7eed\u9605\u8bfb<span class=\"screen-reader-text\">\u201cComing of Age 2023  &#8211; Nights and Days in America\u201d<\/span><\/a><\/p>","protected":false},"author":15,"featured_media":0,"parent":0,"menu_order":0,"comment_status":"closed","ping_status":"closed","template":"","meta":{"footnotes":""},"_links":{"self":[{"href":"https:\/\/www.allersretoursasso.fr\/zh\/wp-json\/wp\/v2\/pages\/3865"}],"collection":[{"href":"https:\/\/www.allersretoursasso.fr\/zh\/wp-json\/wp\/v2\/pages"}],"about":[{"href":"https:\/\/www.allersretoursasso.fr\/zh\/wp-json\/wp\/v2\/types\/page"}],"author":[{"embeddable":true,"href":"https:\/\/www.allersretoursasso.fr\/zh\/wp-json\/wp\/v2\/users\/15"}],"replies":[{"embeddable":true,"href":"https:\/\/www.allersretoursasso.fr\/zh\/wp-json\/wp\/v2\/comments?post=3865"}],"version-history":[{"count":8,"href":"https:\/\/www.allersretoursasso.fr\/zh\/wp-json\/wp\/v2\/pages\/3865\/revisions"}],"predecessor-version":[{"id":4188,"href":"https:\/\/www.allersretoursasso.fr\/zh\/wp-json\/wp\/v2\/pages\/3865\/revisions\/4188"}],"wp:attachment":[{"href":"https:\/\/www.allersretoursasso.fr\/zh\/wp-json\/wp\/v2\/media?parent=3865"}],"curies":[{"name":"wp","href":"https:\/\/api.w.org\/{rel}","templated":true}]}}