{"id":3874,"date":"2023-08-29T15:15:20","date_gmt":"2023-08-29T13:15:20","guid":{"rendered":"https:\/\/www.allersretoursasso.fr\/?page_id=3874"},"modified":"2023-09-06T23:24:48","modified_gmt":"2023-09-06T21:24:48","slug":"coming-of-age-2023-alien-human","status":"publish","type":"page","link":"https:\/\/www.allersretoursasso.fr\/zh\/coming-of-age-2023-alien-human\/","title":{"rendered":"Coming of Age 2023  &#8211; Alien Human"},"content":{"rendered":"<div id=\"fb-root\"><\/div>\n\n<div class=\"wp-block-media-text alignwide is-stacked-on-mobile\" style=\"grid-template-columns:41% auto\"><figure class=\"wp-block-media-text__media\"><img loading=\"lazy\" decoding=\"async\" width=\"741\" height=\"1024\" src=\"https:\/\/www.allersretoursasso.fr\/wp-content\/uploads\/2023\/08\/08-Alien-Human-\u5b87\u5b99\u4eba\u95f4-sans-laural.jpg\uff08\u526f\u672c\uff09-741x1024.jpg\" alt=\"\" class=\"wp-image-3876 size-full\" srcset=\"https:\/\/www.allersretoursasso.fr\/wp-content\/uploads\/2023\/08\/08-Alien-Human-\u5b87\u5b99\u4eba\u95f4-sans-laural.jpg\uff08\u526f\u672c\uff09-741x1024.jpg 741w, https:\/\/www.allersretoursasso.fr\/wp-content\/uploads\/2023\/08\/08-Alien-Human-\u5b87\u5b99\u4eba\u95f4-sans-laural.jpg\uff08\u526f\u672c\uff09-217x300.jpg 217w, https:\/\/www.allersretoursasso.fr\/wp-content\/uploads\/2023\/08\/08-Alien-Human-\u5b87\u5b99\u4eba\u95f4-sans-laural.jpg\uff08\u526f\u672c\uff09-768x1062.jpg 768w, https:\/\/www.allersretoursasso.fr\/wp-content\/uploads\/2023\/08\/08-Alien-Human-\u5b87\u5b99\u4eba\u95f4-sans-laural.jpg\uff08\u526f\u672c\uff09-1111x1536.jpg 1111w, https:\/\/www.allersretoursasso.fr\/wp-content\/uploads\/2023\/08\/08-Alien-Human-\u5b87\u5b99\u4eba\u95f4-sans-laural.jpg\uff08\u526f\u672c\uff09-1482x2048.jpg 1482w, https:\/\/www.allersretoursasso.fr\/wp-content\/uploads\/2023\/08\/08-Alien-Human-\u5b87\u5b99\u4eba\u95f4-sans-laural.jpg\uff08\u526f\u672c\uff09-9x12.jpg 9w, https:\/\/www.allersretoursasso.fr\/wp-content\/uploads\/2023\/08\/08-Alien-Human-\u5b87\u5b99\u4eba\u95f4-sans-laural.jpg\uff08\u526f\u672c\uff09-350x484.jpg 350w, https:\/\/www.allersretoursasso.fr\/wp-content\/uploads\/2023\/08\/08-Alien-Human-\u5b87\u5b99\u4eba\u95f4-sans-laural.jpg\uff08\u526f\u672c\uff09-scaled.jpg 1852w\" sizes=\"(max-width: 706px) 89vw, (max-width: 767px) 82vw, 740px\" \/><\/figure><div class=\"wp-block-media-text__content\">\n<div class=\"wp-block-group is-layout-flow wp-block-group-is-layout-flow\"><div class=\"wp-block-group__inner-container\">\n<div class=\"wp-block-group is-vertical is-layout-flex wp-container-core-group-layout-4 wp-block-group-is-layout-flex\">\n<div class=\"wp-block-group is-layout-flow wp-block-group-is-layout-flow\"><div class=\"wp-block-group__inner-container\">\n<div class=\"wp-block-group is-layout-flow wp-block-group-is-layout-flow\"><div class=\"wp-block-group__inner-container\">\n<div class=\"wp-block-group is-layout-flow wp-block-group-is-layout-flow\"><div class=\"wp-block-group__inner-container\">\n<p><\/p>\n\n\n\n<p style=\"font-size:30px;font-style:normal;font-weight:500\"><em><strong>Alien Human <\/strong><\/em><\/p>\n\n\n\n<p style=\"font-size:30px;font-style:normal;font-weight:500\">\u5b87\u5b99\u4eba\u95f4<\/p>\n\n\n\n<p class=\"has-medium-font-size\">PANG Wen  <\/p>\n\n\n\n<p class=\"has-medium-font-size\">\u5e9e\u96ef<\/p>\n\n\n\n<p class=\"has-small-font-size\"><a href=\"https:\/\/www.allersretoursasso.fr\/zh\/coming-of-age-2023\/\" target=\"_blank\" rel=\"noreferrer noopener\">\u00c9dition : Coming of Age 2023<\/a><\/p>\n\n\n\n<p style=\"font-size:10px\"><\/p>\n<\/div><\/div>\n\n\n\n<p class=\"has-text-align-center\"><\/p>\n\n\n\n<p class=\"has-text-align-left\" style=\"font-size:15px\"><\/p>\n<\/div><\/div>\n<\/div><\/div>\n<\/div>\n<\/div><\/div>\n<\/div><\/div>\n\n\n\n<h2 class=\"wp-block-heading\"><\/h2>\n\n\n\n<p class=\"has-text-align-center has-small-font-size\"><em>2022 \/ 5\u2019 \/ Anglais \/ VOSTFR \/ Animation<\/em><\/p>\n\n\n\n<p class=\"has-text-align-center has-small-font-size\">2022 \/ 5\u2019 \/ \u82f1\u8bed \/ \u539f\u58f0\u6cd5\u8bed\u5b57\u5e55 \/ \u52a8\u753b<\/p>\n\n\n\n<p class=\"has-text-align-left\" style=\"font-size:16px;line-height:1.5\">Film d\u2019animation adapt\u00e9 d\u2019une bande dessin\u00e9e en ligne de WANG Yuewei, <em>Alien Humans<\/em> restitue dans 4 sayn\u00e8tes po\u00e9tiques l\u2019\u00e9tranget\u00e9 que nos pens\u00e9es peuvent rev\u00eatir aux yeux d\u2019autrui.<\/p>\n\n\n\n<p>\u5bf9\u4e8e\u4ed6\u4eba\u6211\u4eec\u90fd\u662f\u5916\u661f\u4eba\u3002\u300a\u5b87\u5b99\u4eba\u95f4\u300b\u6539\u7f16\u81ea\u6f2b\u753b\u5bb6&#8221;\u5934\u6389\u4e86&#8221;\u7684\u4f5c\u54c1\uff0c\u7531\u56db\u4e2a\u77ed\u7bc7\u6784\u6210\uff0c\u4ee5\u52a8\u753b\u53ca\u77ed\u8bd7\u4e3a\u6587\u672c\uff0c\u8bd5\u56fe\u63cf\u7ed8\u5916\u661f\u4eba\uff08\u4ed6\u4eba\uff09\u7684\u601d\u7eea\u3002<\/p>\n\n\n\n<p><mark style=\"background-color:rgba(0, 0, 0, 0)\" class=\"has-inline-color has-white-color\">000000<\/mark><\/p>\n\n\n\n<figure class=\"wp-block-gallery has-nested-images columns-default is-cropped wp-block-gallery-1 is-layout-flex wp-block-gallery-is-layout-flex\">\n<figure class=\"wp-block-image size-large\"><img loading=\"lazy\" decoding=\"async\" width=\"1024\" height=\"576\" data-id=\"3878\" src=\"https:\/\/www.allersretoursasso.fr\/wp-content\/uploads\/2023\/08\/Alien-Human-1-1024x576.png\" alt=\"\" class=\"wp-image-3878\" srcset=\"https:\/\/www.allersretoursasso.fr\/wp-content\/uploads\/2023\/08\/Alien-Human-1-1024x576.png 1024w, https:\/\/www.allersretoursasso.fr\/wp-content\/uploads\/2023\/08\/Alien-Human-1-300x169.png 300w, https:\/\/www.allersretoursasso.fr\/wp-content\/uploads\/2023\/08\/Alien-Human-1-768x432.png 768w, https:\/\/www.allersretoursasso.fr\/wp-content\/uploads\/2023\/08\/Alien-Human-1-1536x864.png 1536w, https:\/\/www.allersretoursasso.fr\/wp-content\/uploads\/2023\/08\/Alien-Human-1-2048x1152.png 2048w, https:\/\/www.allersretoursasso.fr\/wp-content\/uploads\/2023\/08\/Alien-Human-1-18x10.png 18w, https:\/\/www.allersretoursasso.fr\/wp-content\/uploads\/2023\/08\/Alien-Human-1-350x197.png 350w\" sizes=\"(max-width: 767px) 89vw, (max-width: 1000px) 54vw, (max-width: 1071px) 543px, 580px\" \/><\/figure>\n\n\n\n<figure class=\"wp-block-image size-large\"><img loading=\"lazy\" decoding=\"async\" width=\"1024\" height=\"577\" data-id=\"3879\" src=\"https:\/\/www.allersretoursasso.fr\/wp-content\/uploads\/2023\/08\/Alien-Human-2-1024x577.png\" alt=\"\" class=\"wp-image-3879\" srcset=\"https:\/\/www.allersretoursasso.fr\/wp-content\/uploads\/2023\/08\/Alien-Human-2-1024x577.png 1024w, https:\/\/www.allersretoursasso.fr\/wp-content\/uploads\/2023\/08\/Alien-Human-2-300x169.png 300w, https:\/\/www.allersretoursasso.fr\/wp-content\/uploads\/2023\/08\/Alien-Human-2-768x433.png 768w, https:\/\/www.allersretoursasso.fr\/wp-content\/uploads\/2023\/08\/Alien-Human-2-1536x865.png 1536w, https:\/\/www.allersretoursasso.fr\/wp-content\/uploads\/2023\/08\/Alien-Human-2-2048x1154.png 2048w, https:\/\/www.allersretoursasso.fr\/wp-content\/uploads\/2023\/08\/Alien-Human-2-18x10.png 18w, https:\/\/www.allersretoursasso.fr\/wp-content\/uploads\/2023\/08\/Alien-Human-2-350x197.png 350w\" sizes=\"(max-width: 767px) 89vw, (max-width: 1000px) 54vw, (max-width: 1071px) 543px, 580px\" \/><\/figure>\n<\/figure>\n\n\n\n<div class=\"wp-block-group is-layout-constrained wp-block-group-is-layout-constrained\"><div class=\"wp-block-group__inner-container\">\n<div class=\"wp-block-columns is-layout-flex wp-container-core-columns-layout-1 wp-block-columns-is-layout-flex\">\n<div class=\"wp-block-column is-layout-flow wp-block-column-is-layout-flow\" style=\"flex-basis:100%\">\n<figure class=\"wp-block-image size-large\"><img loading=\"lazy\" decoding=\"async\" width=\"1024\" height=\"576\" src=\"https:\/\/www.allersretoursasso.fr\/wp-content\/uploads\/2023\/08\/Alien-Human-3-1024x576.png\" alt=\"\" class=\"wp-image-3880\" srcset=\"https:\/\/www.allersretoursasso.fr\/wp-content\/uploads\/2023\/08\/Alien-Human-3-1024x576.png 1024w, https:\/\/www.allersretoursasso.fr\/wp-content\/uploads\/2023\/08\/Alien-Human-3-300x169.png 300w, https:\/\/www.allersretoursasso.fr\/wp-content\/uploads\/2023\/08\/Alien-Human-3-768x432.png 768w, https:\/\/www.allersretoursasso.fr\/wp-content\/uploads\/2023\/08\/Alien-Human-3-1536x864.png 1536w, https:\/\/www.allersretoursasso.fr\/wp-content\/uploads\/2023\/08\/Alien-Human-3-2048x1151.png 2048w, https:\/\/www.allersretoursasso.fr\/wp-content\/uploads\/2023\/08\/Alien-Human-3-18x10.png 18w, https:\/\/www.allersretoursasso.fr\/wp-content\/uploads\/2023\/08\/Alien-Human-3-350x197.png 350w\" sizes=\"(max-width: 767px) 89vw, (max-width: 1000px) 54vw, (max-width: 1071px) 543px, 580px\" \/><\/figure>\n<\/div>\n<\/div>\n<\/div><\/div>\n\n\n\n<figure class=\"wp-block-embed is-type-video is-provider-youtube wp-block-embed-youtube wp-embed-aspect-16-9 wp-has-aspect-ratio\"><div class=\"wp-block-embed__wrapper\">\n<iframe loading=\"lazy\" title=\"Alien Human - PANG Wen - Bande-annonce\" width=\"525\" height=\"295\" src=\"https:\/\/www.youtube.com\/embed\/bLUkTt8zT3I?feature=oembed\" frameborder=\"0\" allow=\"accelerometer; autoplay; clipboard-write; encrypted-media; gyroscope; picture-in-picture; web-share\" allowfullscreen><\/iframe>\n<\/div><\/figure>\n\n\n\n<p><\/p>\n\n\n\n<div class=\"wp-block-columns is-layout-flex wp-container-core-columns-layout-2 wp-block-columns-is-layout-flex\">\n<div class=\"wp-block-column is-layout-flow wp-block-column-is-layout-flow\"><\/div>\n<\/div>\n\n\n\n<hr class=\"wp-block-separator has-alpha-channel-opacity\"\/>\n\n\n\n<div class=\"wp-block-columns is-layout-flex wp-container-core-columns-layout-3 wp-block-columns-is-layout-flex\">\n<div class=\"wp-block-column is-layout-flow wp-block-column-is-layout-flow\"><\/div>\n<\/div>\n\n\n\n<div class=\"wp-block-columns is-layout-flex wp-container-core-columns-layout-4 wp-block-columns-is-layout-flex\">\n<div class=\"wp-block-column is-layout-flow wp-block-column-is-layout-flow\" style=\"flex-basis:33.33%\">\n<figure class=\"wp-block-image size-full\"><img loading=\"lazy\" decoding=\"async\" width=\"744\" height=\"704\" src=\"https:\/\/www.allersretoursasso.fr\/wp-content\/uploads\/2023\/08\/08-PANG-Wen.png\uff08\u526f\u672c\uff09.png\" alt=\"\" class=\"wp-image-3877\" srcset=\"https:\/\/www.allersretoursasso.fr\/wp-content\/uploads\/2023\/08\/08-PANG-Wen.png\uff08\u526f\u672c\uff09.png 744w, https:\/\/www.allersretoursasso.fr\/wp-content\/uploads\/2023\/08\/08-PANG-Wen.png\uff08\u526f\u672c\uff09-300x284.png 300w, https:\/\/www.allersretoursasso.fr\/wp-content\/uploads\/2023\/08\/08-PANG-Wen.png\uff08\u526f\u672c\uff09-13x12.png 13w, https:\/\/www.allersretoursasso.fr\/wp-content\/uploads\/2023\/08\/08-PANG-Wen.png\uff08\u526f\u672c\uff09-350x331.png 350w\" sizes=\"(max-width: 706px) 89vw, (max-width: 767px) 82vw, 740px\" \/><\/figure>\n<\/div>\n\n\n\n<div class=\"wp-block-column is-layout-flow wp-block-column-is-layout-flow\" style=\"flex-basis:66.66%\">\n<p><strong>Par rapport \u00e0 <strong>PANG Wen<\/strong><br>\/ \u5173\u4e8e\u5e9e\u96ef<\/strong><\/p>\n\n\n\n<p class=\"has-small-font-size\"><\/p>\n<\/div>\n<\/div>\n\n\n\n<p class=\"has-small-font-size\"><\/p>\n\n\n\n<p class=\"has-small-font-size\">Pang Wen est n\u00e9e en 1996 dans la province du Sichuan. Dipl\u00f4m\u00e9e de l\u2019Acad\u00e9mie Centrale des Beaux-Arts en Chine en 2020, elle \u00e9tudie actuellement \u00e0 l&#8217;Universit\u00e9 Nationale des Beaux-arts et de la Musique de Tokyo, avec une sp\u00e9cialisation en animation.<\/p>\n\n\n\n<p class=\"has-small-font-size\">\u5e9e\u96ef\uff0c1996\u5e74\u51fa\u751f\u4e8e\u4e2d\u56fd\u56db\u5ddd\u7701\uff0c2020\u5e74\u6bd5\u4e1a\u4e8e\u4e2d\u56fd\u4e2d\u592e\u7f8e\u672f\u5b66\u9662\uff0c\u73b0\u5c31\u8bfb\u4e8e\u4e1c\u4eac\u827a\u672f\u5927\u5b66\u52a8\u753b\u5b66\u9662\u3002<\/p>\n\n\n\n<p class=\"has-small-font-size\"><\/p>\n\n\n\n<p><\/p>\n\n\n\n<hr class=\"wp-block-separator has-alpha-channel-opacity is-style-wide\"\/>\n\n\n\n<div class=\"wp-block-columns is-layout-flex wp-container-core-columns-layout-5 wp-block-columns-is-layout-flex\">\n<div class=\"wp-block-column is-layout-flow wp-block-column-is-layout-flow\"><\/div>\n<\/div>\n\n\n\n<div class=\"wp-block-buttons is-content-justification-center is-layout-flex wp-container-core-buttons-layout-1 wp-block-buttons-is-layout-flex\">\n<div class=\"wp-block-button has-custom-width wp-block-button__width-75 has-custom-font-size is-style-outline\" style=\"font-size:16px\"><a class=\"wp-block-button__link has-black-color has-white-background-color has-text-color has-background wp-element-button\" href=\"https:\/\/www.billetweb.fr\/coa-allersretours\">\u8d2d\u7968\u94fe\u63a5<br>\u7ebf\u4e0a\u8d2d\u7968<\/a><\/div>\n<\/div>\n\n\n\n<p><\/p>\n\n\n\n<div class=\"wp-block-columns is-layout-flex wp-container-core-columns-layout-6 wp-block-columns-is-layout-flex\">\n<div class=\"wp-block-column is-layout-flow wp-block-column-is-layout-flow\">\n<p class=\"has-text-align-center\"><strong>Jeudi 05 octobre \u00e0 19h30 au<\/strong><br><strong><strong>PATH\u00c9 LES FAUVETTES<\/strong><\/strong><br>58 Av. des Gobelins, 75013 Paris<\/p>\n<\/div>\n\n\n\n<div class=\"wp-block-column is-layout-flow wp-block-column-is-layout-flow\">\n<p class=\"has-text-align-center\"><strong>Jeudi 05 octobre \u00e0 <strong>20h30<\/strong> \u4e8e<\/strong><br><strong><strong><strong>CIN\u00c9MA LUMI\u00c8RE BELLECOUR<\/strong><\/strong><\/strong><br>12 Rue de la Barre, 69002 Lyon<\/p>\n<\/div>\n<\/div>\n\n\n\n<div class=\"wp-block-cover is-light\" style=\"min-height:349px\"><span aria-hidden=\"true\" class=\"wp-block-cover__background has-white-background-color has-background-dim\"><\/span><div class=\"wp-block-cover__inner-container is-layout-flow wp-block-cover-is-layout-flow\">\n<div class=\"wp-block-group is-layout-flow wp-block-group-is-layout-flow\"><div class=\"wp-block-group__inner-container\">\n<figure class=\"wp-block-image size-large\"><img loading=\"lazy\" decoding=\"async\" width=\"1024\" height=\"380\" src=\"https:\/\/www.allersretoursasso.fr\/wp-content\/uploads\/2023\/09\/banner-1024x380.jpg\" alt=\"\" class=\"wp-image-4022\" srcset=\"https:\/\/www.allersretoursasso.fr\/wp-content\/uploads\/2023\/09\/banner-1024x380.jpg 1024w, https:\/\/www.allersretoursasso.fr\/wp-content\/uploads\/2023\/09\/banner-300x111.jpg 300w, https:\/\/www.allersretoursasso.fr\/wp-content\/uploads\/2023\/09\/banner-768x285.jpg 768w, https:\/\/www.allersretoursasso.fr\/wp-content\/uploads\/2023\/09\/banner-18x7.jpg 18w, https:\/\/www.allersretoursasso.fr\/wp-content\/uploads\/2023\/09\/banner-350x130.jpg 350w, https:\/\/www.allersretoursasso.fr\/wp-content\/uploads\/2023\/09\/banner.jpg 1277w\" sizes=\"(max-width: 767px) 89vw, (max-width: 1000px) 54vw, (max-width: 1071px) 543px, 580px\" \/><\/figure>\n<\/div><\/div>\n<\/div><\/div>\n\n\n\n<div class=\"wp-block-group is-layout-flow wp-block-group-is-layout-flow\"><div class=\"wp-block-group__inner-container\">\n<p class=\"has-text-align-center\" style=\"font-size:15px\"><\/p>\n<\/div><\/div>\n\n\n\n<p class=\"has-text-align-center has-white-color has-text-color\" style=\"font-size:15px\"> 19h45 aux Ursuline<\/p>\n\n\n\n<p class=\"has-text-align-center has-white-color has-text-color\" style=\"font-size:15px\">06 octobre \u00e0 19h45 aux Ursulines<\/p>","protected":false},"excerpt":{"rendered":"<p>2022 \/ 5\u2019 \/ Anglais \/ VOSTFR \/ Animation 2022 \/ 5\u2019 \/ \u82f1\u8bed \/ \u539f\u58f0\u6cd5\u8bed\u5b57\u5e55 \/ \u52a8\u753b Film d\u2019animation adapt\u00e9 d\u2019une bande dessin\u00e9e en ligne de WANG Yuewei, Alien Humans restitue dans 4 sayn\u00e8tes po\u00e9tiques l\u2019\u00e9tranget\u00e9 que nos pens\u00e9es peuvent rev\u00eatir aux yeux d\u2019autrui. \u5bf9\u4e8e\u4ed6\u4eba\u6211\u4eec\u90fd\u662f\u5916\u661f\u4eba\u3002\u300a\u5b87\u5b99\u4eba\u95f4\u300b\u6539\u7f16\u81ea\u6f2b\u753b\u5bb6&#8221;\u5934\u6389\u4e86&#8221;\u7684\u4f5c\u54c1\uff0c\u7531\u56db\u4e2a\u77ed\u7bc7\u6784\u6210\uff0c\u4ee5\u52a8\u753b\u53ca\u77ed\u8bd7\u4e3a\u6587\u672c\uff0c\u8bd5\u56fe\u63cf\u7ed8\u5916\u661f\u4eba\uff08\u4ed6\u4eba\uff09\u7684\u601d\u7eea\u3002 000000 Par rapport \u00e0 PANG Wen\/ \u5173\u4e8e\u5e9e\u96ef Pang Wen &hellip; <\/p>\n<p class=\"link-more\"><a href=\"https:\/\/www.allersretoursasso.fr\/zh\/coming-of-age-2023-alien-human\/\" class=\"more-link\">\u7ee7\u7eed\u9605\u8bfb<span class=\"screen-reader-text\">\u201cComing of Age 2023  &#8211; Alien Human\u201d<\/span><\/a><\/p>","protected":false},"author":15,"featured_media":0,"parent":0,"menu_order":0,"comment_status":"closed","ping_status":"closed","template":"","meta":{"footnotes":""},"_links":{"self":[{"href":"https:\/\/www.allersretoursasso.fr\/zh\/wp-json\/wp\/v2\/pages\/3874"}],"collection":[{"href":"https:\/\/www.allersretoursasso.fr\/zh\/wp-json\/wp\/v2\/pages"}],"about":[{"href":"https:\/\/www.allersretoursasso.fr\/zh\/wp-json\/wp\/v2\/types\/page"}],"author":[{"embeddable":true,"href":"https:\/\/www.allersretoursasso.fr\/zh\/wp-json\/wp\/v2\/users\/15"}],"replies":[{"embeddable":true,"href":"https:\/\/www.allersretoursasso.fr\/zh\/wp-json\/wp\/v2\/comments?post=3874"}],"version-history":[{"count":4,"href":"https:\/\/www.allersretoursasso.fr\/zh\/wp-json\/wp\/v2\/pages\/3874\/revisions"}],"predecessor-version":[{"id":4206,"href":"https:\/\/www.allersretoursasso.fr\/zh\/wp-json\/wp\/v2\/pages\/3874\/revisions\/4206"}],"wp:attachment":[{"href":"https:\/\/www.allersretoursasso.fr\/zh\/wp-json\/wp\/v2\/media?parent=3874"}],"curies":[{"name":"wp","href":"https:\/\/api.w.org\/{rel}","templated":true}]}}