{"id":3890,"date":"2023-09-01T11:48:42","date_gmt":"2023-09-01T09:48:42","guid":{"rendered":"https:\/\/www.allersretoursasso.fr\/?page_id=3890"},"modified":"2023-09-06T23:01:42","modified_gmt":"2023-09-06T21:01:42","slug":"coming-of-age-2023-frontier","status":"publish","type":"page","link":"https:\/\/www.allersretoursasso.fr\/zh\/coming-of-age-2023-frontier\/","title":{"rendered":"Coming of Age 2023  &#8211; Frontier"},"content":{"rendered":"<div id=\"fb-root\"><\/div>\n\n<div class=\"wp-block-media-text alignwide is-stacked-on-mobile\" style=\"grid-template-columns:41% auto\"><figure class=\"wp-block-media-text__media\"><img loading=\"lazy\" decoding=\"async\" width=\"730\" height=\"1024\" src=\"https:\/\/www.allersretoursasso.fr\/wp-content\/uploads\/2023\/09\/\u622a\u5c4f2023-09-01-11.52.47-730x1024.png\" alt=\"\" class=\"wp-image-3895 size-full\" srcset=\"https:\/\/www.allersretoursasso.fr\/wp-content\/uploads\/2023\/09\/\u622a\u5c4f2023-09-01-11.52.47-730x1024.png 730w, https:\/\/www.allersretoursasso.fr\/wp-content\/uploads\/2023\/09\/\u622a\u5c4f2023-09-01-11.52.47-214x300.png 214w, https:\/\/www.allersretoursasso.fr\/wp-content\/uploads\/2023\/09\/\u622a\u5c4f2023-09-01-11.52.47-768x1078.png 768w, https:\/\/www.allersretoursasso.fr\/wp-content\/uploads\/2023\/09\/\u622a\u5c4f2023-09-01-11.52.47-1095x1536.png 1095w, https:\/\/www.allersretoursasso.fr\/wp-content\/uploads\/2023\/09\/\u622a\u5c4f2023-09-01-11.52.47-9x12.png 9w, https:\/\/www.allersretoursasso.fr\/wp-content\/uploads\/2023\/09\/\u622a\u5c4f2023-09-01-11.52.47-250x350.png 250w, https:\/\/www.allersretoursasso.fr\/wp-content\/uploads\/2023\/09\/\u622a\u5c4f2023-09-01-11.52.47-350x491.png 350w, https:\/\/www.allersretoursasso.fr\/wp-content\/uploads\/2023\/09\/\u622a\u5c4f2023-09-01-11.52.47.png 1240w\" sizes=\"(max-width: 730px) 100vw, 730px\" \/><\/figure><div class=\"wp-block-media-text__content\">\n<div class=\"wp-block-group is-layout-flow wp-block-group-is-layout-flow\"><div class=\"wp-block-group__inner-container\">\n<div class=\"wp-block-group is-vertical is-layout-flex wp-container-core-group-layout-4 wp-block-group-is-layout-flex\">\n<div class=\"wp-block-group is-layout-flow wp-block-group-is-layout-flow\"><div class=\"wp-block-group__inner-container\">\n<div class=\"wp-block-group is-layout-flow wp-block-group-is-layout-flow\"><div class=\"wp-block-group__inner-container\">\n<div class=\"wp-block-group is-layout-flow wp-block-group-is-layout-flow\"><div class=\"wp-block-group__inner-container\">\n<p><\/p>\n\n\n\n<p style=\"font-size:30px;font-style:normal;font-weight:500\"><em><strong><strong>Frontier<\/strong> <\/strong><\/em><\/p>\n\n\n\n<p style=\"font-size:30px;font-style:normal;font-weight:500\">\u8bdd\u8bed<\/p>\n\n\n\n<p class=\"has-medium-font-size\">LI Ming <\/p>\n\n\n\n<p class=\"has-medium-font-size\">\u674e\u94ed<\/p>\n\n\n\n<p class=\"has-small-font-size\"><a href=\"https:\/\/www.allersretoursasso.fr\/zh\/coming-of-age-2023\/\" target=\"_blank\" rel=\"noreferrer noopener\">\u00c9dition : Coming of Age 2023<\/a><\/p>\n\n\n\n<p style=\"font-size:10px\"><\/p>\n<\/div><\/div>\n\n\n\n<p class=\"has-text-align-center\"><\/p>\n\n\n\n<p class=\"has-text-align-left\" style=\"font-size:15px\"><\/p>\n<\/div><\/div>\n<\/div><\/div>\n<\/div>\n<\/div><\/div>\n<\/div><\/div>\n\n\n\n<h2 class=\"wp-block-heading\"><\/h2>\n\n\n\n<p class=\"has-text-align-center has-small-font-size\"><em>2022 \/ 30\u2019 \/ Mandarin \/ VOSTF \/ Fiction<\/em><\/p>\n\n\n\n<p class=\"has-text-align-center has-small-font-size\">2022 \/ 30\u2019 \/ \u666e\u901a\u8bdd \/ \u539f\u58f0\u6cd5\u8bed\u5b57\u5e55 \/ \u5267\u60c5<\/p>\n\n\n\n<p class=\"has-text-align-center has-small-font-size\"><em>S\u00e9lectionn\u00e9 au Golden Horse Film Festival de Taipei 2022 dans la cat\u00e9gorie court-m\u00e9trage de fiction<\/em><\/p>\n\n\n\n<p class=\"has-text-align-center has-small-font-size\">2022\u5e74\u53f0\u5317\u91d1\u9a6c\u5f71\u5c55\u6700\u4f73\u5267\u60c5\u77ed\u7247\u63d0\u540d<\/p>\n\n\n\n<p><\/p>\n\n\n\n<p class=\"has-text-align-left\" style=\"font-size:16px;line-height:1.5\">Yangyang est un gar\u00e7on Han dans une grande ville chinoise. Un nouvel \u00e9l\u00e8ve originaire du Xinjiang se pr\u00e9sente un jour \u00e0 l\u2019\u00e9cole et les deux deviennent rapidement amis, contre les pr\u00e9jug\u00e9s du p\u00e8re de Yangyang et du reste de la soci\u00e9t\u00e9.<\/p>\n\n\n\n<p>\u6c49\u65cf\u5c0f\u5b66\u751f\u9633\u9633\uff0c\u610f\u5916\u7ed3\u8bc6\u6765\u81ea\u65b0\u7586\u7684\u7ef4\u65cf\u8f6c\u5b66\u751f\u827e\u529b\u3002\u4e24\u4e2a\u5b69\u5b50\u867d\u5c5e\u4e0d\u540c\u65cf\u88d4\uff0c\u5374\u80fd\u4e00\u8d77\u73a9\u4e50\uff0c\u4e5f\u80fd\u5206\u4eab\u5fc3\u5e95\u5bf9\u7236\u6bcd\u7684\u4e0d\u6ee1\uff0c\u6709\u7740\u8bb8\u591a\u76f8\u4f3c\u5fc3\u60c5\u3002\u7136\u800c\uff0c\u7236\u4eb2\u7684\u4e25\u8bcd\u8b66\u544a\u548c\u793e\u4f1a\u7684\u56fa\u6709\u601d\u7ef4\uff0c\u50cf\u662f\u4e00\u9053\u65e0\u5f62\u7684\u56f4\u7bf1\uff0c\u9ed8\u9ed8\u5f71\u54cd\u7740\u9633\u9633\u7684\u5185\u5fc3\uff0c\u5f53\u827e\u529b\u9080\u8bf7\u9633\u9633\u53c2\u52a0\u7ef4\u65cf\u8282\u5e86\uff0c\u4ed6\u80fd\u5426\u7a81\u7834\u9694\u9602\u52a0\u5165\u4ed6\u4eec\u5462\uff1f<\/p>\n\n\n\n<p><mark style=\"background-color:rgba(0, 0, 0, 0)\" class=\"has-inline-color has-white-color\">000000<\/mark><\/p>\n\n\n\n<figure class=\"wp-block-gallery has-nested-images columns-default is-cropped wp-block-gallery-1 is-layout-flex wp-block-gallery-is-layout-flex\">\n<figure class=\"wp-block-image size-large\"><img loading=\"lazy\" decoding=\"async\" width=\"1024\" height=\"970\" data-id=\"3900\" src=\"https:\/\/www.allersretoursasso.fr\/wp-content\/uploads\/2023\/09\/Frontier-\u8bdd\u8bed1-1-1024x970.jpg\" alt=\"\" class=\"wp-image-3900\" srcset=\"https:\/\/www.allersretoursasso.fr\/wp-content\/uploads\/2023\/09\/Frontier-\u8bdd\u8bed1-1-1024x970.jpg 1024w, https:\/\/www.allersretoursasso.fr\/wp-content\/uploads\/2023\/09\/Frontier-\u8bdd\u8bed1-1-300x284.jpg 300w, https:\/\/www.allersretoursasso.fr\/wp-content\/uploads\/2023\/09\/Frontier-\u8bdd\u8bed1-1-768x728.jpg 768w, https:\/\/www.allersretoursasso.fr\/wp-content\/uploads\/2023\/09\/Frontier-\u8bdd\u8bed1-1-13x12.jpg 13w, https:\/\/www.allersretoursasso.fr\/wp-content\/uploads\/2023\/09\/Frontier-\u8bdd\u8bed1-1-350x332.jpg 350w, https:\/\/www.allersretoursasso.fr\/wp-content\/uploads\/2023\/09\/Frontier-\u8bdd\u8bed1-1.jpg 1492w\" sizes=\"(max-width: 767px) 89vw, (max-width: 1000px) 54vw, (max-width: 1071px) 543px, 580px\" \/><\/figure>\n\n\n\n<figure class=\"wp-block-image size-large\"><img loading=\"lazy\" decoding=\"async\" width=\"1024\" height=\"980\" data-id=\"3897\" src=\"https:\/\/www.allersretoursasso.fr\/wp-content\/uploads\/2023\/09\/Frontier-3-1024x980.jpg\" alt=\"\" class=\"wp-image-3897\" srcset=\"https:\/\/www.allersretoursasso.fr\/wp-content\/uploads\/2023\/09\/Frontier-3-1024x980.jpg 1024w, https:\/\/www.allersretoursasso.fr\/wp-content\/uploads\/2023\/09\/Frontier-3-300x287.jpg 300w, https:\/\/www.allersretoursasso.fr\/wp-content\/uploads\/2023\/09\/Frontier-3-768x735.jpg 768w, https:\/\/www.allersretoursasso.fr\/wp-content\/uploads\/2023\/09\/Frontier-3-13x12.jpg 13w, https:\/\/www.allersretoursasso.fr\/wp-content\/uploads\/2023\/09\/Frontier-3-350x335.jpg 350w, https:\/\/www.allersretoursasso.fr\/wp-content\/uploads\/2023\/09\/Frontier-3.jpg 1492w\" sizes=\"(max-width: 767px) 89vw, (max-width: 1000px) 54vw, (max-width: 1071px) 543px, 580px\" \/><\/figure>\n<\/figure>\n\n\n\n<div class=\"wp-block-group is-layout-constrained wp-block-group-is-layout-constrained\"><div class=\"wp-block-group__inner-container\">\n<div class=\"wp-block-columns is-layout-flex wp-container-core-columns-layout-1 wp-block-columns-is-layout-flex\">\n<div class=\"wp-block-column is-layout-flow wp-block-column-is-layout-flow\" style=\"flex-basis:100%\">\n<figure class=\"wp-block-image size-large\"><img loading=\"lazy\" decoding=\"async\" width=\"1024\" height=\"576\" src=\"https:\/\/www.allersretoursasso.fr\/wp-content\/uploads\/2023\/09\/Frontier-2-1-1024x576.jpg\" alt=\"\" class=\"wp-image-3899\" srcset=\"https:\/\/www.allersretoursasso.fr\/wp-content\/uploads\/2023\/09\/Frontier-2-1-1024x576.jpg 1024w, https:\/\/www.allersretoursasso.fr\/wp-content\/uploads\/2023\/09\/Frontier-2-1-300x169.jpg 300w, https:\/\/www.allersretoursasso.fr\/wp-content\/uploads\/2023\/09\/Frontier-2-1-768x432.jpg 768w, https:\/\/www.allersretoursasso.fr\/wp-content\/uploads\/2023\/09\/Frontier-2-1-1536x864.jpg 1536w, https:\/\/www.allersretoursasso.fr\/wp-content\/uploads\/2023\/09\/Frontier-2-1-2048x1152.jpg 2048w, https:\/\/www.allersretoursasso.fr\/wp-content\/uploads\/2023\/09\/Frontier-2-1-18x10.jpg 18w, https:\/\/www.allersretoursasso.fr\/wp-content\/uploads\/2023\/09\/Frontier-2-1-350x197.jpg 350w\" sizes=\"(max-width: 767px) 89vw, (max-width: 1000px) 54vw, (max-width: 1071px) 543px, 580px\" \/><\/figure>\n<\/div>\n<\/div>\n<\/div><\/div>\n\n\n\n<figure class=\"wp-block-embed is-type-video is-provider-youtube wp-block-embed-youtube wp-embed-aspect-16-9 wp-has-aspect-ratio\"><div class=\"wp-block-embed__wrapper\">\n<iframe loading=\"lazy\" title=\"Frontier - LI Min - Bande-annonce\" width=\"525\" height=\"295\" src=\"https:\/\/www.youtube.com\/embed\/ZM6nfwWDxmU?list=PLJFZYepUmhVI6SCvm_NgWt5soYUw5vgly\" frameborder=\"0\" allow=\"accelerometer; autoplay; clipboard-write; encrypted-media; gyroscope; picture-in-picture; web-share\" allowfullscreen><\/iframe>\n<\/div><\/figure>\n\n\n\n<p><\/p>\n\n\n\n<div class=\"wp-block-columns is-layout-flex wp-container-core-columns-layout-2 wp-block-columns-is-layout-flex\">\n<div class=\"wp-block-column is-layout-flow wp-block-column-is-layout-flow\"><\/div>\n<\/div>\n\n\n\n<hr class=\"wp-block-separator has-alpha-channel-opacity\"\/>\n\n\n\n<div class=\"wp-block-columns is-layout-flex wp-container-core-columns-layout-3 wp-block-columns-is-layout-flex\">\n<div class=\"wp-block-column is-layout-flow wp-block-column-is-layout-flow\"><\/div>\n<\/div>\n\n\n\n<div class=\"wp-block-columns is-layout-flex wp-container-core-columns-layout-4 wp-block-columns-is-layout-flex\">\n<div class=\"wp-block-column is-layout-flow wp-block-column-is-layout-flow\" style=\"flex-basis:33.33%\">\n<figure class=\"wp-block-image size-large\"><img loading=\"lazy\" decoding=\"async\" width=\"914\" height=\"1024\" src=\"https:\/\/www.allersretoursasso.fr\/wp-content\/uploads\/2023\/09\/10-LI-Ming.jpg\uff08\u526f\u672c\uff09-914x1024.jpg\" alt=\"\" class=\"wp-image-3902\" srcset=\"https:\/\/www.allersretoursasso.fr\/wp-content\/uploads\/2023\/09\/10-LI-Ming.jpg\uff08\u526f\u672c\uff09-914x1024.jpg 914w, https:\/\/www.allersretoursasso.fr\/wp-content\/uploads\/2023\/09\/10-LI-Ming.jpg\uff08\u526f\u672c\uff09-268x300.jpg 268w, https:\/\/www.allersretoursasso.fr\/wp-content\/uploads\/2023\/09\/10-LI-Ming.jpg\uff08\u526f\u672c\uff09-768x860.jpg 768w, https:\/\/www.allersretoursasso.fr\/wp-content\/uploads\/2023\/09\/10-LI-Ming.jpg\uff08\u526f\u672c\uff09-11x12.jpg 11w, https:\/\/www.allersretoursasso.fr\/wp-content\/uploads\/2023\/09\/10-LI-Ming.jpg\uff08\u526f\u672c\uff09-350x392.jpg 350w, https:\/\/www.allersretoursasso.fr\/wp-content\/uploads\/2023\/09\/10-LI-Ming.jpg\uff08\u526f\u672c\uff09.jpg 1241w\" sizes=\"(max-width: 767px) 89vw, (max-width: 1000px) 54vw, (max-width: 1071px) 543px, 580px\" \/><\/figure>\n<\/div>\n\n\n\n<div class=\"wp-block-column is-layout-flow wp-block-column-is-layout-flow\" style=\"flex-basis:66.66%\">\n<p><strong>Par rapport \u00e0 <strong>LI Ming <\/strong><br>\/ \u5173\u4e8e\u674e\u94ed<\/strong><\/p>\n\n\n\n<p class=\"has-small-font-size\"><\/p>\n<\/div>\n<\/div>\n\n\n\n<p class=\"has-small-font-size\"><\/p>\n\n\n\n<p class=\"has-small-font-size\">LI Ming est n\u00e9 dans Liaoning en 1994. Dipl\u00f4m\u00e9 en 2022 de l\u2019Acad\u00e9mie de Cin\u00e9ma de P\u00e9kin, ses courts-m\u00e9trages <em>Going Home<\/em> (2018) et <em>Lily <\/em>(2020) ont \u00e9t\u00e9 r\u00e9compens\u00e9s dans plusieurs festivals internationaux.&nbsp;<\/p>\n\n\n\n<p class=\"has-small-font-size\">1994\u5e74\u51fa\u751f\uff0c\u6bd5\u4e1a\u4e8e\u4e2d\u56fd\u4f20\u5a92\u5927\u5b66\u5bfc\u6f14\u7cfb\u672c\u79d1\uff0c\u5317\u4eac\u7535\u5f71\u5b66\u9662\u5bfc\u6f14\u7cfb\u7855\u58eb\u3002\u6307\u5bfc\u77ed\u7247\u4f5c\u54c1\u300a\u5927\u8c61\u300b\u3001\u300a\u98ce\u8f7b\u8f7b\u5439\u300b\u66fe\u6570\u6b21\u5165\u56f4\u56fd\u5185\u5916\u5f71\u5c55\u3002<\/p>\n\n\n\n<p class=\"has-small-font-size\"><\/p>\n\n\n\n<p><\/p>\n\n\n\n<hr class=\"wp-block-separator has-alpha-channel-opacity is-style-wide\"\/>\n\n\n\n<div class=\"wp-block-columns is-layout-flex wp-container-core-columns-layout-5 wp-block-columns-is-layout-flex\">\n<div class=\"wp-block-column is-layout-flow wp-block-column-is-layout-flow\"><\/div>\n<\/div>\n\n\n\n<div class=\"wp-block-buttons is-content-justification-center is-layout-flex wp-container-core-buttons-layout-1 wp-block-buttons-is-layout-flex\">\n<div class=\"wp-block-button has-custom-width wp-block-button__width-75 has-custom-font-size is-style-outline\" style=\"font-size:16px\"><a class=\"wp-block-button__link has-black-color has-white-background-color has-text-color has-background wp-element-button\" href=\"https:\/\/www.billetweb.fr\/coa-allersretours\">\u8d2d\u7968\u94fe\u63a5<br>\u7ebf\u4e0a\u8d2d\u7968<\/a><\/div>\n<\/div>\n\n\n\n<p><\/p>\n\n\n\n<div class=\"wp-block-columns is-layout-flex wp-container-core-columns-layout-6 wp-block-columns-is-layout-flex\">\n<div class=\"wp-block-column is-layout-flow wp-block-column-is-layout-flow\">\n<p class=\"has-text-align-center\"><strong>Jeudi 28 septembre \u00e0 19h45 au<\/strong><br><strong>STUDIO DES URSULINES <\/strong><br>10 rue des Ursulines, 75005 Paris<\/p>\n<\/div>\n\n\n\n<div class=\"wp-block-column is-layout-flow wp-block-column-is-layout-flow\">\n<p><strong>Jeudi 28 septembre \u00e0 20h30 au<\/strong><br><strong>CIN\u00c9MA LUMI\u00c8RE BELLECOUR<\/strong><br>12 Rue de la Barre, 69002 Lyon<\/p>\n<\/div>\n<\/div>\n\n\n\n<div class=\"wp-block-cover is-light\" style=\"min-height:349px\"><span aria-hidden=\"true\" class=\"wp-block-cover__background has-white-background-color has-background-dim\"><\/span><div class=\"wp-block-cover__inner-container is-layout-flow wp-block-cover-is-layout-flow\">\n<div class=\"wp-block-group is-layout-flow wp-block-group-is-layout-flow\"><div class=\"wp-block-group__inner-container\">\n<figure class=\"wp-block-image size-large\"><img loading=\"lazy\" decoding=\"async\" width=\"1024\" height=\"380\" src=\"https:\/\/www.allersretoursasso.fr\/wp-content\/uploads\/2023\/09\/banner-1024x380.jpg\" alt=\"\" class=\"wp-image-4022\" srcset=\"https:\/\/www.allersretoursasso.fr\/wp-content\/uploads\/2023\/09\/banner-1024x380.jpg 1024w, https:\/\/www.allersretoursasso.fr\/wp-content\/uploads\/2023\/09\/banner-300x111.jpg 300w, https:\/\/www.allersretoursasso.fr\/wp-content\/uploads\/2023\/09\/banner-768x285.jpg 768w, https:\/\/www.allersretoursasso.fr\/wp-content\/uploads\/2023\/09\/banner-18x7.jpg 18w, https:\/\/www.allersretoursasso.fr\/wp-content\/uploads\/2023\/09\/banner-350x130.jpg 350w, https:\/\/www.allersretoursasso.fr\/wp-content\/uploads\/2023\/09\/banner.jpg 1277w\" sizes=\"(max-width: 767px) 89vw, (max-width: 1000px) 54vw, (max-width: 1071px) 543px, 580px\" \/><\/figure>\n<\/div><\/div>\n<\/div><\/div>\n\n\n\n<div class=\"wp-block-group is-layout-flow wp-block-group-is-layout-flow\"><div class=\"wp-block-group__inner-container\">\n<p class=\"has-text-align-center\" style=\"font-size:15px\"><\/p>\n<\/div><\/div>\n\n\n\n<p class=\"has-text-align-center has-white-color has-text-color\" style=\"font-size:15px\"> 19h45 aux Ursuline<\/p>\n\n\n\n<p class=\"has-text-align-center has-white-color has-text-color\" style=\"font-size:15px\">06 octobre \u00e0 19h45 aux Ursulines<\/p>","protected":false},"excerpt":{"rendered":"<p>2022 \/ 30\u2019 \/ Mandarin \/ VOSTF \/ Fiction 2022 \/ 30\u2019 \/ \u666e\u901a\u8bdd \/ \u539f\u58f0\u6cd5\u8bed\u5b57\u5e55 \/ \u5267\u60c5 S\u00e9lectionn\u00e9 au Golden Horse Film Festival de Taipei 2022 dans la cat\u00e9gorie court-m\u00e9trage de fiction 2022\u5e74\u53f0\u5317\u91d1\u9a6c\u5f71\u5c55\u6700\u4f73\u5267\u60c5\u77ed\u7247\u63d0\u540d Yangyang est un gar\u00e7on Han dans une grande ville chinoise. Un nouvel \u00e9l\u00e8ve originaire du Xinjiang se pr\u00e9sente un jour \u00e0 &hellip; <\/p>\n<p class=\"link-more\"><a href=\"https:\/\/www.allersretoursasso.fr\/zh\/coming-of-age-2023-frontier\/\" class=\"more-link\">\u7ee7\u7eed\u9605\u8bfb<span class=\"screen-reader-text\">\u201cComing of Age 2023  &#8211; Frontier\u201d<\/span><\/a><\/p>","protected":false},"author":15,"featured_media":0,"parent":0,"menu_order":0,"comment_status":"closed","ping_status":"closed","template":"","meta":{"footnotes":""},"_links":{"self":[{"href":"https:\/\/www.allersretoursasso.fr\/zh\/wp-json\/wp\/v2\/pages\/3890"}],"collection":[{"href":"https:\/\/www.allersretoursasso.fr\/zh\/wp-json\/wp\/v2\/pages"}],"about":[{"href":"https:\/\/www.allersretoursasso.fr\/zh\/wp-json\/wp\/v2\/types\/page"}],"author":[{"embeddable":true,"href":"https:\/\/www.allersretoursasso.fr\/zh\/wp-json\/wp\/v2\/users\/15"}],"replies":[{"embeddable":true,"href":"https:\/\/www.allersretoursasso.fr\/zh\/wp-json\/wp\/v2\/comments?post=3890"}],"version-history":[{"count":8,"href":"https:\/\/www.allersretoursasso.fr\/zh\/wp-json\/wp\/v2\/pages\/3890\/revisions"}],"predecessor-version":[{"id":4191,"href":"https:\/\/www.allersretoursasso.fr\/zh\/wp-json\/wp\/v2\/pages\/3890\/revisions\/4191"}],"wp:attachment":[{"href":"https:\/\/www.allersretoursasso.fr\/zh\/wp-json\/wp\/v2\/media?parent=3890"}],"curies":[{"name":"wp","href":"https:\/\/api.w.org\/{rel}","templated":true}]}}