{"id":3904,"date":"2023-09-04T15:37:27","date_gmt":"2023-09-04T13:37:27","guid":{"rendered":"https:\/\/www.allersretoursasso.fr\/?page_id=3904"},"modified":"2023-09-06T23:23:20","modified_gmt":"2023-09-06T21:23:20","slug":"coming-of-age-2023-a-young-tough","status":"publish","type":"page","link":"https:\/\/www.allersretoursasso.fr\/zh\/coming-of-age-2023-a-young-tough\/","title":{"rendered":"Coming of Age 2023  &#8211; A Young Tough"},"content":{"rendered":"<div id=\"fb-root\"><\/div>\n\n<div class=\"wp-block-media-text alignwide is-stacked-on-mobile\" style=\"grid-template-columns:41% auto\"><figure class=\"wp-block-media-text__media\"><img loading=\"lazy\" decoding=\"async\" width=\"805\" height=\"1024\" src=\"https:\/\/www.allersretoursasso.fr\/wp-content\/uploads\/2023\/09\/11-A-Young-Tough-\u7136.png\uff08\u526f\u672c\uff09-805x1024.png\" alt=\"\" class=\"wp-image-3905 size-full\" srcset=\"https:\/\/www.allersretoursasso.fr\/wp-content\/uploads\/2023\/09\/11-A-Young-Tough-\u7136.png\uff08\u526f\u672c\uff09-805x1024.png 805w, https:\/\/www.allersretoursasso.fr\/wp-content\/uploads\/2023\/09\/11-A-Young-Tough-\u7136.png\uff08\u526f\u672c\uff09-236x300.png 236w, https:\/\/www.allersretoursasso.fr\/wp-content\/uploads\/2023\/09\/11-A-Young-Tough-\u7136.png\uff08\u526f\u672c\uff09-768x977.png 768w, https:\/\/www.allersretoursasso.fr\/wp-content\/uploads\/2023\/09\/11-A-Young-Tough-\u7136.png\uff08\u526f\u672c\uff09-9x12.png 9w, https:\/\/www.allersretoursasso.fr\/wp-content\/uploads\/2023\/09\/11-A-Young-Tough-\u7136.png\uff08\u526f\u672c\uff09-350x445.png 350w, https:\/\/www.allersretoursasso.fr\/wp-content\/uploads\/2023\/09\/11-A-Young-Tough-\u7136.png\uff08\u526f\u672c\uff09.png 1170w\" sizes=\"(max-width: 767px) 89vw, (max-width: 1000px) 54vw, (max-width: 1071px) 543px, 580px\" \/><\/figure><div class=\"wp-block-media-text__content\">\n<div class=\"wp-block-group is-layout-flow wp-block-group-is-layout-flow\"><div class=\"wp-block-group__inner-container\">\n<div class=\"wp-block-group is-vertical is-layout-flex wp-container-core-group-layout-4 wp-block-group-is-layout-flex\">\n<div class=\"wp-block-group is-layout-flow wp-block-group-is-layout-flow\"><div class=\"wp-block-group__inner-container\">\n<div class=\"wp-block-group is-layout-flow wp-block-group-is-layout-flow\"><div class=\"wp-block-group__inner-container\">\n<div class=\"wp-block-group is-layout-flow wp-block-group-is-layout-flow\"><div class=\"wp-block-group__inner-container\">\n<p><\/p>\n\n\n\n<p style=\"font-size:30px;font-style:normal;font-weight:500\"><em><span style=\"font-weight: 400\"><strong><strong>A Young Tough<\/strong><\/strong><\/span><\/em><\/p>\n\n\n\n<p style=\"font-size:30px;font-style:normal;font-weight:500\">\u7136<\/p>\n\n\n\n<p class=\"has-medium-font-size\">WANG Pengwei<\/p>\n\n\n\n<p class=\"has-medium-font-size\">\u738b\u9e4f\u4e3a<\/p>\n\n\n\n<p class=\"has-small-font-size\"><a href=\"https:\/\/www.allersretoursasso.fr\/zh\/coming-of-age-2023\/\" target=\"_blank\" rel=\"noreferrer noopener\">\u00c9dition : Coming of Age 2023<\/a><\/p>\n\n\n\n<p style=\"font-size:10px\"><\/p>\n<\/div><\/div>\n\n\n\n<p class=\"has-text-align-center\"><\/p>\n\n\n\n<p class=\"has-text-align-left\" style=\"font-size:15px\"><\/p>\n<\/div><\/div>\n<\/div><\/div>\n<\/div>\n<\/div><\/div>\n<\/div><\/div>\n\n\n\n<h2 class=\"wp-block-heading\"><\/h2>\n\n\n\n<p class=\"has-text-align-center has-small-font-size\"><em>2021 \/ 30\u2019 \/ Mandarin, Anglais \/ VOSTF \/ Fiction<\/em><\/p>\n\n\n\n<p class=\"has-text-align-center has-small-font-size\">2021 \/ 30\u2019 \/ \u666e\u901a\u8bdd\uff0c\u82f1\u8bed \/ \u539f\u58f0\u6cd5\u8bed\u5b57\u5e55 \/ \u5267\u60c5<\/p>\n\n\n\n<p class=\"has-text-align-left\" style=\"font-size:16px;line-height:1.5\">Pendant les vacances d&#8217;\u00e9t\u00e9, un gar\u00e7on passionn\u00e9 par l\u2019explosion d\u2019insectes navigue dans les m\u00e9andres du mariage de ses parents qui se d\u00e9sint\u00e8gre violemment. Dans le m\u00eame temps, il cherche d\u00e9sesp\u00e9r\u00e9ment \u00e0 mettre la main sur la nouvelle Gameboy, quitte \u00e0 sacrifier une toute nouvelle amiti\u00e9.&nbsp;<\/p>\n\n\n\n<p>\u4e00\u4e2a\u7099\u70ed\u7684\u6691\u5047\uff0c\u7537\u5b69\u901a\u8fc7\u70b8\u866b\u5b50\u7684\u65b9\u5f0f\u6765\u6d88\u5316\u7236\u6bcd\u6fd2\u4e34\u5d29\u6e83\u7684\u66b4\u529b\u5a5a\u59fb\u5e26\u7ed9\u4ed6\u7684\u5f71\u54cd\u3002\u540c\u65f6\uff0c\u4ed6\u6781\u5ea6\u6e34\u671b\u83b7\u5f97\u4e00\u6b3e\u65b0\u4e0a\u5e02\u7684 Gameboy \u6e38\u620f\u673a\uff0c\u5373\u4f7f\u7834\u574f\u4e00\u6bb5\u65b0\u53cb\u8c0a\u4e5f\u5728\u6240\u4e0d\u8f9e\u2026<\/p>\n\n\n\n<p><mark style=\"background-color:rgba(0, 0, 0, 0)\" class=\"has-inline-color has-white-color\">000000<\/mark><\/p>\n\n\n\n<figure class=\"wp-block-gallery has-nested-images columns-default is-cropped wp-block-gallery-1 is-layout-flex wp-block-gallery-is-layout-flex\">\n<figure class=\"wp-block-image size-large\"><img loading=\"lazy\" decoding=\"async\" width=\"1024\" height=\"640\" data-id=\"3906\" src=\"https:\/\/www.allersretoursasso.fr\/wp-content\/uploads\/2023\/09\/A-Young-Tough-\u7136-1-1024x640.jpg\" alt=\"\" class=\"wp-image-3906\" srcset=\"https:\/\/www.allersretoursasso.fr\/wp-content\/uploads\/2023\/09\/A-Young-Tough-\u7136-1-1024x640.jpg 1024w, https:\/\/www.allersretoursasso.fr\/wp-content\/uploads\/2023\/09\/A-Young-Tough-\u7136-1-300x188.jpg 300w, https:\/\/www.allersretoursasso.fr\/wp-content\/uploads\/2023\/09\/A-Young-Tough-\u7136-1-768x480.jpg 768w, https:\/\/www.allersretoursasso.fr\/wp-content\/uploads\/2023\/09\/A-Young-Tough-\u7136-1-1536x960.jpg 1536w, https:\/\/www.allersretoursasso.fr\/wp-content\/uploads\/2023\/09\/A-Young-Tough-\u7136-1-2048x1280.jpg 2048w, https:\/\/www.allersretoursasso.fr\/wp-content\/uploads\/2023\/09\/A-Young-Tough-\u7136-1-18x12.jpg 18w, https:\/\/www.allersretoursasso.fr\/wp-content\/uploads\/2023\/09\/A-Young-Tough-\u7136-1-350x219.jpg 350w\" sizes=\"(max-width: 767px) 89vw, (max-width: 1000px) 54vw, (max-width: 1071px) 543px, 580px\" \/><\/figure>\n\n\n\n<figure class=\"wp-block-image size-large\"><img loading=\"lazy\" decoding=\"async\" width=\"1024\" height=\"640\" data-id=\"3907\" src=\"https:\/\/www.allersretoursasso.fr\/wp-content\/uploads\/2023\/09\/A-Young-Tough-\u7136-3-1024x640.jpg\" alt=\"\" class=\"wp-image-3907\" srcset=\"https:\/\/www.allersretoursasso.fr\/wp-content\/uploads\/2023\/09\/A-Young-Tough-\u7136-3-1024x640.jpg 1024w, https:\/\/www.allersretoursasso.fr\/wp-content\/uploads\/2023\/09\/A-Young-Tough-\u7136-3-300x188.jpg 300w, https:\/\/www.allersretoursasso.fr\/wp-content\/uploads\/2023\/09\/A-Young-Tough-\u7136-3-768x480.jpg 768w, https:\/\/www.allersretoursasso.fr\/wp-content\/uploads\/2023\/09\/A-Young-Tough-\u7136-3-1536x960.jpg 1536w, https:\/\/www.allersretoursasso.fr\/wp-content\/uploads\/2023\/09\/A-Young-Tough-\u7136-3-2048x1280.jpg 2048w, https:\/\/www.allersretoursasso.fr\/wp-content\/uploads\/2023\/09\/A-Young-Tough-\u7136-3-18x12.jpg 18w, https:\/\/www.allersretoursasso.fr\/wp-content\/uploads\/2023\/09\/A-Young-Tough-\u7136-3-350x219.jpg 350w\" sizes=\"(max-width: 767px) 89vw, (max-width: 1000px) 54vw, (max-width: 1071px) 543px, 580px\" \/><\/figure>\n\n\n\n<figure class=\"wp-block-image size-large\"><img loading=\"lazy\" decoding=\"async\" width=\"1024\" height=\"640\" data-id=\"3910\" src=\"https:\/\/www.allersretoursasso.fr\/wp-content\/uploads\/2023\/09\/A-Young-Tough-\u7136-2-1024x640.jpg\" alt=\"\" class=\"wp-image-3910\" srcset=\"https:\/\/www.allersretoursasso.fr\/wp-content\/uploads\/2023\/09\/A-Young-Tough-\u7136-2-1024x640.jpg 1024w, https:\/\/www.allersretoursasso.fr\/wp-content\/uploads\/2023\/09\/A-Young-Tough-\u7136-2-300x188.jpg 300w, https:\/\/www.allersretoursasso.fr\/wp-content\/uploads\/2023\/09\/A-Young-Tough-\u7136-2-768x480.jpg 768w, https:\/\/www.allersretoursasso.fr\/wp-content\/uploads\/2023\/09\/A-Young-Tough-\u7136-2-1536x960.jpg 1536w, https:\/\/www.allersretoursasso.fr\/wp-content\/uploads\/2023\/09\/A-Young-Tough-\u7136-2-2048x1280.jpg 2048w, https:\/\/www.allersretoursasso.fr\/wp-content\/uploads\/2023\/09\/A-Young-Tough-\u7136-2-18x12.jpg 18w, https:\/\/www.allersretoursasso.fr\/wp-content\/uploads\/2023\/09\/A-Young-Tough-\u7136-2-350x219.jpg 350w\" sizes=\"(max-width: 767px) 89vw, (max-width: 1000px) 54vw, (max-width: 1071px) 543px, 580px\" \/><\/figure>\n\n\n\n<figure class=\"wp-block-image size-large\"><img loading=\"lazy\" decoding=\"async\" width=\"1024\" height=\"640\" data-id=\"3908\" src=\"https:\/\/www.allersretoursasso.fr\/wp-content\/uploads\/2023\/09\/A-Young-Tough-\u7136-6-1024x640.jpg\" alt=\"\" class=\"wp-image-3908\" srcset=\"https:\/\/www.allersretoursasso.fr\/wp-content\/uploads\/2023\/09\/A-Young-Tough-\u7136-6-1024x640.jpg 1024w, https:\/\/www.allersretoursasso.fr\/wp-content\/uploads\/2023\/09\/A-Young-Tough-\u7136-6-300x188.jpg 300w, https:\/\/www.allersretoursasso.fr\/wp-content\/uploads\/2023\/09\/A-Young-Tough-\u7136-6-768x480.jpg 768w, https:\/\/www.allersretoursasso.fr\/wp-content\/uploads\/2023\/09\/A-Young-Tough-\u7136-6-1536x960.jpg 1536w, https:\/\/www.allersretoursasso.fr\/wp-content\/uploads\/2023\/09\/A-Young-Tough-\u7136-6-2048x1280.jpg 2048w, https:\/\/www.allersretoursasso.fr\/wp-content\/uploads\/2023\/09\/A-Young-Tough-\u7136-6-18x12.jpg 18w, https:\/\/www.allersretoursasso.fr\/wp-content\/uploads\/2023\/09\/A-Young-Tough-\u7136-6-350x219.jpg 350w\" sizes=\"(max-width: 767px) 89vw, (max-width: 1000px) 54vw, (max-width: 1071px) 543px, 580px\" \/><\/figure>\n\n\n\n<figure class=\"wp-block-image size-large\"><img loading=\"lazy\" decoding=\"async\" width=\"1024\" height=\"640\" data-id=\"3909\" src=\"https:\/\/www.allersretoursasso.fr\/wp-content\/uploads\/2023\/09\/A-Young-Tough-\u7136-4-1024x640.jpg\" alt=\"\" class=\"wp-image-3909\" srcset=\"https:\/\/www.allersretoursasso.fr\/wp-content\/uploads\/2023\/09\/A-Young-Tough-\u7136-4-1024x640.jpg 1024w, https:\/\/www.allersretoursasso.fr\/wp-content\/uploads\/2023\/09\/A-Young-Tough-\u7136-4-300x188.jpg 300w, https:\/\/www.allersretoursasso.fr\/wp-content\/uploads\/2023\/09\/A-Young-Tough-\u7136-4-768x480.jpg 768w, https:\/\/www.allersretoursasso.fr\/wp-content\/uploads\/2023\/09\/A-Young-Tough-\u7136-4-1536x960.jpg 1536w, https:\/\/www.allersretoursasso.fr\/wp-content\/uploads\/2023\/09\/A-Young-Tough-\u7136-4-2048x1280.jpg 2048w, https:\/\/www.allersretoursasso.fr\/wp-content\/uploads\/2023\/09\/A-Young-Tough-\u7136-4-18x12.jpg 18w, https:\/\/www.allersretoursasso.fr\/wp-content\/uploads\/2023\/09\/A-Young-Tough-\u7136-4-350x219.jpg 350w\" sizes=\"(max-width: 767px) 89vw, (max-width: 1000px) 54vw, (max-width: 1071px) 543px, 580px\" \/><\/figure>\n<\/figure>\n\n\n\n<div class=\"wp-block-columns is-layout-flex wp-container-core-columns-layout-1 wp-block-columns-is-layout-flex\">\n<div class=\"wp-block-column is-layout-flow wp-block-column-is-layout-flow\" style=\"flex-basis:100%\"><\/div>\n<\/div>\n\n\n\n<figure class=\"wp-block-embed is-type-video is-provider-youtube wp-block-embed-youtube wp-embed-aspect-16-9 wp-has-aspect-ratio\"><div class=\"wp-block-embed__wrapper\">\n<iframe loading=\"lazy\" title=\"A Young Tough - WANG Pengwei - Bande-annonce\" width=\"525\" height=\"295\" src=\"https:\/\/www.youtube.com\/embed\/krqV9PXn-kg?list=PLJFZYepUmhVI6SCvm_NgWt5soYUw5vgly\" frameborder=\"0\" allow=\"accelerometer; autoplay; clipboard-write; encrypted-media; gyroscope; picture-in-picture; web-share\" allowfullscreen><\/iframe>\n<\/div><\/figure>\n\n\n\n<p><\/p>\n\n\n\n<div class=\"wp-block-columns is-layout-flex wp-container-core-columns-layout-2 wp-block-columns-is-layout-flex\">\n<div class=\"wp-block-column is-layout-flow wp-block-column-is-layout-flow\"><\/div>\n<\/div>\n\n\n\n<hr class=\"wp-block-separator has-alpha-channel-opacity\"\/>\n\n\n\n<div class=\"wp-block-columns is-layout-flex wp-container-core-columns-layout-3 wp-block-columns-is-layout-flex\">\n<div class=\"wp-block-column is-layout-flow wp-block-column-is-layout-flow\"><\/div>\n<\/div>\n\n\n\n<div class=\"wp-block-columns is-layout-flex wp-container-core-columns-layout-4 wp-block-columns-is-layout-flex\">\n<div class=\"wp-block-column is-layout-flow wp-block-column-is-layout-flow\" style=\"flex-basis:33.33%\">\n<figure class=\"wp-block-image size-full\"><img loading=\"lazy\" decoding=\"async\" width=\"526\" height=\"728\" src=\"https:\/\/www.allersretoursasso.fr\/wp-content\/uploads\/2023\/09\/11-WANG-Pengwei-\u738b\u9e4f\u4e3a.png\" alt=\"\" class=\"wp-image-3911\" srcset=\"https:\/\/www.allersretoursasso.fr\/wp-content\/uploads\/2023\/09\/11-WANG-Pengwei-\u738b\u9e4f\u4e3a.png 526w, https:\/\/www.allersretoursasso.fr\/wp-content\/uploads\/2023\/09\/11-WANG-Pengwei-\u738b\u9e4f\u4e3a-217x300.png 217w, https:\/\/www.allersretoursasso.fr\/wp-content\/uploads\/2023\/09\/11-WANG-Pengwei-\u738b\u9e4f\u4e3a-9x12.png 9w, https:\/\/www.allersretoursasso.fr\/wp-content\/uploads\/2023\/09\/11-WANG-Pengwei-\u738b\u9e4f\u4e3a-350x484.png 350w\" sizes=\"(max-width: 526px) 100vw, 526px\" \/><\/figure>\n<\/div>\n\n\n\n<div class=\"wp-block-column is-layout-flow wp-block-column-is-layout-flow\" style=\"flex-basis:66.66%\">\n<p><strong>Par rapport \u00e0 WANG Pengwei  <br>\/ \u5173\u4e8e\u738b\u9e4f\u4e3a<\/strong><\/p>\n\n\n\n<p class=\"has-small-font-size\"><\/p>\n<\/div>\n<\/div>\n\n\n\n<p class=\"has-small-font-size\"><\/p>\n\n\n\n<p class=\"has-small-font-size\">WANG Pengwei est titulaire d&#8217;une licence en psychologie et d&#8217;une ma\u00eetrise en r\u00e9alisation de films. Il filme et monte des impressions visuelles des personnes uniques qu&#8217;il a rencontr\u00e9es dans sa vie, afin d&#8217;exprimer la folie qui r\u00e9sulte d&#8217;ann\u00e9es pass\u00e9es \u00e0 naviguer entre des cultures diff\u00e9rentes et des id\u00e9ologies oppos\u00e9es.<\/p>\n\n\n\n<p class=\"has-small-font-size\">\u5fc3\u7406\u5b66\u672c\u79d1\uff0c\u7535\u5f71\u5bfc\u6f14\u7855\u58eb\u3002\u4e00\u76f4\u5728\u5173\u6ce8\u548c\u62cd\u6444\u751f\u6d3b\u4e2d\u4ee4\u4ed6\u773c\u524d\u4e00\u4eae\u7684\u72ec\u7279\u4e2a\u4f53\uff0c\u90a3\u662f\u591a\u5e74\u6e38\u8d70\u5728\u4e0d\u540c\u6587\u5316\u3001\u5883\u9047\u548c\u601d\u6f6e\u7ed9\u4ed6\u5e26\u6765\u7684\u75af\u72c2\u4f53\u9a8c\u7684\u4e00\u79cd\u8868\u8fbe\u3002<\/p>\n\n\n\n<p class=\"has-small-font-size\"><\/p>\n\n\n\n<hr class=\"wp-block-separator has-alpha-channel-opacity is-style-wide\"\/>\n\n\n\n<div class=\"wp-block-columns is-layout-flex wp-container-core-columns-layout-5 wp-block-columns-is-layout-flex\">\n<div class=\"wp-block-column is-layout-flow wp-block-column-is-layout-flow\"><\/div>\n<\/div>\n\n\n\n<div class=\"wp-block-buttons is-content-justification-center is-layout-flex wp-container-core-buttons-layout-1 wp-block-buttons-is-layout-flex\">\n<div class=\"wp-block-button has-custom-width wp-block-button__width-75 has-custom-font-size is-style-outline\" style=\"font-size:16px\"><a class=\"wp-block-button__link has-black-color has-white-background-color has-text-color has-background wp-element-button\" href=\"https:\/\/www.billetweb.fr\/coa-allersretours\">\u8d2d\u7968\u94fe\u63a5<br>\u7ebf\u4e0a\u8d2d\u7968<\/a><\/div>\n<\/div>\n\n\n\n<p><\/p>\n\n\n\n<div class=\"wp-block-columns is-layout-flex wp-container-core-columns-layout-6 wp-block-columns-is-layout-flex\">\n<div class=\"wp-block-column is-layout-flow wp-block-column-is-layout-flow\">\n<p class=\"has-text-align-center\"><strong>Jeudi 05 octobre \u00e0 19h30 au<\/strong><br><strong><strong>PATH\u00c9 LES FAUVETTES<\/strong><\/strong><br>58 Av. des Gobelins, 75013 Paris<\/p>\n<\/div>\n\n\n\n<div class=\"wp-block-column is-layout-flow wp-block-column-is-layout-flow\">\n<p class=\"has-text-align-center\"><strong>Jeudi 05 octobre \u00e0 <strong>20h30<\/strong> \u4e8e<\/strong><br><strong><strong><strong>CIN\u00c9MA LUMI\u00c8RE BELLECOUR<\/strong><\/strong><\/strong><br>12 Rue de la Barre, 69002 Lyon<\/p>\n<\/div>\n<\/div>\n\n\n\n<div class=\"wp-block-cover is-light\" style=\"min-height:349px\"><span aria-hidden=\"true\" class=\"wp-block-cover__background has-white-background-color has-background-dim\"><\/span><div class=\"wp-block-cover__inner-container is-layout-flow wp-block-cover-is-layout-flow\">\n<div class=\"wp-block-group is-layout-flow wp-block-group-is-layout-flow\"><div class=\"wp-block-group__inner-container\">\n<figure class=\"wp-block-image size-large\"><img loading=\"lazy\" decoding=\"async\" width=\"1024\" height=\"380\" src=\"https:\/\/www.allersretoursasso.fr\/wp-content\/uploads\/2023\/09\/banner-1024x380.jpg\" alt=\"\" class=\"wp-image-4022\" srcset=\"https:\/\/www.allersretoursasso.fr\/wp-content\/uploads\/2023\/09\/banner-1024x380.jpg 1024w, https:\/\/www.allersretoursasso.fr\/wp-content\/uploads\/2023\/09\/banner-300x111.jpg 300w, https:\/\/www.allersretoursasso.fr\/wp-content\/uploads\/2023\/09\/banner-768x285.jpg 768w, https:\/\/www.allersretoursasso.fr\/wp-content\/uploads\/2023\/09\/banner-18x7.jpg 18w, https:\/\/www.allersretoursasso.fr\/wp-content\/uploads\/2023\/09\/banner-350x130.jpg 350w, https:\/\/www.allersretoursasso.fr\/wp-content\/uploads\/2023\/09\/banner.jpg 1277w\" sizes=\"(max-width: 767px) 89vw, (max-width: 1000px) 54vw, (max-width: 1071px) 543px, 580px\" \/><\/figure>\n<\/div><\/div>\n<\/div><\/div>\n\n\n\n<div class=\"wp-block-group is-layout-flow wp-block-group-is-layout-flow\"><div class=\"wp-block-group__inner-container\">\n<p class=\"has-text-align-center\" style=\"font-size:15px\"><\/p>\n<\/div><\/div>\n\n\n\n<p class=\"has-text-align-center has-white-color has-text-color\" style=\"font-size:15px\"> 19h45 aux Ursuline<\/p>\n\n\n\n<p class=\"has-text-align-center has-white-color has-text-color\" style=\"font-size:15px\">06 octobre \u00e0 19h45 aux Ursulines<\/p>","protected":false},"excerpt":{"rendered":"<p>2021 \/ 30\u2019 \/ Mandarin, Anglais \/ VOSTF \/ Fiction 2021 \/ 30\u2019 \/ \u666e\u901a\u8bdd\uff0c\u82f1\u8bed \/ \u539f\u58f0\u6cd5\u8bed\u5b57\u5e55 \/ \u5267\u60c5 Pendant les vacances d&#8217;\u00e9t\u00e9, un gar\u00e7on passionn\u00e9 par l\u2019explosion d\u2019insectes navigue dans les m\u00e9andres du mariage de ses parents qui se d\u00e9sint\u00e8gre violemment. Dans le m\u00eame temps, il cherche d\u00e9sesp\u00e9r\u00e9ment \u00e0 mettre la main sur la &hellip; <\/p>\n<p class=\"link-more\"><a href=\"https:\/\/www.allersretoursasso.fr\/zh\/coming-of-age-2023-a-young-tough\/\" class=\"more-link\">\u7ee7\u7eed\u9605\u8bfb<span class=\"screen-reader-text\">\u201cComing of Age 2023  &#8211; A Young Tough\u201d<\/span><\/a><\/p>","protected":false},"author":15,"featured_media":0,"parent":0,"menu_order":0,"comment_status":"closed","ping_status":"closed","template":"","meta":{"footnotes":""},"_links":{"self":[{"href":"https:\/\/www.allersretoursasso.fr\/zh\/wp-json\/wp\/v2\/pages\/3904"}],"collection":[{"href":"https:\/\/www.allersretoursasso.fr\/zh\/wp-json\/wp\/v2\/pages"}],"about":[{"href":"https:\/\/www.allersretoursasso.fr\/zh\/wp-json\/wp\/v2\/types\/page"}],"author":[{"embeddable":true,"href":"https:\/\/www.allersretoursasso.fr\/zh\/wp-json\/wp\/v2\/users\/15"}],"replies":[{"embeddable":true,"href":"https:\/\/www.allersretoursasso.fr\/zh\/wp-json\/wp\/v2\/comments?post=3904"}],"version-history":[{"count":6,"href":"https:\/\/www.allersretoursasso.fr\/zh\/wp-json\/wp\/v2\/pages\/3904\/revisions"}],"predecessor-version":[{"id":4205,"href":"https:\/\/www.allersretoursasso.fr\/zh\/wp-json\/wp\/v2\/pages\/3904\/revisions\/4205"}],"wp:attachment":[{"href":"https:\/\/www.allersretoursasso.fr\/zh\/wp-json\/wp\/v2\/media?parent=3904"}],"curies":[{"name":"wp","href":"https:\/\/api.w.org\/{rel}","templated":true}]}}