{"id":3938,"date":"2023-09-05T16:03:58","date_gmt":"2023-09-05T14:03:58","guid":{"rendered":"https:\/\/www.allersretoursasso.fr\/?page_id=3938"},"modified":"2023-09-06T23:04:30","modified_gmt":"2023-09-06T21:04:30","slug":"coming-of-age-2023-the-silent-whistle","status":"publish","type":"page","link":"https:\/\/www.allersretoursasso.fr\/zh\/coming-of-age-2023-the-silent-whistle\/","title":{"rendered":"Coming of Age 2023  &#8211; The Silent Whistle"},"content":{"rendered":"<div id=\"fb-root\"><\/div>\n\n<div class=\"wp-block-media-text alignwide is-stacked-on-mobile\" style=\"grid-template-columns:41% auto\"><figure class=\"wp-block-media-text__media\"><img loading=\"lazy\" decoding=\"async\" width=\"768\" height=\"1024\" src=\"https:\/\/www.allersretoursasso.fr\/wp-content\/uploads\/2023\/09\/12-The-Silent-Whisle-\u98ce\u7b5d.jpg\uff08\u526f\u672c\uff09-768x1024.jpg\" alt=\"\" class=\"wp-image-3939 size-full\" srcset=\"https:\/\/www.allersretoursasso.fr\/wp-content\/uploads\/2023\/09\/12-The-Silent-Whisle-\u98ce\u7b5d.jpg\uff08\u526f\u672c\uff09-768x1024.jpg 768w, https:\/\/www.allersretoursasso.fr\/wp-content\/uploads\/2023\/09\/12-The-Silent-Whisle-\u98ce\u7b5d.jpg\uff08\u526f\u672c\uff09-225x300.jpg 225w, https:\/\/www.allersretoursasso.fr\/wp-content\/uploads\/2023\/09\/12-The-Silent-Whisle-\u98ce\u7b5d.jpg\uff08\u526f\u672c\uff09-1152x1536.jpg 1152w, https:\/\/www.allersretoursasso.fr\/wp-content\/uploads\/2023\/09\/12-The-Silent-Whisle-\u98ce\u7b5d.jpg\uff08\u526f\u672c\uff09-scaled.jpg 1920w\" sizes=\"(max-width: 767px) 89vw, (max-width: 1000px) 54vw, (max-width: 1071px) 543px, 580px\" \/><\/figure><div class=\"wp-block-media-text__content\">\n<div class=\"wp-block-group is-layout-flow wp-block-group-is-layout-flow\"><div class=\"wp-block-group__inner-container\">\n<div class=\"wp-block-group is-vertical is-layout-flex wp-container-core-group-layout-4 wp-block-group-is-layout-flex\">\n<div class=\"wp-block-group is-layout-flow wp-block-group-is-layout-flow\"><div class=\"wp-block-group__inner-container\">\n<div class=\"wp-block-group is-layout-flow wp-block-group-is-layout-flow\"><div class=\"wp-block-group__inner-container\">\n<div class=\"wp-block-group is-layout-flow wp-block-group-is-layout-flow\"><div class=\"wp-block-group__inner-container\">\n<p><\/p>\n\n\n\n<p style=\"font-size:30px;font-style:normal;font-weight:500\"><em><strong>The Silent Whistle <\/strong><\/em><\/p>\n\n\n\n<p style=\"font-size:30px;font-style:normal;font-weight:500\">\u98ce\u7b5d<\/p>\n\n\n\n<p class=\"has-medium-font-size\">LI Yingtong  <\/p>\n\n\n\n<p class=\"has-medium-font-size\">\u674e\u6620\u5f64<\/p>\n\n\n\n<p class=\"has-small-font-size\"><a href=\"https:\/\/www.allersretoursasso.fr\/zh\/coming-of-age-2023\/\" target=\"_blank\" rel=\"noreferrer noopener\">\u00c9dition : Coming of Age 2023<\/a><\/p>\n\n\n\n<p style=\"font-size:10px\"><\/p>\n<\/div><\/div>\n\n\n\n<p class=\"has-text-align-center\"><\/p>\n\n\n\n<p class=\"has-text-align-left\" style=\"font-size:15px\"><\/p>\n<\/div><\/div>\n<\/div><\/div>\n<\/div>\n<\/div><\/div>\n<\/div><\/div>\n\n\n\n<h2 class=\"wp-block-heading\"><\/h2>\n\n\n\n<p class=\"has-text-align-center has-small-font-size\"><em>2022 \/ 18\u2019 \/ Mandarin \/ VOSTF \/ Fiction<\/em><\/p>\n\n\n\n<p class=\"has-text-align-center has-small-font-size\">2022\u00a0 \/ 18\u2019 \/ \u666e\u901a\u8bdd \/ \u539f\u58f0\u6cd5\u8bed\u5b57\u5e55 \/ \u5267\u60c5<\/p>\n\n\n\n<p class=\"has-text-align-center has-small-font-size\"><em>S\u00e9lectionn\u00e9 au Festival de Cannes 2023 \u00e0 la Cin\u00e9fondation <\/em><\/p>\n\n\n\n<p class=\"has-text-align-center has-small-font-size\">2023\u5e74\u621b\u7eb3\u7535\u5f71\u8282 &#8211; \u5165\u56f4\u7535\u5f71\u57fa\u77f3\u5355\u5143<\/p>\n\n\n\n<p class=\"has-text-align-left\" style=\"font-size:16px;line-height:1.5\">Ming a 19 ans et vit seule dans un grand immeuble. Elle travaille toutes les nuits dans une sup\u00e9rette. Au moment de la f\u00eate du printemps, son voisin Rui l\u2019invite pour un \u201dd\u00eener sp\u00e9cial\u201d, qui fera remonter \u00e0 la surface un pass\u00e9 cach\u00e9.<\/p>\n\n\n\n<p>19\u5c81\u7684\u91d1\u654f\u72ec\u5c45\u5728\u5e7f\u5dde\u8001\u57ce\u533a\u7684\u4e00\u680b\u4f4f\u5b85\u697c\u91cc\uff0c\u8fc7\u7740\u65e5\u591c\u98a0\u5012\uff0c\u65e5\u590d\u4e00\u65e5\u7684\u4fbf\u5229\u5e97\u591c\u73ed\u751f\u6d3b\u3002\u4e34\u8fd1\u6625\u8282\u7684\u4e00\u65e5\uff0c\u90bb\u5c45\u9ad8\u745e\u9080\u5979\u4e00\u8d77\u5403\u987f \u201c\u7279\u6b8a\u7684\u665a\u996d\u201d\u3002\u91d1\u654f\u8d74\u7ea6\u524d\u5f80\uff0c\u5374\u6ca1\u60f3\u5230\u8fd9\u987f\u665a\u996d\uff0c\u7ed9\u5979\u96be\u4ee5\u8a00\u8bf4\u7684\u8fc7\u5f80\u6253\u5f00\u4e86\u9053\u9053\u7684\u7f1d\u9699\u2026<\/p>\n\n\n\n<p><mark style=\"background-color:rgba(0, 0, 0, 0)\" class=\"has-inline-color has-white-color\">000000<\/mark><\/p>\n\n\n\n<figure class=\"wp-block-gallery has-nested-images columns-default is-cropped wp-block-gallery-1 is-layout-flex wp-block-gallery-is-layout-flex\">\n<figure class=\"wp-block-image size-large\"><img loading=\"lazy\" decoding=\"async\" width=\"1024\" height=\"576\" data-id=\"3940\" src=\"https:\/\/www.allersretoursasso.fr\/wp-content\/uploads\/2023\/09\/The-Silent-Whisle-1-1024x576.jpg\" alt=\"\" class=\"wp-image-3940\" srcset=\"https:\/\/www.allersretoursasso.fr\/wp-content\/uploads\/2023\/09\/The-Silent-Whisle-1-1024x576.jpg 1024w, https:\/\/www.allersretoursasso.fr\/wp-content\/uploads\/2023\/09\/The-Silent-Whisle-1-300x169.jpg 300w, https:\/\/www.allersretoursasso.fr\/wp-content\/uploads\/2023\/09\/The-Silent-Whisle-1-768x432.jpg 768w, https:\/\/www.allersretoursasso.fr\/wp-content\/uploads\/2023\/09\/The-Silent-Whisle-1-1536x864.jpg 1536w, https:\/\/www.allersretoursasso.fr\/wp-content\/uploads\/2023\/09\/The-Silent-Whisle-1-2048x1152.jpg 2048w, https:\/\/www.allersretoursasso.fr\/wp-content\/uploads\/2023\/09\/The-Silent-Whisle-1-18x10.jpg 18w, https:\/\/www.allersretoursasso.fr\/wp-content\/uploads\/2023\/09\/The-Silent-Whisle-1-350x197.jpg 350w\" sizes=\"(max-width: 767px) 89vw, (max-width: 1000px) 54vw, (max-width: 1071px) 543px, 580px\" \/><\/figure>\n\n\n\n<figure class=\"wp-block-image size-large\"><img loading=\"lazy\" decoding=\"async\" width=\"1024\" height=\"576\" data-id=\"3941\" src=\"https:\/\/www.allersretoursasso.fr\/wp-content\/uploads\/2023\/09\/The-Silent-Whisle-2-1024x576.jpg\" alt=\"\" class=\"wp-image-3941\" srcset=\"https:\/\/www.allersretoursasso.fr\/wp-content\/uploads\/2023\/09\/The-Silent-Whisle-2-1024x576.jpg 1024w, https:\/\/www.allersretoursasso.fr\/wp-content\/uploads\/2023\/09\/The-Silent-Whisle-2-300x169.jpg 300w, https:\/\/www.allersretoursasso.fr\/wp-content\/uploads\/2023\/09\/The-Silent-Whisle-2-768x432.jpg 768w, https:\/\/www.allersretoursasso.fr\/wp-content\/uploads\/2023\/09\/The-Silent-Whisle-2-1536x864.jpg 1536w, https:\/\/www.allersretoursasso.fr\/wp-content\/uploads\/2023\/09\/The-Silent-Whisle-2-2048x1152.jpg 2048w, https:\/\/www.allersretoursasso.fr\/wp-content\/uploads\/2023\/09\/The-Silent-Whisle-2-18x10.jpg 18w, https:\/\/www.allersretoursasso.fr\/wp-content\/uploads\/2023\/09\/The-Silent-Whisle-2-350x197.jpg 350w\" sizes=\"(max-width: 767px) 89vw, (max-width: 1000px) 54vw, (max-width: 1071px) 543px, 580px\" \/><\/figure>\n<\/figure>\n\n\n\n<div class=\"wp-block-group is-layout-constrained wp-block-group-is-layout-constrained\"><div class=\"wp-block-group__inner-container\">\n<div class=\"wp-block-columns is-layout-flex wp-container-core-columns-layout-1 wp-block-columns-is-layout-flex\">\n<div class=\"wp-block-column is-layout-flow wp-block-column-is-layout-flow\" style=\"flex-basis:100%\">\n<figure class=\"wp-block-image size-large\"><img loading=\"lazy\" decoding=\"async\" width=\"1024\" height=\"576\" src=\"https:\/\/www.allersretoursasso.fr\/wp-content\/uploads\/2023\/09\/The-Silent-Whisle-3-1024x576.jpg\" alt=\"\" class=\"wp-image-3942\" srcset=\"https:\/\/www.allersretoursasso.fr\/wp-content\/uploads\/2023\/09\/The-Silent-Whisle-3-1024x576.jpg 1024w, https:\/\/www.allersretoursasso.fr\/wp-content\/uploads\/2023\/09\/The-Silent-Whisle-3-300x169.jpg 300w, https:\/\/www.allersretoursasso.fr\/wp-content\/uploads\/2023\/09\/The-Silent-Whisle-3-768x432.jpg 768w, https:\/\/www.allersretoursasso.fr\/wp-content\/uploads\/2023\/09\/The-Silent-Whisle-3-1536x864.jpg 1536w, https:\/\/www.allersretoursasso.fr\/wp-content\/uploads\/2023\/09\/The-Silent-Whisle-3-2048x1152.jpg 2048w, https:\/\/www.allersretoursasso.fr\/wp-content\/uploads\/2023\/09\/The-Silent-Whisle-3-18x10.jpg 18w, https:\/\/www.allersretoursasso.fr\/wp-content\/uploads\/2023\/09\/The-Silent-Whisle-3-350x197.jpg 350w\" sizes=\"(max-width: 767px) 89vw, (max-width: 1000px) 54vw, (max-width: 1071px) 543px, 580px\" \/><\/figure>\n<\/div>\n<\/div>\n<\/div><\/div>\n\n\n\n<figure class=\"wp-block-embed is-type-video is-provider-youtube wp-block-embed-youtube wp-embed-aspect-16-9 wp-has-aspect-ratio\"><div class=\"wp-block-embed__wrapper\">\n<iframe loading=\"lazy\" title=\"The Silent Whistle - LI Yingtong - Bande-annonce\" width=\"525\" height=\"295\" src=\"https:\/\/www.youtube.com\/embed\/RALrI5HjQQ8?list=PLJFZYepUmhVI6SCvm_NgWt5soYUw5vgly\" frameborder=\"0\" allow=\"accelerometer; autoplay; clipboard-write; encrypted-media; gyroscope; picture-in-picture; web-share\" allowfullscreen><\/iframe>\n<\/div><\/figure>\n\n\n\n<p><\/p>\n\n\n\n<div class=\"wp-block-columns is-layout-flex wp-container-core-columns-layout-2 wp-block-columns-is-layout-flex\">\n<div class=\"wp-block-column is-layout-flow wp-block-column-is-layout-flow\"><\/div>\n<\/div>\n\n\n\n<hr class=\"wp-block-separator has-alpha-channel-opacity\"\/>\n\n\n\n<div class=\"wp-block-columns is-layout-flex wp-container-core-columns-layout-3 wp-block-columns-is-layout-flex\">\n<div class=\"wp-block-column is-layout-flow wp-block-column-is-layout-flow\"><\/div>\n<\/div>\n\n\n\n<div class=\"wp-block-columns is-layout-flex wp-container-core-columns-layout-4 wp-block-columns-is-layout-flex\">\n<div class=\"wp-block-column is-layout-flow wp-block-column-is-layout-flow\" style=\"flex-basis:33.33%\">\n<figure class=\"wp-block-image size-large\"><img loading=\"lazy\" decoding=\"async\" width=\"681\" height=\"1024\" src=\"https:\/\/www.allersretoursasso.fr\/wp-content\/uploads\/2023\/09\/12-LI-Yingtong-\u674e\u6620\u5f64.JPG\uff08\u526f\u672c\uff09-681x1024.jpg\" alt=\"\" class=\"wp-image-3943\" srcset=\"https:\/\/www.allersretoursasso.fr\/wp-content\/uploads\/2023\/09\/12-LI-Yingtong-\u674e\u6620\u5f64.JPG\uff08\u526f\u672c\uff09-681x1024.jpg 681w, https:\/\/www.allersretoursasso.fr\/wp-content\/uploads\/2023\/09\/12-LI-Yingtong-\u674e\u6620\u5f64.JPG\uff08\u526f\u672c\uff09-199x300.jpg 199w, https:\/\/www.allersretoursasso.fr\/wp-content\/uploads\/2023\/09\/12-LI-Yingtong-\u674e\u6620\u5f64.JPG\uff08\u526f\u672c\uff09-768x1155.jpg 768w, https:\/\/www.allersretoursasso.fr\/wp-content\/uploads\/2023\/09\/12-LI-Yingtong-\u674e\u6620\u5f64.JPG\uff08\u526f\u672c\uff09-1021x1536.jpg 1021w, https:\/\/www.allersretoursasso.fr\/wp-content\/uploads\/2023\/09\/12-LI-Yingtong-\u674e\u6620\u5f64.JPG\uff08\u526f\u672c\uff09-1362x2048.jpg 1362w, https:\/\/www.allersretoursasso.fr\/wp-content\/uploads\/2023\/09\/12-LI-Yingtong-\u674e\u6620\u5f64.JPG\uff08\u526f\u672c\uff09-8x12.jpg 8w, https:\/\/www.allersretoursasso.fr\/wp-content\/uploads\/2023\/09\/12-LI-Yingtong-\u674e\u6620\u5f64.JPG\uff08\u526f\u672c\uff09-350x526.jpg 350w, https:\/\/www.allersretoursasso.fr\/wp-content\/uploads\/2023\/09\/12-LI-Yingtong-\u674e\u6620\u5f64.JPG\uff08\u526f\u672c\uff09-scaled.jpg 1702w\" sizes=\"(max-width: 681px) 100vw, 681px\" \/><\/figure>\n<\/div>\n\n\n\n<div class=\"wp-block-column is-layout-flow wp-block-column-is-layout-flow\" style=\"flex-basis:66.66%\">\n<p><strong>Par rapport \u00e0 <strong>LI Yingtong <\/strong><br>\/ \u5173\u4e8e\u674e\u6620\u5f64<\/strong><\/p>\n\n\n\n<p class=\"has-small-font-size\"><\/p>\n<\/div>\n<\/div>\n\n\n\n<p class=\"has-small-font-size\"><\/p>\n\n\n\n<p class=\"has-small-font-size\">LI Yingtong est sc\u00e9nariste et r\u00e9alisatrice. Elle est titulaire d\u2019un master en cin\u00e9ma et audiovisuel. Partant du principe que \u201cce qui est le plus personnel est le plus universel\u201d, elle travaille ses histoires autour de personnages en marge de la soci\u00e9t\u00e9.&nbsp;<\/p>\n\n\n\n<p class=\"has-small-font-size\">1996\u5e74\u751f\u4e8e\u4e2d\u56fd\u5357\u65b9\uff0c\u6bd5\u4e1a\u4e8e\u7f8e\u56fd\u827e\u9ed8\u751f\u5b66\u9662\u5bfc\u6f14\u7cfb\u7814\u7a76\u751f\u3002 \u77ed\u7247\u4f5c\u54c1\u300a\u98ce\u7b5d\u300b\u66fe\u5165\u56f4\u7b2c\u4e03\u5341\u4e94\u5c4a\u621b\u7eb3\u7535\u5f71\u8282\u57fa\u77f3\u5355\u5143\uff0c\u5730\u62c9\u90a3\u56fd\u9645\u7535\u5f71\u8282\uff0c\u5723\u8def\u6613\u65af\u56fd\u9645\u7535\u5f71\u8282\u7b49\uff0c\u5e76\u5728\u7f8e\u56fd\u6b4c\u8c2d\u72ec\u7acb\u7535\u5f71\u5956\u83b7\u77ed\u7247\u5956\u3002<\/p>\n\n\n\n<p class=\"has-small-font-size\"><\/p>\n\n\n\n<p><\/p>\n\n\n\n<hr class=\"wp-block-separator has-alpha-channel-opacity is-style-wide\"\/>\n\n\n\n<div class=\"wp-block-columns is-layout-flex wp-container-core-columns-layout-5 wp-block-columns-is-layout-flex\">\n<div class=\"wp-block-column is-layout-flow wp-block-column-is-layout-flow\"><\/div>\n<\/div>\n\n\n\n<div class=\"wp-block-buttons is-content-justification-center is-layout-flex wp-container-core-buttons-layout-1 wp-block-buttons-is-layout-flex\">\n<div class=\"wp-block-button has-custom-width wp-block-button__width-75 has-custom-font-size is-style-outline\" style=\"font-size:16px\"><a class=\"wp-block-button__link has-black-color has-white-background-color has-text-color has-background wp-element-button\" href=\"https:\/\/www.billetweb.fr\/coa-allersretours\">\u8d2d\u7968\u94fe\u63a5<br>\u7ebf\u4e0a\u8d2d\u7968<\/a><\/div>\n<\/div>\n\n\n\n<p><\/p>\n\n\n\n<div class=\"wp-block-columns is-layout-flex wp-container-core-columns-layout-6 wp-block-columns-is-layout-flex\">\n<div class=\"wp-block-column is-layout-flow wp-block-column-is-layout-flow\">\n<p class=\"has-text-align-center\"><strong>Vendredi<\/strong> <strong>29 septembre \u00e0 19h45 au<\/strong><br><strong>STUDIO DES URSULINES<\/strong><br>10 rue des Ursulines, 75005 Paris<\/p>\n<\/div>\n\n\n\n<div class=\"wp-block-column is-layout-flow wp-block-column-is-layout-flow\">\n<p class=\"has-text-align-center\"><strong>Vendredi<\/strong> <strong>29 septembre \u00e0 <strong>18h30<\/strong> \u4e8e<\/strong><br><strong>CIN\u00c9MA LUMI\u00c8RE BELLECOUR<\/strong><br>12 Rue de la Barre, 69002 Lyon<\/p>\n<\/div>\n<\/div>\n\n\n\n<div class=\"wp-block-cover is-light\" style=\"min-height:349px\"><span aria-hidden=\"true\" class=\"wp-block-cover__background has-white-background-color has-background-dim\"><\/span><div class=\"wp-block-cover__inner-container is-layout-flow wp-block-cover-is-layout-flow\">\n<div class=\"wp-block-group is-layout-flow wp-block-group-is-layout-flow\"><div class=\"wp-block-group__inner-container\">\n<figure class=\"wp-block-image size-large\"><img loading=\"lazy\" decoding=\"async\" width=\"1024\" height=\"380\" src=\"https:\/\/www.allersretoursasso.fr\/wp-content\/uploads\/2023\/09\/banner-1024x380.jpg\" alt=\"\" class=\"wp-image-4022\" srcset=\"https:\/\/www.allersretoursasso.fr\/wp-content\/uploads\/2023\/09\/banner-1024x380.jpg 1024w, https:\/\/www.allersretoursasso.fr\/wp-content\/uploads\/2023\/09\/banner-300x111.jpg 300w, https:\/\/www.allersretoursasso.fr\/wp-content\/uploads\/2023\/09\/banner-768x285.jpg 768w, https:\/\/www.allersretoursasso.fr\/wp-content\/uploads\/2023\/09\/banner-18x7.jpg 18w, https:\/\/www.allersretoursasso.fr\/wp-content\/uploads\/2023\/09\/banner-350x130.jpg 350w, https:\/\/www.allersretoursasso.fr\/wp-content\/uploads\/2023\/09\/banner.jpg 1277w\" sizes=\"(max-width: 767px) 89vw, (max-width: 1000px) 54vw, (max-width: 1071px) 543px, 580px\" \/><\/figure>\n<\/div><\/div>\n<\/div><\/div>\n\n\n\n<div class=\"wp-block-group is-layout-flow wp-block-group-is-layout-flow\"><div class=\"wp-block-group__inner-container\">\n<p class=\"has-text-align-center\" style=\"font-size:15px\"><\/p>\n<\/div><\/div>\n\n\n\n<p class=\"has-text-align-center has-white-color has-text-color\" style=\"font-size:15px\"> 19h45 aux Ursuline<\/p>\n\n\n\n<p class=\"has-text-align-center has-white-color has-text-color\" style=\"font-size:15px\">06 octobre \u00e0 19h45 aux Ursulines<\/p>","protected":false},"excerpt":{"rendered":"<p>2022 \/ 18\u2019 \/ Mandarin \/ VOSTF \/ Fiction 2022\u00a0 \/ 18\u2019 \/ \u666e\u901a\u8bdd \/ \u539f\u58f0\u6cd5\u8bed\u5b57\u5e55 \/ \u5267\u60c5 S\u00e9lectionn\u00e9 au Festival de Cannes 2023 \u00e0 la Cin\u00e9fondation 2023\u5e74\u621b\u7eb3\u7535\u5f71\u8282 &#8211; \u5165\u56f4\u7535\u5f71\u57fa\u77f3\u5355\u5143 Ming a 19 ans et vit seule dans un grand immeuble. Elle travaille toutes les nuits dans une sup\u00e9rette. Au moment de la f\u00eate du &hellip; <\/p>\n<p class=\"link-more\"><a href=\"https:\/\/www.allersretoursasso.fr\/zh\/coming-of-age-2023-the-silent-whistle\/\" class=\"more-link\">\u7ee7\u7eed\u9605\u8bfb<span class=\"screen-reader-text\">\u201cComing of Age 2023  &#8211; The Silent Whistle\u201d<\/span><\/a><\/p>","protected":false},"author":15,"featured_media":0,"parent":0,"menu_order":0,"comment_status":"closed","ping_status":"closed","template":"","meta":{"footnotes":""},"_links":{"self":[{"href":"https:\/\/www.allersretoursasso.fr\/zh\/wp-json\/wp\/v2\/pages\/3938"}],"collection":[{"href":"https:\/\/www.allersretoursasso.fr\/zh\/wp-json\/wp\/v2\/pages"}],"about":[{"href":"https:\/\/www.allersretoursasso.fr\/zh\/wp-json\/wp\/v2\/types\/page"}],"author":[{"embeddable":true,"href":"https:\/\/www.allersretoursasso.fr\/zh\/wp-json\/wp\/v2\/users\/15"}],"replies":[{"embeddable":true,"href":"https:\/\/www.allersretoursasso.fr\/zh\/wp-json\/wp\/v2\/comments?post=3938"}],"version-history":[{"count":4,"href":"https:\/\/www.allersretoursasso.fr\/zh\/wp-json\/wp\/v2\/pages\/3938\/revisions"}],"predecessor-version":[{"id":4194,"href":"https:\/\/www.allersretoursasso.fr\/zh\/wp-json\/wp\/v2\/pages\/3938\/revisions\/4194"}],"wp:attachment":[{"href":"https:\/\/www.allersretoursasso.fr\/zh\/wp-json\/wp\/v2\/media?parent=3938"}],"curies":[{"name":"wp","href":"https:\/\/api.w.org\/{rel}","templated":true}]}}