{"id":3974,"date":"2023-09-05T17:20:49","date_gmt":"2023-09-05T15:20:49","guid":{"rendered":"https:\/\/www.allersretoursasso.fr\/?page_id=3974"},"modified":"2023-09-08T20:55:48","modified_gmt":"2023-09-08T18:55:48","slug":"coming-of-age-2023-a-dog-under-bridge","status":"publish","type":"page","link":"https:\/\/www.allersretoursasso.fr\/zh\/coming-of-age-2023-a-dog-under-bridge\/","title":{"rendered":"Coming of Age 2023  &#8211; A Dog Under Bridge"},"content":{"rendered":"<div id=\"fb-root\"><\/div>\n\n<div class=\"wp-block-media-text alignwide is-stacked-on-mobile\" style=\"grid-template-columns:41% auto\"><figure class=\"wp-block-media-text__media\"><img loading=\"lazy\" decoding=\"async\" width=\"736\" height=\"1024\" src=\"https:\/\/www.allersretoursasso.fr\/wp-content\/uploads\/2023\/09\/14-A-Dog-Under-Bridge-\u5927\u6865\u9057\u72ac.png\uff08\u526f\u672c\uff09-736x1024.png\" alt=\"\" class=\"wp-image-3963 size-full\" srcset=\"https:\/\/www.allersretoursasso.fr\/wp-content\/uploads\/2023\/09\/14-A-Dog-Under-Bridge-\u5927\u6865\u9057\u72ac.png\uff08\u526f\u672c\uff09-736x1024.png 736w, https:\/\/www.allersretoursasso.fr\/wp-content\/uploads\/2023\/09\/14-A-Dog-Under-Bridge-\u5927\u6865\u9057\u72ac.png\uff08\u526f\u672c\uff09-215x300.png 215w, https:\/\/www.allersretoursasso.fr\/wp-content\/uploads\/2023\/09\/14-A-Dog-Under-Bridge-\u5927\u6865\u9057\u72ac.png\uff08\u526f\u672c\uff09-768x1069.png 768w, https:\/\/www.allersretoursasso.fr\/wp-content\/uploads\/2023\/09\/14-A-Dog-Under-Bridge-\u5927\u6865\u9057\u72ac.png\uff08\u526f\u672c\uff09-1103x1536.png 1103w, https:\/\/www.allersretoursasso.fr\/wp-content\/uploads\/2023\/09\/14-A-Dog-Under-Bridge-\u5927\u6865\u9057\u72ac.png\uff08\u526f\u672c\uff09-1471x2048.png 1471w, https:\/\/www.allersretoursasso.fr\/wp-content\/uploads\/2023\/09\/14-A-Dog-Under-Bridge-\u5927\u6865\u9057\u72ac.png\uff08\u526f\u672c\uff09-9x12.png 9w, https:\/\/www.allersretoursasso.fr\/wp-content\/uploads\/2023\/09\/14-A-Dog-Under-Bridge-\u5927\u6865\u9057\u72ac.png\uff08\u526f\u672c\uff09-350x487.png 350w\" sizes=\"(max-width: 736px) 100vw, 736px\" \/><\/figure><div class=\"wp-block-media-text__content\">\n<div class=\"wp-block-group is-layout-flow wp-block-group-is-layout-flow\"><div class=\"wp-block-group__inner-container\">\n<div class=\"wp-block-group is-vertical is-layout-flex wp-container-core-group-layout-4 wp-block-group-is-layout-flex\">\n<div class=\"wp-block-group is-layout-flow wp-block-group-is-layout-flow\"><div class=\"wp-block-group__inner-container\">\n<div class=\"wp-block-group is-layout-flow wp-block-group-is-layout-flow\"><div class=\"wp-block-group__inner-container\">\n<div class=\"wp-block-group is-layout-flow wp-block-group-is-layout-flow\"><div class=\"wp-block-group__inner-container\">\n<p><\/p>\n\n\n\n<p style=\"font-size:30px;font-style:normal;font-weight:500\"><em><span style=\"font-weight: 400\"><strong><strong>A Dog Under Bridge<\/strong><\/strong><\/span><\/em><\/p>\n\n\n\n<p style=\"font-size:30px;font-style:normal;font-weight:500\">\u5927\u6865\u9057\u72ac<\/p>\n\n\n\n<p class=\"has-medium-font-size\">Rehoo TANG <\/p>\n\n\n\n<p class=\"has-medium-font-size\">\u6c64\u5389\u660a<\/p>\n\n\n\n<p class=\"has-small-font-size\"><a href=\"https:\/\/www.allersretoursasso.fr\/zh\/coming-of-age-2023\/\" target=\"_blank\" rel=\"noreferrer noopener\">\u00c9dition : Coming of Age 2023<\/a><\/p>\n\n\n\n<p style=\"font-size:10px\"><\/p>\n<\/div><\/div>\n\n\n\n<p class=\"has-text-align-center\"><\/p>\n\n\n\n<p class=\"has-text-align-left\" style=\"font-size:15px\"><\/p>\n<\/div><\/div>\n<\/div><\/div>\n<\/div>\n<\/div><\/div>\n<\/div><\/div>\n\n\n\n<h2 class=\"wp-block-heading\"><\/h2>\n\n\n\n<p class=\"has-text-align-center has-small-font-size\"><em>2022 \/ 12\u2019 \/ Mandarin, dialecte de Hangzhou \/ VOSTF \/ Animation<\/em><\/p>\n\n\n\n<p class=\"has-text-align-center has-small-font-size\">2022&nbsp; \/ 12\u2019 \/ \u666e\u901a\u8bdd\uff0c\u676d\u5dde\u65b9\u8a00 \/ \u539f\u58f0\u6cd5\u8bed\u5b57\u5e55 \/&nbsp;\u52a8\u753b<\/p>\n\n\n\n<p class=\"has-text-align-center has-small-font-size\"><em>2022 Festival d\u2019Annecy &#8211; Prix du Jury dans la cat\u00e9gorie court-m\u00e9trage fin d&#8217;\u00e9tudes<\/em><\/p>\n\n\n\n<p class=\"has-text-align-center has-small-font-size\">2022\u6602\u897f\u56fd\u9645\u52a8\u753b\u7535\u5f71\u8282 &#8211; \u5b66\u751f\u4f5c\u54c1\u5355\u5143\u8bc4\u5ba1\u56e2\u5956<\/p>\n\n\n\n<p><\/p>\n\n\n\n<p class=\"has-text-align-left\" style=\"font-size:16px;line-height:1.5\">Je suis un chien et je vis sous le pont d\u2019un parc. Je vous raconte ce que je vois depuis ma condition animale.<\/p>\n\n\n\n<p>\u201c\u6211\u662f\u4e00\u53ea\u72d7\uff0c\u4f4f\u5728\u5927\u6865\u4e0b\u7684\u516c\u56ed\u91cc\u3002\u201d&nbsp;\u77ed\u7247\u4ee5\u201c\u72ac\u201d\u4e4b\u89c6\u89d2\u8bd9\u8c10\u8f7b\u5feb\u5730\u5c55\u73b0\u4e86\u201c\u6211\u201d\u6240\u9047\u6240\u89c1\u7684\u4eba\u4eec\u4e0e\u751f\u6d3b\u4e0d\u65ad\u9f83\u9f89\u7684\u65e0\u5948\u3002<\/p>\n\n\n\n<p><mark style=\"background-color:rgba(0, 0, 0, 0)\" class=\"has-inline-color has-white-color\">000000<\/mark><\/p>\n\n\n\n<figure class=\"wp-block-gallery has-nested-images columns-default is-cropped wp-block-gallery-1 is-layout-flex wp-block-gallery-is-layout-flex\">\n<figure class=\"wp-block-image size-large\"><img loading=\"lazy\" decoding=\"async\" width=\"1024\" height=\"576\" data-id=\"3980\" src=\"https:\/\/www.allersretoursasso.fr\/wp-content\/uploads\/2023\/09\/A-Dog-Under-Bridge-1--1024x576.png\" alt=\"\" class=\"wp-image-3980\" srcset=\"https:\/\/www.allersretoursasso.fr\/wp-content\/uploads\/2023\/09\/A-Dog-Under-Bridge-1--1024x576.png 1024w, https:\/\/www.allersretoursasso.fr\/wp-content\/uploads\/2023\/09\/A-Dog-Under-Bridge-1--300x169.png 300w, https:\/\/www.allersretoursasso.fr\/wp-content\/uploads\/2023\/09\/A-Dog-Under-Bridge-1--768x432.png 768w, https:\/\/www.allersretoursasso.fr\/wp-content\/uploads\/2023\/09\/A-Dog-Under-Bridge-1--1536x864.png 1536w, https:\/\/www.allersretoursasso.fr\/wp-content\/uploads\/2023\/09\/A-Dog-Under-Bridge-1--18x10.png 18w, https:\/\/www.allersretoursasso.fr\/wp-content\/uploads\/2023\/09\/A-Dog-Under-Bridge-1--350x197.png 350w, https:\/\/www.allersretoursasso.fr\/wp-content\/uploads\/2023\/09\/A-Dog-Under-Bridge-1-.png 1920w\" sizes=\"(max-width: 767px) 89vw, (max-width: 1000px) 54vw, (max-width: 1071px) 543px, 580px\" \/><\/figure>\n\n\n\n<figure class=\"wp-block-image size-large\"><img loading=\"lazy\" decoding=\"async\" width=\"1024\" height=\"576\" data-id=\"3981\" src=\"https:\/\/www.allersretoursasso.fr\/wp-content\/uploads\/2023\/09\/A-Dog-Under-Bridge-2-1024x576.png\" alt=\"\" class=\"wp-image-3981\" srcset=\"https:\/\/www.allersretoursasso.fr\/wp-content\/uploads\/2023\/09\/A-Dog-Under-Bridge-2-1024x576.png 1024w, https:\/\/www.allersretoursasso.fr\/wp-content\/uploads\/2023\/09\/A-Dog-Under-Bridge-2-300x169.png 300w, https:\/\/www.allersretoursasso.fr\/wp-content\/uploads\/2023\/09\/A-Dog-Under-Bridge-2-768x432.png 768w, https:\/\/www.allersretoursasso.fr\/wp-content\/uploads\/2023\/09\/A-Dog-Under-Bridge-2-1536x864.png 1536w, https:\/\/www.allersretoursasso.fr\/wp-content\/uploads\/2023\/09\/A-Dog-Under-Bridge-2-18x10.png 18w, https:\/\/www.allersretoursasso.fr\/wp-content\/uploads\/2023\/09\/A-Dog-Under-Bridge-2-350x197.png 350w, https:\/\/www.allersretoursasso.fr\/wp-content\/uploads\/2023\/09\/A-Dog-Under-Bridge-2.png 1920w\" sizes=\"(max-width: 767px) 89vw, (max-width: 1000px) 54vw, (max-width: 1071px) 543px, 580px\" \/><\/figure>\n\n\n\n<figure class=\"wp-block-image size-large\"><img loading=\"lazy\" decoding=\"async\" width=\"1024\" height=\"576\" data-id=\"3982\" src=\"https:\/\/www.allersretoursasso.fr\/wp-content\/uploads\/2023\/09\/A-Dog-Under-Bridge-3-1024x576.png\" alt=\"\" class=\"wp-image-3982\" srcset=\"https:\/\/www.allersretoursasso.fr\/wp-content\/uploads\/2023\/09\/A-Dog-Under-Bridge-3-1024x576.png 1024w, https:\/\/www.allersretoursasso.fr\/wp-content\/uploads\/2023\/09\/A-Dog-Under-Bridge-3-300x169.png 300w, https:\/\/www.allersretoursasso.fr\/wp-content\/uploads\/2023\/09\/A-Dog-Under-Bridge-3-768x432.png 768w, https:\/\/www.allersretoursasso.fr\/wp-content\/uploads\/2023\/09\/A-Dog-Under-Bridge-3-1536x864.png 1536w, https:\/\/www.allersretoursasso.fr\/wp-content\/uploads\/2023\/09\/A-Dog-Under-Bridge-3-18x10.png 18w, https:\/\/www.allersretoursasso.fr\/wp-content\/uploads\/2023\/09\/A-Dog-Under-Bridge-3-350x197.png 350w, https:\/\/www.allersretoursasso.fr\/wp-content\/uploads\/2023\/09\/A-Dog-Under-Bridge-3.png 1920w\" sizes=\"(max-width: 767px) 89vw, (max-width: 1000px) 54vw, (max-width: 1071px) 543px, 580px\" \/><\/figure>\n<\/figure>\n\n\n\n<div class=\"wp-block-columns is-layout-flex wp-container-core-columns-layout-1 wp-block-columns-is-layout-flex\">\n<div class=\"wp-block-column is-layout-flow wp-block-column-is-layout-flow\" style=\"flex-basis:100%\"><\/div>\n<\/div>\n\n\n\n<figure class=\"wp-block-embed is-type-video is-provider-youtube wp-block-embed-youtube wp-embed-aspect-16-9 wp-has-aspect-ratio\"><div class=\"wp-block-embed__wrapper\">\n<iframe loading=\"lazy\" title=\"A Dog Under Bridge - Rehoo TANG - Bande-annonce\" width=\"525\" height=\"295\" src=\"https:\/\/www.youtube.com\/embed\/JerKeeoRF1I?feature=oembed\" frameborder=\"0\" allow=\"accelerometer; autoplay; clipboard-write; encrypted-media; gyroscope; picture-in-picture; web-share\" allowfullscreen><\/iframe>\n<\/div><\/figure>\n\n\n\n<p><\/p>\n\n\n\n<div class=\"wp-block-columns is-layout-flex wp-container-core-columns-layout-2 wp-block-columns-is-layout-flex\">\n<div class=\"wp-block-column is-layout-flow wp-block-column-is-layout-flow\"><\/div>\n<\/div>\n\n\n\n<hr class=\"wp-block-separator has-alpha-channel-opacity\"\/>\n\n\n\n<div class=\"wp-block-columns is-layout-flex wp-container-core-columns-layout-3 wp-block-columns-is-layout-flex\">\n<div class=\"wp-block-column is-layout-flow wp-block-column-is-layout-flow\"><\/div>\n<\/div>\n\n\n\n<div class=\"wp-block-columns is-layout-flex wp-container-core-columns-layout-4 wp-block-columns-is-layout-flex\">\n<div class=\"wp-block-column is-layout-flow wp-block-column-is-layout-flow\" style=\"flex-basis:33.33%\">\n<figure class=\"wp-block-image size-large\"><img loading=\"lazy\" decoding=\"async\" width=\"743\" height=\"1024\" src=\"https:\/\/www.allersretoursasso.fr\/wp-content\/uploads\/2023\/09\/Capture_decran_2023-09-08_a_20.47.20-743x1024.png\" alt=\"\" class=\"wp-image-4228\" srcset=\"https:\/\/www.allersretoursasso.fr\/wp-content\/uploads\/2023\/09\/Capture_decran_2023-09-08_a_20.47.20-743x1024.png 743w, https:\/\/www.allersretoursasso.fr\/wp-content\/uploads\/2023\/09\/Capture_decran_2023-09-08_a_20.47.20-218x300.png 218w, https:\/\/www.allersretoursasso.fr\/wp-content\/uploads\/2023\/09\/Capture_decran_2023-09-08_a_20.47.20-768x1059.png 768w, https:\/\/www.allersretoursasso.fr\/wp-content\/uploads\/2023\/09\/Capture_decran_2023-09-08_a_20.47.20-1114x1536.png 1114w, https:\/\/www.allersretoursasso.fr\/wp-content\/uploads\/2023\/09\/Capture_decran_2023-09-08_a_20.47.20-9x12.png 9w, https:\/\/www.allersretoursasso.fr\/wp-content\/uploads\/2023\/09\/Capture_decran_2023-09-08_a_20.47.20-350x483.png 350w, https:\/\/www.allersretoursasso.fr\/wp-content\/uploads\/2023\/09\/Capture_decran_2023-09-08_a_20.47.20.png 1204w\" sizes=\"(max-width: 706px) 89vw, (max-width: 767px) 82vw, 740px\" \/><\/figure>\n<\/div>\n\n\n\n<div class=\"wp-block-column is-layout-flow wp-block-column-is-layout-flow\" style=\"flex-basis:66.66%\">\n<p><strong>Par rapport \u00e0 Rehoo TANG<br>\/ \u5173\u4e8e\u6c64\u5389\u660a<\/strong><\/p>\n\n\n\n<p class=\"has-small-font-size\"><\/p>\n<\/div>\n<\/div>\n\n\n\n<p class=\"has-small-font-size\"><\/p>\n\n\n\n<p class=\"has-small-font-size\">N\u00e9 en 1994 \u00e0 Hangzhou, Rehoo Tang est dipl\u00f4m\u00e9 d\u2019un bachelor en animation puis d\u2019un master en animation humaniste de la China Academy of Arts. A Dog Under Bridge est son film de fin d\u2019\u00e9tudes.<\/p>\n\n\n\n<p class=\"has-small-font-size\">1994\u5e747\u6708\u51fa\u751f\u4e8e\u6d59\u6c5f\u7701\u676d\u5dde\u5e02\u30022012-2016\u672c\u79d1\u5c31\u8bfb\u4e8e\u4e2d\u56fd\u7f8e\u672f\u5b66\u9662\uff0c\u5f71\u89c6\u4e0e\u52a8\u753b\u5b66\u9662\u52a8\u753b\u7cfb\u30022018-2021\u7814\u7a76\u751f\u5c31\u8bfb\u4e8e\u4e2d\u56fd\u7f8e\u672f\u5b66\u9662\uff0c\u4eba\u6587\u52a8\u753b\u65b9\u5411\uff0c\u7855\u58eb\u6bd5\u4e1a\u4f5c\u54c1\u300a\u5927\u6865\u9057\u72ac\u300b\u3002\u73b0\u5728\u5de5\u4f5c\u751f\u6d3b\u4e8e\u676d\u5dde\u3002<\/p>\n\n\n\n<p class=\"has-small-font-size\"><\/p>\n\n\n\n<p><\/p>\n\n\n\n<p><\/p>\n\n\n\n<hr class=\"wp-block-separator has-alpha-channel-opacity is-style-wide\"\/>\n\n\n\n<div class=\"wp-block-columns is-layout-flex wp-container-core-columns-layout-5 wp-block-columns-is-layout-flex\">\n<div class=\"wp-block-column is-layout-flow wp-block-column-is-layout-flow\"><\/div>\n<\/div>\n\n\n\n<div class=\"wp-block-buttons is-content-justification-center is-layout-flex wp-container-core-buttons-layout-1 wp-block-buttons-is-layout-flex\">\n<div class=\"wp-block-button has-custom-width wp-block-button__width-75 has-custom-font-size is-style-outline\" style=\"font-size:16px\"><a class=\"wp-block-button__link has-black-color has-white-background-color has-text-color has-background wp-element-button\" href=\"https:\/\/www.billetweb.fr\/coa-allersretours\">\u8d2d\u7968\u94fe\u63a5<br>Get your tickets<\/a><\/div>\n<\/div>\n\n\n\n<p><\/p>\n\n\n\n<div class=\"wp-block-columns is-layout-flex wp-container-core-columns-layout-6 wp-block-columns-is-layout-flex\">\n<div class=\"wp-block-column is-layout-flow wp-block-column-is-layout-flow\">\n<p class=\"has-text-align-center\"><strong>Vendredi<\/strong> <strong>29 septembre \u00e0 19h45 au<\/strong><br><strong>STUDIO DES URSULINES<\/strong><br>10 rue des Ursulines, 75005 Paris<\/p>\n<\/div>\n\n\n\n<div class=\"wp-block-column is-layout-flow wp-block-column-is-layout-flow\">\n<p class=\"has-text-align-center\"><strong>Vendredi<\/strong> <strong>29 septembre \u00e0 <strong>18h30<\/strong> \u4e8e<\/strong><br><strong>CIN\u00c9MA LUMI\u00c8RE BELLECOUR<\/strong><br>12 Rue de la Barre, 69002 Lyon<\/p>\n<\/div>\n<\/div>\n\n\n\n<p><\/p>\n\n\n\n<div class=\"wp-block-cover is-light\" style=\"min-height:349px\"><span aria-hidden=\"true\" class=\"wp-block-cover__background has-white-background-color has-background-dim\"><\/span><div class=\"wp-block-cover__inner-container is-layout-flow wp-block-cover-is-layout-flow\">\n<div class=\"wp-block-group is-layout-flow wp-block-group-is-layout-flow\"><div class=\"wp-block-group__inner-container\">\n<figure class=\"wp-block-image size-large\"><img loading=\"lazy\" decoding=\"async\" width=\"1024\" height=\"380\" src=\"https:\/\/www.allersretoursasso.fr\/wp-content\/uploads\/2023\/09\/banner-1024x380.jpg\" alt=\"\" class=\"wp-image-4022\" srcset=\"https:\/\/www.allersretoursasso.fr\/wp-content\/uploads\/2023\/09\/banner-1024x380.jpg 1024w, https:\/\/www.allersretoursasso.fr\/wp-content\/uploads\/2023\/09\/banner-300x111.jpg 300w, https:\/\/www.allersretoursasso.fr\/wp-content\/uploads\/2023\/09\/banner-768x285.jpg 768w, https:\/\/www.allersretoursasso.fr\/wp-content\/uploads\/2023\/09\/banner-18x7.jpg 18w, https:\/\/www.allersretoursasso.fr\/wp-content\/uploads\/2023\/09\/banner-350x130.jpg 350w, https:\/\/www.allersretoursasso.fr\/wp-content\/uploads\/2023\/09\/banner.jpg 1277w\" sizes=\"(max-width: 767px) 89vw, (max-width: 1000px) 54vw, (max-width: 1071px) 543px, 580px\" \/><\/figure>\n<\/div><\/div>\n<\/div><\/div>\n\n\n\n<div class=\"wp-block-group is-layout-flow wp-block-group-is-layout-flow\"><div class=\"wp-block-group__inner-container\">\n<p class=\"has-text-align-center\" style=\"font-size:15px\"><\/p>\n<\/div><\/div>\n\n\n\n<p class=\"has-text-align-center has-white-color has-text-color\" style=\"font-size:15px\"> 19h45 aux Ursuline<\/p>\n\n\n\n<p class=\"has-text-align-center has-white-color has-text-color\" style=\"font-size:15px\">06 octobre \u00e0 19h45 aux Ursulines<\/p>","protected":false},"excerpt":{"rendered":"<p>2022 \/ 12\u2019 \/ Mandarin, dialecte de Hangzhou \/ VOSTF \/ Animation 2022&nbsp; \/ 12\u2019 \/ \u666e\u901a\u8bdd\uff0c\u676d\u5dde\u65b9\u8a00 \/ \u539f\u58f0\u6cd5\u8bed\u5b57\u5e55 \/&nbsp;\u52a8\u753b 2022 Festival d\u2019Annecy &#8211; Prix du Jury dans la cat\u00e9gorie court-m\u00e9trage fin d&#8217;\u00e9tudes 2022\u6602\u897f\u56fd\u9645\u52a8\u753b\u7535\u5f71\u8282 &#8211; \u5b66\u751f\u4f5c\u54c1\u5355\u5143\u8bc4\u5ba1\u56e2\u5956 Je suis un chien et je vis sous le pont d\u2019un parc. Je vous raconte ce que je vois &hellip; <\/p>\n<p class=\"link-more\"><a href=\"https:\/\/www.allersretoursasso.fr\/zh\/coming-of-age-2023-a-dog-under-bridge\/\" class=\"more-link\">\u7ee7\u7eed\u9605\u8bfb<span class=\"screen-reader-text\">\u201cComing of Age 2023  &#8211; A Dog Under Bridge\u201d<\/span><\/a><\/p>","protected":false},"author":3,"featured_media":0,"parent":0,"menu_order":0,"comment_status":"closed","ping_status":"closed","template":"","meta":{"footnotes":""},"_links":{"self":[{"href":"https:\/\/www.allersretoursasso.fr\/zh\/wp-json\/wp\/v2\/pages\/3974"}],"collection":[{"href":"https:\/\/www.allersretoursasso.fr\/zh\/wp-json\/wp\/v2\/pages"}],"about":[{"href":"https:\/\/www.allersretoursasso.fr\/zh\/wp-json\/wp\/v2\/types\/page"}],"author":[{"embeddable":true,"href":"https:\/\/www.allersretoursasso.fr\/zh\/wp-json\/wp\/v2\/users\/3"}],"replies":[{"embeddable":true,"href":"https:\/\/www.allersretoursasso.fr\/zh\/wp-json\/wp\/v2\/comments?post=3974"}],"version-history":[{"count":10,"href":"https:\/\/www.allersretoursasso.fr\/zh\/wp-json\/wp\/v2\/pages\/3974\/revisions"}],"predecessor-version":[{"id":4230,"href":"https:\/\/www.allersretoursasso.fr\/zh\/wp-json\/wp\/v2\/pages\/3974\/revisions\/4230"}],"wp:attachment":[{"href":"https:\/\/www.allersretoursasso.fr\/zh\/wp-json\/wp\/v2\/media?parent=3974"}],"curies":[{"name":"wp","href":"https:\/\/api.w.org\/{rel}","templated":true}]}}