{"id":3990,"date":"2023-09-05T17:35:58","date_gmt":"2023-09-05T15:35:58","guid":{"rendered":"https:\/\/www.allersretoursasso.fr\/?page_id=3990"},"modified":"2023-09-06T23:22:08","modified_gmt":"2023-09-06T21:22:08","slug":"coming-of-age-2023-my-world","status":"publish","type":"page","link":"https:\/\/www.allersretoursasso.fr\/zh\/coming-of-age-2023-my-world\/","title":{"rendered":"Coming of Age 2023  &#8211; My world"},"content":{"rendered":"<div id=\"fb-root\"><\/div>\n\n<div class=\"wp-block-media-text alignwide is-stacked-on-mobile\" style=\"grid-template-columns:41% auto\"><figure class=\"wp-block-media-text__media\"><img loading=\"lazy\" decoding=\"async\" width=\"724\" height=\"1024\" src=\"https:\/\/www.allersretoursasso.fr\/wp-content\/uploads\/2023\/09\/10-My-World_format-uni_COA2023-724x1024.png\" alt=\"\" class=\"wp-image-3992 size-full\" srcset=\"https:\/\/www.allersretoursasso.fr\/wp-content\/uploads\/2023\/09\/10-My-World_format-uni_COA2023-724x1024.png 724w, https:\/\/www.allersretoursasso.fr\/wp-content\/uploads\/2023\/09\/10-My-World_format-uni_COA2023-212x300.png 212w, https:\/\/www.allersretoursasso.fr\/wp-content\/uploads\/2023\/09\/10-My-World_format-uni_COA2023-768x1086.png 768w, https:\/\/www.allersretoursasso.fr\/wp-content\/uploads\/2023\/09\/10-My-World_format-uni_COA2023-1086x1536.png 1086w, https:\/\/www.allersretoursasso.fr\/wp-content\/uploads\/2023\/09\/10-My-World_format-uni_COA2023-8x12.png 8w, https:\/\/www.allersretoursasso.fr\/wp-content\/uploads\/2023\/09\/10-My-World_format-uni_COA2023-350x495.png 350w, https:\/\/www.allersretoursasso.fr\/wp-content\/uploads\/2023\/09\/10-My-World_format-uni_COA2023.png 1191w\" sizes=\"(max-width: 724px) 100vw, 724px\" \/><\/figure><div class=\"wp-block-media-text__content\">\n<div class=\"wp-block-group is-layout-flow wp-block-group-is-layout-flow\"><div class=\"wp-block-group__inner-container\">\n<div class=\"wp-block-group is-vertical is-layout-flex wp-container-core-group-layout-4 wp-block-group-is-layout-flex\">\n<div class=\"wp-block-group is-layout-flow wp-block-group-is-layout-flow\"><div class=\"wp-block-group__inner-container\">\n<div class=\"wp-block-group is-layout-flow wp-block-group-is-layout-flow\"><div class=\"wp-block-group__inner-container\">\n<div class=\"wp-block-group is-layout-flow wp-block-group-is-layout-flow\"><div class=\"wp-block-group__inner-container\">\n<p><\/p>\n\n\n\n<p style=\"font-size:30px;font-style:normal;font-weight:500\">My World <\/p>\n\n\n\n<p style=\"font-size:30px;font-style:normal;font-weight:500\">\u540a\u540a\u63c8<\/p>\n\n\n\n<p class=\"has-medium-font-size\">Jun LI <\/p>\n\n\n\n<p class=\"has-medium-font-size\">\u674e\u9a8f\u7855<\/p>\n\n\n\n<p class=\"has-small-font-size\"><a href=\"https:\/\/www.allersretoursasso.fr\/zh\/coming-of-age-2023\/\" target=\"_blank\" rel=\"noreferrer noopener\">\u00c9dition : Coming of Age 2023<\/a><\/p>\n\n\n\n<p style=\"font-size:10px\"><\/p>\n<\/div><\/div>\n\n\n\n<p class=\"has-text-align-center\"><\/p>\n\n\n\n<p class=\"has-text-align-left\" style=\"font-size:15px\"><\/p>\n<\/div><\/div>\n<\/div><\/div>\n<\/div>\n<\/div><\/div>\n<\/div><\/div>\n\n\n\n<h2 class=\"wp-block-heading\"><\/h2>\n\n\n\n<p class=\"has-text-align-center has-small-font-size\"><em>2018 \/ 30\u2019 \/ Cantonais \/ VOSTF \/ Fiction<\/em><\/p>\n\n\n\n<p class=\"has-text-align-center has-small-font-size\">2018 \/ 30\u2019 \/ \u7ca4\u8bed \/ \u539f\u58f0\u6cd5\u8bed\u5b57\u5e55 \/ \u5267\u60c5<\/p>\n\n\n\n<p class=\"has-text-align-center has-small-font-size\"><em>S\u00e9lectionn\u00e9 au <em>2018 Golden Horse Film Festival de Taipei<\/em><\/em> <em>dans la cat\u00e9gorie meilleur court-m\u00e9trage de fiction<\/em><\/p>\n\n\n\n<p class=\"has-text-align-center has-small-font-size\">\u7b2c55\u5c4a\u53f0\u5317\u91d1\u9a6c\u5f71\u5c55\u6700\u4f73\u5267\u60c5\u77ed\u7247\u5165\u56f4<\/p>\n\n\n\n<p><\/p>\n\n\n\n<p class=\"has-text-align-left\" style=\"font-size:16px;line-height:1.5\">Hong Kong, 2012. Le syst\u00e8me \u00e9ducatif est r\u00e9form\u00e9. \u00c0 travers 7 questions d\u2019examen, des \u00e9tudiants se confrontent \u00e0 leurs limites et r\u00e9v\u00e8lent leurs d\u00e9sirs les plus profonds. Les r\u00e8gles tombent, la jeunesse est \u00e0 nouveau synonyme de r\u00e9volte.<\/p>\n\n\n\n<p>2012 \u5e74\uff0c\u65b0\u3001\u65e7\u9ad8\u4e2d\u8bfe\u7a0b\u4ea4\u63a5\u3002\u4e00\u540d\u5faa\u89c4\u8e48\u77e9\u4f46\u6c38\u8fdc\u53ea\u8003\u7b2c\u4e8c\u7684\u4e56\u5b66\u751f\uff0c\u8fd8\u6709\u4e00\u5bf9\u540c\u7236\u5f02\u6bcd\u800c\u884c\u4e3a\u4e3e\u6b62\u5dee\u5929\u5171\u5730\u7684\u5929\u624d\u59d0\u5f1f\uff0c\u4ece\u4e03\u6761\u9ad8\u4e2d\u8bfe\u7a0b\u8bd5\u9898\u51fa\u53d1\uff0c\u6765\u4e00\u573a\u7406\u667a\u4e0e\u611f\u6027\u7684\u601d\u8fa9\uff0c\u5c06\u89c4\u5219\u4e0e\u79e9\u5e8f\u5f52\u96f6\uff0c\u5728\u4fbf\u670d\u65e5\u53d1\u4e00\u573a\u7eee\u68a6\u3002<\/p>\n\n\n\n<p><mark style=\"background-color:rgba(0, 0, 0, 0)\" class=\"has-inline-color has-white-color\">000000<\/mark><\/p>\n\n\n\n<figure class=\"wp-block-gallery has-nested-images columns-default is-cropped wp-block-gallery-1 is-layout-flex wp-block-gallery-is-layout-flex\">\n<figure class=\"wp-block-image size-large\"><img loading=\"lazy\" decoding=\"async\" width=\"1024\" height=\"684\" data-id=\"3993\" src=\"https:\/\/www.allersretoursasso.fr\/wp-content\/uploads\/2023\/09\/15-My-World-1-1024x684.jpg\" alt=\"\" class=\"wp-image-3993\" srcset=\"https:\/\/www.allersretoursasso.fr\/wp-content\/uploads\/2023\/09\/15-My-World-1-1024x684.jpg 1024w, https:\/\/www.allersretoursasso.fr\/wp-content\/uploads\/2023\/09\/15-My-World-1-300x200.jpg 300w, https:\/\/www.allersretoursasso.fr\/wp-content\/uploads\/2023\/09\/15-My-World-1-768x513.jpg 768w, https:\/\/www.allersretoursasso.fr\/wp-content\/uploads\/2023\/09\/15-My-World-1-1536x1026.jpg 1536w, https:\/\/www.allersretoursasso.fr\/wp-content\/uploads\/2023\/09\/15-My-World-1-2048x1368.jpg 2048w, https:\/\/www.allersretoursasso.fr\/wp-content\/uploads\/2023\/09\/15-My-World-1-18x12.jpg 18w, https:\/\/www.allersretoursasso.fr\/wp-content\/uploads\/2023\/09\/15-My-World-1-350x234.jpg 350w, https:\/\/www.allersretoursasso.fr\/wp-content\/uploads\/2023\/09\/15-My-World-1-272x182.jpg 272w\" sizes=\"(max-width: 767px) 89vw, (max-width: 1000px) 54vw, (max-width: 1071px) 543px, 580px\" \/><\/figure>\n\n\n\n<figure class=\"wp-block-image size-large\"><img loading=\"lazy\" decoding=\"async\" width=\"1024\" height=\"684\" data-id=\"3994\" src=\"https:\/\/www.allersretoursasso.fr\/wp-content\/uploads\/2023\/09\/15-My-World-2-1024x684.jpg\" alt=\"\" class=\"wp-image-3994\" srcset=\"https:\/\/www.allersretoursasso.fr\/wp-content\/uploads\/2023\/09\/15-My-World-2-1024x684.jpg 1024w, https:\/\/www.allersretoursasso.fr\/wp-content\/uploads\/2023\/09\/15-My-World-2-300x200.jpg 300w, https:\/\/www.allersretoursasso.fr\/wp-content\/uploads\/2023\/09\/15-My-World-2-768x513.jpg 768w, https:\/\/www.allersretoursasso.fr\/wp-content\/uploads\/2023\/09\/15-My-World-2-1536x1026.jpg 1536w, https:\/\/www.allersretoursasso.fr\/wp-content\/uploads\/2023\/09\/15-My-World-2-2048x1368.jpg 2048w, https:\/\/www.allersretoursasso.fr\/wp-content\/uploads\/2023\/09\/15-My-World-2-18x12.jpg 18w, https:\/\/www.allersretoursasso.fr\/wp-content\/uploads\/2023\/09\/15-My-World-2-350x234.jpg 350w, https:\/\/www.allersretoursasso.fr\/wp-content\/uploads\/2023\/09\/15-My-World-2-272x182.jpg 272w\" sizes=\"(max-width: 767px) 89vw, (max-width: 1000px) 54vw, (max-width: 1071px) 543px, 580px\" \/><\/figure>\n\n\n\n<figure class=\"wp-block-image size-large\"><img loading=\"lazy\" decoding=\"async\" width=\"1024\" height=\"679\" data-id=\"3995\" src=\"https:\/\/www.allersretoursasso.fr\/wp-content\/uploads\/2023\/09\/15-My-World-13-1-1024x679.jpg\" alt=\"\" class=\"wp-image-3995\" srcset=\"https:\/\/www.allersretoursasso.fr\/wp-content\/uploads\/2023\/09\/15-My-World-13-1-1024x679.jpg 1024w, https:\/\/www.allersretoursasso.fr\/wp-content\/uploads\/2023\/09\/15-My-World-13-1-300x199.jpg 300w, https:\/\/www.allersretoursasso.fr\/wp-content\/uploads\/2023\/09\/15-My-World-13-1-768x509.jpg 768w, https:\/\/www.allersretoursasso.fr\/wp-content\/uploads\/2023\/09\/15-My-World-13-1-1536x1019.jpg 1536w, https:\/\/www.allersretoursasso.fr\/wp-content\/uploads\/2023\/09\/15-My-World-13-1-2048x1358.jpg 2048w, https:\/\/www.allersretoursasso.fr\/wp-content\/uploads\/2023\/09\/15-My-World-13-1-18x12.jpg 18w, https:\/\/www.allersretoursasso.fr\/wp-content\/uploads\/2023\/09\/15-My-World-13-1-350x232.jpg 350w\" sizes=\"(max-width: 767px) 89vw, (max-width: 1000px) 54vw, (max-width: 1071px) 543px, 580px\" \/><\/figure>\n<\/figure>\n\n\n\n<div class=\"wp-block-columns is-layout-flex wp-container-core-columns-layout-1 wp-block-columns-is-layout-flex\">\n<div class=\"wp-block-column is-layout-flow wp-block-column-is-layout-flow\" style=\"flex-basis:100%\"><\/div>\n<\/div>\n\n\n\n<figure class=\"wp-block-embed is-type-video is-provider-youtube wp-block-embed-youtube wp-embed-aspect-16-9 wp-has-aspect-ratio\"><div class=\"wp-block-embed__wrapper\">\n<iframe loading=\"lazy\" title=\"My World - Jun LI - Bande-annonce\" width=\"525\" height=\"295\" src=\"https:\/\/www.youtube.com\/embed\/ntdlT-hbco4?feature=oembed\" frameborder=\"0\" allow=\"accelerometer; autoplay; clipboard-write; encrypted-media; gyroscope; picture-in-picture; web-share\" allowfullscreen><\/iframe>\n<\/div><\/figure>\n\n\n\n<p><\/p>\n\n\n\n<div class=\"wp-block-columns is-layout-flex wp-container-core-columns-layout-2 wp-block-columns-is-layout-flex\">\n<div class=\"wp-block-column is-layout-flow wp-block-column-is-layout-flow\"><\/div>\n<\/div>\n\n\n\n<hr class=\"wp-block-separator has-alpha-channel-opacity\"\/>\n\n\n\n<div class=\"wp-block-columns is-layout-flex wp-container-core-columns-layout-3 wp-block-columns-is-layout-flex\">\n<div class=\"wp-block-column is-layout-flow wp-block-column-is-layout-flow\"><\/div>\n<\/div>\n\n\n\n<div class=\"wp-block-columns is-layout-flex wp-container-core-columns-layout-4 wp-block-columns-is-layout-flex\">\n<div class=\"wp-block-column is-layout-flow wp-block-column-is-layout-flow\" style=\"flex-basis:33.33%\">\n<figure class=\"wp-block-image size-large\"><img loading=\"lazy\" decoding=\"async\" width=\"683\" height=\"1024\" src=\"https:\/\/www.allersretoursasso.fr\/wp-content\/uploads\/2023\/09\/15-Jun-LI\u674e\u99ff\u78a9-1-683x1024.jpg\" alt=\"\" class=\"wp-image-3997\" srcset=\"https:\/\/www.allersretoursasso.fr\/wp-content\/uploads\/2023\/09\/15-Jun-LI\u674e\u99ff\u78a9-1-683x1024.jpg 683w, https:\/\/www.allersretoursasso.fr\/wp-content\/uploads\/2023\/09\/15-Jun-LI\u674e\u99ff\u78a9-1-200x300.jpg 200w, https:\/\/www.allersretoursasso.fr\/wp-content\/uploads\/2023\/09\/15-Jun-LI\u674e\u99ff\u78a9-1-768x1151.jpg 768w, https:\/\/www.allersretoursasso.fr\/wp-content\/uploads\/2023\/09\/15-Jun-LI\u674e\u99ff\u78a9-1-1025x1536.jpg 1025w, https:\/\/www.allersretoursasso.fr\/wp-content\/uploads\/2023\/09\/15-Jun-LI\u674e\u99ff\u78a9-1-scaled.jpg 1709w\" sizes=\"(max-width: 683px) 100vw, 683px\" \/><\/figure>\n<\/div>\n\n\n\n<div class=\"wp-block-column is-layout-flow wp-block-column-is-layout-flow\" style=\"flex-basis:66.66%\">\n<p><strong>Par rapport \u00e0 Jun LI<br>\/ \u5173\u4e8e\u674e\u9a8f\u7855<\/strong><\/p>\n\n\n\n<p class=\"has-small-font-size\"><\/p>\n<\/div>\n<\/div>\n\n\n\n<p class=\"has-small-font-size\"><\/p>\n\n\n\n<p class=\"has-small-font-size\">Jun Li est un&nbsp; journaliste, dramaturge, acteur et \u00e9crivain hongkongais. En 2018, il termine son premier long m\u00e9trage <em>Trish<\/em>, et il r\u00e9alise le film <em><a href=\"https:\/\/www.allersretoursasso.fr\/zh\/films\/drifting-li-jun\/\">Drifting<\/a><\/em> en 2021 qui remporte le prix du meilleur sc\u00e9nario adapt\u00e9 lors de la 58e c\u00e9r\u00e9monie des Golden Horse Awards.<\/p>\n\n\n\n<p class=\"has-small-font-size\"><br>\u8bb0\u8005\u3001\u821e\u53f0\u5267\u7f16\u5267\u3001\u6f14\u5458\u3001\u6587\u5b57\u5de5\u4f5c\u8005\uff08\u653f\u8bc4\u3001\u6027\u522b\u8bae\u9898\u3001\u5f71\u8bc4\uff09\u30022018\u5e74\u5b8c\u6210\u9996\u90e8\u5267\u60c5\u957f\u7247\u300a\u7fe0\u4e1d\u300b\uff0c\u5e76\u4e8e2021\u5e74\u5b8c\u6210\u7535\u5f71\u300a\u6d4a\u6c34\u6f02\u6d41\u300b\uff0c\u8be5\u7247\u83b7\u5f97\u7b2c58\u5c4a\u91d1\u9a6c\u5956\u6700\u4f73\u6539\u7f16\u5267\u672c\u5956\u3002<\/p>\n\n\n\n<p class=\"has-small-font-size\"><\/p>\n\n\n\n<p><\/p>\n\n\n\n<p><\/p>\n\n\n\n<p><\/p>\n\n\n\n<hr class=\"wp-block-separator has-alpha-channel-opacity is-style-wide\"\/>\n\n\n\n<div class=\"wp-block-columns is-layout-flex wp-container-core-columns-layout-5 wp-block-columns-is-layout-flex\">\n<div class=\"wp-block-column is-layout-flow wp-block-column-is-layout-flow\"><\/div>\n<\/div>\n\n\n\n<div class=\"wp-block-buttons is-content-justification-center is-layout-flex wp-container-core-buttons-layout-1 wp-block-buttons-is-layout-flex\">\n<div class=\"wp-block-button has-custom-width wp-block-button__width-75 has-custom-font-size is-style-outline\" style=\"font-size:16px\"><a class=\"wp-block-button__link has-black-color has-white-background-color has-text-color has-background wp-element-button\" href=\"https:\/\/www.billetweb.fr\/coa-allersretours\">\u8d2d\u7968\u94fe\u63a5<br>\u7ebf\u4e0a\u8d2d\u7968<\/a><\/div>\n<\/div>\n\n\n\n<p><\/p>\n\n\n\n<div class=\"wp-block-columns is-layout-flex wp-container-core-columns-layout-6 wp-block-columns-is-layout-flex\">\n<div class=\"wp-block-column is-layout-flow wp-block-column-is-layout-flow\">\n<p class=\"has-text-align-center\"><strong>Jeudi <strong>29 septembre \u00e0 19h45 <\/strong> \u4e8e<\/strong><br><strong>STUDIO DES URSULINES <\/strong><br>10 rue des Ursulines, 75005 Paris<\/p>\n<\/div>\n\n\n\n<div class=\"wp-block-column is-layout-flow wp-block-column-is-layout-flow\">\n<p class=\"has-text-align-center\"><strong>Jeudi <strong>29 septembre \u00e0 <strong>18h30<\/strong> <\/strong>\u4e8e<\/strong><br><strong>CIN\u00c9MA LUMI\u00c8RE BELLECOUR<\/strong><br>12 Rue de la Barre, 69002 Lyon<\/p>\n<\/div>\n<\/div>\n\n\n\n<div class=\"wp-block-cover is-light\" style=\"min-height:349px\"><span aria-hidden=\"true\" class=\"wp-block-cover__background has-white-background-color has-background-dim\"><\/span><div class=\"wp-block-cover__inner-container is-layout-flow wp-block-cover-is-layout-flow\">\n<div class=\"wp-block-group is-layout-flow wp-block-group-is-layout-flow\"><div class=\"wp-block-group__inner-container\">\n<figure class=\"wp-block-image size-large\"><img loading=\"lazy\" decoding=\"async\" width=\"1024\" height=\"380\" src=\"https:\/\/www.allersretoursasso.fr\/wp-content\/uploads\/2023\/09\/banner-1024x380.jpg\" alt=\"\" class=\"wp-image-4022\" srcset=\"https:\/\/www.allersretoursasso.fr\/wp-content\/uploads\/2023\/09\/banner-1024x380.jpg 1024w, https:\/\/www.allersretoursasso.fr\/wp-content\/uploads\/2023\/09\/banner-300x111.jpg 300w, https:\/\/www.allersretoursasso.fr\/wp-content\/uploads\/2023\/09\/banner-768x285.jpg 768w, https:\/\/www.allersretoursasso.fr\/wp-content\/uploads\/2023\/09\/banner-18x7.jpg 18w, https:\/\/www.allersretoursasso.fr\/wp-content\/uploads\/2023\/09\/banner-350x130.jpg 350w, https:\/\/www.allersretoursasso.fr\/wp-content\/uploads\/2023\/09\/banner.jpg 1277w\" sizes=\"(max-width: 767px) 89vw, (max-width: 1000px) 54vw, (max-width: 1071px) 543px, 580px\" \/><\/figure>\n<\/div><\/div>\n<\/div><\/div>\n\n\n\n<div class=\"wp-block-group is-layout-flow wp-block-group-is-layout-flow\"><div class=\"wp-block-group__inner-container\">\n<p class=\"has-text-align-center\" style=\"font-size:15px\"><\/p>\n<\/div><\/div>\n\n\n\n<p class=\"has-text-align-center has-white-color has-text-color\" style=\"font-size:15px\"> 19h45 aux Ursuline<\/p>\n\n\n\n<p class=\"has-text-align-center has-white-color has-text-color\" style=\"font-size:15px\">06 octobre \u00e0 19h45 aux Ursulines<\/p>","protected":false},"excerpt":{"rendered":"<p>2018 \/ 30\u2019 \/ Cantonais \/ VOSTF \/ Fiction 2018 \/ 30\u2019 \/ \u7ca4\u8bed \/ \u539f\u58f0\u6cd5\u8bed\u5b57\u5e55 \/ \u5267\u60c5 S\u00e9lectionn\u00e9 au 2018 Golden Horse Film Festival de Taipei dans la cat\u00e9gorie meilleur court-m\u00e9trage de fiction \u7b2c55\u5c4a\u53f0\u5317\u91d1\u9a6c\u5f71\u5c55\u6700\u4f73\u5267\u60c5\u77ed\u7247\u5165\u56f4 Hong Kong, 2012. Le syst\u00e8me \u00e9ducatif est r\u00e9form\u00e9. \u00c0 travers 7 questions d\u2019examen, des \u00e9tudiants se confrontent \u00e0 leurs limites &hellip; <\/p>\n<p class=\"link-more\"><a href=\"https:\/\/www.allersretoursasso.fr\/zh\/coming-of-age-2023-my-world\/\" class=\"more-link\">\u7ee7\u7eed\u9605\u8bfb<span class=\"screen-reader-text\">\u201cComing of Age 2023  &#8211; My world\u201d<\/span><\/a><\/p>","protected":false},"author":3,"featured_media":0,"parent":0,"menu_order":0,"comment_status":"closed","ping_status":"closed","template":"","meta":{"footnotes":""},"_links":{"self":[{"href":"https:\/\/www.allersretoursasso.fr\/zh\/wp-json\/wp\/v2\/pages\/3990"}],"collection":[{"href":"https:\/\/www.allersretoursasso.fr\/zh\/wp-json\/wp\/v2\/pages"}],"about":[{"href":"https:\/\/www.allersretoursasso.fr\/zh\/wp-json\/wp\/v2\/types\/page"}],"author":[{"embeddable":true,"href":"https:\/\/www.allersretoursasso.fr\/zh\/wp-json\/wp\/v2\/users\/3"}],"replies":[{"embeddable":true,"href":"https:\/\/www.allersretoursasso.fr\/zh\/wp-json\/wp\/v2\/comments?post=3990"}],"version-history":[{"count":10,"href":"https:\/\/www.allersretoursasso.fr\/zh\/wp-json\/wp\/v2\/pages\/3990\/revisions"}],"predecessor-version":[{"id":4204,"href":"https:\/\/www.allersretoursasso.fr\/zh\/wp-json\/wp\/v2\/pages\/3990\/revisions\/4204"}],"wp:attachment":[{"href":"https:\/\/www.allersretoursasso.fr\/zh\/wp-json\/wp\/v2\/media?parent=3990"}],"curies":[{"name":"wp","href":"https:\/\/api.w.org\/{rel}","templated":true}]}}