{"id":4315,"date":"2024-01-10T20:52:48","date_gmt":"2024-01-10T19:52:48","guid":{"rendered":"https:\/\/www.allersretoursasso.fr\/?page_id=4315"},"modified":"2024-01-16T13:15:59","modified_gmt":"2024-01-16T12:15:59","slug":"festival2024-de-songes-au-songe-dun-autre-miroir","status":"publish","type":"page","link":"https:\/\/www.allersretoursasso.fr\/zh\/festival2024-de-songes-au-songe-dun-autre-miroir\/","title":{"rendered":"Festival Allers-Retours 2024  &#8211; De songes au songe d&#8217;un autre miroir"},"content":{"rendered":"<div id=\"fb-root\"><\/div>\n\n<div class=\"wp-block-media-text alignwide is-stacked-on-mobile\" style=\"grid-template-columns:41% auto\"><figure class=\"wp-block-media-text__media\"><img loading=\"lazy\" decoding=\"async\" width=\"720\" height=\"1024\" src=\"https:\/\/www.allersretoursasso.fr\/wp-content\/uploads\/2024\/01\/CM1-DeSonges_poster-720x1024.jpg\" alt=\"\" class=\"wp-image-4306 size-full\" srcset=\"https:\/\/www.allersretoursasso.fr\/wp-content\/uploads\/2024\/01\/CM1-DeSonges_poster-720x1024.jpg 720w, https:\/\/www.allersretoursasso.fr\/wp-content\/uploads\/2024\/01\/CM1-DeSonges_poster-211x300.jpg 211w, https:\/\/www.allersretoursasso.fr\/wp-content\/uploads\/2024\/01\/CM1-DeSonges_poster-768x1093.jpg 768w, https:\/\/www.allersretoursasso.fr\/wp-content\/uploads\/2024\/01\/CM1-DeSonges_poster-8x12.jpg 8w, https:\/\/www.allersretoursasso.fr\/wp-content\/uploads\/2024\/01\/CM1-DeSonges_poster-350x498.jpg 350w, https:\/\/www.allersretoursasso.fr\/wp-content\/uploads\/2024\/01\/CM1-DeSonges_poster.jpg 1000w\" sizes=\"(max-width: 720px) 100vw, 720px\" \/><\/figure><div class=\"wp-block-media-text__content\">\n<div class=\"wp-block-group is-layout-flow wp-block-group-is-layout-flow\"><div class=\"wp-block-group__inner-container\">\n<div class=\"wp-block-group is-vertical is-layout-flex wp-container-core-group-layout-4 wp-block-group-is-layout-flex\">\n<div class=\"wp-block-group is-layout-flow wp-block-group-is-layout-flow\"><div class=\"wp-block-group__inner-container\">\n<div class=\"wp-block-group is-layout-flow wp-block-group-is-layout-flow\"><div class=\"wp-block-group__inner-container\">\n<div class=\"wp-block-group is-layout-flow wp-block-group-is-layout-flow\"><div class=\"wp-block-group__inner-container\">\n<p><\/p>\n\n\n\n<p style=\"font-size:30px;font-style:normal;font-weight:500\"><em><span style=\"font-weight: 400\"><strong><strong>De songes au songe d&#8217;un autre miroir<\/strong><\/strong><\/span><\/em><\/p>\n\n\n\n<p style=\"font-size:30px;font-style:normal;font-weight:500\">\u53e6\u4e00\u9762\u955c\u5b50\u91cc\u7684\u68a6\u4e2d\u4e4b\u68a6<\/p>\n\n\n\n<p class=\"has-medium-font-size\">ZHU Yunyi<\/p>\n\n\n\n<p class=\"has-medium-font-size\">\u6731\u4e91\u9038<\/p>\n\n\n\n<p class=\"has-small-font-size\"><a href=\"https:\/\/www.allersretoursasso.fr\/zh\/annee-festival-2024\/\" target=\"_blank\" rel=\"noreferrer noopener\">\u00c9dition 2024<\/a><\/p>\n\n\n\n<p style=\"font-size:10px\"><\/p>\n<\/div><\/div>\n\n\n\n<p class=\"has-text-align-center\"><\/p>\n\n\n\n<p class=\"has-text-align-left\" style=\"font-size:15px\"><\/p>\n<\/div><\/div>\n<\/div><\/div>\n<\/div>\n<\/div><\/div>\n<\/div><\/div>\n\n\n\n<h2 class=\"wp-block-heading\"><\/h2>\n\n\n\n<p class=\"has-text-align-center has-small-font-size\"><em>2022 \/ 16\u2019 \/ Fran\u00e7ais \/ VO \/ Documentaire<\/em><\/p>\n\n\n\n<p class=\"has-text-align-left\" style=\"font-size:16px;line-height:1.5\">Nous ne percevrions pas le monde sans images ni reflets. Les non-voyants se cr\u00e9ent des images \u00e0 leur mani\u00e8re, au travers de leur exp\u00e9rience des sons et des textures. \u00c0 leur fa\u00e7on, ils vivent de l\u2019autre c\u00f4t\u00e9 du miroir. Par l\u2019exp\u00e9rimentation, le r\u00e9alisateur essaye de nous offrir le regard des aveugles.<\/p>\n\n\n\n<p><em>Par l\u2019exp\u00e9rimentation, le r\u00e9alisateur essaye de nous offrir le regard des aveugles sur le monde, dans une forme d\u00e9routante.<\/em><\/p>\n\n\n\n<figure class=\"wp-block-gallery has-nested-images columns-default is-cropped wp-block-gallery-1 is-layout-flex wp-block-gallery-is-layout-flex\">\n<figure class=\"wp-block-image size-large\"><img loading=\"lazy\" decoding=\"async\" width=\"1024\" height=\"769\" data-id=\"4320\" src=\"https:\/\/www.allersretoursasso.fr\/wp-content\/uploads\/2024\/01\/Denisa-URS-\u00a9Raphael-RUEB--1024x769.jpg\" alt=\"\" class=\"wp-image-4320\" srcset=\"https:\/\/www.allersretoursasso.fr\/wp-content\/uploads\/2024\/01\/Denisa-URS-\u00a9Raphael-RUEB--1024x769.jpg 1024w, https:\/\/www.allersretoursasso.fr\/wp-content\/uploads\/2024\/01\/Denisa-URS-\u00a9Raphael-RUEB--300x225.jpg 300w, https:\/\/www.allersretoursasso.fr\/wp-content\/uploads\/2024\/01\/Denisa-URS-\u00a9Raphael-RUEB--768x577.jpg 768w, https:\/\/www.allersretoursasso.fr\/wp-content\/uploads\/2024\/01\/Denisa-URS-\u00a9Raphael-RUEB--1536x1153.jpg 1536w, https:\/\/www.allersretoursasso.fr\/wp-content\/uploads\/2024\/01\/Denisa-URS-\u00a9Raphael-RUEB--2048x1537.jpg 2048w, https:\/\/www.allersretoursasso.fr\/wp-content\/uploads\/2024\/01\/Denisa-URS-\u00a9Raphael-RUEB--16x12.jpg 16w, https:\/\/www.allersretoursasso.fr\/wp-content\/uploads\/2024\/01\/Denisa-URS-\u00a9Raphael-RUEB--350x263.jpg 350w\" sizes=\"(max-width: 767px) 89vw, (max-width: 1000px) 54vw, (max-width: 1071px) 543px, 580px\" \/><\/figure>\n\n\n\n<figure class=\"wp-block-image size-large\"><img loading=\"lazy\" decoding=\"async\" width=\"1024\" height=\"769\" data-id=\"4321\" src=\"https:\/\/www.allersretoursasso.fr\/wp-content\/uploads\/2024\/01\/Denisa-URS-\u00a9Raphael-RUEB-1-1-1024x769.jpg\" alt=\"\" class=\"wp-image-4321\" srcset=\"https:\/\/www.allersretoursasso.fr\/wp-content\/uploads\/2024\/01\/Denisa-URS-\u00a9Raphael-RUEB-1-1-1024x769.jpg 1024w, https:\/\/www.allersretoursasso.fr\/wp-content\/uploads\/2024\/01\/Denisa-URS-\u00a9Raphael-RUEB-1-1-300x225.jpg 300w, https:\/\/www.allersretoursasso.fr\/wp-content\/uploads\/2024\/01\/Denisa-URS-\u00a9Raphael-RUEB-1-1-768x577.jpg 768w, https:\/\/www.allersretoursasso.fr\/wp-content\/uploads\/2024\/01\/Denisa-URS-\u00a9Raphael-RUEB-1-1-1536x1153.jpg 1536w, https:\/\/www.allersretoursasso.fr\/wp-content\/uploads\/2024\/01\/Denisa-URS-\u00a9Raphael-RUEB-1-1-2048x1537.jpg 2048w, https:\/\/www.allersretoursasso.fr\/wp-content\/uploads\/2024\/01\/Denisa-URS-\u00a9Raphael-RUEB-1-1-16x12.jpg 16w, https:\/\/www.allersretoursasso.fr\/wp-content\/uploads\/2024\/01\/Denisa-URS-\u00a9Raphael-RUEB-1-1-350x263.jpg 350w\" sizes=\"(max-width: 767px) 89vw, (max-width: 1000px) 54vw, (max-width: 1071px) 543px, 580px\" \/><\/figure>\n\n\n\n<figure class=\"wp-block-image size-large\"><img loading=\"lazy\" decoding=\"async\" width=\"1024\" height=\"769\" data-id=\"4325\" src=\"https:\/\/www.allersretoursasso.fr\/wp-content\/uploads\/2024\/01\/Kelsy-MURRU\u00a9Xing-XIAO-_-Xiyue-HU--1024x769.jpg\" alt=\"\" class=\"wp-image-4325\" srcset=\"https:\/\/www.allersretoursasso.fr\/wp-content\/uploads\/2024\/01\/Kelsy-MURRU\u00a9Xing-XIAO-_-Xiyue-HU--1024x769.jpg 1024w, https:\/\/www.allersretoursasso.fr\/wp-content\/uploads\/2024\/01\/Kelsy-MURRU\u00a9Xing-XIAO-_-Xiyue-HU--300x225.jpg 300w, https:\/\/www.allersretoursasso.fr\/wp-content\/uploads\/2024\/01\/Kelsy-MURRU\u00a9Xing-XIAO-_-Xiyue-HU--768x577.jpg 768w, https:\/\/www.allersretoursasso.fr\/wp-content\/uploads\/2024\/01\/Kelsy-MURRU\u00a9Xing-XIAO-_-Xiyue-HU--1536x1153.jpg 1536w, https:\/\/www.allersretoursasso.fr\/wp-content\/uploads\/2024\/01\/Kelsy-MURRU\u00a9Xing-XIAO-_-Xiyue-HU--2048x1537.jpg 2048w, https:\/\/www.allersretoursasso.fr\/wp-content\/uploads\/2024\/01\/Kelsy-MURRU\u00a9Xing-XIAO-_-Xiyue-HU--16x12.jpg 16w, https:\/\/www.allersretoursasso.fr\/wp-content\/uploads\/2024\/01\/Kelsy-MURRU\u00a9Xing-XIAO-_-Xiyue-HU--350x263.jpg 350w\" sizes=\"(max-width: 767px) 89vw, (max-width: 1000px) 54vw, (max-width: 1071px) 543px, 580px\" \/><\/figure>\n\n\n\n<figure class=\"wp-block-image size-large\"><img loading=\"lazy\" decoding=\"async\" width=\"1024\" height=\"769\" data-id=\"4322\" src=\"https:\/\/www.allersretoursasso.fr\/wp-content\/uploads\/2024\/01\/Denisa-URS-\u00a9Raphael-RUEB-1-2-1024x769.jpg\" alt=\"\" class=\"wp-image-4322\" srcset=\"https:\/\/www.allersretoursasso.fr\/wp-content\/uploads\/2024\/01\/Denisa-URS-\u00a9Raphael-RUEB-1-2-1024x769.jpg 1024w, https:\/\/www.allersretoursasso.fr\/wp-content\/uploads\/2024\/01\/Denisa-URS-\u00a9Raphael-RUEB-1-2-300x225.jpg 300w, https:\/\/www.allersretoursasso.fr\/wp-content\/uploads\/2024\/01\/Denisa-URS-\u00a9Raphael-RUEB-1-2-768x577.jpg 768w, https:\/\/www.allersretoursasso.fr\/wp-content\/uploads\/2024\/01\/Denisa-URS-\u00a9Raphael-RUEB-1-2-1536x1153.jpg 1536w, https:\/\/www.allersretoursasso.fr\/wp-content\/uploads\/2024\/01\/Denisa-URS-\u00a9Raphael-RUEB-1-2-2048x1537.jpg 2048w, https:\/\/www.allersretoursasso.fr\/wp-content\/uploads\/2024\/01\/Denisa-URS-\u00a9Raphael-RUEB-1-2-16x12.jpg 16w, https:\/\/www.allersretoursasso.fr\/wp-content\/uploads\/2024\/01\/Denisa-URS-\u00a9Raphael-RUEB-1-2-350x263.jpg 350w\" sizes=\"(max-width: 767px) 89vw, (max-width: 1000px) 54vw, (max-width: 1071px) 543px, 580px\" \/><\/figure>\n\n\n\n<figure class=\"wp-block-image size-large\"><img loading=\"lazy\" decoding=\"async\" width=\"1024\" height=\"769\" data-id=\"4323\" src=\"https:\/\/www.allersretoursasso.fr\/wp-content\/uploads\/2024\/01\/Kelsy-MURRU-\u00a9Raphael-RUEB--1024x769.jpg\" alt=\"\" class=\"wp-image-4323\" srcset=\"https:\/\/www.allersretoursasso.fr\/wp-content\/uploads\/2024\/01\/Kelsy-MURRU-\u00a9Raphael-RUEB--1024x769.jpg 1024w, https:\/\/www.allersretoursasso.fr\/wp-content\/uploads\/2024\/01\/Kelsy-MURRU-\u00a9Raphael-RUEB--300x225.jpg 300w, https:\/\/www.allersretoursasso.fr\/wp-content\/uploads\/2024\/01\/Kelsy-MURRU-\u00a9Raphael-RUEB--768x577.jpg 768w, https:\/\/www.allersretoursasso.fr\/wp-content\/uploads\/2024\/01\/Kelsy-MURRU-\u00a9Raphael-RUEB--1536x1153.jpg 1536w, https:\/\/www.allersretoursasso.fr\/wp-content\/uploads\/2024\/01\/Kelsy-MURRU-\u00a9Raphael-RUEB--2048x1537.jpg 2048w, https:\/\/www.allersretoursasso.fr\/wp-content\/uploads\/2024\/01\/Kelsy-MURRU-\u00a9Raphael-RUEB--16x12.jpg 16w, https:\/\/www.allersretoursasso.fr\/wp-content\/uploads\/2024\/01\/Kelsy-MURRU-\u00a9Raphael-RUEB--350x263.jpg 350w\" sizes=\"(max-width: 767px) 89vw, (max-width: 1000px) 54vw, (max-width: 1071px) 543px, 580px\" \/><\/figure>\n<\/figure>\n\n\n\n<div class=\"wp-block-columns is-layout-flex wp-container-core-columns-layout-1 wp-block-columns-is-layout-flex\">\n<div class=\"wp-block-column is-layout-flow wp-block-column-is-layout-flow\" style=\"flex-basis:100%\"><\/div>\n<\/div>\n\n\n\n<figure class=\"wp-block-embed is-type-video is-provider-youtube wp-block-embed-youtube wp-embed-aspect-16-9 wp-has-aspect-ratio\"><div class=\"wp-block-embed__wrapper\">\n<iframe loading=\"lazy\" title=\"De songes au songe d un autre miroir\" width=\"525\" height=\"295\" src=\"https:\/\/www.youtube.com\/embed\/g7xWjBaq_3E?feature=oembed\" frameborder=\"0\" allow=\"accelerometer; autoplay; clipboard-write; encrypted-media; gyroscope; picture-in-picture; web-share\" allowfullscreen><\/iframe>\n<\/div><\/figure>\n\n\n\n<p><\/p>\n\n\n\n<div class=\"wp-block-columns is-layout-flex wp-container-core-columns-layout-2 wp-block-columns-is-layout-flex\">\n<div class=\"wp-block-column is-layout-flow wp-block-column-is-layout-flow\"><\/div>\n<\/div>\n\n\n\n<hr class=\"wp-block-separator has-alpha-channel-opacity\"\/>\n\n\n\n<div class=\"wp-block-columns is-layout-flex wp-container-core-columns-layout-3 wp-block-columns-is-layout-flex\">\n<div class=\"wp-block-column is-layout-flow wp-block-column-is-layout-flow\"><\/div>\n<\/div>\n\n\n\n<div class=\"wp-block-columns is-layout-flex wp-container-core-columns-layout-4 wp-block-columns-is-layout-flex\">\n<div class=\"wp-block-column is-layout-flow wp-block-column-is-layout-flow\" style=\"flex-basis:33.33%\">\n<figure class=\"wp-block-image size-large\"><img loading=\"lazy\" decoding=\"async\" width=\"819\" height=\"1024\" src=\"https:\/\/www.allersretoursasso.fr\/wp-content\/uploads\/2024\/01\/Photo-Director-Zhu-Yunyi-819x1024.jpg\" alt=\"\" class=\"wp-image-4324\" srcset=\"https:\/\/www.allersretoursasso.fr\/wp-content\/uploads\/2024\/01\/Photo-Director-Zhu-Yunyi-819x1024.jpg 819w, https:\/\/www.allersretoursasso.fr\/wp-content\/uploads\/2024\/01\/Photo-Director-Zhu-Yunyi-240x300.jpg 240w, https:\/\/www.allersretoursasso.fr\/wp-content\/uploads\/2024\/01\/Photo-Director-Zhu-Yunyi-768x960.jpg 768w, https:\/\/www.allersretoursasso.fr\/wp-content\/uploads\/2024\/01\/Photo-Director-Zhu-Yunyi-1229x1536.jpg 1229w, https:\/\/www.allersretoursasso.fr\/wp-content\/uploads\/2024\/01\/Photo-Director-Zhu-Yunyi-1638x2048.jpg 1638w, https:\/\/www.allersretoursasso.fr\/wp-content\/uploads\/2024\/01\/Photo-Director-Zhu-Yunyi-10x12.jpg 10w, https:\/\/www.allersretoursasso.fr\/wp-content\/uploads\/2024\/01\/Photo-Director-Zhu-Yunyi-350x437.jpg 350w, https:\/\/www.allersretoursasso.fr\/wp-content\/uploads\/2024\/01\/Photo-Director-Zhu-Yunyi-scaled.jpg 2048w\" sizes=\"(max-width: 767px) 89vw, (max-width: 1000px) 54vw, (max-width: 1071px) 543px, 580px\" \/><\/figure>\n<\/div>\n\n\n\n<div class=\"wp-block-column is-layout-flow wp-block-column-is-layout-flow\" style=\"flex-basis:66.66%\">\n<p><strong><strong>\u00c0 propos de<\/strong> ZHU Yunyi<\/strong><\/p>\n\n\n\n<p class=\"has-small-font-size\"><\/p>\n<\/div>\n<\/div>\n\n\n\n<p class=\"has-small-font-size\"><\/p>\n\n\n\n<p class=\"has-small-font-size\">ZHU Yunyi est un artiste chinois qui se concentre sur les questions li\u00e9es \u00e0 la m\u00e9moire et \u00e0 la perception. Il est dipl\u00f4m\u00e9 de la Tsinghua University Academy of Fine Arts en sculpture et de l\u2019\u00e9cole Le Fresnoy &#8211; Studio national des arts contemporains. Il travaille \u00e0 partir de ses exp\u00e9riences avec nos sens les moins mis en avant, et sur le rapport \u00e0 la m\u00e9moire, pour cr\u00e9er de nouvelles formes d\u2019expression.<\/p>\n\n\n\n<p class=\"has-small-font-size\"><\/p>\n\n\n\n<p class=\"has-small-font-size\"><\/p>\n\n\n\n<hr class=\"wp-block-separator has-alpha-channel-opacity is-style-wide\"\/>\n\n\n\n<div class=\"wp-block-columns is-layout-flex wp-container-core-columns-layout-5 wp-block-columns-is-layout-flex\">\n<div class=\"wp-block-column is-layout-flow wp-block-column-is-layout-flow\"><\/div>\n<\/div>\n\n\n\n<div class=\"wp-block-columns is-layout-flex wp-container-core-columns-layout-6 wp-block-columns-is-layout-flex\">\n<div class=\"wp-block-column is-layout-flow wp-block-column-is-layout-flow\" style=\"flex-basis:50%\">\n<div class=\"wp-block-buttons is-content-justification-center is-layout-flex wp-container-core-buttons-layout-1 wp-block-buttons-is-layout-flex\">\n<div class=\"wp-block-button has-custom-width wp-block-button__width-75 has-custom-font-size is-style-outline\" style=\"font-size:16px\"><a class=\"wp-block-button__link has-black-color has-white-background-color has-text-color has-background wp-element-button\" href=\"https:\/\/www.billetweb.fr\/far2024\" target=\"_blank\" rel=\"noreferrer noopener\">R\u00e9servez vos billets (Paris)<br>\u7ebf\u4e0a\u8d2d\u7968\uff08\u5df4\u9ece\uff09<\/a><\/div>\n<\/div>\n<\/div>\n\n\n\n<div class=\"wp-block-column is-layout-flow wp-block-column-is-layout-flow\" style=\"flex-basis:50%\">\n<div class=\"wp-block-buttons is-layout-flex wp-block-buttons-is-layout-flex\">\n<div class=\"wp-block-button has-custom-width wp-block-button__width-75 has-custom-font-size is-style-outline\" style=\"font-size:16px\"><a class=\"wp-block-button__link wp-element-button\" href=\"https:\/\/www.billetweb.fr\/far2024-lyon\" target=\"_blank\" rel=\"noreferrer noopener\">R\u00e9servez vos billets (Lyon)<br>\u7ebf\u4e0a\u8d2d\u7968\uff08\u91cc\u6602\uff09<\/a><\/div>\n<\/div>\n<\/div>\n<\/div>\n\n\n\n<p><\/p>\n\n\n\n<div class=\"wp-block-columns is-layout-flex wp-container-core-columns-layout-7 wp-block-columns-is-layout-flex\">\n<div class=\"wp-block-column is-layout-flow wp-block-column-is-layout-flow\">\n<p class=\"has-text-align-center\"><strong>Mercredi 07 f\u00e9vrier \u00e0 18h30 au<\/strong><br><strong><strong>Studio des Ursulines\u5f71\u9662<\/strong><\/strong><br>10 Rue des Ursulines, 75005 Paris<\/p>\n\n\n\n<p class=\"has-text-align-center\"><strong>Samedi 10 f\u00e9vrier \u00e0 16h00 au Path\u00e9 Les Fauvettes<\/strong><br>58 Av. des Gobelins, 75013 Paris<\/p>\n<\/div>\n\n\n\n<div class=\"wp-block-column is-layout-flow wp-block-column-is-layout-flow\">\n<p class=\"has-text-align-center\"><strong>Mercredi 14 f\u00e9vrier \u00e0 <strong>16h00<\/strong> \u548c <strong>Samedi 17 f\u00e9vrier \u00e0 <strong>16h30<\/strong><\/strong> \u4e8e<\/strong><br><strong><strong><strong>Cin\u00e9ma Lumi\u00e8re Fourmi<\/strong><\/strong><\/strong><br>68 Rue Pierre Corneille, 69003 Lyon<\/p>\n<\/div>\n<\/div>\n\n\n\n<div class=\"wp-block-cover is-light\" style=\"min-height:349px\"><span aria-hidden=\"true\" class=\"wp-block-cover__background has-white-background-color has-background-dim\"><\/span><div class=\"wp-block-cover__inner-container is-layout-flow wp-block-cover-is-layout-flow\">\n<div class=\"wp-block-group is-layout-flow wp-block-group-is-layout-flow\"><div class=\"wp-block-group__inner-container\">\n<figure class=\"wp-block-image size-large\"><a href=\"https:\/\/www.allersretoursasso.fr\/zh\/annee-festival-2024\/\"><img loading=\"lazy\" decoding=\"async\" width=\"1024\" height=\"342\" src=\"https:\/\/www.allersretoursasso.fr\/wp-content\/uploads\/2024\/01\/Twitter-banner-1024x342.png\" alt=\"\" class=\"wp-image-4327\" srcset=\"https:\/\/www.allersretoursasso.fr\/wp-content\/uploads\/2024\/01\/Twitter-banner-1024x342.png 1024w, https:\/\/www.allersretoursasso.fr\/wp-content\/uploads\/2024\/01\/Twitter-banner-300x100.png 300w, https:\/\/www.allersretoursasso.fr\/wp-content\/uploads\/2024\/01\/Twitter-banner-768x257.png 768w, https:\/\/www.allersretoursasso.fr\/wp-content\/uploads\/2024\/01\/Twitter-banner-18x6.png 18w, https:\/\/www.allersretoursasso.fr\/wp-content\/uploads\/2024\/01\/Twitter-banner-350x117.png 350w, https:\/\/www.allersretoursasso.fr\/wp-content\/uploads\/2024\/01\/Twitter-banner.png 1500w\" sizes=\"(max-width: 767px) 89vw, (max-width: 1000px) 54vw, (max-width: 1071px) 543px, 580px\" \/><\/a><\/figure>\n<\/div><\/div>\n<\/div><\/div>\n\n\n\n<div class=\"wp-block-group is-layout-flow wp-block-group-is-layout-flow\"><div class=\"wp-block-group__inner-container\">\n<p class=\"has-text-align-center\" style=\"font-size:15px\"><\/p>\n<\/div><\/div>\n\n\n\n<p class=\"has-text-align-center has-white-color has-text-color\" style=\"font-size:15px\"> 19h45 aux Ursuline<\/p>\n\n\n\n<p class=\"has-text-align-center has-white-color has-text-color\" style=\"font-size:15px\">06 octobre \u00e0 19h45 aux Ursulines<\/p>","protected":false},"excerpt":{"rendered":"<p>2022 \/ 16\u2019 \/ Fran\u00e7ais \/ VO \/ Documentaire Nous ne percevrions pas le monde sans images ni reflets. Les non-voyants se cr\u00e9ent des images \u00e0 leur mani\u00e8re, au travers de leur exp\u00e9rience des sons et des textures. \u00c0 leur fa\u00e7on, ils vivent de l\u2019autre c\u00f4t\u00e9 du miroir. Par l\u2019exp\u00e9rimentation, le r\u00e9alisateur essaye de nous &hellip; <\/p>\n<p class=\"link-more\"><a href=\"https:\/\/www.allersretoursasso.fr\/zh\/festival2024-de-songes-au-songe-dun-autre-miroir\/\" class=\"more-link\">\u7ee7\u7eed\u9605\u8bfb<span class=\"screen-reader-text\">\u201cFestival Allers-Retours 2024  &#8211; De songes au songe d&#8217;un autre miroir\u201d<\/span><\/a><\/p>","protected":false},"author":15,"featured_media":0,"parent":0,"menu_order":0,"comment_status":"closed","ping_status":"closed","template":"","meta":{"footnotes":""},"_links":{"self":[{"href":"https:\/\/www.allersretoursasso.fr\/zh\/wp-json\/wp\/v2\/pages\/4315"}],"collection":[{"href":"https:\/\/www.allersretoursasso.fr\/zh\/wp-json\/wp\/v2\/pages"}],"about":[{"href":"https:\/\/www.allersretoursasso.fr\/zh\/wp-json\/wp\/v2\/types\/page"}],"author":[{"embeddable":true,"href":"https:\/\/www.allersretoursasso.fr\/zh\/wp-json\/wp\/v2\/users\/15"}],"replies":[{"embeddable":true,"href":"https:\/\/www.allersretoursasso.fr\/zh\/wp-json\/wp\/v2\/comments?post=4315"}],"version-history":[{"count":9,"href":"https:\/\/www.allersretoursasso.fr\/zh\/wp-json\/wp\/v2\/pages\/4315\/revisions"}],"predecessor-version":[{"id":4694,"href":"https:\/\/www.allersretoursasso.fr\/zh\/wp-json\/wp\/v2\/pages\/4315\/revisions\/4694"}],"wp:attachment":[{"href":"https:\/\/www.allersretoursasso.fr\/zh\/wp-json\/wp\/v2\/media?parent=4315"}],"curies":[{"name":"wp","href":"https:\/\/api.w.org\/{rel}","templated":true}]}}