{"id":4341,"date":"2024-01-10T22:21:49","date_gmt":"2024-01-10T21:21:49","guid":{"rendered":"https:\/\/www.allersretoursasso.fr\/?page_id=4341"},"modified":"2024-06-01T23:38:35","modified_gmt":"2024-06-01T21:38:35","slug":"festival2024-an-asian-ghost-story","status":"publish","type":"page","link":"https:\/\/www.allersretoursasso.fr\/zh\/festival2024-an-asian-ghost-story\/","title":{"rendered":"Festival Allers-Retours 2024  &#8211; An Asian Ghost Story"},"content":{"rendered":"<div id=\"fb-root\"><\/div>\n\n<div class=\"wp-block-media-text alignwide is-stacked-on-mobile\" style=\"grid-template-columns:41% auto\"><figure class=\"wp-block-media-text__media\"><img loading=\"lazy\" decoding=\"async\" width=\"503\" height=\"1024\" src=\"https:\/\/www.allersretoursasso.fr\/wp-content\/uploads\/2024\/01\/CM4-An-Asian-Ghost-Story_-Poster-503x1024.jpg\" alt=\"\" class=\"wp-image-4308 size-full\" srcset=\"https:\/\/www.allersretoursasso.fr\/wp-content\/uploads\/2024\/01\/CM4-An-Asian-Ghost-Story_-Poster-503x1024.jpg 503w, https:\/\/www.allersretoursasso.fr\/wp-content\/uploads\/2024\/01\/CM4-An-Asian-Ghost-Story_-Poster-147x300.jpg 147w, https:\/\/www.allersretoursasso.fr\/wp-content\/uploads\/2024\/01\/CM4-An-Asian-Ghost-Story_-Poster-768x1563.jpg 768w, https:\/\/www.allersretoursasso.fr\/wp-content\/uploads\/2024\/01\/CM4-An-Asian-Ghost-Story_-Poster-755x1536.jpg 755w, https:\/\/www.allersretoursasso.fr\/wp-content\/uploads\/2024\/01\/CM4-An-Asian-Ghost-Story_-Poster-6x12.jpg 6w, https:\/\/www.allersretoursasso.fr\/wp-content\/uploads\/2024\/01\/CM4-An-Asian-Ghost-Story_-Poster-350x712.jpg 350w, https:\/\/www.allersretoursasso.fr\/wp-content\/uploads\/2024\/01\/CM4-An-Asian-Ghost-Story_-Poster.jpg 1000w\" sizes=\"(max-width: 503px) 100vw, 503px\" \/><\/figure><div class=\"wp-block-media-text__content\">\n<div class=\"wp-block-group is-layout-flow wp-block-group-is-layout-flow\"><div class=\"wp-block-group__inner-container\">\n<div class=\"wp-block-group is-vertical is-layout-flex wp-container-core-group-layout-4 wp-block-group-is-layout-flex\">\n<div class=\"wp-block-group is-layout-flow wp-block-group-is-layout-flow\"><div class=\"wp-block-group__inner-container\">\n<div class=\"wp-block-group is-layout-flow wp-block-group-is-layout-flow\"><div class=\"wp-block-group__inner-container\">\n<div class=\"wp-block-group is-layout-flow wp-block-group-is-layout-flow\"><div class=\"wp-block-group__inner-container\">\n<p><\/p>\n\n\n\n<p style=\"font-size:30px;font-style:normal;font-weight:500\"><em><strong>An<\/strong><\/em><strong><em> Asian Ghost Story<\/em><\/strong><\/p>\n\n\n\n<p style=\"font-size:30px;font-style:normal;font-weight:500\">\u4e5d\u9f99\u4e1c\u5f80\u4e8b<\/p>\n\n\n\n<p class=\"has-medium-font-size\">WANG Bo<\/p>\n\n\n\n<p class=\"has-medium-font-size\">\u738b\u535a<\/p>\n\n\n\n<p class=\"has-small-font-size\"><a href=\"https:\/\/www.allersretoursasso.fr\/zh\/annee-festival-2024\/\" target=\"_blank\" rel=\"noreferrer noopener\">\u00c9dition 2024<\/a><\/p>\n\n\n\n<p style=\"font-size:10px\"><\/p>\n<\/div><\/div>\n\n\n\n<p class=\"has-text-align-center\"><\/p>\n\n\n\n<p class=\"has-text-align-left\" style=\"font-size:15px\"><\/p>\n<\/div><\/div>\n<\/div><\/div>\n<\/div>\n<\/div><\/div>\n<\/div><\/div>\n\n\n\n<h2 class=\"wp-block-heading\"><\/h2>\n\n\n\n<p class=\"has-text-align-center has-small-font-size\"><em>2023 \/ 37\u2019 \/ Anglais, Cantonais \/ VOSTF \/ Fiction, documentaire, exp\u00e9rimental<\/em><\/p>\n\n\n\n<p class=\"has-text-align-left\" style=\"font-size:16px;line-height:1.5\">En 1965, les \u00c9tats-Unis imposent un embargo sur le commerce de cheveux, appel\u00e9 le \u201cCommunist Hair Ban\u201d. Le film traite des fant\u00f4mes de la modernisation de l&#8217;Asie au XXe si\u00e8cle, par la m\u00e9taphore de perruques hant\u00e9es, et r\u00e9fl\u00e9chit ainsi sur le r\u00f4le de Hong Kong comme passerelle entre l&#8217;imp\u00e9rialisme occidental et le monde chinois.<\/p>\n\n\n\n<figure class=\"wp-block-gallery has-nested-images columns-default is-cropped wp-block-gallery-1 is-layout-flex wp-block-gallery-is-layout-flex\">\n<figure class=\"wp-block-image size-large\"><img loading=\"lazy\" decoding=\"async\" width=\"1024\" height=\"747\" data-id=\"4339\" src=\"https:\/\/www.allersretoursasso.fr\/wp-content\/uploads\/2024\/01\/An-Asian-Ghost-Story_-Image-8-1024x747.jpg\" alt=\"\" class=\"wp-image-4339\" srcset=\"https:\/\/www.allersretoursasso.fr\/wp-content\/uploads\/2024\/01\/An-Asian-Ghost-Story_-Image-8-1024x747.jpg 1024w, https:\/\/www.allersretoursasso.fr\/wp-content\/uploads\/2024\/01\/An-Asian-Ghost-Story_-Image-8-300x219.jpg 300w, https:\/\/www.allersretoursasso.fr\/wp-content\/uploads\/2024\/01\/An-Asian-Ghost-Story_-Image-8-768x560.jpg 768w, https:\/\/www.allersretoursasso.fr\/wp-content\/uploads\/2024\/01\/An-Asian-Ghost-Story_-Image-8-16x12.jpg 16w, https:\/\/www.allersretoursasso.fr\/wp-content\/uploads\/2024\/01\/An-Asian-Ghost-Story_-Image-8-350x255.jpg 350w, https:\/\/www.allersretoursasso.fr\/wp-content\/uploads\/2024\/01\/An-Asian-Ghost-Story_-Image-8.jpg 1480w\" sizes=\"(max-width: 767px) 89vw, (max-width: 1000px) 54vw, (max-width: 1071px) 543px, 580px\" \/><\/figure>\n\n\n\n<figure class=\"wp-block-image size-large\"><img loading=\"lazy\" decoding=\"async\" width=\"1024\" height=\"747\" data-id=\"4342\" src=\"https:\/\/www.allersretoursasso.fr\/wp-content\/uploads\/2024\/01\/An-Asian-Ghost-Story_-Image-5-1024x747.jpg\" alt=\"\" class=\"wp-image-4342\" srcset=\"https:\/\/www.allersretoursasso.fr\/wp-content\/uploads\/2024\/01\/An-Asian-Ghost-Story_-Image-5-1024x747.jpg 1024w, https:\/\/www.allersretoursasso.fr\/wp-content\/uploads\/2024\/01\/An-Asian-Ghost-Story_-Image-5-300x219.jpg 300w, https:\/\/www.allersretoursasso.fr\/wp-content\/uploads\/2024\/01\/An-Asian-Ghost-Story_-Image-5-768x560.jpg 768w, https:\/\/www.allersretoursasso.fr\/wp-content\/uploads\/2024\/01\/An-Asian-Ghost-Story_-Image-5-16x12.jpg 16w, https:\/\/www.allersretoursasso.fr\/wp-content\/uploads\/2024\/01\/An-Asian-Ghost-Story_-Image-5-350x255.jpg 350w, https:\/\/www.allersretoursasso.fr\/wp-content\/uploads\/2024\/01\/An-Asian-Ghost-Story_-Image-5.jpg 1480w\" sizes=\"(max-width: 767px) 89vw, (max-width: 1000px) 54vw, (max-width: 1071px) 543px, 580px\" \/><\/figure>\n\n\n\n<figure class=\"wp-block-image size-large\"><img loading=\"lazy\" decoding=\"async\" width=\"1024\" height=\"747\" data-id=\"4343\" src=\"https:\/\/www.allersretoursasso.fr\/wp-content\/uploads\/2024\/01\/An-Asian-Ghost-Story_-Image-3--1024x747.jpg\" alt=\"\" class=\"wp-image-4343\" srcset=\"https:\/\/www.allersretoursasso.fr\/wp-content\/uploads\/2024\/01\/An-Asian-Ghost-Story_-Image-3--1024x747.jpg 1024w, https:\/\/www.allersretoursasso.fr\/wp-content\/uploads\/2024\/01\/An-Asian-Ghost-Story_-Image-3--300x219.jpg 300w, https:\/\/www.allersretoursasso.fr\/wp-content\/uploads\/2024\/01\/An-Asian-Ghost-Story_-Image-3--768x560.jpg 768w, https:\/\/www.allersretoursasso.fr\/wp-content\/uploads\/2024\/01\/An-Asian-Ghost-Story_-Image-3--16x12.jpg 16w, https:\/\/www.allersretoursasso.fr\/wp-content\/uploads\/2024\/01\/An-Asian-Ghost-Story_-Image-3--350x255.jpg 350w, https:\/\/www.allersretoursasso.fr\/wp-content\/uploads\/2024\/01\/An-Asian-Ghost-Story_-Image-3-.jpg 1480w\" sizes=\"(max-width: 767px) 89vw, (max-width: 1000px) 54vw, (max-width: 1071px) 543px, 580px\" \/><\/figure>\n\n\n\n<figure class=\"wp-block-image size-large\"><img loading=\"lazy\" decoding=\"async\" width=\"1024\" height=\"747\" data-id=\"4344\" src=\"https:\/\/www.allersretoursasso.fr\/wp-content\/uploads\/2024\/01\/An-Asian-Ghost-Story_-Image-1-1024x747.jpg\" alt=\"\" class=\"wp-image-4344\" srcset=\"https:\/\/www.allersretoursasso.fr\/wp-content\/uploads\/2024\/01\/An-Asian-Ghost-Story_-Image-1-1024x747.jpg 1024w, https:\/\/www.allersretoursasso.fr\/wp-content\/uploads\/2024\/01\/An-Asian-Ghost-Story_-Image-1-300x219.jpg 300w, https:\/\/www.allersretoursasso.fr\/wp-content\/uploads\/2024\/01\/An-Asian-Ghost-Story_-Image-1-768x560.jpg 768w, https:\/\/www.allersretoursasso.fr\/wp-content\/uploads\/2024\/01\/An-Asian-Ghost-Story_-Image-1-16x12.jpg 16w, https:\/\/www.allersretoursasso.fr\/wp-content\/uploads\/2024\/01\/An-Asian-Ghost-Story_-Image-1-350x255.jpg 350w, https:\/\/www.allersretoursasso.fr\/wp-content\/uploads\/2024\/01\/An-Asian-Ghost-Story_-Image-1.jpg 1480w\" sizes=\"(max-width: 767px) 89vw, (max-width: 1000px) 54vw, (max-width: 1071px) 543px, 580px\" \/><\/figure>\n\n\n\n<figure class=\"wp-block-image size-large\"><img loading=\"lazy\" decoding=\"async\" width=\"1024\" height=\"747\" data-id=\"4340\" src=\"https:\/\/www.allersretoursasso.fr\/wp-content\/uploads\/2024\/01\/An-Asian-Ghost-Story_-Image-7-1024x747.jpg\" alt=\"\" class=\"wp-image-4340\" srcset=\"https:\/\/www.allersretoursasso.fr\/wp-content\/uploads\/2024\/01\/An-Asian-Ghost-Story_-Image-7-1024x747.jpg 1024w, https:\/\/www.allersretoursasso.fr\/wp-content\/uploads\/2024\/01\/An-Asian-Ghost-Story_-Image-7-300x219.jpg 300w, https:\/\/www.allersretoursasso.fr\/wp-content\/uploads\/2024\/01\/An-Asian-Ghost-Story_-Image-7-768x560.jpg 768w, https:\/\/www.allersretoursasso.fr\/wp-content\/uploads\/2024\/01\/An-Asian-Ghost-Story_-Image-7-16x12.jpg 16w, https:\/\/www.allersretoursasso.fr\/wp-content\/uploads\/2024\/01\/An-Asian-Ghost-Story_-Image-7-350x255.jpg 350w, https:\/\/www.allersretoursasso.fr\/wp-content\/uploads\/2024\/01\/An-Asian-Ghost-Story_-Image-7.jpg 1480w\" sizes=\"(max-width: 767px) 89vw, (max-width: 1000px) 54vw, (max-width: 1071px) 543px, 580px\" \/><\/figure>\n<\/figure>\n\n\n\n<div class=\"wp-block-columns is-layout-flex wp-container-core-columns-layout-1 wp-block-columns-is-layout-flex\">\n<div class=\"wp-block-column is-layout-flow wp-block-column-is-layout-flow\" style=\"flex-basis:100%\"><\/div>\n<\/div>\n\n\n\n<figure class=\"wp-block-embed is-type-video is-provider-youtube wp-block-embed-youtube wp-embed-aspect-4-3 wp-has-aspect-ratio\"><div class=\"wp-block-embed__wrapper\">\n<iframe loading=\"lazy\" title=\"An Asian Ghost Story\" width=\"525\" height=\"394\" src=\"https:\/\/www.youtube.com\/embed\/1o4mHGWM9ps?feature=oembed\" frameborder=\"0\" allow=\"accelerometer; autoplay; clipboard-write; encrypted-media; gyroscope; picture-in-picture; web-share\" allowfullscreen><\/iframe>\n<\/div><\/figure>\n\n\n\n<p><\/p>\n\n\n\n<div class=\"wp-block-columns is-layout-flex wp-container-core-columns-layout-2 wp-block-columns-is-layout-flex\">\n<div class=\"wp-block-column is-layout-flow wp-block-column-is-layout-flow\"><\/div>\n<\/div>\n\n\n\n<hr class=\"wp-block-separator has-alpha-channel-opacity\"\/>\n\n\n\n<div class=\"wp-block-columns is-layout-flex wp-container-core-columns-layout-3 wp-block-columns-is-layout-flex\">\n<div class=\"wp-block-column is-layout-flow wp-block-column-is-layout-flow\"><\/div>\n<\/div>\n\n\n\n<div class=\"wp-block-columns is-layout-flex wp-container-core-columns-layout-4 wp-block-columns-is-layout-flex\">\n<div class=\"wp-block-column is-layout-flow wp-block-column-is-layout-flow\" style=\"flex-basis:33.33%\">\n<figure class=\"wp-block-image size-full\"><img loading=\"lazy\" decoding=\"async\" width=\"800\" height=\"925\" src=\"https:\/\/www.allersretoursasso.fr\/wp-content\/uploads\/2024\/01\/Bo-WANG-Image.jpeg\" alt=\"\" class=\"wp-image-4338\" srcset=\"https:\/\/www.allersretoursasso.fr\/wp-content\/uploads\/2024\/01\/Bo-WANG-Image.jpeg 800w, https:\/\/www.allersretoursasso.fr\/wp-content\/uploads\/2024\/01\/Bo-WANG-Image-259x300.jpeg 259w, https:\/\/www.allersretoursasso.fr\/wp-content\/uploads\/2024\/01\/Bo-WANG-Image-768x888.jpeg 768w, https:\/\/www.allersretoursasso.fr\/wp-content\/uploads\/2024\/01\/Bo-WANG-Image-10x12.jpeg 10w, https:\/\/www.allersretoursasso.fr\/wp-content\/uploads\/2024\/01\/Bo-WANG-Image-350x405.jpeg 350w\" sizes=\"(max-width: 767px) 89vw, (max-width: 1000px) 54vw, (max-width: 1071px) 543px, 580px\" \/><\/figure>\n<\/div>\n\n\n\n<div class=\"wp-block-column is-layout-flow wp-block-column-is-layout-flow\" style=\"flex-basis:66.66%\">\n<p><strong><strong>\u00c0 propos de<\/strong><\/strong> <strong>WANG Bo<\/strong><\/p>\n\n\n\n<p class=\"has-small-font-size\"><\/p>\n<\/div>\n<\/div>\n\n\n\n<p class=\"has-small-font-size\"><\/p>\n\n\n\n<p class=\"has-small-font-size\">WANG Bo, n\u00e9 en 1982 \u00e0 Chongqing, est un artiste, r\u00e9alisateur et chercheur r\u00e9sidant \u00e0 Amsterdam. Il a pr\u00e9sent\u00e9 ses \u0153uvres \u00e0 travers le monde, au Guggenheim et MoMA de New York, ou au Image Forum Festival \u00e0 Tokyo. Son long m\u00e9trage de 2019, <em>Many Undulating Things<\/em>, pr\u00e9sent\u00e9 comme un po\u00e8me politique sur Hong Kong a connu sa premi\u00e8re mondiale au festival Visions du R\u00e9el.<\/p>\n\n\n\n<p class=\"has-small-font-size\"><\/p>\n\n\n\n<p class=\"has-small-font-size\"><\/p>\n\n\n\n<hr class=\"wp-block-separator has-alpha-channel-opacity is-style-wide\"\/>\n\n\n\n<div class=\"wp-block-columns is-layout-flex wp-container-core-columns-layout-5 wp-block-columns-is-layout-flex\">\n<div class=\"wp-block-column is-layout-flow wp-block-column-is-layout-flow\"><\/div>\n<\/div>\n\n\n\n<div class=\"wp-block-columns is-layout-flex wp-container-core-columns-layout-6 wp-block-columns-is-layout-flex\">\n<div class=\"wp-block-column is-layout-flow wp-block-column-is-layout-flow\" style=\"flex-basis:50%\">\n<div class=\"wp-block-buttons is-content-justification-center is-layout-flex wp-container-core-buttons-layout-1 wp-block-buttons-is-layout-flex\">\n<div class=\"wp-block-button has-custom-width wp-block-button__width-75 has-custom-font-size is-style-outline\" style=\"font-size:16px\"><a class=\"wp-block-button__link has-black-color has-white-background-color has-text-color has-background wp-element-button\" href=\"https:\/\/www.billetweb.fr\/far2024\" target=\"_blank\" rel=\"noreferrer noopener\">R\u00e9servez vos billets (Paris)<br>\u7ebf\u4e0a\u8d2d\u7968\uff08\u5df4\u9ece\uff09<\/a><\/div>\n<\/div>\n<\/div>\n\n\n\n<div class=\"wp-block-column is-layout-flow wp-block-column-is-layout-flow\" style=\"flex-basis:50%\">\n<div class=\"wp-block-buttons is-layout-flex wp-block-buttons-is-layout-flex\">\n<div class=\"wp-block-button has-custom-width wp-block-button__width-75 has-custom-font-size is-style-outline\" style=\"font-size:16px\"><a class=\"wp-block-button__link wp-element-button\" href=\"https:\/\/www.billetweb.fr\/far2024-lyon\" target=\"_blank\" rel=\"noreferrer noopener\">R\u00e9servez vos billets (Lyon)<br>\u7ebf\u4e0a\u8d2d\u7968\uff08\u91cc\u6602\uff09<\/a><\/div>\n<\/div>\n<\/div>\n<\/div>\n\n\n\n<p><\/p>\n\n\n\n<div class=\"wp-block-columns is-layout-flex wp-container-core-columns-layout-7 wp-block-columns-is-layout-flex\">\n<div class=\"wp-block-column is-layout-flow wp-block-column-is-layout-flow\">\n<p class=\"has-text-align-center\"><strong>Mercredi 07 f\u00e9vrier \u00e0 18h30 au<\/strong><br><strong><strong>Studio des Ursulines\u5f71\u9662<\/strong><\/strong><br>10 Rue des Ursulines, 75005 Paris<\/p>\n\n\n\n<p class=\"has-text-align-center\"><strong>Samedi 10 f\u00e9vrier \u00e0 16h00 au Path\u00e9 Les Fauvettes<\/strong><br>58 Av. des Gobelins, 75013 Paris<\/p>\n<\/div>\n\n\n\n<div class=\"wp-block-column is-layout-flow wp-block-column-is-layout-flow\">\n<p class=\"has-text-align-center\"><strong>Mercredi 14 f\u00e9vrier \u00e0 <strong>16h00<\/strong> \u548c <strong>Samedi 17 f\u00e9vrier \u00e0 <strong>16h30<\/strong><\/strong> \u4e8e<\/strong><br><strong><strong><strong>Cin\u00e9ma Lumi\u00e8re Fourmi<\/strong><\/strong><\/strong><br>68 Rue Pierre Corneille, 69003 Lyon<\/p>\n<\/div>\n<\/div>\n\n\n\n<div class=\"wp-block-cover is-light\" style=\"min-height:349px\"><span aria-hidden=\"true\" class=\"wp-block-cover__background has-white-background-color has-background-dim\"><\/span><div class=\"wp-block-cover__inner-container is-layout-flow wp-block-cover-is-layout-flow\">\n<div class=\"wp-block-group is-layout-flow wp-block-group-is-layout-flow\"><div class=\"wp-block-group__inner-container\">\n<figure class=\"wp-block-image size-large\"><img loading=\"lazy\" decoding=\"async\" width=\"1024\" height=\"342\" src=\"https:\/\/www.allersretoursasso.fr\/wp-content\/uploads\/2024\/01\/Twitter-banner-1024x342.png\" alt=\"\" class=\"wp-image-4327\" srcset=\"https:\/\/www.allersretoursasso.fr\/wp-content\/uploads\/2024\/01\/Twitter-banner-1024x342.png 1024w, https:\/\/www.allersretoursasso.fr\/wp-content\/uploads\/2024\/01\/Twitter-banner-300x100.png 300w, https:\/\/www.allersretoursasso.fr\/wp-content\/uploads\/2024\/01\/Twitter-banner-768x257.png 768w, https:\/\/www.allersretoursasso.fr\/wp-content\/uploads\/2024\/01\/Twitter-banner-18x6.png 18w, https:\/\/www.allersretoursasso.fr\/wp-content\/uploads\/2024\/01\/Twitter-banner-350x117.png 350w, https:\/\/www.allersretoursasso.fr\/wp-content\/uploads\/2024\/01\/Twitter-banner.png 1500w\" sizes=\"(max-width: 767px) 89vw, (max-width: 1000px) 54vw, (max-width: 1071px) 543px, 580px\" \/><\/figure>\n<\/div><\/div>\n<\/div><\/div>\n\n\n\n<div class=\"wp-block-group is-layout-flow wp-block-group-is-layout-flow\"><div class=\"wp-block-group__inner-container\">\n<p class=\"has-text-align-center\" style=\"font-size:15px\"><\/p>\n<\/div><\/div>\n\n\n\n<p class=\"has-text-align-center has-white-color has-text-color\" style=\"font-size:15px\"> 19h45 aux Ursuline<\/p>\n\n\n\n<p class=\"has-text-align-center has-white-color has-text-color\" style=\"font-size:15px\">06 octobre \u00e0 19h45 aux Ursulines<\/p>","protected":false},"excerpt":{"rendered":"<p>2023 \/ 37\u2019 \/ Anglais, Cantonais \/ VOSTF \/ Fiction, documentaire, exp\u00e9rimental En 1965, les \u00c9tats-Unis imposent un embargo sur le commerce de cheveux, appel\u00e9 le \u201cCommunist Hair Ban\u201d. Le film traite des fant\u00f4mes de la modernisation de l&#8217;Asie au XXe si\u00e8cle, par la m\u00e9taphore de perruques hant\u00e9es, et r\u00e9fl\u00e9chit ainsi sur le r\u00f4le de &hellip; <\/p>\n<p class=\"link-more\"><a href=\"https:\/\/www.allersretoursasso.fr\/zh\/festival2024-an-asian-ghost-story\/\" class=\"more-link\">\u7ee7\u7eed\u9605\u8bfb<span class=\"screen-reader-text\">\u201cFestival Allers-Retours 2024  &#8211; An Asian Ghost Story\u201d<\/span><\/a><\/p>","protected":false},"author":15,"featured_media":0,"parent":0,"menu_order":0,"comment_status":"closed","ping_status":"closed","template":"","meta":{"footnotes":""},"_links":{"self":[{"href":"https:\/\/www.allersretoursasso.fr\/zh\/wp-json\/wp\/v2\/pages\/4341"}],"collection":[{"href":"https:\/\/www.allersretoursasso.fr\/zh\/wp-json\/wp\/v2\/pages"}],"about":[{"href":"https:\/\/www.allersretoursasso.fr\/zh\/wp-json\/wp\/v2\/types\/page"}],"author":[{"embeddable":true,"href":"https:\/\/www.allersretoursasso.fr\/zh\/wp-json\/wp\/v2\/users\/15"}],"replies":[{"embeddable":true,"href":"https:\/\/www.allersretoursasso.fr\/zh\/wp-json\/wp\/v2\/comments?post=4341"}],"version-history":[{"count":7,"href":"https:\/\/www.allersretoursasso.fr\/zh\/wp-json\/wp\/v2\/pages\/4341\/revisions"}],"predecessor-version":[{"id":4942,"href":"https:\/\/www.allersretoursasso.fr\/zh\/wp-json\/wp\/v2\/pages\/4341\/revisions\/4942"}],"wp:attachment":[{"href":"https:\/\/www.allersretoursasso.fr\/zh\/wp-json\/wp\/v2\/media?parent=4341"}],"curies":[{"name":"wp","href":"https:\/\/api.w.org\/{rel}","templated":true}]}}