{"id":4349,"date":"2024-01-10T22:31:57","date_gmt":"2024-01-10T21:31:57","guid":{"rendered":"https:\/\/www.allersretoursasso.fr\/?page_id=4349"},"modified":"2024-01-16T13:16:16","modified_gmt":"2024-01-16T12:16:16","slug":"festival2024-tunnel-wandering","status":"publish","type":"page","link":"https:\/\/www.allersretoursasso.fr\/zh\/festival2024-tunnel-wandering\/","title":{"rendered":"Festival Allers-Retours 2024 &#8211; Tunnel Wandering"},"content":{"rendered":"<div id=\"fb-root\"><\/div>\n\n<div class=\"wp-block-media-text alignwide is-stacked-on-mobile\" style=\"grid-template-columns:41% auto\"><figure class=\"wp-block-media-text__media\"><img loading=\"lazy\" decoding=\"async\" width=\"712\" height=\"1024\" src=\"https:\/\/www.allersretoursasso.fr\/wp-content\/uploads\/2024\/01\/Poster\uff1aTunnel-Wandering-712x1024.jpg\" alt=\"\" class=\"wp-image-4353 size-full\" srcset=\"https:\/\/www.allersretoursasso.fr\/wp-content\/uploads\/2024\/01\/Poster\uff1aTunnel-Wandering-712x1024.jpg 712w, https:\/\/www.allersretoursasso.fr\/wp-content\/uploads\/2024\/01\/Poster\uff1aTunnel-Wandering-209x300.jpg 209w, https:\/\/www.allersretoursasso.fr\/wp-content\/uploads\/2024\/01\/Poster\uff1aTunnel-Wandering-768x1104.jpg 768w, https:\/\/www.allersretoursasso.fr\/wp-content\/uploads\/2024\/01\/Poster\uff1aTunnel-Wandering-1068x1536.jpg 1068w, https:\/\/www.allersretoursasso.fr\/wp-content\/uploads\/2024\/01\/Poster\uff1aTunnel-Wandering-1424x2048.jpg 1424w, https:\/\/www.allersretoursasso.fr\/wp-content\/uploads\/2024\/01\/Poster\uff1aTunnel-Wandering-8x12.jpg 8w, https:\/\/www.allersretoursasso.fr\/wp-content\/uploads\/2024\/01\/Poster\uff1aTunnel-Wandering-350x503.jpg 350w, https:\/\/www.allersretoursasso.fr\/wp-content\/uploads\/2024\/01\/Poster\uff1aTunnel-Wandering-scaled.jpg 1780w\" sizes=\"(max-width: 712px) 100vw, 712px\" \/><\/figure><div class=\"wp-block-media-text__content\">\n<div class=\"wp-block-group is-layout-flow wp-block-group-is-layout-flow\"><div class=\"wp-block-group__inner-container\">\n<div class=\"wp-block-group is-vertical is-layout-flex wp-container-core-group-layout-4 wp-block-group-is-layout-flex\">\n<div class=\"wp-block-group is-layout-flow wp-block-group-is-layout-flow\"><div class=\"wp-block-group__inner-container\">\n<div class=\"wp-block-group is-layout-flow wp-block-group-is-layout-flow\"><div class=\"wp-block-group__inner-container\">\n<div class=\"wp-block-group is-layout-flow wp-block-group-is-layout-flow\"><div class=\"wp-block-group__inner-container\">\n<p><\/p>\n\n\n\n<p style=\"font-size:30px;font-style:normal;font-weight:500\"><strong><em>Tunnel Wandering<\/em><\/strong><\/p>\n\n\n\n<p style=\"font-size:30px;font-style:normal;font-weight:500\">\u96a7\u9053\u6f2b\u6b65<\/p>\n\n\n\n<p class=\"has-medium-font-size\">LI Zehao<\/p>\n\n\n\n<p class=\"has-medium-font-size\">\u674e\u6cfd\u660a<\/p>\n\n\n\n<p class=\"has-small-font-size\"><a href=\"https:\/\/www.allersretoursasso.fr\/zh\/annee-festival-2024\/\" target=\"_blank\" rel=\"noreferrer noopener\">\u00c9dition 2024<\/a><\/p>\n\n\n\n<p style=\"font-size:10px\"><\/p>\n<\/div><\/div>\n\n\n\n<p class=\"has-text-align-center\"><\/p>\n\n\n\n<p class=\"has-text-align-left\" style=\"font-size:15px\"><\/p>\n<\/div><\/div>\n<\/div><\/div>\n<\/div>\n<\/div><\/div>\n<\/div><\/div>\n\n\n\n<h2 class=\"wp-block-heading\"><\/h2>\n\n\n\n<p class=\"has-text-align-center has-small-font-size\"><em>2023 \/ 11\u2019 \/ Mandarin \/ VOSTF \/ Animation, exp\u00e9rimental<\/em><\/p>\n\n\n\n<p class=\"has-text-align-left\" style=\"font-size:16px;line-height:1.5\">Une jeune fille se tient en face d&#8217;une porte au bout d&#8217;un tunnel. En voulant se saisir du vent, elle n&#8217;attrape que sa propre ombre. \u00c0 base de cyanotypes, le r\u00e9alisateur donne vie \u00e0 la faune du tunnel, dans une atmosph\u00e8re fantastique.<\/p>\n\n\n\n<p><em>Ce court-m\u00e9trage d\u2019animation est un travail \u00e0 base de cyanotypes qui joue sur les monochromes bleut\u00e9s du proc\u00e9d\u00e9 pour donner vie \u00e0 la faune du tunnel, dans une atmosph\u00e8re fantastique.<\/em><\/p>\n\n\n\n<figure class=\"wp-block-gallery has-nested-images columns-default is-cropped wp-block-gallery-1 is-layout-flex wp-block-gallery-is-layout-flex\">\n<figure class=\"wp-block-image size-large\"><img loading=\"lazy\" decoding=\"async\" width=\"1024\" height=\"576\" data-id=\"4348\" src=\"https:\/\/www.allersretoursasso.fr\/wp-content\/uploads\/2024\/01\/Tunnel-Wandering-still-3-1024x576.jpg\" alt=\"\" class=\"wp-image-4348\" srcset=\"https:\/\/www.allersretoursasso.fr\/wp-content\/uploads\/2024\/01\/Tunnel-Wandering-still-3-1024x576.jpg 1024w, https:\/\/www.allersretoursasso.fr\/wp-content\/uploads\/2024\/01\/Tunnel-Wandering-still-3-300x169.jpg 300w, https:\/\/www.allersretoursasso.fr\/wp-content\/uploads\/2024\/01\/Tunnel-Wandering-still-3-768x432.jpg 768w, https:\/\/www.allersretoursasso.fr\/wp-content\/uploads\/2024\/01\/Tunnel-Wandering-still-3-1536x864.jpg 1536w, https:\/\/www.allersretoursasso.fr\/wp-content\/uploads\/2024\/01\/Tunnel-Wandering-still-3-18x10.jpg 18w, https:\/\/www.allersretoursasso.fr\/wp-content\/uploads\/2024\/01\/Tunnel-Wandering-still-3-350x197.jpg 350w, https:\/\/www.allersretoursasso.fr\/wp-content\/uploads\/2024\/01\/Tunnel-Wandering-still-3.jpg 1920w\" sizes=\"(max-width: 767px) 89vw, (max-width: 1000px) 54vw, (max-width: 1071px) 543px, 580px\" \/><\/figure>\n\n\n\n<figure class=\"wp-block-image size-large\"><img loading=\"lazy\" decoding=\"async\" width=\"1024\" height=\"576\" data-id=\"4350\" src=\"https:\/\/www.allersretoursasso.fr\/wp-content\/uploads\/2024\/01\/Tunnel-Wandering-still-1-1024x576.jpg\" alt=\"\" class=\"wp-image-4350\" srcset=\"https:\/\/www.allersretoursasso.fr\/wp-content\/uploads\/2024\/01\/Tunnel-Wandering-still-1-1024x576.jpg 1024w, https:\/\/www.allersretoursasso.fr\/wp-content\/uploads\/2024\/01\/Tunnel-Wandering-still-1-300x169.jpg 300w, https:\/\/www.allersretoursasso.fr\/wp-content\/uploads\/2024\/01\/Tunnel-Wandering-still-1-768x432.jpg 768w, https:\/\/www.allersretoursasso.fr\/wp-content\/uploads\/2024\/01\/Tunnel-Wandering-still-1-1536x864.jpg 1536w, https:\/\/www.allersretoursasso.fr\/wp-content\/uploads\/2024\/01\/Tunnel-Wandering-still-1-18x10.jpg 18w, https:\/\/www.allersretoursasso.fr\/wp-content\/uploads\/2024\/01\/Tunnel-Wandering-still-1-350x197.jpg 350w, https:\/\/www.allersretoursasso.fr\/wp-content\/uploads\/2024\/01\/Tunnel-Wandering-still-1.jpg 1920w\" sizes=\"(max-width: 767px) 89vw, (max-width: 1000px) 54vw, (max-width: 1071px) 543px, 580px\" \/><\/figure>\n<\/figure>\n\n\n\n<div class=\"wp-block-columns is-layout-flex wp-container-core-columns-layout-1 wp-block-columns-is-layout-flex\">\n<div class=\"wp-block-column is-layout-flow wp-block-column-is-layout-flow\" style=\"flex-basis:100%\">\n<figure class=\"wp-block-image size-large\"><img loading=\"lazy\" decoding=\"async\" width=\"1024\" height=\"576\" src=\"https:\/\/www.allersretoursasso.fr\/wp-content\/uploads\/2024\/01\/Tunnel-Wandering-still-2-1024x576.jpg\" alt=\"\" class=\"wp-image-4354\" srcset=\"https:\/\/www.allersretoursasso.fr\/wp-content\/uploads\/2024\/01\/Tunnel-Wandering-still-2-1024x576.jpg 1024w, https:\/\/www.allersretoursasso.fr\/wp-content\/uploads\/2024\/01\/Tunnel-Wandering-still-2-300x169.jpg 300w, https:\/\/www.allersretoursasso.fr\/wp-content\/uploads\/2024\/01\/Tunnel-Wandering-still-2-768x432.jpg 768w, https:\/\/www.allersretoursasso.fr\/wp-content\/uploads\/2024\/01\/Tunnel-Wandering-still-2-18x10.jpg 18w, https:\/\/www.allersretoursasso.fr\/wp-content\/uploads\/2024\/01\/Tunnel-Wandering-still-2-350x197.jpg 350w, https:\/\/www.allersretoursasso.fr\/wp-content\/uploads\/2024\/01\/Tunnel-Wandering-still-2.jpg 1417w\" sizes=\"(max-width: 767px) 89vw, (max-width: 1000px) 54vw, (max-width: 1071px) 543px, 580px\" \/><\/figure>\n<\/div>\n<\/div>\n\n\n\n<figure class=\"wp-block-embed is-type-video is-provider-youtube wp-block-embed-youtube wp-embed-aspect-16-9 wp-has-aspect-ratio\"><div class=\"wp-block-embed__wrapper\">\n<iframe loading=\"lazy\" title=\"Tunnel Wandering\" width=\"525\" height=\"295\" src=\"https:\/\/www.youtube.com\/embed\/EX0uya6xy9Q?feature=oembed\" frameborder=\"0\" allow=\"accelerometer; autoplay; clipboard-write; encrypted-media; gyroscope; picture-in-picture; web-share\" allowfullscreen><\/iframe>\n<\/div><\/figure>\n\n\n\n<p><\/p>\n\n\n\n<div class=\"wp-block-columns is-layout-flex wp-container-core-columns-layout-2 wp-block-columns-is-layout-flex\">\n<div class=\"wp-block-column is-layout-flow wp-block-column-is-layout-flow\"><\/div>\n<\/div>\n\n\n\n<hr class=\"wp-block-separator has-alpha-channel-opacity\"\/>\n\n\n\n<div class=\"wp-block-columns is-layout-flex wp-container-core-columns-layout-3 wp-block-columns-is-layout-flex\">\n<div class=\"wp-block-column is-layout-flow wp-block-column-is-layout-flow\"><\/div>\n<\/div>\n\n\n\n<div class=\"wp-block-columns is-layout-flex wp-container-core-columns-layout-4 wp-block-columns-is-layout-flex\">\n<div class=\"wp-block-column is-layout-flow wp-block-column-is-layout-flow\" style=\"flex-basis:33.33%\">\n<figure class=\"wp-block-image size-full\"><img loading=\"lazy\" decoding=\"async\" width=\"863\" height=\"578\" src=\"https:\/\/www.allersretoursasso.fr\/wp-content\/uploads\/2024\/01\/Photos-of-the-authors-of-the-film.jpg\" alt=\"\" class=\"wp-image-4351\" srcset=\"https:\/\/www.allersretoursasso.fr\/wp-content\/uploads\/2024\/01\/Photos-of-the-authors-of-the-film.jpg 863w, https:\/\/www.allersretoursasso.fr\/wp-content\/uploads\/2024\/01\/Photos-of-the-authors-of-the-film-300x201.jpg 300w, https:\/\/www.allersretoursasso.fr\/wp-content\/uploads\/2024\/01\/Photos-of-the-authors-of-the-film-768x514.jpg 768w, https:\/\/www.allersretoursasso.fr\/wp-content\/uploads\/2024\/01\/Photos-of-the-authors-of-the-film-18x12.jpg 18w, https:\/\/www.allersretoursasso.fr\/wp-content\/uploads\/2024\/01\/Photos-of-the-authors-of-the-film-350x234.jpg 350w, https:\/\/www.allersretoursasso.fr\/wp-content\/uploads\/2024\/01\/Photos-of-the-authors-of-the-film-272x182.jpg 272w\" sizes=\"(max-width: 767px) 89vw, (max-width: 1000px) 54vw, (max-width: 1071px) 543px, 580px\" \/><\/figure>\n<\/div>\n\n\n\n<div class=\"wp-block-column is-layout-flow wp-block-column-is-layout-flow\" style=\"flex-basis:66.66%\">\n<p><strong><strong>\u00c0 propos de<\/strong> LI Zehao<\/strong><\/p>\n\n\n\n<p class=\"has-small-font-size\"><\/p>\n<\/div>\n<\/div>\n\n\n\n<p class=\"has-small-font-size\"><\/p>\n\n\n\n<p class=\"has-small-font-size\">N\u00e9e en 1998 \u00e0 Nanjing, LI Zehao est dipl\u00f4m\u00e9e du d\u00e9partement d&#8217;animation de l&#8217;Acad\u00e9mie chinoise des beaux-arts en 2020. En 2023, elle a re\u00e7u un dipl\u00f4me de Master du d\u00e9partement d&#8217;animation de la <em>Tokyo University of the Arts<\/em>, section <em>Graduate School of Film and New Media<\/em>.&nbsp;<\/p>\n\n\n\n<p class=\"has-small-font-size\"><\/p>\n\n\n\n<p class=\"has-small-font-size\"><\/p>\n\n\n\n<hr class=\"wp-block-separator has-alpha-channel-opacity is-style-wide\"\/>\n\n\n\n<div class=\"wp-block-columns is-layout-flex wp-container-core-columns-layout-5 wp-block-columns-is-layout-flex\">\n<div class=\"wp-block-column is-layout-flow wp-block-column-is-layout-flow\"><\/div>\n<\/div>\n\n\n\n<div class=\"wp-block-columns is-layout-flex wp-container-core-columns-layout-6 wp-block-columns-is-layout-flex\">\n<div class=\"wp-block-column is-layout-flow wp-block-column-is-layout-flow\" style=\"flex-basis:50%\">\n<div class=\"wp-block-buttons is-content-justification-center is-layout-flex wp-container-core-buttons-layout-1 wp-block-buttons-is-layout-flex\">\n<div class=\"wp-block-button has-custom-width wp-block-button__width-75 has-custom-font-size is-style-outline\" style=\"font-size:16px\"><a class=\"wp-block-button__link has-black-color has-white-background-color has-text-color has-background wp-element-button\" href=\"https:\/\/www.billetweb.fr\/far2024\" target=\"_blank\" rel=\"noreferrer noopener\">R\u00e9servez vos billets (Paris)<br>\u7ebf\u4e0a\u8d2d\u7968\uff08\u5df4\u9ece\uff09<\/a><\/div>\n<\/div>\n<\/div>\n\n\n\n<div class=\"wp-block-column is-layout-flow wp-block-column-is-layout-flow\" style=\"flex-basis:50%\">\n<div class=\"wp-block-buttons is-layout-flex wp-block-buttons-is-layout-flex\">\n<div class=\"wp-block-button has-custom-width wp-block-button__width-75 has-custom-font-size is-style-outline\" style=\"font-size:16px\"><a class=\"wp-block-button__link wp-element-button\" href=\"https:\/\/www.billetweb.fr\/far2024-lyon\" target=\"_blank\" rel=\"noreferrer noopener\">R\u00e9servez vos billets (Lyon)<br>\u7ebf\u4e0a\u8d2d\u7968\uff08\u91cc\u6602\uff09<\/a><\/div>\n<\/div>\n<\/div>\n<\/div>\n\n\n\n<p><\/p>\n\n\n\n<div class=\"wp-block-columns is-layout-flex wp-container-core-columns-layout-7 wp-block-columns-is-layout-flex\">\n<div class=\"wp-block-column is-layout-flow wp-block-column-is-layout-flow\">\n<p class=\"has-text-align-center\"><strong>Mercredi 07 f\u00e9vrier \u00e0 18h30 au<\/strong><br><strong><strong>Studio des Ursulines\u5f71\u9662<\/strong><\/strong><br>10 Rue des Ursulines, 75005 Paris<\/p>\n\n\n\n<p class=\"has-text-align-center\"><strong>Samedi 10 f\u00e9vrier \u00e0 16h00 au Path\u00e9 Les Fauvettes<\/strong><br>58 Av. des Gobelins, 75013 Paris<\/p>\n<\/div>\n\n\n\n<div class=\"wp-block-column is-layout-flow wp-block-column-is-layout-flow\">\n<p class=\"has-text-align-center\"><strong>Mercredi 14 f\u00e9vrier \u00e0 <strong>16h00<\/strong> \u548c <strong>Samedi 17 f\u00e9vrier \u00e0 <strong>16h30<\/strong><\/strong> \u4e8e<\/strong><br><strong><strong><strong>Cin\u00e9ma Lumi\u00e8re Fourmi<\/strong><\/strong><\/strong><br>68 Rue Pierre Corneille, 69003 Lyon<\/p>\n<\/div>\n<\/div>\n\n\n\n<div class=\"wp-block-cover is-light\" style=\"min-height:349px\"><span aria-hidden=\"true\" class=\"wp-block-cover__background has-white-background-color has-background-dim\"><\/span><div class=\"wp-block-cover__inner-container is-layout-flow wp-block-cover-is-layout-flow\">\n<div class=\"wp-block-group is-layout-flow wp-block-group-is-layout-flow\"><div class=\"wp-block-group__inner-container\">\n<figure class=\"wp-block-image size-large\"><a href=\"https:\/\/www.allersretoursasso.fr\/zh\/annee-festival-2024\/\"><img loading=\"lazy\" decoding=\"async\" width=\"1024\" height=\"342\" src=\"https:\/\/www.allersretoursasso.fr\/wp-content\/uploads\/2024\/01\/Twitter-banner-1024x342.png\" alt=\"\" class=\"wp-image-4327\" srcset=\"https:\/\/www.allersretoursasso.fr\/wp-content\/uploads\/2024\/01\/Twitter-banner-1024x342.png 1024w, https:\/\/www.allersretoursasso.fr\/wp-content\/uploads\/2024\/01\/Twitter-banner-300x100.png 300w, https:\/\/www.allersretoursasso.fr\/wp-content\/uploads\/2024\/01\/Twitter-banner-768x257.png 768w, https:\/\/www.allersretoursasso.fr\/wp-content\/uploads\/2024\/01\/Twitter-banner-18x6.png 18w, https:\/\/www.allersretoursasso.fr\/wp-content\/uploads\/2024\/01\/Twitter-banner-350x117.png 350w, https:\/\/www.allersretoursasso.fr\/wp-content\/uploads\/2024\/01\/Twitter-banner.png 1500w\" sizes=\"(max-width: 767px) 89vw, (max-width: 1000px) 54vw, (max-width: 1071px) 543px, 580px\" \/><\/a><\/figure>\n<\/div><\/div>\n<\/div><\/div>\n\n\n\n<div class=\"wp-block-group is-layout-flow wp-block-group-is-layout-flow\"><div class=\"wp-block-group__inner-container\">\n<p class=\"has-text-align-center\" style=\"font-size:15px\"><\/p>\n<\/div><\/div>\n\n\n\n<p class=\"has-text-align-center has-white-color has-text-color\" style=\"font-size:15px\"> 19h45 aux Ursuline<\/p>\n\n\n\n<p class=\"has-text-align-center has-white-color has-text-color\" style=\"font-size:15px\">06 octobre \u00e0 19h45 aux Ursulines<\/p>","protected":false},"excerpt":{"rendered":"<p>2023 \/ 11\u2019 \/ Mandarin \/ VOSTF \/ Animation, exp\u00e9rimental Une jeune fille se tient en face d&#8217;une porte au bout d&#8217;un tunnel. En voulant se saisir du vent, elle n&#8217;attrape que sa propre ombre. \u00c0 base de cyanotypes, le r\u00e9alisateur donne vie \u00e0 la faune du tunnel, dans une atmosph\u00e8re fantastique. Ce court-m\u00e9trage d\u2019animation &hellip; <\/p>\n<p class=\"link-more\"><a href=\"https:\/\/www.allersretoursasso.fr\/zh\/festival2024-tunnel-wandering\/\" class=\"more-link\">\u7ee7\u7eed\u9605\u8bfb<span class=\"screen-reader-text\">\u201cFestival Allers-Retours 2024 &#8211; Tunnel Wandering\u201d<\/span><\/a><\/p>","protected":false},"author":15,"featured_media":0,"parent":0,"menu_order":0,"comment_status":"closed","ping_status":"closed","template":"","meta":{"footnotes":""},"_links":{"self":[{"href":"https:\/\/www.allersretoursasso.fr\/zh\/wp-json\/wp\/v2\/pages\/4349"}],"collection":[{"href":"https:\/\/www.allersretoursasso.fr\/zh\/wp-json\/wp\/v2\/pages"}],"about":[{"href":"https:\/\/www.allersretoursasso.fr\/zh\/wp-json\/wp\/v2\/types\/page"}],"author":[{"embeddable":true,"href":"https:\/\/www.allersretoursasso.fr\/zh\/wp-json\/wp\/v2\/users\/15"}],"replies":[{"embeddable":true,"href":"https:\/\/www.allersretoursasso.fr\/zh\/wp-json\/wp\/v2\/comments?post=4349"}],"version-history":[{"count":5,"href":"https:\/\/www.allersretoursasso.fr\/zh\/wp-json\/wp\/v2\/pages\/4349\/revisions"}],"predecessor-version":[{"id":4696,"href":"https:\/\/www.allersretoursasso.fr\/zh\/wp-json\/wp\/v2\/pages\/4349\/revisions\/4696"}],"wp:attachment":[{"href":"https:\/\/www.allersretoursasso.fr\/zh\/wp-json\/wp\/v2\/media?parent=4349"}],"curies":[{"name":"wp","href":"https:\/\/api.w.org\/{rel}","templated":true}]}}