{"id":4383,"date":"2024-01-12T01:08:54","date_gmt":"2024-01-12T00:08:54","guid":{"rendered":"https:\/\/www.allersretoursasso.fr\/?page_id=4383"},"modified":"2024-01-16T13:06:52","modified_gmt":"2024-01-16T12:06:52","slug":"festival2024-green-night","status":"publish","type":"page","link":"https:\/\/www.allersretoursasso.fr\/zh\/festival2024-green-night\/","title":{"rendered":"Festival Allers-Retours 2024  &#8211; Green Night"},"content":{"rendered":"<div id=\"fb-root\"><\/div>\n\n<div class=\"wp-block-media-text alignwide is-stacked-on-mobile\" style=\"grid-template-columns:41% auto\"><figure class=\"wp-block-media-text__media\"><img loading=\"lazy\" decoding=\"async\" width=\"724\" height=\"1024\" src=\"https:\/\/www.allersretoursasso.fr\/wp-content\/uploads\/2024\/01\/01-Green-Night-Poster-1-724x1024.jpg\" alt=\"\" class=\"wp-image-4384 size-full\" srcset=\"https:\/\/www.allersretoursasso.fr\/wp-content\/uploads\/2024\/01\/01-Green-Night-Poster-1-724x1024.jpg 724w, https:\/\/www.allersretoursasso.fr\/wp-content\/uploads\/2024\/01\/01-Green-Night-Poster-1-212x300.jpg 212w, https:\/\/www.allersretoursasso.fr\/wp-content\/uploads\/2024\/01\/01-Green-Night-Poster-1-768x1086.jpg 768w, https:\/\/www.allersretoursasso.fr\/wp-content\/uploads\/2024\/01\/01-Green-Night-Poster-1-8x12.jpg 8w, https:\/\/www.allersretoursasso.fr\/wp-content\/uploads\/2024\/01\/01-Green-Night-Poster-1-350x495.jpg 350w, https:\/\/www.allersretoursasso.fr\/wp-content\/uploads\/2024\/01\/01-Green-Night-Poster-1.jpg 1000w\" sizes=\"(max-width: 724px) 100vw, 724px\" \/><\/figure><div class=\"wp-block-media-text__content\">\n<div class=\"wp-block-group is-layout-flow wp-block-group-is-layout-flow\"><div class=\"wp-block-group__inner-container\">\n<div class=\"wp-block-group is-vertical is-layout-flex wp-container-core-group-layout-4 wp-block-group-is-layout-flex\">\n<div class=\"wp-block-group is-layout-flow wp-block-group-is-layout-flow\"><div class=\"wp-block-group__inner-container\">\n<div class=\"wp-block-group is-layout-flow wp-block-group-is-layout-flow\"><div class=\"wp-block-group__inner-container\">\n<div class=\"wp-block-group is-layout-flow wp-block-group-is-layout-flow\"><div class=\"wp-block-group__inner-container\">\n<p><\/p>\n\n\n\n<p style=\"font-size:30px;font-style:normal;font-weight:500\"><em><span style=\"font-weight: 400\"><strong><strong>Green Night<\/strong><\/strong><\/span><\/em><\/p>\n\n\n\n<p style=\"font-size:30px;font-style:normal;font-weight:500\">\u7eff\u591c<\/p>\n\n\n\n<p class=\"has-medium-font-size\">HAN Shuai<\/p>\n\n\n\n<p class=\"has-medium-font-size\">\u97e9\u5e05<\/p>\n\n\n\n<p class=\"has-small-font-size\"><a href=\"https:\/\/www.allersretoursasso.fr\/zh\/annee-festival-2024\/\" target=\"_blank\" rel=\"noreferrer noopener\">\u00c9dition 2024<\/a><\/p>\n\n\n\n<p style=\"font-size:10px\"><\/p>\n<\/div><\/div>\n\n\n\n<p class=\"has-text-align-center\"><\/p>\n\n\n\n<p class=\"has-text-align-left\" style=\"font-size:15px\"><\/p>\n<\/div><\/div>\n<\/div><\/div>\n<\/div>\n<\/div><\/div>\n<\/div><\/div>\n\n\n\n<h2 class=\"wp-block-heading\"><\/h2>\n\n\n\n<p class=\"has-text-align-center has-small-font-size\"><em>2023 \/ 92\u2019 \/ Cor\u00e9en, Mandarin \/ VOSTF \/ Fiction<\/em><\/p>\n\n\n\n<p class=\"has-text-align-left\" style=\"font-size:16px;line-height:1.5\">Dans le but de fuir son pass\u00e9 difficile, Jin Xia, une femme chinoise, \u00e9pouse un homme cor\u00e9en nomm\u00e9 Lee Seung-hun en \u00e9change d&#8217;un statut l\u00e9gal en Cor\u00e9e du Sud. Un jour, Xia fait la rencontre d&#8217;une myst\u00e9rieuse jeune fille aux cheveux verts et trouve enfin l\u2019opportunit\u00e9 de s\u2019affranchir et de gagner son ind\u00e9pendance.&nbsp;<\/p>\n\n\n\n<p><em><em>Han Shuai explore dans son deuxi\u00e8me long-m\u00e9trage les enjeux de la condition f\u00e9minine. N\u00e9e dans une ville chinoise en face d&#8217;Incheon, la r\u00e9alisatrice offre une perspective personnelle sur les migrations f\u00e9minines vers la Cor\u00e9e du Sud. Son r\u00e9cit examine le d\u00e9sir ardent de libert\u00e9 ainsi que les pressions sociales persistantes.&nbsp;<\/em><\/em><\/p>\n\n\n\n<figure class=\"wp-block-gallery has-nested-images columns-default is-cropped wp-block-gallery-1 is-layout-flex wp-block-gallery-is-layout-flex\">\n<figure class=\"wp-block-image size-large\"><img loading=\"lazy\" decoding=\"async\" width=\"1024\" height=\"700\" data-id=\"4385\" src=\"https:\/\/www.allersretoursasso.fr\/wp-content\/uploads\/2024\/01\/GREEN-NIGHT_01_Fan-Bingbing-Lee-Joo-Young-\u00a9-DEMEI-Holdings-Limited-Hong-Kong-1024x700.jpg\" alt=\"\" class=\"wp-image-4385\" srcset=\"https:\/\/www.allersretoursasso.fr\/wp-content\/uploads\/2024\/01\/GREEN-NIGHT_01_Fan-Bingbing-Lee-Joo-Young-\u00a9-DEMEI-Holdings-Limited-Hong-Kong-1024x700.jpg 1024w, https:\/\/www.allersretoursasso.fr\/wp-content\/uploads\/2024\/01\/GREEN-NIGHT_01_Fan-Bingbing-Lee-Joo-Young-\u00a9-DEMEI-Holdings-Limited-Hong-Kong-300x205.jpg 300w, https:\/\/www.allersretoursasso.fr\/wp-content\/uploads\/2024\/01\/GREEN-NIGHT_01_Fan-Bingbing-Lee-Joo-Young-\u00a9-DEMEI-Holdings-Limited-Hong-Kong-768x525.jpg 768w, https:\/\/www.allersretoursasso.fr\/wp-content\/uploads\/2024\/01\/GREEN-NIGHT_01_Fan-Bingbing-Lee-Joo-Young-\u00a9-DEMEI-Holdings-Limited-Hong-Kong-1536x1050.jpg 1536w, https:\/\/www.allersretoursasso.fr\/wp-content\/uploads\/2024\/01\/GREEN-NIGHT_01_Fan-Bingbing-Lee-Joo-Young-\u00a9-DEMEI-Holdings-Limited-Hong-Kong-2048x1400.jpg 2048w, https:\/\/www.allersretoursasso.fr\/wp-content\/uploads\/2024\/01\/GREEN-NIGHT_01_Fan-Bingbing-Lee-Joo-Young-\u00a9-DEMEI-Holdings-Limited-Hong-Kong-18x12.jpg 18w, https:\/\/www.allersretoursasso.fr\/wp-content\/uploads\/2024\/01\/GREEN-NIGHT_01_Fan-Bingbing-Lee-Joo-Young-\u00a9-DEMEI-Holdings-Limited-Hong-Kong-350x239.jpg 350w\" sizes=\"(max-width: 767px) 89vw, (max-width: 1000px) 54vw, (max-width: 1071px) 543px, 580px\" \/><\/figure>\n\n\n\n<figure class=\"wp-block-image size-large\"><img loading=\"lazy\" decoding=\"async\" width=\"1024\" height=\"683\" data-id=\"4390\" src=\"https:\/\/www.allersretoursasso.fr\/wp-content\/uploads\/2024\/01\/GREEN-NIGHT_07_Lee-Joo-Young-Fan-Bingbing-\u00a9-DEMEI-Holdings-Limited-Hong-Kong-1024x683.jpg\" alt=\"\" class=\"wp-image-4390\" srcset=\"https:\/\/www.allersretoursasso.fr\/wp-content\/uploads\/2024\/01\/GREEN-NIGHT_07_Lee-Joo-Young-Fan-Bingbing-\u00a9-DEMEI-Holdings-Limited-Hong-Kong-1024x683.jpg 1024w, https:\/\/www.allersretoursasso.fr\/wp-content\/uploads\/2024\/01\/GREEN-NIGHT_07_Lee-Joo-Young-Fan-Bingbing-\u00a9-DEMEI-Holdings-Limited-Hong-Kong-300x200.jpg 300w, https:\/\/www.allersretoursasso.fr\/wp-content\/uploads\/2024\/01\/GREEN-NIGHT_07_Lee-Joo-Young-Fan-Bingbing-\u00a9-DEMEI-Holdings-Limited-Hong-Kong-768x512.jpg 768w, https:\/\/www.allersretoursasso.fr\/wp-content\/uploads\/2024\/01\/GREEN-NIGHT_07_Lee-Joo-Young-Fan-Bingbing-\u00a9-DEMEI-Holdings-Limited-Hong-Kong-1536x1025.jpg 1536w, https:\/\/www.allersretoursasso.fr\/wp-content\/uploads\/2024\/01\/GREEN-NIGHT_07_Lee-Joo-Young-Fan-Bingbing-\u00a9-DEMEI-Holdings-Limited-Hong-Kong-2048x1366.jpg 2048w, https:\/\/www.allersretoursasso.fr\/wp-content\/uploads\/2024\/01\/GREEN-NIGHT_07_Lee-Joo-Young-Fan-Bingbing-\u00a9-DEMEI-Holdings-Limited-Hong-Kong-18x12.jpg 18w, https:\/\/www.allersretoursasso.fr\/wp-content\/uploads\/2024\/01\/GREEN-NIGHT_07_Lee-Joo-Young-Fan-Bingbing-\u00a9-DEMEI-Holdings-Limited-Hong-Kong-350x233.jpg 350w, https:\/\/www.allersretoursasso.fr\/wp-content\/uploads\/2024\/01\/GREEN-NIGHT_07_Lee-Joo-Young-Fan-Bingbing-\u00a9-DEMEI-Holdings-Limited-Hong-Kong-272x182.jpg 272w\" sizes=\"(max-width: 767px) 89vw, (max-width: 1000px) 54vw, (max-width: 1071px) 543px, 580px\" \/><\/figure>\n\n\n\n<figure class=\"wp-block-image size-large\"><img loading=\"lazy\" decoding=\"async\" width=\"1024\" height=\"683\" data-id=\"4388\" src=\"https:\/\/www.allersretoursasso.fr\/wp-content\/uploads\/2024\/01\/GREEN-NIGHT_10_Fan-Bingbing-\u00a9-DEMEI-Holdings-Limited-Hong-Kong-1024x683.jpg\" alt=\"\" class=\"wp-image-4388\" srcset=\"https:\/\/www.allersretoursasso.fr\/wp-content\/uploads\/2024\/01\/GREEN-NIGHT_10_Fan-Bingbing-\u00a9-DEMEI-Holdings-Limited-Hong-Kong-1024x683.jpg 1024w, https:\/\/www.allersretoursasso.fr\/wp-content\/uploads\/2024\/01\/GREEN-NIGHT_10_Fan-Bingbing-\u00a9-DEMEI-Holdings-Limited-Hong-Kong-300x200.jpg 300w, https:\/\/www.allersretoursasso.fr\/wp-content\/uploads\/2024\/01\/GREEN-NIGHT_10_Fan-Bingbing-\u00a9-DEMEI-Holdings-Limited-Hong-Kong-768x512.jpg 768w, https:\/\/www.allersretoursasso.fr\/wp-content\/uploads\/2024\/01\/GREEN-NIGHT_10_Fan-Bingbing-\u00a9-DEMEI-Holdings-Limited-Hong-Kong-1536x1024.jpg 1536w, https:\/\/www.allersretoursasso.fr\/wp-content\/uploads\/2024\/01\/GREEN-NIGHT_10_Fan-Bingbing-\u00a9-DEMEI-Holdings-Limited-Hong-Kong-2048x1365.jpg 2048w, https:\/\/www.allersretoursasso.fr\/wp-content\/uploads\/2024\/01\/GREEN-NIGHT_10_Fan-Bingbing-\u00a9-DEMEI-Holdings-Limited-Hong-Kong-18x12.jpg 18w, https:\/\/www.allersretoursasso.fr\/wp-content\/uploads\/2024\/01\/GREEN-NIGHT_10_Fan-Bingbing-\u00a9-DEMEI-Holdings-Limited-Hong-Kong-350x233.jpg 350w, https:\/\/www.allersretoursasso.fr\/wp-content\/uploads\/2024\/01\/GREEN-NIGHT_10_Fan-Bingbing-\u00a9-DEMEI-Holdings-Limited-Hong-Kong-272x182.jpg 272w\" sizes=\"(max-width: 767px) 89vw, (max-width: 1000px) 54vw, (max-width: 1071px) 543px, 580px\" \/><\/figure>\n\n\n\n<figure class=\"wp-block-image size-large\"><img loading=\"lazy\" decoding=\"async\" width=\"1024\" height=\"683\" data-id=\"4389\" src=\"https:\/\/www.allersretoursasso.fr\/wp-content\/uploads\/2024\/01\/GREEN-NIGHT_05_Fan-Bingbing-Lee-Joo-Young-\u00a9-DEMEI-Holdings-Limited-Hong-Kong-1024x683.jpg\" alt=\"\" class=\"wp-image-4389\" srcset=\"https:\/\/www.allersretoursasso.fr\/wp-content\/uploads\/2024\/01\/GREEN-NIGHT_05_Fan-Bingbing-Lee-Joo-Young-\u00a9-DEMEI-Holdings-Limited-Hong-Kong-1024x683.jpg 1024w, https:\/\/www.allersretoursasso.fr\/wp-content\/uploads\/2024\/01\/GREEN-NIGHT_05_Fan-Bingbing-Lee-Joo-Young-\u00a9-DEMEI-Holdings-Limited-Hong-Kong-300x200.jpg 300w, https:\/\/www.allersretoursasso.fr\/wp-content\/uploads\/2024\/01\/GREEN-NIGHT_05_Fan-Bingbing-Lee-Joo-Young-\u00a9-DEMEI-Holdings-Limited-Hong-Kong-768x512.jpg 768w, https:\/\/www.allersretoursasso.fr\/wp-content\/uploads\/2024\/01\/GREEN-NIGHT_05_Fan-Bingbing-Lee-Joo-Young-\u00a9-DEMEI-Holdings-Limited-Hong-Kong-1536x1024.jpg 1536w, https:\/\/www.allersretoursasso.fr\/wp-content\/uploads\/2024\/01\/GREEN-NIGHT_05_Fan-Bingbing-Lee-Joo-Young-\u00a9-DEMEI-Holdings-Limited-Hong-Kong-2048x1365.jpg 2048w, https:\/\/www.allersretoursasso.fr\/wp-content\/uploads\/2024\/01\/GREEN-NIGHT_05_Fan-Bingbing-Lee-Joo-Young-\u00a9-DEMEI-Holdings-Limited-Hong-Kong-18x12.jpg 18w, https:\/\/www.allersretoursasso.fr\/wp-content\/uploads\/2024\/01\/GREEN-NIGHT_05_Fan-Bingbing-Lee-Joo-Young-\u00a9-DEMEI-Holdings-Limited-Hong-Kong-350x233.jpg 350w, https:\/\/www.allersretoursasso.fr\/wp-content\/uploads\/2024\/01\/GREEN-NIGHT_05_Fan-Bingbing-Lee-Joo-Young-\u00a9-DEMEI-Holdings-Limited-Hong-Kong-272x182.jpg 272w\" sizes=\"(max-width: 767px) 89vw, (max-width: 1000px) 54vw, (max-width: 1071px) 543px, 580px\" \/><\/figure>\n\n\n\n<figure class=\"wp-block-image size-large\"><img loading=\"lazy\" decoding=\"async\" width=\"1024\" height=\"683\" data-id=\"4387\" src=\"https:\/\/www.allersretoursasso.fr\/wp-content\/uploads\/2024\/01\/GREEN-NIGHT_04_Fan-Bingbing-Lee-Joo-Young-\u00a9-DEMEI-Holdings-Limited-Hong-Kong-1024x683.jpg\" alt=\"\" class=\"wp-image-4387\" srcset=\"https:\/\/www.allersretoursasso.fr\/wp-content\/uploads\/2024\/01\/GREEN-NIGHT_04_Fan-Bingbing-Lee-Joo-Young-\u00a9-DEMEI-Holdings-Limited-Hong-Kong-1024x683.jpg 1024w, https:\/\/www.allersretoursasso.fr\/wp-content\/uploads\/2024\/01\/GREEN-NIGHT_04_Fan-Bingbing-Lee-Joo-Young-\u00a9-DEMEI-Holdings-Limited-Hong-Kong-300x200.jpg 300w, https:\/\/www.allersretoursasso.fr\/wp-content\/uploads\/2024\/01\/GREEN-NIGHT_04_Fan-Bingbing-Lee-Joo-Young-\u00a9-DEMEI-Holdings-Limited-Hong-Kong-768x512.jpg 768w, https:\/\/www.allersretoursasso.fr\/wp-content\/uploads\/2024\/01\/GREEN-NIGHT_04_Fan-Bingbing-Lee-Joo-Young-\u00a9-DEMEI-Holdings-Limited-Hong-Kong-1536x1025.jpg 1536w, https:\/\/www.allersretoursasso.fr\/wp-content\/uploads\/2024\/01\/GREEN-NIGHT_04_Fan-Bingbing-Lee-Joo-Young-\u00a9-DEMEI-Holdings-Limited-Hong-Kong-2048x1366.jpg 2048w, https:\/\/www.allersretoursasso.fr\/wp-content\/uploads\/2024\/01\/GREEN-NIGHT_04_Fan-Bingbing-Lee-Joo-Young-\u00a9-DEMEI-Holdings-Limited-Hong-Kong-18x12.jpg 18w, https:\/\/www.allersretoursasso.fr\/wp-content\/uploads\/2024\/01\/GREEN-NIGHT_04_Fan-Bingbing-Lee-Joo-Young-\u00a9-DEMEI-Holdings-Limited-Hong-Kong-350x233.jpg 350w, https:\/\/www.allersretoursasso.fr\/wp-content\/uploads\/2024\/01\/GREEN-NIGHT_04_Fan-Bingbing-Lee-Joo-Young-\u00a9-DEMEI-Holdings-Limited-Hong-Kong-272x182.jpg 272w\" sizes=\"(max-width: 767px) 89vw, (max-width: 1000px) 54vw, (max-width: 1071px) 543px, 580px\" \/><\/figure>\n<\/figure>\n\n\n\n<div class=\"wp-block-columns is-layout-flex wp-container-core-columns-layout-1 wp-block-columns-is-layout-flex\">\n<div class=\"wp-block-column is-layout-flow wp-block-column-is-layout-flow\" style=\"flex-basis:100%\"><\/div>\n<\/div>\n\n\n\n<figure class=\"wp-block-embed is-type-video is-provider-youtube wp-block-embed-youtube wp-embed-aspect-16-9 wp-has-aspect-ratio\"><div class=\"wp-block-embed__wrapper\">\n<iframe loading=\"lazy\" title=\"GREEN NIGHT\" width=\"525\" height=\"295\" src=\"https:\/\/www.youtube.com\/embed\/jhsEts_4fSk?feature=oembed\" frameborder=\"0\" allow=\"accelerometer; autoplay; clipboard-write; encrypted-media; gyroscope; picture-in-picture; web-share\" allowfullscreen><\/iframe>\n<\/div><\/figure>\n\n\n\n<p><\/p>\n\n\n\n<div class=\"wp-block-columns is-layout-flex wp-container-core-columns-layout-2 wp-block-columns-is-layout-flex\">\n<div class=\"wp-block-column is-layout-flow wp-block-column-is-layout-flow\"><\/div>\n<\/div>\n\n\n\n<hr class=\"wp-block-separator has-alpha-channel-opacity\"\/>\n\n\n\n<div class=\"wp-block-columns is-layout-flex wp-container-core-columns-layout-3 wp-block-columns-is-layout-flex\">\n<div class=\"wp-block-column is-layout-flow wp-block-column-is-layout-flow\"><\/div>\n<\/div>\n\n\n\n<div class=\"wp-block-columns is-layout-flex wp-container-core-columns-layout-4 wp-block-columns-is-layout-flex\">\n<div class=\"wp-block-column is-layout-flow wp-block-column-is-layout-flow\" style=\"flex-basis:33.33%\">\n<figure class=\"wp-block-image size-large\"><img loading=\"lazy\" decoding=\"async\" width=\"950\" height=\"1024\" src=\"https:\/\/www.allersretoursasso.fr\/wp-content\/uploads\/2024\/01\/01-Han-Shuai-950x1024.png\" alt=\"\" class=\"wp-image-4391\" srcset=\"https:\/\/www.allersretoursasso.fr\/wp-content\/uploads\/2024\/01\/01-Han-Shuai-950x1024.png 950w, https:\/\/www.allersretoursasso.fr\/wp-content\/uploads\/2024\/01\/01-Han-Shuai-278x300.png 278w, https:\/\/www.allersretoursasso.fr\/wp-content\/uploads\/2024\/01\/01-Han-Shuai-768x828.png 768w, https:\/\/www.allersretoursasso.fr\/wp-content\/uploads\/2024\/01\/01-Han-Shuai-1425x1536.png 1425w, https:\/\/www.allersretoursasso.fr\/wp-content\/uploads\/2024\/01\/01-Han-Shuai-11x12.png 11w, https:\/\/www.allersretoursasso.fr\/wp-content\/uploads\/2024\/01\/01-Han-Shuai-350x377.png 350w, https:\/\/www.allersretoursasso.fr\/wp-content\/uploads\/2024\/01\/01-Han-Shuai.png 1818w\" sizes=\"(max-width: 767px) 89vw, (max-width: 1000px) 54vw, (max-width: 1071px) 543px, 580px\" \/><\/figure>\n<\/div>\n\n\n\n<div class=\"wp-block-column is-layout-flow wp-block-column-is-layout-flow\" style=\"flex-basis:66.66%\">\n<p><strong>\u00c0 propos de HAN Shuai<\/strong><\/p>\n\n\n\n<p class=\"has-small-font-size\"><\/p>\n<\/div>\n<\/div>\n\n\n\n<p class=\"has-small-font-size\"><\/p>\n\n\n\n<p class=\"has-small-font-size\">La r\u00e9alisatrice chinoise HAN Shuai a fait une entr\u00e9e remarqu\u00e9e avec son premier long m\u00e9trage, SUMMER BLUR, r\u00e9compens\u00e9 au Festival du Film de Berlin 2021 et au Festival du Film de Busan 2020. Elle a \u00e9galement remport\u00e9 le Prix du Jury au Festival du Film International de Pingyao 2020 et les distinctions du Meilleur R\u00e9alisateur et de la Meilleure Actrice au Festival du Film de Hong Kong 2021. Outre son succ\u00e8s cin\u00e9matographique, HAN Shuai est aussi l&#8217;autrice de &#8220;New Impressions Cinema: The Aesthetics of Lou Ye&#8217;s Films&#8221;.<\/p>\n\n\n\n<p class=\"has-small-font-size\"><\/p>\n\n\n\n<p class=\"has-small-font-size\"><\/p>\n\n\n\n<hr class=\"wp-block-separator has-alpha-channel-opacity is-style-wide\"\/>\n\n\n\n<div class=\"wp-block-columns is-layout-flex wp-container-core-columns-layout-5 wp-block-columns-is-layout-flex\">\n<div class=\"wp-block-column is-layout-flow wp-block-column-is-layout-flow\"><\/div>\n<\/div>\n\n\n\n<div class=\"wp-block-buttons is-content-justification-center is-layout-flex wp-container-core-buttons-layout-1 wp-block-buttons-is-layout-flex\">\n<div class=\"wp-block-button has-custom-width wp-block-button__width-75 has-custom-font-size is-style-outline\" style=\"font-size:16px\"><a class=\"wp-block-button__link has-black-color has-white-background-color has-text-color has-background wp-element-button\" href=\"\/\/www.billetweb.fr\/far2024\" target=\"_blank\" rel=\"noreferrer noopener\">\u8d2d\u7968\u94fe\u63a5<br>\u7ebf\u4e0a\u8d2d\u7968<\/a><\/div>\n<\/div>\n\n\n\n<p><\/p>\n\n\n\n<div class=\"wp-block-columns is-layout-flex wp-container-core-columns-layout-6 wp-block-columns-is-layout-flex\">\n<div class=\"wp-block-column is-layout-flow wp-block-column-is-layout-flow\">\n<p class=\"has-text-align-center\"><strong>Vendredi 02 f\u00e9vrier \u00e0 20h30 au Mus\u00e9e Guimet<\/strong><br>6 Place d&#8217;I\u00e9na, 75116 Paris<\/p>\n<\/div>\n\n\n\n<div class=\"wp-block-column is-layout-flow wp-block-column-is-layout-flow\">\n<p class=\"has-text-align-center\"><strong>Samedi 10 f\u00e9vrier \u00e0 20h30 au<\/strong><br><strong><strong>Studio des Ursulines\u5f71\u9662<\/strong><\/strong><br>10 Rue des Ursulines, 75005 Paris<\/p>\n<\/div>\n<\/div>\n\n\n\n<div class=\"wp-block-cover is-light\" style=\"min-height:349px\"><span aria-hidden=\"true\" class=\"wp-block-cover__background has-white-background-color has-background-dim\"><\/span><div class=\"wp-block-cover__inner-container is-layout-flow wp-block-cover-is-layout-flow\">\n<div class=\"wp-block-group is-layout-flow wp-block-group-is-layout-flow\"><div class=\"wp-block-group__inner-container\">\n<figure class=\"wp-block-image size-large\"><a href=\"https:\/\/www.allersretoursasso.fr\/zh\/annee-festival-2024\/\"><img loading=\"lazy\" decoding=\"async\" width=\"1024\" height=\"342\" src=\"https:\/\/www.allersretoursasso.fr\/wp-content\/uploads\/2024\/01\/Twitter-banner-1024x342.png\" alt=\"\" class=\"wp-image-4327\" srcset=\"https:\/\/www.allersretoursasso.fr\/wp-content\/uploads\/2024\/01\/Twitter-banner-1024x342.png 1024w, https:\/\/www.allersretoursasso.fr\/wp-content\/uploads\/2024\/01\/Twitter-banner-300x100.png 300w, https:\/\/www.allersretoursasso.fr\/wp-content\/uploads\/2024\/01\/Twitter-banner-768x257.png 768w, https:\/\/www.allersretoursasso.fr\/wp-content\/uploads\/2024\/01\/Twitter-banner-18x6.png 18w, https:\/\/www.allersretoursasso.fr\/wp-content\/uploads\/2024\/01\/Twitter-banner-350x117.png 350w, https:\/\/www.allersretoursasso.fr\/wp-content\/uploads\/2024\/01\/Twitter-banner.png 1500w\" sizes=\"(max-width: 767px) 89vw, (max-width: 1000px) 54vw, (max-width: 1071px) 543px, 580px\" \/><\/a><\/figure>\n<\/div><\/div>\n<\/div><\/div>\n\n\n\n<div class=\"wp-block-group is-layout-flow wp-block-group-is-layout-flow\"><div class=\"wp-block-group__inner-container\">\n<p class=\"has-text-align-center\" style=\"font-size:15px\"><\/p>\n<\/div><\/div>\n\n\n\n<p class=\"has-text-align-center has-white-color has-text-color\" style=\"font-size:15px\"> 19h45 aux Ursuline<\/p>\n\n\n\n<p class=\"has-text-align-center has-white-color has-text-color\" style=\"font-size:15px\">06 octobre \u00e0 19h45 aux Ursulines<\/p>","protected":false},"excerpt":{"rendered":"<p>2023 \/ 92\u2019 \/ Cor\u00e9en, Mandarin \/ VOSTF \/ Fiction Dans le but de fuir son pass\u00e9 difficile, Jin Xia, une femme chinoise, \u00e9pouse un homme cor\u00e9en nomm\u00e9 Lee Seung-hun en \u00e9change d&#8217;un statut l\u00e9gal en Cor\u00e9e du Sud. Un jour, Xia fait la rencontre d&#8217;une myst\u00e9rieuse jeune fille aux cheveux verts et trouve enfin &hellip; <\/p>\n<p class=\"link-more\"><a href=\"https:\/\/www.allersretoursasso.fr\/zh\/festival2024-green-night\/\" class=\"more-link\">\u7ee7\u7eed\u9605\u8bfb<span class=\"screen-reader-text\">\u201cFestival Allers-Retours 2024  &#8211; Green Night\u201d<\/span><\/a><\/p>","protected":false},"author":15,"featured_media":0,"parent":0,"menu_order":0,"comment_status":"closed","ping_status":"closed","template":"","meta":{"footnotes":""},"_links":{"self":[{"href":"https:\/\/www.allersretoursasso.fr\/zh\/wp-json\/wp\/v2\/pages\/4383"}],"collection":[{"href":"https:\/\/www.allersretoursasso.fr\/zh\/wp-json\/wp\/v2\/pages"}],"about":[{"href":"https:\/\/www.allersretoursasso.fr\/zh\/wp-json\/wp\/v2\/types\/page"}],"author":[{"embeddable":true,"href":"https:\/\/www.allersretoursasso.fr\/zh\/wp-json\/wp\/v2\/users\/15"}],"replies":[{"embeddable":true,"href":"https:\/\/www.allersretoursasso.fr\/zh\/wp-json\/wp\/v2\/comments?post=4383"}],"version-history":[{"count":5,"href":"https:\/\/www.allersretoursasso.fr\/zh\/wp-json\/wp\/v2\/pages\/4383\/revisions"}],"predecessor-version":[{"id":4681,"href":"https:\/\/www.allersretoursasso.fr\/zh\/wp-json\/wp\/v2\/pages\/4383\/revisions\/4681"}],"wp:attachment":[{"href":"https:\/\/www.allersretoursasso.fr\/zh\/wp-json\/wp\/v2\/media?parent=4383"}],"curies":[{"name":"wp","href":"https:\/\/api.w.org\/{rel}","templated":true}]}}