{"id":4405,"date":"2024-01-12T01:35:29","date_gmt":"2024-01-12T00:35:29","guid":{"rendered":"https:\/\/www.allersretoursasso.fr\/?page_id=4405"},"modified":"2024-01-16T13:10:56","modified_gmt":"2024-01-16T12:10:56","slug":"festival2024-absence","status":"publish","type":"page","link":"https:\/\/www.allersretoursasso.fr\/zh\/festival2024-absence\/","title":{"rendered":"Festival Allers-Retours 2024 &#8211; Absence"},"content":{"rendered":"<div id=\"fb-root\"><\/div>\n\n<div class=\"wp-block-media-text alignwide is-stacked-on-mobile\" style=\"grid-template-columns:41% auto\"><figure class=\"wp-block-media-text__media\"><img loading=\"lazy\" decoding=\"async\" width=\"690\" height=\"1024\" src=\"https:\/\/www.allersretoursasso.fr\/wp-content\/uploads\/2024\/01\/02-ABSENCE\u96ea\u4e91_poster-1-690x1024.jpg\" alt=\"\" class=\"wp-image-4396 size-full\" srcset=\"https:\/\/www.allersretoursasso.fr\/wp-content\/uploads\/2024\/01\/02-ABSENCE\u96ea\u4e91_poster-1-690x1024.jpg 690w, https:\/\/www.allersretoursasso.fr\/wp-content\/uploads\/2024\/01\/02-ABSENCE\u96ea\u4e91_poster-1-202x300.jpg 202w, https:\/\/www.allersretoursasso.fr\/wp-content\/uploads\/2024\/01\/02-ABSENCE\u96ea\u4e91_poster-1-768x1140.jpg 768w, https:\/\/www.allersretoursasso.fr\/wp-content\/uploads\/2024\/01\/02-ABSENCE\u96ea\u4e91_poster-1-8x12.jpg 8w, https:\/\/www.allersretoursasso.fr\/wp-content\/uploads\/2024\/01\/02-ABSENCE\u96ea\u4e91_poster-1-350x519.jpg 350w, https:\/\/www.allersretoursasso.fr\/wp-content\/uploads\/2024\/01\/02-ABSENCE\u96ea\u4e91_poster-1.jpg 1000w\" sizes=\"(max-width: 690px) 100vw, 690px\" \/><\/figure><div class=\"wp-block-media-text__content\">\n<div class=\"wp-block-group is-layout-flow wp-block-group-is-layout-flow\"><div class=\"wp-block-group__inner-container\">\n<div class=\"wp-block-group is-vertical is-layout-flex wp-container-core-group-layout-4 wp-block-group-is-layout-flex\">\n<div class=\"wp-block-group is-layout-flow wp-block-group-is-layout-flow\"><div class=\"wp-block-group__inner-container\">\n<div class=\"wp-block-group is-layout-flow wp-block-group-is-layout-flow\"><div class=\"wp-block-group__inner-container\">\n<div class=\"wp-block-group is-layout-flow wp-block-group-is-layout-flow\"><div class=\"wp-block-group__inner-container\">\n<p><\/p>\n\n\n\n<p style=\"font-size:30px;font-style:normal;font-weight:500\"><em><span style=\"font-weight: 400\"><strong><strong>Absence<\/strong><\/strong><\/span><\/em><\/p>\n\n\n\n<p style=\"font-size:30px;font-style:normal;font-weight:500\">\u96ea\u4e91<\/p>\n\n\n\n<p class=\"has-medium-font-size\">WU Lang<\/p>\n\n\n\n<p class=\"has-medium-font-size\">\u90ac\u6d6a<\/p>\n\n\n\n<p class=\"has-small-font-size\"><a href=\"https:\/\/www.allersretoursasso.fr\/zh\/annee-festival-2024\/\" target=\"_blank\" rel=\"noreferrer noopener\">\u00c9dition 2024<\/a><\/p>\n\n\n\n<p style=\"font-size:10px\"><\/p>\n<\/div><\/div>\n\n\n\n<p class=\"has-text-align-center\"><\/p>\n\n\n\n<p class=\"has-text-align-left\" style=\"font-size:15px\"><\/p>\n<\/div><\/div>\n<\/div><\/div>\n<\/div>\n<\/div><\/div>\n<\/div><\/div>\n\n\n\n<h2 class=\"wp-block-heading\"><\/h2>\n\n\n\n<p class=\"has-text-align-center has-small-font-size\"><em>2023 \/ 102\u2019 \/ Mandarin \/ VOSTF \/ Fiction<\/em><\/p>\n\n\n\n<p>Yu retourne dans sa ville natale sur l\u2019\u00eele de Hainan apr\u00e8s 10 ann\u00e9es pass\u00e9es en prison, et essaye de renouer avec son ancienne compagne, Hong. Les plans de Hong, qui a pr\u00e9vu d&#8217;acheter un appartement, les forcent \u00e0 faire face \u00e0 des difficult\u00e9s, tandis que leur pers\u00e9v\u00e9rance permet \u00e0 chacun de pallier l\u2019absence de l\u2019autre.&nbsp;<\/p>\n\n\n\n<p><em>Adaptant en format long son court-m\u00e9trage du m\u00eame nom, WU Lang fait jouer \u00e0 nouveau&nbsp; Lee Kang-sheng et Li Meng avec une grande sensibilit\u00e9 le r\u00f4le d\u2019un couple qui s\u2019est perdu, se retrouve et se cherche toujours.<\/em><\/p>\n\n\n\n<figure class=\"wp-block-gallery has-nested-images columns-default is-cropped wp-block-gallery-1 is-layout-flex wp-block-gallery-is-layout-flex\">\n<figure class=\"wp-block-image size-large\"><img loading=\"lazy\" decoding=\"async\" width=\"1024\" height=\"658\" data-id=\"4400\" src=\"https:\/\/www.allersretoursasso.fr\/wp-content\/uploads\/2024\/01\/ABSENCE-still3-1024x658.jpg\" alt=\"\" class=\"wp-image-4400\" srcset=\"https:\/\/www.allersretoursasso.fr\/wp-content\/uploads\/2024\/01\/ABSENCE-still3-1024x658.jpg 1024w, https:\/\/www.allersretoursasso.fr\/wp-content\/uploads\/2024\/01\/ABSENCE-still3-300x193.jpg 300w, https:\/\/www.allersretoursasso.fr\/wp-content\/uploads\/2024\/01\/ABSENCE-still3-768x494.jpg 768w, https:\/\/www.allersretoursasso.fr\/wp-content\/uploads\/2024\/01\/ABSENCE-still3-1536x988.jpg 1536w, https:\/\/www.allersretoursasso.fr\/wp-content\/uploads\/2024\/01\/ABSENCE-still3-2048x1317.jpg 2048w, https:\/\/www.allersretoursasso.fr\/wp-content\/uploads\/2024\/01\/ABSENCE-still3-18x12.jpg 18w, https:\/\/www.allersretoursasso.fr\/wp-content\/uploads\/2024\/01\/ABSENCE-still3-350x225.jpg 350w\" sizes=\"(max-width: 767px) 89vw, (max-width: 1000px) 54vw, (max-width: 1071px) 543px, 580px\" \/><\/figure>\n\n\n\n<figure class=\"wp-block-image size-large\"><img loading=\"lazy\" decoding=\"async\" width=\"1024\" height=\"658\" data-id=\"4401\" src=\"https:\/\/www.allersretoursasso.fr\/wp-content\/uploads\/2024\/01\/ABSENCE-still5-1024x658.jpg\" alt=\"\" class=\"wp-image-4401\" srcset=\"https:\/\/www.allersretoursasso.fr\/wp-content\/uploads\/2024\/01\/ABSENCE-still5-1024x658.jpg 1024w, https:\/\/www.allersretoursasso.fr\/wp-content\/uploads\/2024\/01\/ABSENCE-still5-300x193.jpg 300w, https:\/\/www.allersretoursasso.fr\/wp-content\/uploads\/2024\/01\/ABSENCE-still5-768x494.jpg 768w, https:\/\/www.allersretoursasso.fr\/wp-content\/uploads\/2024\/01\/ABSENCE-still5-1536x988.jpg 1536w, https:\/\/www.allersretoursasso.fr\/wp-content\/uploads\/2024\/01\/ABSENCE-still5-2048x1317.jpg 2048w, https:\/\/www.allersretoursasso.fr\/wp-content\/uploads\/2024\/01\/ABSENCE-still5-18x12.jpg 18w, https:\/\/www.allersretoursasso.fr\/wp-content\/uploads\/2024\/01\/ABSENCE-still5-350x225.jpg 350w\" sizes=\"(max-width: 767px) 89vw, (max-width: 1000px) 54vw, (max-width: 1071px) 543px, 580px\" \/><\/figure>\n\n\n\n<figure class=\"wp-block-image size-large\"><img loading=\"lazy\" decoding=\"async\" width=\"1024\" height=\"658\" data-id=\"4402\" src=\"https:\/\/www.allersretoursasso.fr\/wp-content\/uploads\/2024\/01\/ABSENCE-still4-1024x658.jpg\" alt=\"\" class=\"wp-image-4402\" srcset=\"https:\/\/www.allersretoursasso.fr\/wp-content\/uploads\/2024\/01\/ABSENCE-still4-1024x658.jpg 1024w, https:\/\/www.allersretoursasso.fr\/wp-content\/uploads\/2024\/01\/ABSENCE-still4-300x193.jpg 300w, https:\/\/www.allersretoursasso.fr\/wp-content\/uploads\/2024\/01\/ABSENCE-still4-768x494.jpg 768w, https:\/\/www.allersretoursasso.fr\/wp-content\/uploads\/2024\/01\/ABSENCE-still4-1536x988.jpg 1536w, https:\/\/www.allersretoursasso.fr\/wp-content\/uploads\/2024\/01\/ABSENCE-still4-2048x1317.jpg 2048w, https:\/\/www.allersretoursasso.fr\/wp-content\/uploads\/2024\/01\/ABSENCE-still4-18x12.jpg 18w, https:\/\/www.allersretoursasso.fr\/wp-content\/uploads\/2024\/01\/ABSENCE-still4-350x225.jpg 350w\" sizes=\"(max-width: 767px) 89vw, (max-width: 1000px) 54vw, (max-width: 1071px) 543px, 580px\" \/><\/figure>\n\n\n\n<figure class=\"wp-block-image size-large\"><img loading=\"lazy\" decoding=\"async\" width=\"1024\" height=\"683\" data-id=\"4398\" src=\"https:\/\/www.allersretoursasso.fr\/wp-content\/uploads\/2024\/01\/xue-yun-main-still-1024x683.jpeg\" alt=\"\" class=\"wp-image-4398\" srcset=\"https:\/\/www.allersretoursasso.fr\/wp-content\/uploads\/2024\/01\/xue-yun-main-still-1024x683.jpeg 1024w, https:\/\/www.allersretoursasso.fr\/wp-content\/uploads\/2024\/01\/xue-yun-main-still-300x200.jpeg 300w, https:\/\/www.allersretoursasso.fr\/wp-content\/uploads\/2024\/01\/xue-yun-main-still-768x512.jpeg 768w, https:\/\/www.allersretoursasso.fr\/wp-content\/uploads\/2024\/01\/xue-yun-main-still-1536x1025.jpeg 1536w, https:\/\/www.allersretoursasso.fr\/wp-content\/uploads\/2024\/01\/xue-yun-main-still-2048x1367.jpeg 2048w, https:\/\/www.allersretoursasso.fr\/wp-content\/uploads\/2024\/01\/xue-yun-main-still-18x12.jpeg 18w, https:\/\/www.allersretoursasso.fr\/wp-content\/uploads\/2024\/01\/xue-yun-main-still-350x234.jpeg 350w, https:\/\/www.allersretoursasso.fr\/wp-content\/uploads\/2024\/01\/xue-yun-main-still-272x182.jpeg 272w\" sizes=\"(max-width: 767px) 89vw, (max-width: 1000px) 54vw, (max-width: 1071px) 543px, 580px\" \/><\/figure>\n\n\n\n<figure class=\"wp-block-image size-large\"><img loading=\"lazy\" decoding=\"async\" width=\"1024\" height=\"658\" data-id=\"4399\" src=\"https:\/\/www.allersretoursasso.fr\/wp-content\/uploads\/2024\/01\/ABSENCE-stil-1-1-1024x658.jpg\" alt=\"\" class=\"wp-image-4399\" srcset=\"https:\/\/www.allersretoursasso.fr\/wp-content\/uploads\/2024\/01\/ABSENCE-stil-1-1-1024x658.jpg 1024w, https:\/\/www.allersretoursasso.fr\/wp-content\/uploads\/2024\/01\/ABSENCE-stil-1-1-300x193.jpg 300w, https:\/\/www.allersretoursasso.fr\/wp-content\/uploads\/2024\/01\/ABSENCE-stil-1-1-768x494.jpg 768w, https:\/\/www.allersretoursasso.fr\/wp-content\/uploads\/2024\/01\/ABSENCE-stil-1-1-1536x988.jpg 1536w, https:\/\/www.allersretoursasso.fr\/wp-content\/uploads\/2024\/01\/ABSENCE-stil-1-1-2048x1317.jpg 2048w, https:\/\/www.allersretoursasso.fr\/wp-content\/uploads\/2024\/01\/ABSENCE-stil-1-1-18x12.jpg 18w, https:\/\/www.allersretoursasso.fr\/wp-content\/uploads\/2024\/01\/ABSENCE-stil-1-1-350x225.jpg 350w\" sizes=\"(max-width: 767px) 89vw, (max-width: 1000px) 54vw, (max-width: 1071px) 543px, 580px\" \/><\/figure>\n<\/figure>\n\n\n\n<div class=\"wp-block-columns is-layout-flex wp-container-core-columns-layout-1 wp-block-columns-is-layout-flex\">\n<div class=\"wp-block-column is-layout-flow wp-block-column-is-layout-flow\" style=\"flex-basis:100%\"><\/div>\n<\/div>\n\n\n\n<figure class=\"wp-block-embed is-type-video is-provider-youtube wp-block-embed-youtube wp-embed-aspect-16-9 wp-has-aspect-ratio\"><div class=\"wp-block-embed__wrapper\">\n <iframe loading=\"lazy\" title=\"Absence\" width=\"525\" height=\"295\" src=\"https:\/\/www.youtube.com\/embed\/BpEBAbhBiPc?feature=oembed\" frameborder=\"0\" allow=\"accelerometer; autoplay; clipboard-write; encrypted-media; gyroscope; picture-in-picture; web-share\" allowfullscreen><\/iframe>\n<\/div><\/figure>\n\n\n\n<p><\/p>\n\n\n\n<div class=\"wp-block-columns is-layout-flex wp-container-core-columns-layout-2 wp-block-columns-is-layout-flex\">\n<div class=\"wp-block-column is-layout-flow wp-block-column-is-layout-flow\"><\/div>\n<\/div>\n\n\n\n<hr class=\"wp-block-separator has-alpha-channel-opacity\"\/>\n\n\n\n<div class=\"wp-block-columns is-layout-flex wp-container-core-columns-layout-3 wp-block-columns-is-layout-flex\">\n<div class=\"wp-block-column is-layout-flow wp-block-column-is-layout-flow\"><\/div>\n<\/div>\n\n\n\n<div class=\"wp-block-columns is-layout-flex wp-container-core-columns-layout-4 wp-block-columns-is-layout-flex\">\n<div class=\"wp-block-column is-layout-flow wp-block-column-is-layout-flow\" style=\"flex-basis:33.33%\">\n<figure class=\"wp-block-image size-large\"><img loading=\"lazy\" decoding=\"async\" width=\"683\" height=\"1024\" src=\"https:\/\/www.allersretoursasso.fr\/wp-content\/uploads\/2024\/01\/02-ABSENCE-director-WU-Lang--683x1024.jpg\" alt=\"\" class=\"wp-image-4403\" srcset=\"https:\/\/www.allersretoursasso.fr\/wp-content\/uploads\/2024\/01\/02-ABSENCE-director-WU-Lang--683x1024.jpg 683w, https:\/\/www.allersretoursasso.fr\/wp-content\/uploads\/2024\/01\/02-ABSENCE-director-WU-Lang--200x300.jpg 200w, https:\/\/www.allersretoursasso.fr\/wp-content\/uploads\/2024\/01\/02-ABSENCE-director-WU-Lang--768x1152.jpg 768w, https:\/\/www.allersretoursasso.fr\/wp-content\/uploads\/2024\/01\/02-ABSENCE-director-WU-Lang--1024x1536.jpg 1024w, https:\/\/www.allersretoursasso.fr\/wp-content\/uploads\/2024\/01\/02-ABSENCE-director-WU-Lang--1366x2048.jpg 1366w, https:\/\/www.allersretoursasso.fr\/wp-content\/uploads\/2024\/01\/02-ABSENCE-director-WU-Lang--8x12.jpg 8w, https:\/\/www.allersretoursasso.fr\/wp-content\/uploads\/2024\/01\/02-ABSENCE-director-WU-Lang--350x525.jpg 350w, https:\/\/www.allersretoursasso.fr\/wp-content\/uploads\/2024\/01\/02-ABSENCE-director-WU-Lang--scaled.jpg 1707w\" sizes=\"(max-width: 683px) 100vw, 683px\" \/><\/figure>\n<\/div>\n\n\n\n<div class=\"wp-block-column is-layout-flow wp-block-column-is-layout-flow\" style=\"flex-basis:66.66%\">\n<p><strong>\u00c0 propos de WU Lang<\/strong><\/p>\n\n\n\n<p class=\"has-small-font-size\"><\/p>\n<\/div>\n<\/div>\n\n\n\n<p class=\"has-small-font-size\"><\/p>\n\n\n\n<p class=\"has-small-font-size\">N\u00e9 en 1991, Wu Lang est un r\u00e9alisateur chinois. Apr\u00e8s avoir obtenu un dipl\u00f4me en sculpture \u00e0 l\u2019universit\u00e9, il s\u2019est activement engag\u00e9 dans l\u2019enseignement ainsi que la r\u00e9alisation documentaire et publicitaire.&nbsp;<\/p>\n\n\n\n<p class=\"has-small-font-size\">En 2021, son film <em>Absence<\/em>, est nomm\u00e9 dans la cat\u00e9gorie du meilleur court-m\u00e9trage \u00e0 la 74e \u00e9dition du Festival de Cannes, ainsi qu\u2019\u00e0 la 33e \u00e9dition du Festival International de Palm Springs. Il a gagn\u00e9 le prix du meilleur court-m\u00e9trage au 22e festival international de Milan.&nbsp;<\/p>\n\n\n\n<p class=\"has-small-font-size\"><\/p>\n\n\n\n<p class=\"has-small-font-size\"><\/p>\n\n\n\n<hr class=\"wp-block-separator has-alpha-channel-opacity is-style-wide\"\/>\n\n\n\n<div class=\"wp-block-columns is-layout-flex wp-container-core-columns-layout-5 wp-block-columns-is-layout-flex\">\n<div class=\"wp-block-column is-layout-flow wp-block-column-is-layout-flow\"><\/div>\n<\/div>\n\n\n\n<div class=\"wp-block-buttons is-content-justification-center is-layout-flex wp-container-core-buttons-layout-1 wp-block-buttons-is-layout-flex\">\n<div class=\"wp-block-button has-custom-width wp-block-button__width-75 has-custom-font-size is-style-outline\" style=\"font-size:16px\"><a class=\"wp-block-button__link has-black-color has-white-background-color has-text-color has-background wp-element-button\" href=\"\/\/www.billetweb.fr\/far2024\" target=\"_blank\" rel=\"noreferrer noopener\">\u8d2d\u7968\u94fe\u63a5<br>\u7ebf\u4e0a\u8d2d\u7968<\/a><\/div>\n<\/div>\n\n\n\n<p><\/p>\n\n\n\n<div class=\"wp-block-columns is-layout-flex wp-container-core-columns-layout-6 wp-block-columns-is-layout-flex\">\n<div class=\"wp-block-column is-layout-flow wp-block-column-is-layout-flow\">\n<p class=\"has-text-align-center\"><strong><strong>Samedi 03 f\u00e9vrier \u00e0 13h00<\/strong> au Mus\u00e9e Guimet<\/strong><br>6 Place d&#8217;I\u00e9na, 75116 Paris<\/p>\n<\/div>\n\n\n\n<div class=\"wp-block-column is-layout-flow wp-block-column-is-layout-flow\">\n<p class=\"has-text-align-center\"><strong><strong>Vendredi 09 f\u00e9vrier \u00e0 19h00<\/strong> \u4e8e<\/strong><br><strong><strong>Studio des Ursulines\u5f71\u9662<\/strong><\/strong><br>10 Rue des Ursulines, 75005 Paris<\/p>\n<\/div>\n<\/div>\n\n\n\n<div class=\"wp-block-cover is-light\" style=\"min-height:349px\"><span aria-hidden=\"true\" class=\"wp-block-cover__background has-white-background-color has-background-dim\"><\/span><div class=\"wp-block-cover__inner-container is-layout-flow wp-block-cover-is-layout-flow\">\n<div class=\"wp-block-group is-layout-flow wp-block-group-is-layout-flow\"><div class=\"wp-block-group__inner-container\">\n<figure class=\"wp-block-image size-large\"><a href=\"https:\/\/www.allersretoursasso.fr\/zh\/annee-festival-2024\/\"><img loading=\"lazy\" decoding=\"async\" width=\"1024\" height=\"342\" src=\"https:\/\/www.allersretoursasso.fr\/wp-content\/uploads\/2024\/01\/Twitter-banner-1024x342.png\" alt=\"\" class=\"wp-image-4327\" srcset=\"https:\/\/www.allersretoursasso.fr\/wp-content\/uploads\/2024\/01\/Twitter-banner-1024x342.png 1024w, https:\/\/www.allersretoursasso.fr\/wp-content\/uploads\/2024\/01\/Twitter-banner-300x100.png 300w, https:\/\/www.allersretoursasso.fr\/wp-content\/uploads\/2024\/01\/Twitter-banner-768x257.png 768w, https:\/\/www.allersretoursasso.fr\/wp-content\/uploads\/2024\/01\/Twitter-banner-18x6.png 18w, https:\/\/www.allersretoursasso.fr\/wp-content\/uploads\/2024\/01\/Twitter-banner-350x117.png 350w, https:\/\/www.allersretoursasso.fr\/wp-content\/uploads\/2024\/01\/Twitter-banner.png 1500w\" sizes=\"(max-width: 767px) 89vw, (max-width: 1000px) 54vw, (max-width: 1071px) 543px, 580px\" \/><\/a><\/figure>\n<\/div><\/div>\n<\/div><\/div>\n\n\n\n<div class=\"wp-block-group is-layout-flow wp-block-group-is-layout-flow\"><div class=\"wp-block-group__inner-container\">\n<p class=\"has-text-align-center\" style=\"font-size:15px\"><\/p>\n<\/div><\/div>\n\n\n\n<p class=\"has-text-align-center has-white-color has-text-color\" style=\"font-size:15px\"> 19h45 aux Ursuline<\/p>\n\n\n\n<p class=\"has-text-align-center has-white-color has-text-color\" style=\"font-size:15px\">06 octobre \u00e0 19h45 aux Ursulines<\/p>","protected":false},"excerpt":{"rendered":"<p>2023 \/ 102\u2019 \/ Mandarin \/ VOSTF \/ Fiction Yu retourne dans sa ville natale sur l\u2019\u00eele de Hainan apr\u00e8s 10 ann\u00e9es pass\u00e9es en prison, et essaye de renouer avec son ancienne compagne, Hong. Les plans de Hong, qui a pr\u00e9vu d&#8217;acheter un appartement, les forcent \u00e0 faire face \u00e0 des difficult\u00e9s, tandis que leur &hellip; <\/p>\n<p class=\"link-more\"><a href=\"https:\/\/www.allersretoursasso.fr\/zh\/festival2024-absence\/\" class=\"more-link\">\u7ee7\u7eed\u9605\u8bfb<span class=\"screen-reader-text\">\u201cFestival Allers-Retours 2024 &#8211; Absence\u201d<\/span><\/a><\/p>","protected":false},"author":15,"featured_media":0,"parent":0,"menu_order":0,"comment_status":"closed","ping_status":"closed","template":"","meta":{"footnotes":""},"_links":{"self":[{"href":"https:\/\/www.allersretoursasso.fr\/zh\/wp-json\/wp\/v2\/pages\/4405"}],"collection":[{"href":"https:\/\/www.allersretoursasso.fr\/zh\/wp-json\/wp\/v2\/pages"}],"about":[{"href":"https:\/\/www.allersretoursasso.fr\/zh\/wp-json\/wp\/v2\/types\/page"}],"author":[{"embeddable":true,"href":"https:\/\/www.allersretoursasso.fr\/zh\/wp-json\/wp\/v2\/users\/15"}],"replies":[{"embeddable":true,"href":"https:\/\/www.allersretoursasso.fr\/zh\/wp-json\/wp\/v2\/comments?post=4405"}],"version-history":[{"count":6,"href":"https:\/\/www.allersretoursasso.fr\/zh\/wp-json\/wp\/v2\/pages\/4405\/revisions"}],"predecessor-version":[{"id":4684,"href":"https:\/\/www.allersretoursasso.fr\/zh\/wp-json\/wp\/v2\/pages\/4405\/revisions\/4684"}],"wp:attachment":[{"href":"https:\/\/www.allersretoursasso.fr\/zh\/wp-json\/wp\/v2\/media?parent=4405"}],"curies":[{"name":"wp","href":"https:\/\/api.w.org\/{rel}","templated":true}]}}