{"id":4435,"date":"2024-01-12T21:54:48","date_gmt":"2024-01-12T20:54:48","guid":{"rendered":"https:\/\/www.allersretoursasso.fr\/?page_id=4435"},"modified":"2024-01-16T13:11:34","modified_gmt":"2024-01-16T12:11:34","slug":"festival2024-art-college-1994","status":"publish","type":"page","link":"https:\/\/www.allersretoursasso.fr\/zh\/festival2024-art-college-1994\/","title":{"rendered":"Festival Allers-Retours 2024  &#8211; Art College 1994"},"content":{"rendered":"<div id=\"fb-root\"><\/div>\n\n<div class=\"wp-block-media-text alignwide is-stacked-on-mobile\" style=\"grid-template-columns:41% auto\"><figure class=\"wp-block-media-text__media\"><img loading=\"lazy\" decoding=\"async\" width=\"768\" height=\"1024\" src=\"https:\/\/www.allersretoursasso.fr\/wp-content\/uploads\/2024\/01\/06-Art-College-1994_poster_web-768x1024.jpg\" alt=\"\" class=\"wp-image-4298 size-full\" srcset=\"https:\/\/www.allersretoursasso.fr\/wp-content\/uploads\/2024\/01\/06-Art-College-1994_poster_web-768x1024.jpg 768w, https:\/\/www.allersretoursasso.fr\/wp-content\/uploads\/2024\/01\/06-Art-College-1994_poster_web-225x300.jpg 225w, https:\/\/www.allersretoursasso.fr\/wp-content\/uploads\/2024\/01\/06-Art-College-1994_poster_web-9x12.jpg 9w, https:\/\/www.allersretoursasso.fr\/wp-content\/uploads\/2024\/01\/06-Art-College-1994_poster_web-350x467.jpg 350w, https:\/\/www.allersretoursasso.fr\/wp-content\/uploads\/2024\/01\/06-Art-College-1994_poster_web.jpg 1000w\" sizes=\"(max-width: 767px) 89vw, (max-width: 1000px) 54vw, (max-width: 1071px) 543px, 580px\" \/><\/figure><div class=\"wp-block-media-text__content\">\n<div class=\"wp-block-group is-layout-flow wp-block-group-is-layout-flow\"><div class=\"wp-block-group__inner-container\">\n<div class=\"wp-block-group is-vertical is-layout-flex wp-container-core-group-layout-4 wp-block-group-is-layout-flex\">\n<div class=\"wp-block-group is-layout-flow wp-block-group-is-layout-flow\"><div class=\"wp-block-group__inner-container\">\n<div class=\"wp-block-group is-layout-flow wp-block-group-is-layout-flow\"><div class=\"wp-block-group__inner-container\">\n<div class=\"wp-block-group is-layout-flow wp-block-group-is-layout-flow\"><div class=\"wp-block-group__inner-container\">\n<p><\/p>\n\n\n\n<p style=\"font-size:30px;font-style:normal;font-weight:500\"><em><strong>Art College 1994<\/strong><\/em><\/p>\n\n\n\n<p style=\"font-size:30px;font-style:normal;font-weight:500\">\u827a\u672f\u5b66\u9662<\/p>\n\n\n\n<p class=\"has-medium-font-size\">LIU Jian<\/p>\n\n\n\n<p class=\"has-medium-font-size\">\u5218\u5efa<\/p>\n\n\n\n<p class=\"has-small-font-size\"><a href=\"https:\/\/www.allersretoursasso.fr\/zh\/annee-festival-2024\/\" target=\"_blank\" rel=\"noreferrer noopener\">\u00c9dition 2024<\/a><\/p>\n\n\n\n<p style=\"font-size:10px\"><\/p>\n<\/div><\/div>\n\n\n\n<p class=\"has-text-align-center\"><\/p>\n\n\n\n<p class=\"has-text-align-left\" style=\"font-size:15px\"><\/p>\n<\/div><\/div>\n<\/div><\/div>\n<\/div>\n<\/div><\/div>\n<\/div><\/div>\n\n\n\n<h2 class=\"wp-block-heading\"><\/h2>\n\n\n\n<p class=\"has-text-align-center has-small-font-size\"><em>2023 \/ 118\u2019 \/ Mandarin \/ VOSTF \/ Fiction, Animation<\/em><\/p>\n\n\n\n<p class=\"has-text-align-left\" style=\"font-size:16px;line-height:1.5\">Portrait de la jeunesse \u00e9tudiante au d\u00e9but des ann\u00e9es 1990, alors que la Chine s&#8217;ouvre au monde occidental. Des jeunes plasticiens et de jeunes musiciennes tentent de profiter pleinement de leur jeunesse, confront\u00e9s aux al\u00e9as de leurs vies sentimentales et \u00e0 leurs propres aspirations artistiques.<\/p>\n\n\n\n<p><em>Apr\u00e8s deux films tr\u00e8s intenses, Liu Jian trouve ici un style plus fluide, tout en conservant son identit\u00e9 visuelle, avec une recr\u00e9ation presque documentaire de ses ann\u00e9es \u00e9tudiantes. Il pr\u00e9sente avec tendresse les doutes et les espoirs d&#8217;une jeunesse confront\u00e9e aux \u00e9volutions de la soci\u00e9t\u00e9, entre postures intellectuelles et r\u00f4les sociaux en fonction des classes sociales et des genres.<\/em><\/p>\n\n\n\n<figure class=\"wp-block-gallery has-nested-images columns-default is-cropped wp-block-gallery-1 is-layout-flex wp-block-gallery-is-layout-flex\">\n<figure class=\"wp-block-image size-large\"><img loading=\"lazy\" decoding=\"async\" width=\"1024\" height=\"540\" data-id=\"4448\" src=\"https:\/\/www.allersretoursasso.fr\/wp-content\/uploads\/2024\/01\/2-c-NEZHA-BROS.-PICTURES-COMPANY-LIMITED-BEIJING-MODERN-SKY-CULTURE-DEVELOPMENT-COLTD-1024x540.jpg\" alt=\"\" class=\"wp-image-4448\" srcset=\"https:\/\/www.allersretoursasso.fr\/wp-content\/uploads\/2024\/01\/2-c-NEZHA-BROS.-PICTURES-COMPANY-LIMITED-BEIJING-MODERN-SKY-CULTURE-DEVELOPMENT-COLTD-1024x540.jpg 1024w, https:\/\/www.allersretoursasso.fr\/wp-content\/uploads\/2024\/01\/2-c-NEZHA-BROS.-PICTURES-COMPANY-LIMITED-BEIJING-MODERN-SKY-CULTURE-DEVELOPMENT-COLTD-300x158.jpg 300w, https:\/\/www.allersretoursasso.fr\/wp-content\/uploads\/2024\/01\/2-c-NEZHA-BROS.-PICTURES-COMPANY-LIMITED-BEIJING-MODERN-SKY-CULTURE-DEVELOPMENT-COLTD-768x405.jpg 768w, https:\/\/www.allersretoursasso.fr\/wp-content\/uploads\/2024\/01\/2-c-NEZHA-BROS.-PICTURES-COMPANY-LIMITED-BEIJING-MODERN-SKY-CULTURE-DEVELOPMENT-COLTD-1536x810.jpg 1536w, https:\/\/www.allersretoursasso.fr\/wp-content\/uploads\/2024\/01\/2-c-NEZHA-BROS.-PICTURES-COMPANY-LIMITED-BEIJING-MODERN-SKY-CULTURE-DEVELOPMENT-COLTD-2048x1080.jpg 2048w, https:\/\/www.allersretoursasso.fr\/wp-content\/uploads\/2024\/01\/2-c-NEZHA-BROS.-PICTURES-COMPANY-LIMITED-BEIJING-MODERN-SKY-CULTURE-DEVELOPMENT-COLTD-18x9.jpg 18w, https:\/\/www.allersretoursasso.fr\/wp-content\/uploads\/2024\/01\/2-c-NEZHA-BROS.-PICTURES-COMPANY-LIMITED-BEIJING-MODERN-SKY-CULTURE-DEVELOPMENT-COLTD-350x185.jpg 350w\" sizes=\"(max-width: 767px) 89vw, (max-width: 1000px) 54vw, (max-width: 1071px) 543px, 580px\" \/><\/figure>\n\n\n\n<figure class=\"wp-block-image size-large\"><img loading=\"lazy\" decoding=\"async\" width=\"1024\" height=\"540\" data-id=\"4447\" src=\"https:\/\/www.allersretoursasso.fr\/wp-content\/uploads\/2024\/01\/3-c-NEZHA-BROS.-PICTURES-COMPANY-LIMITED-BEIJING-MODERN-SKY-CULTURE-DEVELOPMENT-COLTD-1024x540.jpg\" alt=\"\" class=\"wp-image-4447\" srcset=\"https:\/\/www.allersretoursasso.fr\/wp-content\/uploads\/2024\/01\/3-c-NEZHA-BROS.-PICTURES-COMPANY-LIMITED-BEIJING-MODERN-SKY-CULTURE-DEVELOPMENT-COLTD-1024x540.jpg 1024w, https:\/\/www.allersretoursasso.fr\/wp-content\/uploads\/2024\/01\/3-c-NEZHA-BROS.-PICTURES-COMPANY-LIMITED-BEIJING-MODERN-SKY-CULTURE-DEVELOPMENT-COLTD-300x158.jpg 300w, https:\/\/www.allersretoursasso.fr\/wp-content\/uploads\/2024\/01\/3-c-NEZHA-BROS.-PICTURES-COMPANY-LIMITED-BEIJING-MODERN-SKY-CULTURE-DEVELOPMENT-COLTD-768x405.jpg 768w, https:\/\/www.allersretoursasso.fr\/wp-content\/uploads\/2024\/01\/3-c-NEZHA-BROS.-PICTURES-COMPANY-LIMITED-BEIJING-MODERN-SKY-CULTURE-DEVELOPMENT-COLTD-1536x810.jpg 1536w, https:\/\/www.allersretoursasso.fr\/wp-content\/uploads\/2024\/01\/3-c-NEZHA-BROS.-PICTURES-COMPANY-LIMITED-BEIJING-MODERN-SKY-CULTURE-DEVELOPMENT-COLTD-18x9.jpg 18w, https:\/\/www.allersretoursasso.fr\/wp-content\/uploads\/2024\/01\/3-c-NEZHA-BROS.-PICTURES-COMPANY-LIMITED-BEIJING-MODERN-SKY-CULTURE-DEVELOPMENT-COLTD-350x184.jpg 350w, https:\/\/www.allersretoursasso.fr\/wp-content\/uploads\/2024\/01\/3-c-NEZHA-BROS.-PICTURES-COMPANY-LIMITED-BEIJING-MODERN-SKY-CULTURE-DEVELOPMENT-COLTD.jpg 1772w\" sizes=\"(max-width: 767px) 89vw, (max-width: 1000px) 54vw, (max-width: 1071px) 543px, 580px\" \/><\/figure>\n<\/figure>\n\n\n\n<figure class=\"wp-block-image size-large\"><img loading=\"lazy\" decoding=\"async\" width=\"1024\" height=\"540\" src=\"https:\/\/www.allersretoursasso.fr\/wp-content\/uploads\/2024\/01\/1-c-NEZHA-BROS.-PICTURES-COMPANY-LIMITED-BEIJING-MODERN-SKY-CULTURE-DEVELOPMENT-COLTD-1024x540.jpg\" alt=\"\" class=\"wp-image-4446\" srcset=\"https:\/\/www.allersretoursasso.fr\/wp-content\/uploads\/2024\/01\/1-c-NEZHA-BROS.-PICTURES-COMPANY-LIMITED-BEIJING-MODERN-SKY-CULTURE-DEVELOPMENT-COLTD-1024x540.jpg 1024w, https:\/\/www.allersretoursasso.fr\/wp-content\/uploads\/2024\/01\/1-c-NEZHA-BROS.-PICTURES-COMPANY-LIMITED-BEIJING-MODERN-SKY-CULTURE-DEVELOPMENT-COLTD-300x158.jpg 300w, https:\/\/www.allersretoursasso.fr\/wp-content\/uploads\/2024\/01\/1-c-NEZHA-BROS.-PICTURES-COMPANY-LIMITED-BEIJING-MODERN-SKY-CULTURE-DEVELOPMENT-COLTD-768x405.jpg 768w, https:\/\/www.allersretoursasso.fr\/wp-content\/uploads\/2024\/01\/1-c-NEZHA-BROS.-PICTURES-COMPANY-LIMITED-BEIJING-MODERN-SKY-CULTURE-DEVELOPMENT-COLTD-1536x810.jpg 1536w, https:\/\/www.allersretoursasso.fr\/wp-content\/uploads\/2024\/01\/1-c-NEZHA-BROS.-PICTURES-COMPANY-LIMITED-BEIJING-MODERN-SKY-CULTURE-DEVELOPMENT-COLTD-18x9.jpg 18w, https:\/\/www.allersretoursasso.fr\/wp-content\/uploads\/2024\/01\/1-c-NEZHA-BROS.-PICTURES-COMPANY-LIMITED-BEIJING-MODERN-SKY-CULTURE-DEVELOPMENT-COLTD-350x185.jpg 350w, https:\/\/www.allersretoursasso.fr\/wp-content\/uploads\/2024\/01\/1-c-NEZHA-BROS.-PICTURES-COMPANY-LIMITED-BEIJING-MODERN-SKY-CULTURE-DEVELOPMENT-COLTD.jpg 1890w\" sizes=\"(max-width: 767px) 89vw, (max-width: 1000px) 54vw, (max-width: 1071px) 543px, 580px\" \/><\/figure>\n\n\n\n<figure class=\"wp-block-embed is-type-video is-provider-youtube wp-block-embed-youtube wp-embed-aspect-16-9 wp-has-aspect-ratio\"><div class=\"wp-block-embed__wrapper\">\n<iframe loading=\"lazy\" title=\"Art College 1994\" width=\"525\" height=\"295\" src=\"https:\/\/www.youtube.com\/embed\/2Q9oLbesuwg?feature=oembed\" frameborder=\"0\" allow=\"accelerometer; autoplay; clipboard-write; encrypted-media; gyroscope; picture-in-picture; web-share\" allowfullscreen><\/iframe>\n<\/div><\/figure>\n\n\n\n<p><\/p>\n\n\n\n<div class=\"wp-block-columns is-layout-flex wp-container-core-columns-layout-1 wp-block-columns-is-layout-flex\">\n<div class=\"wp-block-column is-layout-flow wp-block-column-is-layout-flow\"><\/div>\n<\/div>\n\n\n\n<hr class=\"wp-block-separator has-alpha-channel-opacity\"\/>\n\n\n\n<div class=\"wp-block-columns is-layout-flex wp-container-core-columns-layout-2 wp-block-columns-is-layout-flex\">\n<div class=\"wp-block-column is-layout-flow wp-block-column-is-layout-flow\"><\/div>\n<\/div>\n\n\n\n<div class=\"wp-block-columns is-layout-flex wp-container-core-columns-layout-3 wp-block-columns-is-layout-flex\">\n<div class=\"wp-block-column is-layout-flow wp-block-column-is-layout-flow\" style=\"flex-basis:33.33%\">\n<figure class=\"wp-block-image size-large\"><img loading=\"lazy\" decoding=\"async\" width=\"784\" height=\"1024\" src=\"https:\/\/www.allersretoursasso.fr\/wp-content\/uploads\/2024\/01\/c-Liu-Jian-784x1024.jpeg\" alt=\"\" class=\"wp-image-4450\" srcset=\"https:\/\/www.allersretoursasso.fr\/wp-content\/uploads\/2024\/01\/c-Liu-Jian-784x1024.jpeg 784w, https:\/\/www.allersretoursasso.fr\/wp-content\/uploads\/2024\/01\/c-Liu-Jian-230x300.jpeg 230w, https:\/\/www.allersretoursasso.fr\/wp-content\/uploads\/2024\/01\/c-Liu-Jian-768x1003.jpeg 768w, https:\/\/www.allersretoursasso.fr\/wp-content\/uploads\/2024\/01\/c-Liu-Jian-1177x1536.jpeg 1177w, https:\/\/www.allersretoursasso.fr\/wp-content\/uploads\/2024\/01\/c-Liu-Jian-1569x2048.jpeg 1569w, https:\/\/www.allersretoursasso.fr\/wp-content\/uploads\/2024\/01\/c-Liu-Jian-9x12.jpeg 9w, https:\/\/www.allersretoursasso.fr\/wp-content\/uploads\/2024\/01\/c-Liu-Jian-350x457.jpeg 350w, https:\/\/www.allersretoursasso.fr\/wp-content\/uploads\/2024\/01\/c-Liu-Jian-scaled.jpeg 1961w\" sizes=\"(max-width: 767px) 89vw, (max-width: 1000px) 54vw, (max-width: 1071px) 543px, 580px\" \/><\/figure>\n<\/div>\n\n\n\n<div class=\"wp-block-column is-layout-flow wp-block-column-is-layout-flow\" style=\"flex-basis:66.66%\">\n<p><strong><strong>\u00c0 propos de<\/strong> LIU Jian<\/strong><\/p>\n\n\n\n<p class=\"has-small-font-size\"><\/p>\n<\/div>\n<\/div>\n\n\n\n<p class=\"has-small-font-size\"><\/p>\n\n\n\n<p class=\"has-small-font-size\">Liu Jian, n\u00e9 en Chine en 1969, est dipl\u00f4m\u00e9 en peinture chinoise au <em>Nanjing Art Institute<\/em> en 1993. Il s&#8217;est depuis distingu\u00e9 dans divers domaines de l&#8217;art moderne en Chine comme \u00e0 l&#8217;\u00e9tranger. D\u00e8s 1995, il commence \u00e0 exp\u00e9rimenter avec l&#8217;animation et en 2007 il fonde le studio d&#8217;animation <em>Le-joy<\/em>. En 2010, son premier long m\u00e9trage d&#8217;animation, <em>Piercing 1<\/em>, a \u00e9t\u00e9 accueilli dans de nombreux festivals, dont le Holland Animation Film Festival, le festival d&#8217;Annecy, et le Hong Kong International Film Festival et a gagn\u00e9 le prix du meilleur film d&#8217;animation aux quatri\u00e8mes <em>Asia Pacific Screen Awards<\/em>. En 2017, son deuxi\u00e8me film <em>Have a nice day<\/em> participe \u00e0 plus de 50 festivals \u00e0 travers le monde. Liu Jian enseigne aussi l&#8217;animation \u00e0 la<em> China Academy of Art.<\/em><\/p>\n\n\n\n<p class=\"has-small-font-size\"><\/p>\n\n\n\n<p class=\"has-small-font-size\"><\/p>\n\n\n\n<hr class=\"wp-block-separator has-alpha-channel-opacity is-style-wide\"\/>\n\n\n\n<div class=\"wp-block-columns is-layout-flex wp-container-core-columns-layout-4 wp-block-columns-is-layout-flex\">\n<div class=\"wp-block-column is-layout-flow wp-block-column-is-layout-flow\"><\/div>\n<\/div>\n\n\n\n<div class=\"wp-block-columns is-layout-flex wp-container-core-columns-layout-6 wp-block-columns-is-layout-flex\">\n<div class=\"wp-block-column is-layout-flow wp-block-column-is-layout-flow\" style=\"flex-basis:100%\">\n<div class=\"wp-block-columns is-layout-flex wp-container-core-columns-layout-5 wp-block-columns-is-layout-flex\">\n<div class=\"wp-block-column is-layout-flow wp-block-column-is-layout-flow\" style=\"flex-basis:50%\">\n<div class=\"wp-block-buttons is-content-justification-center is-layout-flex wp-container-core-buttons-layout-1 wp-block-buttons-is-layout-flex\">\n<div class=\"wp-block-button has-custom-width wp-block-button__width-75 has-custom-font-size is-style-outline\" style=\"font-size:16px\"><a class=\"wp-block-button__link has-black-color has-white-background-color has-text-color has-background wp-element-button\" href=\"https:\/\/www.billetweb.fr\/far2024\" target=\"_blank\" rel=\"noreferrer noopener\">R\u00e9servez vos billets (Paris)<br>\u7ebf\u4e0a\u8d2d\u7968\uff08\u5df4\u9ece\uff09<\/a><\/div>\n<\/div>\n<\/div>\n\n\n\n<div class=\"wp-block-column is-layout-flow wp-block-column-is-layout-flow\" style=\"flex-basis:50%\">\n<div class=\"wp-block-buttons is-content-justification-center is-layout-flex wp-container-core-buttons-layout-2 wp-block-buttons-is-layout-flex\">\n<div class=\"wp-block-button has-custom-width wp-block-button__width-75 has-custom-font-size is-style-outline\" style=\"font-size:16px\"><a class=\"wp-block-button__link has-black-color has-white-background-color has-text-color has-background wp-element-button\" href=\"https:\/\/www.billetweb.fr\/far2024-lyon\" target=\"_blank\" rel=\"noreferrer noopener\">R\u00e9servez vos billets (Lyon)<br>\u7ebf\u4e0a\u8d2d\u7968\uff08\u91cc\u6602\uff09<\/a><\/div>\n<\/div>\n<\/div>\n<\/div>\n<\/div>\n<\/div>\n\n\n\n<p><\/p>\n\n\n\n<div class=\"wp-block-columns is-layout-flex wp-container-core-columns-layout-7 wp-block-columns-is-layout-flex\">\n<div class=\"wp-block-column is-layout-flow wp-block-column-is-layout-flow\">\n<p class=\"has-text-align-center\"><strong>Dimanche 04 f\u00e9vrier \u00e0 20h30 au<\/strong><br><strong><strong>Studio des Ursulines\u5f71\u9662<\/strong><\/strong><br>10 Rue des Ursulines, 75005 Paris<\/p>\n<\/div>\n\n\n\n<div class=\"wp-block-column is-layout-flow wp-block-column-is-layout-flow\">\n<p class=\"has-text-align-center\"><strong>Vendredi<strong> 16 f\u00e9vrier \u00e0 <strong>20h30<\/strong><\/strong> \u4e8e<\/strong><br><strong><strong><strong>Cin\u00e9ma Lumi\u00e8re Fourmi<\/strong><\/strong><\/strong><br>68 Rue Pierre Corneille, 69003 Lyon<\/p>\n<\/div>\n<\/div>\n\n\n\n<div class=\"wp-block-cover is-light\" style=\"min-height:349px\"><span aria-hidden=\"true\" class=\"wp-block-cover__background has-white-background-color has-background-dim\"><\/span><div class=\"wp-block-cover__inner-container is-layout-flow wp-block-cover-is-layout-flow\">\n<div class=\"wp-block-group is-layout-flow wp-block-group-is-layout-flow\"><div class=\"wp-block-group__inner-container\">\n<figure class=\"wp-block-image size-large\"><img loading=\"lazy\" decoding=\"async\" width=\"1024\" height=\"342\" src=\"https:\/\/www.allersretoursasso.fr\/wp-content\/uploads\/2024\/01\/Twitter-banner-1024x342.png\" alt=\"\" class=\"wp-image-4327\" srcset=\"https:\/\/www.allersretoursasso.fr\/wp-content\/uploads\/2024\/01\/Twitter-banner-1024x342.png 1024w, https:\/\/www.allersretoursasso.fr\/wp-content\/uploads\/2024\/01\/Twitter-banner-300x100.png 300w, https:\/\/www.allersretoursasso.fr\/wp-content\/uploads\/2024\/01\/Twitter-banner-768x257.png 768w, https:\/\/www.allersretoursasso.fr\/wp-content\/uploads\/2024\/01\/Twitter-banner-18x6.png 18w, https:\/\/www.allersretoursasso.fr\/wp-content\/uploads\/2024\/01\/Twitter-banner-350x117.png 350w, https:\/\/www.allersretoursasso.fr\/wp-content\/uploads\/2024\/01\/Twitter-banner.png 1500w\" sizes=\"(max-width: 767px) 89vw, (max-width: 1000px) 54vw, (max-width: 1071px) 543px, 580px\" \/><\/figure>\n<\/div><\/div>\n<\/div><\/div>\n\n\n\n<div class=\"wp-block-group is-layout-flow wp-block-group-is-layout-flow\"><div class=\"wp-block-group__inner-container\">\n<p class=\"has-text-align-center\" style=\"font-size:15px\"><\/p>\n<\/div><\/div>\n\n\n\n<p class=\"has-text-align-center has-white-color has-text-color\" style=\"font-size:15px\"> 19h45 aux Ursuline<\/p>\n\n\n\n<p class=\"has-text-align-center has-white-color has-text-color\" style=\"font-size:15px\">06 octobre \u00e0 19h45 aux Ursulines<\/p>","protected":false},"excerpt":{"rendered":"<p>2023 \/ 118\u2019 \/ Mandarin \/ VOSTF \/ Fiction, Animation Portrait de la jeunesse \u00e9tudiante au d\u00e9but des ann\u00e9es 1990, alors que la Chine s&#8217;ouvre au monde occidental. Des jeunes plasticiens et de jeunes musiciennes tentent de profiter pleinement de leur jeunesse, confront\u00e9s aux al\u00e9as de leurs vies sentimentales et \u00e0 leurs propres aspirations artistiques. &hellip; <\/p>\n<p class=\"link-more\"><a href=\"https:\/\/www.allersretoursasso.fr\/zh\/festival2024-art-college-1994\/\" class=\"more-link\">\u7ee7\u7eed\u9605\u8bfb<span class=\"screen-reader-text\">\u201cFestival Allers-Retours 2024  &#8211; Art College 1994\u201d<\/span><\/a><\/p>","protected":false},"author":15,"featured_media":0,"parent":0,"menu_order":0,"comment_status":"closed","ping_status":"closed","template":"","meta":{"footnotes":""},"_links":{"self":[{"href":"https:\/\/www.allersretoursasso.fr\/zh\/wp-json\/wp\/v2\/pages\/4435"}],"collection":[{"href":"https:\/\/www.allersretoursasso.fr\/zh\/wp-json\/wp\/v2\/pages"}],"about":[{"href":"https:\/\/www.allersretoursasso.fr\/zh\/wp-json\/wp\/v2\/types\/page"}],"author":[{"embeddable":true,"href":"https:\/\/www.allersretoursasso.fr\/zh\/wp-json\/wp\/v2\/users\/15"}],"replies":[{"embeddable":true,"href":"https:\/\/www.allersretoursasso.fr\/zh\/wp-json\/wp\/v2\/comments?post=4435"}],"version-history":[{"count":5,"href":"https:\/\/www.allersretoursasso.fr\/zh\/wp-json\/wp\/v2\/pages\/4435\/revisions"}],"predecessor-version":[{"id":4685,"href":"https:\/\/www.allersretoursasso.fr\/zh\/wp-json\/wp\/v2\/pages\/4435\/revisions\/4685"}],"wp:attachment":[{"href":"https:\/\/www.allersretoursasso.fr\/zh\/wp-json\/wp\/v2\/media?parent=4435"}],"curies":[{"name":"wp","href":"https:\/\/api.w.org\/{rel}","templated":true}]}}