{"id":4504,"date":"2024-01-15T04:01:43","date_gmt":"2024-01-15T03:01:43","guid":{"rendered":"https:\/\/www.allersretoursasso.fr\/?page_id=4504"},"modified":"2024-01-30T09:52:03","modified_gmt":"2024-01-30T08:52:03","slug":"festvail2024-dialogue-avec-wang-bing","status":"publish","type":"page","link":"https:\/\/www.allersretoursasso.fr\/zh\/festvail2024-dialogue-avec-wang-bing\/","title":{"rendered":"Festival Allers Retours 2024  &#8211;  dialogue avec Wang Bing"},"content":{"rendered":"<div id=\"fb-root\"><\/div>\n\n<h2 class=\"wp-block-heading has-text-align-center\" style=\"font-size:30px;font-style:normal;font-weight:500\">Dialogue avec Wang Bing<\/h2>\n\n\n\n<p class=\"has-text-align-center\"><strong>Dimanche 4 f\u00e9vrier 2024 \u00e0 14h00<\/strong><br>au Mus\u00e9e national des arts asiatiques-Guimet<br><em>Pr\u00e9c\u00e9d\u00e9 d&#8217;une projection surprise<\/em><\/p>\n\n\n\n<p class=\"has-text-align-center\">\u514d\u8d39\u5165\u573a<\/p>\n\n\n<div class=\"wp-block-image\">\n<figure class=\"aligncenter size-large\"><img loading=\"lazy\" decoding=\"async\" width=\"1024\" height=\"576\" src=\"https:\/\/www.allersretoursasso.fr\/wp-content\/uploads\/2024\/01\/\u738b\u5175_profile-edited-1-1024x576.png\" alt=\"\" class=\"wp-image-4557\" srcset=\"https:\/\/www.allersretoursasso.fr\/wp-content\/uploads\/2024\/01\/\u738b\u5175_profile-edited-1-1024x576.png 1024w, https:\/\/www.allersretoursasso.fr\/wp-content\/uploads\/2024\/01\/\u738b\u5175_profile-edited-1-300x169.png 300w, https:\/\/www.allersretoursasso.fr\/wp-content\/uploads\/2024\/01\/\u738b\u5175_profile-edited-1-768x432.png 768w, https:\/\/www.allersretoursasso.fr\/wp-content\/uploads\/2024\/01\/\u738b\u5175_profile-edited-1-1536x864.png 1536w, https:\/\/www.allersretoursasso.fr\/wp-content\/uploads\/2024\/01\/\u738b\u5175_profile-edited-1-18x10.png 18w, https:\/\/www.allersretoursasso.fr\/wp-content\/uploads\/2024\/01\/\u738b\u5175_profile-edited-1-350x197.png 350w, https:\/\/www.allersretoursasso.fr\/wp-content\/uploads\/2024\/01\/\u738b\u5175_profile-edited-1.png 1749w\" sizes=\"(max-width: 767px) 89vw, (max-width: 1000px) 54vw, (max-width: 1071px) 543px, 580px\" \/><\/figure><\/div>\n\n\n<p class=\"has-text-align-left\" style=\"font-size:15px\">Cette ann\u00e9e, le Festival Allers-Retours vous donne rendez-vous le dimanche 4 f\u00e9vrier 2024 \u00e0 14h au Mus\u00e9e Guimet pour <strong>un \u00e9change exceptionnel<\/strong> avec WANG Bing.<\/p>\n\n\n\n<p>Depuis qu&#8217;il a actionn\u00e9 sa cam\u00e9ra DV en 1999 pour filmer la fin d&#8217;un complexe industriel dans le nord-est de la Chine dans \u00c0 l&#8217;ouest des rails, WANG Bing n&#8217;a cess\u00e9 de contribuer \u00e0 faire \u00e9voluer le cin\u00e9ma documentaire, celui qui saisit au plus pr\u00e8s la r\u00e9alit\u00e9 des personnes aux marges de la soci\u00e9t\u00e9.<\/p>\n\n\n\n<p><strong>L&#8217;\u00e9v\u00e9nement d\u00e9butera avec la projection d&#8217;un film surprise du r\u00e9alisateur<\/strong>, suivi \u00e0 <strong>15h<\/strong> d&#8217;un \u00e9change avec l&#8217;auteur dans lequel il reviendra sur son exp\u00e9rience cr\u00e9ative et sa m\u00e9thodologie. La rencontre sera anim\u00e9e par <strong>WANG Muyan, critique de cin\u00e9ma<\/strong>.<\/p>\n\n\n\n<p>1999\u5e74\u738b\u5175\u5bfc\u6f14\u62ff\u8d77DV\uff0c\u5f00\u59cb\u5728\u4e2d\u56fd\u4e1c\u5317\u8bb0\u5f55\u6d69\u8361\u5de5\u4e1a\u533a\u7684\u6ca1\u843d\u4e0e\u8870\u8d25\uff0c\u81ea\u6b64\u4ed6\u7684\u7535\u5f71\u955c\u5934\u5c31\u805a\u7126\u4e8e\u793e\u4f1a\u8fb9\u7f18\u7fa4\u4f53\u7684\u751f\u6d3b\u73b0\u72b6\uff0c\u5e76\u4ee5\u6b64\u4e0d\u65ad\u63a8\u52a8\u7740\u4e2d\u56fd\u7eaa\u5b9e\u5f71\u50cf\u7684\u53d1\u5c55\u3002&nbsp;<\/p>\n\n\n\n<p>2\u67084\u65e5\u4e0b\u5348\u4e24\u70b9\u4e8e\u5df4\u9ece\u5409\u7f8e\u56fd\u7acb\u4e9a\u6d32\u827a\u672f\u535a\u7269\u9986\uff0c\u6211\u4eec\u6709\u5e78\u9080\u8bf7\u5230\u8457\u540d\u7eaa\u5f55\u7247\u5bfc\u6f14\u738b\u5175\u8fdb\u884c\u4e00\u573a\u6df1\u5165\u7684\u5bf9\u8c08\uff0c\u5bf9\u8c08\u524d\u5c06\u8bbe\u6709\u4e00\u573a\u738b\u5175\u5bfc\u6f14\u4f5c\u54c1\u7684\u7279\u522b\u653e\u6620\uff0c\u4e4b\u540e\u8fdb\u5165\u7531\u5f71\u8bc4\u4eba\u738b\u7a46\u5ca9\u4e3b\u6301\u7684\u5bf9\u8c08\u73af\u8282\uff0c\u6f2b\u8c08\u5bfc\u6f14\u903e\u4e8c\u5341\u4e94\u5e74\u7684\u521b\u4f5c\u7ecf\u5386\u3002<\/p>\n\n\n\n<div class=\"wp-block-columns alignfull is-not-stacked-on-mobile is-layout-flex wp-container-core-columns-layout-2 wp-block-columns-is-layout-flex\">\n<div class=\"wp-block-column is-layout-flow wp-block-column-is-layout-flow\" style=\"flex-basis:50%\">\n<div class=\"wp-block-cover is-light\" style=\"min-height:397px\"><span aria-hidden=\"true\" class=\"wp-block-cover__background has-background-dim-100 has-background-dim\" style=\"background-color:#f6f6f6\"><\/span><div class=\"wp-block-cover__inner-container is-layout-flow wp-block-cover-is-layout-flow\"><div class=\"wp-block-image\">\n<figure class=\"aligncenter size-full\"><img loading=\"lazy\" decoding=\"async\" width=\"512\" height=\"512\" src=\"https:\/\/www.allersretoursasso.fr\/wp-content\/uploads\/2023\/01\/Wang-Muyan_portrait.jpeg\" alt=\"\" class=\"wp-image-3291\" srcset=\"https:\/\/www.allersretoursasso.fr\/wp-content\/uploads\/2023\/01\/Wang-Muyan_portrait.jpeg 512w, https:\/\/www.allersretoursasso.fr\/wp-content\/uploads\/2023\/01\/Wang-Muyan_portrait-300x300.jpeg 300w, https:\/\/www.allersretoursasso.fr\/wp-content\/uploads\/2023\/01\/Wang-Muyan_portrait-150x150.jpeg 150w, https:\/\/www.allersretoursasso.fr\/wp-content\/uploads\/2023\/01\/Wang-Muyan_portrait-12x12.jpeg 12w, https:\/\/www.allersretoursasso.fr\/wp-content\/uploads\/2023\/01\/Wang-Muyan_portrait-100x100.jpeg 100w, https:\/\/www.allersretoursasso.fr\/wp-content\/uploads\/2023\/01\/Wang-Muyan_portrait-350x350.jpeg 350w\" sizes=\"(max-width: 512px) 100vw, 512px\" \/><\/figure><\/div><\/div><\/div>\n<\/div>\n\n\n\n<div class=\"wp-block-column is-vertically-aligned-center is-layout-flow wp-block-column-is-layout-flow\" style=\"padding-top:1em;padding-right:1em;padding-bottom:1em;padding-left:1em\">\n<div class=\"wp-block-columns is-layout-flex wp-container-core-columns-layout-1 wp-block-columns-is-layout-flex\">\n<div class=\"wp-block-column is-layout-flow wp-block-column-is-layout-flow\" style=\"flex-basis:320px\">\n<p class=\"has-small-font-size\" style=\"line-height:1.6\"><\/p>\n\n\n\n<p style=\"font-size:14px\"><strong>WANG Muyan \u738b\u7a46\u5ca9<\/strong><\/p>\n\n\n\n<p class=\"has-small-font-size\" style=\"line-height:1.6\">\u5c45\u4f4f\u4e8e\u5df4\u9ece\u7684\u5f71\u8bc4\u4eba\uff0c\u621b\u7eb3\u7535\u5f71\u8282\u5bfc\u6f14\u53cc\u5468\u9009\u7247\u59d4\u5458\u4f1a\u6210\u5458\u3002<\/p>\n<\/div>\n<\/div>\n<\/div>\n<\/div>\n\n\n\n<div class=\"wp-block-group is-vertical is-content-justification-center is-layout-flex wp-container-core-group-layout-1 wp-block-group-is-layout-flex\">\n<div class=\"wp-block-buttons is-layout-flex wp-block-buttons-is-layout-flex\">\n<div class=\"wp-block-button has-custom-width wp-block-button__width-100 has-custom-font-size is-style-outline\" style=\"font-size:18px\"><a class=\"wp-block-button__link has-white-background-color has-background wp-element-button\" href=\"https:\/\/www.billetweb.fr\/far2024\" style=\"border-radius:10px\" target=\"_blank\" rel=\"noreferrer noopener\">R\u00e9servez vos places \u9884\u7ea6\u672c\u6d3b\u52a8<\/a><\/div>\n<\/div>\n\n\n<p class=\"fonts-plugin-block\" style=\"font-weight: normal\"><\/p><\/div>\n\n\n\n<div class=\"wp-block-buttons is-content-justification-center is-layout-flex wp-container-core-buttons-layout-2 wp-block-buttons-is-layout-flex\">\n<div class=\"wp-block-button has-custom-width wp-block-button__width-50 has-custom-font-size has-medium-font-size\"><a class=\"wp-block-button__link has-background wp-element-button\" href=\"https:\/\/www.allersretoursasso.fr\/zh\/annee-festival-2024\/\" style=\"border-radius:10px;background-color:#98c9e8\" target=\"_blank\" rel=\"noreferrer noopener\">2023\u5e74\u5b8c\u6574\u9009\u7247<\/a><\/div>\n<\/div>\n\n\n\n<p class=\"has-text-align-right\"><a href=\"https:\/\/www.allersretoursasso.fr\/zh\/infos-pratiques\/\" target=\"_blank\" rel=\"noreferrer noopener\">\u5b9e\u7528\u4fe1\u606f &gt;&gt;<\/a> <\/p>\n\n\n\n<p><mark style=\"background-color:rgba(0, 0, 0, 0)\" class=\"has-inline-color has-white-color\">000000<\/mark><\/p>\n\n\n\n<p><\/p>\n\n\n\n<figure class=\"wp-block-image size-large\"><a href=\"https:\/\/www.allersretoursasso.fr\/zh\/2024\/01\/10\/selection-2024\/\"><img loading=\"lazy\" decoding=\"async\" width=\"1024\" height=\"342\" src=\"https:\/\/www.allersretoursasso.fr\/wp-content\/uploads\/2024\/01\/Twitter-banner-1024x342.png\" alt=\"\" class=\"wp-image-4327\" srcset=\"https:\/\/www.allersretoursasso.fr\/wp-content\/uploads\/2024\/01\/Twitter-banner-1024x342.png 1024w, https:\/\/www.allersretoursasso.fr\/wp-content\/uploads\/2024\/01\/Twitter-banner-300x100.png 300w, https:\/\/www.allersretoursasso.fr\/wp-content\/uploads\/2024\/01\/Twitter-banner-768x257.png 768w, https:\/\/www.allersretoursasso.fr\/wp-content\/uploads\/2024\/01\/Twitter-banner-18x6.png 18w, https:\/\/www.allersretoursasso.fr\/wp-content\/uploads\/2024\/01\/Twitter-banner-350x117.png 350w, https:\/\/www.allersretoursasso.fr\/wp-content\/uploads\/2024\/01\/Twitter-banner.png 1500w\" sizes=\"(max-width: 767px) 89vw, (max-width: 1000px) 54vw, (max-width: 1071px) 543px, 580px\" \/><\/a><\/figure>\n\n\n\n<p><\/p>\n\n\n\n<div class=\"wp-block-group is-layout-flow wp-block-group-is-layout-flow\"><div class=\"wp-block-group__inner-container\">\n<p class=\"has-text-align-center\" style=\"font-size:15px\"><\/p>\n<\/div><\/div>\n\n\n\n<p class=\"has-text-align-center has-white-color has-text-color\" style=\"font-size:15px\"> 19h45 aux Ursuline<\/p>\n\n\n\n<p class=\"has-text-align-center has-white-color has-text-color\" style=\"font-size:15px\">06 octobre \u00e0 19h45 aux Ursulines<\/p>","protected":false},"excerpt":{"rendered":"<p>Dialogue avec Wang Bing Dimanche 4 f\u00e9vrier 2024 \u00e0 14h00au Mus\u00e9e national des arts asiatiques-GuimetPr\u00e9c\u00e9d\u00e9 d&#8217;une projection surprise Entr\u00e9e libre Cette ann\u00e9e, le Festival Allers-Retours vous donne rendez-vous le dimanche 4 f\u00e9vrier 2024 \u00e0 14h au Mus\u00e9e Guimet pour un \u00e9change exceptionnel avec WANG Bing. Depuis qu&#8217;il a actionn\u00e9 sa cam\u00e9ra DV en 1999 pour &hellip; <\/p>\n<p class=\"link-more\"><a href=\"https:\/\/www.allersretoursasso.fr\/zh\/festvail2024-dialogue-avec-wang-bing\/\" class=\"more-link\">\u7ee7\u7eed\u9605\u8bfb<span class=\"screen-reader-text\">\u201cFestival Allers Retours 2024  &#8211;  dialogue avec Wang Bing\u201d<\/span><\/a><\/p>","protected":false},"author":15,"featured_media":0,"parent":0,"menu_order":0,"comment_status":"closed","ping_status":"closed","template":"","meta":{"footnotes":""},"_links":{"self":[{"href":"https:\/\/www.allersretoursasso.fr\/zh\/wp-json\/wp\/v2\/pages\/4504"}],"collection":[{"href":"https:\/\/www.allersretoursasso.fr\/zh\/wp-json\/wp\/v2\/pages"}],"about":[{"href":"https:\/\/www.allersretoursasso.fr\/zh\/wp-json\/wp\/v2\/types\/page"}],"author":[{"embeddable":true,"href":"https:\/\/www.allersretoursasso.fr\/zh\/wp-json\/wp\/v2\/users\/15"}],"replies":[{"embeddable":true,"href":"https:\/\/www.allersretoursasso.fr\/zh\/wp-json\/wp\/v2\/comments?post=4504"}],"version-history":[{"count":13,"href":"https:\/\/www.allersretoursasso.fr\/zh\/wp-json\/wp\/v2\/pages\/4504\/revisions"}],"predecessor-version":[{"id":4823,"href":"https:\/\/www.allersretoursasso.fr\/zh\/wp-json\/wp\/v2\/pages\/4504\/revisions\/4823"}],"wp:attachment":[{"href":"https:\/\/www.allersretoursasso.fr\/zh\/wp-json\/wp\/v2\/media?parent=4504"}],"curies":[{"name":"wp","href":"https:\/\/api.w.org\/{rel}","templated":true}]}}