{"id":4737,"date":"2024-01-18T18:23:55","date_gmt":"2024-01-18T17:23:55","guid":{"rendered":"https:\/\/www.allersretoursasso.fr\/?page_id=4737"},"modified":"2024-01-18T18:25:15","modified_gmt":"2024-01-18T17:25:15","slug":"en-savoir-plus","status":"publish","type":"page","link":"https:\/\/www.allersretoursasso.fr\/zh\/qui-sommes-nous\/en-savoir-plus\/","title":{"rendered":"En savoir plus"},"content":{"rendered":"<div id=\"fb-root\"><\/div>\n\n<div class=\"wp-block-columns alignwide is-layout-flex wp-container-core-columns-layout-1 wp-block-columns-is-layout-flex\" style=\"margin-bottom:0\">\n<div class=\"wp-block-column has-text-color has-background has-link-color wp-elements-26bef91a5b18486bf5fd5830651ff955 is-layout-flow wp-block-column-is-layout-flow\" style=\"color:#000000;background-color:#ffe97d;padding-top:2em;padding-right:2em;padding-bottom:2em;padding-left:2em\">\n<h2 class=\"wp-block-heading\" id=\"single\" style=\"font-size:31px\"><strong>Qui sommes nous<\/strong> <strong>?<\/strong><\/h2>\n\n\n\n<p class=\"has-normal-font-size\" style=\"line-height:1.5\"><strong>Notre histoire et esprit. <\/strong><\/p>\n\n\n\n<hr class=\"wp-block-separator has-text-color has-css-opacity has-background is-style-wide\" style=\"background-color:#000000;color:#000000\"\/>\n\n\n\n<p style=\"font-size:15px\"><strong>\u4e2d\u3001\u6cd5\u7535\u5f71\u7231\u597d\u8005\u6210\u7acb\u7684\u5fd7\u613f\u7ec4\u7ec7Allers-Retours\u534f\u4f1a<\/strong>\u00a0est une association fond\u00e9e principalement dans le but d\u2019organiser et de p\u00e9renniser le\u00a0<strong>Festival du Cin\u00e9ma d\u2019Auteur Chinois<\/strong>, dont la premi\u00e8re \u00e9dition s\u2019est tenu en janvier 2018 au Studio des Ursulines&#8230;<\/p>\n\n\n\n<div class=\"wp-block-buttons alignfull is-horizontal is-content-justification-center is-layout-flex wp-container-core-buttons-layout-1 wp-block-buttons-is-layout-flex\">\n<div class=\"wp-block-button has-custom-width wp-block-button__width-100\"><a class=\"wp-block-button__link has-white-color has-text-color has-background no-border-radius wp-element-button\" href=\"https:\/\/www.allersretoursasso.fr\/zh\/qui-sommes-nous\/\" style=\"background-color:#000000\">En savoir plus<\/a><\/div>\n<\/div>\n<\/div>\n\n\n\n<div class=\"wp-block-column has-text-color has-background has-link-color wp-elements-0f3d32fc0eca0f9ba249d53868285653 is-layout-flow wp-block-column-is-layout-flow\" style=\"color:#000000;background-color:#c0ebf1;padding-top:2em;padding-right:2em;padding-bottom:2em;padding-left:2em\">\n<h2 class=\"wp-block-heading\" id=\"patron\" style=\"font-size:31px\"><strong>\u5408\u4f5c\u4f19\u4f34<\/strong><\/h2>\n\n\n\n<p class=\"has-normal-font-size\"><strong>Collaborations.<\/strong><\/p>\n\n\n\n<hr class=\"wp-block-separator has-css-opacity is-style-wide\"\/>\n\n\n\n<p style=\"font-size:15px\">Allers-Retours remercie tous nos partenaires !<\/p>\n\n\n\n<div class=\"wp-block-buttons alignfull is-horizontal is-content-justification-center is-layout-flex wp-container-core-buttons-layout-2 wp-block-buttons-is-layout-flex\">\n<div class=\"wp-block-button has-custom-width wp-block-button__width-100\"><a class=\"wp-block-button__link has-white-color has-text-color has-background no-border-radius wp-element-button\" href=\"https:\/\/www.allersretoursasso.fr\/zh\/partenaires\/\" style=\"background-color:#000000\">En savoir plus<\/a><\/div>\n<\/div>\n<\/div>\n<\/div>\n\n\n\n<p><\/p>\n\n\n\n<div class=\"wp-block-columns alignwide is-layout-flex wp-container-core-columns-layout-2 wp-block-columns-is-layout-flex\" style=\"margin-bottom:0\">\n<div class=\"wp-block-column has-text-color has-background has-link-color wp-elements-76d279760a9badd53cbc833253349dcc is-layout-flow wp-block-column-is-layout-flow\" style=\"color:#000000;background-color:#d1d1e1;padding-top:2em;padding-right:2em;padding-bottom:2em;padding-left:2em\">\n<h2 class=\"wp-block-heading\" id=\"family\" style=\"font-size:31px\"><strong>\u6210\u4e3a\u5fd7\u613f\u8005<\/strong><\/h2>\n\n\n\n<p class=\"has-normal-font-size\" style=\"line-height:1.5\"><strong>\u52a0\u5165\u56e2\u961f<\/strong><\/p>\n\n\n\n<hr class=\"wp-block-separator has-css-opacity is-style-wide\"\/>\n\n\n\n<p style=\"font-size:15px\"><strong>Vous \u00eates passionn\u00e9 de cin\u00e9ma ? <\/strong>Vous voulez soutenir la cr\u00e9ation ind\u00e9pendante ? Vous recherchez une exp\u00e9rience dans l\u2019\u00e9v\u00e9nementiel ? Alors n\u2019attendez plus&#8230;<\/p>\n\n\n\n<div class=\"wp-block-buttons alignfull is-horizontal is-content-justification-center is-layout-flex wp-container-core-buttons-layout-3 wp-block-buttons-is-layout-flex\">\n<div class=\"wp-block-button has-custom-width wp-block-button__width-100 is-style-fill\"><a class=\"wp-block-button__link has-white-color has-text-color has-background no-border-radius wp-element-button\" href=\"https:\/\/www.allersretoursasso.fr\/zh\/devenir-benevole\/\" style=\"background-color:#000000\">En savoir plus<\/a><\/div>\n<\/div>\n<\/div>\n\n\n\n<div class=\"wp-block-column has-text-color has-background has-link-color wp-elements-13c4cf1db90566a87bd5ee8812835a2f is-layout-flow wp-block-column-is-layout-flow\" style=\"color:#000000;background-color:#ffe97d;padding-top:2em;padding-right:2em;padding-bottom:2em;padding-left:2em\">\n<h2 class=\"wp-block-heading\" id=\"patron\" style=\"font-size:31px\"><strong>\u8d5e\u52a9\u6211\u4eec<\/strong><\/h2>\n\n\n\n<p class=\"has-normal-font-size\"><strong>Soutenez-nous encore plus.<\/strong><\/p>\n\n\n\n<hr class=\"wp-block-separator has-css-opacity is-style-wide\"\/>\n\n\n\n<p style=\"font-size:15px\"><strong>Nous sommes totalement ind\u00e9pendants<\/strong>. Votre contribution permettra de financer une partie des frais n\u00e9cessaires \u00e0 l\u2019organisation des projections. Elle permettra aussi au festival de continuer \u00e0 grandir tant en terme de qualit\u00e9 de programmation&#8230;<\/p>\n\n\n\n<div class=\"wp-block-buttons alignfull is-horizontal is-content-justification-center is-layout-flex wp-container-core-buttons-layout-4 wp-block-buttons-is-layout-flex\">\n<div class=\"wp-block-button has-custom-width wp-block-button__width-100\"><a class=\"wp-block-button__link has-white-color has-text-color has-background no-border-radius wp-element-button\" href=\"https:\/\/www.allersretoursasso.fr\/zh\/donation\/\" style=\"background-color:#000000\">En savoir plus<\/a><\/div>\n<\/div>\n<\/div>\n<\/div>","protected":false},"excerpt":{"rendered":"<p>Qui sommes nous ? Notre histoire et esprit. Allers-Retours\u00a0est une association fond\u00e9e principalement dans le but d\u2019organiser et de p\u00e9renniser le\u00a0Festival du Cin\u00e9ma d\u2019Auteur Chinois, dont la premi\u00e8re \u00e9dition s\u2019est tenu en janvier 2018 au Studio des Ursulines&#8230; Partenaires Collaborations. Allers-Retours remercie tous nos partenaires ! B\u00e9n\u00e9vole Rejoignez-nous ! Vous \u00eates passionn\u00e9 de cin\u00e9ma ? &hellip; <\/p>\n<p class=\"link-more\"><a href=\"https:\/\/www.allersretoursasso.fr\/zh\/qui-sommes-nous\/en-savoir-plus\/\" class=\"more-link\">\u7ee7\u7eed\u9605\u8bfb<span class=\"screen-reader-text\">\u201cEn savoir plus\u201d<\/span><\/a><\/p>","protected":false},"author":5,"featured_media":0,"parent":178,"menu_order":0,"comment_status":"closed","ping_status":"closed","template":"","meta":{"footnotes":""},"_links":{"self":[{"href":"https:\/\/www.allersretoursasso.fr\/zh\/wp-json\/wp\/v2\/pages\/4737"}],"collection":[{"href":"https:\/\/www.allersretoursasso.fr\/zh\/wp-json\/wp\/v2\/pages"}],"about":[{"href":"https:\/\/www.allersretoursasso.fr\/zh\/wp-json\/wp\/v2\/types\/page"}],"author":[{"embeddable":true,"href":"https:\/\/www.allersretoursasso.fr\/zh\/wp-json\/wp\/v2\/users\/5"}],"replies":[{"embeddable":true,"href":"https:\/\/www.allersretoursasso.fr\/zh\/wp-json\/wp\/v2\/comments?post=4737"}],"version-history":[{"count":4,"href":"https:\/\/www.allersretoursasso.fr\/zh\/wp-json\/wp\/v2\/pages\/4737\/revisions"}],"predecessor-version":[{"id":4741,"href":"https:\/\/www.allersretoursasso.fr\/zh\/wp-json\/wp\/v2\/pages\/4737\/revisions\/4741"}],"up":[{"embeddable":true,"href":"https:\/\/www.allersretoursasso.fr\/zh\/wp-json\/wp\/v2\/pages\/178"}],"wp:attachment":[{"href":"https:\/\/www.allersretoursasso.fr\/zh\/wp-json\/wp\/v2\/media?parent=4737"}],"curies":[{"name":"wp","href":"https:\/\/api.w.org\/{rel}","templated":true}]}}