{"id":4849,"date":"2024-05-28T16:48:37","date_gmt":"2024-05-28T14:48:37","guid":{"rendered":"https:\/\/www.allersretoursasso.fr\/?page_id=4849"},"modified":"2024-06-06T04:01:46","modified_gmt":"2024-06-06T02:01:46","slug":"ningbo-dingyuan-miscellaneous-records","status":"publish","type":"page","link":"https:\/\/www.allersretoursasso.fr\/zh\/ningbo-dingyuan-miscellaneous-records\/","title":{"rendered":"Ningbo Special Screening  &#8211; Dingyuan Miscellaneous Records"},"content":{"rendered":"<div id=\"fb-root\"><\/div>\n\n<div class=\"wp-block-media-text alignwide is-stacked-on-mobile\" style=\"grid-template-columns:41% auto\"><figure class=\"wp-block-media-text__media\"><img loading=\"lazy\" decoding=\"async\" width=\"717\" height=\"1024\" src=\"https:\/\/www.allersretoursasso.fr\/wp-content\/uploads\/2024\/05\/\u5b9a\u8fdc\u7ad6\u7248\u5927\u5c3a\u5bf8-717x1024.png\" alt=\"\" class=\"wp-image-4851 size-full\" srcset=\"https:\/\/www.allersretoursasso.fr\/wp-content\/uploads\/2024\/05\/\u5b9a\u8fdc\u7ad6\u7248\u5927\u5c3a\u5bf8-717x1024.png 717w, https:\/\/www.allersretoursasso.fr\/wp-content\/uploads\/2024\/05\/\u5b9a\u8fdc\u7ad6\u7248\u5927\u5c3a\u5bf8-210x300.png 210w, https:\/\/www.allersretoursasso.fr\/wp-content\/uploads\/2024\/05\/\u5b9a\u8fdc\u7ad6\u7248\u5927\u5c3a\u5bf8-768x1096.png 768w, https:\/\/www.allersretoursasso.fr\/wp-content\/uploads\/2024\/05\/\u5b9a\u8fdc\u7ad6\u7248\u5927\u5c3a\u5bf8-1076x1536.png 1076w, https:\/\/www.allersretoursasso.fr\/wp-content\/uploads\/2024\/05\/\u5b9a\u8fdc\u7ad6\u7248\u5927\u5c3a\u5bf8-8x12.png 8w, https:\/\/www.allersretoursasso.fr\/wp-content\/uploads\/2024\/05\/\u5b9a\u8fdc\u7ad6\u7248\u5927\u5c3a\u5bf8-350x500.png 350w, https:\/\/www.allersretoursasso.fr\/wp-content\/uploads\/2024\/05\/\u5b9a\u8fdc\u7ad6\u7248\u5927\u5c3a\u5bf8.png 1181w\" sizes=\"(max-width: 717px) 100vw, 717px\" \/><\/figure><div class=\"wp-block-media-text__content\">\n<div class=\"wp-block-group is-layout-flow wp-block-group-is-layout-flow\"><div class=\"wp-block-group__inner-container\">\n<div class=\"wp-block-group is-vertical is-layout-flex wp-container-core-group-layout-4 wp-block-group-is-layout-flex\">\n<div class=\"wp-block-group is-layout-flow wp-block-group-is-layout-flow\"><div class=\"wp-block-group__inner-container\">\n<div class=\"wp-block-group is-layout-flow wp-block-group-is-layout-flow\"><div class=\"wp-block-group__inner-container\">\n<div class=\"wp-block-group is-layout-flow wp-block-group-is-layout-flow\"><div class=\"wp-block-group__inner-container\">\n<p><\/p>\n\n\n\n<p style=\"font-size:30px;font-style:normal;font-weight:500\"><em><span style=\"font-weight: 400\"><strong><strong><strong>Dingyuan Miscellaneous Records<\/strong><\/strong><\/strong><\/span><\/em><br><strong>\u5b9a\u8fdc\u6742\u5f55<\/strong><\/p>\n\n\n\n<p class=\"has-medium-font-size\">LI Binbin<br>\u674e\u5f6c\u658c<\/p>\n\n\n\n<p class=\"has-small-font-size\"><a href=\"https:\/\/www.allersretoursasso.fr\/zh\/ningbo\/\">Ningbo Special Screening<\/a><\/p>\n<\/div><\/div>\n<\/div><\/div>\n<\/div><\/div>\n<\/div>\n<\/div><\/div>\n<\/div><\/div>\n\n\n\n<h2 class=\"wp-block-heading\"><\/h2>\n\n\n\n<p class=\"has-text-align-center has-small-font-size\"><em>2023 \/ 15&#8217;45 \/ Dialecte du Sud de Shaanxi \/ VOSTF \/ Fiction<\/em><\/p>\n\n\n\n<p class=\"has-text-align-left\" style=\"font-size:16px;line-height:1.5\">Alors qu&#8217;un chaman a d\u00e9cid\u00e9 de mettre fin \u00e0 sa carri\u00e8re, on lui demande de venir aider un esprit \u00e0 passer dans l&#8217;au-del\u00e0. Pendant ce temps, une vache s&#8217;appr\u00eate \u00e0 mettre bas.<\/p>\n\n\n\n<p>\u5df4\u5c71\u6df1\u5904\uff0c\u5b9b\u5982\u4e00\u5377\u795e\u9b3c\u5171\u5c45\uff0c\u4e07\u7269\u6709\u7075\u7684\u4e61\u571f\u4e16\u754c\u753b\u5377\u3002\u7aef\u516c\u9648\u81f4\u8fdc\u51b3\u5b9a\u4e0d\u518d\u4e3a\u4eba\u8d85\u6e21\uff0c\u5374\u5728\u68ee\u6797\u4e2d\u9047\u89c1\u4e00\u5934\u9ec4\u725b&#8230;<\/p>\n\n\n\n<figure class=\"wp-block-gallery has-nested-images columns-default is-cropped wp-block-gallery-1 is-layout-flex wp-block-gallery-is-layout-flex\">\n<figure class=\"wp-block-image size-large\"><img loading=\"lazy\" decoding=\"async\" width=\"1024\" height=\"540\" data-id=\"4852\" src=\"https:\/\/www.allersretoursasso.fr\/wp-content\/uploads\/2024\/05\/2023-07-27-142133-1024x540.jpg\" alt=\"\" class=\"wp-image-4852\" srcset=\"https:\/\/www.allersretoursasso.fr\/wp-content\/uploads\/2024\/05\/2023-07-27-142133-1024x540.jpg 1024w, https:\/\/www.allersretoursasso.fr\/wp-content\/uploads\/2024\/05\/2023-07-27-142133-300x158.jpg 300w, https:\/\/www.allersretoursasso.fr\/wp-content\/uploads\/2024\/05\/2023-07-27-142133-768x405.jpg 768w, https:\/\/www.allersretoursasso.fr\/wp-content\/uploads\/2024\/05\/2023-07-27-142133-1536x810.jpg 1536w, https:\/\/www.allersretoursasso.fr\/wp-content\/uploads\/2024\/05\/2023-07-27-142133-2048x1080.jpg 2048w, https:\/\/www.allersretoursasso.fr\/wp-content\/uploads\/2024\/05\/2023-07-27-142133-18x9.jpg 18w, https:\/\/www.allersretoursasso.fr\/wp-content\/uploads\/2024\/05\/2023-07-27-142133-350x185.jpg 350w\" sizes=\"(max-width: 767px) 89vw, (max-width: 1000px) 54vw, (max-width: 1071px) 543px, 580px\" \/><\/figure>\n\n\n\n<figure class=\"wp-block-image size-large\"><img loading=\"lazy\" decoding=\"async\" width=\"1024\" height=\"540\" data-id=\"4853\" src=\"https:\/\/www.allersretoursasso.fr\/wp-content\/uploads\/2024\/05\/2023-07-27-142128-1024x540.jpg\" alt=\"\" class=\"wp-image-4853\" srcset=\"https:\/\/www.allersretoursasso.fr\/wp-content\/uploads\/2024\/05\/2023-07-27-142128-1024x540.jpg 1024w, https:\/\/www.allersretoursasso.fr\/wp-content\/uploads\/2024\/05\/2023-07-27-142128-300x158.jpg 300w, https:\/\/www.allersretoursasso.fr\/wp-content\/uploads\/2024\/05\/2023-07-27-142128-768x405.jpg 768w, https:\/\/www.allersretoursasso.fr\/wp-content\/uploads\/2024\/05\/2023-07-27-142128-1536x810.jpg 1536w, https:\/\/www.allersretoursasso.fr\/wp-content\/uploads\/2024\/05\/2023-07-27-142128-2048x1080.jpg 2048w, https:\/\/www.allersretoursasso.fr\/wp-content\/uploads\/2024\/05\/2023-07-27-142128-18x9.jpg 18w, https:\/\/www.allersretoursasso.fr\/wp-content\/uploads\/2024\/05\/2023-07-27-142128-350x185.jpg 350w\" sizes=\"(max-width: 767px) 89vw, (max-width: 1000px) 54vw, (max-width: 1071px) 543px, 580px\" \/><\/figure>\n\n\n\n<figure class=\"wp-block-image size-large\"><img loading=\"lazy\" decoding=\"async\" width=\"1024\" height=\"540\" data-id=\"4854\" src=\"https:\/\/www.allersretoursasso.fr\/wp-content\/uploads\/2024\/05\/2023-07-27-142126-1024x540.jpg\" alt=\"\" class=\"wp-image-4854\" srcset=\"https:\/\/www.allersretoursasso.fr\/wp-content\/uploads\/2024\/05\/2023-07-27-142126-1024x540.jpg 1024w, https:\/\/www.allersretoursasso.fr\/wp-content\/uploads\/2024\/05\/2023-07-27-142126-300x158.jpg 300w, https:\/\/www.allersretoursasso.fr\/wp-content\/uploads\/2024\/05\/2023-07-27-142126-768x405.jpg 768w, https:\/\/www.allersretoursasso.fr\/wp-content\/uploads\/2024\/05\/2023-07-27-142126-1536x810.jpg 1536w, https:\/\/www.allersretoursasso.fr\/wp-content\/uploads\/2024\/05\/2023-07-27-142126-2048x1080.jpg 2048w, https:\/\/www.allersretoursasso.fr\/wp-content\/uploads\/2024\/05\/2023-07-27-142126-18x9.jpg 18w, https:\/\/www.allersretoursasso.fr\/wp-content\/uploads\/2024\/05\/2023-07-27-142126-350x185.jpg 350w\" sizes=\"(max-width: 767px) 89vw, (max-width: 1000px) 54vw, (max-width: 1071px) 543px, 580px\" \/><\/figure>\n\n\n\n<figure class=\"wp-block-image size-large\"><img loading=\"lazy\" decoding=\"async\" width=\"1024\" height=\"540\" data-id=\"4856\" src=\"https:\/\/www.allersretoursasso.fr\/wp-content\/uploads\/2024\/05\/2023-07-27-142109-1024x540.jpg\" alt=\"\" class=\"wp-image-4856\" srcset=\"https:\/\/www.allersretoursasso.fr\/wp-content\/uploads\/2024\/05\/2023-07-27-142109-1024x540.jpg 1024w, https:\/\/www.allersretoursasso.fr\/wp-content\/uploads\/2024\/05\/2023-07-27-142109-300x158.jpg 300w, https:\/\/www.allersretoursasso.fr\/wp-content\/uploads\/2024\/05\/2023-07-27-142109-768x405.jpg 768w, https:\/\/www.allersretoursasso.fr\/wp-content\/uploads\/2024\/05\/2023-07-27-142109-1536x810.jpg 1536w, https:\/\/www.allersretoursasso.fr\/wp-content\/uploads\/2024\/05\/2023-07-27-142109-2048x1080.jpg 2048w, https:\/\/www.allersretoursasso.fr\/wp-content\/uploads\/2024\/05\/2023-07-27-142109-18x9.jpg 18w, https:\/\/www.allersretoursasso.fr\/wp-content\/uploads\/2024\/05\/2023-07-27-142109-350x185.jpg 350w\" sizes=\"(max-width: 767px) 89vw, (max-width: 1000px) 54vw, (max-width: 1071px) 543px, 580px\" \/><\/figure>\n\n\n\n<figure class=\"wp-block-image size-large\"><img loading=\"lazy\" decoding=\"async\" width=\"1024\" height=\"540\" data-id=\"4855\" src=\"https:\/\/www.allersretoursasso.fr\/wp-content\/uploads\/2024\/05\/2023-07-27-142122-1024x540.jpg\" alt=\"\" class=\"wp-image-4855\" srcset=\"https:\/\/www.allersretoursasso.fr\/wp-content\/uploads\/2024\/05\/2023-07-27-142122-1024x540.jpg 1024w, https:\/\/www.allersretoursasso.fr\/wp-content\/uploads\/2024\/05\/2023-07-27-142122-300x158.jpg 300w, https:\/\/www.allersretoursasso.fr\/wp-content\/uploads\/2024\/05\/2023-07-27-142122-768x405.jpg 768w, https:\/\/www.allersretoursasso.fr\/wp-content\/uploads\/2024\/05\/2023-07-27-142122-1536x810.jpg 1536w, https:\/\/www.allersretoursasso.fr\/wp-content\/uploads\/2024\/05\/2023-07-27-142122-2048x1080.jpg 2048w, https:\/\/www.allersretoursasso.fr\/wp-content\/uploads\/2024\/05\/2023-07-27-142122-18x9.jpg 18w, https:\/\/www.allersretoursasso.fr\/wp-content\/uploads\/2024\/05\/2023-07-27-142122-350x185.jpg 350w\" sizes=\"(max-width: 767px) 89vw, (max-width: 1000px) 54vw, (max-width: 1071px) 543px, 580px\" \/><\/figure>\n<\/figure>\n\n\n\n<div class=\"wp-block-columns is-layout-flex wp-container-core-columns-layout-1 wp-block-columns-is-layout-flex\">\n<div class=\"wp-block-column is-layout-flow wp-block-column-is-layout-flow\" style=\"flex-basis:100%\"><\/div>\n<\/div>\n\n\n\n<figure class=\"wp-block-embed is-type-video is-provider-youtube wp-block-embed-youtube wp-embed-aspect-4-3 wp-has-aspect-ratio\"><div class=\"wp-block-embed__wrapper\">\n<iframe loading=\"lazy\" title=\"Dingyuan MiscellaneousRecords \u5b9a\u8fdc\u6742\u5f55 de LI Binbin \u674e\u5f6c\u658c\" width=\"525\" height=\"394\" src=\"https:\/\/www.youtube.com\/embed\/M8Du-jH2d54?list=PLJFZYepUmhVL3JklOrIccP9JTTkbFFsSc\" frameborder=\"0\" allow=\"accelerometer; autoplay; clipboard-write; encrypted-media; gyroscope; picture-in-picture; web-share\" referrerpolicy=\"strict-origin-when-cross-origin\" allowfullscreen><\/iframe>\n<\/div><\/figure>\n\n\n\n<p><\/p>\n\n\n\n<div class=\"wp-block-columns is-layout-flex wp-container-core-columns-layout-2 wp-block-columns-is-layout-flex\">\n<div class=\"wp-block-column is-layout-flow wp-block-column-is-layout-flow\"><\/div>\n<\/div>\n\n\n\n<hr class=\"wp-block-separator has-alpha-channel-opacity\"\/>\n\n\n\n<div class=\"wp-block-columns is-layout-flex wp-container-core-columns-layout-3 wp-block-columns-is-layout-flex\">\n<div class=\"wp-block-column is-layout-flow wp-block-column-is-layout-flow\"><\/div>\n<\/div>\n\n\n\n<div class=\"wp-block-columns is-layout-flex wp-container-core-columns-layout-4 wp-block-columns-is-layout-flex\">\n<div class=\"wp-block-column is-layout-flow wp-block-column-is-layout-flow\" style=\"flex-basis:33.33%\">\n<figure class=\"wp-block-image size-large\"><img loading=\"lazy\" decoding=\"async\" width=\"2427\" height=\"2426\" src=\"https:\/\/www.allersretoursasso.fr\/wp-content\/uploads\/2024\/06\/\u5bfc\u6f14\u4e2a\u4eba\u7167-edited.jpg\" alt=\"\" class=\"wp-image-4959\" srcset=\"https:\/\/www.allersretoursasso.fr\/wp-content\/uploads\/2024\/06\/\u5bfc\u6f14\u4e2a\u4eba\u7167-edited.jpg 2427w, https:\/\/www.allersretoursasso.fr\/wp-content\/uploads\/2024\/06\/\u5bfc\u6f14\u4e2a\u4eba\u7167-edited-300x300.jpg 300w, https:\/\/www.allersretoursasso.fr\/wp-content\/uploads\/2024\/06\/\u5bfc\u6f14\u4e2a\u4eba\u7167-edited-1024x1024.jpg 1024w, https:\/\/www.allersretoursasso.fr\/wp-content\/uploads\/2024\/06\/\u5bfc\u6f14\u4e2a\u4eba\u7167-edited-150x150.jpg 150w, https:\/\/www.allersretoursasso.fr\/wp-content\/uploads\/2024\/06\/\u5bfc\u6f14\u4e2a\u4eba\u7167-edited-768x768.jpg 768w, https:\/\/www.allersretoursasso.fr\/wp-content\/uploads\/2024\/06\/\u5bfc\u6f14\u4e2a\u4eba\u7167-edited-1536x1536.jpg 1536w, https:\/\/www.allersretoursasso.fr\/wp-content\/uploads\/2024\/06\/\u5bfc\u6f14\u4e2a\u4eba\u7167-edited-2048x2048.jpg 2048w, https:\/\/www.allersretoursasso.fr\/wp-content\/uploads\/2024\/06\/\u5bfc\u6f14\u4e2a\u4eba\u7167-edited-12x12.jpg 12w, https:\/\/www.allersretoursasso.fr\/wp-content\/uploads\/2024\/06\/\u5bfc\u6f14\u4e2a\u4eba\u7167-edited-100x100.jpg 100w, https:\/\/www.allersretoursasso.fr\/wp-content\/uploads\/2024\/06\/\u5bfc\u6f14\u4e2a\u4eba\u7167-edited-350x350.jpg 350w\" sizes=\"(max-width: 767px) 89vw, (max-width: 1000px) 54vw, (max-width: 1071px) 543px, 580px\" \/><\/figure>\n<\/div>\n\n\n\n<div class=\"wp-block-column is-layout-flow wp-block-column-is-layout-flow\" style=\"flex-basis:66.66%\">\n<p><strong><strong>\u00c0 propos de<\/strong> LI Binbin<\/strong><\/p>\n\n\n\n<p class=\"has-small-font-size\"><\/p>\n<\/div>\n<\/div>\n\n\n\n<p class=\"has-small-font-size\"><\/p>\n\n\n\n<p class=\"has-small-font-size\">Li Binbin a achev\u00e9 son premier long-m\u00e9trage, <em>Le chant des fruits sauvages, <\/em>en 2022, r\u00e9compens\u00e9 au Festival International du Film de P\u00e9kin et \u00e0 l\u2019Aranya Waves Film Festival. <em>Dingyuan Miscellaneous Records<\/em> est son second film. <\/p>\n\n\n\n<p class=\"has-small-font-size\">\u674e\u5f6c\u658c\uff0c2022\u5e74\u5b8c\u6210\u957f\u7247\u5904\u5973\u5267\u60c5\u7247\u300a\u91ce\u679c\u4e4b\u6b4c\u300b\uff0c\u83b7\u5f97\u7b2c\u5341\u4e09\u5c4a\u5317\u4eac\u56fd\u9645\u7535\u5f71\u8282\u4f18\u79c0\u5236\u4f5c\u4e2d\u9879\u76ee\uff0c\u7b2c\u4e00\u5c4a\u6d77\u6d6a\u7535\u5f71\u5468\u4ea7\u4e1a\u8363\u8a89\u3002<\/p>\n\n\n\n<p><\/p>\n\n\n\n<hr class=\"wp-block-separator has-alpha-channel-opacity is-style-wide\"\/>\n\n\n\n<p class=\"has-text-align-center\"><strong>Samedi 15 juin \u00e0 20h00<\/strong><br><strong><strong>Studio des Ursulines\u5f71\u9662<\/strong><\/strong><br>10 Rue des Ursulines, 75005 Paris<\/p>\n\n\n\n<p class=\"has-text-align-center\"><strong>S\u00e9ance gratuite<\/strong> (dans la limite des places disponibles)<\/p>\n\n\n\n<div class=\"wp-block-cover is-light\" style=\"min-height:349px\"><span aria-hidden=\"true\" class=\"wp-block-cover__background has-white-background-color has-background-dim\"><\/span><div class=\"wp-block-cover__inner-container is-layout-flow wp-block-cover-is-layout-flow\">\n<div class=\"wp-block-group is-layout-flow wp-block-group-is-layout-flow\"><div class=\"wp-block-group__inner-container\">\n<figure class=\"wp-block-image size-large\"><a href=\"https:\/\/www.allersretoursasso.fr\/zh\/ningbo\/\"><img loading=\"lazy\" decoding=\"async\" width=\"1024\" height=\"418\" src=\"https:\/\/www.allersretoursasso.fr\/wp-content\/uploads\/2024\/06\/wordpress-2-1024x418.png\" alt=\"\" class=\"wp-image-4957\" srcset=\"https:\/\/www.allersretoursasso.fr\/wp-content\/uploads\/2024\/06\/wordpress-2-1024x418.png 1024w, https:\/\/www.allersretoursasso.fr\/wp-content\/uploads\/2024\/06\/wordpress-2-300x123.png 300w, https:\/\/www.allersretoursasso.fr\/wp-content\/uploads\/2024\/06\/wordpress-2-768x314.png 768w, https:\/\/www.allersretoursasso.fr\/wp-content\/uploads\/2024\/06\/wordpress-2-1536x627.png 1536w, https:\/\/www.allersretoursasso.fr\/wp-content\/uploads\/2024\/06\/wordpress-2-18x7.png 18w, https:\/\/www.allersretoursasso.fr\/wp-content\/uploads\/2024\/06\/wordpress-2-350x143.png 350w, https:\/\/www.allersretoursasso.fr\/wp-content\/uploads\/2024\/06\/wordpress-2.png 1998w\" sizes=\"(max-width: 767px) 89vw, (max-width: 1000px) 54vw, (max-width: 1071px) 543px, 580px\" \/><\/a><\/figure>\n<\/div><\/div>\n<\/div><\/div>","protected":false},"excerpt":{"rendered":"<p>2023 \/ 15&#8217;45 \/ Dialecte du Sud de Shaanxi \/ VOSTF \/ Fiction Alors qu&#8217;un chaman a d\u00e9cid\u00e9 de mettre fin \u00e0 sa carri\u00e8re, on lui demande de venir aider un esprit \u00e0 passer dans l&#8217;au-del\u00e0. Pendant ce temps, une vache s&#8217;appr\u00eate \u00e0 mettre bas. \u5df4\u5c71\u6df1\u5904\uff0c\u5b9b\u5982\u4e00\u5377\u795e\u9b3c\u5171\u5c45\uff0c\u4e07\u7269\u6709\u7075\u7684\u4e61\u571f\u4e16\u754c\u753b\u5377\u3002\u7aef\u516c\u9648\u81f4\u8fdc\u51b3\u5b9a\u4e0d\u518d\u4e3a\u4eba\u8d85\u6e21\uff0c\u5374\u5728\u68ee\u6797\u4e2d\u9047\u89c1\u4e00\u5934\u9ec4\u725b&#8230; \u00c0 propos de LI Binbin Li Binbin a achev\u00e9 &hellip; <\/p>\n<p class=\"link-more\"><a href=\"https:\/\/www.allersretoursasso.fr\/zh\/ningbo-dingyuan-miscellaneous-records\/\" class=\"more-link\">\u7ee7\u7eed\u9605\u8bfb<span class=\"screen-reader-text\">\u201cNingbo Special Screening  &#8211; Dingyuan Miscellaneous Records\u201d<\/span><\/a><\/p>","protected":false},"author":15,"featured_media":0,"parent":0,"menu_order":0,"comment_status":"closed","ping_status":"closed","template":"","meta":{"footnotes":""},"_links":{"self":[{"href":"https:\/\/www.allersretoursasso.fr\/zh\/wp-json\/wp\/v2\/pages\/4849"}],"collection":[{"href":"https:\/\/www.allersretoursasso.fr\/zh\/wp-json\/wp\/v2\/pages"}],"about":[{"href":"https:\/\/www.allersretoursasso.fr\/zh\/wp-json\/wp\/v2\/types\/page"}],"author":[{"embeddable":true,"href":"https:\/\/www.allersretoursasso.fr\/zh\/wp-json\/wp\/v2\/users\/15"}],"replies":[{"embeddable":true,"href":"https:\/\/www.allersretoursasso.fr\/zh\/wp-json\/wp\/v2\/comments?post=4849"}],"version-history":[{"count":8,"href":"https:\/\/www.allersretoursasso.fr\/zh\/wp-json\/wp\/v2\/pages\/4849\/revisions"}],"predecessor-version":[{"id":5046,"href":"https:\/\/www.allersretoursasso.fr\/zh\/wp-json\/wp\/v2\/pages\/4849\/revisions\/5046"}],"wp:attachment":[{"href":"https:\/\/www.allersretoursasso.fr\/zh\/wp-json\/wp\/v2\/media?parent=4849"}],"curies":[{"name":"wp","href":"https:\/\/api.w.org\/{rel}","templated":true}]}}