{"id":4862,"date":"2024-05-28T17:11:33","date_gmt":"2024-05-28T15:11:33","guid":{"rendered":"https:\/\/www.allersretoursasso.fr\/?page_id=4862"},"modified":"2024-06-06T04:05:12","modified_gmt":"2024-06-06T02:05:12","slug":"ningbo-one-yuan-tea-house","status":"publish","type":"page","link":"https:\/\/www.allersretoursasso.fr\/zh\/ningbo-one-yuan-tea-house\/","title":{"rendered":"Ningbo Special Screening  &#8211; One Yuan Tea House"},"content":{"rendered":"<div id=\"fb-root\"><\/div>\n\n<div class=\"wp-block-media-text alignwide is-stacked-on-mobile\" style=\"grid-template-columns:41% auto\"><figure class=\"wp-block-media-text__media\"><img loading=\"lazy\" decoding=\"async\" width=\"724\" height=\"1024\" src=\"https:\/\/www.allersretoursasso.fr\/wp-content\/uploads\/2024\/05\/\u7ad6\u7248\u6d77\u62a5-724x1024.jpg\" alt=\"\" class=\"wp-image-4864 size-full\" srcset=\"https:\/\/www.allersretoursasso.fr\/wp-content\/uploads\/2024\/05\/\u7ad6\u7248\u6d77\u62a5-724x1024.jpg 724w, https:\/\/www.allersretoursasso.fr\/wp-content\/uploads\/2024\/05\/\u7ad6\u7248\u6d77\u62a5-212x300.jpg 212w, https:\/\/www.allersretoursasso.fr\/wp-content\/uploads\/2024\/05\/\u7ad6\u7248\u6d77\u62a5-768x1086.jpg 768w, https:\/\/www.allersretoursasso.fr\/wp-content\/uploads\/2024\/05\/\u7ad6\u7248\u6d77\u62a5-1086x1536.jpg 1086w, https:\/\/www.allersretoursasso.fr\/wp-content\/uploads\/2024\/05\/\u7ad6\u7248\u6d77\u62a5-1448x2048.jpg 1448w, https:\/\/www.allersretoursasso.fr\/wp-content\/uploads\/2024\/05\/\u7ad6\u7248\u6d77\u62a5-8x12.jpg 8w, https:\/\/www.allersretoursasso.fr\/wp-content\/uploads\/2024\/05\/\u7ad6\u7248\u6d77\u62a5-350x495.jpg 350w, https:\/\/www.allersretoursasso.fr\/wp-content\/uploads\/2024\/05\/\u7ad6\u7248\u6d77\u62a5-scaled.jpg 1810w\" sizes=\"(max-width: 724px) 100vw, 724px\" \/><\/figure><div class=\"wp-block-media-text__content\">\n<div class=\"wp-block-group is-layout-flow wp-block-group-is-layout-flow\"><div class=\"wp-block-group__inner-container\">\n<div class=\"wp-block-group is-vertical is-layout-flex wp-container-core-group-layout-4 wp-block-group-is-layout-flex\">\n<div class=\"wp-block-group is-layout-flow wp-block-group-is-layout-flow\"><div class=\"wp-block-group__inner-container\">\n<div class=\"wp-block-group is-layout-flow wp-block-group-is-layout-flow\"><div class=\"wp-block-group__inner-container\">\n<div class=\"wp-block-group is-layout-flow wp-block-group-is-layout-flow\"><div class=\"wp-block-group__inner-container\">\n<p><\/p>\n\n\n\n<p style=\"font-size:30px;font-style:normal;font-weight:500\"><em><span style=\"font-weight: 400\"><strong><strong><strong><strong>One Yuan Tea House<\/strong><\/strong><\/strong><\/strong><\/span><\/em><br><strong><strong>\u4e00\u5143\u8336\u9986<\/strong><\/strong><\/p>\n\n\n\n<p class=\"has-medium-font-size\">YE Shijie<br>\u53f6\u65f6\u6770<\/p>\n\n\n\n<p class=\"has-small-font-size\"><a href=\"https:\/\/www.allersretoursasso.fr\/zh\/ningbo\/\">Ningbo Special Screening<\/a><\/p>\n<\/div><\/div>\n<\/div><\/div>\n<\/div><\/div>\n<\/div>\n<\/div><\/div>\n<\/div><\/div>\n\n\n\n<h2 class=\"wp-block-heading\"><\/h2>\n\n\n\n<p class=\"has-text-align-center has-small-font-size\"><em>2023 \/ 22\u201935 \/ Mandarin \/ VOSTF \/ Documentaire<\/em><\/p>\n\n\n\n<p>Dans le village ancien de Digu, se trouve un vieux salon de th\u00e9 au charme unique : le &#8220;Salon de th\u00e9 Yiyuan&#8221;. Fond\u00e9 en 1896, il a travers\u00e9 des si\u00e8cles de changements et a vu la fermeture progressive des treize autres salons de th\u00e9 de son \u00e9poque, confront\u00e9s \u00e0 des pertes financi\u00e8res. Que va-t-il arriver \u00e0 ce lieu embl\u00e9matique ?<\/p>\n\n\n\n<p>\u5728\u6d59\u6c5f\u6e56\u5dde\u5357\u6d54\u533a\u837b\u6e2f\u53e4\u6751\uff0c\u7559\u5b58\u7740\u4e00\u5bb6\u5177\u6709\u72ec\u7279\u5370\u8bb0\u7684\u8001\u8336\u9986\u2014\u2014\u201c\u4e00\u5143\u8336\u9986\u201d\u3002\u59cb\u4e8e1896\u5e74\uff0c\u5386\u7ecf\u767e\u5e74\u98ce\u96e8\uff0c\u8fd9\u5bb6\u53e4\u8fd0\u6cb3\u4e0a\u7684\u6700\u540e\u4e00\u5bb6\u8336\u9986\u4f3c\u4e4e\u6765\u5230\u4e86\u5386\u53f2\u7684\u5206\u5c94\u53e3\u3002\u7b2c\u56db\u4ee3\u8336\u9986\u4f20\u4eba\u7a76\u7adf\u4f1a\u5982\u4f55\u6289\u62e9\uff1f<\/p>\n\n\n\n<figure class=\"wp-block-gallery has-nested-images columns-default is-cropped wp-block-gallery-1 is-layout-flex wp-block-gallery-is-layout-flex\">\n<figure class=\"wp-block-image size-large\"><img loading=\"lazy\" decoding=\"async\" width=\"1024\" height=\"576\" data-id=\"4861\" src=\"https:\/\/www.allersretoursasso.fr\/wp-content\/uploads\/2024\/05\/5-1024x576.jpg\" alt=\"\" class=\"wp-image-4861\" srcset=\"https:\/\/www.allersretoursasso.fr\/wp-content\/uploads\/2024\/05\/5-1024x576.jpg 1024w, https:\/\/www.allersretoursasso.fr\/wp-content\/uploads\/2024\/05\/5-300x169.jpg 300w, https:\/\/www.allersretoursasso.fr\/wp-content\/uploads\/2024\/05\/5-768x432.jpg 768w, https:\/\/www.allersretoursasso.fr\/wp-content\/uploads\/2024\/05\/5-1536x864.jpg 1536w, https:\/\/www.allersretoursasso.fr\/wp-content\/uploads\/2024\/05\/5-2048x1152.jpg 2048w, https:\/\/www.allersretoursasso.fr\/wp-content\/uploads\/2024\/05\/5-18x10.jpg 18w, https:\/\/www.allersretoursasso.fr\/wp-content\/uploads\/2024\/05\/5-350x197.jpg 350w\" sizes=\"(max-width: 767px) 89vw, (max-width: 1000px) 54vw, (max-width: 1071px) 543px, 580px\" \/><\/figure>\n\n\n\n<figure class=\"wp-block-image size-large\"><img loading=\"lazy\" decoding=\"async\" width=\"1024\" height=\"576\" data-id=\"4860\" src=\"https:\/\/www.allersretoursasso.fr\/wp-content\/uploads\/2024\/05\/4-1024x576.jpg\" alt=\"\" class=\"wp-image-4860\" srcset=\"https:\/\/www.allersretoursasso.fr\/wp-content\/uploads\/2024\/05\/4-1024x576.jpg 1024w, https:\/\/www.allersretoursasso.fr\/wp-content\/uploads\/2024\/05\/4-300x169.jpg 300w, https:\/\/www.allersretoursasso.fr\/wp-content\/uploads\/2024\/05\/4-768x432.jpg 768w, https:\/\/www.allersretoursasso.fr\/wp-content\/uploads\/2024\/05\/4-1536x864.jpg 1536w, https:\/\/www.allersretoursasso.fr\/wp-content\/uploads\/2024\/05\/4-18x10.jpg 18w, https:\/\/www.allersretoursasso.fr\/wp-content\/uploads\/2024\/05\/4-350x197.jpg 350w, https:\/\/www.allersretoursasso.fr\/wp-content\/uploads\/2024\/05\/4.jpg 1779w\" sizes=\"(max-width: 767px) 89vw, (max-width: 1000px) 54vw, (max-width: 1071px) 543px, 580px\" \/><\/figure>\n\n\n\n<figure class=\"wp-block-image size-large\"><img loading=\"lazy\" decoding=\"async\" width=\"1024\" height=\"576\" data-id=\"4859\" src=\"https:\/\/www.allersretoursasso.fr\/wp-content\/uploads\/2024\/05\/2-1024x576.jpg\" alt=\"\" class=\"wp-image-4859\" srcset=\"https:\/\/www.allersretoursasso.fr\/wp-content\/uploads\/2024\/05\/2-1024x576.jpg 1024w, https:\/\/www.allersretoursasso.fr\/wp-content\/uploads\/2024\/05\/2-300x169.jpg 300w, https:\/\/www.allersretoursasso.fr\/wp-content\/uploads\/2024\/05\/2-768x432.jpg 768w, https:\/\/www.allersretoursasso.fr\/wp-content\/uploads\/2024\/05\/2-1536x864.jpg 1536w, https:\/\/www.allersretoursasso.fr\/wp-content\/uploads\/2024\/05\/2-2048x1152.jpg 2048w, https:\/\/www.allersretoursasso.fr\/wp-content\/uploads\/2024\/05\/2-18x10.jpg 18w, https:\/\/www.allersretoursasso.fr\/wp-content\/uploads\/2024\/05\/2-350x197.jpg 350w\" sizes=\"(max-width: 767px) 89vw, (max-width: 1000px) 54vw, (max-width: 1071px) 543px, 580px\" \/><\/figure>\n<\/figure>\n\n\n\n<div class=\"wp-block-columns is-layout-flex wp-container-core-columns-layout-1 wp-block-columns-is-layout-flex\">\n<div class=\"wp-block-column is-layout-flow wp-block-column-is-layout-flow\" style=\"flex-basis:100%\"><\/div>\n<\/div>\n\n\n\n<figure class=\"wp-block-embed is-type-video is-provider-youtube wp-block-embed-youtube wp-embed-aspect-16-9 wp-has-aspect-ratio\"><div class=\"wp-block-embed__wrapper\">\n<iframe loading=\"lazy\" title=\"One Yuan Tea House\u4e00\u5143\u8336\u9986 de YE Shijie \u53f6\u65f6\u6770\" width=\"525\" height=\"295\" src=\"https:\/\/www.youtube.com\/embed\/U071cBj8NGY?list=PLJFZYepUmhVL3JklOrIccP9JTTkbFFsSc\" frameborder=\"0\" allow=\"accelerometer; autoplay; clipboard-write; encrypted-media; gyroscope; picture-in-picture; web-share\" referrerpolicy=\"strict-origin-when-cross-origin\" allowfullscreen><\/iframe>\n<\/div><\/figure>\n\n\n\n<p><\/p>\n\n\n\n<div class=\"wp-block-columns is-layout-flex wp-container-core-columns-layout-2 wp-block-columns-is-layout-flex\">\n<div class=\"wp-block-column is-layout-flow wp-block-column-is-layout-flow\"><\/div>\n<\/div>\n\n\n\n<hr class=\"wp-block-separator has-alpha-channel-opacity\"\/>\n\n\n\n<div class=\"wp-block-columns is-layout-flex wp-container-core-columns-layout-3 wp-block-columns-is-layout-flex\">\n<div class=\"wp-block-column is-layout-flow wp-block-column-is-layout-flow\"><\/div>\n<\/div>\n\n\n\n<div class=\"wp-block-columns is-layout-flex wp-container-core-columns-layout-4 wp-block-columns-is-layout-flex\">\n<div class=\"wp-block-column is-layout-flow wp-block-column-is-layout-flow\" style=\"flex-basis:33.33%\">\n<figure class=\"wp-block-image size-full\"><img loading=\"lazy\" decoding=\"async\" width=\"450\" height=\"450\" src=\"https:\/\/www.allersretoursasso.fr\/wp-content\/uploads\/2024\/06\/\u5bfc\u6f14\u4e2a\u4eba\u7167\u2014\u53f6\u65f6\u6770-edited.jpg\" alt=\"\" class=\"wp-image-4961\" srcset=\"https:\/\/www.allersretoursasso.fr\/wp-content\/uploads\/2024\/06\/\u5bfc\u6f14\u4e2a\u4eba\u7167\u2014\u53f6\u65f6\u6770-edited.jpg 450w, https:\/\/www.allersretoursasso.fr\/wp-content\/uploads\/2024\/06\/\u5bfc\u6f14\u4e2a\u4eba\u7167\u2014\u53f6\u65f6\u6770-edited-300x300.jpg 300w, https:\/\/www.allersretoursasso.fr\/wp-content\/uploads\/2024\/06\/\u5bfc\u6f14\u4e2a\u4eba\u7167\u2014\u53f6\u65f6\u6770-edited-150x150.jpg 150w, https:\/\/www.allersretoursasso.fr\/wp-content\/uploads\/2024\/06\/\u5bfc\u6f14\u4e2a\u4eba\u7167\u2014\u53f6\u65f6\u6770-edited-12x12.jpg 12w, https:\/\/www.allersretoursasso.fr\/wp-content\/uploads\/2024\/06\/\u5bfc\u6f14\u4e2a\u4eba\u7167\u2014\u53f6\u65f6\u6770-edited-100x100.jpg 100w, https:\/\/www.allersretoursasso.fr\/wp-content\/uploads\/2024\/06\/\u5bfc\u6f14\u4e2a\u4eba\u7167\u2014\u53f6\u65f6\u6770-edited-350x350.jpg 350w\" sizes=\"(max-width: 450px) 100vw, 450px\" \/><\/figure>\n<\/div>\n\n\n\n<div class=\"wp-block-column is-layout-flow wp-block-column-is-layout-flow\" style=\"flex-basis:66.66%\">\n<p><strong><strong>\u00c0 propos de<\/strong> <strong>YE Shijie<\/strong><\/strong><\/p>\n\n\n\n<p class=\"has-small-font-size\"><\/p>\n<\/div>\n<\/div>\n\n\n\n<p class=\"has-small-font-size\"><\/p>\n\n\n\n<p class=\"has-small-font-size\">Ye Shijie a \u00e9tudi\u00e9 au Xiangshan Film and Television College de l\u2019universit\u00e9 de finance et d\u2019\u00e9conomie de Ningbo et \u00e9tudie maintenant \u00e0 la Kangwon National University, en Cor\u00e9e du Sud. Ye a d\u00e9j\u00e0 r\u00e9alis\u00e9 trois courts m\u00e9trages : <em>One Yuan Tea House<\/em> (documentaire), <em>Lettres<\/em> \u548c <em>Dessin <\/em>(exp\u00e9rimental).<\/p>\n\n\n\n<p class=\"has-small-font-size\">\u53f6\u65f6\u6770\uff0c\u66fe\u5c31\u8bfb\u4e8e\u5b81\u6ce2\u8d22\u7ecf\u5b66\u9662\u8c61\u5c71\u5f71\u89c6\u5b66\u9662\u5b66\u751f\uff0c\u73b0\u5c31\u8bfb\u4e8e\u97e9\u56fd\u6c5f\u539f\u56fd\u7acb\u5927\u5b66\u3002\u4f5c\u54c1\uff1a\u7eaa\u5f55\u77ed\u7247\u300a\u4e00\u5143\u8336\u9986\u300b\u3001\u77ed\u7247\u300a\u4fe1\u300b\u3001\u5b9e\u9a8c\u77ed\u7247\u300a\u753b\u300b\u7b49\u3002<\/p>\n\n\n\n<p class=\"has-small-font-size\"><\/p>\n\n\n\n<hr class=\"wp-block-separator has-alpha-channel-opacity is-style-wide\"\/>\n\n\n\n<div class=\"wp-block-group is-layout-constrained wp-block-group-is-layout-constrained\"><div class=\"wp-block-group__inner-container\">\n<p class=\"has-text-align-center\"><strong>Samedi 15 juin \u00e0 20h00<\/strong><br><strong><strong>Studio des Ursulines\u5f71\u9662<\/strong><\/strong><br>10 Rue des Ursulines, 75005 Paris<\/p>\n\n\n\n<p class=\"has-text-align-center\"><strong>S\u00e9ance gratuite<\/strong> (dans la limite des places disponibles)<\/p>\n<\/div><\/div>\n\n\n\n<div class=\"wp-block-cover is-light\" style=\"min-height:349px\"><span aria-hidden=\"true\" class=\"wp-block-cover__background has-white-background-color has-background-dim\"><\/span><div class=\"wp-block-cover__inner-container is-layout-flow wp-block-cover-is-layout-flow\">\n<div class=\"wp-block-group is-layout-flow wp-block-group-is-layout-flow\"><div class=\"wp-block-group__inner-container\">\n<figure class=\"wp-block-image size-large\"><a href=\"https:\/\/www.allersretoursasso.fr\/zh\/ningbo\/\"><img loading=\"lazy\" decoding=\"async\" width=\"1024\" height=\"418\" src=\"https:\/\/www.allersretoursasso.fr\/wp-content\/uploads\/2024\/06\/wordpress-2-1024x418.png\" alt=\"\" class=\"wp-image-4957\" srcset=\"https:\/\/www.allersretoursasso.fr\/wp-content\/uploads\/2024\/06\/wordpress-2-1024x418.png 1024w, https:\/\/www.allersretoursasso.fr\/wp-content\/uploads\/2024\/06\/wordpress-2-300x123.png 300w, https:\/\/www.allersretoursasso.fr\/wp-content\/uploads\/2024\/06\/wordpress-2-768x314.png 768w, https:\/\/www.allersretoursasso.fr\/wp-content\/uploads\/2024\/06\/wordpress-2-1536x627.png 1536w, https:\/\/www.allersretoursasso.fr\/wp-content\/uploads\/2024\/06\/wordpress-2-18x7.png 18w, https:\/\/www.allersretoursasso.fr\/wp-content\/uploads\/2024\/06\/wordpress-2-350x143.png 350w, https:\/\/www.allersretoursasso.fr\/wp-content\/uploads\/2024\/06\/wordpress-2.png 1998w\" sizes=\"(max-width: 767px) 89vw, (max-width: 1000px) 54vw, (max-width: 1071px) 543px, 580px\" \/><\/a><\/figure>\n<\/div><\/div>\n<\/div><\/div>","protected":false},"excerpt":{"rendered":"<p>2023 \/ 22\u201935 \/ Mandarin \/ VOSTF \/ Documentaire Dans le village ancien de Digu, se trouve un vieux salon de th\u00e9 au charme unique : le &#8220;Salon de th\u00e9 Yiyuan&#8221;. Fond\u00e9 en 1896, il a travers\u00e9 des si\u00e8cles de changements et a vu la fermeture progressive des treize autres salons de th\u00e9 de son &hellip; <\/p>\n<p class=\"link-more\"><a href=\"https:\/\/www.allersretoursasso.fr\/zh\/ningbo-one-yuan-tea-house\/\" class=\"more-link\">\u7ee7\u7eed\u9605\u8bfb<span class=\"screen-reader-text\">\u201cNingbo Special Screening  &#8211; One Yuan Tea House\u201d<\/span><\/a><\/p>","protected":false},"author":15,"featured_media":0,"parent":0,"menu_order":0,"comment_status":"closed","ping_status":"closed","template":"","meta":{"footnotes":""},"_links":{"self":[{"href":"https:\/\/www.allersretoursasso.fr\/zh\/wp-json\/wp\/v2\/pages\/4862"}],"collection":[{"href":"https:\/\/www.allersretoursasso.fr\/zh\/wp-json\/wp\/v2\/pages"}],"about":[{"href":"https:\/\/www.allersretoursasso.fr\/zh\/wp-json\/wp\/v2\/types\/page"}],"author":[{"embeddable":true,"href":"https:\/\/www.allersretoursasso.fr\/zh\/wp-json\/wp\/v2\/users\/15"}],"replies":[{"embeddable":true,"href":"https:\/\/www.allersretoursasso.fr\/zh\/wp-json\/wp\/v2\/comments?post=4862"}],"version-history":[{"count":10,"href":"https:\/\/www.allersretoursasso.fr\/zh\/wp-json\/wp\/v2\/pages\/4862\/revisions"}],"predecessor-version":[{"id":5049,"href":"https:\/\/www.allersretoursasso.fr\/zh\/wp-json\/wp\/v2\/pages\/4862\/revisions\/5049"}],"wp:attachment":[{"href":"https:\/\/www.allersretoursasso.fr\/zh\/wp-json\/wp\/v2\/media?parent=4862"}],"curies":[{"name":"wp","href":"https:\/\/api.w.org\/{rel}","templated":true}]}}