{"id":4875,"date":"2024-05-28T17:24:05","date_gmt":"2024-05-28T15:24:05","guid":{"rendered":"https:\/\/www.allersretoursasso.fr\/?page_id=4875"},"modified":"2024-06-06T04:01:51","modified_gmt":"2024-06-06T02:01:51","slug":"ningbo-the-bee-and-the-fly","status":"publish","type":"page","link":"https:\/\/www.allersretoursasso.fr\/zh\/ningbo-the-bee-and-the-fly\/","title":{"rendered":"Ningbo Special Screening  &#8211; The Bee and the Fly"},"content":{"rendered":"<div id=\"fb-root\"><\/div>\n\n<div class=\"wp-block-media-text alignwide is-stacked-on-mobile\" style=\"grid-template-columns:41% auto\"><figure class=\"wp-block-media-text__media\"><img loading=\"lazy\" decoding=\"async\" width=\"683\" height=\"1024\" src=\"https:\/\/www.allersretoursasso.fr\/wp-content\/uploads\/2024\/05\/The-Bee-and-the-Fly\u871c\u8702\u4e0e\u82cd\u8747-affiche\u5b98\u65b9\u6d77\u62a5--683x1024.jpg\" alt=\"\" class=\"wp-image-4872 size-full\" srcset=\"https:\/\/www.allersretoursasso.fr\/wp-content\/uploads\/2024\/05\/The-Bee-and-the-Fly\u871c\u8702\u4e0e\u82cd\u8747-affiche\u5b98\u65b9\u6d77\u62a5--683x1024.jpg 683w, https:\/\/www.allersretoursasso.fr\/wp-content\/uploads\/2024\/05\/The-Bee-and-the-Fly\u871c\u8702\u4e0e\u82cd\u8747-affiche\u5b98\u65b9\u6d77\u62a5--200x300.jpg 200w, https:\/\/www.allersretoursasso.fr\/wp-content\/uploads\/2024\/05\/The-Bee-and-the-Fly\u871c\u8702\u4e0e\u82cd\u8747-affiche\u5b98\u65b9\u6d77\u62a5--768x1152.jpg 768w, https:\/\/www.allersretoursasso.fr\/wp-content\/uploads\/2024\/05\/The-Bee-and-the-Fly\u871c\u8702\u4e0e\u82cd\u8747-affiche\u5b98\u65b9\u6d77\u62a5--1024x1536.jpg 1024w, https:\/\/www.allersretoursasso.fr\/wp-content\/uploads\/2024\/05\/The-Bee-and-the-Fly\u871c\u8702\u4e0e\u82cd\u8747-affiche\u5b98\u65b9\u6d77\u62a5--1365x2048.jpg 1365w, https:\/\/www.allersretoursasso.fr\/wp-content\/uploads\/2024\/05\/The-Bee-and-the-Fly\u871c\u8702\u4e0e\u82cd\u8747-affiche\u5b98\u65b9\u6d77\u62a5--8x12.jpg 8w, https:\/\/www.allersretoursasso.fr\/wp-content\/uploads\/2024\/05\/The-Bee-and-the-Fly\u871c\u8702\u4e0e\u82cd\u8747-affiche\u5b98\u65b9\u6d77\u62a5--350x525.jpg 350w, https:\/\/www.allersretoursasso.fr\/wp-content\/uploads\/2024\/05\/The-Bee-and-the-Fly\u871c\u8702\u4e0e\u82cd\u8747-affiche\u5b98\u65b9\u6d77\u62a5--scaled.jpg 1707w\" sizes=\"(max-width: 683px) 100vw, 683px\" \/><\/figure><div class=\"wp-block-media-text__content\">\n<div class=\"wp-block-group is-layout-flow wp-block-group-is-layout-flow\"><div class=\"wp-block-group__inner-container\">\n<div class=\"wp-block-group is-vertical is-layout-flex wp-container-core-group-layout-4 wp-block-group-is-layout-flex\">\n<div class=\"wp-block-group is-layout-flow wp-block-group-is-layout-flow\"><div class=\"wp-block-group__inner-container\">\n<div class=\"wp-block-group is-layout-flow wp-block-group-is-layout-flow\"><div class=\"wp-block-group__inner-container\">\n<div class=\"wp-block-group is-layout-flow wp-block-group-is-layout-flow\"><div class=\"wp-block-group__inner-container\">\n<p><\/p>\n\n\n\n<p style=\"font-size:30px;font-style:normal;font-weight:500\"><strong><em>The Bee and the Fly<\/em><\/strong><br><strong><strong>\u871c\u8702\u4e0e\u82cd\u8747<\/strong><\/strong><\/p>\n\n\n\n<p class=\"has-medium-font-size\">SU Xia<br>\u82cf\u590f<br><\/p>\n\n\n\n<p class=\"has-small-font-size\"><a href=\"https:\/\/www.allersretoursasso.fr\/zh\/ningbo\/\">Ningbo Special Screening<\/a><\/p>\n<\/div><\/div>\n<\/div><\/div>\n<\/div><\/div>\n<\/div>\n<\/div><\/div>\n<\/div><\/div>\n\n\n\n<p><\/p>\n\n\n\n<p class=\"has-text-align-center has-small-font-size\"><em>2023 \/ 6\u201950 \/ Mandarin \/ VOSTF \/ Animation<\/em><\/p>\n\n\n\n<p>Une petite abeille s\u2019installe avec une mouche rus\u00e9e dans une grande ville au sein des cercles extravagants du pouvoir.&nbsp; Elles sont t\u00e9moins de toutes sortes de bizarreries humaines. Apr\u00e8s avoir \u00e9t\u00e9 confront\u00e9e \u00e0 de nombreux \u00e9v\u00e9nements absurdes de la soci\u00e9t\u00e9 contemporaine, l&#8217;abeille finit par devenir elle aussi un parasite.<\/p>\n\n\n\n<p>\u5355\u7eaf\u7684\u871c\u8702\u6765\u5230\u5927\u57ce\u5e02\u751f\u6d3b\uff0c\u4e0e\u8001\u8c0b\u6df1\u7b97\u7684\u82cd\u8747\u65e5\u591c\u6df7\u8ff9\u4e8e\u5962\u9761\u5b98\u573a\uff0c\u76ee\u7779\u4e86\u4eba\u4e16\u95f4\u7684\u79cd\u79cd\u602a\u76f8\u3002\u5728\u906d\u9047\u73b0\u5b9e\u793e\u4f1a\u8bf8\u591a\u8352\u8bde\u4e8b\u4ef6\u540e\uff0c\u871c\u8702\u4e5f\u6e10\u6e10\u53d8\u6210\u4e86\u5bc4\u751f\u866b\u3002<\/p>\n\n\n\n<figure class=\"wp-block-gallery has-nested-images columns-default is-cropped wp-block-gallery-1 is-layout-flex wp-block-gallery-is-layout-flex\">\n<figure class=\"wp-block-image size-large\"><img loading=\"lazy\" decoding=\"async\" width=\"1024\" height=\"768\" data-id=\"4870\" src=\"https:\/\/www.allersretoursasso.fr\/wp-content\/uploads\/2024\/05\/The-Bee-and-the-Fly\u871c\u8702\u4e0e\u82cd\u8747-Still02-1024x768.png\" alt=\"\" class=\"wp-image-4870\" srcset=\"https:\/\/www.allersretoursasso.fr\/wp-content\/uploads\/2024\/05\/The-Bee-and-the-Fly\u871c\u8702\u4e0e\u82cd\u8747-Still02-1024x768.png 1024w, https:\/\/www.allersretoursasso.fr\/wp-content\/uploads\/2024\/05\/The-Bee-and-the-Fly\u871c\u8702\u4e0e\u82cd\u8747-Still02-300x225.png 300w, https:\/\/www.allersretoursasso.fr\/wp-content\/uploads\/2024\/05\/The-Bee-and-the-Fly\u871c\u8702\u4e0e\u82cd\u8747-Still02-768x576.png 768w, https:\/\/www.allersretoursasso.fr\/wp-content\/uploads\/2024\/05\/The-Bee-and-the-Fly\u871c\u8702\u4e0e\u82cd\u8747-Still02-16x12.png 16w, https:\/\/www.allersretoursasso.fr\/wp-content\/uploads\/2024\/05\/The-Bee-and-the-Fly\u871c\u8702\u4e0e\u82cd\u8747-Still02-350x263.png 350w, https:\/\/www.allersretoursasso.fr\/wp-content\/uploads\/2024\/05\/The-Bee-and-the-Fly\u871c\u8702\u4e0e\u82cd\u8747-Still02.png 1440w\" sizes=\"(max-width: 767px) 89vw, (max-width: 1000px) 54vw, (max-width: 1071px) 543px, 580px\" \/><\/figure>\n\n\n\n<figure class=\"wp-block-image size-large\"><img loading=\"lazy\" decoding=\"async\" width=\"1024\" height=\"768\" data-id=\"4869\" src=\"https:\/\/www.allersretoursasso.fr\/wp-content\/uploads\/2024\/05\/The-Bee-and-the-Fly\u871c\u8702\u4e0e\u82cd\u8747-Still03-1024x768.png\" alt=\"\" class=\"wp-image-4869\" srcset=\"https:\/\/www.allersretoursasso.fr\/wp-content\/uploads\/2024\/05\/The-Bee-and-the-Fly\u871c\u8702\u4e0e\u82cd\u8747-Still03-1024x768.png 1024w, https:\/\/www.allersretoursasso.fr\/wp-content\/uploads\/2024\/05\/The-Bee-and-the-Fly\u871c\u8702\u4e0e\u82cd\u8747-Still03-300x225.png 300w, https:\/\/www.allersretoursasso.fr\/wp-content\/uploads\/2024\/05\/The-Bee-and-the-Fly\u871c\u8702\u4e0e\u82cd\u8747-Still03-768x576.png 768w, https:\/\/www.allersretoursasso.fr\/wp-content\/uploads\/2024\/05\/The-Bee-and-the-Fly\u871c\u8702\u4e0e\u82cd\u8747-Still03-16x12.png 16w, https:\/\/www.allersretoursasso.fr\/wp-content\/uploads\/2024\/05\/The-Bee-and-the-Fly\u871c\u8702\u4e0e\u82cd\u8747-Still03-350x263.png 350w, https:\/\/www.allersretoursasso.fr\/wp-content\/uploads\/2024\/05\/The-Bee-and-the-Fly\u871c\u8702\u4e0e\u82cd\u8747-Still03.png 1440w\" sizes=\"(max-width: 767px) 89vw, (max-width: 1000px) 54vw, (max-width: 1071px) 543px, 580px\" \/><\/figure>\n\n\n\n<figure class=\"wp-block-image size-large\"><img loading=\"lazy\" decoding=\"async\" width=\"1024\" height=\"768\" data-id=\"4868\" src=\"https:\/\/www.allersretoursasso.fr\/wp-content\/uploads\/2024\/05\/The-Bee-and-the-Fly\u871c\u8702\u4e0e\u82cd\u8747-Still04-1024x768.png\" alt=\"\" class=\"wp-image-4868\" srcset=\"https:\/\/www.allersretoursasso.fr\/wp-content\/uploads\/2024\/05\/The-Bee-and-the-Fly\u871c\u8702\u4e0e\u82cd\u8747-Still04-1024x768.png 1024w, https:\/\/www.allersretoursasso.fr\/wp-content\/uploads\/2024\/05\/The-Bee-and-the-Fly\u871c\u8702\u4e0e\u82cd\u8747-Still04-300x225.png 300w, https:\/\/www.allersretoursasso.fr\/wp-content\/uploads\/2024\/05\/The-Bee-and-the-Fly\u871c\u8702\u4e0e\u82cd\u8747-Still04-768x576.png 768w, https:\/\/www.allersretoursasso.fr\/wp-content\/uploads\/2024\/05\/The-Bee-and-the-Fly\u871c\u8702\u4e0e\u82cd\u8747-Still04-16x12.png 16w, https:\/\/www.allersretoursasso.fr\/wp-content\/uploads\/2024\/05\/The-Bee-and-the-Fly\u871c\u8702\u4e0e\u82cd\u8747-Still04-350x263.png 350w, https:\/\/www.allersretoursasso.fr\/wp-content\/uploads\/2024\/05\/The-Bee-and-the-Fly\u871c\u8702\u4e0e\u82cd\u8747-Still04.png 1440w\" sizes=\"(max-width: 767px) 89vw, (max-width: 1000px) 54vw, (max-width: 1071px) 543px, 580px\" \/><\/figure>\n\n\n\n<figure class=\"wp-block-image size-large\"><img loading=\"lazy\" decoding=\"async\" width=\"1024\" height=\"768\" data-id=\"4867\" src=\"https:\/\/www.allersretoursasso.fr\/wp-content\/uploads\/2024\/05\/The-Bee-and-the-Fly\u871c\u8702\u4e0e\u82cd\u8747-Still05-1024x768.png\" alt=\"\" class=\"wp-image-4867\" srcset=\"https:\/\/www.allersretoursasso.fr\/wp-content\/uploads\/2024\/05\/The-Bee-and-the-Fly\u871c\u8702\u4e0e\u82cd\u8747-Still05-1024x768.png 1024w, https:\/\/www.allersretoursasso.fr\/wp-content\/uploads\/2024\/05\/The-Bee-and-the-Fly\u871c\u8702\u4e0e\u82cd\u8747-Still05-300x225.png 300w, https:\/\/www.allersretoursasso.fr\/wp-content\/uploads\/2024\/05\/The-Bee-and-the-Fly\u871c\u8702\u4e0e\u82cd\u8747-Still05-768x576.png 768w, https:\/\/www.allersretoursasso.fr\/wp-content\/uploads\/2024\/05\/The-Bee-and-the-Fly\u871c\u8702\u4e0e\u82cd\u8747-Still05-16x12.png 16w, https:\/\/www.allersretoursasso.fr\/wp-content\/uploads\/2024\/05\/The-Bee-and-the-Fly\u871c\u8702\u4e0e\u82cd\u8747-Still05-350x263.png 350w, https:\/\/www.allersretoursasso.fr\/wp-content\/uploads\/2024\/05\/The-Bee-and-the-Fly\u871c\u8702\u4e0e\u82cd\u8747-Still05.png 1440w\" sizes=\"(max-width: 767px) 89vw, (max-width: 1000px) 54vw, (max-width: 1071px) 543px, 580px\" \/><\/figure>\n<\/figure>\n\n\n\n<p><\/p>\n\n\n\n<div class=\"wp-block-columns is-layout-flex wp-container-core-columns-layout-1 wp-block-columns-is-layout-flex\">\n<div class=\"wp-block-column is-layout-flow wp-block-column-is-layout-flow\"><\/div>\n<\/div>\n\n\n\n<hr class=\"wp-block-separator has-alpha-channel-opacity\"\/>\n\n\n\n<div class=\"wp-block-columns is-layout-flex wp-container-core-columns-layout-2 wp-block-columns-is-layout-flex\">\n<div class=\"wp-block-column is-layout-flow wp-block-column-is-layout-flow\"><\/div>\n<\/div>\n\n\n\n<div class=\"wp-block-columns is-layout-flex wp-container-core-columns-layout-3 wp-block-columns-is-layout-flex\">\n<div class=\"wp-block-column is-layout-flow wp-block-column-is-layout-flow\" style=\"flex-basis:33.33%\">\n<figure class=\"wp-block-image size-full\"><img loading=\"lazy\" decoding=\"async\" width=\"738\" height=\"738\" src=\"https:\/\/www.allersretoursasso.fr\/wp-content\/uploads\/2024\/06\/The-Bee-and-the-Fly-photo-cineaste-SU-Xia-\u82cf\u590f\u5bfc\u6f14\u7167\u72472-edited.png\" alt=\"\" class=\"wp-image-4963\" srcset=\"https:\/\/www.allersretoursasso.fr\/wp-content\/uploads\/2024\/06\/The-Bee-and-the-Fly-photo-cineaste-SU-Xia-\u82cf\u590f\u5bfc\u6f14\u7167\u72472-edited.png 738w, https:\/\/www.allersretoursasso.fr\/wp-content\/uploads\/2024\/06\/The-Bee-and-the-Fly-photo-cineaste-SU-Xia-\u82cf\u590f\u5bfc\u6f14\u7167\u72472-edited-300x300.png 300w, https:\/\/www.allersretoursasso.fr\/wp-content\/uploads\/2024\/06\/The-Bee-and-the-Fly-photo-cineaste-SU-Xia-\u82cf\u590f\u5bfc\u6f14\u7167\u72472-edited-150x150.png 150w, https:\/\/www.allersretoursasso.fr\/wp-content\/uploads\/2024\/06\/The-Bee-and-the-Fly-photo-cineaste-SU-Xia-\u82cf\u590f\u5bfc\u6f14\u7167\u72472-edited-12x12.png 12w, https:\/\/www.allersretoursasso.fr\/wp-content\/uploads\/2024\/06\/The-Bee-and-the-Fly-photo-cineaste-SU-Xia-\u82cf\u590f\u5bfc\u6f14\u7167\u72472-edited-100x100.png 100w, https:\/\/www.allersretoursasso.fr\/wp-content\/uploads\/2024\/06\/The-Bee-and-the-Fly-photo-cineaste-SU-Xia-\u82cf\u590f\u5bfc\u6f14\u7167\u72472-edited-350x350.png 350w\" sizes=\"(max-width: 738px) 100vw, 738px\" \/><\/figure>\n<\/div>\n\n\n\n<div class=\"wp-block-column is-layout-flow wp-block-column-is-layout-flow\" style=\"flex-basis:66.66%\">\n<p><strong><strong>\u00c0 propos de<\/strong> <strong>SU Xia<\/strong><\/strong><\/p>\n\n\n\n<p class=\"has-small-font-size\"><\/p>\n<\/div>\n<\/div>\n\n\n\n<p class=\"has-small-font-size\"><\/p>\n\n\n\n<p class=\"has-small-font-size\">Su Xia est sc\u00e9nariste et r\u00e9alisateur de films d\u2019auteur et de publicit\u00e9s. Il enseigne \u00e0 l\u2019Acad\u00e9mie des Arts de Chine. Son court-m\u00e9trage d\u2019animation a \u00e9t\u00e9 pr\u00e9sent\u00e9 dans une dizaine de festivals internationaux dont le Festival international du film d\u2019animation d\u2019Annecy, l\u2019Animafest Zagreb (Croatie), le Festival norv\u00e9gien du film court, le Festival international de Shanghai et le Festival international du film fantastique de Neuch\u00e2tel (Suisse).<\/p>\n\n\n\n<p class=\"has-small-font-size\">\u82cf\u590f\uff0c\u7535\u5f71\u7f8e\u672f\u3001\u5e7f\u544a\u5bfc\u6f14\u3001\u5f71\u89c6\u7f16\u5bfc\u3002\u73b0\u4efb\u6559\u4e8e\u4e2d\u56fd\u7f8e\u672f\u5b66\u9662\u3002\u66fe\u6267\u5bfc\u52a8\u753b\u77ed\u7247\u300a\u9ec4\u91d1\u5403\u4eba\u5566\u300b\u5165\u56f4\u6cd5\u56fd\u5b89\u7eb3\u897f\u56fd\u9645\u7535\u5f71\u8282\u7ade\u8d5b\u5355\u5143\uff0c\u8428\u683c\u52d2\u5e03\u56fd\u9645\u52a8\u753b\u7535\u5f71\u8282\u3001\u632a\u5a01\u56fd\u9645\u77ed\u7247\u7535\u5f71\u8282\u3001\u4e0a\u6d77\u56fd\u9645\u7535\u5f71\u8282\u3001\u745e\u58eb\u5947\u5e7b\u7535\u5f71\u8282\u3001\u4f0a\u6717\u6cd5\u8d3e\u5c14\u56fd\u9645\u7535\u5f71\u8282\u7b49\u8bf8\u591a\u56fd\u9645\u5f71\u5c55\u3002<\/p>\n\n\n\n<p><\/p>\n\n\n\n<hr class=\"wp-block-separator has-alpha-channel-opacity is-style-wide\"\/>\n\n\n\n<div class=\"wp-block-group is-layout-constrained wp-block-group-is-layout-constrained\"><div class=\"wp-block-group__inner-container\">\n<p class=\"has-text-align-center\"><strong>Samedi 15 juin \u00e0 20h00<\/strong><br><strong><strong>Studio des Ursulines\u5f71\u9662<\/strong><\/strong><br>10 Rue des Ursulines, 75005 Paris<\/p>\n\n\n\n<p class=\"has-text-align-center\"><strong>S\u00e9ance gratuite<\/strong> (dans la limite des places disponibles)<\/p>\n<\/div><\/div>\n\n\n\n<div class=\"wp-block-cover is-light\" style=\"min-height:349px\"><span aria-hidden=\"true\" class=\"wp-block-cover__background has-white-background-color has-background-dim\"><\/span><div class=\"wp-block-cover__inner-container is-layout-flow wp-block-cover-is-layout-flow\">\n<div class=\"wp-block-group is-layout-flow wp-block-group-is-layout-flow\"><div class=\"wp-block-group__inner-container\">\n<figure class=\"wp-block-image size-large\"><a href=\"https:\/\/www.allersretoursasso.fr\/zh\/ningbo\/\"><img loading=\"lazy\" decoding=\"async\" width=\"1024\" height=\"418\" src=\"https:\/\/www.allersretoursasso.fr\/wp-content\/uploads\/2024\/06\/wordpress-2-1024x418.png\" alt=\"\" class=\"wp-image-4957\" srcset=\"https:\/\/www.allersretoursasso.fr\/wp-content\/uploads\/2024\/06\/wordpress-2-1024x418.png 1024w, https:\/\/www.allersretoursasso.fr\/wp-content\/uploads\/2024\/06\/wordpress-2-300x123.png 300w, https:\/\/www.allersretoursasso.fr\/wp-content\/uploads\/2024\/06\/wordpress-2-768x314.png 768w, https:\/\/www.allersretoursasso.fr\/wp-content\/uploads\/2024\/06\/wordpress-2-1536x627.png 1536w, https:\/\/www.allersretoursasso.fr\/wp-content\/uploads\/2024\/06\/wordpress-2-18x7.png 18w, https:\/\/www.allersretoursasso.fr\/wp-content\/uploads\/2024\/06\/wordpress-2-350x143.png 350w, https:\/\/www.allersretoursasso.fr\/wp-content\/uploads\/2024\/06\/wordpress-2.png 1998w\" sizes=\"(max-width: 767px) 89vw, (max-width: 1000px) 54vw, (max-width: 1071px) 543px, 580px\" \/><\/a><\/figure>\n<\/div><\/div>\n<\/div><\/div>","protected":false},"excerpt":{"rendered":"<p>2023 \/ 6\u201950 \/ Mandarin \/ VOSTF \/ Animation Une petite abeille s\u2019installe avec une mouche rus\u00e9e dans une grande ville au sein des cercles extravagants du pouvoir.&nbsp; Elles sont t\u00e9moins de toutes sortes de bizarreries humaines. Apr\u00e8s avoir \u00e9t\u00e9 confront\u00e9e \u00e0 de nombreux \u00e9v\u00e9nements absurdes de la soci\u00e9t\u00e9 contemporaine, l&#8217;abeille finit par devenir elle &hellip; <\/p>\n<p class=\"link-more\"><a href=\"https:\/\/www.allersretoursasso.fr\/zh\/ningbo-the-bee-and-the-fly\/\" class=\"more-link\">\u7ee7\u7eed\u9605\u8bfb<span class=\"screen-reader-text\">\u201cNingbo Special Screening  &#8211; The Bee and the Fly\u201d<\/span><\/a><\/p>","protected":false},"author":15,"featured_media":0,"parent":0,"menu_order":0,"comment_status":"closed","ping_status":"closed","template":"","meta":{"footnotes":""},"_links":{"self":[{"href":"https:\/\/www.allersretoursasso.fr\/zh\/wp-json\/wp\/v2\/pages\/4875"}],"collection":[{"href":"https:\/\/www.allersretoursasso.fr\/zh\/wp-json\/wp\/v2\/pages"}],"about":[{"href":"https:\/\/www.allersretoursasso.fr\/zh\/wp-json\/wp\/v2\/types\/page"}],"author":[{"embeddable":true,"href":"https:\/\/www.allersretoursasso.fr\/zh\/wp-json\/wp\/v2\/users\/15"}],"replies":[{"embeddable":true,"href":"https:\/\/www.allersretoursasso.fr\/zh\/wp-json\/wp\/v2\/comments?post=4875"}],"version-history":[{"count":7,"href":"https:\/\/www.allersretoursasso.fr\/zh\/wp-json\/wp\/v2\/pages\/4875\/revisions"}],"predecessor-version":[{"id":5044,"href":"https:\/\/www.allersretoursasso.fr\/zh\/wp-json\/wp\/v2\/pages\/4875\/revisions\/5044"}],"wp:attachment":[{"href":"https:\/\/www.allersretoursasso.fr\/zh\/wp-json\/wp\/v2\/media?parent=4875"}],"curies":[{"name":"wp","href":"https:\/\/api.w.org\/{rel}","templated":true}]}}