{"id":4880,"date":"2024-05-28T17:32:01","date_gmt":"2024-05-28T15:32:01","guid":{"rendered":"https:\/\/www.allersretoursasso.fr\/?page_id=4880"},"modified":"2024-06-06T03:58:05","modified_gmt":"2024-06-06T01:58:05","slug":"ningbo-to-the-cloud","status":"publish","type":"page","link":"https:\/\/www.allersretoursasso.fr\/zh\/ningbo-to-the-cloud\/","title":{"rendered":"Ningbo Special Screening  &#8211; To the Cloud"},"content":{"rendered":"<div id=\"fb-root\"><\/div>\n\n<div class=\"wp-block-media-text alignwide is-stacked-on-mobile\" style=\"grid-template-columns:41% auto\"><figure class=\"wp-block-media-text__media\"><img loading=\"lazy\" decoding=\"async\" width=\"576\" height=\"1024\" src=\"https:\/\/www.allersretoursasso.fr\/wp-content\/uploads\/2024\/05\/To-the-Cloud-\u4e91\u7aef\u884c\u8005-affiche-\u5b81\u6ce2\u7ad6\u5c4f\u6d77\u62a5-576x1024.jpg\" alt=\"\" class=\"wp-image-4882 size-full\" srcset=\"https:\/\/www.allersretoursasso.fr\/wp-content\/uploads\/2024\/05\/To-the-Cloud-\u4e91\u7aef\u884c\u8005-affiche-\u5b81\u6ce2\u7ad6\u5c4f\u6d77\u62a5-576x1024.jpg 576w, https:\/\/www.allersretoursasso.fr\/wp-content\/uploads\/2024\/05\/To-the-Cloud-\u4e91\u7aef\u884c\u8005-affiche-\u5b81\u6ce2\u7ad6\u5c4f\u6d77\u62a5-169x300.jpg 169w, https:\/\/www.allersretoursasso.fr\/wp-content\/uploads\/2024\/05\/To-the-Cloud-\u4e91\u7aef\u884c\u8005-affiche-\u5b81\u6ce2\u7ad6\u5c4f\u6d77\u62a5-768x1365.jpg 768w, https:\/\/www.allersretoursasso.fr\/wp-content\/uploads\/2024\/05\/To-the-Cloud-\u4e91\u7aef\u884c\u8005-affiche-\u5b81\u6ce2\u7ad6\u5c4f\u6d77\u62a5-864x1536.jpg 864w, https:\/\/www.allersretoursasso.fr\/wp-content\/uploads\/2024\/05\/To-the-Cloud-\u4e91\u7aef\u884c\u8005-affiche-\u5b81\u6ce2\u7ad6\u5c4f\u6d77\u62a5-1152x2048.jpg 1152w, https:\/\/www.allersretoursasso.fr\/wp-content\/uploads\/2024\/05\/To-the-Cloud-\u4e91\u7aef\u884c\u8005-affiche-\u5b81\u6ce2\u7ad6\u5c4f\u6d77\u62a5-7x12.jpg 7w, https:\/\/www.allersretoursasso.fr\/wp-content\/uploads\/2024\/05\/To-the-Cloud-\u4e91\u7aef\u884c\u8005-affiche-\u5b81\u6ce2\u7ad6\u5c4f\u6d77\u62a5-350x622.jpg 350w, https:\/\/www.allersretoursasso.fr\/wp-content\/uploads\/2024\/05\/To-the-Cloud-\u4e91\u7aef\u884c\u8005-affiche-\u5b81\u6ce2\u7ad6\u5c4f\u6d77\u62a5-scaled.jpg 1440w\" sizes=\"(max-width: 576px) 100vw, 576px\" \/><\/figure><div class=\"wp-block-media-text__content\">\n<div class=\"wp-block-group is-layout-flow wp-block-group-is-layout-flow\"><div class=\"wp-block-group__inner-container\">\n<div class=\"wp-block-group is-vertical is-layout-flex wp-container-core-group-layout-4 wp-block-group-is-layout-flex\">\n<div class=\"wp-block-group is-layout-flow wp-block-group-is-layout-flow\"><div class=\"wp-block-group__inner-container\">\n<div class=\"wp-block-group is-layout-flow wp-block-group-is-layout-flow\"><div class=\"wp-block-group__inner-container\">\n<div class=\"wp-block-group is-layout-flow wp-block-group-is-layout-flow\"><div class=\"wp-block-group__inner-container\">\n<p><\/p>\n\n\n\n<p style=\"font-size:30px;font-style:normal;font-weight:500\"><strong><em>To the Cloud<\/em><\/strong><br><strong>\u4e91\u7aef\u884c\u8005<\/strong><\/p>\n\n\n\n<p class=\"has-medium-font-size\">LIU Hui<br>\u5218\u8f89<\/p>\n\n\n\n<p class=\"has-small-font-size\"><a href=\"https:\/\/www.allersretoursasso.fr\/zh\/ningbo\/\">Ningbo Special Screening<\/a><\/p>\n<\/div><\/div>\n\n\n\n<p class=\"has-text-align-left\" style=\"font-size:15px\"><\/p>\n<\/div><\/div>\n<\/div><\/div>\n<\/div>\n<\/div><\/div>\n<\/div><\/div>\n\n\n\n<h2 class=\"wp-block-heading\"><\/h2>\n\n\n\n<p class=\"has-text-align-center has-small-font-size\"><em>2023 \/ 30\u2019 \/ Mandarin \/ VOSTF \/ Documentaire<\/em><\/p>\n\n\n\n<p>Film\u00e9 sur une p\u00e9riode de trois ans, de juin 2020 \u00e0 septembre 2022, \u00e0 Tai&#8217;an, dans la province du Shandong en Chine, ce documentaire suit le quotidien de sept porteurs pendant la pand\u00e9mie de Covid-19.<\/p>\n\n\n\n<p>\u62cd\u6444\u4e8e2020\u5e746\u6708\u81f32022\u5e749\u6708\u7684\u5c71\u4e1c\u6cf0\u5b89\uff0c\u300a\u4e91\u7aef\u884c\u8005\u300b\u8bb0\u5f55\u4e0b\u65b0\u51a0\u75ab\u60c5\u95f4\u6cf0\u5c71\u666f\u533a\u7684\u6311\u592b\u7fa4\u4f53\u6545\u4e8b\u3002<\/p>\n\n\n\n<figure class=\"wp-block-gallery has-nested-images columns-default is-cropped wp-block-gallery-1 is-layout-flex wp-block-gallery-is-layout-flex\">\n<figure class=\"wp-block-image size-large\"><img loading=\"lazy\" decoding=\"async\" width=\"1024\" height=\"576\" data-id=\"4881\" src=\"https:\/\/www.allersretoursasso.fr\/wp-content\/uploads\/2024\/05\/To-the-Cloud-\u4e91\u7aef\u884c\u8005-still-\u5267\u71671-1024x576.jpg\" alt=\"\" class=\"wp-image-4881\" srcset=\"https:\/\/www.allersretoursasso.fr\/wp-content\/uploads\/2024\/05\/To-the-Cloud-\u4e91\u7aef\u884c\u8005-still-\u5267\u71671-1024x576.jpg 1024w, https:\/\/www.allersretoursasso.fr\/wp-content\/uploads\/2024\/05\/To-the-Cloud-\u4e91\u7aef\u884c\u8005-still-\u5267\u71671-300x169.jpg 300w, https:\/\/www.allersretoursasso.fr\/wp-content\/uploads\/2024\/05\/To-the-Cloud-\u4e91\u7aef\u884c\u8005-still-\u5267\u71671-768x432.jpg 768w, https:\/\/www.allersretoursasso.fr\/wp-content\/uploads\/2024\/05\/To-the-Cloud-\u4e91\u7aef\u884c\u8005-still-\u5267\u71671-1536x864.jpg 1536w, https:\/\/www.allersretoursasso.fr\/wp-content\/uploads\/2024\/05\/To-the-Cloud-\u4e91\u7aef\u884c\u8005-still-\u5267\u71671-2048x1152.jpg 2048w, https:\/\/www.allersretoursasso.fr\/wp-content\/uploads\/2024\/05\/To-the-Cloud-\u4e91\u7aef\u884c\u8005-still-\u5267\u71671-18x10.jpg 18w, https:\/\/www.allersretoursasso.fr\/wp-content\/uploads\/2024\/05\/To-the-Cloud-\u4e91\u7aef\u884c\u8005-still-\u5267\u71671-350x197.jpg 350w\" sizes=\"(max-width: 767px) 89vw, (max-width: 1000px) 54vw, (max-width: 1071px) 543px, 580px\" \/><\/figure>\n<\/figure>\n\n\n\n<div class=\"wp-block-columns is-layout-flex wp-container-core-columns-layout-1 wp-block-columns-is-layout-flex\">\n<div class=\"wp-block-column is-layout-flow wp-block-column-is-layout-flow\" style=\"flex-basis:100%\"><\/div>\n<\/div>\n\n\n\n<figure class=\"wp-block-embed is-type-video is-provider-youtube wp-block-embed-youtube wp-embed-aspect-16-9 wp-has-aspect-ratio\"><div class=\"wp-block-embed__wrapper\">\n<iframe loading=\"lazy\" title=\"To the Cloud \u4e91\u7aef\u884c\u8005 de LIU Hui \u5218\u8f89\" width=\"525\" height=\"295\" src=\"https:\/\/www.youtube.com\/embed\/Upi5AoXLuds?list=PLJFZYepUmhVL3JklOrIccP9JTTkbFFsSc\" frameborder=\"0\" allow=\"accelerometer; autoplay; clipboard-write; encrypted-media; gyroscope; picture-in-picture; web-share\" referrerpolicy=\"strict-origin-when-cross-origin\" allowfullscreen><\/iframe>\n<\/div><\/figure>\n\n\n\n<p><\/p>\n\n\n\n<div class=\"wp-block-columns is-layout-flex wp-container-core-columns-layout-2 wp-block-columns-is-layout-flex\">\n<div class=\"wp-block-column is-layout-flow wp-block-column-is-layout-flow\"><\/div>\n<\/div>\n\n\n\n<hr class=\"wp-block-separator has-alpha-channel-opacity\"\/>\n\n\n\n<div class=\"wp-block-columns is-layout-flex wp-container-core-columns-layout-3 wp-block-columns-is-layout-flex\">\n<div class=\"wp-block-column is-layout-flow wp-block-column-is-layout-flow\"><\/div>\n<\/div>\n\n\n\n<div class=\"wp-block-columns is-layout-flex wp-container-core-columns-layout-4 wp-block-columns-is-layout-flex\">\n<div class=\"wp-block-column is-layout-flow wp-block-column-is-layout-flow\" style=\"flex-basis:33.33%\">\n<figure class=\"wp-block-image size-large\"><img loading=\"lazy\" decoding=\"async\" width=\"2083\" height=\"2082\" src=\"https:\/\/www.allersretoursasso.fr\/wp-content\/uploads\/2024\/06\/To-the-Cloud-\u4e91\u7aef\u884c\u8005-photo-cineaste-LIU-Hui-\u5218\u8f89\u7167\u7247-edited.jpg\" alt=\"\" class=\"wp-image-4966\" srcset=\"https:\/\/www.allersretoursasso.fr\/wp-content\/uploads\/2024\/06\/To-the-Cloud-\u4e91\u7aef\u884c\u8005-photo-cineaste-LIU-Hui-\u5218\u8f89\u7167\u7247-edited.jpg 2083w, https:\/\/www.allersretoursasso.fr\/wp-content\/uploads\/2024\/06\/To-the-Cloud-\u4e91\u7aef\u884c\u8005-photo-cineaste-LIU-Hui-\u5218\u8f89\u7167\u7247-edited-300x300.jpg 300w, https:\/\/www.allersretoursasso.fr\/wp-content\/uploads\/2024\/06\/To-the-Cloud-\u4e91\u7aef\u884c\u8005-photo-cineaste-LIU-Hui-\u5218\u8f89\u7167\u7247-edited-1024x1024.jpg 1024w, https:\/\/www.allersretoursasso.fr\/wp-content\/uploads\/2024\/06\/To-the-Cloud-\u4e91\u7aef\u884c\u8005-photo-cineaste-LIU-Hui-\u5218\u8f89\u7167\u7247-edited-150x150.jpg 150w, https:\/\/www.allersretoursasso.fr\/wp-content\/uploads\/2024\/06\/To-the-Cloud-\u4e91\u7aef\u884c\u8005-photo-cineaste-LIU-Hui-\u5218\u8f89\u7167\u7247-edited-768x768.jpg 768w, https:\/\/www.allersretoursasso.fr\/wp-content\/uploads\/2024\/06\/To-the-Cloud-\u4e91\u7aef\u884c\u8005-photo-cineaste-LIU-Hui-\u5218\u8f89\u7167\u7247-edited-1536x1536.jpg 1536w, https:\/\/www.allersretoursasso.fr\/wp-content\/uploads\/2024\/06\/To-the-Cloud-\u4e91\u7aef\u884c\u8005-photo-cineaste-LIU-Hui-\u5218\u8f89\u7167\u7247-edited-2048x2048.jpg 2048w, https:\/\/www.allersretoursasso.fr\/wp-content\/uploads\/2024\/06\/To-the-Cloud-\u4e91\u7aef\u884c\u8005-photo-cineaste-LIU-Hui-\u5218\u8f89\u7167\u7247-edited-12x12.jpg 12w, https:\/\/www.allersretoursasso.fr\/wp-content\/uploads\/2024\/06\/To-the-Cloud-\u4e91\u7aef\u884c\u8005-photo-cineaste-LIU-Hui-\u5218\u8f89\u7167\u7247-edited-100x100.jpg 100w, https:\/\/www.allersretoursasso.fr\/wp-content\/uploads\/2024\/06\/To-the-Cloud-\u4e91\u7aef\u884c\u8005-photo-cineaste-LIU-Hui-\u5218\u8f89\u7167\u7247-edited-350x350.jpg 350w\" sizes=\"(max-width: 767px) 89vw, (max-width: 1000px) 54vw, (max-width: 1071px) 543px, 580px\" \/><\/figure>\n<\/div>\n\n\n\n<div class=\"wp-block-column is-layout-flow wp-block-column-is-layout-flow\" style=\"flex-basis:66.66%\">\n<p><strong><strong>\u00c0 propos de<\/strong> <strong>LIU Hui<\/strong><\/strong><\/p>\n\n\n\n<p class=\"has-small-font-size\"><\/p>\n<\/div>\n<\/div>\n\n\n\n<p class=\"has-small-font-size\"><\/p>\n\n\n\n<p class=\"has-small-font-size\">Liu Hui est un documentariste. Son film a \u00e9t\u00e9 r\u00e9compens\u00e9 au 13e Festival international du film de P\u00e9kin et au China University Student Television Festival. Il a \u00e9t\u00e9 s\u00e9lectionn\u00e9 au Guangzhou International Documentary Film Festival, au programme de films sur mobile du Festival international de cin\u00e9ma du Coq d\u2019or (Chine), au Hi Shorts! Film Festival (Xiamen) et au 30\u00b0 Ningbo Short Film Festival.<\/p>\n\n\n\n<p class=\"has-small-font-size\">\u5218\u8f89\uff0c\u7eaa\u5f55\u7247\u521b\u4f5c\u8005\u3002\u6267\u5bfc\u4f5c\u54c1\u83b7\u56fd\u5185\u591a\u4e2a\u7eaa\u5f55\u7c7b\u5956\u9879 \u3002\u66fe\u5165\u56f4\u7b2c\u4e8c\u5341\u5c4a\u4e2d\u56fd\uff08\u5e7f\u5dde\uff09\u56fd\u9645\u7eaa\u5f55\u7247\u8282\u3001\u7b2c\u4e09\u5341\u516d\u5c4a\u4e2d\u56fd\u7535\u5f71\u91d1\u9e21\u5956\u624b\u673a\u7535\u5f71\u8ba1\u5212\u3001\u5317\u7eac30\u00b0\u77ed\u7247\u8282\u3001\u7b2c\u4e94\u5c4aHiShorts\u53a6\u95e8\u77ed\u7247\u5468\u3002<\/p>\n\n\n\n<p><\/p>\n\n\n\n<hr class=\"wp-block-separator has-alpha-channel-opacity is-style-wide\"\/>\n\n\n\n<div class=\"wp-block-group is-layout-constrained wp-block-group-is-layout-constrained\"><div class=\"wp-block-group__inner-container\">\n<p class=\"has-text-align-center\"><strong>Samedi 15 juin \u00e0 20h00<\/strong><br><strong><strong>Studio des Ursulines\u5f71\u9662<\/strong><\/strong><br>10 Rue des Ursulines, 75005 Paris<\/p>\n\n\n\n<p class=\"has-text-align-center\"><strong>S\u00e9ance gratuite<\/strong> (dans la limite des places disponibles)<\/p>\n<\/div><\/div>\n\n\n\n<div class=\"wp-block-cover is-light\" style=\"min-height:349px\"><span aria-hidden=\"true\" class=\"wp-block-cover__background has-white-background-color has-background-dim\"><\/span><div class=\"wp-block-cover__inner-container is-layout-flow wp-block-cover-is-layout-flow\">\n<div class=\"wp-block-group is-layout-flow wp-block-group-is-layout-flow\"><div class=\"wp-block-group__inner-container\">\n<figure class=\"wp-block-image size-large\"><a href=\"https:\/\/www.allersretoursasso.fr\/zh\/ningbo\/\"><img loading=\"lazy\" decoding=\"async\" width=\"1024\" height=\"418\" src=\"https:\/\/www.allersretoursasso.fr\/wp-content\/uploads\/2024\/06\/wordpress-2-1024x418.png\" alt=\"\" class=\"wp-image-4957\" srcset=\"https:\/\/www.allersretoursasso.fr\/wp-content\/uploads\/2024\/06\/wordpress-2-1024x418.png 1024w, https:\/\/www.allersretoursasso.fr\/wp-content\/uploads\/2024\/06\/wordpress-2-300x123.png 300w, https:\/\/www.allersretoursasso.fr\/wp-content\/uploads\/2024\/06\/wordpress-2-768x314.png 768w, https:\/\/www.allersretoursasso.fr\/wp-content\/uploads\/2024\/06\/wordpress-2-1536x627.png 1536w, https:\/\/www.allersretoursasso.fr\/wp-content\/uploads\/2024\/06\/wordpress-2-18x7.png 18w, https:\/\/www.allersretoursasso.fr\/wp-content\/uploads\/2024\/06\/wordpress-2-350x143.png 350w, https:\/\/www.allersretoursasso.fr\/wp-content\/uploads\/2024\/06\/wordpress-2.png 1998w\" sizes=\"(max-width: 767px) 89vw, (max-width: 1000px) 54vw, (max-width: 1071px) 543px, 580px\" \/><\/a><\/figure>\n<\/div><\/div>\n<\/div><\/div>","protected":false},"excerpt":{"rendered":"<p>2023 \/ 30\u2019 \/ Mandarin \/ VOSTF \/ Documentaire Film\u00e9 sur une p\u00e9riode de trois ans, de juin 2020 \u00e0 septembre 2022, \u00e0 Tai&#8217;an, dans la province du Shandong en Chine, ce documentaire suit le quotidien de sept porteurs pendant la pand\u00e9mie de Covid-19. \u62cd\u6444\u4e8e2020\u5e746\u6708\u81f32022\u5e749\u6708\u7684\u5c71\u4e1c\u6cf0\u5b89\uff0c\u300a\u4e91\u7aef\u884c\u8005\u300b\u8bb0\u5f55\u4e0b\u65b0\u51a0\u75ab\u60c5\u95f4\u6cf0\u5c71\u666f\u533a\u7684\u6311\u592b\u7fa4\u4f53\u6545\u4e8b\u3002 \u00c0 propos de LIU Hui Liu Hui est un documentariste. &hellip; <\/p>\n<p class=\"link-more\"><a href=\"https:\/\/www.allersretoursasso.fr\/zh\/ningbo-to-the-cloud\/\" class=\"more-link\">\u7ee7\u7eed\u9605\u8bfb<span class=\"screen-reader-text\">\u201cNingbo Special Screening  &#8211; To the Cloud\u201d<\/span><\/a><\/p>","protected":false},"author":15,"featured_media":0,"parent":0,"menu_order":0,"comment_status":"closed","ping_status":"closed","template":"","meta":{"footnotes":""},"_links":{"self":[{"href":"https:\/\/www.allersretoursasso.fr\/zh\/wp-json\/wp\/v2\/pages\/4880"}],"collection":[{"href":"https:\/\/www.allersretoursasso.fr\/zh\/wp-json\/wp\/v2\/pages"}],"about":[{"href":"https:\/\/www.allersretoursasso.fr\/zh\/wp-json\/wp\/v2\/types\/page"}],"author":[{"embeddable":true,"href":"https:\/\/www.allersretoursasso.fr\/zh\/wp-json\/wp\/v2\/users\/15"}],"replies":[{"embeddable":true,"href":"https:\/\/www.allersretoursasso.fr\/zh\/wp-json\/wp\/v2\/comments?post=4880"}],"version-history":[{"count":8,"href":"https:\/\/www.allersretoursasso.fr\/zh\/wp-json\/wp\/v2\/pages\/4880\/revisions"}],"predecessor-version":[{"id":5041,"href":"https:\/\/www.allersretoursasso.fr\/zh\/wp-json\/wp\/v2\/pages\/4880\/revisions\/5041"}],"wp:attachment":[{"href":"https:\/\/www.allersretoursasso.fr\/zh\/wp-json\/wp\/v2\/media?parent=4880"}],"curies":[{"name":"wp","href":"https:\/\/api.w.org\/{rel}","templated":true}]}}