{"id":4887,"date":"2024-05-28T17:38:59","date_gmt":"2024-05-28T15:38:59","guid":{"rendered":"https:\/\/www.allersretoursasso.fr\/?page_id=4887"},"modified":"2024-06-06T03:38:33","modified_gmt":"2024-06-06T01:38:33","slug":"ningbo-what-you-cant-see","status":"publish","type":"page","link":"https:\/\/www.allersretoursasso.fr\/zh\/ningbo-what-you-cant-see\/","title":{"rendered":"Ningbo Special Screening  &#8211; What You Can\u2019t See"},"content":{"rendered":"<div id=\"fb-root\"><\/div>\n\n<div class=\"wp-block-media-text alignwide is-stacked-on-mobile\" style=\"grid-template-columns:41% auto\"><figure class=\"wp-block-media-text__media\"><img loading=\"lazy\" decoding=\"async\" width=\"768\" height=\"1024\" src=\"https:\/\/www.allersretoursasso.fr\/wp-content\/uploads\/2024\/05\/What-You-Cant-See-\u6d77\u5e95\u4e16\u754c-Affiche-\u7ad6\u7248\u6d77\u62a5-768x1024.jpeg\" alt=\"\" class=\"wp-image-4886 size-full\" srcset=\"https:\/\/www.allersretoursasso.fr\/wp-content\/uploads\/2024\/05\/What-You-Cant-See-\u6d77\u5e95\u4e16\u754c-Affiche-\u7ad6\u7248\u6d77\u62a5-768x1024.jpeg 768w, https:\/\/www.allersretoursasso.fr\/wp-content\/uploads\/2024\/05\/What-You-Cant-See-\u6d77\u5e95\u4e16\u754c-Affiche-\u7ad6\u7248\u6d77\u62a5-225x300.jpeg 225w, https:\/\/www.allersretoursasso.fr\/wp-content\/uploads\/2024\/05\/What-You-Cant-See-\u6d77\u5e95\u4e16\u754c-Affiche-\u7ad6\u7248\u6d77\u62a5-1152x1536.jpeg 1152w, https:\/\/www.allersretoursasso.fr\/wp-content\/uploads\/2024\/05\/What-You-Cant-See-\u6d77\u5e95\u4e16\u754c-Affiche-\u7ad6\u7248\u6d77\u62a5-1536x2048.jpeg 1536w, https:\/\/www.allersretoursasso.fr\/wp-content\/uploads\/2024\/05\/What-You-Cant-See-\u6d77\u5e95\u4e16\u754c-Affiche-\u7ad6\u7248\u6d77\u62a5-9x12.jpeg 9w, https:\/\/www.allersretoursasso.fr\/wp-content\/uploads\/2024\/05\/What-You-Cant-See-\u6d77\u5e95\u4e16\u754c-Affiche-\u7ad6\u7248\u6d77\u62a5-350x467.jpeg 350w, https:\/\/www.allersretoursasso.fr\/wp-content\/uploads\/2024\/05\/What-You-Cant-See-\u6d77\u5e95\u4e16\u754c-Affiche-\u7ad6\u7248\u6d77\u62a5-scaled.jpeg 1920w\" sizes=\"(max-width: 767px) 89vw, (max-width: 1000px) 54vw, (max-width: 1071px) 543px, 580px\" \/><\/figure><div class=\"wp-block-media-text__content\">\n<div class=\"wp-block-group is-layout-flow wp-block-group-is-layout-flow\"><div class=\"wp-block-group__inner-container\">\n<div class=\"wp-block-group is-vertical is-layout-flex wp-container-core-group-layout-4 wp-block-group-is-layout-flex\">\n<div class=\"wp-block-group is-layout-flow wp-block-group-is-layout-flow\"><div class=\"wp-block-group__inner-container\">\n<div class=\"wp-block-group is-layout-flow wp-block-group-is-layout-flow\"><div class=\"wp-block-group__inner-container\">\n<div class=\"wp-block-group is-layout-flow wp-block-group-is-layout-flow\"><div class=\"wp-block-group__inner-container\">\n<p><\/p>\n\n\n\n<p style=\"font-size:30px;font-style:normal;font-weight:500\"><strong><em>What You Can\u2019t See<\/em><\/strong><br><strong><strong>\u6d77\u5e95\u4e16\u754c<\/strong><\/strong><\/p>\n\n\n\n<p class=\"has-medium-font-size\">QIU Yu<br>\u90b1\u96e8<\/p>\n\n\n\n<p class=\"has-small-font-size\"><a href=\"https:\/\/www.allersretoursasso.fr\/zh\/ningbo\/\">Ningbo Special Screening<\/a><\/p>\n<\/div><\/div>\n<\/div><\/div>\n<\/div><\/div>\n<\/div>\n<\/div><\/div>\n<\/div><\/div>\n\n\n\n<p class=\"has-text-align-center has-small-font-size\"><em>2023 \/ 29\u2019 \/ Mandarin, Cantonais \/ VOSTF \/ Fiction<\/em><\/p>\n\n\n\n<p>Pour fuir la famille recompos\u00e9e de sa m\u00e8re, Yiwei, 16 ans, accompagne souvent son p\u00e8re, chauffeur de camion, lors de ses livraisons. Au cours d&#8217;un de ces voyages, elle se lie d\u2019amiti\u00e9 avec une vietnamienne nomm\u00e9e A Ling. Mais A Ling dispara\u00eet soudainement, emportant avec elle l&#8217;argent que Yiwei avait durement \u00e9conomis\u00e9.<\/p>\n\n\n\n<p>16\u5c81\u7684\u4e00\u82c7\u4e3a\u4e86\u9003\u79bb\u6bcd\u4eb2\u7684\u4e8c\u5a5a\u5bb6\u5ead\uff0c\u65f6\u5e38\u548c\u8eab\u4e3a\u5361\u8f66\u53f8\u673a\u7684\u7236\u4eb2\u4e00\u8d77\u8dd1\u8d27\u3002\u8dd1\u8d27\u4e2d\uff0c\u5979\u8ba4\u8bc6\u4e86\u540d\u53eb\u963f\u7075\u7684\u8d8a\u5357\u5973\u5b69\uff0c\u4e24\u4eba\u4e00\u89c1\u5982\u6545\u3002\u4f46\u963f\u7075\u7a81\u7136\u6d88\u5931\uff0c\u5e76\u62ff\u8d70\u4e86\u5979\u8f9b\u82e6\u6512\u4e0b\u7684\u94b1\uff0c\u5c31\u5728\u5979\u4e07\u5ff5\u4ff1\u7070\u7684\u65f6\u5019\uff0c\u5979\u5728\u7236\u4eb2\u7684\u8d27\u67dc\u8f66\u53a2\u91cc\u89c1\u5230\u4e86\u4e0d\u8f9e\u800c\u522b\u7684\u963f\u7075\u3002<\/p>\n\n\n\n<figure class=\"wp-block-gallery has-nested-images columns-default is-cropped wp-block-gallery-1 is-layout-flex wp-block-gallery-is-layout-flex\">\n<figure class=\"wp-block-image size-large\"><img loading=\"lazy\" decoding=\"async\" width=\"1024\" height=\"554\" data-id=\"4888\" src=\"https:\/\/www.allersretoursasso.fr\/wp-content\/uploads\/2024\/05\/\u5267\u71672-1024x554.jpeg\" alt=\"\" class=\"wp-image-4888\" srcset=\"https:\/\/www.allersretoursasso.fr\/wp-content\/uploads\/2024\/05\/\u5267\u71672-1024x554.jpeg 1024w, https:\/\/www.allersretoursasso.fr\/wp-content\/uploads\/2024\/05\/\u5267\u71672-300x162.jpeg 300w, https:\/\/www.allersretoursasso.fr\/wp-content\/uploads\/2024\/05\/\u5267\u71672-768x415.jpeg 768w, https:\/\/www.allersretoursasso.fr\/wp-content\/uploads\/2024\/05\/\u5267\u71672-1536x830.jpeg 1536w, https:\/\/www.allersretoursasso.fr\/wp-content\/uploads\/2024\/05\/\u5267\u71672-2048x1107.jpeg 2048w, https:\/\/www.allersretoursasso.fr\/wp-content\/uploads\/2024\/05\/\u5267\u71672-18x10.jpeg 18w, https:\/\/www.allersretoursasso.fr\/wp-content\/uploads\/2024\/05\/\u5267\u71672-350x189.jpeg 350w\" sizes=\"(max-width: 767px) 89vw, (max-width: 1000px) 54vw, (max-width: 1071px) 543px, 580px\" \/><\/figure>\n\n\n\n<figure class=\"wp-block-image size-large\"><img loading=\"lazy\" decoding=\"async\" width=\"1024\" height=\"554\" data-id=\"4890\" src=\"https:\/\/www.allersretoursasso.fr\/wp-content\/uploads\/2024\/05\/\u5267\u71673-1024x554.jpeg\" alt=\"\" class=\"wp-image-4890\" srcset=\"https:\/\/www.allersretoursasso.fr\/wp-content\/uploads\/2024\/05\/\u5267\u71673-1024x554.jpeg 1024w, https:\/\/www.allersretoursasso.fr\/wp-content\/uploads\/2024\/05\/\u5267\u71673-300x162.jpeg 300w, https:\/\/www.allersretoursasso.fr\/wp-content\/uploads\/2024\/05\/\u5267\u71673-768x415.jpeg 768w, https:\/\/www.allersretoursasso.fr\/wp-content\/uploads\/2024\/05\/\u5267\u71673-1536x830.jpeg 1536w, https:\/\/www.allersretoursasso.fr\/wp-content\/uploads\/2024\/05\/\u5267\u71673-2048x1107.jpeg 2048w, https:\/\/www.allersretoursasso.fr\/wp-content\/uploads\/2024\/05\/\u5267\u71673-18x10.jpeg 18w, https:\/\/www.allersretoursasso.fr\/wp-content\/uploads\/2024\/05\/\u5267\u71673-350x189.jpeg 350w\" sizes=\"(max-width: 767px) 89vw, (max-width: 1000px) 54vw, (max-width: 1071px) 543px, 580px\" \/><\/figure>\n\n\n\n<figure class=\"wp-block-image size-large\"><img loading=\"lazy\" decoding=\"async\" width=\"1024\" height=\"554\" data-id=\"4893\" src=\"https:\/\/www.allersretoursasso.fr\/wp-content\/uploads\/2024\/05\/\u5267\u71675-1024x554.jpeg\" alt=\"\" class=\"wp-image-4893\" srcset=\"https:\/\/www.allersretoursasso.fr\/wp-content\/uploads\/2024\/05\/\u5267\u71675-1024x554.jpeg 1024w, https:\/\/www.allersretoursasso.fr\/wp-content\/uploads\/2024\/05\/\u5267\u71675-300x162.jpeg 300w, https:\/\/www.allersretoursasso.fr\/wp-content\/uploads\/2024\/05\/\u5267\u71675-768x415.jpeg 768w, https:\/\/www.allersretoursasso.fr\/wp-content\/uploads\/2024\/05\/\u5267\u71675-1536x830.jpeg 1536w, https:\/\/www.allersretoursasso.fr\/wp-content\/uploads\/2024\/05\/\u5267\u71675-2048x1107.jpeg 2048w, https:\/\/www.allersretoursasso.fr\/wp-content\/uploads\/2024\/05\/\u5267\u71675-18x10.jpeg 18w, https:\/\/www.allersretoursasso.fr\/wp-content\/uploads\/2024\/05\/\u5267\u71675-350x189.jpeg 350w\" sizes=\"(max-width: 767px) 89vw, (max-width: 1000px) 54vw, (max-width: 1071px) 543px, 580px\" \/><\/figure>\n\n\n\n<figure class=\"wp-block-image size-large\"><img loading=\"lazy\" decoding=\"async\" width=\"1024\" height=\"576\" data-id=\"4891\" src=\"https:\/\/www.allersretoursasso.fr\/wp-content\/uploads\/2024\/05\/\u5267\u71674-1024x576.jpeg\" alt=\"\" class=\"wp-image-4891\" srcset=\"https:\/\/www.allersretoursasso.fr\/wp-content\/uploads\/2024\/05\/\u5267\u71674-1024x576.jpeg 1024w, https:\/\/www.allersretoursasso.fr\/wp-content\/uploads\/2024\/05\/\u5267\u71674-300x169.jpeg 300w, https:\/\/www.allersretoursasso.fr\/wp-content\/uploads\/2024\/05\/\u5267\u71674-768x432.jpeg 768w, https:\/\/www.allersretoursasso.fr\/wp-content\/uploads\/2024\/05\/\u5267\u71674-18x10.jpeg 18w, https:\/\/www.allersretoursasso.fr\/wp-content\/uploads\/2024\/05\/\u5267\u71674-350x197.jpeg 350w, https:\/\/www.allersretoursasso.fr\/wp-content\/uploads\/2024\/05\/\u5267\u71674.jpeg 1428w\" sizes=\"(max-width: 767px) 89vw, (max-width: 1000px) 54vw, (max-width: 1071px) 543px, 580px\" \/><\/figure>\n<\/figure>\n\n\n\n<div class=\"wp-block-columns is-layout-flex wp-container-core-columns-layout-1 wp-block-columns-is-layout-flex\">\n<div class=\"wp-block-column is-layout-flow wp-block-column-is-layout-flow\" style=\"flex-basis:100%\"><\/div>\n<\/div>\n\n\n\n<figure class=\"wp-block-embed is-type-video is-provider-youtube wp-block-embed-youtube wp-embed-aspect-16-9 wp-has-aspect-ratio\"><div class=\"wp-block-embed__wrapper\">\n<iframe loading=\"lazy\" title=\"What You Can\u2019t See \u6d77\u5e95\u4e16\u754c de QIU Yu \u90b1\u96e8\" width=\"525\" height=\"295\" src=\"https:\/\/www.youtube.com\/embed\/49327qK6pWY?list=PLJFZYepUmhVL3JklOrIccP9JTTkbFFsSc\" frameborder=\"0\" allow=\"accelerometer; autoplay; clipboard-write; encrypted-media; gyroscope; picture-in-picture; web-share\" referrerpolicy=\"strict-origin-when-cross-origin\" allowfullscreen><\/iframe>\n<\/div><\/figure>\n\n\n\n<p><\/p>\n\n\n\n<div class=\"wp-block-columns is-layout-flex wp-container-core-columns-layout-2 wp-block-columns-is-layout-flex\">\n<div class=\"wp-block-column is-layout-flow wp-block-column-is-layout-flow\"><\/div>\n<\/div>\n\n\n\n<hr class=\"wp-block-separator has-alpha-channel-opacity\"\/>\n\n\n\n<div class=\"wp-block-columns is-layout-flex wp-container-core-columns-layout-3 wp-block-columns-is-layout-flex\">\n<div class=\"wp-block-column is-layout-flow wp-block-column-is-layout-flow\"><\/div>\n<\/div>\n\n\n\n<div class=\"wp-block-columns is-layout-flex wp-container-core-columns-layout-4 wp-block-columns-is-layout-flex\">\n<div class=\"wp-block-column is-layout-flow wp-block-column-is-layout-flow\" style=\"flex-basis:33.33%\">\n<figure class=\"wp-block-image size-large\"><img loading=\"lazy\" decoding=\"async\" width=\"2560\" height=\"2560\" src=\"https:\/\/www.allersretoursasso.fr\/wp-content\/uploads\/2024\/06\/What-You-Cant-See-\u6d77\u5e95\u4e16\u754c-photo-cineaste\u5bfc\u6f14-QIU-Yu-\u90b1\u96e8-edited-scaled.jpg\" alt=\"\" class=\"wp-image-4956\" srcset=\"https:\/\/www.allersretoursasso.fr\/wp-content\/uploads\/2024\/06\/What-You-Cant-See-\u6d77\u5e95\u4e16\u754c-photo-cineaste\u5bfc\u6f14-QIU-Yu-\u90b1\u96e8-edited-scaled.jpg 2560w, https:\/\/www.allersretoursasso.fr\/wp-content\/uploads\/2024\/06\/What-You-Cant-See-\u6d77\u5e95\u4e16\u754c-photo-cineaste\u5bfc\u6f14-QIU-Yu-\u90b1\u96e8-edited-300x300.jpg 300w, https:\/\/www.allersretoursasso.fr\/wp-content\/uploads\/2024\/06\/What-You-Cant-See-\u6d77\u5e95\u4e16\u754c-photo-cineaste\u5bfc\u6f14-QIU-Yu-\u90b1\u96e8-edited-1024x1024.jpg 1024w, https:\/\/www.allersretoursasso.fr\/wp-content\/uploads\/2024\/06\/What-You-Cant-See-\u6d77\u5e95\u4e16\u754c-photo-cineaste\u5bfc\u6f14-QIU-Yu-\u90b1\u96e8-edited-150x150.jpg 150w, https:\/\/www.allersretoursasso.fr\/wp-content\/uploads\/2024\/06\/What-You-Cant-See-\u6d77\u5e95\u4e16\u754c-photo-cineaste\u5bfc\u6f14-QIU-Yu-\u90b1\u96e8-edited-768x768.jpg 768w, https:\/\/www.allersretoursasso.fr\/wp-content\/uploads\/2024\/06\/What-You-Cant-See-\u6d77\u5e95\u4e16\u754c-photo-cineaste\u5bfc\u6f14-QIU-Yu-\u90b1\u96e8-edited-1536x1536.jpg 1536w, https:\/\/www.allersretoursasso.fr\/wp-content\/uploads\/2024\/06\/What-You-Cant-See-\u6d77\u5e95\u4e16\u754c-photo-cineaste\u5bfc\u6f14-QIU-Yu-\u90b1\u96e8-edited-2048x2048.jpg 2048w, https:\/\/www.allersretoursasso.fr\/wp-content\/uploads\/2024\/06\/What-You-Cant-See-\u6d77\u5e95\u4e16\u754c-photo-cineaste\u5bfc\u6f14-QIU-Yu-\u90b1\u96e8-edited-12x12.jpg 12w, https:\/\/www.allersretoursasso.fr\/wp-content\/uploads\/2024\/06\/What-You-Cant-See-\u6d77\u5e95\u4e16\u754c-photo-cineaste\u5bfc\u6f14-QIU-Yu-\u90b1\u96e8-edited-100x100.jpg 100w, https:\/\/www.allersretoursasso.fr\/wp-content\/uploads\/2024\/06\/What-You-Cant-See-\u6d77\u5e95\u4e16\u754c-photo-cineaste\u5bfc\u6f14-QIU-Yu-\u90b1\u96e8-edited-350x350.jpg 350w\" sizes=\"(max-width: 767px) 89vw, (max-width: 1000px) 54vw, (max-width: 1071px) 543px, 580px\" \/><\/figure>\n<\/div>\n\n\n\n<div class=\"wp-block-column is-layout-flow wp-block-column-is-layout-flow\" style=\"flex-basis:66.66%\">\n<p><strong><strong>\u00c0 propos de<\/strong> <strong>QIU Yu<\/strong><\/strong><\/p>\n\n\n\n<p class=\"has-small-font-size\"><\/p>\n<\/div>\n<\/div>\n\n\n\n<p class=\"has-small-font-size\"><\/p>\n\n\n\n<p class=\"has-small-font-size\">Qiu Yu est une jeune r\u00e9alisatrice et monteuse originaire de Shenzhen, actuellement en master \u00e0 l\u2019Acad\u00e9mie de cin\u00e9ma de P\u00e9kin. Son film a \u00e9t\u00e9 s\u00e9lectionn\u00e9 au Festival international du film de Pingyao, au FIRST International Film Festival , au Hi Shorts! Film Festival et au 30\u00b0 Ningbo Short Film Festival.<\/p>\n\n\n\n<p class=\"has-small-font-size\">\u90b1\u96e8\uff0c\u6df1\u5733\u9752\u5e74\u5bfc\u6f14\u3001\u526a\u8f91\u5e08\uff0c\u5317\u4eac\u7535\u5f71\u5b66\u9662\u5bfc\u6f14\u7cfb\u7855\u58eb\u5728\u8bfb\u3002\u300a\u6d77\u5e95\u4e16\u754c\u300b\u83b72022\u5c4a\u5317\u4eac\u7535\u5f71\u5b66\u9662\u672c\u79d1\u6bd5\u4e1a\u8054\u5408\u4f5c\u4e1a\u6700\u4f73\u5f71\u7247\u53ca\u6700\u4f73\u5bfc\u6f14\uff0c\u672c\u7247\u66fe\u5165\u9009\u5e73\u9065\u56fd\u9645\u7535\u5f71\u5c55\u3001 FIRST\u9752\u5e74\u7535\u5f71\u5c55\u3001\u5317\u7eac 30 \u5ea6\u77ed\u7247\u5468\u3001Hishorts!\u53a6\u95e8\u77ed\u7247\u5468\u7b49\u7535\u5f71\u8282\u5c55\u3002<\/p>\n\n\n\n<p><\/p>\n\n\n\n<hr class=\"wp-block-separator has-alpha-channel-opacity is-style-wide\"\/>\n\n\n\n<div class=\"wp-block-columns is-layout-flex wp-container-core-columns-layout-5 wp-block-columns-is-layout-flex\">\n<div class=\"wp-block-column is-layout-flow wp-block-column-is-layout-flow\">\n<div class=\"wp-block-group is-layout-constrained wp-block-group-is-layout-constrained\"><div class=\"wp-block-group__inner-container\">\n<p class=\"has-text-align-center\"><strong>Samedi 15 juin \u00e0 20h00<\/strong><br><strong><strong>Studio des Ursulines\u5f71\u9662<\/strong><\/strong><br>10 Rue des Ursulines, 75005 Paris<\/p>\n\n\n\n<p class=\"has-text-align-center\"><strong>S\u00e9ance gratuite<\/strong> (dans la limite des places disponibles)<\/p>\n<\/div><\/div>\n<\/div>\n<\/div>\n\n\n\n<div class=\"wp-block-cover is-light\" style=\"min-height:349px\"><span aria-hidden=\"true\" class=\"wp-block-cover__background has-white-background-color has-background-dim\"><\/span><div class=\"wp-block-cover__inner-container is-layout-flow wp-block-cover-is-layout-flow\">\n<figure class=\"wp-block-image size-large\"><a href=\"https:\/\/www.allersretoursasso.fr\/zh\/ningbo\/\"><img loading=\"lazy\" decoding=\"async\" width=\"1024\" height=\"418\" src=\"https:\/\/www.allersretoursasso.fr\/wp-content\/uploads\/2024\/06\/wordpress-2-1024x418.png\" alt=\"\" class=\"wp-image-4957\" srcset=\"https:\/\/www.allersretoursasso.fr\/wp-content\/uploads\/2024\/06\/wordpress-2-1024x418.png 1024w, https:\/\/www.allersretoursasso.fr\/wp-content\/uploads\/2024\/06\/wordpress-2-300x123.png 300w, https:\/\/www.allersretoursasso.fr\/wp-content\/uploads\/2024\/06\/wordpress-2-768x314.png 768w, https:\/\/www.allersretoursasso.fr\/wp-content\/uploads\/2024\/06\/wordpress-2-1536x627.png 1536w, https:\/\/www.allersretoursasso.fr\/wp-content\/uploads\/2024\/06\/wordpress-2-18x7.png 18w, https:\/\/www.allersretoursasso.fr\/wp-content\/uploads\/2024\/06\/wordpress-2-350x143.png 350w, https:\/\/www.allersretoursasso.fr\/wp-content\/uploads\/2024\/06\/wordpress-2.png 1998w\" sizes=\"(max-width: 767px) 89vw, (max-width: 1000px) 54vw, (max-width: 1071px) 543px, 580px\" \/><\/a><\/figure>\n<\/div><\/div>\n\n\n\n<p class=\"has-text-align-center has-white-color has-text-color\" style=\"font-size:15px\"><\/p>","protected":false},"excerpt":{"rendered":"<p>2023 \/ 29\u2019 \/ Mandarin, Cantonais \/ VOSTF \/ Fiction Pour fuir la famille recompos\u00e9e de sa m\u00e8re, Yiwei, 16 ans, accompagne souvent son p\u00e8re, chauffeur de camion, lors de ses livraisons. Au cours d&#8217;un de ces voyages, elle se lie d\u2019amiti\u00e9 avec une vietnamienne nomm\u00e9e A Ling. Mais A Ling dispara\u00eet soudainement, emportant avec &hellip; <\/p>\n<p class=\"link-more\"><a href=\"https:\/\/www.allersretoursasso.fr\/zh\/ningbo-what-you-cant-see\/\" class=\"more-link\">\u7ee7\u7eed\u9605\u8bfb<span class=\"screen-reader-text\">\u201cNingbo Special Screening  &#8211; What You Can\u2019t See\u201d<\/span><\/a><\/p>","protected":false},"author":15,"featured_media":0,"parent":0,"menu_order":0,"comment_status":"closed","ping_status":"closed","template":"","meta":{"footnotes":""},"_links":{"self":[{"href":"https:\/\/www.allersretoursasso.fr\/zh\/wp-json\/wp\/v2\/pages\/4887"}],"collection":[{"href":"https:\/\/www.allersretoursasso.fr\/zh\/wp-json\/wp\/v2\/pages"}],"about":[{"href":"https:\/\/www.allersretoursasso.fr\/zh\/wp-json\/wp\/v2\/types\/page"}],"author":[{"embeddable":true,"href":"https:\/\/www.allersretoursasso.fr\/zh\/wp-json\/wp\/v2\/users\/15"}],"replies":[{"embeddable":true,"href":"https:\/\/www.allersretoursasso.fr\/zh\/wp-json\/wp\/v2\/comments?post=4887"}],"version-history":[{"count":9,"href":"https:\/\/www.allersretoursasso.fr\/zh\/wp-json\/wp\/v2\/pages\/4887\/revisions"}],"predecessor-version":[{"id":5038,"href":"https:\/\/www.allersretoursasso.fr\/zh\/wp-json\/wp\/v2\/pages\/4887\/revisions\/5038"}],"wp:attachment":[{"href":"https:\/\/www.allersretoursasso.fr\/zh\/wp-json\/wp\/v2\/media?parent=4887"}],"curies":[{"name":"wp","href":"https:\/\/api.w.org\/{rel}","templated":true}]}}