{"id":5059,"date":"2024-08-17T09:51:53","date_gmt":"2024-08-17T07:51:53","guid":{"rendered":"https:\/\/www.allersretoursasso.fr\/?page_id=5059"},"modified":"2024-09-17T23:44:45","modified_gmt":"2024-09-17T21:44:45","slug":"coming-of-age-2024-before-leaving","status":"publish","type":"page","link":"https:\/\/www.allersretoursasso.fr\/zh\/coming-of-age-2024-before-leaving\/","title":{"rendered":"Coming of Age 2024  &#8211; Before Leaving"},"content":{"rendered":"<div id=\"fb-root\"><\/div>\n\n<div class=\"wp-block-media-text alignwide is-stacked-on-mobile\" style=\"grid-template-columns:41% auto\"><figure class=\"wp-block-media-text__media\"><img loading=\"lazy\" decoding=\"async\" width=\"691\" height=\"1024\" src=\"https:\/\/www.allersretoursasso.fr\/wp-content\/uploads\/2024\/08\/01-Before-Leaving-Affiche-691x1024.jpg\" alt=\"\" class=\"wp-image-5061 size-full\" srcset=\"https:\/\/www.allersretoursasso.fr\/wp-content\/uploads\/2024\/08\/01-Before-Leaving-Affiche-691x1024.jpg 691w, https:\/\/www.allersretoursasso.fr\/wp-content\/uploads\/2024\/08\/01-Before-Leaving-Affiche-203x300.jpg 203w, https:\/\/www.allersretoursasso.fr\/wp-content\/uploads\/2024\/08\/01-Before-Leaving-Affiche-768x1138.jpg 768w, https:\/\/www.allersretoursasso.fr\/wp-content\/uploads\/2024\/08\/01-Before-Leaving-Affiche-1037x1536.jpg 1037w, https:\/\/www.allersretoursasso.fr\/wp-content\/uploads\/2024\/08\/01-Before-Leaving-Affiche-1382x2048.jpg 1382w, https:\/\/www.allersretoursasso.fr\/wp-content\/uploads\/2024\/08\/01-Before-Leaving-Affiche-8x12.jpg 8w, https:\/\/www.allersretoursasso.fr\/wp-content\/uploads\/2024\/08\/01-Before-Leaving-Affiche-350x519.jpg 350w, https:\/\/www.allersretoursasso.fr\/wp-content\/uploads\/2024\/08\/01-Before-Leaving-Affiche-scaled.jpg 1728w\" sizes=\"(max-width: 691px) 100vw, 691px\" \/><\/figure><div class=\"wp-block-media-text__content\">\n<div class=\"wp-block-group is-layout-flow wp-block-group-is-layout-flow\"><div class=\"wp-block-group__inner-container\">\n<div class=\"wp-block-group is-vertical is-layout-flex wp-container-core-group-layout-4 wp-block-group-is-layout-flex\">\n<div class=\"wp-block-group is-layout-flow wp-block-group-is-layout-flow\"><div class=\"wp-block-group__inner-container\">\n<div class=\"wp-block-group is-layout-flow wp-block-group-is-layout-flow\"><div class=\"wp-block-group__inner-container\">\n<div class=\"wp-block-group is-layout-flow wp-block-group-is-layout-flow\"><div class=\"wp-block-group__inner-container\">\n<p><\/p>\n\n\n\n<p style=\"font-size:30px;font-style:normal;font-weight:500\"><em><strong>Before Leaving<\/strong><\/em><\/p>\n\n\n\n<p style=\"font-size:30px;font-style:normal;font-weight:500\">\u4e34\u884c\u4e4b\u524d<\/p>\n\n\n\n<p class=\"has-medium-font-size\">YAN Kun\u2019ao  <\/p>\n\n\n\n<p class=\"has-medium-font-size\">\u95eb\u7428\u9a9c<\/p>\n\n\n\n<p class=\"has-small-font-size\"><a href=\"https:\/\/www.allersretoursasso.fr\/zh\/coming-of-age-2024\/\" target=\"_blank\" rel=\"noreferrer noopener\">\u00c9dition : Coming of Age 2024<\/a><\/p>\n\n\n\n<p style=\"font-size:10px\"><\/p>\n<\/div><\/div>\n\n\n\n<p class=\"has-text-align-center\"><\/p>\n\n\n\n<p class=\"has-text-align-left\" style=\"font-size:15px\"><\/p>\n<\/div><\/div>\n<\/div><\/div>\n<\/div>\n<\/div><\/div>\n<\/div><\/div>\n\n\n\n<h2 class=\"wp-block-heading\"><\/h2>\n\n\n\n<p class=\"has-text-align-center has-small-font-size\"><em>2022 \/ 17\u2019 \/ Mandarin \/ VOSTF \/ Fiction-documentaire<\/em><\/p>\n\n\n\n<p class=\"has-text-align-center has-small-font-size\"><em>2022 \/ 17\u2019 \/&nbsp;\u666e\u901a\u8bdd&nbsp;\/&nbsp;\u539f\u58f0\u6cd5\u8bed\u5b57\u5e55&nbsp;\/&nbsp;\u5267\u60c5\u3001\u7eaa\u5f55<\/em><\/p>\n\n\n\n<p class=\"has-text-align-left\" style=\"font-size:16px;line-height:1.5\">\u00c9tudiant \u00e0 l\u2019\u00e9tranger, Xiao Jun rend visite \u00e0 ses grands-parents en Chine apr\u00e8s deux ans de s\u00e9paration. Alors que tout semble avoir \u00e9tonnamment chang\u00e9, Xiao Jun tente de se reconnecter avec la vie qui l&#8217;entoure et de terminer son devoir de photographie sur sa famille.<\/p>\n\n\n\n<p>\u7559\u5b66\u751f\u5c0f\u519b\u56de\u56fd\u63a2\u671b\u9614\u522b\u4e24\u5e74\u7684\u7956\u7236\u6bcd\u3002\u867d\u7136\u4e00\u5207\u4f3c\u4e4e\u90fd\u53d1\u751f\u4e86\u53d8\u5316\uff0c\u4f46\u5c0f\u519b\u5c1d\u8bd5\u4e0e\u8eab\u8fb9\u7684\u751f\u6d3b\u91cd\u65b0\u5efa\u7acb\u8054\u7cfb\uff0c\u5e76\u5b8c\u6210\u6709\u5173\u5bb6\u4eba\u7684\u6444\u5f71\u4f5c\u4e1a\u3002<\/p>\n\n\n\n<p><mark style=\"background-color:rgba(0, 0, 0, 0)\" class=\"has-inline-color has-white-color\">000000<\/mark><\/p>\n\n\n\n<figure class=\"wp-block-gallery has-nested-images columns-default is-cropped wp-block-gallery-1 is-layout-flex wp-block-gallery-is-layout-flex\">\n<figure class=\"wp-block-image size-large\"><img loading=\"lazy\" decoding=\"async\" width=\"1024\" height=\"640\" data-id=\"5062\" src=\"https:\/\/www.allersretoursasso.fr\/wp-content\/uploads\/2024\/08\/01-Before-Leaving-01-1024x640.jpg\" alt=\"\" class=\"wp-image-5062\" srcset=\"https:\/\/www.allersretoursasso.fr\/wp-content\/uploads\/2024\/08\/01-Before-Leaving-01-1024x640.jpg 1024w, https:\/\/www.allersretoursasso.fr\/wp-content\/uploads\/2024\/08\/01-Before-Leaving-01-300x188.jpg 300w, https:\/\/www.allersretoursasso.fr\/wp-content\/uploads\/2024\/08\/01-Before-Leaving-01-768x480.jpg 768w, https:\/\/www.allersretoursasso.fr\/wp-content\/uploads\/2024\/08\/01-Before-Leaving-01-1536x960.jpg 1536w, https:\/\/www.allersretoursasso.fr\/wp-content\/uploads\/2024\/08\/01-Before-Leaving-01-2048x1280.jpg 2048w, https:\/\/www.allersretoursasso.fr\/wp-content\/uploads\/2024\/08\/01-Before-Leaving-01-18x12.jpg 18w, https:\/\/www.allersretoursasso.fr\/wp-content\/uploads\/2024\/08\/01-Before-Leaving-01-350x219.jpg 350w\" sizes=\"(max-width: 767px) 89vw, (max-width: 1000px) 54vw, (max-width: 1071px) 543px, 580px\" \/><\/figure>\n\n\n\n<figure class=\"wp-block-image size-large\"><img loading=\"lazy\" decoding=\"async\" width=\"1024\" height=\"640\" data-id=\"5063\" src=\"https:\/\/www.allersretoursasso.fr\/wp-content\/uploads\/2024\/08\/01-Before-Leaving-02-1024x640.jpg\" alt=\"\" class=\"wp-image-5063\" srcset=\"https:\/\/www.allersretoursasso.fr\/wp-content\/uploads\/2024\/08\/01-Before-Leaving-02-1024x640.jpg 1024w, https:\/\/www.allersretoursasso.fr\/wp-content\/uploads\/2024\/08\/01-Before-Leaving-02-300x188.jpg 300w, https:\/\/www.allersretoursasso.fr\/wp-content\/uploads\/2024\/08\/01-Before-Leaving-02-768x480.jpg 768w, https:\/\/www.allersretoursasso.fr\/wp-content\/uploads\/2024\/08\/01-Before-Leaving-02-1536x960.jpg 1536w, https:\/\/www.allersretoursasso.fr\/wp-content\/uploads\/2024\/08\/01-Before-Leaving-02-2048x1280.jpg 2048w, https:\/\/www.allersretoursasso.fr\/wp-content\/uploads\/2024\/08\/01-Before-Leaving-02-18x12.jpg 18w, https:\/\/www.allersretoursasso.fr\/wp-content\/uploads\/2024\/08\/01-Before-Leaving-02-350x219.jpg 350w\" sizes=\"(max-width: 767px) 89vw, (max-width: 1000px) 54vw, (max-width: 1071px) 543px, 580px\" \/><\/figure>\n<\/figure>\n\n\n\n<div class=\"wp-block-group is-layout-constrained wp-block-group-is-layout-constrained\"><div class=\"wp-block-group__inner-container\">\n<div class=\"wp-block-columns is-layout-flex wp-container-core-columns-layout-1 wp-block-columns-is-layout-flex\">\n<div class=\"wp-block-column is-layout-flow wp-block-column-is-layout-flow\" style=\"flex-basis:100%\">\n<figure class=\"wp-block-image size-large\"><img loading=\"lazy\" decoding=\"async\" width=\"1024\" height=\"640\" src=\"https:\/\/www.allersretoursasso.fr\/wp-content\/uploads\/2024\/08\/01-Before-Leaving-03-1024x640.jpg\" alt=\"\" class=\"wp-image-5064\" srcset=\"https:\/\/www.allersretoursasso.fr\/wp-content\/uploads\/2024\/08\/01-Before-Leaving-03-1024x640.jpg 1024w, https:\/\/www.allersretoursasso.fr\/wp-content\/uploads\/2024\/08\/01-Before-Leaving-03-300x188.jpg 300w, https:\/\/www.allersretoursasso.fr\/wp-content\/uploads\/2024\/08\/01-Before-Leaving-03-768x480.jpg 768w, https:\/\/www.allersretoursasso.fr\/wp-content\/uploads\/2024\/08\/01-Before-Leaving-03-1536x960.jpg 1536w, https:\/\/www.allersretoursasso.fr\/wp-content\/uploads\/2024\/08\/01-Before-Leaving-03-2048x1280.jpg 2048w, https:\/\/www.allersretoursasso.fr\/wp-content\/uploads\/2024\/08\/01-Before-Leaving-03-18x12.jpg 18w, https:\/\/www.allersretoursasso.fr\/wp-content\/uploads\/2024\/08\/01-Before-Leaving-03-350x219.jpg 350w\" sizes=\"(max-width: 767px) 89vw, (max-width: 1000px) 54vw, (max-width: 1071px) 543px, 580px\" \/><\/figure>\n<\/div>\n<\/div>\n<\/div><\/div>\n\n\n\n<figure class=\"wp-block-embed is-type-video is-provider-youtube wp-block-embed-youtube wp-embed-aspect-16-9 wp-has-aspect-ratio\"><div class=\"wp-block-embed__wrapper\">\n<iframe loading=\"lazy\" title=\"Before Leaving\" width=\"525\" height=\"295\" src=\"https:\/\/www.youtube.com\/embed\/CleaILjLL-8?list=PLJFZYepUmhVL92KkJ4jvQ-_BGo0HTbLpP\" frameborder=\"0\" allow=\"accelerometer; autoplay; clipboard-write; encrypted-media; gyroscope; picture-in-picture; web-share\" referrerpolicy=\"strict-origin-when-cross-origin\" allowfullscreen><\/iframe>\n<\/div><\/figure>\n\n\n\n<p><\/p>\n\n\n\n<div class=\"wp-block-columns is-layout-flex wp-container-core-columns-layout-2 wp-block-columns-is-layout-flex\">\n<div class=\"wp-block-column is-layout-flow wp-block-column-is-layout-flow\"><\/div>\n<\/div>\n\n\n\n<hr class=\"wp-block-separator has-alpha-channel-opacity\"\/>\n\n\n\n<div class=\"wp-block-columns is-layout-flex wp-container-core-columns-layout-3 wp-block-columns-is-layout-flex\">\n<div class=\"wp-block-column is-layout-flow wp-block-column-is-layout-flow\"><\/div>\n<\/div>\n\n\n\n<div class=\"wp-block-columns is-layout-flex wp-container-core-columns-layout-4 wp-block-columns-is-layout-flex\">\n<div class=\"wp-block-column is-layout-flow wp-block-column-is-layout-flow\" style=\"flex-basis:33.33%\">\n<figure class=\"wp-block-image size-full\"><img loading=\"lazy\" decoding=\"async\" width=\"982\" height=\"982\" src=\"https:\/\/www.allersretoursasso.fr\/wp-content\/uploads\/2024\/08\/01-YAN-Kunao-edited.jpg\" alt=\"\" class=\"wp-image-5066\" srcset=\"https:\/\/www.allersretoursasso.fr\/wp-content\/uploads\/2024\/08\/01-YAN-Kunao-edited.jpg 982w, https:\/\/www.allersretoursasso.fr\/wp-content\/uploads\/2024\/08\/01-YAN-Kunao-edited-300x300.jpg 300w, https:\/\/www.allersretoursasso.fr\/wp-content\/uploads\/2024\/08\/01-YAN-Kunao-edited-150x150.jpg 150w, https:\/\/www.allersretoursasso.fr\/wp-content\/uploads\/2024\/08\/01-YAN-Kunao-edited-768x768.jpg 768w, https:\/\/www.allersretoursasso.fr\/wp-content\/uploads\/2024\/08\/01-YAN-Kunao-edited-12x12.jpg 12w, https:\/\/www.allersretoursasso.fr\/wp-content\/uploads\/2024\/08\/01-YAN-Kunao-edited-100x100.jpg 100w, https:\/\/www.allersretoursasso.fr\/wp-content\/uploads\/2024\/08\/01-YAN-Kunao-edited-350x350.jpg 350w\" sizes=\"(max-width: 767px) 89vw, (max-width: 1000px) 54vw, (max-width: 1071px) 543px, 580px\" \/><\/figure>\n<\/div>\n\n\n\n<div class=\"wp-block-column is-layout-flow wp-block-column-is-layout-flow\" style=\"flex-basis:66.66%\">\n<p><strong>\u00c0 propos de <strong>YAN Kun\u2019ao<\/strong><br>\/ \u5173\u4e8e\u95eb\u7428\u9a9c<\/strong><\/p>\n\n\n\n<p class=\"has-small-font-size\"><\/p>\n<\/div>\n<\/div>\n\n\n\n<p class=\"has-small-font-size\"><\/p>\n\n\n\n<p style=\"font-size:15px\">YAN Kun\u2019ao&nbsp;est un sc\u00e9nariste-r\u00e9alisateur et monteur n\u00e9 \u00e0 Baoding, en Chine. Il a obtenu un Master en r\u00e9alisation \u00e0 l&#8217;Universit\u00e9 de Columbia, o\u00f9 il a \u00e9galement enseign\u00e9 par la suite. Son premier court-m\u00e9trage,<em>&nbsp;Eight to Nine O&#8217;clock<\/em>, a \u00e9t\u00e9 s\u00e9lectionn\u00e9 pour la section Industry Screening du Festival international du film FIRST. Son second,&nbsp;<em>Summer Swing<\/em>, a \u00e9t\u00e9 pr\u00e9sent\u00e9 au 23e Festival international du film de Shanghai.&nbsp;<em>Before Leaving<\/em>, quant \u00e0 lui, a \u00e9t\u00e9 s\u00e9lectionn\u00e9 pour le 52e Festival international du film de Kiev Molodist.<\/p>\n\n\n\n<p style=\"font-size:15px\">\u95eb\u7428\u9a9c\u662f\u4e00\u540d\u7f16\u5267\u3001\u5bfc\u6f14\u548c\u526a\u8f91\u5e08\u3002\u4ed6\u5728\u54e5\u4f26\u6bd4\u4e9a\u5927\u5b66\u83b7\u5f97\u5bfc\u6f14\u7855\u58eb\u5b66\u4f4d\uff0c\u5e76\u66fe\u5728\u54e5\u4f26\u6bd4\u4e9a\u5927\u5b66\u62c5\u4efb\u517c\u804c\u52a9\u7406\u6559\u6388\u3002\u4ed6\u7684\u9996\u90e8\u957f\u7247\u300a\u516b\u4e5d\u70b9\u949f\u300b\u5165\u9009&nbsp;FIRST&nbsp;\u9752\u5e74\u5f71\u5c55\uff0c\u300a\u590f\u65e5\u821e\u4f1a\u300b\u5165\u9009\u7b2c&nbsp;23&nbsp;\u5c4a\u4e0a\u6d77\u56fd\u9645\u7535\u5f71\u8282\uff0c\u300a\u4e34\u884c\u4e4b\u524d\u300b\u5165\u9009\u7b2c&nbsp;52&nbsp;\u5c4a\u57fa\u8f85\u56fd\u9645\u7535\u5f71\u8282\u3002<\/p>\n\n\n\n<p class=\"has-small-font-size\"><\/p>\n\n\n\n<p><\/p>\n\n\n\n<hr class=\"wp-block-separator has-alpha-channel-opacity is-style-wide\"\/>\n\n\n\n<div class=\"wp-block-columns is-layout-flex wp-container-core-columns-layout-5 wp-block-columns-is-layout-flex\">\n<div class=\"wp-block-column is-layout-flow wp-block-column-is-layout-flow\"><\/div>\n<\/div>\n\n\n\n<div class=\"wp-block-buttons is-content-justification-center is-layout-flex wp-container-core-buttons-layout-1 wp-block-buttons-is-layout-flex\">\n<div class=\"wp-block-button has-custom-width wp-block-button__width-75 has-custom-font-size is-style-outline\" style=\"font-size:16px\"><a class=\"wp-block-button__link has-black-color has-white-background-color has-text-color has-background wp-element-button\" href=\"https:\/\/www.billetweb.fr\/coa2024-allersretours\">\u8d2d\u7968\u94fe\u63a5<br>\u7ebf\u4e0a\u8d2d\u7968<\/a><\/div>\n<\/div>\n\n\n\n<p><\/p>\n\n\n\n<p class=\"has-text-align-center has-medium-font-size\"><strong><span style=\"text-decoration: underline;\">S\u00e9ance 02<\/span><\/strong><\/p>\n\n\n\n<div class=\"wp-block-columns is-layout-flex wp-container-core-columns-layout-6 wp-block-columns-is-layout-flex\">\n<div class=\"wp-block-column is-layout-flow wp-block-column-is-layout-flow\">\n<p class=\"has-text-align-center\"><strong>Vendredi 27 septembre \u00e0 19h45 au<\/strong> <strong>STUDIO DES URSULINES<\/strong><br>10 rue des Ursulines, 75005 Paris<\/p>\n<\/div>\n\n\n\n<div class=\"wp-block-column is-layout-flow wp-block-column-is-layout-flow\">\n<p class=\"has-text-align-center\"><strong>Samedi 28 septembre \u00e0 <strong>18h30<\/strong> \u4e8e<\/strong> <strong><strong><strong>CIN\u00c9MA<\/strong><\/strong> LUMI\u00c8RE FOURMI<\/strong><br>68 rue Pierre Corneille, 69003 Lyon<br><\/p>\n\n\n\n<p class=\"has-text-align-center\"><strong>Vendredi 04 octobre \u00e0 <strong>19h30<\/strong> \u4e8e<\/strong><br><strong><strong><strong>CIN\u00c9MA<\/strong><\/strong> LES ALIZ\u00c9S<\/strong><br>214 avenue Franklin Roosevelt, 69500 Bron<\/p>\n<\/div>\n<\/div>\n\n\n\n<div class=\"wp-block-cover is-light\" style=\"min-height:349px\"><span aria-hidden=\"true\" class=\"wp-block-cover__background has-white-background-color has-background-dim\"><\/span><div class=\"wp-block-cover__inner-container is-layout-flow wp-block-cover-is-layout-flow\">\n<div class=\"wp-block-group is-layout-flow wp-block-group-is-layout-flow\"><div class=\"wp-block-group__inner-container\">\n<figure class=\"wp-block-image size-large\"><img loading=\"lazy\" decoding=\"async\" width=\"1024\" height=\"341\" src=\"https:\/\/www.allersretoursasso.fr\/wp-content\/uploads\/2024\/09\/Twitter-1024x341.png\" alt=\"\" class=\"wp-image-5396\" srcset=\"https:\/\/www.allersretoursasso.fr\/wp-content\/uploads\/2024\/09\/Twitter-1024x341.png 1024w, https:\/\/www.allersretoursasso.fr\/wp-content\/uploads\/2024\/09\/Twitter-300x100.png 300w, https:\/\/www.allersretoursasso.fr\/wp-content\/uploads\/2024\/09\/Twitter-768x256.png 768w, https:\/\/www.allersretoursasso.fr\/wp-content\/uploads\/2024\/09\/Twitter-1536x512.png 1536w, https:\/\/www.allersretoursasso.fr\/wp-content\/uploads\/2024\/09\/Twitter-2048x683.png 2048w, https:\/\/www.allersretoursasso.fr\/wp-content\/uploads\/2024\/09\/Twitter-18x6.png 18w, https:\/\/www.allersretoursasso.fr\/wp-content\/uploads\/2024\/09\/Twitter-350x117.png 350w\" sizes=\"(max-width: 767px) 89vw, (max-width: 1000px) 54vw, (max-width: 1071px) 543px, 580px\" \/><\/figure>\n<\/div><\/div>\n<\/div><\/div>\n\n\n\n<div class=\"wp-block-group is-layout-flow wp-block-group-is-layout-flow\"><div class=\"wp-block-group__inner-container\">\n<p class=\"has-text-align-center\" style=\"font-size:15px\"><\/p>\n<\/div><\/div>\n\n\n\n<p class=\"has-text-align-center has-white-color has-text-color\" style=\"font-size:15px\"> 19h45 aux Ursuline<\/p>\n\n\n\n<p class=\"has-text-align-center has-white-color has-text-color\" style=\"font-size:15px\">06 octobre \u00e0 19h45 aux Ursulines<\/p>","protected":false},"excerpt":{"rendered":"<p>2022 \/ 17\u2019 \/ Mandarin \/ VOSTF \/ Fiction-documentaire 2022 \/ 17\u2019 \/&nbsp;\u666e\u901a\u8bdd&nbsp;\/&nbsp;\u539f\u58f0\u6cd5\u8bed\u5b57\u5e55&nbsp;\/&nbsp;\u5267\u60c5\u3001\u7eaa\u5f55 \u00c9tudiant \u00e0 l\u2019\u00e9tranger, Xiao Jun rend visite \u00e0 ses grands-parents en Chine apr\u00e8s deux ans de s\u00e9paration. Alors que tout semble avoir \u00e9tonnamment chang\u00e9, Xiao Jun tente de se reconnecter avec la vie qui l&#8217;entoure et de terminer son devoir de photographie &hellip; <\/p>\n<p class=\"link-more\"><a href=\"https:\/\/www.allersretoursasso.fr\/zh\/coming-of-age-2024-before-leaving\/\" class=\"more-link\">\u7ee7\u7eed\u9605\u8bfb<span class=\"screen-reader-text\">\u201cComing of Age 2024  &#8211; Before Leaving\u201d<\/span><\/a><\/p>","protected":false},"author":17,"featured_media":0,"parent":0,"menu_order":0,"comment_status":"closed","ping_status":"closed","template":"","meta":{"footnotes":""},"_links":{"self":[{"href":"https:\/\/www.allersretoursasso.fr\/zh\/wp-json\/wp\/v2\/pages\/5059"}],"collection":[{"href":"https:\/\/www.allersretoursasso.fr\/zh\/wp-json\/wp\/v2\/pages"}],"about":[{"href":"https:\/\/www.allersretoursasso.fr\/zh\/wp-json\/wp\/v2\/types\/page"}],"author":[{"embeddable":true,"href":"https:\/\/www.allersretoursasso.fr\/zh\/wp-json\/wp\/v2\/users\/17"}],"replies":[{"embeddable":true,"href":"https:\/\/www.allersretoursasso.fr\/zh\/wp-json\/wp\/v2\/comments?post=5059"}],"version-history":[{"count":9,"href":"https:\/\/www.allersretoursasso.fr\/zh\/wp-json\/wp\/v2\/pages\/5059\/revisions"}],"predecessor-version":[{"id":5406,"href":"https:\/\/www.allersretoursasso.fr\/zh\/wp-json\/wp\/v2\/pages\/5059\/revisions\/5406"}],"wp:attachment":[{"href":"https:\/\/www.allersretoursasso.fr\/zh\/wp-json\/wp\/v2\/media?parent=5059"}],"curies":[{"name":"wp","href":"https:\/\/api.w.org\/{rel}","templated":true}]}}