{"id":5081,"date":"2024-08-17T11:26:22","date_gmt":"2024-08-17T09:26:22","guid":{"rendered":"https:\/\/www.allersretoursasso.fr\/?page_id=5081"},"modified":"2024-09-17T23:43:54","modified_gmt":"2024-09-17T21:43:54","slug":"coming-of-age-2024-hush-my-dear","status":"publish","type":"page","link":"https:\/\/www.allersretoursasso.fr\/zh\/coming-of-age-2024-hush-my-dear\/","title":{"rendered":"Coming of Age 2024  &#8211; Hush, My Dear"},"content":{"rendered":"<div id=\"fb-root\"><\/div>\n\n<div class=\"wp-block-media-text alignwide is-stacked-on-mobile\" style=\"grid-template-columns:41% auto\"><figure class=\"wp-block-media-text__media\"><img loading=\"lazy\" decoding=\"async\" width=\"702\" height=\"1024\" src=\"https:\/\/www.allersretoursasso.fr\/wp-content\/uploads\/2024\/08\/03-Hush-My-Dear-\u62e5\u62b1ENG-702x1024.jpg\" alt=\"\" class=\"wp-image-5089 size-full\" srcset=\"https:\/\/www.allersretoursasso.fr\/wp-content\/uploads\/2024\/08\/03-Hush-My-Dear-\u62e5\u62b1ENG-702x1024.jpg 702w, https:\/\/www.allersretoursasso.fr\/wp-content\/uploads\/2024\/08\/03-Hush-My-Dear-\u62e5\u62b1ENG-206x300.jpg 206w, https:\/\/www.allersretoursasso.fr\/wp-content\/uploads\/2024\/08\/03-Hush-My-Dear-\u62e5\u62b1ENG-768x1120.jpg 768w, https:\/\/www.allersretoursasso.fr\/wp-content\/uploads\/2024\/08\/03-Hush-My-Dear-\u62e5\u62b1ENG-1053x1536.jpg 1053w, https:\/\/www.allersretoursasso.fr\/wp-content\/uploads\/2024\/08\/03-Hush-My-Dear-\u62e5\u62b1ENG-1404x2048.jpg 1404w, https:\/\/www.allersretoursasso.fr\/wp-content\/uploads\/2024\/08\/03-Hush-My-Dear-\u62e5\u62b1ENG-8x12.jpg 8w, https:\/\/www.allersretoursasso.fr\/wp-content\/uploads\/2024\/08\/03-Hush-My-Dear-\u62e5\u62b1ENG-350x511.jpg 350w, https:\/\/www.allersretoursasso.fr\/wp-content\/uploads\/2024\/08\/03-Hush-My-Dear-\u62e5\u62b1ENG-scaled.jpg 1755w\" sizes=\"(max-width: 702px) 100vw, 702px\" \/><\/figure><div class=\"wp-block-media-text__content\">\n<div class=\"wp-block-group is-layout-flow wp-block-group-is-layout-flow\"><div class=\"wp-block-group__inner-container\">\n<div class=\"wp-block-group is-vertical is-layout-flex wp-container-core-group-layout-4 wp-block-group-is-layout-flex\">\n<div class=\"wp-block-group is-layout-flow wp-block-group-is-layout-flow\"><div class=\"wp-block-group__inner-container\">\n<div class=\"wp-block-group is-layout-flow wp-block-group-is-layout-flow\"><div class=\"wp-block-group__inner-container\">\n<div class=\"wp-block-group is-layout-flow wp-block-group-is-layout-flow\"><div class=\"wp-block-group__inner-container\">\n<p><\/p>\n\n\n\n<p style=\"font-size:30px;font-style:normal;font-weight:500\"><em><strong><strong>Hush, My Dear<\/strong><\/strong><\/em><\/p>\n\n\n\n<p style=\"font-size:30px;font-style:normal;font-weight:500\">\u62e5\u62b1<\/p>\n\n\n\n<p class=\"has-medium-font-size\">YANG Xiaoman <\/p>\n\n\n\n<p class=\"has-medium-font-size\">\u6768\u5c0f\u86ee<\/p>\n\n\n\n<p class=\"has-small-font-size\"><a href=\"https:\/\/www.allersretoursasso.fr\/zh\/coming-of-age-2024\/\" target=\"_blank\" rel=\"noreferrer noopener\">\u00c9dition : Coming of Age 2024<\/a><\/p>\n\n\n\n<p style=\"font-size:10px\"><\/p>\n<\/div><\/div>\n\n\n\n<p class=\"has-text-align-center\"><\/p>\n\n\n\n<p class=\"has-text-align-left\" style=\"font-size:15px\"><\/p>\n<\/div><\/div>\n<\/div><\/div>\n<\/div>\n<\/div><\/div>\n<\/div><\/div>\n\n\n\n<h2 class=\"wp-block-heading\"><\/h2>\n\n\n\n<p class=\"has-text-align-center has-small-font-size\"><em>2024 \/ 23\u2019 \/ Mandarin et dialecte de Sichuan \/ VOSTF \/ Fiction<\/em><\/p>\n\n\n\n<p class=\"has-text-align-center has-small-font-size\"><em>2024 \/ 23\u2019 \/&nbsp;\u666e\u901a\u8bdd\u548c\u56db\u5ddd\u65b9\u8a00 \/&nbsp;\u539f\u58f0\u6cd5\u8bed\u5b57\u5e55 \/&nbsp;\u5267\u60c5<\/em><\/p>\n\n\n\n<p class=\"has-text-align-left\" style=\"font-size:16px;line-height:1.5\">Alors qu\u2019elle est en pleine proc\u00e9dure de divorce, une m\u00e8re commet un acte qui pourrait lui faire perdre la garde de son fils.<\/p>\n\n\n\n<p>\u6b63\u5728\u529e\u7406\u79bb\u5a5a\u624b\u7eed\u7684\u5f90\u854a\uff0c\u4e00\u6b21\u5728\u5e7c\u513f\u56ed\u6d3b\u52a8\u4e2d\u5931\u624b\u6253\u4e86\u4e00\u4e2a\u6b3a\u8d1f\u5979\u513f\u5b50\u7684\u5c0f\u5b69\u3002\u4e8b\u4ef6\u50cf\u6d9f\u6f2a\u4e00\u6837\u4e0d\u65ad\u7684\u6269\u6563\uff0c\u5f90\u854a\u9762\u4e34\u5931\u53bb\u5bf9\u513f\u5b50\u76d1\u62a4\u6743\u7684\u5371\u673a\u3002<\/p>\n\n\n\n<p><mark style=\"background-color:rgba(0, 0, 0, 0)\" class=\"has-inline-color has-white-color\">000000<\/mark><\/p>\n\n\n\n<figure class=\"wp-block-gallery has-nested-images columns-default is-cropped wp-block-gallery-1 is-layout-flex wp-block-gallery-is-layout-flex\">\n<figure class=\"wp-block-image size-large\"><img loading=\"lazy\" decoding=\"async\" width=\"1024\" height=\"576\" data-id=\"5087\" src=\"https:\/\/www.allersretoursasso.fr\/wp-content\/uploads\/2024\/08\/03-Hush-My-Dear-\u62e5\u62b101-1024x576.png\" alt=\"\" class=\"wp-image-5087\" srcset=\"https:\/\/www.allersretoursasso.fr\/wp-content\/uploads\/2024\/08\/03-Hush-My-Dear-\u62e5\u62b101-1024x576.png 1024w, https:\/\/www.allersretoursasso.fr\/wp-content\/uploads\/2024\/08\/03-Hush-My-Dear-\u62e5\u62b101-300x169.png 300w, https:\/\/www.allersretoursasso.fr\/wp-content\/uploads\/2024\/08\/03-Hush-My-Dear-\u62e5\u62b101-768x432.png 768w, https:\/\/www.allersretoursasso.fr\/wp-content\/uploads\/2024\/08\/03-Hush-My-Dear-\u62e5\u62b101-1536x864.png 1536w, https:\/\/www.allersretoursasso.fr\/wp-content\/uploads\/2024\/08\/03-Hush-My-Dear-\u62e5\u62b101-18x10.png 18w, https:\/\/www.allersretoursasso.fr\/wp-content\/uploads\/2024\/08\/03-Hush-My-Dear-\u62e5\u62b101-350x197.png 350w, https:\/\/www.allersretoursasso.fr\/wp-content\/uploads\/2024\/08\/03-Hush-My-Dear-\u62e5\u62b101.png 2048w\" sizes=\"(max-width: 767px) 89vw, (max-width: 1000px) 54vw, (max-width: 1071px) 543px, 580px\" \/><\/figure>\n\n\n\n<figure class=\"wp-block-image size-large\"><img loading=\"lazy\" decoding=\"async\" width=\"1024\" height=\"576\" data-id=\"5086\" src=\"https:\/\/www.allersretoursasso.fr\/wp-content\/uploads\/2024\/08\/03-Hush-My-Dear-\u62e5\u62b104-1024x576.png\" alt=\"\" class=\"wp-image-5086\" srcset=\"https:\/\/www.allersretoursasso.fr\/wp-content\/uploads\/2024\/08\/03-Hush-My-Dear-\u62e5\u62b104-1024x576.png 1024w, https:\/\/www.allersretoursasso.fr\/wp-content\/uploads\/2024\/08\/03-Hush-My-Dear-\u62e5\u62b104-300x169.png 300w, https:\/\/www.allersretoursasso.fr\/wp-content\/uploads\/2024\/08\/03-Hush-My-Dear-\u62e5\u62b104-768x432.png 768w, https:\/\/www.allersretoursasso.fr\/wp-content\/uploads\/2024\/08\/03-Hush-My-Dear-\u62e5\u62b104-1536x864.png 1536w, https:\/\/www.allersretoursasso.fr\/wp-content\/uploads\/2024\/08\/03-Hush-My-Dear-\u62e5\u62b104-18x10.png 18w, https:\/\/www.allersretoursasso.fr\/wp-content\/uploads\/2024\/08\/03-Hush-My-Dear-\u62e5\u62b104-350x197.png 350w, https:\/\/www.allersretoursasso.fr\/wp-content\/uploads\/2024\/08\/03-Hush-My-Dear-\u62e5\u62b104.png 2048w\" sizes=\"(max-width: 767px) 89vw, (max-width: 1000px) 54vw, (max-width: 1071px) 543px, 580px\" \/><\/figure>\n\n\n\n<figure class=\"wp-block-image size-large\"><img loading=\"lazy\" decoding=\"async\" width=\"1024\" height=\"576\" data-id=\"5084\" src=\"https:\/\/www.allersretoursasso.fr\/wp-content\/uploads\/2024\/08\/03-Hush-My-Dear-\u62e5\u62b109-1024x576.png\" alt=\"\" class=\"wp-image-5084\" srcset=\"https:\/\/www.allersretoursasso.fr\/wp-content\/uploads\/2024\/08\/03-Hush-My-Dear-\u62e5\u62b109-1024x576.png 1024w, https:\/\/www.allersretoursasso.fr\/wp-content\/uploads\/2024\/08\/03-Hush-My-Dear-\u62e5\u62b109-300x169.png 300w, https:\/\/www.allersretoursasso.fr\/wp-content\/uploads\/2024\/08\/03-Hush-My-Dear-\u62e5\u62b109-768x432.png 768w, https:\/\/www.allersretoursasso.fr\/wp-content\/uploads\/2024\/08\/03-Hush-My-Dear-\u62e5\u62b109-1536x864.png 1536w, https:\/\/www.allersretoursasso.fr\/wp-content\/uploads\/2024\/08\/03-Hush-My-Dear-\u62e5\u62b109-18x10.png 18w, https:\/\/www.allersretoursasso.fr\/wp-content\/uploads\/2024\/08\/03-Hush-My-Dear-\u62e5\u62b109-350x197.png 350w, https:\/\/www.allersretoursasso.fr\/wp-content\/uploads\/2024\/08\/03-Hush-My-Dear-\u62e5\u62b109.png 2048w\" sizes=\"(max-width: 767px) 89vw, (max-width: 1000px) 54vw, (max-width: 1071px) 543px, 580px\" \/><\/figure>\n\n\n\n<figure class=\"wp-block-image size-large\"><img loading=\"lazy\" decoding=\"async\" width=\"1024\" height=\"576\" data-id=\"5085\" src=\"https:\/\/www.allersretoursasso.fr\/wp-content\/uploads\/2024\/08\/03-Hush-My-Dear-\u62e5\u62b106-1024x576.png\" alt=\"\" class=\"wp-image-5085\" srcset=\"https:\/\/www.allersretoursasso.fr\/wp-content\/uploads\/2024\/08\/03-Hush-My-Dear-\u62e5\u62b106-1024x576.png 1024w, https:\/\/www.allersretoursasso.fr\/wp-content\/uploads\/2024\/08\/03-Hush-My-Dear-\u62e5\u62b106-300x169.png 300w, https:\/\/www.allersretoursasso.fr\/wp-content\/uploads\/2024\/08\/03-Hush-My-Dear-\u62e5\u62b106-768x432.png 768w, https:\/\/www.allersretoursasso.fr\/wp-content\/uploads\/2024\/08\/03-Hush-My-Dear-\u62e5\u62b106-1536x864.png 1536w, https:\/\/www.allersretoursasso.fr\/wp-content\/uploads\/2024\/08\/03-Hush-My-Dear-\u62e5\u62b106-18x10.png 18w, https:\/\/www.allersretoursasso.fr\/wp-content\/uploads\/2024\/08\/03-Hush-My-Dear-\u62e5\u62b106-350x197.png 350w, https:\/\/www.allersretoursasso.fr\/wp-content\/uploads\/2024\/08\/03-Hush-My-Dear-\u62e5\u62b106.png 2048w\" sizes=\"(max-width: 767px) 89vw, (max-width: 1000px) 54vw, (max-width: 1071px) 543px, 580px\" \/><\/figure>\n\n\n\n<figure class=\"wp-block-image size-large\"><img loading=\"lazy\" decoding=\"async\" width=\"1024\" height=\"576\" data-id=\"5083\" src=\"https:\/\/www.allersretoursasso.fr\/wp-content\/uploads\/2024\/08\/03-Hush-My-Dear-\u62e5\u62b110-1024x576.png\" alt=\"\" class=\"wp-image-5083\" srcset=\"https:\/\/www.allersretoursasso.fr\/wp-content\/uploads\/2024\/08\/03-Hush-My-Dear-\u62e5\u62b110-1024x576.png 1024w, https:\/\/www.allersretoursasso.fr\/wp-content\/uploads\/2024\/08\/03-Hush-My-Dear-\u62e5\u62b110-300x169.png 300w, https:\/\/www.allersretoursasso.fr\/wp-content\/uploads\/2024\/08\/03-Hush-My-Dear-\u62e5\u62b110-768x432.png 768w, https:\/\/www.allersretoursasso.fr\/wp-content\/uploads\/2024\/08\/03-Hush-My-Dear-\u62e5\u62b110-1536x864.png 1536w, https:\/\/www.allersretoursasso.fr\/wp-content\/uploads\/2024\/08\/03-Hush-My-Dear-\u62e5\u62b110-18x10.png 18w, https:\/\/www.allersretoursasso.fr\/wp-content\/uploads\/2024\/08\/03-Hush-My-Dear-\u62e5\u62b110-350x197.png 350w, https:\/\/www.allersretoursasso.fr\/wp-content\/uploads\/2024\/08\/03-Hush-My-Dear-\u62e5\u62b110.png 2048w\" sizes=\"(max-width: 767px) 89vw, (max-width: 1000px) 54vw, (max-width: 1071px) 543px, 580px\" \/><\/figure>\n<\/figure>\n\n\n\n<div class=\"wp-block-group is-layout-constrained wp-block-group-is-layout-constrained\"><div class=\"wp-block-group__inner-container\">\n<div class=\"wp-block-columns is-layout-flex wp-container-core-columns-layout-1 wp-block-columns-is-layout-flex\">\n<div class=\"wp-block-column is-layout-flow wp-block-column-is-layout-flow\" style=\"flex-basis:100%\"><\/div>\n<\/div>\n<\/div><\/div>\n\n\n\n<figure class=\"wp-block-embed is-type-video is-provider-youtube wp-block-embed-youtube wp-embed-aspect-16-9 wp-has-aspect-ratio\"><div class=\"wp-block-embed__wrapper\">\n<iframe loading=\"lazy\" title=\"Hush, My Dear \u62e5\u62b1\" width=\"525\" height=\"295\" src=\"https:\/\/www.youtube.com\/embed\/esXRpR1zt30?list=PLJFZYepUmhVL92KkJ4jvQ-_BGo0HTbLpP\" frameborder=\"0\" allow=\"accelerometer; autoplay; clipboard-write; encrypted-media; gyroscope; picture-in-picture; web-share\" referrerpolicy=\"strict-origin-when-cross-origin\" allowfullscreen><\/iframe>\n<\/div><\/figure>\n\n\n\n<p><\/p>\n\n\n\n<div class=\"wp-block-columns is-layout-flex wp-container-core-columns-layout-2 wp-block-columns-is-layout-flex\">\n<div class=\"wp-block-column is-layout-flow wp-block-column-is-layout-flow\"><\/div>\n<\/div>\n\n\n\n<hr class=\"wp-block-separator has-alpha-channel-opacity\"\/>\n\n\n\n<div class=\"wp-block-columns is-layout-flex wp-container-core-columns-layout-3 wp-block-columns-is-layout-flex\">\n<div class=\"wp-block-column is-layout-flow wp-block-column-is-layout-flow\"><\/div>\n<\/div>\n\n\n\n<div class=\"wp-block-columns is-layout-flex wp-container-core-columns-layout-4 wp-block-columns-is-layout-flex\">\n<div class=\"wp-block-column is-layout-flow wp-block-column-is-layout-flow\" style=\"flex-basis:33.33%\">\n<figure class=\"wp-block-image size-full\"><img loading=\"lazy\" decoding=\"async\" width=\"2106\" height=\"2106\" src=\"https:\/\/www.allersretoursasso.fr\/wp-content\/uploads\/2024\/08\/03-YANG-Xiaoman\u6768\u5c0f\u86ee-edited.jpg\" alt=\"\" class=\"wp-image-5090\" srcset=\"https:\/\/www.allersretoursasso.fr\/wp-content\/uploads\/2024\/08\/03-YANG-Xiaoman\u6768\u5c0f\u86ee-edited.jpg 2106w, https:\/\/www.allersretoursasso.fr\/wp-content\/uploads\/2024\/08\/03-YANG-Xiaoman\u6768\u5c0f\u86ee-edited-300x300.jpg 300w, https:\/\/www.allersretoursasso.fr\/wp-content\/uploads\/2024\/08\/03-YANG-Xiaoman\u6768\u5c0f\u86ee-edited-1024x1024.jpg 1024w, https:\/\/www.allersretoursasso.fr\/wp-content\/uploads\/2024\/08\/03-YANG-Xiaoman\u6768\u5c0f\u86ee-edited-150x150.jpg 150w, https:\/\/www.allersretoursasso.fr\/wp-content\/uploads\/2024\/08\/03-YANG-Xiaoman\u6768\u5c0f\u86ee-edited-768x768.jpg 768w, https:\/\/www.allersretoursasso.fr\/wp-content\/uploads\/2024\/08\/03-YANG-Xiaoman\u6768\u5c0f\u86ee-edited-1536x1536.jpg 1536w, https:\/\/www.allersretoursasso.fr\/wp-content\/uploads\/2024\/08\/03-YANG-Xiaoman\u6768\u5c0f\u86ee-edited-2048x2048.jpg 2048w, https:\/\/www.allersretoursasso.fr\/wp-content\/uploads\/2024\/08\/03-YANG-Xiaoman\u6768\u5c0f\u86ee-edited-12x12.jpg 12w, https:\/\/www.allersretoursasso.fr\/wp-content\/uploads\/2024\/08\/03-YANG-Xiaoman\u6768\u5c0f\u86ee-edited-100x100.jpg 100w, https:\/\/www.allersretoursasso.fr\/wp-content\/uploads\/2024\/08\/03-YANG-Xiaoman\u6768\u5c0f\u86ee-edited-350x350.jpg 350w\" sizes=\"(max-width: 767px) 89vw, (max-width: 1000px) 54vw, (max-width: 1071px) 543px, 580px\" \/><\/figure>\n<\/div>\n\n\n\n<div class=\"wp-block-column is-layout-flow wp-block-column-is-layout-flow\" style=\"flex-basis:66.66%\">\n<p><strong>\u00c0 propos de <strong>YANG Xiaoman<\/strong><br>\/ \u5173\u4e8e\u6768\u5c0f\u86ee<\/strong><\/p>\n\n\n\n<p class=\"has-small-font-size\"><\/p>\n<\/div>\n<\/div>\n\n\n\n<p class=\"has-small-font-size\"><\/p>\n\n\n\n<p class=\"has-small-font-size\">Ancienne journaliste, dipl\u00f4m\u00e9e de la Beijing Film Academy en r\u00e9alisation, Yang Xiaoman&nbsp;se passionne pour les dilemmes moraux caus\u00e9s par les structures sociales et utilise les outils du thriller pour r\u00e9v\u00e9ler la face sombre de nos vies ordinaires<\/p>\n\n\n\n<p class=\"has-small-font-size\">\u6768\u5c0f\u86ee\uff0c\u5317\u4eac\u7535\u5f71\u5b66\u9662\u5bfc\u6f14\u7cfb\u7814\u7a76\u751f\u6bd5\u4e1a\uff0c\u524d\u65b0\u95fb\u5de5\u4f5c\u8005\uff0c\u4f5c\u54c1\u5927\u591a\u5173\u4e8e\u9053\u5fb7\u56f0\u5883\u4e0e\u662f\u975e\u4e4b\u95f4\u7684\u7070\u8272\u5730\u5e26\uff0c\u60f3\u8868\u8fbe\u4eba\u5728\u793e\u4f1a\u79e9\u5e8f\u4e2d\u60c5\u611f\u4e0e\u7406\u667a\u7684\u51b2\u7a81\uff0c\u4f46\u4e5f\u559c\u6b22\u5728\u6545\u4e8b\u4e2d\u52a0\u5165\u60ac\u7591\u6216\u60ca\u609a\u7684\u5143\u7d20,\u64c5\u957f\u53d1\u89c9\u548c\u5c55\u793a\u65e5\u5e38\u751f\u6d3b\u4e2d\u7684\u60ca\u5fc3\u52a8\u9b44\u3002<\/p>\n\n\n\n<p class=\"has-small-font-size\"><\/p>\n\n\n\n<p><\/p>\n\n\n\n<hr class=\"wp-block-separator has-alpha-channel-opacity is-style-wide\"\/>\n\n\n\n<div class=\"wp-block-columns is-layout-flex wp-container-core-columns-layout-5 wp-block-columns-is-layout-flex\">\n<div class=\"wp-block-column is-layout-flow wp-block-column-is-layout-flow\"><\/div>\n<\/div>\n\n\n\n<div class=\"wp-block-buttons is-content-justification-center is-layout-flex wp-container-core-buttons-layout-1 wp-block-buttons-is-layout-flex\">\n<div class=\"wp-block-button has-custom-width wp-block-button__width-75 has-custom-font-size is-style-outline\" style=\"font-size:16px\"><a class=\"wp-block-button__link has-black-color has-white-background-color has-text-color has-background wp-element-button\" href=\"https:\/\/www.billetweb.fr\/coa2024-allersretours\">\u8d2d\u7968\u94fe\u63a5<br>\u7ebf\u4e0a\u8d2d\u7968<\/a><\/div>\n<\/div>\n\n\n\n<p><\/p>\n\n\n\n<p class=\"has-text-align-center has-medium-font-size\"><strong><span style=\"text-decoration: underline;\">S\u00e9ance 02<\/span><\/strong><\/p>\n\n\n\n<div class=\"wp-block-columns is-layout-flex wp-container-core-columns-layout-6 wp-block-columns-is-layout-flex\">\n<div class=\"wp-block-column is-layout-flow wp-block-column-is-layout-flow\">\n<p class=\"has-text-align-center\"><strong>Vendredi 27 septembre \u00e0 19h45 au<\/strong> <strong>STUDIO DES URSULINES<\/strong><br>10 rue des Ursulines, 75005 Paris<\/p>\n<\/div>\n\n\n\n<div class=\"wp-block-column is-layout-flow wp-block-column-is-layout-flow\">\n<p class=\"has-text-align-center\"><strong>Samedi 28 septembre \u00e0 <strong>18h30<\/strong> \u4e8e<\/strong> <strong><strong><strong>CIN\u00c9MA<\/strong><\/strong> LUMI\u00c8RE FOURMI<\/strong><br>68 rue Pierre Corneille, 69003 Lyon<br><\/p>\n\n\n\n<p class=\"has-text-align-center\"><strong>Vendredi 04 octobre \u00e0 <strong>19h30<\/strong> \u4e8e<\/strong><br><strong><strong><strong>CIN\u00c9MA<\/strong><\/strong> LES ALIZ\u00c9S<\/strong><br>214 avenue Franklin Roosevelt, 69500 Bron<\/p>\n<\/div>\n<\/div>\n\n\n\n<div class=\"wp-block-cover is-light\" style=\"min-height:349px\"><span aria-hidden=\"true\" class=\"wp-block-cover__background has-white-background-color has-background-dim\"><\/span><div class=\"wp-block-cover__inner-container is-layout-flow wp-block-cover-is-layout-flow\">\n<div class=\"wp-block-group is-layout-flow wp-block-group-is-layout-flow\"><div class=\"wp-block-group__inner-container\">\n<figure class=\"wp-block-image size-large\"><img loading=\"lazy\" decoding=\"async\" width=\"1024\" height=\"341\" src=\"https:\/\/www.allersretoursasso.fr\/wp-content\/uploads\/2024\/09\/Twitter-1024x341.png\" alt=\"\" class=\"wp-image-5396\" srcset=\"https:\/\/www.allersretoursasso.fr\/wp-content\/uploads\/2024\/09\/Twitter-1024x341.png 1024w, https:\/\/www.allersretoursasso.fr\/wp-content\/uploads\/2024\/09\/Twitter-300x100.png 300w, https:\/\/www.allersretoursasso.fr\/wp-content\/uploads\/2024\/09\/Twitter-768x256.png 768w, https:\/\/www.allersretoursasso.fr\/wp-content\/uploads\/2024\/09\/Twitter-1536x512.png 1536w, https:\/\/www.allersretoursasso.fr\/wp-content\/uploads\/2024\/09\/Twitter-2048x683.png 2048w, https:\/\/www.allersretoursasso.fr\/wp-content\/uploads\/2024\/09\/Twitter-18x6.png 18w, https:\/\/www.allersretoursasso.fr\/wp-content\/uploads\/2024\/09\/Twitter-350x117.png 350w\" sizes=\"(max-width: 767px) 89vw, (max-width: 1000px) 54vw, (max-width: 1071px) 543px, 580px\" \/><\/figure>\n<\/div><\/div>\n<\/div><\/div>\n\n\n\n<div class=\"wp-block-group is-layout-flow wp-block-group-is-layout-flow\"><div class=\"wp-block-group__inner-container\">\n<p class=\"has-text-align-center\" style=\"font-size:15px\"><\/p>\n<\/div><\/div>\n\n\n\n<p class=\"has-text-align-center has-white-color has-text-color\" style=\"font-size:15px\"> 19h45 aux Ursuline<\/p>\n\n\n\n<p class=\"has-text-align-center has-white-color has-text-color\" style=\"font-size:15px\">06 octobre \u00e0 19h45 aux Ursulines<\/p>","protected":false},"excerpt":{"rendered":"<p>2024 \/ 23\u2019 \/ Mandarin et dialecte de Sichuan \/ VOSTF \/ Fiction 2024 \/ 23\u2019 \/&nbsp;\u666e\u901a\u8bdd\u548c\u56db\u5ddd\u65b9\u8a00 \/&nbsp;\u539f\u58f0\u6cd5\u8bed\u5b57\u5e55 \/&nbsp;\u5267\u60c5 Alors qu\u2019elle est en pleine proc\u00e9dure de divorce, une m\u00e8re commet un acte qui pourrait lui faire perdre la garde de son fils. \u6b63\u5728\u529e\u7406\u79bb\u5a5a\u624b\u7eed\u7684\u5f90\u854a\uff0c\u4e00\u6b21\u5728\u5e7c\u513f\u56ed\u6d3b\u52a8\u4e2d\u5931\u624b\u6253\u4e86\u4e00\u4e2a\u6b3a\u8d1f\u5979\u513f\u5b50\u7684\u5c0f\u5b69\u3002\u4e8b\u4ef6\u50cf\u6d9f\u6f2a\u4e00\u6837\u4e0d\u65ad\u7684\u6269\u6563\uff0c\u5f90\u854a\u9762\u4e34\u5931\u53bb\u5bf9\u513f\u5b50\u76d1\u62a4\u6743\u7684\u5371\u673a\u3002 000000 \u00c0 propos de YANG Xiaoman\/ \u5173\u4e8e\u6768\u5c0f\u86ee Ancienne journaliste, dipl\u00f4m\u00e9e de la &hellip; <\/p>\n<p class=\"link-more\"><a href=\"https:\/\/www.allersretoursasso.fr\/zh\/coming-of-age-2024-hush-my-dear\/\" class=\"more-link\">\u7ee7\u7eed\u9605\u8bfb<span class=\"screen-reader-text\">\u201cComing of Age 2024  &#8211; Hush, My Dear\u201d<\/span><\/a><\/p>","protected":false},"author":17,"featured_media":0,"parent":0,"menu_order":0,"comment_status":"closed","ping_status":"closed","template":"","meta":{"footnotes":""},"_links":{"self":[{"href":"https:\/\/www.allersretoursasso.fr\/zh\/wp-json\/wp\/v2\/pages\/5081"}],"collection":[{"href":"https:\/\/www.allersretoursasso.fr\/zh\/wp-json\/wp\/v2\/pages"}],"about":[{"href":"https:\/\/www.allersretoursasso.fr\/zh\/wp-json\/wp\/v2\/types\/page"}],"author":[{"embeddable":true,"href":"https:\/\/www.allersretoursasso.fr\/zh\/wp-json\/wp\/v2\/users\/17"}],"replies":[{"embeddable":true,"href":"https:\/\/www.allersretoursasso.fr\/zh\/wp-json\/wp\/v2\/comments?post=5081"}],"version-history":[{"count":5,"href":"https:\/\/www.allersretoursasso.fr\/zh\/wp-json\/wp\/v2\/pages\/5081\/revisions"}],"predecessor-version":[{"id":5403,"href":"https:\/\/www.allersretoursasso.fr\/zh\/wp-json\/wp\/v2\/pages\/5081\/revisions\/5403"}],"wp:attachment":[{"href":"https:\/\/www.allersretoursasso.fr\/zh\/wp-json\/wp\/v2\/media?parent=5081"}],"curies":[{"name":"wp","href":"https:\/\/api.w.org\/{rel}","templated":true}]}}